{"id":9247,"date":"2019-11-25T12:22:37","date_gmt":"2019-11-25T12:22:37","guid":{"rendered":"https:\/\/www.jormax.com\/produtos\/non%20class\u00e9\/kit-confort\/"},"modified":"2024-07-19T15:51:07","modified_gmt":"2024-07-19T14:51:07","slug":"kit-confort","status":"publish","type":"product","link":"https:\/\/jormax.com\/fr\/produto\/kit-confort\/","title":{"rendered":"KIT CONFORT"},"content":{"rendered":"","protected":false},"excerpt":{"rendered":"<p>Plateforme et arceau de s\u00e9curit\u00e9 pour les \u00e9chelles \u00e0 l&rsquo;appui. Ce kit comprend une plateforme de travail et un arc de s\u00e9curit\u00e9. C&rsquo;est un accessoire universel qui peut \u00eatre mont\u00e9 sur tout type d&rsquo;\u00e9chelle pour supporter le mur. Il offre s\u00e9curit\u00e9 et commodit\u00e9 pour effectuer des travaux \u00e0 haute altitude, en \u00e9liminant la fatigue ressentie lorsque vous tenez au sommet de l&rsquo;\u00e9chelle. Le travailleur se sent \u00e0 l&rsquo;aise, ce qui augmente sa productivit\u00e9. Il n&rsquo;est pas n\u00e9cessaire de d\u00e9monter le kit de confort pour ouvrir, fermer et transporter l&rsquo;\u00e9chelle. <\/p>\n<p>\u00a0<\/p>\n<p><strong>Plateforme de travail:<\/strong><br \/>\nPliable et en aluminium antid\u00e9rapant. Il se ferme et s&rsquo;ouvre avec le pied, ce qui facilite la mont\u00e9e et la chute des utilisateurs.<br \/>\n<strong>Dimensions de la plateforme:<\/strong> 25&#215;26 cm.<\/p>\n<p>\u00a0<\/p>\n<p><strong>Garde-corps de s\u00e9curit\u00e9:<\/strong><br \/>\nLe garde-corps ajustable est plac\u00e9 \u00e0 la taille de l&rsquo;utilisateur, offrant s\u00e9curit\u00e9 et confort \u00e0 l&rsquo;utilisateur.<\/p>\n","protected":false},"featured_media":10487,"template":"","meta":[],"product_brand":[],"product_cat":[3588,333],"product_tag":[],"class_list":{"0":"post-9247","1":"product","2":"type-product","3":"status-publish","4":"has-post-thumbnail","6":"product_cat-acessorios-fr","7":"product_cat-autres","9":"first","10":"instock","11":"shipping-taxable","12":"product-type-simple"},"yoast_head":"<!-- This site is optimized with the Yoast SEO plugin v24.5 - https:\/\/yoast.com\/wordpress\/plugins\/seo\/ -->\n<title>KIT CONFORT - Jormax - F\u00e1brica de Escadas e Escadotes<\/title>\n<meta name=\"robots\" content=\"index, follow, max-snippet:-1, max-image-preview:large, max-video-preview:-1\" \/>\n<link rel=\"canonical\" href=\"https:\/\/jormax.com\/fr\/produto\/kit-confort\/\" \/>\n<meta property=\"og:locale\" content=\"fr_FR\" \/>\n<meta property=\"og:type\" content=\"article\" \/>\n<meta property=\"og:title\" content=\"KIT CONFORT - Jormax - F\u00e1brica de Escadas e Escadotes\" \/>\n<meta property=\"og:description\" content=\"Plateforme et arceau de s\u00e9curit\u00e9 pour les \u00e9chelles \u00e0 l&#039;appui. Ce kit comprend une plateforme de travail et un arc de s\u00e9curit\u00e9. C&#039;est un accessoire universel qui peut \u00eatre mont\u00e9 sur tout type d&#039;\u00e9chelle pour supporter le mur. Il offre s\u00e9curit\u00e9 et commodit\u00e9 pour effectuer des travaux \u00e0 haute altitude, en \u00e9liminant la fatigue ressentie lorsque vous tenez au sommet de l&#039;\u00e9chelle. Le travailleur se sent \u00e0 l&#039;aise, ce qui augmente sa productivit\u00e9. Il n&#039;est pas n\u00e9cessaire de d\u00e9monter le kit de confort pour ouvrir, fermer et transporter l&#039;\u00e9chelle.   \u00a0  Plateforme de travail: Pliable et en aluminium antid\u00e9rapant. Il se ferme et s&#039;ouvre avec le pied, ce qui facilite la mont\u00e9e et la chute des utilisateurs.  Dimensions de la plateforme: 25x26 cm.  \u00a0  Garde-corps de s\u00e9curit\u00e9: Le garde-corps ajustable est plac\u00e9 \u00e0 la taille de l&#039;utilisateur, offrant s\u00e9curit\u00e9 et confort \u00e0 l&#039;utilisateur.\" \/>\n<meta property=\"og:url\" content=\"https:\/\/jormax.com\/fr\/produto\/kit-confort\/\" \/>\n<meta property=\"og:site_name\" content=\"Jormax - F\u00e1brica de Escadas e Escadotes\" \/>\n<meta property=\"article:publisher\" content=\"https:\/\/www.facebook.com\/jormaxportugal\/\" \/>\n<meta property=\"article:modified_time\" content=\"2024-07-19T14:51:07+00:00\" \/>\n<meta property=\"og:image\" content=\"https:\/\/jormax.com\/wp-content\/uploads\/2019\/11\/acessorio-kit-confort-jormax-2.jpg\" \/>\n\t<meta property=\"og:image:width\" content=\"900\" \/>\n\t<meta property=\"og:image:height\" content=\"900\" \/>\n\t<meta property=\"og:image:type\" content=\"image\/jpeg\" \/>\n<meta name=\"twitter:card\" content=\"summary_large_image\" \/>\n<script type=\"application\/ld+json\" class=\"yoast-schema-graph\">{\"@context\":\"https:\/\/schema.org\",\"@graph\":[{\"@type\":\"WebPage\",\"@id\":\"https:\/\/jormax.com\/fr\/produto\/kit-confort\/\",\"url\":\"https:\/\/jormax.com\/fr\/produto\/kit-confort\/\",\"name\":\"KIT CONFORT - Jormax - F\u00e1brica de Escadas e Escadotes\",\"isPartOf\":{\"@id\":\"https:\/\/jormax.com\/fr\/#website\"},\"primaryImageOfPage\":{\"@id\":\"https:\/\/jormax.com\/fr\/produto\/kit-confort\/#primaryimage\"},\"image\":{\"@id\":\"https:\/\/jormax.com\/fr\/produto\/kit-confort\/#primaryimage\"},\"thumbnailUrl\":\"https:\/\/jormax.com\/wp-content\/uploads\/2019\/11\/acessorio-kit-confort-jormax-2.jpg\",\"datePublished\":\"2019-11-25T12:22:37+00:00\",\"dateModified\":\"2024-07-19T14:51:07+00:00\",\"breadcrumb\":{\"@id\":\"https:\/\/jormax.com\/fr\/produto\/kit-confort\/#breadcrumb\"},\"inLanguage\":\"fr-FR\",\"potentialAction\":[{\"@type\":\"ReadAction\",\"target\":[\"https:\/\/jormax.com\/fr\/produto\/kit-confort\/\"]}]},{\"@type\":\"ImageObject\",\"inLanguage\":\"fr-FR\",\"@id\":\"https:\/\/jormax.com\/fr\/produto\/kit-confort\/#primaryimage\",\"url\":\"https:\/\/jormax.com\/wp-content\/uploads\/2019\/11\/acessorio-kit-confort-jormax-2.jpg\",\"contentUrl\":\"https:\/\/jormax.com\/wp-content\/uploads\/2019\/11\/acessorio-kit-confort-jormax-2.jpg\",\"width\":900,\"height\":900},{\"@type\":\"BreadcrumbList\",\"@id\":\"https:\/\/jormax.com\/fr\/produto\/kit-confort\/#breadcrumb\",\"itemListElement\":[{\"@type\":\"ListItem\",\"position\":1,\"name\":\"In\u00edcio\",\"item\":\"https:\/\/jormax.com\/fr\/\"},{\"@type\":\"ListItem\",\"position\":2,\"name\":\"Produ\u00edts\",\"item\":\"https:\/\/jormax.com\/fr\/produits\/\"},{\"@type\":\"ListItem\",\"position\":3,\"name\":\"KIT CONFORT\"}]},{\"@type\":\"WebSite\",\"@id\":\"https:\/\/jormax.com\/fr\/#website\",\"url\":\"https:\/\/jormax.com\/fr\/\",\"name\":\"Jormax - F\u00e1brica de Escadas e Escadotes\",\"description\":\"Fabricante de escadas, escadotes, andaimes, plataformas e solu\u00e7\u00f5es \u00e0 medida em alum\u00ednio e fibra de vidro certificados. F\u00e1brica com sede em Portugal.\",\"publisher\":{\"@id\":\"https:\/\/jormax.com\/fr\/#organization\"},\"potentialAction\":[{\"@type\":\"SearchAction\",\"target\":{\"@type\":\"EntryPoint\",\"urlTemplate\":\"https:\/\/jormax.com\/fr\/?s={search_term_string}\"},\"query-input\":{\"@type\":\"PropertyValueSpecification\",\"valueRequired\":true,\"valueName\":\"search_term_string\"}}],\"inLanguage\":\"fr-FR\"},{\"@type\":\"Organization\",\"@id\":\"https:\/\/jormax.com\/fr\/#organization\",\"name\":\"Jormax - Fabricant d' \u00c9chelles, Escabeau et \u00c9chafaudages\",\"url\":\"https:\/\/jormax.com\/fr\/\",\"logo\":{\"@type\":\"ImageObject\",\"inLanguage\":\"fr-FR\",\"@id\":\"https:\/\/jormax.com\/fr\/#\/schema\/logo\/image\/\",\"url\":\"http:\/\/jormax.com\/wp-content\/uploads\/2019\/12\/logotipo-jormax-cor-stickymenu.png\",\"contentUrl\":\"http:\/\/jormax.com\/wp-content\/uploads\/2019\/12\/logotipo-jormax-cor-stickymenu.png\",\"width\":235,\"height\":59,\"caption\":\"Jormax - Fabricant d' \u00c9chelles, Escabeau et \u00c9chafaudages\"},\"image\":{\"@id\":\"https:\/\/jormax.com\/fr\/#\/schema\/logo\/image\/\"},\"sameAs\":[\"https:\/\/www.facebook.com\/jormaxportugal\/\"]}]}<\/script>\n<!-- \/ Yoast SEO plugin. -->","yoast_head_json":{"title":"KIT CONFORT - Jormax - F\u00e1brica de Escadas e Escadotes","robots":{"index":"index","follow":"follow","max-snippet":"max-snippet:-1","max-image-preview":"max-image-preview:large","max-video-preview":"max-video-preview:-1"},"canonical":"https:\/\/jormax.com\/fr\/produto\/kit-confort\/","og_locale":"fr_FR","og_type":"article","og_title":"KIT CONFORT - Jormax - F\u00e1brica de Escadas e Escadotes","og_description":"Plateforme et arceau de s\u00e9curit\u00e9 pour les \u00e9chelles \u00e0 l'appui. Ce kit comprend une plateforme de travail et un arc de s\u00e9curit\u00e9. C'est un accessoire universel qui peut \u00eatre mont\u00e9 sur tout type d'\u00e9chelle pour supporter le mur. Il offre s\u00e9curit\u00e9 et commodit\u00e9 pour effectuer des travaux \u00e0 haute altitude, en \u00e9liminant la fatigue ressentie lorsque vous tenez au sommet de l'\u00e9chelle. Le travailleur se sent \u00e0 l'aise, ce qui augmente sa productivit\u00e9. Il n'est pas n\u00e9cessaire de d\u00e9monter le kit de confort pour ouvrir, fermer et transporter l'\u00e9chelle.   \u00a0  Plateforme de travail: Pliable et en aluminium antid\u00e9rapant. Il se ferme et s'ouvre avec le pied, ce qui facilite la mont\u00e9e et la chute des utilisateurs.  Dimensions de la plateforme: 25x26 cm.  \u00a0  Garde-corps de s\u00e9curit\u00e9: Le garde-corps ajustable est plac\u00e9 \u00e0 la taille de l'utilisateur, offrant s\u00e9curit\u00e9 et confort \u00e0 l'utilisateur.","og_url":"https:\/\/jormax.com\/fr\/produto\/kit-confort\/","og_site_name":"Jormax - F\u00e1brica de Escadas e Escadotes","article_publisher":"https:\/\/www.facebook.com\/jormaxportugal\/","article_modified_time":"2024-07-19T14:51:07+00:00","og_image":[{"width":900,"height":900,"url":"https:\/\/jormax.com\/wp-content\/uploads\/2019\/11\/acessorio-kit-confort-jormax-2.jpg","type":"image\/jpeg"}],"twitter_card":"summary_large_image","schema":{"@context":"https:\/\/schema.org","@graph":[{"@type":"WebPage","@id":"https:\/\/jormax.com\/fr\/produto\/kit-confort\/","url":"https:\/\/jormax.com\/fr\/produto\/kit-confort\/","name":"KIT CONFORT - Jormax - F\u00e1brica de Escadas e Escadotes","isPartOf":{"@id":"https:\/\/jormax.com\/fr\/#website"},"primaryImageOfPage":{"@id":"https:\/\/jormax.com\/fr\/produto\/kit-confort\/#primaryimage"},"image":{"@id":"https:\/\/jormax.com\/fr\/produto\/kit-confort\/#primaryimage"},"thumbnailUrl":"https:\/\/jormax.com\/wp-content\/uploads\/2019\/11\/acessorio-kit-confort-jormax-2.jpg","datePublished":"2019-11-25T12:22:37+00:00","dateModified":"2024-07-19T14:51:07+00:00","breadcrumb":{"@id":"https:\/\/jormax.com\/fr\/produto\/kit-confort\/#breadcrumb"},"inLanguage":"fr-FR","potentialAction":[{"@type":"ReadAction","target":["https:\/\/jormax.com\/fr\/produto\/kit-confort\/"]}]},{"@type":"ImageObject","inLanguage":"fr-FR","@id":"https:\/\/jormax.com\/fr\/produto\/kit-confort\/#primaryimage","url":"https:\/\/jormax.com\/wp-content\/uploads\/2019\/11\/acessorio-kit-confort-jormax-2.jpg","contentUrl":"https:\/\/jormax.com\/wp-content\/uploads\/2019\/11\/acessorio-kit-confort-jormax-2.jpg","width":900,"height":900},{"@type":"BreadcrumbList","@id":"https:\/\/jormax.com\/fr\/produto\/kit-confort\/#breadcrumb","itemListElement":[{"@type":"ListItem","position":1,"name":"In\u00edcio","item":"https:\/\/jormax.com\/fr\/"},{"@type":"ListItem","position":2,"name":"Produ\u00edts","item":"https:\/\/jormax.com\/fr\/produits\/"},{"@type":"ListItem","position":3,"name":"KIT CONFORT"}]},{"@type":"WebSite","@id":"https:\/\/jormax.com\/fr\/#website","url":"https:\/\/jormax.com\/fr\/","name":"Jormax - F\u00e1brica de Escadas e Escadotes","description":"Fabricante de escadas, escadotes, andaimes, plataformas e solu\u00e7\u00f5es \u00e0 medida em alum\u00ednio e fibra de vidro certificados. F\u00e1brica com sede em Portugal.","publisher":{"@id":"https:\/\/jormax.com\/fr\/#organization"},"potentialAction":[{"@type":"SearchAction","target":{"@type":"EntryPoint","urlTemplate":"https:\/\/jormax.com\/fr\/?s={search_term_string}"},"query-input":{"@type":"PropertyValueSpecification","valueRequired":true,"valueName":"search_term_string"}}],"inLanguage":"fr-FR"},{"@type":"Organization","@id":"https:\/\/jormax.com\/fr\/#organization","name":"Jormax - Fabricant d' \u00c9chelles, Escabeau et \u00c9chafaudages","url":"https:\/\/jormax.com\/fr\/","logo":{"@type":"ImageObject","inLanguage":"fr-FR","@id":"https:\/\/jormax.com\/fr\/#\/schema\/logo\/image\/","url":"http:\/\/jormax.com\/wp-content\/uploads\/2019\/12\/logotipo-jormax-cor-stickymenu.png","contentUrl":"http:\/\/jormax.com\/wp-content\/uploads\/2019\/12\/logotipo-jormax-cor-stickymenu.png","width":235,"height":59,"caption":"Jormax - Fabricant d' \u00c9chelles, Escabeau et \u00c9chafaudages"},"image":{"@id":"https:\/\/jormax.com\/fr\/#\/schema\/logo\/image\/"},"sameAs":["https:\/\/www.facebook.com\/jormaxportugal\/"]}]}},"_links":{"self":[{"href":"https:\/\/jormax.com\/fr\/wp-json\/wp\/v2\/product\/9247","targetHints":{"allow":["GET"]}}],"collection":[{"href":"https:\/\/jormax.com\/fr\/wp-json\/wp\/v2\/product"}],"about":[{"href":"https:\/\/jormax.com\/fr\/wp-json\/wp\/v2\/types\/product"}],"wp:featuredmedia":[{"embeddable":true,"href":"https:\/\/jormax.com\/fr\/wp-json\/wp\/v2\/media\/10487"}],"wp:attachment":[{"href":"https:\/\/jormax.com\/fr\/wp-json\/wp\/v2\/media?parent=9247"}],"wp:term":[{"taxonomy":"product_brand","embeddable":true,"href":"https:\/\/jormax.com\/fr\/wp-json\/wp\/v2\/product_brand?post=9247"},{"taxonomy":"product_cat","embeddable":true,"href":"https:\/\/jormax.com\/fr\/wp-json\/wp\/v2\/product_cat?post=9247"},{"taxonomy":"product_tag","embeddable":true,"href":"https:\/\/jormax.com\/fr\/wp-json\/wp\/v2\/product_tag?post=9247"}],"curies":[{"name":"wp","href":"https:\/\/api.w.org\/{rel}","templated":true}]}}