{"id":9234,"date":"2019-11-25T12:11:50","date_gmt":"2019-11-25T12:11:50","guid":{"rendered":"https:\/\/www.jormax.com\/produtos\/non%20class\u00e9\/kit-main-courante\/"},"modified":"2024-07-19T15:45:21","modified_gmt":"2024-07-19T14:45:21","slug":"kit-main-courante","status":"publish","type":"product","link":"https:\/\/jormax.com\/fr\/produto\/kit-main-courante\/","title":{"rendered":"KIT MAIN COURANTE"},"content":{"rendered":"","protected":false},"excerpt":{"rendered":"<p>Ils permettent une mont\u00e9e plus confortable et plus s\u00fbre sur n\u2019importe quelle \u00e9chelle. Accessoire universel applicable \u00e0 tout type d&rsquo;\u00e9chelle. Fabriqu\u00e9s en aluminium tubulaire, ils sont boulonn\u00e9s aux montants. Disponibles en deux longueurs, elles permettent \u00e0 l&rsquo;op\u00e9rateur de monter confortablement, offrant confort et s\u00e9curit\u00e9. Pour les longues \u00e9chelles, il est conseill\u00e9 de mont\u00e9 des mains courantes plus grandes. Il est possible de demander l\u2019\u00e9chelle avec les mains courantes d\u00e9j\u00e0 install\u00e9es (demander un devis).<br \/>\nMain courante de s\u00e9curit\u00e9 en aluminium.<\/p>\n<p>\u00a0<\/p>\n<p>Barras 1 m | REF: 10700<br \/>\nBarras 2 m | REF: 10701<\/p>\n","protected":false},"featured_media":10469,"template":"","meta":[],"product_brand":[],"product_cat":[3588,333],"product_tag":[],"class_list":{"0":"post-9234","1":"product","2":"type-product","3":"status-publish","4":"has-post-thumbnail","6":"product_cat-acessorios-fr","7":"product_cat-autres","9":"first","10":"instock","11":"shipping-taxable","12":"product-type-simple"},"yoast_head":"<!-- This site is optimized with the Yoast SEO plugin v24.5 - https:\/\/yoast.com\/wordpress\/plugins\/seo\/ -->\n<title>KIT MAIN COURANTE - Jormax - F\u00e1brica de Escadas e Escadotes<\/title>\n<meta name=\"robots\" content=\"index, follow, max-snippet:-1, max-image-preview:large, max-video-preview:-1\" \/>\n<link rel=\"canonical\" href=\"https:\/\/jormax.com\/fr\/produto\/kit-main-courante\/\" \/>\n<meta property=\"og:locale\" content=\"fr_FR\" \/>\n<meta property=\"og:type\" content=\"article\" \/>\n<meta property=\"og:title\" content=\"KIT MAIN COURANTE - Jormax - F\u00e1brica de Escadas e Escadotes\" \/>\n<meta property=\"og:description\" content=\"Ils permettent une mont\u00e9e plus confortable et plus s\u00fbre sur n\u2019importe quelle \u00e9chelle. Accessoire universel applicable \u00e0 tout type d&#039;\u00e9chelle. Fabriqu\u00e9s en aluminium tubulaire, ils sont boulonn\u00e9s aux montants. Disponibles en deux longueurs, elles permettent \u00e0 l&#039;op\u00e9rateur de monter confortablement, offrant confort et s\u00e9curit\u00e9. Pour les longues \u00e9chelles, il est conseill\u00e9 de mont\u00e9 des mains courantes plus grandes. Il est possible de demander l\u2019\u00e9chelle avec les mains courantes d\u00e9j\u00e0 install\u00e9es (demander un devis). Main courante de s\u00e9curit\u00e9 en aluminium.  \u00a0  Barras 1 m | REF: 10700 Barras 2 m | REF: 10701\" \/>\n<meta property=\"og:url\" content=\"https:\/\/jormax.com\/fr\/produto\/kit-main-courante\/\" \/>\n<meta property=\"og:site_name\" content=\"Jormax - F\u00e1brica de Escadas e Escadotes\" \/>\n<meta property=\"article:publisher\" content=\"https:\/\/www.facebook.com\/jormaxportugal\/\" \/>\n<meta property=\"article:modified_time\" content=\"2024-07-19T14:45:21+00:00\" \/>\n<meta property=\"og:image\" content=\"https:\/\/jormax.com\/wp-content\/uploads\/2019\/11\/acessorio-kit-corrimao-jormax.jpg\" \/>\n\t<meta property=\"og:image:width\" content=\"900\" \/>\n\t<meta property=\"og:image:height\" content=\"900\" \/>\n\t<meta property=\"og:image:type\" content=\"image\/jpeg\" \/>\n<meta name=\"twitter:card\" content=\"summary_large_image\" \/>\n<script type=\"application\/ld+json\" class=\"yoast-schema-graph\">{\"@context\":\"https:\/\/schema.org\",\"@graph\":[{\"@type\":\"WebPage\",\"@id\":\"https:\/\/jormax.com\/fr\/produto\/kit-main-courante\/\",\"url\":\"https:\/\/jormax.com\/fr\/produto\/kit-main-courante\/\",\"name\":\"KIT MAIN COURANTE - Jormax - F\u00e1brica de Escadas e Escadotes\",\"isPartOf\":{\"@id\":\"https:\/\/jormax.com\/fr\/#website\"},\"primaryImageOfPage\":{\"@id\":\"https:\/\/jormax.com\/fr\/produto\/kit-main-courante\/#primaryimage\"},\"image\":{\"@id\":\"https:\/\/jormax.com\/fr\/produto\/kit-main-courante\/#primaryimage\"},\"thumbnailUrl\":\"https:\/\/jormax.com\/wp-content\/uploads\/2019\/11\/acessorio-kit-corrimao-jormax.jpg\",\"datePublished\":\"2019-11-25T12:11:50+00:00\",\"dateModified\":\"2024-07-19T14:45:21+00:00\",\"breadcrumb\":{\"@id\":\"https:\/\/jormax.com\/fr\/produto\/kit-main-courante\/#breadcrumb\"},\"inLanguage\":\"fr-FR\",\"potentialAction\":[{\"@type\":\"ReadAction\",\"target\":[\"https:\/\/jormax.com\/fr\/produto\/kit-main-courante\/\"]}]},{\"@type\":\"ImageObject\",\"inLanguage\":\"fr-FR\",\"@id\":\"https:\/\/jormax.com\/fr\/produto\/kit-main-courante\/#primaryimage\",\"url\":\"https:\/\/jormax.com\/wp-content\/uploads\/2019\/11\/acessorio-kit-corrimao-jormax.jpg\",\"contentUrl\":\"https:\/\/jormax.com\/wp-content\/uploads\/2019\/11\/acessorio-kit-corrimao-jormax.jpg\",\"width\":900,\"height\":900},{\"@type\":\"BreadcrumbList\",\"@id\":\"https:\/\/jormax.com\/fr\/produto\/kit-main-courante\/#breadcrumb\",\"itemListElement\":[{\"@type\":\"ListItem\",\"position\":1,\"name\":\"In\u00edcio\",\"item\":\"https:\/\/jormax.com\/fr\/\"},{\"@type\":\"ListItem\",\"position\":2,\"name\":\"Produ\u00edts\",\"item\":\"https:\/\/jormax.com\/fr\/produits\/\"},{\"@type\":\"ListItem\",\"position\":3,\"name\":\"KIT MAIN COURANTE\"}]},{\"@type\":\"WebSite\",\"@id\":\"https:\/\/jormax.com\/fr\/#website\",\"url\":\"https:\/\/jormax.com\/fr\/\",\"name\":\"Jormax - F\u00e1brica de Escadas e Escadotes\",\"description\":\"Fabricante de escadas, escadotes, andaimes, plataformas e solu\u00e7\u00f5es \u00e0 medida em alum\u00ednio e fibra de vidro certificados. F\u00e1brica com sede em Portugal.\",\"publisher\":{\"@id\":\"https:\/\/jormax.com\/fr\/#organization\"},\"potentialAction\":[{\"@type\":\"SearchAction\",\"target\":{\"@type\":\"EntryPoint\",\"urlTemplate\":\"https:\/\/jormax.com\/fr\/?s={search_term_string}\"},\"query-input\":{\"@type\":\"PropertyValueSpecification\",\"valueRequired\":true,\"valueName\":\"search_term_string\"}}],\"inLanguage\":\"fr-FR\"},{\"@type\":\"Organization\",\"@id\":\"https:\/\/jormax.com\/fr\/#organization\",\"name\":\"Jormax - Fabricant d' \u00c9chelles, Escabeau et \u00c9chafaudages\",\"url\":\"https:\/\/jormax.com\/fr\/\",\"logo\":{\"@type\":\"ImageObject\",\"inLanguage\":\"fr-FR\",\"@id\":\"https:\/\/jormax.com\/fr\/#\/schema\/logo\/image\/\",\"url\":\"http:\/\/jormax.com\/wp-content\/uploads\/2019\/12\/logotipo-jormax-cor-stickymenu.png\",\"contentUrl\":\"http:\/\/jormax.com\/wp-content\/uploads\/2019\/12\/logotipo-jormax-cor-stickymenu.png\",\"width\":235,\"height\":59,\"caption\":\"Jormax - Fabricant d' \u00c9chelles, Escabeau et \u00c9chafaudages\"},\"image\":{\"@id\":\"https:\/\/jormax.com\/fr\/#\/schema\/logo\/image\/\"},\"sameAs\":[\"https:\/\/www.facebook.com\/jormaxportugal\/\"]}]}<\/script>\n<!-- \/ Yoast SEO plugin. -->","yoast_head_json":{"title":"KIT MAIN COURANTE - Jormax - F\u00e1brica de Escadas e Escadotes","robots":{"index":"index","follow":"follow","max-snippet":"max-snippet:-1","max-image-preview":"max-image-preview:large","max-video-preview":"max-video-preview:-1"},"canonical":"https:\/\/jormax.com\/fr\/produto\/kit-main-courante\/","og_locale":"fr_FR","og_type":"article","og_title":"KIT MAIN COURANTE - Jormax - F\u00e1brica de Escadas e Escadotes","og_description":"Ils permettent une mont\u00e9e plus confortable et plus s\u00fbre sur n\u2019importe quelle \u00e9chelle. Accessoire universel applicable \u00e0 tout type d'\u00e9chelle. Fabriqu\u00e9s en aluminium tubulaire, ils sont boulonn\u00e9s aux montants. Disponibles en deux longueurs, elles permettent \u00e0 l'op\u00e9rateur de monter confortablement, offrant confort et s\u00e9curit\u00e9. Pour les longues \u00e9chelles, il est conseill\u00e9 de mont\u00e9 des mains courantes plus grandes. Il est possible de demander l\u2019\u00e9chelle avec les mains courantes d\u00e9j\u00e0 install\u00e9es (demander un devis). Main courante de s\u00e9curit\u00e9 en aluminium.  \u00a0  Barras 1 m | REF: 10700 Barras 2 m | REF: 10701","og_url":"https:\/\/jormax.com\/fr\/produto\/kit-main-courante\/","og_site_name":"Jormax - F\u00e1brica de Escadas e Escadotes","article_publisher":"https:\/\/www.facebook.com\/jormaxportugal\/","article_modified_time":"2024-07-19T14:45:21+00:00","og_image":[{"width":900,"height":900,"url":"https:\/\/jormax.com\/wp-content\/uploads\/2019\/11\/acessorio-kit-corrimao-jormax.jpg","type":"image\/jpeg"}],"twitter_card":"summary_large_image","schema":{"@context":"https:\/\/schema.org","@graph":[{"@type":"WebPage","@id":"https:\/\/jormax.com\/fr\/produto\/kit-main-courante\/","url":"https:\/\/jormax.com\/fr\/produto\/kit-main-courante\/","name":"KIT MAIN COURANTE - Jormax - F\u00e1brica de Escadas e Escadotes","isPartOf":{"@id":"https:\/\/jormax.com\/fr\/#website"},"primaryImageOfPage":{"@id":"https:\/\/jormax.com\/fr\/produto\/kit-main-courante\/#primaryimage"},"image":{"@id":"https:\/\/jormax.com\/fr\/produto\/kit-main-courante\/#primaryimage"},"thumbnailUrl":"https:\/\/jormax.com\/wp-content\/uploads\/2019\/11\/acessorio-kit-corrimao-jormax.jpg","datePublished":"2019-11-25T12:11:50+00:00","dateModified":"2024-07-19T14:45:21+00:00","breadcrumb":{"@id":"https:\/\/jormax.com\/fr\/produto\/kit-main-courante\/#breadcrumb"},"inLanguage":"fr-FR","potentialAction":[{"@type":"ReadAction","target":["https:\/\/jormax.com\/fr\/produto\/kit-main-courante\/"]}]},{"@type":"ImageObject","inLanguage":"fr-FR","@id":"https:\/\/jormax.com\/fr\/produto\/kit-main-courante\/#primaryimage","url":"https:\/\/jormax.com\/wp-content\/uploads\/2019\/11\/acessorio-kit-corrimao-jormax.jpg","contentUrl":"https:\/\/jormax.com\/wp-content\/uploads\/2019\/11\/acessorio-kit-corrimao-jormax.jpg","width":900,"height":900},{"@type":"BreadcrumbList","@id":"https:\/\/jormax.com\/fr\/produto\/kit-main-courante\/#breadcrumb","itemListElement":[{"@type":"ListItem","position":1,"name":"In\u00edcio","item":"https:\/\/jormax.com\/fr\/"},{"@type":"ListItem","position":2,"name":"Produ\u00edts","item":"https:\/\/jormax.com\/fr\/produits\/"},{"@type":"ListItem","position":3,"name":"KIT MAIN COURANTE"}]},{"@type":"WebSite","@id":"https:\/\/jormax.com\/fr\/#website","url":"https:\/\/jormax.com\/fr\/","name":"Jormax - F\u00e1brica de Escadas e Escadotes","description":"Fabricante de escadas, escadotes, andaimes, plataformas e solu\u00e7\u00f5es \u00e0 medida em alum\u00ednio e fibra de vidro certificados. F\u00e1brica com sede em Portugal.","publisher":{"@id":"https:\/\/jormax.com\/fr\/#organization"},"potentialAction":[{"@type":"SearchAction","target":{"@type":"EntryPoint","urlTemplate":"https:\/\/jormax.com\/fr\/?s={search_term_string}"},"query-input":{"@type":"PropertyValueSpecification","valueRequired":true,"valueName":"search_term_string"}}],"inLanguage":"fr-FR"},{"@type":"Organization","@id":"https:\/\/jormax.com\/fr\/#organization","name":"Jormax - Fabricant d' \u00c9chelles, Escabeau et \u00c9chafaudages","url":"https:\/\/jormax.com\/fr\/","logo":{"@type":"ImageObject","inLanguage":"fr-FR","@id":"https:\/\/jormax.com\/fr\/#\/schema\/logo\/image\/","url":"http:\/\/jormax.com\/wp-content\/uploads\/2019\/12\/logotipo-jormax-cor-stickymenu.png","contentUrl":"http:\/\/jormax.com\/wp-content\/uploads\/2019\/12\/logotipo-jormax-cor-stickymenu.png","width":235,"height":59,"caption":"Jormax - Fabricant d' \u00c9chelles, Escabeau et \u00c9chafaudages"},"image":{"@id":"https:\/\/jormax.com\/fr\/#\/schema\/logo\/image\/"},"sameAs":["https:\/\/www.facebook.com\/jormaxportugal\/"]}]}},"_links":{"self":[{"href":"https:\/\/jormax.com\/fr\/wp-json\/wp\/v2\/product\/9234","targetHints":{"allow":["GET"]}}],"collection":[{"href":"https:\/\/jormax.com\/fr\/wp-json\/wp\/v2\/product"}],"about":[{"href":"https:\/\/jormax.com\/fr\/wp-json\/wp\/v2\/types\/product"}],"wp:featuredmedia":[{"embeddable":true,"href":"https:\/\/jormax.com\/fr\/wp-json\/wp\/v2\/media\/10469"}],"wp:attachment":[{"href":"https:\/\/jormax.com\/fr\/wp-json\/wp\/v2\/media?parent=9234"}],"wp:term":[{"taxonomy":"product_brand","embeddable":true,"href":"https:\/\/jormax.com\/fr\/wp-json\/wp\/v2\/product_brand?post=9234"},{"taxonomy":"product_cat","embeddable":true,"href":"https:\/\/jormax.com\/fr\/wp-json\/wp\/v2\/product_cat?post=9234"},{"taxonomy":"product_tag","embeddable":true,"href":"https:\/\/jormax.com\/fr\/wp-json\/wp\/v2\/product_tag?post=9234"}],"curies":[{"name":"wp","href":"https:\/\/api.w.org\/{rel}","templated":true}]}}