{"id":7199,"date":"2019-10-24T15:34:17","date_gmt":"2019-10-24T15:34:17","guid":{"rendered":"https:\/\/www.jormax.com\/produtos\/non%20class\u00e9\/guardas-modulares\/"},"modified":"2024-07-19T11:12:50","modified_gmt":"2024-07-19T10:12:50","slug":"guardas-modulares","status":"publish","type":"product","link":"https:\/\/jormax.com\/fr\/produto\/guardas-modulares\/","title":{"rendered":"GUARDAS MODULARES"},"content":{"rendered":"<p><br data-mce-bogus=\"1\"><\/p>\n","protected":false},"excerpt":{"rendered":"<p><strong>Con\u00e7u et fabriqu\u00e9 uniquement pour la protection et la s\u00e9curit\u00e9<br \/>\ndes personnes au travail.<\/strong><\/p>\n<p>\u00a0<\/p>\n<p>Guardas modulares, personnalis\u00e9es, con\u00e7ues pour les toits et les machines de protection des bords. Ils sont extr\u00eamement l\u00e9gers et abordables et sont utilis\u00e9s pour former les p\u00e9rim\u00e8tres de protection n\u00e9cessaires. Facile \u00e0 assembler, esth\u00e9tique, construction robuste et rigide. Guardas modulares de classe A (pour les toits avec des pentes allant jusqu&rsquo;\u00e0 10\u00b0 ou 18\u00b0). Un montage rapide permet d&rsquo;obtenir une protection antirouille confortable et l\u00e9g\u00e8re. Le toit est fix\u00e9 par l&rsquo;utilisateur. Chaque module est \u00e9quip\u00e9 de joints pour cr\u00e9er une continuit\u00e9 sur tout le toit. Le garde peut \u00e9galement \u00eatre \u00e9quip\u00e9 de courbes. Les syst\u00e8mes de gardes r\u00e9sistent aux charges statiques.<\/p>\n<p>\u00a0<\/p>\n<p><img decoding=\"async\" class=\"selos-produto\" src=\"http:\/\/jormax.com\/wp-content\/uploads\/2019\/10\/europa.jpg\" alt=\"NOME DOS SELOS (SUBSTITUIR)\" \/> <img decoding=\"async\" class=\"selos-produto\" src=\"http:\/\/jormax.com\/wp-content\/uploads\/2019\/11\/decret-50-2005.jpg\" alt=\"NOME DOS SELOS (SUBSTITUIR)\" \/> <img decoding=\"async\" class=\"selos-produto\" src=\"http:\/\/jormax.com\/wp-content\/uploads\/2019\/11\/norme-13374.jpg\" alt=\"NOME DOS SELOS (SUBSTITUIR)\" \/> <img decoding=\"async\" class=\"selos-produto\" src=\"http:\/\/jormax.com\/wp-content\/uploads\/2019\/11\/norme-14122-3.jpg\" alt=\"NOME DOS SELOS (SUBSTITUIR)\" \/> <img decoding=\"async\" class=\"selos-produto\" src=\"http:\/\/jormax.com\/wp-content\/uploads\/2019\/11\/garantie-10.jpg\" alt=\"NOME DOS SELOS (SUBSTITUIR)\" \/> <img decoding=\"async\" class=\"selos-produto\" src=\"http:\/\/jormax.com\/wp-content\/uploads\/2019\/11\/usage-professionnel.jpg\" alt=\"NOME DOS SELOS (SUBSTITUIR)\" \/> <img decoding=\"async\" class=\"selos-produto\" src=\"http:\/\/jormax.com\/wp-content\/uploads\/2019\/10\/peso-150.jpg\" alt=\"NOME DOS SELOS (SUBSTITUIR)\" \/><\/p>\n<p>\u00a0<\/p>\n","protected":false},"featured_media":20218,"template":"","meta":[],"product_brand":[],"product_cat":[308],"product_tag":[],"class_list":{"0":"post-7199","1":"product","2":"type-product","3":"status-publish","4":"has-post-thumbnail","6":"product_cat-gardes-connections-en-aluminium","8":"first","9":"instock","10":"shipping-taxable","11":"product-type-simple"},"yoast_head":"<!-- This site is optimized with the Yoast SEO plugin v24.5 - https:\/\/yoast.com\/wordpress\/plugins\/seo\/ -->\n<title>GUARDAS MODULARES - Jormax - F\u00e1brica de Escadas e Escadotes<\/title>\n<meta name=\"description\" content=\"Guardas modulares, personnalis\u00e9es, con\u00e7ues pour les toits et les machines de protection des bords. Ils sont extr\u00eamement l\u00e9gers et abordables et sont utilis\u00e9s pour former les p\u00e9rim\u00e8tres de protection n\u00e9cessaires. Facile \u00e0 assembler, esth\u00e9tique, construction robuste et rigide. Guardas modulares de classe A (pour les toits avec des pentes allant jusqu&#039;\u00e0 10\u00b0 ou 18\u00b0). Un montage rapide permet d&#039;obtenir une protection antirouille confortable et l\u00e9g\u00e8re. Le toit est fix\u00e9 par l&#039;utilisateur. Chaque module est \u00e9quip\u00e9 de joints pour cr\u00e9er une continuit\u00e9 sur tout le toit. Le garde peut \u00e9galement \u00eatre \u00e9quip\u00e9 de courbes. Les syst\u00e8mes de gardes r\u00e9sistent aux charges statiques.\" \/>\n<meta name=\"robots\" content=\"index, follow, max-snippet:-1, max-image-preview:large, max-video-preview:-1\" \/>\n<link rel=\"canonical\" href=\"https:\/\/jormax.com\/fr\/produto\/guardas-modulares\/\" \/>\n<meta property=\"og:locale\" content=\"fr_FR\" \/>\n<meta property=\"og:type\" content=\"article\" \/>\n<meta property=\"og:title\" content=\"GUARDAS MODULARES - Jormax - F\u00e1brica de Escadas e Escadotes\" \/>\n<meta property=\"og:description\" content=\"Guardas modulares, personnalis\u00e9es, con\u00e7ues pour les toits et les machines de protection des bords. Ils sont extr\u00eamement l\u00e9gers et abordables et sont utilis\u00e9s pour former les p\u00e9rim\u00e8tres de protection n\u00e9cessaires. Facile \u00e0 assembler, esth\u00e9tique, construction robuste et rigide. Guardas modulares de classe A (pour les toits avec des pentes allant jusqu&#039;\u00e0 10\u00b0 ou 18\u00b0). Un montage rapide permet d&#039;obtenir une protection antirouille confortable et l\u00e9g\u00e8re. Le toit est fix\u00e9 par l&#039;utilisateur. Chaque module est \u00e9quip\u00e9 de joints pour cr\u00e9er une continuit\u00e9 sur tout le toit. Le garde peut \u00e9galement \u00eatre \u00e9quip\u00e9 de courbes. Les syst\u00e8mes de gardes r\u00e9sistent aux charges statiques.\" \/>\n<meta property=\"og:url\" content=\"https:\/\/jormax.com\/fr\/produto\/guardas-modulares\/\" \/>\n<meta property=\"og:site_name\" content=\"Jormax - F\u00e1brica de Escadas e Escadotes\" \/>\n<meta property=\"article:publisher\" content=\"https:\/\/www.facebook.com\/jormaxportugal\/\" \/>\n<meta property=\"article:modified_time\" content=\"2024-07-19T10:12:50+00:00\" \/>\n<meta property=\"og:image\" content=\"https:\/\/jormax.com\/wp-content\/uploads\/fixa\u00e7ao-ao-solo-permanente.png\" \/>\n\t<meta property=\"og:image:width\" content=\"900\" \/>\n\t<meta property=\"og:image:height\" content=\"900\" \/>\n\t<meta property=\"og:image:type\" content=\"image\/png\" \/>\n<meta name=\"twitter:card\" content=\"summary_large_image\" \/>\n<script type=\"application\/ld+json\" class=\"yoast-schema-graph\">{\"@context\":\"https:\/\/schema.org\",\"@graph\":[{\"@type\":\"WebPage\",\"@id\":\"https:\/\/jormax.com\/fr\/produto\/guardas-modulares\/\",\"url\":\"https:\/\/jormax.com\/fr\/produto\/guardas-modulares\/\",\"name\":\"GUARDAS MODULARES - Jormax - F\u00e1brica de Escadas e Escadotes\",\"isPartOf\":{\"@id\":\"https:\/\/jormax.com\/fr\/#website\"},\"primaryImageOfPage\":{\"@id\":\"https:\/\/jormax.com\/fr\/produto\/guardas-modulares\/#primaryimage\"},\"image\":{\"@id\":\"https:\/\/jormax.com\/fr\/produto\/guardas-modulares\/#primaryimage\"},\"thumbnailUrl\":\"https:\/\/jormax.com\/wp-content\/uploads\/fixa\u00e7ao-ao-solo-permanente.png\",\"datePublished\":\"2019-10-24T15:34:17+00:00\",\"dateModified\":\"2024-07-19T10:12:50+00:00\",\"description\":\"Guardas modulares, personnalis\u00e9es, con\u00e7ues pour les toits et les machines de protection des bords. Ils sont extr\u00eamement l\u00e9gers et abordables et sont utilis\u00e9s pour former les p\u00e9rim\u00e8tres de protection n\u00e9cessaires. Facile \u00e0 assembler, esth\u00e9tique, construction robuste et rigide. Guardas modulares de classe A (pour les toits avec des pentes allant jusqu'\u00e0 10\u00b0 ou 18\u00b0). Un montage rapide permet d'obtenir une protection antirouille confortable et l\u00e9g\u00e8re. Le toit est fix\u00e9 par l'utilisateur. Chaque module est \u00e9quip\u00e9 de joints pour cr\u00e9er une continuit\u00e9 sur tout le toit. Le garde peut \u00e9galement \u00eatre \u00e9quip\u00e9 de courbes. Les syst\u00e8mes de gardes r\u00e9sistent aux charges statiques.\",\"breadcrumb\":{\"@id\":\"https:\/\/jormax.com\/fr\/produto\/guardas-modulares\/#breadcrumb\"},\"inLanguage\":\"fr-FR\",\"potentialAction\":[{\"@type\":\"ReadAction\",\"target\":[\"https:\/\/jormax.com\/fr\/produto\/guardas-modulares\/\"]}]},{\"@type\":\"ImageObject\",\"inLanguage\":\"fr-FR\",\"@id\":\"https:\/\/jormax.com\/fr\/produto\/guardas-modulares\/#primaryimage\",\"url\":\"https:\/\/jormax.com\/wp-content\/uploads\/fixa\u00e7ao-ao-solo-permanente.png\",\"contentUrl\":\"https:\/\/jormax.com\/wp-content\/uploads\/fixa\u00e7ao-ao-solo-permanente.png\",\"width\":900,\"height\":900},{\"@type\":\"BreadcrumbList\",\"@id\":\"https:\/\/jormax.com\/fr\/produto\/guardas-modulares\/#breadcrumb\",\"itemListElement\":[{\"@type\":\"ListItem\",\"position\":1,\"name\":\"In\u00edcio\",\"item\":\"https:\/\/jormax.com\/fr\/\"},{\"@type\":\"ListItem\",\"position\":2,\"name\":\"Produtos\",\"item\":\"https:\/\/jormax.com\/produtos\/\"},{\"@type\":\"ListItem\",\"position\":3,\"name\":\"GUARDAS MODULARES\"}]},{\"@type\":\"WebSite\",\"@id\":\"https:\/\/jormax.com\/fr\/#website\",\"url\":\"https:\/\/jormax.com\/fr\/\",\"name\":\"Jormax - F\u00e1brica de Escadas e Escadotes\",\"description\":\"Fabricante de escadas, escadotes, andaimes, plataformas e solu\u00e7\u00f5es \u00e0 medida em alum\u00ednio e fibra de vidro certificados. F\u00e1brica com sede em Portugal.\",\"publisher\":{\"@id\":\"https:\/\/jormax.com\/fr\/#organization\"},\"potentialAction\":[{\"@type\":\"SearchAction\",\"target\":{\"@type\":\"EntryPoint\",\"urlTemplate\":\"https:\/\/jormax.com\/fr\/?s={search_term_string}\"},\"query-input\":{\"@type\":\"PropertyValueSpecification\",\"valueRequired\":true,\"valueName\":\"search_term_string\"}}],\"inLanguage\":\"fr-FR\"},{\"@type\":\"Organization\",\"@id\":\"https:\/\/jormax.com\/fr\/#organization\",\"name\":\"Jormax - Fabricant d' \u00c9chelles, Escabeau et \u00c9chafaudages\",\"url\":\"https:\/\/jormax.com\/fr\/\",\"logo\":{\"@type\":\"ImageObject\",\"inLanguage\":\"fr-FR\",\"@id\":\"https:\/\/jormax.com\/fr\/#\/schema\/logo\/image\/\",\"url\":\"http:\/\/jormax.com\/wp-content\/uploads\/2019\/12\/logotipo-jormax-cor-stickymenu.png\",\"contentUrl\":\"http:\/\/jormax.com\/wp-content\/uploads\/2019\/12\/logotipo-jormax-cor-stickymenu.png\",\"width\":235,\"height\":59,\"caption\":\"Jormax - Fabricant d' \u00c9chelles, Escabeau et \u00c9chafaudages\"},\"image\":{\"@id\":\"https:\/\/jormax.com\/fr\/#\/schema\/logo\/image\/\"},\"sameAs\":[\"https:\/\/www.facebook.com\/jormaxportugal\/\"]}]}<\/script>\n<!-- \/ Yoast SEO plugin. -->","yoast_head_json":{"title":"GUARDAS MODULARES - Jormax - F\u00e1brica de Escadas e Escadotes","description":"Guardas modulares, personnalis\u00e9es, con\u00e7ues pour les toits et les machines de protection des bords. Ils sont extr\u00eamement l\u00e9gers et abordables et sont utilis\u00e9s pour former les p\u00e9rim\u00e8tres de protection n\u00e9cessaires. Facile \u00e0 assembler, esth\u00e9tique, construction robuste et rigide. Guardas modulares de classe A (pour les toits avec des pentes allant jusqu'\u00e0 10\u00b0 ou 18\u00b0). Un montage rapide permet d'obtenir une protection antirouille confortable et l\u00e9g\u00e8re. Le toit est fix\u00e9 par l'utilisateur. Chaque module est \u00e9quip\u00e9 de joints pour cr\u00e9er une continuit\u00e9 sur tout le toit. Le garde peut \u00e9galement \u00eatre \u00e9quip\u00e9 de courbes. Les syst\u00e8mes de gardes r\u00e9sistent aux charges statiques.","robots":{"index":"index","follow":"follow","max-snippet":"max-snippet:-1","max-image-preview":"max-image-preview:large","max-video-preview":"max-video-preview:-1"},"canonical":"https:\/\/jormax.com\/fr\/produto\/guardas-modulares\/","og_locale":"fr_FR","og_type":"article","og_title":"GUARDAS MODULARES - Jormax - F\u00e1brica de Escadas e Escadotes","og_description":"Guardas modulares, personnalis\u00e9es, con\u00e7ues pour les toits et les machines de protection des bords. Ils sont extr\u00eamement l\u00e9gers et abordables et sont utilis\u00e9s pour former les p\u00e9rim\u00e8tres de protection n\u00e9cessaires. Facile \u00e0 assembler, esth\u00e9tique, construction robuste et rigide. Guardas modulares de classe A (pour les toits avec des pentes allant jusqu'\u00e0 10\u00b0 ou 18\u00b0). Un montage rapide permet d'obtenir une protection antirouille confortable et l\u00e9g\u00e8re. Le toit est fix\u00e9 par l'utilisateur. Chaque module est \u00e9quip\u00e9 de joints pour cr\u00e9er une continuit\u00e9 sur tout le toit. Le garde peut \u00e9galement \u00eatre \u00e9quip\u00e9 de courbes. Les syst\u00e8mes de gardes r\u00e9sistent aux charges statiques.","og_url":"https:\/\/jormax.com\/fr\/produto\/guardas-modulares\/","og_site_name":"Jormax - F\u00e1brica de Escadas e Escadotes","article_publisher":"https:\/\/www.facebook.com\/jormaxportugal\/","article_modified_time":"2024-07-19T10:12:50+00:00","og_image":[{"width":900,"height":900,"url":"https:\/\/jormax.com\/wp-content\/uploads\/fixa\u00e7ao-ao-solo-permanente.png","type":"image\/png"}],"twitter_card":"summary_large_image","schema":{"@context":"https:\/\/schema.org","@graph":[{"@type":"WebPage","@id":"https:\/\/jormax.com\/fr\/produto\/guardas-modulares\/","url":"https:\/\/jormax.com\/fr\/produto\/guardas-modulares\/","name":"GUARDAS MODULARES - Jormax - F\u00e1brica de Escadas e Escadotes","isPartOf":{"@id":"https:\/\/jormax.com\/fr\/#website"},"primaryImageOfPage":{"@id":"https:\/\/jormax.com\/fr\/produto\/guardas-modulares\/#primaryimage"},"image":{"@id":"https:\/\/jormax.com\/fr\/produto\/guardas-modulares\/#primaryimage"},"thumbnailUrl":"https:\/\/jormax.com\/wp-content\/uploads\/fixa\u00e7ao-ao-solo-permanente.png","datePublished":"2019-10-24T15:34:17+00:00","dateModified":"2024-07-19T10:12:50+00:00","description":"Guardas modulares, personnalis\u00e9es, con\u00e7ues pour les toits et les machines de protection des bords. Ils sont extr\u00eamement l\u00e9gers et abordables et sont utilis\u00e9s pour former les p\u00e9rim\u00e8tres de protection n\u00e9cessaires. Facile \u00e0 assembler, esth\u00e9tique, construction robuste et rigide. Guardas modulares de classe A (pour les toits avec des pentes allant jusqu'\u00e0 10\u00b0 ou 18\u00b0). Un montage rapide permet d'obtenir une protection antirouille confortable et l\u00e9g\u00e8re. Le toit est fix\u00e9 par l'utilisateur. Chaque module est \u00e9quip\u00e9 de joints pour cr\u00e9er une continuit\u00e9 sur tout le toit. Le garde peut \u00e9galement \u00eatre \u00e9quip\u00e9 de courbes. Les syst\u00e8mes de gardes r\u00e9sistent aux charges statiques.","breadcrumb":{"@id":"https:\/\/jormax.com\/fr\/produto\/guardas-modulares\/#breadcrumb"},"inLanguage":"fr-FR","potentialAction":[{"@type":"ReadAction","target":["https:\/\/jormax.com\/fr\/produto\/guardas-modulares\/"]}]},{"@type":"ImageObject","inLanguage":"fr-FR","@id":"https:\/\/jormax.com\/fr\/produto\/guardas-modulares\/#primaryimage","url":"https:\/\/jormax.com\/wp-content\/uploads\/fixa\u00e7ao-ao-solo-permanente.png","contentUrl":"https:\/\/jormax.com\/wp-content\/uploads\/fixa\u00e7ao-ao-solo-permanente.png","width":900,"height":900},{"@type":"BreadcrumbList","@id":"https:\/\/jormax.com\/fr\/produto\/guardas-modulares\/#breadcrumb","itemListElement":[{"@type":"ListItem","position":1,"name":"In\u00edcio","item":"https:\/\/jormax.com\/fr\/"},{"@type":"ListItem","position":2,"name":"Produtos","item":"https:\/\/jormax.com\/produtos\/"},{"@type":"ListItem","position":3,"name":"GUARDAS MODULARES"}]},{"@type":"WebSite","@id":"https:\/\/jormax.com\/fr\/#website","url":"https:\/\/jormax.com\/fr\/","name":"Jormax - F\u00e1brica de Escadas e Escadotes","description":"Fabricante de escadas, escadotes, andaimes, plataformas e solu\u00e7\u00f5es \u00e0 medida em alum\u00ednio e fibra de vidro certificados. F\u00e1brica com sede em Portugal.","publisher":{"@id":"https:\/\/jormax.com\/fr\/#organization"},"potentialAction":[{"@type":"SearchAction","target":{"@type":"EntryPoint","urlTemplate":"https:\/\/jormax.com\/fr\/?s={search_term_string}"},"query-input":{"@type":"PropertyValueSpecification","valueRequired":true,"valueName":"search_term_string"}}],"inLanguage":"fr-FR"},{"@type":"Organization","@id":"https:\/\/jormax.com\/fr\/#organization","name":"Jormax - Fabricant d' \u00c9chelles, Escabeau et \u00c9chafaudages","url":"https:\/\/jormax.com\/fr\/","logo":{"@type":"ImageObject","inLanguage":"fr-FR","@id":"https:\/\/jormax.com\/fr\/#\/schema\/logo\/image\/","url":"http:\/\/jormax.com\/wp-content\/uploads\/2019\/12\/logotipo-jormax-cor-stickymenu.png","contentUrl":"http:\/\/jormax.com\/wp-content\/uploads\/2019\/12\/logotipo-jormax-cor-stickymenu.png","width":235,"height":59,"caption":"Jormax - Fabricant d' \u00c9chelles, Escabeau et \u00c9chafaudages"},"image":{"@id":"https:\/\/jormax.com\/fr\/#\/schema\/logo\/image\/"},"sameAs":["https:\/\/www.facebook.com\/jormaxportugal\/"]}]}},"_links":{"self":[{"href":"https:\/\/jormax.com\/fr\/wp-json\/wp\/v2\/product\/7199","targetHints":{"allow":["GET"]}}],"collection":[{"href":"https:\/\/jormax.com\/fr\/wp-json\/wp\/v2\/product"}],"about":[{"href":"https:\/\/jormax.com\/fr\/wp-json\/wp\/v2\/types\/product"}],"wp:featuredmedia":[{"embeddable":true,"href":"https:\/\/jormax.com\/fr\/wp-json\/wp\/v2\/media\/20218"}],"wp:attachment":[{"href":"https:\/\/jormax.com\/fr\/wp-json\/wp\/v2\/media?parent=7199"}],"wp:term":[{"taxonomy":"product_brand","embeddable":true,"href":"https:\/\/jormax.com\/fr\/wp-json\/wp\/v2\/product_brand?post=7199"},{"taxonomy":"product_cat","embeddable":true,"href":"https:\/\/jormax.com\/fr\/wp-json\/wp\/v2\/product_cat?post=7199"},{"taxonomy":"product_tag","embeddable":true,"href":"https:\/\/jormax.com\/fr\/wp-json\/wp\/v2\/product_tag?post=7199"}],"curies":[{"name":"wp","href":"https:\/\/api.w.org\/{rel}","templated":true}]}}