{"id":7113,"date":"2019-10-24T10:08:36","date_gmt":"2019-10-24T10:08:36","guid":{"rendered":"https:\/\/www.jormax.com\/produtos\/non%20class\u00e9\/passa-tempo\/"},"modified":"2024-07-19T11:02:09","modified_gmt":"2024-07-19T10:02:09","slug":"passa-tempo","status":"publish","type":"product","link":"https:\/\/jormax.com\/fr\/produto\/passa-tempo\/","title":{"rendered":"PASSA-TEMPO"},"content":{"rendered":"","protected":false},"excerpt":{"rendered":"<p><strong>Passage pour tours temps de 3 m.<\/strong><\/p>\n<p>\u00a0<\/p>\n<p>\u00c9chafaudage compos\u00e9 de 2 tours temps et d&rsquo;un kit de passa-tempo contreplaqu\u00e9 standard de 3 m de longueur. Le kit Passa-Tempo permet de cr\u00e9er des zones de travail d\u2019une longueur maximale de 9 m. Pour la tour tempe S, il est uniquement possible de placer le passage dans le dernier \u00e9tage de travail. Dans la tour tempe L, il est possible de passer dans le dernier \u00e9tage et \u00e9galement dans les plateformes interm\u00e9diaires en raison de la marque de passage disponible uniquement pour le temps L.<\/p>\n<p>\u00a0<\/p>\n<p><img decoding=\"async\" class=\"selos-produto\" src=\"http:\/\/jormax.com\/wp-content\/uploads\/2019\/10\/europa.jpg\" alt=\"NOME DOS SELOS (SUBSTITUIR)\" \/> <img decoding=\"async\" class=\"selos-produto\" src=\"http:\/\/jormax.com\/wp-content\/uploads\/2019\/11\/decret-50-2005.jpg\" alt=\"NOME DOS SELOS (SUBSTITUIR)\" \/> <img decoding=\"async\" class=\"selos-produto\" src=\"http:\/\/jormax.com\/wp-content\/uploads\/2019\/11\/norme-1004.jpg\" alt=\"NOME DOS SELOS (SUBSTITUIR)\" \/> <img decoding=\"async\" class=\"selos-produto\" src=\"http:\/\/jormax.com\/wp-content\/uploads\/2019\/10\/norma-UN-EN.jpg\" alt=\"NOME DOS SELOS (SUBSTITUIR)\" \/> <img decoding=\"async\" class=\"selos-produto\" src=\"http:\/\/jormax.com\/wp-content\/uploads\/2019\/11\/garantie-5.jpg\" alt=\"NOME DOS SELOS (SUBSTITUIR)\" \/> <img decoding=\"async\" class=\"selos-produto\" src=\"http:\/\/jormax.com\/wp-content\/uploads\/2019\/11\/usage-professionnel.jpg\" alt=\"NOME DOS SELOS (SUBSTITUIR)\" \/> <img decoding=\"async\" class=\"selos-produto\" src=\"http:\/\/jormax.com\/wp-content\/uploads\/2019\/10\/peso-150.jpg\" alt=\"NOME DOS SELOS (SUBSTITUIR)\" \/><\/p>\n<p>\u00a0<\/p>\n","protected":false},"featured_media":7115,"template":"","meta":[],"product_brand":[],"product_cat":[252,257],"product_tag":[],"class_list":{"0":"post-7113","1":"product","2":"type-product","3":"status-publish","4":"has-post-thumbnail","6":"product_cat-echafaudage","7":"product_cat-andaimes-estruturais-fr","9":"first","10":"instock","11":"shipping-taxable","12":"product-type-simple"},"yoast_head":"<!-- This site is optimized with the Yoast SEO plugin v24.5 - https:\/\/yoast.com\/wordpress\/plugins\/seo\/ -->\n<title>PASSA-TEMPO - Jormax - F\u00e1brica de Escadas e Escadotes<\/title>\n<meta name=\"description\" content=\"\u00c9chafaudage compos\u00e9 de 2 tours temps et d&#039;un kit de passa-tempo contreplaqu\u00e9 standard de 3 m de longueur. Le kit Passa-Tempo permet de cr\u00e9er des zones de travail d\u2019une longueur maximale de 9 m. Pour la tour tempe S, il est uniquement possible de placer le passage dans le dernier \u00e9tage de travail. Dans la tour tempe L, il est possible de passer dans le dernier \u00e9tage et \u00e9galement dans les plateformes interm\u00e9diaires en raison de la marque de passage disponible uniquement pour le temps L.\" \/>\n<meta name=\"robots\" content=\"index, follow, max-snippet:-1, max-image-preview:large, max-video-preview:-1\" \/>\n<link rel=\"canonical\" href=\"https:\/\/jormax.com\/fr\/produto\/passa-tempo\/\" \/>\n<meta property=\"og:locale\" content=\"fr_FR\" \/>\n<meta property=\"og:type\" content=\"article\" \/>\n<meta property=\"og:title\" content=\"PASSA-TEMPO - Jormax - F\u00e1brica de Escadas e Escadotes\" \/>\n<meta property=\"og:description\" content=\"\u00c9chafaudage compos\u00e9 de 2 tours temps et d&#039;un kit de passa-tempo contreplaqu\u00e9 standard de 3 m de longueur. Le kit Passa-Tempo permet de cr\u00e9er des zones de travail d\u2019une longueur maximale de 9 m. Pour la tour tempe S, il est uniquement possible de placer le passage dans le dernier \u00e9tage de travail. Dans la tour tempe L, il est possible de passer dans le dernier \u00e9tage et \u00e9galement dans les plateformes interm\u00e9diaires en raison de la marque de passage disponible uniquement pour le temps L.\" \/>\n<meta property=\"og:url\" content=\"https:\/\/jormax.com\/fr\/produto\/passa-tempo\/\" \/>\n<meta property=\"og:site_name\" content=\"Jormax - F\u00e1brica de Escadas e Escadotes\" \/>\n<meta property=\"article:publisher\" content=\"https:\/\/www.facebook.com\/jormaxportugal\/\" \/>\n<meta property=\"article:modified_time\" content=\"2024-07-19T10:02:09+00:00\" \/>\n<meta property=\"og:image\" content=\"https:\/\/jormax.com\/wp-content\/uploads\/2019\/10\/torre-aluminio-passa-tempo-jormax-1.jpg\" \/>\n\t<meta property=\"og:image:width\" content=\"900\" \/>\n\t<meta property=\"og:image:height\" content=\"600\" \/>\n\t<meta property=\"og:image:type\" content=\"image\/jpeg\" \/>\n<meta name=\"twitter:card\" content=\"summary_large_image\" \/>\n<script type=\"application\/ld+json\" class=\"yoast-schema-graph\">{\"@context\":\"https:\/\/schema.org\",\"@graph\":[{\"@type\":\"WebPage\",\"@id\":\"https:\/\/jormax.com\/fr\/produto\/passa-tempo\/\",\"url\":\"https:\/\/jormax.com\/fr\/produto\/passa-tempo\/\",\"name\":\"PASSA-TEMPO - Jormax - F\u00e1brica de Escadas e Escadotes\",\"isPartOf\":{\"@id\":\"https:\/\/jormax.com\/fr\/#website\"},\"primaryImageOfPage\":{\"@id\":\"https:\/\/jormax.com\/fr\/produto\/passa-tempo\/#primaryimage\"},\"image\":{\"@id\":\"https:\/\/jormax.com\/fr\/produto\/passa-tempo\/#primaryimage\"},\"thumbnailUrl\":\"https:\/\/jormax.com\/wp-content\/uploads\/2019\/10\/torre-aluminio-passa-tempo-jormax-1.jpg\",\"datePublished\":\"2019-10-24T10:08:36+00:00\",\"dateModified\":\"2024-07-19T10:02:09+00:00\",\"description\":\"\u00c9chafaudage compos\u00e9 de 2 tours temps et d'un kit de passa-tempo contreplaqu\u00e9 standard de 3 m de longueur. Le kit Passa-Tempo permet de cr\u00e9er des zones de travail d\u2019une longueur maximale de 9 m. Pour la tour tempe S, il est uniquement possible de placer le passage dans le dernier \u00e9tage de travail. Dans la tour tempe L, il est possible de passer dans le dernier \u00e9tage et \u00e9galement dans les plateformes interm\u00e9diaires en raison de la marque de passage disponible uniquement pour le temps L.\",\"breadcrumb\":{\"@id\":\"https:\/\/jormax.com\/fr\/produto\/passa-tempo\/#breadcrumb\"},\"inLanguage\":\"fr-FR\",\"potentialAction\":[{\"@type\":\"ReadAction\",\"target\":[\"https:\/\/jormax.com\/fr\/produto\/passa-tempo\/\"]}]},{\"@type\":\"ImageObject\",\"inLanguage\":\"fr-FR\",\"@id\":\"https:\/\/jormax.com\/fr\/produto\/passa-tempo\/#primaryimage\",\"url\":\"https:\/\/jormax.com\/wp-content\/uploads\/2019\/10\/torre-aluminio-passa-tempo-jormax-1.jpg\",\"contentUrl\":\"https:\/\/jormax.com\/wp-content\/uploads\/2019\/10\/torre-aluminio-passa-tempo-jormax-1.jpg\",\"width\":900,\"height\":600},{\"@type\":\"BreadcrumbList\",\"@id\":\"https:\/\/jormax.com\/fr\/produto\/passa-tempo\/#breadcrumb\",\"itemListElement\":[{\"@type\":\"ListItem\",\"position\":1,\"name\":\"In\u00edcio\",\"item\":\"https:\/\/jormax.com\/fr\/\"},{\"@type\":\"ListItem\",\"position\":2,\"name\":\"Produ\u00edts\",\"item\":\"https:\/\/jormax.com\/fr\/produits\/\"},{\"@type\":\"ListItem\",\"position\":3,\"name\":\"PASSA-TEMPO\"}]},{\"@type\":\"WebSite\",\"@id\":\"https:\/\/jormax.com\/fr\/#website\",\"url\":\"https:\/\/jormax.com\/fr\/\",\"name\":\"Jormax - F\u00e1brica de Escadas e Escadotes\",\"description\":\"Fabricante de escadas, escadotes, andaimes, plataformas e solu\u00e7\u00f5es \u00e0 medida em alum\u00ednio e fibra de vidro certificados. F\u00e1brica com sede em Portugal.\",\"publisher\":{\"@id\":\"https:\/\/jormax.com\/fr\/#organization\"},\"potentialAction\":[{\"@type\":\"SearchAction\",\"target\":{\"@type\":\"EntryPoint\",\"urlTemplate\":\"https:\/\/jormax.com\/fr\/?s={search_term_string}\"},\"query-input\":{\"@type\":\"PropertyValueSpecification\",\"valueRequired\":true,\"valueName\":\"search_term_string\"}}],\"inLanguage\":\"fr-FR\"},{\"@type\":\"Organization\",\"@id\":\"https:\/\/jormax.com\/fr\/#organization\",\"name\":\"Jormax - Fabricant d' \u00c9chelles, Escabeau et \u00c9chafaudages\",\"url\":\"https:\/\/jormax.com\/fr\/\",\"logo\":{\"@type\":\"ImageObject\",\"inLanguage\":\"fr-FR\",\"@id\":\"https:\/\/jormax.com\/fr\/#\/schema\/logo\/image\/\",\"url\":\"http:\/\/jormax.com\/wp-content\/uploads\/2019\/12\/logotipo-jormax-cor-stickymenu.png\",\"contentUrl\":\"http:\/\/jormax.com\/wp-content\/uploads\/2019\/12\/logotipo-jormax-cor-stickymenu.png\",\"width\":235,\"height\":59,\"caption\":\"Jormax - Fabricant d' \u00c9chelles, Escabeau et \u00c9chafaudages\"},\"image\":{\"@id\":\"https:\/\/jormax.com\/fr\/#\/schema\/logo\/image\/\"},\"sameAs\":[\"https:\/\/www.facebook.com\/jormaxportugal\/\"]}]}<\/script>\n<!-- \/ Yoast SEO plugin. -->","yoast_head_json":{"title":"PASSA-TEMPO - Jormax - F\u00e1brica de Escadas e Escadotes","description":"\u00c9chafaudage compos\u00e9 de 2 tours temps et d'un kit de passa-tempo contreplaqu\u00e9 standard de 3 m de longueur. Le kit Passa-Tempo permet de cr\u00e9er des zones de travail d\u2019une longueur maximale de 9 m. Pour la tour tempe S, il est uniquement possible de placer le passage dans le dernier \u00e9tage de travail. Dans la tour tempe L, il est possible de passer dans le dernier \u00e9tage et \u00e9galement dans les plateformes interm\u00e9diaires en raison de la marque de passage disponible uniquement pour le temps L.","robots":{"index":"index","follow":"follow","max-snippet":"max-snippet:-1","max-image-preview":"max-image-preview:large","max-video-preview":"max-video-preview:-1"},"canonical":"https:\/\/jormax.com\/fr\/produto\/passa-tempo\/","og_locale":"fr_FR","og_type":"article","og_title":"PASSA-TEMPO - Jormax - F\u00e1brica de Escadas e Escadotes","og_description":"\u00c9chafaudage compos\u00e9 de 2 tours temps et d'un kit de passa-tempo contreplaqu\u00e9 standard de 3 m de longueur. Le kit Passa-Tempo permet de cr\u00e9er des zones de travail d\u2019une longueur maximale de 9 m. Pour la tour tempe S, il est uniquement possible de placer le passage dans le dernier \u00e9tage de travail. Dans la tour tempe L, il est possible de passer dans le dernier \u00e9tage et \u00e9galement dans les plateformes interm\u00e9diaires en raison de la marque de passage disponible uniquement pour le temps L.","og_url":"https:\/\/jormax.com\/fr\/produto\/passa-tempo\/","og_site_name":"Jormax - F\u00e1brica de Escadas e Escadotes","article_publisher":"https:\/\/www.facebook.com\/jormaxportugal\/","article_modified_time":"2024-07-19T10:02:09+00:00","og_image":[{"width":900,"height":600,"url":"https:\/\/jormax.com\/wp-content\/uploads\/2019\/10\/torre-aluminio-passa-tempo-jormax-1.jpg","type":"image\/jpeg"}],"twitter_card":"summary_large_image","schema":{"@context":"https:\/\/schema.org","@graph":[{"@type":"WebPage","@id":"https:\/\/jormax.com\/fr\/produto\/passa-tempo\/","url":"https:\/\/jormax.com\/fr\/produto\/passa-tempo\/","name":"PASSA-TEMPO - Jormax - F\u00e1brica de Escadas e Escadotes","isPartOf":{"@id":"https:\/\/jormax.com\/fr\/#website"},"primaryImageOfPage":{"@id":"https:\/\/jormax.com\/fr\/produto\/passa-tempo\/#primaryimage"},"image":{"@id":"https:\/\/jormax.com\/fr\/produto\/passa-tempo\/#primaryimage"},"thumbnailUrl":"https:\/\/jormax.com\/wp-content\/uploads\/2019\/10\/torre-aluminio-passa-tempo-jormax-1.jpg","datePublished":"2019-10-24T10:08:36+00:00","dateModified":"2024-07-19T10:02:09+00:00","description":"\u00c9chafaudage compos\u00e9 de 2 tours temps et d'un kit de passa-tempo contreplaqu\u00e9 standard de 3 m de longueur. Le kit Passa-Tempo permet de cr\u00e9er des zones de travail d\u2019une longueur maximale de 9 m. Pour la tour tempe S, il est uniquement possible de placer le passage dans le dernier \u00e9tage de travail. Dans la tour tempe L, il est possible de passer dans le dernier \u00e9tage et \u00e9galement dans les plateformes interm\u00e9diaires en raison de la marque de passage disponible uniquement pour le temps L.","breadcrumb":{"@id":"https:\/\/jormax.com\/fr\/produto\/passa-tempo\/#breadcrumb"},"inLanguage":"fr-FR","potentialAction":[{"@type":"ReadAction","target":["https:\/\/jormax.com\/fr\/produto\/passa-tempo\/"]}]},{"@type":"ImageObject","inLanguage":"fr-FR","@id":"https:\/\/jormax.com\/fr\/produto\/passa-tempo\/#primaryimage","url":"https:\/\/jormax.com\/wp-content\/uploads\/2019\/10\/torre-aluminio-passa-tempo-jormax-1.jpg","contentUrl":"https:\/\/jormax.com\/wp-content\/uploads\/2019\/10\/torre-aluminio-passa-tempo-jormax-1.jpg","width":900,"height":600},{"@type":"BreadcrumbList","@id":"https:\/\/jormax.com\/fr\/produto\/passa-tempo\/#breadcrumb","itemListElement":[{"@type":"ListItem","position":1,"name":"In\u00edcio","item":"https:\/\/jormax.com\/fr\/"},{"@type":"ListItem","position":2,"name":"Produ\u00edts","item":"https:\/\/jormax.com\/fr\/produits\/"},{"@type":"ListItem","position":3,"name":"PASSA-TEMPO"}]},{"@type":"WebSite","@id":"https:\/\/jormax.com\/fr\/#website","url":"https:\/\/jormax.com\/fr\/","name":"Jormax - F\u00e1brica de Escadas e Escadotes","description":"Fabricante de escadas, escadotes, andaimes, plataformas e solu\u00e7\u00f5es \u00e0 medida em alum\u00ednio e fibra de vidro certificados. F\u00e1brica com sede em Portugal.","publisher":{"@id":"https:\/\/jormax.com\/fr\/#organization"},"potentialAction":[{"@type":"SearchAction","target":{"@type":"EntryPoint","urlTemplate":"https:\/\/jormax.com\/fr\/?s={search_term_string}"},"query-input":{"@type":"PropertyValueSpecification","valueRequired":true,"valueName":"search_term_string"}}],"inLanguage":"fr-FR"},{"@type":"Organization","@id":"https:\/\/jormax.com\/fr\/#organization","name":"Jormax - Fabricant d' \u00c9chelles, Escabeau et \u00c9chafaudages","url":"https:\/\/jormax.com\/fr\/","logo":{"@type":"ImageObject","inLanguage":"fr-FR","@id":"https:\/\/jormax.com\/fr\/#\/schema\/logo\/image\/","url":"http:\/\/jormax.com\/wp-content\/uploads\/2019\/12\/logotipo-jormax-cor-stickymenu.png","contentUrl":"http:\/\/jormax.com\/wp-content\/uploads\/2019\/12\/logotipo-jormax-cor-stickymenu.png","width":235,"height":59,"caption":"Jormax - Fabricant d' \u00c9chelles, Escabeau et \u00c9chafaudages"},"image":{"@id":"https:\/\/jormax.com\/fr\/#\/schema\/logo\/image\/"},"sameAs":["https:\/\/www.facebook.com\/jormaxportugal\/"]}]}},"_links":{"self":[{"href":"https:\/\/jormax.com\/fr\/wp-json\/wp\/v2\/product\/7113","targetHints":{"allow":["GET"]}}],"collection":[{"href":"https:\/\/jormax.com\/fr\/wp-json\/wp\/v2\/product"}],"about":[{"href":"https:\/\/jormax.com\/fr\/wp-json\/wp\/v2\/types\/product"}],"wp:featuredmedia":[{"embeddable":true,"href":"https:\/\/jormax.com\/fr\/wp-json\/wp\/v2\/media\/7115"}],"wp:attachment":[{"href":"https:\/\/jormax.com\/fr\/wp-json\/wp\/v2\/media?parent=7113"}],"wp:term":[{"taxonomy":"product_brand","embeddable":true,"href":"https:\/\/jormax.com\/fr\/wp-json\/wp\/v2\/product_brand?post=7113"},{"taxonomy":"product_cat","embeddable":true,"href":"https:\/\/jormax.com\/fr\/wp-json\/wp\/v2\/product_cat?post=7113"},{"taxonomy":"product_tag","embeddable":true,"href":"https:\/\/jormax.com\/fr\/wp-json\/wp\/v2\/product_tag?post=7113"}],"curies":[{"name":"wp","href":"https:\/\/api.w.org\/{rel}","templated":true}]}}