{"id":7033,"date":"2019-10-15T13:53:54","date_gmt":"2019-10-15T13:53:54","guid":{"rendered":"https:\/\/www.jormax.com\/produtos\/non%20class\u00e9\/sotao\/"},"modified":"2024-07-17T11:18:22","modified_gmt":"2024-07-17T10:18:22","slug":"sotao","status":"publish","type":"product","link":"https:\/\/jormax.com\/fr\/produto\/sotao\/","title":{"rendered":"S\u00d3T\u00c3O"},"content":{"rendered":"<div class=\"wpb-content-wrapper\"><p>[vc_row full_width=\u00a0\u00bbstretch_row\u00a0\u00bb][vc_column][vc_column_text]<\/p>\n<p style=\"background: #FB383B; color: white; font-family: Exo !important; text-align: center; padding: 10px;\"><strong> S\u00d3T\u00c3O &#8211; \u00c9CHELLES EN M\u00c9TAL <\/strong><\/p>\n<p>[\/vc_column_text][vc_column_text]\t\t\t\t\t\t<div class=\"wpsm-comptable-wrap\">\n\t\t\t\t<table id=\"wpsm-table-155\" class=\"wpsm-comptable center-table-align\">\n\t\t\t\t\t\t\t\t\t<thead class=\"wpsm-thead wpsm-thead-default\">\n\t\t\t\t\t\t<tr>\t\t\t\t\t\t\t\n\t\t\t\t\t\t\t\t\t\t\t\t\t\t\t\t\t\t\t\t\t\t\t\t<th>REF<\/th>\n\t\t\t\t\t\t\t\t\t\n\t\t\t\t\t\t\t\t\n\t\t\t\t\t\t\t\t\t\t\t\t\t\t\t\t\t\t\t\t\t\t\t\t<th><strong>Mesures<br>m<\/strong><\/th>\n\t\t\t\t\t\t\t\t\t\n\t\t\t\t\t\t\t\t\n\t\t\t\t\t\t\t\t\t\t\t\t\t<\/tr>\n\t\t\t\t\t<\/thead>\n\t\t\t\t\t<tbody class=\"wpsm-tbody\">\n\t\t\t\t\t\t\t\t\t\t\t\t\t\t\t\t<tr>\t\t\t\t\t\t\t\t\t\t\t\t\t\t\t<td>\t\t\t\t\t\t\t\t\t\t\t\t\t\t\t\t\t\t\t\t\t\t\t\t\t\t10244\t\t\t\t\t\t\t\t\t\t\t\t\t\t\t\t<\/td>\n\t\t\t\t\t\t\t\t\t\t\t\t\t\t\t\t\t\t\t\t\t\t\t<td>\t\t\t\t\t\t\t\t\t\t\t\t\t\t\t\t\t\t\t\t\t\t\t\t\t\t0.50x0.70x3.00\t\t\t\t\t\t\t\t\t\t\t\t\t\t\t\t<\/td>\n\t\t\t\t\t\t\t\t\t\t\t\t\t\t\t\t\t\t\t\t\t<\/tr>\n\t\t\t\t\t\t\t\t\t\t\t\t\t\t\t\t<tr>\t\t\t\t\t\t\t\t\t\t\t\t\t\t\t<td>\t\t\t\t\t\t\t\t\t\t\t\t\t\t\t\t\t\t\t\t\t\t\t\t\t\t10245\t\t\t\t\t\t\t\t\t\t\t\t\t\t\t\t<\/td>\n\t\t\t\t\t\t\t\t\t\t\t\t\t\t\t\t\t\t\t\t\t\t\t<td>\t\t\t\t\t\t\t\t\t\t\t\t\t\t\t\t\t\t\t\t\t\t\t\t\t\t0.50x0.80x3.00\t\t\t\t\t\t\t\t\t\t\t\t\t\t\t\t<\/td>\n\t\t\t\t\t\t\t\t\t\t\t\t\t\t\t\t\t\t\t\t\t<\/tr>\n\t\t\t\t\t\t\t\t\t\t\t\t\t\t\t\t<tr>\t\t\t\t\t\t\t\t\t\t\t\t\t\t\t<td>\t\t\t\t\t\t\t\t\t\t\t\t\t\t\t\t\t\t\t\t\t\t\t\t\t\t10246\t\t\t\t\t\t\t\t\t\t\t\t\t\t\t\t<\/td>\n\t\t\t\t\t\t\t\t\t\t\t\t\t\t\t\t\t\t\t\t\t\t\t<td>\t\t\t\t\t\t\t\t\t\t\t\t\t\t\t\t\t\t\t\t\t\t\t\t\t\t0.50x0.90x3.00\t\t\t\t\t\t\t\t\t\t\t\t\t\t\t\t<\/td>\n\t\t\t\t\t\t\t\t\t\t\t\t\t\t\t\t\t\t\t\t\t<\/tr>\n\t\t\t\t\t\t\t\t\t\t\t\t\t\t\t\t<tr>\t\t\t\t\t\t\t\t\t\t\t\t\t\t\t<td>\t\t\t\t\t\t\t\t\t\t\t\t\t\t\t\t\t\t\t\t\t\t\t\t\t\t10247\t\t\t\t\t\t\t\t\t\t\t\t\t\t\t\t<\/td>\n\t\t\t\t\t\t\t\t\t\t\t\t\t\t\t\t\t\t\t\t\t\t\t<td>\t\t\t\t\t\t\t\t\t\t\t\t\t\t\t\t\t\t\t\t\t\t\t\t\t\t0.50x1.00x3.00\t\t\t\t\t\t\t\t\t\t\t\t\t\t\t\t<\/td>\n\t\t\t\t\t\t\t\t\t\t\t\t\t\t\t\t\t\t\t\t\t<\/tr>\n\t\t\t\t\t\t\t\t\t\t\t\t\t\t\t\t<tr>\t\t\t\t\t\t\t\t\t\t\t\t\t\t\t<td>\t\t\t\t\t\t\t\t\t\t\t\t\t\t\t\t\t\t\t\t\t\t\t\t\t\t10248\t\t\t\t\t\t\t\t\t\t\t\t\t\t\t\t<\/td>\n\t\t\t\t\t\t\t\t\t\t\t\t\t\t\t\t\t\t\t\t\t\t\t<td>\t\t\t\t\t\t\t\t\t\t\t\t\t\t\t\t\t\t\t\t\t\t\t\t\t\t0.60x0.80x3.00\t\t\t\t\t\t\t\t\t\t\t\t\t\t\t\t<\/td>\n\t\t\t\t\t\t\t\t\t\t\t\t\t\t\t\t\t\t\t\t\t<\/tr>\n\t\t\t\t\t\t\t\t\t\t\t\t\t\t\t\t<tr>\t\t\t\t\t\t\t\t\t\t\t\t\t\t\t<td>\t\t\t\t\t\t\t\t\t\t\t\t\t\t\t\t\t\t\t\t\t\t\t\t\t\t10249\t\t\t\t\t\t\t\t\t\t\t\t\t\t\t\t<\/td>\n\t\t\t\t\t\t\t\t\t\t\t\t\t\t\t\t\t\t\t\t\t\t\t<td>\t\t\t\t\t\t\t\t\t\t\t\t\t\t\t\t\t\t\t\t\t\t\t\t\t\t0.60x0.90x3.00\t\t\t\t\t\t\t\t\t\t\t\t\t\t\t\t<\/td>\n\t\t\t\t\t\t\t\t\t\t\t\t\t\t\t\t\t\t\t\t\t<\/tr>\n\t\t\t\t\t\t\t\t\t\t\t\t\t\t\t\t<tr>\t\t\t\t\t\t\t\t\t\t\t\t\t\t\t<td>\t\t\t\t\t\t\t\t\t\t\t\t\t\t\t\t\t\t\t\t\t\t\t\t\t\t10250\t\t\t\t\t\t\t\t\t\t\t\t\t\t\t\t<\/td>\n\t\t\t\t\t\t\t\t\t\t\t\t\t\t\t\t\t\t\t\t\t\t\t<td>\t\t\t\t\t\t\t\t\t\t\t\t\t\t\t\t\t\t\t\t\t\t\t\t\t\t0.60x1.00x3.00\t\t\t\t\t\t\t\t\t\t\t\t\t\t\t\t<\/td>\n\t\t\t\t\t\t\t\t\t\t\t\t\t\t\t\t\t\t\t\t\t<\/tr>\n\t\t\t\t\t\t\t\t\t\t\t\t\t\t\t\t<tr>\t\t\t\t\t\t\t\t\t\t\t\t\t\t\t<td>\t\t\t\t\t\t\t\t\t\t\t\t\t\t\t\t\t\t\t\t\t\t\t\t\t\t10251\t\t\t\t\t\t\t\t\t\t\t\t\t\t\t\t<\/td>\n\t\t\t\t\t\t\t\t\t\t\t\t\t\t\t\t\t\t\t\t\t\t\t<td>\t\t\t\t\t\t\t\t\t\t\t\t\t\t\t\t\t\t\t\t\t\t\t\t\t\t0.60x1.10x3.00\t\t\t\t\t\t\t\t\t\t\t\t\t\t\t\t<\/td>\n\t\t\t\t\t\t\t\t\t\t\t\t\t\t\t\t\t\t\t\t\t<\/tr>\n\t\t\t\t\t\t\t\t\t\t\t\t\t\t\t\t<tr>\t\t\t\t\t\t\t\t\t\t\t\t\t\t\t<td>\t\t\t\t\t\t\t\t\t\t\t\t\t\t\t\t\t\t\t\t\t\t\t\t\t\t10252\t\t\t\t\t\t\t\t\t\t\t\t\t\t\t\t<\/td>\n\t\t\t\t\t\t\t\t\t\t\t\t\t\t\t\t\t\t\t\t\t\t\t<td>\t\t\t\t\t\t\t\t\t\t\t\t\t\t\t\t\t\t\t\t\t\t\t\t\t\t0.60x1.20x3.00\t\t\t\t\t\t\t\t\t\t\t\t\t\t\t\t<\/td>\n\t\t\t\t\t\t\t\t\t\t\t\t\t\t\t\t\t\t\t\t\t<\/tr>\n\t\t\t\t\t\t\t\t\t\t\t\t\t\t\t\t<tr>\t\t\t\t\t\t\t\t\t\t\t\t\t\t\t<td>\t\t\t\t\t\t\t\t\t\t\t\t\t\t\t\t\t\t\t\t\t\t\t\t\t\t10253\t\t\t\t\t\t\t\t\t\t\t\t\t\t\t\t<\/td>\n\t\t\t\t\t\t\t\t\t\t\t\t\t\t\t\t\t\t\t\t\t\t\t<td>\t\t\t\t\t\t\t\t\t\t\t\t\t\t\t\t\t\t\t\t\t\t\t\t\t\t0.70x0.80x3.00\t\t\t\t\t\t\t\t\t\t\t\t\t\t\t\t<\/td>\n\t\t\t\t\t\t\t\t\t\t\t\t\t\t\t\t\t\t\t\t\t<\/tr>\n\t\t\t\t\t\t\t\t\t\t\t\t\t\t\t\t<tr>\t\t\t\t\t\t\t\t\t\t\t\t\t\t\t<td>\t\t\t\t\t\t\t\t\t\t\t\t\t\t\t\t\t\t\t\t\t\t\t\t\t\t10254\t\t\t\t\t\t\t\t\t\t\t\t\t\t\t\t<\/td>\n\t\t\t\t\t\t\t\t\t\t\t\t\t\t\t\t\t\t\t\t\t\t\t<td>\t\t\t\t\t\t\t\t\t\t\t\t\t\t\t\t\t\t\t\t\t\t\t\t\t\t0.70x1.00x3.00\t\t\t\t\t\t\t\t\t\t\t\t\t\t\t\t<\/td>\n\t\t\t\t\t\t\t\t\t\t\t\t\t\t\t\t\t\t\t\t\t<\/tr>\n\t\t\t\t\t\t\t\t\t\t<\/tbody>\n\t\t\t\t<\/table>\n\t\t\t<\/div>\n\t\t[\/vc_column_text][\/vc_column][\/vc_row]<\/p>\n<\/div>","protected":false},"excerpt":{"rendered":"<p><strong>\u00c9chelle de S\u00f3t\u00e3o en m\u00e9tal.<\/strong><\/p>\n<p>\u00a0<\/p>\n<p>Les \u00e9chelles des combles sont construits selon les normes de s\u00e9curit\u00e9. Ils peuvent \u00eatre ouverts et ferm\u00e9s tr\u00e8s facilement gr\u00e2ce au syst\u00e8me d&rsquo;ouverture\/fermeture extr\u00eamement confortable. Son installation est tr\u00e8s facile, 5 minutes. Pour installer l\u2019\u00e9chelle il est n\u00e9cessaire d\u2019entrer l\u2019\u00e9chelle dans le trou du plafond et de fixer au plafond avec 4 accessoires qui sont viss\u00e9s dans les vis qui prennent les 4 coins de l\u2019\u00e9chelle. La capacit\u00e9 de l&rsquo;\u00e9chelle est de 150 kg. \u00c9chelle en m\u00e9tal \u00e0 11 marches qui s&rsquo;ouvre par un soufflet, l&rsquo;\u00e9chelle est indiqu\u00e9e pour des plafonds de 2,70 m \u00e0 une hauteur maximale de 3,00 m. Pour l&rsquo;installation exclusivement \u00e0 l&rsquo;int\u00e9rieur des b\u00e2timents. Pour adapter l\u2019\u00e9chelle aux hauteurs les plus basses, il est n\u00e9cessaire de descendre des marches.<\/p>\n<p>\u00a0<\/p>\n<p><img decoding=\"async\" class=\"selos-produto\" src=\"http:\/\/jormax.com\/wp-content\/uploads\/2019\/10\/europa.jpg\" alt=\"NOME DOS SELOS (SUBSTITUIR)\" \/> <img decoding=\"async\" class=\"selos-produto\" src=\"http:\/\/jormax.com\/wp-content\/uploads\/2019\/11\/decret-50-2005.jpg\" alt=\"NOME DOS SELOS (SUBSTITUIR)\" \/> <img decoding=\"async\" class=\"selos-produto\" src=\"http:\/\/jormax.com\/wp-content\/uploads\/2019\/11\/norme-131.jpg\" alt=\"NOME DOS SELOS (SUBSTITUIR)\" \/> <img decoding=\"async\" class=\"selos-produto\" src=\"http:\/\/jormax.com\/wp-content\/uploads\/2019\/11\/garantie-1.jpg\" alt=\"NOME DOS SELOS (SUBSTITUIR)\" \/> <img decoding=\"async\" class=\"selos-produto\" src=\"http:\/\/jormax.com\/wp-content\/uploads\/2019\/11\/usage-domestique.jpg\" alt=\"NOME DOS SELOS (SUBSTITUIR)\" \/> <img decoding=\"async\" class=\"selos-produto\" src=\"http:\/\/jormax.com\/wp-content\/uploads\/2019\/10\/peso-150.jpg\" alt=\"NOME DOS SELOS (SUBSTITUIR)\" \/><\/p>\n<p>\u00a0<\/p>\n","protected":false},"featured_media":7034,"template":"","meta":[],"product_brand":[],"product_cat":[303,274],"product_tag":[],"class_list":{"0":"post-7033","1":"product","2":"type-product","3":"status-publish","4":"has-post-thumbnail","6":"product_cat-escaliers","7":"product_cat-escaliers-sotao","9":"first","10":"instock","11":"shipping-taxable","12":"product-type-simple"},"yoast_head":"<!-- This site is optimized with the Yoast SEO plugin v24.5 - https:\/\/yoast.com\/wordpress\/plugins\/seo\/ -->\n<title>S\u00d3T\u00c3O - Jormax - F\u00e1brica de Escadas e Escadotes<\/title>\n<meta name=\"description\" content=\"Les \u00e9chelles des combles sont construits selon les normes de s\u00e9curit\u00e9. Ils peuvent \u00eatre ouverts et ferm\u00e9s tr\u00e8s facilement gr\u00e2ce au syst\u00e8me d&#039;ouverture\/fermeture extr\u00eamement confortable. Son installation est tr\u00e8s facile, 5 minutes. Pour installer l\u2019\u00e9chelle il est n\u00e9cessaire d\u2019entrer l\u2019\u00e9chelle dans le trou du plafond et de fixer au plafond avec 4 accessoires qui sont viss\u00e9s dans les vis qui prennent les 4 coins de l\u2019\u00e9chelle. La capacit\u00e9 de l&#039;\u00e9chelle est de 150 kg. \u00c9chelle en m\u00e9tal \u00e0 11 marches qui s&#039;ouvre par un soufflet, l&#039;\u00e9chelle est indiqu\u00e9e pour des plafonds de 2,70 m \u00e0 une hauteur maximale de 3,00 m. Pour l&#039;installation exclusivement \u00e0 l&#039;int\u00e9rieur des b\u00e2timents. Pour adapter l\u2019\u00e9chelle aux hauteurs les plus basses, il est n\u00e9cessaire de descendre des marches.\" \/>\n<meta name=\"robots\" content=\"index, follow, max-snippet:-1, max-image-preview:large, max-video-preview:-1\" \/>\n<link rel=\"canonical\" href=\"https:\/\/jormax.com\/fr\/produto\/sotao\/\" \/>\n<meta property=\"og:locale\" content=\"fr_FR\" \/>\n<meta property=\"og:type\" content=\"article\" \/>\n<meta property=\"og:title\" content=\"S\u00d3T\u00c3O - Jormax - F\u00e1brica de Escadas e Escadotes\" \/>\n<meta property=\"og:description\" content=\"Les \u00e9chelles des combles sont construits selon les normes de s\u00e9curit\u00e9. Ils peuvent \u00eatre ouverts et ferm\u00e9s tr\u00e8s facilement gr\u00e2ce au syst\u00e8me d&#039;ouverture\/fermeture extr\u00eamement confortable. Son installation est tr\u00e8s facile, 5 minutes. Pour installer l\u2019\u00e9chelle il est n\u00e9cessaire d\u2019entrer l\u2019\u00e9chelle dans le trou du plafond et de fixer au plafond avec 4 accessoires qui sont viss\u00e9s dans les vis qui prennent les 4 coins de l\u2019\u00e9chelle. La capacit\u00e9 de l&#039;\u00e9chelle est de 150 kg. \u00c9chelle en m\u00e9tal \u00e0 11 marches qui s&#039;ouvre par un soufflet, l&#039;\u00e9chelle est indiqu\u00e9e pour des plafonds de 2,70 m \u00e0 une hauteur maximale de 3,00 m. Pour l&#039;installation exclusivement \u00e0 l&#039;int\u00e9rieur des b\u00e2timents. Pour adapter l\u2019\u00e9chelle aux hauteurs les plus basses, il est n\u00e9cessaire de descendre des marches.\" \/>\n<meta property=\"og:url\" content=\"https:\/\/jormax.com\/fr\/produto\/sotao\/\" \/>\n<meta property=\"og:site_name\" content=\"Jormax - F\u00e1brica de Escadas e Escadotes\" \/>\n<meta property=\"article:publisher\" content=\"https:\/\/www.facebook.com\/jormaxportugal\/\" \/>\n<meta property=\"article:modified_time\" content=\"2024-07-17T10:18:22+00:00\" \/>\n<meta property=\"og:image\" content=\"https:\/\/jormax.com\/wp-content\/uploads\/2019\/10\/escada-sotao-jormax.jpg\" \/>\n\t<meta property=\"og:image:width\" content=\"590\" \/>\n\t<meta property=\"og:image:height\" content=\"900\" \/>\n\t<meta property=\"og:image:type\" content=\"image\/jpeg\" \/>\n<meta name=\"twitter:card\" content=\"summary_large_image\" \/>\n<script type=\"application\/ld+json\" class=\"yoast-schema-graph\">{\"@context\":\"https:\/\/schema.org\",\"@graph\":[{\"@type\":\"WebPage\",\"@id\":\"https:\/\/jormax.com\/fr\/produto\/sotao\/\",\"url\":\"https:\/\/jormax.com\/fr\/produto\/sotao\/\",\"name\":\"S\u00d3T\u00c3O - Jormax - F\u00e1brica de Escadas e Escadotes\",\"isPartOf\":{\"@id\":\"https:\/\/jormax.com\/fr\/#website\"},\"primaryImageOfPage\":{\"@id\":\"https:\/\/jormax.com\/fr\/produto\/sotao\/#primaryimage\"},\"image\":{\"@id\":\"https:\/\/jormax.com\/fr\/produto\/sotao\/#primaryimage\"},\"thumbnailUrl\":\"https:\/\/jormax.com\/wp-content\/uploads\/2019\/10\/escada-sotao-jormax.jpg\",\"datePublished\":\"2019-10-15T13:53:54+00:00\",\"dateModified\":\"2024-07-17T10:18:22+00:00\",\"description\":\"Les \u00e9chelles des combles sont construits selon les normes de s\u00e9curit\u00e9. Ils peuvent \u00eatre ouverts et ferm\u00e9s tr\u00e8s facilement gr\u00e2ce au syst\u00e8me d'ouverture\/fermeture extr\u00eamement confortable. Son installation est tr\u00e8s facile, 5 minutes. Pour installer l\u2019\u00e9chelle il est n\u00e9cessaire d\u2019entrer l\u2019\u00e9chelle dans le trou du plafond et de fixer au plafond avec 4 accessoires qui sont viss\u00e9s dans les vis qui prennent les 4 coins de l\u2019\u00e9chelle. La capacit\u00e9 de l'\u00e9chelle est de 150 kg. \u00c9chelle en m\u00e9tal \u00e0 11 marches qui s'ouvre par un soufflet, l'\u00e9chelle est indiqu\u00e9e pour des plafonds de 2,70 m \u00e0 une hauteur maximale de 3,00 m. Pour l'installation exclusivement \u00e0 l'int\u00e9rieur des b\u00e2timents. Pour adapter l\u2019\u00e9chelle aux hauteurs les plus basses, il est n\u00e9cessaire de descendre des marches.\",\"breadcrumb\":{\"@id\":\"https:\/\/jormax.com\/fr\/produto\/sotao\/#breadcrumb\"},\"inLanguage\":\"fr-FR\",\"potentialAction\":[{\"@type\":\"ReadAction\",\"target\":[\"https:\/\/jormax.com\/fr\/produto\/sotao\/\"]}]},{\"@type\":\"ImageObject\",\"inLanguage\":\"fr-FR\",\"@id\":\"https:\/\/jormax.com\/fr\/produto\/sotao\/#primaryimage\",\"url\":\"https:\/\/jormax.com\/wp-content\/uploads\/2019\/10\/escada-sotao-jormax.jpg\",\"contentUrl\":\"https:\/\/jormax.com\/wp-content\/uploads\/2019\/10\/escada-sotao-jormax.jpg\",\"width\":590,\"height\":900},{\"@type\":\"BreadcrumbList\",\"@id\":\"https:\/\/jormax.com\/fr\/produto\/sotao\/#breadcrumb\",\"itemListElement\":[{\"@type\":\"ListItem\",\"position\":1,\"name\":\"In\u00edcio\",\"item\":\"https:\/\/jormax.com\/fr\/\"},{\"@type\":\"ListItem\",\"position\":2,\"name\":\"Produ\u00edts\",\"item\":\"https:\/\/jormax.com\/fr\/produits\/\"},{\"@type\":\"ListItem\",\"position\":3,\"name\":\"S\u00d3T\u00c3O\"}]},{\"@type\":\"WebSite\",\"@id\":\"https:\/\/jormax.com\/fr\/#website\",\"url\":\"https:\/\/jormax.com\/fr\/\",\"name\":\"Jormax - F\u00e1brica de Escadas e Escadotes\",\"description\":\"Fabricante de escadas, escadotes, andaimes, plataformas e solu\u00e7\u00f5es \u00e0 medida em alum\u00ednio e fibra de vidro certificados. F\u00e1brica com sede em Portugal.\",\"publisher\":{\"@id\":\"https:\/\/jormax.com\/fr\/#organization\"},\"potentialAction\":[{\"@type\":\"SearchAction\",\"target\":{\"@type\":\"EntryPoint\",\"urlTemplate\":\"https:\/\/jormax.com\/fr\/?s={search_term_string}\"},\"query-input\":{\"@type\":\"PropertyValueSpecification\",\"valueRequired\":true,\"valueName\":\"search_term_string\"}}],\"inLanguage\":\"fr-FR\"},{\"@type\":\"Organization\",\"@id\":\"https:\/\/jormax.com\/fr\/#organization\",\"name\":\"Jormax - Fabricant d' \u00c9chelles, Escabeau et \u00c9chafaudages\",\"url\":\"https:\/\/jormax.com\/fr\/\",\"logo\":{\"@type\":\"ImageObject\",\"inLanguage\":\"fr-FR\",\"@id\":\"https:\/\/jormax.com\/fr\/#\/schema\/logo\/image\/\",\"url\":\"http:\/\/jormax.com\/wp-content\/uploads\/2019\/12\/logotipo-jormax-cor-stickymenu.png\",\"contentUrl\":\"http:\/\/jormax.com\/wp-content\/uploads\/2019\/12\/logotipo-jormax-cor-stickymenu.png\",\"width\":235,\"height\":59,\"caption\":\"Jormax - Fabricant d' \u00c9chelles, Escabeau et \u00c9chafaudages\"},\"image\":{\"@id\":\"https:\/\/jormax.com\/fr\/#\/schema\/logo\/image\/\"},\"sameAs\":[\"https:\/\/www.facebook.com\/jormaxportugal\/\"]}]}<\/script>\n<!-- \/ Yoast SEO plugin. -->","yoast_head_json":{"title":"S\u00d3T\u00c3O - Jormax - F\u00e1brica de Escadas e Escadotes","description":"Les \u00e9chelles des combles sont construits selon les normes de s\u00e9curit\u00e9. Ils peuvent \u00eatre ouverts et ferm\u00e9s tr\u00e8s facilement gr\u00e2ce au syst\u00e8me d'ouverture\/fermeture extr\u00eamement confortable. Son installation est tr\u00e8s facile, 5 minutes. Pour installer l\u2019\u00e9chelle il est n\u00e9cessaire d\u2019entrer l\u2019\u00e9chelle dans le trou du plafond et de fixer au plafond avec 4 accessoires qui sont viss\u00e9s dans les vis qui prennent les 4 coins de l\u2019\u00e9chelle. La capacit\u00e9 de l'\u00e9chelle est de 150 kg. \u00c9chelle en m\u00e9tal \u00e0 11 marches qui s'ouvre par un soufflet, l'\u00e9chelle est indiqu\u00e9e pour des plafonds de 2,70 m \u00e0 une hauteur maximale de 3,00 m. Pour l'installation exclusivement \u00e0 l'int\u00e9rieur des b\u00e2timents. Pour adapter l\u2019\u00e9chelle aux hauteurs les plus basses, il est n\u00e9cessaire de descendre des marches.","robots":{"index":"index","follow":"follow","max-snippet":"max-snippet:-1","max-image-preview":"max-image-preview:large","max-video-preview":"max-video-preview:-1"},"canonical":"https:\/\/jormax.com\/fr\/produto\/sotao\/","og_locale":"fr_FR","og_type":"article","og_title":"S\u00d3T\u00c3O - Jormax - F\u00e1brica de Escadas e Escadotes","og_description":"Les \u00e9chelles des combles sont construits selon les normes de s\u00e9curit\u00e9. Ils peuvent \u00eatre ouverts et ferm\u00e9s tr\u00e8s facilement gr\u00e2ce au syst\u00e8me d'ouverture\/fermeture extr\u00eamement confortable. Son installation est tr\u00e8s facile, 5 minutes. Pour installer l\u2019\u00e9chelle il est n\u00e9cessaire d\u2019entrer l\u2019\u00e9chelle dans le trou du plafond et de fixer au plafond avec 4 accessoires qui sont viss\u00e9s dans les vis qui prennent les 4 coins de l\u2019\u00e9chelle. La capacit\u00e9 de l'\u00e9chelle est de 150 kg. \u00c9chelle en m\u00e9tal \u00e0 11 marches qui s'ouvre par un soufflet, l'\u00e9chelle est indiqu\u00e9e pour des plafonds de 2,70 m \u00e0 une hauteur maximale de 3,00 m. Pour l'installation exclusivement \u00e0 l'int\u00e9rieur des b\u00e2timents. Pour adapter l\u2019\u00e9chelle aux hauteurs les plus basses, il est n\u00e9cessaire de descendre des marches.","og_url":"https:\/\/jormax.com\/fr\/produto\/sotao\/","og_site_name":"Jormax - F\u00e1brica de Escadas e Escadotes","article_publisher":"https:\/\/www.facebook.com\/jormaxportugal\/","article_modified_time":"2024-07-17T10:18:22+00:00","og_image":[{"width":590,"height":900,"url":"https:\/\/jormax.com\/wp-content\/uploads\/2019\/10\/escada-sotao-jormax.jpg","type":"image\/jpeg"}],"twitter_card":"summary_large_image","schema":{"@context":"https:\/\/schema.org","@graph":[{"@type":"WebPage","@id":"https:\/\/jormax.com\/fr\/produto\/sotao\/","url":"https:\/\/jormax.com\/fr\/produto\/sotao\/","name":"S\u00d3T\u00c3O - Jormax - F\u00e1brica de Escadas e Escadotes","isPartOf":{"@id":"https:\/\/jormax.com\/fr\/#website"},"primaryImageOfPage":{"@id":"https:\/\/jormax.com\/fr\/produto\/sotao\/#primaryimage"},"image":{"@id":"https:\/\/jormax.com\/fr\/produto\/sotao\/#primaryimage"},"thumbnailUrl":"https:\/\/jormax.com\/wp-content\/uploads\/2019\/10\/escada-sotao-jormax.jpg","datePublished":"2019-10-15T13:53:54+00:00","dateModified":"2024-07-17T10:18:22+00:00","description":"Les \u00e9chelles des combles sont construits selon les normes de s\u00e9curit\u00e9. Ils peuvent \u00eatre ouverts et ferm\u00e9s tr\u00e8s facilement gr\u00e2ce au syst\u00e8me d'ouverture\/fermeture extr\u00eamement confortable. Son installation est tr\u00e8s facile, 5 minutes. Pour installer l\u2019\u00e9chelle il est n\u00e9cessaire d\u2019entrer l\u2019\u00e9chelle dans le trou du plafond et de fixer au plafond avec 4 accessoires qui sont viss\u00e9s dans les vis qui prennent les 4 coins de l\u2019\u00e9chelle. La capacit\u00e9 de l'\u00e9chelle est de 150 kg. \u00c9chelle en m\u00e9tal \u00e0 11 marches qui s'ouvre par un soufflet, l'\u00e9chelle est indiqu\u00e9e pour des plafonds de 2,70 m \u00e0 une hauteur maximale de 3,00 m. Pour l'installation exclusivement \u00e0 l'int\u00e9rieur des b\u00e2timents. Pour adapter l\u2019\u00e9chelle aux hauteurs les plus basses, il est n\u00e9cessaire de descendre des marches.","breadcrumb":{"@id":"https:\/\/jormax.com\/fr\/produto\/sotao\/#breadcrumb"},"inLanguage":"fr-FR","potentialAction":[{"@type":"ReadAction","target":["https:\/\/jormax.com\/fr\/produto\/sotao\/"]}]},{"@type":"ImageObject","inLanguage":"fr-FR","@id":"https:\/\/jormax.com\/fr\/produto\/sotao\/#primaryimage","url":"https:\/\/jormax.com\/wp-content\/uploads\/2019\/10\/escada-sotao-jormax.jpg","contentUrl":"https:\/\/jormax.com\/wp-content\/uploads\/2019\/10\/escada-sotao-jormax.jpg","width":590,"height":900},{"@type":"BreadcrumbList","@id":"https:\/\/jormax.com\/fr\/produto\/sotao\/#breadcrumb","itemListElement":[{"@type":"ListItem","position":1,"name":"In\u00edcio","item":"https:\/\/jormax.com\/fr\/"},{"@type":"ListItem","position":2,"name":"Produ\u00edts","item":"https:\/\/jormax.com\/fr\/produits\/"},{"@type":"ListItem","position":3,"name":"S\u00d3T\u00c3O"}]},{"@type":"WebSite","@id":"https:\/\/jormax.com\/fr\/#website","url":"https:\/\/jormax.com\/fr\/","name":"Jormax - F\u00e1brica de Escadas e Escadotes","description":"Fabricante de escadas, escadotes, andaimes, plataformas e solu\u00e7\u00f5es \u00e0 medida em alum\u00ednio e fibra de vidro certificados. F\u00e1brica com sede em Portugal.","publisher":{"@id":"https:\/\/jormax.com\/fr\/#organization"},"potentialAction":[{"@type":"SearchAction","target":{"@type":"EntryPoint","urlTemplate":"https:\/\/jormax.com\/fr\/?s={search_term_string}"},"query-input":{"@type":"PropertyValueSpecification","valueRequired":true,"valueName":"search_term_string"}}],"inLanguage":"fr-FR"},{"@type":"Organization","@id":"https:\/\/jormax.com\/fr\/#organization","name":"Jormax - Fabricant d' \u00c9chelles, Escabeau et \u00c9chafaudages","url":"https:\/\/jormax.com\/fr\/","logo":{"@type":"ImageObject","inLanguage":"fr-FR","@id":"https:\/\/jormax.com\/fr\/#\/schema\/logo\/image\/","url":"http:\/\/jormax.com\/wp-content\/uploads\/2019\/12\/logotipo-jormax-cor-stickymenu.png","contentUrl":"http:\/\/jormax.com\/wp-content\/uploads\/2019\/12\/logotipo-jormax-cor-stickymenu.png","width":235,"height":59,"caption":"Jormax - Fabricant d' \u00c9chelles, Escabeau et \u00c9chafaudages"},"image":{"@id":"https:\/\/jormax.com\/fr\/#\/schema\/logo\/image\/"},"sameAs":["https:\/\/www.facebook.com\/jormaxportugal\/"]}]}},"_links":{"self":[{"href":"https:\/\/jormax.com\/fr\/wp-json\/wp\/v2\/product\/7033","targetHints":{"allow":["GET"]}}],"collection":[{"href":"https:\/\/jormax.com\/fr\/wp-json\/wp\/v2\/product"}],"about":[{"href":"https:\/\/jormax.com\/fr\/wp-json\/wp\/v2\/types\/product"}],"wp:featuredmedia":[{"embeddable":true,"href":"https:\/\/jormax.com\/fr\/wp-json\/wp\/v2\/media\/7034"}],"wp:attachment":[{"href":"https:\/\/jormax.com\/fr\/wp-json\/wp\/v2\/media?parent=7033"}],"wp:term":[{"taxonomy":"product_brand","embeddable":true,"href":"https:\/\/jormax.com\/fr\/wp-json\/wp\/v2\/product_brand?post=7033"},{"taxonomy":"product_cat","embeddable":true,"href":"https:\/\/jormax.com\/fr\/wp-json\/wp\/v2\/product_cat?post=7033"},{"taxonomy":"product_tag","embeddable":true,"href":"https:\/\/jormax.com\/fr\/wp-json\/wp\/v2\/product_tag?post=7033"}],"curies":[{"name":"wp","href":"https:\/\/api.w.org\/{rel}","templated":true}]}}