{"id":7003,"date":"2019-10-15T11:13:38","date_gmt":"2019-10-15T11:13:38","guid":{"rendered":"https:\/\/www.jormax.com\/produtos\/non%20class\u00e9\/telesteps-solid\/"},"modified":"2024-07-17T10:10:49","modified_gmt":"2024-07-17T09:10:49","slug":"telesteps-solid","status":"publish","type":"product","link":"https:\/\/jormax.com\/fr\/produto\/telesteps-solid\/","title":{"rendered":"TELESTEPS SOLID"},"content":{"rendered":"","protected":false},"excerpt":{"rendered":"<p><strong>Plateforme tr\u00e8s l\u00e9g\u00e8re \u00e0 usage professionnel, id\u00e9ale pour les charrette et les peintres.<\/strong><\/p>\n<p>\u00a0<\/p>\n<p>La plateforme se plie, a une charni\u00e8re de s\u00e9curit\u00e9 qui permet de s\u2019ouvrir et de se fermer tr\u00e8s rapidement. Les pieds sont t\u00e9lescopiques, vous permettant de travailler \u00e0 trois hauteurs diff\u00e9rentes, ainsi que dans les \u00e9chelles et les d\u00e9nivellations. Ils ont une plateforme en aluminium anodis\u00e9, antid\u00e9rapant, robuste et r\u00e9sistante, aux mesures 1360&#215;410 mm.<\/p>\n<p>\u00a0<\/p>\n<p style=\"color: red;\">REF: 10225<\/p>\n<p>\u00a0<\/p>\n<p><img decoding=\"async\" class=\"selos-produto\" src=\"http:\/\/jormax.com\/wp-content\/uploads\/2019\/10\/europa.jpg\" alt=\"NOME DOS SELOS (SUBSTITUIR)\" \/> <img decoding=\"async\" class=\"selos-produto\" src=\"http:\/\/jormax.com\/wp-content\/uploads\/2019\/11\/decret-50-2005.jpg\" alt=\"NOME DOS SELOS (SUBSTITUIR)\" \/> <img decoding=\"async\" class=\"selos-produto\" src=\"http:\/\/jormax.com\/wp-content\/uploads\/2019\/11\/norme-131.jpg\" alt=\"NOME DOS SELOS (SUBSTITUIR)\" \/> <img decoding=\"async\" class=\"selos-produto\" src=\"http:\/\/jormax.com\/wp-content\/uploads\/2019\/11\/garantie-5.jpg\" alt=\"NOME DOS SELOS (SUBSTITUIR)\" \/> <img decoding=\"async\" class=\"selos-produto\" src=\"http:\/\/jormax.com\/wp-content\/uploads\/2019\/11\/usage-professionnel.jpg\" alt=\"NOME DOS SELOS (SUBSTITUIR)\" \/> <img decoding=\"async\" class=\"selos-produto\" src=\"http:\/\/jormax.com\/wp-content\/uploads\/2019\/10\/peso-150.jpg\" alt=\"NOME DOS SELOS (SUBSTITUIR)\" \/><\/p>\n<p>\u00a0<\/p>\n","protected":false},"featured_media":7004,"template":"","meta":[],"product_brand":[],"product_cat":[307,297],"product_tag":[],"class_list":{"0":"post-7003","1":"product","2":"type-product","3":"status-publish","4":"has-post-thumbnail","6":"product_cat-plates-formes","7":"product_cat-plataformas-terrestres-fr","9":"first","10":"instock","11":"shipping-taxable","12":"product-type-simple"},"yoast_head":"<!-- This site is optimized with the Yoast SEO plugin v24.5 - https:\/\/yoast.com\/wordpress\/plugins\/seo\/ -->\n<title>TELESTEPS SOLID - Jormax - F\u00e1brica de Escadas e Escadotes<\/title>\n<meta name=\"description\" content=\"La plateforme se plie, a une charni\u00e8re de s\u00e9curit\u00e9 qui permet de s\u2019ouvrir et de se fermer tr\u00e8s rapidement. Les pieds sont t\u00e9lescopiques, vous permettant de travailler \u00e0 trois hauteurs diff\u00e9rentes, ainsi que dans les \u00e9chelles et les d\u00e9nivellations. Ils ont une plateforme en aluminium anodis\u00e9, antid\u00e9rapant, robuste et r\u00e9sistante, aux mesures 1360x410 mm.\" \/>\n<meta name=\"robots\" content=\"index, follow, max-snippet:-1, max-image-preview:large, max-video-preview:-1\" \/>\n<link rel=\"canonical\" href=\"https:\/\/jormax.com\/fr\/produto\/telesteps-solid\/\" \/>\n<meta property=\"og:locale\" content=\"fr_FR\" \/>\n<meta property=\"og:type\" content=\"article\" \/>\n<meta property=\"og:title\" content=\"TELESTEPS SOLID - Jormax - F\u00e1brica de Escadas e Escadotes\" \/>\n<meta property=\"og:description\" content=\"La plateforme se plie, a une charni\u00e8re de s\u00e9curit\u00e9 qui permet de s\u2019ouvrir et de se fermer tr\u00e8s rapidement. Les pieds sont t\u00e9lescopiques, vous permettant de travailler \u00e0 trois hauteurs diff\u00e9rentes, ainsi que dans les \u00e9chelles et les d\u00e9nivellations. Ils ont une plateforme en aluminium anodis\u00e9, antid\u00e9rapant, robuste et r\u00e9sistante, aux mesures 1360x410 mm.\" \/>\n<meta property=\"og:url\" content=\"https:\/\/jormax.com\/fr\/produto\/telesteps-solid\/\" \/>\n<meta property=\"og:site_name\" content=\"Jormax - F\u00e1brica de Escadas e Escadotes\" \/>\n<meta property=\"article:publisher\" content=\"https:\/\/www.facebook.com\/jormaxportugal\/\" \/>\n<meta property=\"article:modified_time\" content=\"2024-07-17T09:10:49+00:00\" \/>\n<meta property=\"og:image\" content=\"https:\/\/jormax.com\/wp-content\/uploads\/2019\/10\/escada-multiuso-telesteps-solid-jormax-1.jpg\" \/>\n\t<meta property=\"og:image:width\" content=\"900\" \/>\n\t<meta property=\"og:image:height\" content=\"900\" \/>\n\t<meta property=\"og:image:type\" content=\"image\/jpeg\" \/>\n<meta name=\"twitter:card\" content=\"summary_large_image\" \/>\n<script type=\"application\/ld+json\" class=\"yoast-schema-graph\">{\"@context\":\"https:\/\/schema.org\",\"@graph\":[{\"@type\":\"WebPage\",\"@id\":\"https:\/\/jormax.com\/fr\/produto\/telesteps-solid\/\",\"url\":\"https:\/\/jormax.com\/fr\/produto\/telesteps-solid\/\",\"name\":\"TELESTEPS SOLID - Jormax - F\u00e1brica de Escadas e Escadotes\",\"isPartOf\":{\"@id\":\"https:\/\/jormax.com\/fr\/#website\"},\"primaryImageOfPage\":{\"@id\":\"https:\/\/jormax.com\/fr\/produto\/telesteps-solid\/#primaryimage\"},\"image\":{\"@id\":\"https:\/\/jormax.com\/fr\/produto\/telesteps-solid\/#primaryimage\"},\"thumbnailUrl\":\"https:\/\/jormax.com\/wp-content\/uploads\/2019\/10\/escada-multiuso-telesteps-solid-jormax-1.jpg\",\"datePublished\":\"2019-10-15T11:13:38+00:00\",\"dateModified\":\"2024-07-17T09:10:49+00:00\",\"description\":\"La plateforme se plie, a une charni\u00e8re de s\u00e9curit\u00e9 qui permet de s\u2019ouvrir et de se fermer tr\u00e8s rapidement. Les pieds sont t\u00e9lescopiques, vous permettant de travailler \u00e0 trois hauteurs diff\u00e9rentes, ainsi que dans les \u00e9chelles et les d\u00e9nivellations. Ils ont une plateforme en aluminium anodis\u00e9, antid\u00e9rapant, robuste et r\u00e9sistante, aux mesures 1360x410 mm.\",\"breadcrumb\":{\"@id\":\"https:\/\/jormax.com\/fr\/produto\/telesteps-solid\/#breadcrumb\"},\"inLanguage\":\"fr-FR\",\"potentialAction\":[{\"@type\":\"ReadAction\",\"target\":[\"https:\/\/jormax.com\/fr\/produto\/telesteps-solid\/\"]}]},{\"@type\":\"ImageObject\",\"inLanguage\":\"fr-FR\",\"@id\":\"https:\/\/jormax.com\/fr\/produto\/telesteps-solid\/#primaryimage\",\"url\":\"https:\/\/jormax.com\/wp-content\/uploads\/2019\/10\/escada-multiuso-telesteps-solid-jormax-1.jpg\",\"contentUrl\":\"https:\/\/jormax.com\/wp-content\/uploads\/2019\/10\/escada-multiuso-telesteps-solid-jormax-1.jpg\",\"width\":900,\"height\":900},{\"@type\":\"BreadcrumbList\",\"@id\":\"https:\/\/jormax.com\/fr\/produto\/telesteps-solid\/#breadcrumb\",\"itemListElement\":[{\"@type\":\"ListItem\",\"position\":1,\"name\":\"In\u00edcio\",\"item\":\"https:\/\/jormax.com\/fr\/\"},{\"@type\":\"ListItem\",\"position\":2,\"name\":\"Produtos\",\"item\":\"https:\/\/jormax.com\/produtos\/\"},{\"@type\":\"ListItem\",\"position\":3,\"name\":\"TELESTEPS SOLID\"}]},{\"@type\":\"WebSite\",\"@id\":\"https:\/\/jormax.com\/fr\/#website\",\"url\":\"https:\/\/jormax.com\/fr\/\",\"name\":\"Jormax - F\u00e1brica de Escadas e Escadotes\",\"description\":\"Fabricante de escadas, escadotes, andaimes, plataformas e solu\u00e7\u00f5es \u00e0 medida em alum\u00ednio e fibra de vidro certificados. F\u00e1brica com sede em Portugal.\",\"publisher\":{\"@id\":\"https:\/\/jormax.com\/fr\/#organization\"},\"potentialAction\":[{\"@type\":\"SearchAction\",\"target\":{\"@type\":\"EntryPoint\",\"urlTemplate\":\"https:\/\/jormax.com\/fr\/?s={search_term_string}\"},\"query-input\":{\"@type\":\"PropertyValueSpecification\",\"valueRequired\":true,\"valueName\":\"search_term_string\"}}],\"inLanguage\":\"fr-FR\"},{\"@type\":\"Organization\",\"@id\":\"https:\/\/jormax.com\/fr\/#organization\",\"name\":\"Jormax - Fabricant d' \u00c9chelles, Escabeau et \u00c9chafaudages\",\"url\":\"https:\/\/jormax.com\/fr\/\",\"logo\":{\"@type\":\"ImageObject\",\"inLanguage\":\"fr-FR\",\"@id\":\"https:\/\/jormax.com\/fr\/#\/schema\/logo\/image\/\",\"url\":\"http:\/\/jormax.com\/wp-content\/uploads\/2019\/12\/logotipo-jormax-cor-stickymenu.png\",\"contentUrl\":\"http:\/\/jormax.com\/wp-content\/uploads\/2019\/12\/logotipo-jormax-cor-stickymenu.png\",\"width\":235,\"height\":59,\"caption\":\"Jormax - Fabricant d' \u00c9chelles, Escabeau et \u00c9chafaudages\"},\"image\":{\"@id\":\"https:\/\/jormax.com\/fr\/#\/schema\/logo\/image\/\"},\"sameAs\":[\"https:\/\/www.facebook.com\/jormaxportugal\/\"]}]}<\/script>\n<!-- \/ Yoast SEO plugin. -->","yoast_head_json":{"title":"TELESTEPS SOLID - Jormax - F\u00e1brica de Escadas e Escadotes","description":"La plateforme se plie, a une charni\u00e8re de s\u00e9curit\u00e9 qui permet de s\u2019ouvrir et de se fermer tr\u00e8s rapidement. Les pieds sont t\u00e9lescopiques, vous permettant de travailler \u00e0 trois hauteurs diff\u00e9rentes, ainsi que dans les \u00e9chelles et les d\u00e9nivellations. Ils ont une plateforme en aluminium anodis\u00e9, antid\u00e9rapant, robuste et r\u00e9sistante, aux mesures 1360x410 mm.","robots":{"index":"index","follow":"follow","max-snippet":"max-snippet:-1","max-image-preview":"max-image-preview:large","max-video-preview":"max-video-preview:-1"},"canonical":"https:\/\/jormax.com\/fr\/produto\/telesteps-solid\/","og_locale":"fr_FR","og_type":"article","og_title":"TELESTEPS SOLID - Jormax - F\u00e1brica de Escadas e Escadotes","og_description":"La plateforme se plie, a une charni\u00e8re de s\u00e9curit\u00e9 qui permet de s\u2019ouvrir et de se fermer tr\u00e8s rapidement. Les pieds sont t\u00e9lescopiques, vous permettant de travailler \u00e0 trois hauteurs diff\u00e9rentes, ainsi que dans les \u00e9chelles et les d\u00e9nivellations. Ils ont une plateforme en aluminium anodis\u00e9, antid\u00e9rapant, robuste et r\u00e9sistante, aux mesures 1360x410 mm.","og_url":"https:\/\/jormax.com\/fr\/produto\/telesteps-solid\/","og_site_name":"Jormax - F\u00e1brica de Escadas e Escadotes","article_publisher":"https:\/\/www.facebook.com\/jormaxportugal\/","article_modified_time":"2024-07-17T09:10:49+00:00","og_image":[{"width":900,"height":900,"url":"https:\/\/jormax.com\/wp-content\/uploads\/2019\/10\/escada-multiuso-telesteps-solid-jormax-1.jpg","type":"image\/jpeg"}],"twitter_card":"summary_large_image","schema":{"@context":"https:\/\/schema.org","@graph":[{"@type":"WebPage","@id":"https:\/\/jormax.com\/fr\/produto\/telesteps-solid\/","url":"https:\/\/jormax.com\/fr\/produto\/telesteps-solid\/","name":"TELESTEPS SOLID - Jormax - F\u00e1brica de Escadas e Escadotes","isPartOf":{"@id":"https:\/\/jormax.com\/fr\/#website"},"primaryImageOfPage":{"@id":"https:\/\/jormax.com\/fr\/produto\/telesteps-solid\/#primaryimage"},"image":{"@id":"https:\/\/jormax.com\/fr\/produto\/telesteps-solid\/#primaryimage"},"thumbnailUrl":"https:\/\/jormax.com\/wp-content\/uploads\/2019\/10\/escada-multiuso-telesteps-solid-jormax-1.jpg","datePublished":"2019-10-15T11:13:38+00:00","dateModified":"2024-07-17T09:10:49+00:00","description":"La plateforme se plie, a une charni\u00e8re de s\u00e9curit\u00e9 qui permet de s\u2019ouvrir et de se fermer tr\u00e8s rapidement. Les pieds sont t\u00e9lescopiques, vous permettant de travailler \u00e0 trois hauteurs diff\u00e9rentes, ainsi que dans les \u00e9chelles et les d\u00e9nivellations. Ils ont une plateforme en aluminium anodis\u00e9, antid\u00e9rapant, robuste et r\u00e9sistante, aux mesures 1360x410 mm.","breadcrumb":{"@id":"https:\/\/jormax.com\/fr\/produto\/telesteps-solid\/#breadcrumb"},"inLanguage":"fr-FR","potentialAction":[{"@type":"ReadAction","target":["https:\/\/jormax.com\/fr\/produto\/telesteps-solid\/"]}]},{"@type":"ImageObject","inLanguage":"fr-FR","@id":"https:\/\/jormax.com\/fr\/produto\/telesteps-solid\/#primaryimage","url":"https:\/\/jormax.com\/wp-content\/uploads\/2019\/10\/escada-multiuso-telesteps-solid-jormax-1.jpg","contentUrl":"https:\/\/jormax.com\/wp-content\/uploads\/2019\/10\/escada-multiuso-telesteps-solid-jormax-1.jpg","width":900,"height":900},{"@type":"BreadcrumbList","@id":"https:\/\/jormax.com\/fr\/produto\/telesteps-solid\/#breadcrumb","itemListElement":[{"@type":"ListItem","position":1,"name":"In\u00edcio","item":"https:\/\/jormax.com\/fr\/"},{"@type":"ListItem","position":2,"name":"Produtos","item":"https:\/\/jormax.com\/produtos\/"},{"@type":"ListItem","position":3,"name":"TELESTEPS SOLID"}]},{"@type":"WebSite","@id":"https:\/\/jormax.com\/fr\/#website","url":"https:\/\/jormax.com\/fr\/","name":"Jormax - F\u00e1brica de Escadas e Escadotes","description":"Fabricante de escadas, escadotes, andaimes, plataformas e solu\u00e7\u00f5es \u00e0 medida em alum\u00ednio e fibra de vidro certificados. F\u00e1brica com sede em Portugal.","publisher":{"@id":"https:\/\/jormax.com\/fr\/#organization"},"potentialAction":[{"@type":"SearchAction","target":{"@type":"EntryPoint","urlTemplate":"https:\/\/jormax.com\/fr\/?s={search_term_string}"},"query-input":{"@type":"PropertyValueSpecification","valueRequired":true,"valueName":"search_term_string"}}],"inLanguage":"fr-FR"},{"@type":"Organization","@id":"https:\/\/jormax.com\/fr\/#organization","name":"Jormax - Fabricant d' \u00c9chelles, Escabeau et \u00c9chafaudages","url":"https:\/\/jormax.com\/fr\/","logo":{"@type":"ImageObject","inLanguage":"fr-FR","@id":"https:\/\/jormax.com\/fr\/#\/schema\/logo\/image\/","url":"http:\/\/jormax.com\/wp-content\/uploads\/2019\/12\/logotipo-jormax-cor-stickymenu.png","contentUrl":"http:\/\/jormax.com\/wp-content\/uploads\/2019\/12\/logotipo-jormax-cor-stickymenu.png","width":235,"height":59,"caption":"Jormax - Fabricant d' \u00c9chelles, Escabeau et \u00c9chafaudages"},"image":{"@id":"https:\/\/jormax.com\/fr\/#\/schema\/logo\/image\/"},"sameAs":["https:\/\/www.facebook.com\/jormaxportugal\/"]}]}},"_links":{"self":[{"href":"https:\/\/jormax.com\/fr\/wp-json\/wp\/v2\/product\/7003","targetHints":{"allow":["GET"]}}],"collection":[{"href":"https:\/\/jormax.com\/fr\/wp-json\/wp\/v2\/product"}],"about":[{"href":"https:\/\/jormax.com\/fr\/wp-json\/wp\/v2\/types\/product"}],"wp:featuredmedia":[{"embeddable":true,"href":"https:\/\/jormax.com\/fr\/wp-json\/wp\/v2\/media\/7004"}],"wp:attachment":[{"href":"https:\/\/jormax.com\/fr\/wp-json\/wp\/v2\/media?parent=7003"}],"wp:term":[{"taxonomy":"product_brand","embeddable":true,"href":"https:\/\/jormax.com\/fr\/wp-json\/wp\/v2\/product_brand?post=7003"},{"taxonomy":"product_cat","embeddable":true,"href":"https:\/\/jormax.com\/fr\/wp-json\/wp\/v2\/product_cat?post=7003"},{"taxonomy":"product_tag","embeddable":true,"href":"https:\/\/jormax.com\/fr\/wp-json\/wp\/v2\/product_tag?post=7003"}],"curies":[{"name":"wp","href":"https:\/\/api.w.org\/{rel}","templated":true}]}}