{"id":6983,"date":"2019-10-14T16:48:23","date_gmt":"2019-10-14T16:48:23","guid":{"rendered":"https:\/\/www.jormax.com\/produtos\/non%20class\u00e9\/telesteps-simples\/"},"modified":"2024-07-17T09:44:40","modified_gmt":"2024-07-17T08:44:40","slug":"telesteps-simples","status":"publish","type":"product","link":"https:\/\/jormax.com\/fr\/produto\/telesteps-simples\/","title":{"rendered":"TELESTEPS SIMPLES"},"content":{"rendered":"<div class=\"wpb-content-wrapper\"><p>[vc_row full_width=\u00a0\u00bbstretch_row\u00a0\u00bb][vc_column][vc_column_text]\t\t\t\t\t\t<div class=\"wpsm-comptable-wrap\">\n\t\t\t\t<table id=\"wpsm-table-66\" class=\"wpsm-comptable center-table-align\">\n\t\t\t\t\t\t\t\t\t<thead class=\"wpsm-thead wpsm-thead-default\">\n\t\t\t\t\t\t<tr>\t\t\t\t\t\t\t\n\t\t\t\t\t\t\t\t\t\t\t\t\t\t\t\t\t\t\t\t\t\t\t\t<th>REF<\/th>\n\t\t\t\t\t\t\t\t\t\n\t\t\t\t\t\t\t\t\n\t\t\t\t\t\t\t\t\t\t\t\t\t\t\t\t\t\t\t\t\t\t\t\t<th><center><img style=\"width:60px\" src =\"https:\/\/www.jormax.com\/portal\/wp-content\/uploads\/2019\/03\/icon-numero-degraus-jormax.png\" alt=\"\" \/><\/center><br>&nbsp<\/th>\n\t\t\t\t\t\t\t\t\t\n\t\t\t\t\t\t\t\t\n\t\t\t\t\t\t\t\t\t\t\t\t\t\t\t\t\t\t\t\t\t\t\t\t<th><center><img style=\"width:60px\" src =\"https:\/\/www.jormax.com\/portal\/wp-content\/uploads\/2019\/10\/Icon-04.png\" alt=\"\" \/><\/center><br><b><i>m<\/i><\/b><\/th>\n\t\t\t\t\t\t\t\t\t\n\t\t\t\t\t\t\t\t\n\t\t\t\t\t\t\t\t\t\t\t\t\t\t\t\t\t\t\t\t\t\t\t\t<th><center><img style=\"width:60px\" src =\"https:\/\/www.jormax.com\/portal\/wp-content\/uploads\/2019\/10\/Icon-05.png\" alt=\"\" \/><\/center><br><b><i>m<\/i><\/b><\/th>\n\t\t\t\t\t\t\t\t\t\n\t\t\t\t\t\t\t\t\n\t\t\t\t\t\t\t\t\t\t\t\t\t\t\t\t\t\t\t\t\t\t\t\t<th><center><img style=\"width:60px\" src =\"https:\/\/www.jormax.com\/portal\/wp-content\/uploads\/2019\/03\/icon-altura-trabalho-jormax.png\" alt=\"\" \/><\/center><br><b><i>m<\/i><\/b><\/th>\n\t\t\t\t\t\t\t\t\t\n\t\t\t\t\t\t\t\t\n\t\t\t\t\t\t\t\t\t\t\t\t\t\t\t\t\t\t\t\t\t\t\t\t<th><center><img style=\"width:60px\" src =\"https:\/\/www.jormax.com\/portal\/wp-content\/uploads\/2019\/03\/icon-largura-jormax.png\" alt=\"\" \/><\/center><br><b><i>m<\/i><\/b><\/th>\n\t\t\t\t\t\t\t\t\t\n\t\t\t\t\t\t\t\t\n\t\t\t\t\t\t\t\t\t\t\t\t\t\t\t\t\t\t\t\t\t\t\t\t<th><center><img style=\"width:60px\" src =\"https:\/\/www.jormax.com\/portal\/wp-content\/uploads\/2019\/03\/icon-espessura-jormax.png\" alt=\"\" \/><\/center><br><b><i>m<\/i><\/b><\/th>\n\t\t\t\t\t\t\t\t\t\n\t\t\t\t\t\t\t\t\n\t\t\t\t\t\t\t\t\t\t\t\t\t\t\t\t\t\t\t\t\t\t\t\t<th>KG<\/th>\n\t\t\t\t\t\t\t\t\t\n\t\t\t\t\t\t\t\t\n\t\t\t\t\t\t\t\t\t\t\t\t\t<\/tr>\n\t\t\t\t\t<\/thead>\n\t\t\t\t\t<tbody class=\"wpsm-tbody\">\n\t\t\t\t\t\t\t\t\t\t\t\t\t\t\t\t<tr>\t\t\t\t\t\t\t\t\t\t\t\t\t\t\t<td>\t\t\t\t\t\t\t\t\t\t\t\t\t\t\t\t\t\t\t\t\t\t\t\t\t\t10222\t\t\t\t\t\t\t\t\t\t\t\t\t\t\t\t<\/td>\n\t\t\t\t\t\t\t\t\t\t\t\t\t\t\t\t\t\t\t\t\t\t\t<td>\t\t\t\t\t\t\t\t\t\t\t\t\t\t\t\t\t\t\t\t\t\t\t\t\t\t12\t\t\t\t\t\t\t\t\t\t\t\t\t\t\t\t<\/td>\n\t\t\t\t\t\t\t\t\t\t\t\t\t\t\t\t\t\t\t\t\t\t\t<td>\t\t\t\t\t\t\t\t\t\t\t\t\t\t\t\t\t\t\t\t\t\t\t\t\t\t1.10\t\t\t\t\t\t\t\t\t\t\t\t\t\t\t\t<\/td>\n\t\t\t\t\t\t\t\t\t\t\t\t\t\t\t\t\t\t\t\t\t\t\t<td>\t\t\t\t\t\t\t\t\t\t\t\t\t\t\t\t\t\t\t\t\t\t\t\t\t\t3.80\t\t\t\t\t\t\t\t\t\t\t\t\t\t\t\t<\/td>\n\t\t\t\t\t\t\t\t\t\t\t\t\t\t\t\t\t\t\t\t\t\t\t<td>\t\t\t\t\t\t\t\t\t\t\t\t\t\t\t\t\t\t\t\t\t\t\t\t\t\t5.00\t\t\t\t\t\t\t\t\t\t\t\t\t\t\t\t<\/td>\n\t\t\t\t\t\t\t\t\t\t\t\t\t\t\t\t\t\t\t\t\t\t\t<td>\t\t\t\t\t\t\t\t\t\t\t\t\t\t\t\t\t\t\t\t\t\t\t\t\t\t0.51\t\t\t\t\t\t\t\t\t\t\t\t\t\t\t\t<\/td>\n\t\t\t\t\t\t\t\t\t\t\t\t\t\t\t\t\t\t\t\t\t\t\t<td>\t\t\t\t\t\t\t\t\t\t\t\t\t\t\t\t\t\t\t\t\t\t\t\t\t\t0.28\t\t\t\t\t\t\t\t\t\t\t\t\t\t\t\t<\/td>\n\t\t\t\t\t\t\t\t\t\t\t\t\t\t\t\t\t\t\t\t\t\t\t<td>\t\t\t\t\t\t\t\t\t\t\t\t\t\t\t\t\t\t\t\t\t\t\t\t\t\t12.80\t\t\t\t\t\t\t\t\t\t\t\t\t\t\t\t<\/td>\n\t\t\t\t\t\t\t\t\t\t\t\t\t\t\t\t\t\t\t\t\t<\/tr>\n\t\t\t\t\t\t\t\t\t\t<\/tbody>\n\t\t\t\t<\/table>\n\t\t\t<\/div>\n\t\t[\/vc_column_text][\/vc_column][\/vc_row]<\/p>\n<\/div>","protected":false},"excerpt":{"rendered":"<p><strong>\u00c9chelle t\u00e9lescopique simple avec fermeture automatique.<\/strong><\/p>\n<p>\u00a0<\/p>\n<p>Fabriqu\u00e9 en aluminium anodis\u00e9 tr\u00e8s r\u00e9sistant qui ne vous salit pas les mains. Convient pour un usage professionnel et domestique. Large mont\u00e9e avec de marches plates et antid\u00e9rapantes qui permettent de travailler avec confort et s\u00e9curit\u00e9. Ils comportent des boutons-poussoirs de s\u00e9curit\u00e9 pour un fermeture rapide de l&rsquo;\u00e9chelle et des patins ergonomiques en caoutchouc antid\u00e9rapantes. Il a un syst\u00e8me de fermeture automatique. Pour ouvrir l\u2019\u00e9chelle, il suffit de poser un pied sur la premi\u00e8re marche et avec la main sur l\u2019avant-derni\u00e8re marche, puis de gravir l\u2019\u00e9chelle jusqu\u2019\u00e0 ce qu\u2019elle s\u2019\u00e9tire jusqu\u2019\u00e0 la hauteur totale. Pour le fermer, il suffit de tirer les anneaux de s\u00e9curit\u00e9 sous la derni\u00e8re marche et il se ferme automatiquement. L&rsquo;\u00e9chelle dans une position ferm\u00e9e est ultra-compacte et s&rsquo;int\u00e8gre parfaitement dans le coffre d&rsquo;une voiture.<br \/>\nL&rsquo;\u00e9chelle est approuv\u00e9e selon les normes europ\u00e9ennes EN 131.<\/p>\n<p>\u00a0<\/p>\n<p><img decoding=\"async\" class=\"selos-produto\" src=\"http:\/\/jormax.com\/wp-content\/uploads\/2019\/10\/europa.jpg\" alt=\"NOME DOS SELOS (SUBSTITUIR)\" \/> <img decoding=\"async\" class=\"selos-produto\" src=\"http:\/\/jormax.com\/wp-content\/uploads\/2019\/11\/decret-50-2005.jpg\" alt=\"NOME DOS SELOS (SUBSTITUIR)\" \/> <img decoding=\"async\" class=\"selos-produto\" src=\"http:\/\/jormax.com\/wp-content\/uploads\/2019\/11\/norme-131.jpg\" alt=\"NOME DOS SELOS (SUBSTITUIR)\" \/> <img decoding=\"async\" class=\"selos-produto\" src=\"http:\/\/jormax.com\/wp-content\/uploads\/2019\/11\/garantie-5.jpg\" alt=\"NOME DOS SELOS (SUBSTITUIR)\" \/> <img decoding=\"async\" class=\"selos-produto\" src=\"http:\/\/jormax.com\/wp-content\/uploads\/2019\/11\/usage-professionnel.jpg\" alt=\"NOME DOS SELOS (SUBSTITUIR)\" \/> <img decoding=\"async\" class=\"selos-produto\" src=\"http:\/\/jormax.com\/wp-content\/uploads\/2019\/10\/peso-150.jpg\" alt=\"NOME DOS SELOS (SUBSTITUIR)\" \/><\/p>\n<p>\u00a0<\/p>\n","protected":false},"featured_media":6984,"template":"","meta":[],"product_brand":[],"product_cat":[303,272],"product_tag":[],"class_list":{"0":"post-6983","1":"product","2":"type-product","3":"status-publish","4":"has-post-thumbnail","6":"product_cat-escaliers","7":"product_cat-escadas-multiuso-telescopicas-fr","9":"first","10":"instock","11":"featured","12":"shipping-taxable","13":"product-type-simple"},"yoast_head":"<!-- This site is optimized with the Yoast SEO plugin v24.5 - https:\/\/yoast.com\/wordpress\/plugins\/seo\/ -->\n<title>TELESTEPS SIMPLES - Jormax - F\u00e1brica de Escadas e Escadotes<\/title>\n<meta name=\"description\" content=\"Fabriqu\u00e9 en aluminium anodis\u00e9 tr\u00e8s r\u00e9sistant qui ne vous salit pas les mains. Convient pour un usage professionnel et domestique. Large mont\u00e9e avec de marches plates et antid\u00e9rapantes qui permettent de travailler avec confort et s\u00e9curit\u00e9. Ils comportent des boutons-poussoirs de s\u00e9curit\u00e9 pour un fermeture rapide de l&#039;\u00e9chelle et des patins ergonomiques en caoutchouc antid\u00e9rapantes. Il a un syst\u00e8me de fermeture automatique. Pour ouvrir l\u2019\u00e9chelle, il suffit de poser un pied sur la premi\u00e8re marche et avec la main sur l\u2019avant-derni\u00e8re marche, puis de gravir l\u2019\u00e9chelle jusqu\u2019\u00e0 ce qu\u2019elle s\u2019\u00e9tire jusqu\u2019\u00e0 la hauteur totale. Pour le fermer, il suffit de tirer les anneaux de s\u00e9curit\u00e9 sous la derni\u00e8re marche et il se ferme automatiquement. L&#039;\u00e9chelle dans une position ferm\u00e9e est ultra-compacte et s&#039;int\u00e8gre parfaitement dans le coffre d&#039;une voiture. L&#039;\u00e9chelle est approuv\u00e9e selon les normes europ\u00e9ennes EN 131.\" \/>\n<meta name=\"robots\" content=\"index, follow, max-snippet:-1, max-image-preview:large, max-video-preview:-1\" \/>\n<link rel=\"canonical\" href=\"https:\/\/jormax.com\/fr\/produto\/telesteps-simples\/\" \/>\n<meta property=\"og:locale\" content=\"fr_FR\" \/>\n<meta property=\"og:type\" content=\"article\" \/>\n<meta property=\"og:title\" content=\"TELESTEPS SIMPLES - Jormax - F\u00e1brica de Escadas e Escadotes\" \/>\n<meta property=\"og:description\" content=\"Fabriqu\u00e9 en aluminium anodis\u00e9 tr\u00e8s r\u00e9sistant qui ne vous salit pas les mains. Convient pour un usage professionnel et domestique. Large mont\u00e9e avec de marches plates et antid\u00e9rapantes qui permettent de travailler avec confort et s\u00e9curit\u00e9. Ils comportent des boutons-poussoirs de s\u00e9curit\u00e9 pour un fermeture rapide de l&#039;\u00e9chelle et des patins ergonomiques en caoutchouc antid\u00e9rapantes. Il a un syst\u00e8me de fermeture automatique. Pour ouvrir l\u2019\u00e9chelle, il suffit de poser un pied sur la premi\u00e8re marche et avec la main sur l\u2019avant-derni\u00e8re marche, puis de gravir l\u2019\u00e9chelle jusqu\u2019\u00e0 ce qu\u2019elle s\u2019\u00e9tire jusqu\u2019\u00e0 la hauteur totale. Pour le fermer, il suffit de tirer les anneaux de s\u00e9curit\u00e9 sous la derni\u00e8re marche et il se ferme automatiquement. L&#039;\u00e9chelle dans une position ferm\u00e9e est ultra-compacte et s&#039;int\u00e8gre parfaitement dans le coffre d&#039;une voiture. L&#039;\u00e9chelle est approuv\u00e9e selon les normes europ\u00e9ennes EN 131.\" \/>\n<meta property=\"og:url\" content=\"https:\/\/jormax.com\/fr\/produto\/telesteps-simples\/\" \/>\n<meta property=\"og:site_name\" content=\"Jormax - F\u00e1brica de Escadas e Escadotes\" \/>\n<meta property=\"article:publisher\" content=\"https:\/\/www.facebook.com\/jormaxportugal\/\" \/>\n<meta property=\"article:modified_time\" content=\"2024-07-17T08:44:40+00:00\" \/>\n<meta property=\"og:image\" content=\"https:\/\/jormax.com\/wp-content\/uploads\/2019\/10\/escada-multiuso-telesteps-simples-jormax-1.jpg\" \/>\n\t<meta property=\"og:image:width\" content=\"900\" \/>\n\t<meta property=\"og:image:height\" content=\"900\" \/>\n\t<meta property=\"og:image:type\" content=\"image\/jpeg\" \/>\n<meta name=\"twitter:card\" content=\"summary_large_image\" \/>\n<script type=\"application\/ld+json\" class=\"yoast-schema-graph\">{\"@context\":\"https:\/\/schema.org\",\"@graph\":[{\"@type\":\"WebPage\",\"@id\":\"https:\/\/jormax.com\/fr\/produto\/telesteps-simples\/\",\"url\":\"https:\/\/jormax.com\/fr\/produto\/telesteps-simples\/\",\"name\":\"TELESTEPS SIMPLES - Jormax - F\u00e1brica de Escadas e Escadotes\",\"isPartOf\":{\"@id\":\"https:\/\/jormax.com\/fr\/#website\"},\"primaryImageOfPage\":{\"@id\":\"https:\/\/jormax.com\/fr\/produto\/telesteps-simples\/#primaryimage\"},\"image\":{\"@id\":\"https:\/\/jormax.com\/fr\/produto\/telesteps-simples\/#primaryimage\"},\"thumbnailUrl\":\"https:\/\/jormax.com\/wp-content\/uploads\/2019\/10\/escada-multiuso-telesteps-simples-jormax-1.jpg\",\"datePublished\":\"2019-10-14T16:48:23+00:00\",\"dateModified\":\"2024-07-17T08:44:40+00:00\",\"description\":\"Fabriqu\u00e9 en aluminium anodis\u00e9 tr\u00e8s r\u00e9sistant qui ne vous salit pas les mains. Convient pour un usage professionnel et domestique. Large mont\u00e9e avec de marches plates et antid\u00e9rapantes qui permettent de travailler avec confort et s\u00e9curit\u00e9. Ils comportent des boutons-poussoirs de s\u00e9curit\u00e9 pour un fermeture rapide de l'\u00e9chelle et des patins ergonomiques en caoutchouc antid\u00e9rapantes. Il a un syst\u00e8me de fermeture automatique. Pour ouvrir l\u2019\u00e9chelle, il suffit de poser un pied sur la premi\u00e8re marche et avec la main sur l\u2019avant-derni\u00e8re marche, puis de gravir l\u2019\u00e9chelle jusqu\u2019\u00e0 ce qu\u2019elle s\u2019\u00e9tire jusqu\u2019\u00e0 la hauteur totale. Pour le fermer, il suffit de tirer les anneaux de s\u00e9curit\u00e9 sous la derni\u00e8re marche et il se ferme automatiquement. L'\u00e9chelle dans une position ferm\u00e9e est ultra-compacte et s'int\u00e8gre parfaitement dans le coffre d'une voiture. L'\u00e9chelle est approuv\u00e9e selon les normes europ\u00e9ennes EN 131.\",\"breadcrumb\":{\"@id\":\"https:\/\/jormax.com\/fr\/produto\/telesteps-simples\/#breadcrumb\"},\"inLanguage\":\"fr-FR\",\"potentialAction\":[{\"@type\":\"ReadAction\",\"target\":[\"https:\/\/jormax.com\/fr\/produto\/telesteps-simples\/\"]}]},{\"@type\":\"ImageObject\",\"inLanguage\":\"fr-FR\",\"@id\":\"https:\/\/jormax.com\/fr\/produto\/telesteps-simples\/#primaryimage\",\"url\":\"https:\/\/jormax.com\/wp-content\/uploads\/2019\/10\/escada-multiuso-telesteps-simples-jormax-1.jpg\",\"contentUrl\":\"https:\/\/jormax.com\/wp-content\/uploads\/2019\/10\/escada-multiuso-telesteps-simples-jormax-1.jpg\",\"width\":900,\"height\":900},{\"@type\":\"BreadcrumbList\",\"@id\":\"https:\/\/jormax.com\/fr\/produto\/telesteps-simples\/#breadcrumb\",\"itemListElement\":[{\"@type\":\"ListItem\",\"position\":1,\"name\":\"In\u00edcio\",\"item\":\"https:\/\/jormax.com\/fr\/\"},{\"@type\":\"ListItem\",\"position\":2,\"name\":\"Produ\u00edts\",\"item\":\"https:\/\/jormax.com\/fr\/produits\/\"},{\"@type\":\"ListItem\",\"position\":3,\"name\":\"TELESTEPS SIMPLES\"}]},{\"@type\":\"WebSite\",\"@id\":\"https:\/\/jormax.com\/fr\/#website\",\"url\":\"https:\/\/jormax.com\/fr\/\",\"name\":\"Jormax - F\u00e1brica de Escadas e Escadotes\",\"description\":\"Fabricante de escadas, escadotes, andaimes, plataformas e solu\u00e7\u00f5es \u00e0 medida em alum\u00ednio e fibra de vidro certificados. F\u00e1brica com sede em Portugal.\",\"publisher\":{\"@id\":\"https:\/\/jormax.com\/fr\/#organization\"},\"potentialAction\":[{\"@type\":\"SearchAction\",\"target\":{\"@type\":\"EntryPoint\",\"urlTemplate\":\"https:\/\/jormax.com\/fr\/?s={search_term_string}\"},\"query-input\":{\"@type\":\"PropertyValueSpecification\",\"valueRequired\":true,\"valueName\":\"search_term_string\"}}],\"inLanguage\":\"fr-FR\"},{\"@type\":\"Organization\",\"@id\":\"https:\/\/jormax.com\/fr\/#organization\",\"name\":\"Jormax - Fabricant d' \u00c9chelles, Escabeau et \u00c9chafaudages\",\"url\":\"https:\/\/jormax.com\/fr\/\",\"logo\":{\"@type\":\"ImageObject\",\"inLanguage\":\"fr-FR\",\"@id\":\"https:\/\/jormax.com\/fr\/#\/schema\/logo\/image\/\",\"url\":\"http:\/\/jormax.com\/wp-content\/uploads\/2019\/12\/logotipo-jormax-cor-stickymenu.png\",\"contentUrl\":\"http:\/\/jormax.com\/wp-content\/uploads\/2019\/12\/logotipo-jormax-cor-stickymenu.png\",\"width\":235,\"height\":59,\"caption\":\"Jormax - Fabricant d' \u00c9chelles, Escabeau et \u00c9chafaudages\"},\"image\":{\"@id\":\"https:\/\/jormax.com\/fr\/#\/schema\/logo\/image\/\"},\"sameAs\":[\"https:\/\/www.facebook.com\/jormaxportugal\/\"]}]}<\/script>\n<!-- \/ Yoast SEO plugin. -->","yoast_head_json":{"title":"TELESTEPS SIMPLES - Jormax - F\u00e1brica de Escadas e Escadotes","description":"Fabriqu\u00e9 en aluminium anodis\u00e9 tr\u00e8s r\u00e9sistant qui ne vous salit pas les mains. Convient pour un usage professionnel et domestique. Large mont\u00e9e avec de marches plates et antid\u00e9rapantes qui permettent de travailler avec confort et s\u00e9curit\u00e9. Ils comportent des boutons-poussoirs de s\u00e9curit\u00e9 pour un fermeture rapide de l'\u00e9chelle et des patins ergonomiques en caoutchouc antid\u00e9rapantes. Il a un syst\u00e8me de fermeture automatique. Pour ouvrir l\u2019\u00e9chelle, il suffit de poser un pied sur la premi\u00e8re marche et avec la main sur l\u2019avant-derni\u00e8re marche, puis de gravir l\u2019\u00e9chelle jusqu\u2019\u00e0 ce qu\u2019elle s\u2019\u00e9tire jusqu\u2019\u00e0 la hauteur totale. Pour le fermer, il suffit de tirer les anneaux de s\u00e9curit\u00e9 sous la derni\u00e8re marche et il se ferme automatiquement. L'\u00e9chelle dans une position ferm\u00e9e est ultra-compacte et s'int\u00e8gre parfaitement dans le coffre d'une voiture. L'\u00e9chelle est approuv\u00e9e selon les normes europ\u00e9ennes EN 131.","robots":{"index":"index","follow":"follow","max-snippet":"max-snippet:-1","max-image-preview":"max-image-preview:large","max-video-preview":"max-video-preview:-1"},"canonical":"https:\/\/jormax.com\/fr\/produto\/telesteps-simples\/","og_locale":"fr_FR","og_type":"article","og_title":"TELESTEPS SIMPLES - Jormax - F\u00e1brica de Escadas e Escadotes","og_description":"Fabriqu\u00e9 en aluminium anodis\u00e9 tr\u00e8s r\u00e9sistant qui ne vous salit pas les mains. Convient pour un usage professionnel et domestique. Large mont\u00e9e avec de marches plates et antid\u00e9rapantes qui permettent de travailler avec confort et s\u00e9curit\u00e9. Ils comportent des boutons-poussoirs de s\u00e9curit\u00e9 pour un fermeture rapide de l'\u00e9chelle et des patins ergonomiques en caoutchouc antid\u00e9rapantes. Il a un syst\u00e8me de fermeture automatique. Pour ouvrir l\u2019\u00e9chelle, il suffit de poser un pied sur la premi\u00e8re marche et avec la main sur l\u2019avant-derni\u00e8re marche, puis de gravir l\u2019\u00e9chelle jusqu\u2019\u00e0 ce qu\u2019elle s\u2019\u00e9tire jusqu\u2019\u00e0 la hauteur totale. Pour le fermer, il suffit de tirer les anneaux de s\u00e9curit\u00e9 sous la derni\u00e8re marche et il se ferme automatiquement. L'\u00e9chelle dans une position ferm\u00e9e est ultra-compacte et s'int\u00e8gre parfaitement dans le coffre d'une voiture. L'\u00e9chelle est approuv\u00e9e selon les normes europ\u00e9ennes EN 131.","og_url":"https:\/\/jormax.com\/fr\/produto\/telesteps-simples\/","og_site_name":"Jormax - F\u00e1brica de Escadas e Escadotes","article_publisher":"https:\/\/www.facebook.com\/jormaxportugal\/","article_modified_time":"2024-07-17T08:44:40+00:00","og_image":[{"width":900,"height":900,"url":"https:\/\/jormax.com\/wp-content\/uploads\/2019\/10\/escada-multiuso-telesteps-simples-jormax-1.jpg","type":"image\/jpeg"}],"twitter_card":"summary_large_image","schema":{"@context":"https:\/\/schema.org","@graph":[{"@type":"WebPage","@id":"https:\/\/jormax.com\/fr\/produto\/telesteps-simples\/","url":"https:\/\/jormax.com\/fr\/produto\/telesteps-simples\/","name":"TELESTEPS SIMPLES - Jormax - F\u00e1brica de Escadas e Escadotes","isPartOf":{"@id":"https:\/\/jormax.com\/fr\/#website"},"primaryImageOfPage":{"@id":"https:\/\/jormax.com\/fr\/produto\/telesteps-simples\/#primaryimage"},"image":{"@id":"https:\/\/jormax.com\/fr\/produto\/telesteps-simples\/#primaryimage"},"thumbnailUrl":"https:\/\/jormax.com\/wp-content\/uploads\/2019\/10\/escada-multiuso-telesteps-simples-jormax-1.jpg","datePublished":"2019-10-14T16:48:23+00:00","dateModified":"2024-07-17T08:44:40+00:00","description":"Fabriqu\u00e9 en aluminium anodis\u00e9 tr\u00e8s r\u00e9sistant qui ne vous salit pas les mains. Convient pour un usage professionnel et domestique. Large mont\u00e9e avec de marches plates et antid\u00e9rapantes qui permettent de travailler avec confort et s\u00e9curit\u00e9. Ils comportent des boutons-poussoirs de s\u00e9curit\u00e9 pour un fermeture rapide de l'\u00e9chelle et des patins ergonomiques en caoutchouc antid\u00e9rapantes. Il a un syst\u00e8me de fermeture automatique. Pour ouvrir l\u2019\u00e9chelle, il suffit de poser un pied sur la premi\u00e8re marche et avec la main sur l\u2019avant-derni\u00e8re marche, puis de gravir l\u2019\u00e9chelle jusqu\u2019\u00e0 ce qu\u2019elle s\u2019\u00e9tire jusqu\u2019\u00e0 la hauteur totale. Pour le fermer, il suffit de tirer les anneaux de s\u00e9curit\u00e9 sous la derni\u00e8re marche et il se ferme automatiquement. L'\u00e9chelle dans une position ferm\u00e9e est ultra-compacte et s'int\u00e8gre parfaitement dans le coffre d'une voiture. L'\u00e9chelle est approuv\u00e9e selon les normes europ\u00e9ennes EN 131.","breadcrumb":{"@id":"https:\/\/jormax.com\/fr\/produto\/telesteps-simples\/#breadcrumb"},"inLanguage":"fr-FR","potentialAction":[{"@type":"ReadAction","target":["https:\/\/jormax.com\/fr\/produto\/telesteps-simples\/"]}]},{"@type":"ImageObject","inLanguage":"fr-FR","@id":"https:\/\/jormax.com\/fr\/produto\/telesteps-simples\/#primaryimage","url":"https:\/\/jormax.com\/wp-content\/uploads\/2019\/10\/escada-multiuso-telesteps-simples-jormax-1.jpg","contentUrl":"https:\/\/jormax.com\/wp-content\/uploads\/2019\/10\/escada-multiuso-telesteps-simples-jormax-1.jpg","width":900,"height":900},{"@type":"BreadcrumbList","@id":"https:\/\/jormax.com\/fr\/produto\/telesteps-simples\/#breadcrumb","itemListElement":[{"@type":"ListItem","position":1,"name":"In\u00edcio","item":"https:\/\/jormax.com\/fr\/"},{"@type":"ListItem","position":2,"name":"Produ\u00edts","item":"https:\/\/jormax.com\/fr\/produits\/"},{"@type":"ListItem","position":3,"name":"TELESTEPS SIMPLES"}]},{"@type":"WebSite","@id":"https:\/\/jormax.com\/fr\/#website","url":"https:\/\/jormax.com\/fr\/","name":"Jormax - F\u00e1brica de Escadas e Escadotes","description":"Fabricante de escadas, escadotes, andaimes, plataformas e solu\u00e7\u00f5es \u00e0 medida em alum\u00ednio e fibra de vidro certificados. F\u00e1brica com sede em Portugal.","publisher":{"@id":"https:\/\/jormax.com\/fr\/#organization"},"potentialAction":[{"@type":"SearchAction","target":{"@type":"EntryPoint","urlTemplate":"https:\/\/jormax.com\/fr\/?s={search_term_string}"},"query-input":{"@type":"PropertyValueSpecification","valueRequired":true,"valueName":"search_term_string"}}],"inLanguage":"fr-FR"},{"@type":"Organization","@id":"https:\/\/jormax.com\/fr\/#organization","name":"Jormax - Fabricant d' \u00c9chelles, Escabeau et \u00c9chafaudages","url":"https:\/\/jormax.com\/fr\/","logo":{"@type":"ImageObject","inLanguage":"fr-FR","@id":"https:\/\/jormax.com\/fr\/#\/schema\/logo\/image\/","url":"http:\/\/jormax.com\/wp-content\/uploads\/2019\/12\/logotipo-jormax-cor-stickymenu.png","contentUrl":"http:\/\/jormax.com\/wp-content\/uploads\/2019\/12\/logotipo-jormax-cor-stickymenu.png","width":235,"height":59,"caption":"Jormax - Fabricant d' \u00c9chelles, Escabeau et \u00c9chafaudages"},"image":{"@id":"https:\/\/jormax.com\/fr\/#\/schema\/logo\/image\/"},"sameAs":["https:\/\/www.facebook.com\/jormaxportugal\/"]}]}},"_links":{"self":[{"href":"https:\/\/jormax.com\/fr\/wp-json\/wp\/v2\/product\/6983","targetHints":{"allow":["GET"]}}],"collection":[{"href":"https:\/\/jormax.com\/fr\/wp-json\/wp\/v2\/product"}],"about":[{"href":"https:\/\/jormax.com\/fr\/wp-json\/wp\/v2\/types\/product"}],"wp:featuredmedia":[{"embeddable":true,"href":"https:\/\/jormax.com\/fr\/wp-json\/wp\/v2\/media\/6984"}],"wp:attachment":[{"href":"https:\/\/jormax.com\/fr\/wp-json\/wp\/v2\/media?parent=6983"}],"wp:term":[{"taxonomy":"product_brand","embeddable":true,"href":"https:\/\/jormax.com\/fr\/wp-json\/wp\/v2\/product_brand?post=6983"},{"taxonomy":"product_cat","embeddable":true,"href":"https:\/\/jormax.com\/fr\/wp-json\/wp\/v2\/product_cat?post=6983"},{"taxonomy":"product_tag","embeddable":true,"href":"https:\/\/jormax.com\/fr\/wp-json\/wp\/v2\/product_tag?post=6983"}],"curies":[{"name":"wp","href":"https:\/\/api.w.org\/{rel}","templated":true}]}}