{"id":6934,"date":"2019-10-14T15:03:13","date_gmt":"2019-10-14T15:03:13","guid":{"rendered":"https:\/\/www.jormax.com\/produtos\/non%20class\u00e9\/multilady\/"},"modified":"2024-07-17T09:26:28","modified_gmt":"2024-07-17T08:26:28","slug":"multilady","status":"publish","type":"product","link":"https:\/\/jormax.com\/fr\/produto\/multilady\/","title":{"rendered":"MULTILADY"},"content":{"rendered":"<div class=\"wpb-content-wrapper\"><p>[vc_row full_width=\u00a0\u00bbstretch_row\u00a0\u00bb][vc_column][vc_column_text]\t\t\t\t\t\t<div class=\"wpsm-comptable-wrap\">\n\t\t\t\t<table id=\"wpsm-table-64\" class=\"wpsm-comptable center-table-align\">\n\t\t\t\t\t\t\t\t\t<thead class=\"wpsm-thead wpsm-thead-default\">\n\t\t\t\t\t\t<tr>\t\t\t\t\t\t\t\n\t\t\t\t\t\t\t\t\t\t\t\t\t\t\t\t\t\t\t\t\t\t\t\t<th>REF<\/th>\n\t\t\t\t\t\t\t\t\t\n\t\t\t\t\t\t\t\t\n\t\t\t\t\t\t\t\t\t\t\t\t\t\t\t\t\t\t\t\t\t\t\t\t<th><center><img style=\"width:60px\" src =\"https:\/\/www.jormax.com\/portal\/wp-content\/uploads\/2019\/03\/icon-numero-degraus-jormax.png\" alt=\"\" \/><\/center><br>&nbsp<\/th>\n\t\t\t\t\t\t\t\t\t\n\t\t\t\t\t\t\t\t\n\t\t\t\t\t\t\t\t\t\t\t\t\t\t\t\t\t\t\t\t\t\t\t\t<th><center><img style=\"width:60px\" src =\"https:\/\/jormax.com\/wp-content\/uploads\/2019\/10\/Icon-08.png\" alt=\"\" \/><\/center><br><b><i>m<\/i><\/b><\/th>\n\t\t\t\t\t\t\t\t\t\n\t\t\t\t\t\t\t\t\n\t\t\t\t\t\t\t\t\t\t\t\t\t\t\t\t\t\t\t\t\t\t\t\t<th><center><img style=\"width:60px\" src =\"https:\/\/jormax.com\/wp-content\/uploads\/Icon-52.png\" alt=\"\" \/><\/center><br><b><i>m<\/i><\/b><\/th>\n\t\t\t\t\t\t\t\t\t\n\t\t\t\t\t\t\t\t\n\t\t\t\t\t\t\t\t\t\t\t\t\t\t\t\t\t\t\t\t\t\t\t\t<th><center><img style=\"width:60px\" src =\"https:\/\/www.jormax.com\/portal\/wp-content\/uploads\/2019\/10\/Icon-36.png\" alt=\"\" \/><\/center><br><b><i>m<\/i><\/b><\/th>\n\t\t\t\t\t\t\t\t\t\n\t\t\t\t\t\t\t\t\n\t\t\t\t\t\t\t\t\t\t\t\t\t\t\t\t\t\t\t\t\t\t\t\t<th><center><img style=\"width:60px\" src =\"https:\/\/www.jormax.com\/portal\/wp-content\/uploads\/2019\/10\/Icon-13.png\" alt=\"\" \/><\/center><br><b><i>m<\/i><\/b><\/th>\n\t\t\t\t\t\t\t\t\t\n\t\t\t\t\t\t\t\t\n\t\t\t\t\t\t\t\t\t\t\t\t\t\t\t\t\t\t\t\t\t\t\t\t<th><center><img style=\"width:60px\" src =\"https:\/\/www.jormax.com\/portal\/wp-content\/uploads\/2019\/03\/icon-largura-jormax.png\" alt=\"\" \/><\/center><br><b><i>m<\/i><\/b><\/th>\n\t\t\t\t\t\t\t\t\t\n\t\t\t\t\t\t\t\t\n\t\t\t\t\t\t\t\t\t\t\t\t\t\t\t\t\t\t\t\t\t\t\t\t<th><center><img style=\"width:60px\" src =\"https:\/\/www.jormax.com\/portal\/wp-content\/uploads\/2019\/03\/icon-espessura-jormax.png\" alt=\"\" \/><\/center><br><b><i>m<\/i><\/b><\/th>\n\t\t\t\t\t\t\t\t\t\n\t\t\t\t\t\t\t\t\n\t\t\t\t\t\t\t\t\t\t\t\t\t\t\t\t\t\t\t\t\t\t\t\t<th>KG<\/th>\n\t\t\t\t\t\t\t\t\t\n\t\t\t\t\t\t\t\t\n\t\t\t\t\t\t\t\t\t\t\t\t\t<\/tr>\n\t\t\t\t\t<\/thead>\n\t\t\t\t\t<tbody class=\"wpsm-tbody\">\n\t\t\t\t\t\t\t\t\t\t\t\t\t\t\t\t<tr>\t\t\t\t\t\t\t\t\t\t\t\t\t\t\t<td>\t\t\t\t\t\t\t\t\t\t\t\t\t\t\t\t\t\t\t\t\t\t\t\t\t\t10233\t\t\t\t\t\t\t\t\t\t\t\t\t\t\t\t<\/td>\n\t\t\t\t\t\t\t\t\t\t\t\t\t\t\t\t\t\t\t\t\t\t\t<td>\t\t\t\t\t\t\t\t\t\t\t\t\t\t\t\t\t\t\t\t\t\t\t\t\t\t12\t\t\t\t\t\t\t\t\t\t\t\t\t\t\t\t<\/td>\n\t\t\t\t\t\t\t\t\t\t\t\t\t\t\t\t\t\t\t\t\t\t\t<td>\t\t\t\t\t\t\t\t\t\t\t\t\t\t\t\t\t\t\t\t\t\t\t\t\t\t3.63\t\t\t\t\t\t\t\t\t\t\t\t\t\t\t\t<\/td>\n\t\t\t\t\t\t\t\t\t\t\t\t\t\t\t\t\t\t\t\t\t\t\t<td>\t\t\t\t\t\t\t\t\t\t\t\t\t\t\t\t\t\t\t\t\t\t\t\t\t\t0.96\t\t\t\t\t\t\t\t\t\t\t\t\t\t\t\t<\/td>\n\t\t\t\t\t\t\t\t\t\t\t\t\t\t\t\t\t\t\t\t\t\t\t<td>\t\t\t\t\t\t\t\t\t\t\t\t\t\t\t\t\t\t\t\t\t\t\t\t\t\t0.94\t\t\t\t\t\t\t\t\t\t\t\t\t\t\t\t<\/td>\n\t\t\t\t\t\t\t\t\t\t\t\t\t\t\t\t\t\t\t\t\t\t\t<td>\t\t\t\t\t\t\t\t\t\t\t\t\t\t\t\t\t\t\t\t\t\t\t\t\t\t1.76\t\t\t\t\t\t\t\t\t\t\t\t\t\t\t\t<\/td>\n\t\t\t\t\t\t\t\t\t\t\t\t\t\t\t\t\t\t\t\t\t\t\t<td>\t\t\t\t\t\t\t\t\t\t\t\t\t\t\t\t\t\t\t\t\t\t\t\t\t\t0.78\t\t\t\t\t\t\t\t\t\t\t\t\t\t\t\t<\/td>\n\t\t\t\t\t\t\t\t\t\t\t\t\t\t\t\t\t\t\t\t\t\t\t<td>\t\t\t\t\t\t\t\t\t\t\t\t\t\t\t\t\t\t\t\t\t\t\t\t\t\t0.27\t\t\t\t\t\t\t\t\t\t\t\t\t\t\t\t<\/td>\n\t\t\t\t\t\t\t\t\t\t\t\t\t\t\t\t\t\t\t\t\t\t\t<td>\t\t\t\t\t\t\t\t\t\t\t\t\t\t\t\t\t\t\t\t\t\t\t\t\t\t15.00\t\t\t\t\t\t\t\t\t\t\t\t\t\t\t\t<\/td>\n\t\t\t\t\t\t\t\t\t\t\t\t\t\t\t\t\t\t\t\t\t<\/tr>\n\t\t\t\t\t\t\t\t\t\t<\/tbody>\n\t\t\t\t<\/table>\n\t\t\t<\/div>\n\t\t[\/vc_column_text][vc_column_text]\u00a0[\/vc_column_text][\/vc_column][\/vc_row][vc_row el_id=\u00a0\u00bbPositionsMultilady\u00a0\u00bb css=\u00a0\u00bb.vc_custom_1571070877868{border-right-width: 50px !important;border-right-color: #000000 !important;}\u00a0\u00bb][vc_column width=\u00a0\u00bb1\/3&Prime;][vc_column_text]<img decoding=\"async\" class=\"alignleft\" src=\"http:\/\/jormax.com\/wp-content\/uploads\/2019\/10\/pormenor-1-multilady-jormax.jpg\" alt=\"posicoes\" \/>[\/vc_column_text][vc_column_text]<\/p>\n<p style=\"text-align: center;\">Posi\u00e7\u00e3o Escada<\/p>\n<p>[\/vc_column_text][\/vc_column][vc_column width=\u00a0\u00bb1\/3&Prime;][vc_column_text]<img decoding=\"async\" class=\"aligncenter\" src=\"http:\/\/jormax.com\/wp-content\/uploads\/2019\/10\/pormenor-2-multilady-jormax.jpg\" alt=\"posicoes\" \/>[\/vc_column_text][vc_column_text]<\/p>\n<p style=\"text-align: center;\">Posi\u00e7\u00e3o Escadote<\/p>\n<p>[\/vc_column_text][\/vc_column][vc_column width=\u00a0\u00bb1\/3&Prime; css=\u00a0\u00bb.vc_custom_1571069558917{padding-right: 50px !important;}\u00a0\u00bb][vc_column_text]<img decoding=\"async\" class=\"alignright\" src=\"http:\/\/jormax.com\/wp-content\/uploads\/2019\/10\/pormenor-3-multilady-jormax.jpg\" alt=\"posicoes\" \/>[\/vc_column_text][vc_column_text]<\/p>\n<p style=\"text-align: center;\">Posi\u00e7\u00e3o Prancha com desn\u00edvel<\/p>\n<p>[\/vc_column_text][\/vc_column][\/vc_row]<\/p>\n<\/div>","protected":false},"excerpt":{"rendered":"<p><strong>\u00c9chelle t\u00e9lescopique, multipositions avec stabilisateurs.<\/strong><\/p>\n<p>\u00a0<\/p>\n<p>Il peut \u00eatre utilis\u00e9 dans plusieurs positions de travail: en appui, en escabeaux, sur un \u00e9tabli dans des d\u00e9nivellations. L&rsquo;\u00e9chelle est \u00e9quip\u00e9e d&rsquo;une plateforme de travail en acier de 89&#215;28 cm qui permet d&rsquo;utiliser l&rsquo;\u00e9chelle en tant que table de travail. Il est \u00e9galement r\u00e9glable \u00e0 diff\u00e9rentes hauteurs gr\u00e2ce au syst\u00e8me t\u00e9lescopique. Peut aussi \u00eatre utilis\u00e9 sur des escaliers in\u00e9gaux. Il est \u00e9quip\u00e9 de joints automatiques en acier pour l&rsquo;ouverture et la fermeture rapide, de crochets en acier recouverts de nylon et d&rsquo;un double stabilisateur d&rsquo;appui au sol. \u00c9chelle tr\u00e8s compacte qui peut facilement \u00eatre transport\u00e9e dans le coffre d&rsquo;une voiture. C&rsquo;est une \u00e9chelle con\u00e7ue pour un usage professionnel, bricolage et domestique. Il est certifi\u00e9 et fabriqu\u00e9 conform\u00e9ment aux normes europ\u00e9ennes EN 131.<\/p>\n<p>\u00a0<\/p>\n<p>\u00a0<\/p>\n<p><a class=\"teste2\" href=\"#PosicoesMultilady\"><strong> Voir les positions<\/strong><\/a><\/p>\n<p>\u00a0<\/p>\n<p>\u00a0<\/p>\n<p><img decoding=\"async\" class=\"selos-produto\" src=\"http:\/\/jormax.com\/wp-content\/uploads\/2019\/10\/europa.jpg\" alt=\"NOME DOS SELOS (SUBSTITUIR)\" \/> <img decoding=\"async\" class=\"selos-produto\" src=\"http:\/\/jormax.com\/wp-content\/uploads\/2019\/11\/decret-50-2005.jpg\" alt=\"NOME DOS SELOS (SUBSTITUIR)\" \/> <img decoding=\"async\" class=\"selos-produto\" src=\"http:\/\/jormax.com\/wp-content\/uploads\/2019\/11\/norme-131.jpg\" alt=\"NOME DOS SELOS (SUBSTITUIR)\" \/> <img decoding=\"async\" class=\"selos-produto\" src=\"http:\/\/jormax.com\/wp-content\/uploads\/2019\/11\/garantie-3.jpg\" alt=\"NOME DOS SELOS (SUBSTITUIR)\" \/> <img decoding=\"async\" class=\"selos-produto\" src=\"http:\/\/jormax.com\/wp-content\/uploads\/2019\/11\/usage-professionnel.jpg\" alt=\"NOME DOS SELOS (SUBSTITUIR)\" \/> <img decoding=\"async\" class=\"selos-produto\" src=\"http:\/\/jormax.com\/wp-content\/uploads\/2019\/10\/peso-150.jpg\" alt=\"NOME DOS SELOS (SUBSTITUIR)\" \/><\/p>\n<p>\u00a0<\/p>\n","protected":false},"featured_media":6936,"template":"","meta":[],"product_brand":[],"product_cat":[303,272],"product_tag":[],"class_list":{"0":"post-6934","1":"product","2":"type-product","3":"status-publish","4":"has-post-thumbnail","6":"product_cat-escaliers","7":"product_cat-escadas-multiuso-telescopicas-fr","9":"first","10":"instock","11":"shipping-taxable","12":"product-type-simple"},"yoast_head":"<!-- This site is optimized with the Yoast SEO plugin v24.5 - https:\/\/yoast.com\/wordpress\/plugins\/seo\/ -->\n<title>MULTILADY - Jormax - F\u00e1brica de Escadas e Escadotes<\/title>\n<meta name=\"description\" content=\"Il peut \u00eatre utilis\u00e9 dans plusieurs positions de travail: en appui, en escabeaux, sur un \u00e9tabli dans des d\u00e9nivellations. L&#039;\u00e9chelle est \u00e9quip\u00e9e d&#039;une plateforme de travail en acier de 89x28 cm qui permet d&#039;utiliser l&#039;\u00e9chelle en tant que table de travail. Il est \u00e9galement r\u00e9glable \u00e0 diff\u00e9rentes hauteurs gr\u00e2ce au syst\u00e8me t\u00e9lescopique. Peut aussi \u00eatre utilis\u00e9 sur des escaliers in\u00e9gaux. Il est \u00e9quip\u00e9 de joints automatiques en acier pour l&#039;ouverture et la fermeture rapide, de crochets en acier recouverts de nylon et d&#039;un double stabilisateur d&#039;appui au sol. \u00c9chelle tr\u00e8s compacte qui peut facilement \u00eatre transport\u00e9e dans le coffre d&#039;une voiture. C&#039;est une \u00e9chelle con\u00e7ue pour un usage professionnel, bricolage et domestique. Il est certifi\u00e9 et fabriqu\u00e9 conform\u00e9ment aux normes europ\u00e9ennes EN 131.\" \/>\n<meta name=\"robots\" content=\"index, follow, max-snippet:-1, max-image-preview:large, max-video-preview:-1\" \/>\n<link rel=\"canonical\" href=\"https:\/\/jormax.com\/fr\/produto\/multilady\/\" \/>\n<meta property=\"og:locale\" content=\"fr_FR\" \/>\n<meta property=\"og:type\" content=\"article\" \/>\n<meta property=\"og:title\" content=\"MULTILADY - Jormax - F\u00e1brica de Escadas e Escadotes\" \/>\n<meta property=\"og:description\" content=\"Il peut \u00eatre utilis\u00e9 dans plusieurs positions de travail: en appui, en escabeaux, sur un \u00e9tabli dans des d\u00e9nivellations. L&#039;\u00e9chelle est \u00e9quip\u00e9e d&#039;une plateforme de travail en acier de 89x28 cm qui permet d&#039;utiliser l&#039;\u00e9chelle en tant que table de travail. Il est \u00e9galement r\u00e9glable \u00e0 diff\u00e9rentes hauteurs gr\u00e2ce au syst\u00e8me t\u00e9lescopique. Peut aussi \u00eatre utilis\u00e9 sur des escaliers in\u00e9gaux. Il est \u00e9quip\u00e9 de joints automatiques en acier pour l&#039;ouverture et la fermeture rapide, de crochets en acier recouverts de nylon et d&#039;un double stabilisateur d&#039;appui au sol. \u00c9chelle tr\u00e8s compacte qui peut facilement \u00eatre transport\u00e9e dans le coffre d&#039;une voiture. C&#039;est une \u00e9chelle con\u00e7ue pour un usage professionnel, bricolage et domestique. Il est certifi\u00e9 et fabriqu\u00e9 conform\u00e9ment aux normes europ\u00e9ennes EN 131.\" \/>\n<meta property=\"og:url\" content=\"https:\/\/jormax.com\/fr\/produto\/multilady\/\" \/>\n<meta property=\"og:site_name\" content=\"Jormax - F\u00e1brica de Escadas e Escadotes\" \/>\n<meta property=\"article:publisher\" content=\"https:\/\/www.facebook.com\/jormaxportugal\/\" \/>\n<meta property=\"article:modified_time\" content=\"2024-07-17T08:26:28+00:00\" \/>\n<meta property=\"og:image\" content=\"https:\/\/jormax.com\/wp-content\/uploads\/2019\/10\/escada-multiuso-multilady-jormax.jpg\" \/>\n\t<meta property=\"og:image:width\" content=\"900\" \/>\n\t<meta property=\"og:image:height\" content=\"900\" \/>\n\t<meta property=\"og:image:type\" content=\"image\/jpeg\" \/>\n<meta name=\"twitter:card\" content=\"summary_large_image\" \/>\n<meta name=\"twitter:label1\" content=\"Dur\u00e9e de lecture estim\u00e9e\" \/>\n\t<meta name=\"twitter:data1\" content=\"1 minute\" \/>\n<script type=\"application\/ld+json\" class=\"yoast-schema-graph\">{\"@context\":\"https:\/\/schema.org\",\"@graph\":[{\"@type\":\"WebPage\",\"@id\":\"https:\/\/jormax.com\/fr\/produto\/multilady\/\",\"url\":\"https:\/\/jormax.com\/fr\/produto\/multilady\/\",\"name\":\"MULTILADY - Jormax - F\u00e1brica de Escadas e Escadotes\",\"isPartOf\":{\"@id\":\"https:\/\/jormax.com\/fr\/#website\"},\"primaryImageOfPage\":{\"@id\":\"https:\/\/jormax.com\/fr\/produto\/multilady\/#primaryimage\"},\"image\":{\"@id\":\"https:\/\/jormax.com\/fr\/produto\/multilady\/#primaryimage\"},\"thumbnailUrl\":\"https:\/\/jormax.com\/wp-content\/uploads\/2019\/10\/escada-multiuso-multilady-jormax.jpg\",\"datePublished\":\"2019-10-14T15:03:13+00:00\",\"dateModified\":\"2024-07-17T08:26:28+00:00\",\"description\":\"Il peut \u00eatre utilis\u00e9 dans plusieurs positions de travail: en appui, en escabeaux, sur un \u00e9tabli dans des d\u00e9nivellations. L'\u00e9chelle est \u00e9quip\u00e9e d'une plateforme de travail en acier de 89x28 cm qui permet d'utiliser l'\u00e9chelle en tant que table de travail. Il est \u00e9galement r\u00e9glable \u00e0 diff\u00e9rentes hauteurs gr\u00e2ce au syst\u00e8me t\u00e9lescopique. Peut aussi \u00eatre utilis\u00e9 sur des escaliers in\u00e9gaux. Il est \u00e9quip\u00e9 de joints automatiques en acier pour l'ouverture et la fermeture rapide, de crochets en acier recouverts de nylon et d'un double stabilisateur d'appui au sol. \u00c9chelle tr\u00e8s compacte qui peut facilement \u00eatre transport\u00e9e dans le coffre d'une voiture. C'est une \u00e9chelle con\u00e7ue pour un usage professionnel, bricolage et domestique. Il est certifi\u00e9 et fabriqu\u00e9 conform\u00e9ment aux normes europ\u00e9ennes EN 131.\",\"breadcrumb\":{\"@id\":\"https:\/\/jormax.com\/fr\/produto\/multilady\/#breadcrumb\"},\"inLanguage\":\"fr-FR\",\"potentialAction\":[{\"@type\":\"ReadAction\",\"target\":[\"https:\/\/jormax.com\/fr\/produto\/multilady\/\"]}]},{\"@type\":\"ImageObject\",\"inLanguage\":\"fr-FR\",\"@id\":\"https:\/\/jormax.com\/fr\/produto\/multilady\/#primaryimage\",\"url\":\"https:\/\/jormax.com\/wp-content\/uploads\/2019\/10\/escada-multiuso-multilady-jormax.jpg\",\"contentUrl\":\"https:\/\/jormax.com\/wp-content\/uploads\/2019\/10\/escada-multiuso-multilady-jormax.jpg\",\"width\":900,\"height\":900},{\"@type\":\"BreadcrumbList\",\"@id\":\"https:\/\/jormax.com\/fr\/produto\/multilady\/#breadcrumb\",\"itemListElement\":[{\"@type\":\"ListItem\",\"position\":1,\"name\":\"In\u00edcio\",\"item\":\"https:\/\/jormax.com\/fr\/\"},{\"@type\":\"ListItem\",\"position\":2,\"name\":\"Produ\u00edts\",\"item\":\"https:\/\/jormax.com\/fr\/produits\/\"},{\"@type\":\"ListItem\",\"position\":3,\"name\":\"MULTILADY\"}]},{\"@type\":\"WebSite\",\"@id\":\"https:\/\/jormax.com\/fr\/#website\",\"url\":\"https:\/\/jormax.com\/fr\/\",\"name\":\"Jormax - F\u00e1brica de Escadas e Escadotes\",\"description\":\"Fabricante de escadas, escadotes, andaimes, plataformas e solu\u00e7\u00f5es \u00e0 medida em alum\u00ednio e fibra de vidro certificados. F\u00e1brica com sede em Portugal.\",\"publisher\":{\"@id\":\"https:\/\/jormax.com\/fr\/#organization\"},\"potentialAction\":[{\"@type\":\"SearchAction\",\"target\":{\"@type\":\"EntryPoint\",\"urlTemplate\":\"https:\/\/jormax.com\/fr\/?s={search_term_string}\"},\"query-input\":{\"@type\":\"PropertyValueSpecification\",\"valueRequired\":true,\"valueName\":\"search_term_string\"}}],\"inLanguage\":\"fr-FR\"},{\"@type\":\"Organization\",\"@id\":\"https:\/\/jormax.com\/fr\/#organization\",\"name\":\"Jormax - Fabricant d' \u00c9chelles, Escabeau et \u00c9chafaudages\",\"url\":\"https:\/\/jormax.com\/fr\/\",\"logo\":{\"@type\":\"ImageObject\",\"inLanguage\":\"fr-FR\",\"@id\":\"https:\/\/jormax.com\/fr\/#\/schema\/logo\/image\/\",\"url\":\"http:\/\/jormax.com\/wp-content\/uploads\/2019\/12\/logotipo-jormax-cor-stickymenu.png\",\"contentUrl\":\"http:\/\/jormax.com\/wp-content\/uploads\/2019\/12\/logotipo-jormax-cor-stickymenu.png\",\"width\":235,\"height\":59,\"caption\":\"Jormax - Fabricant d' \u00c9chelles, Escabeau et \u00c9chafaudages\"},\"image\":{\"@id\":\"https:\/\/jormax.com\/fr\/#\/schema\/logo\/image\/\"},\"sameAs\":[\"https:\/\/www.facebook.com\/jormaxportugal\/\"]}]}<\/script>\n<!-- \/ Yoast SEO plugin. -->","yoast_head_json":{"title":"MULTILADY - Jormax - F\u00e1brica de Escadas e Escadotes","description":"Il peut \u00eatre utilis\u00e9 dans plusieurs positions de travail: en appui, en escabeaux, sur un \u00e9tabli dans des d\u00e9nivellations. L'\u00e9chelle est \u00e9quip\u00e9e d'une plateforme de travail en acier de 89x28 cm qui permet d'utiliser l'\u00e9chelle en tant que table de travail. Il est \u00e9galement r\u00e9glable \u00e0 diff\u00e9rentes hauteurs gr\u00e2ce au syst\u00e8me t\u00e9lescopique. Peut aussi \u00eatre utilis\u00e9 sur des escaliers in\u00e9gaux. Il est \u00e9quip\u00e9 de joints automatiques en acier pour l'ouverture et la fermeture rapide, de crochets en acier recouverts de nylon et d'un double stabilisateur d'appui au sol. \u00c9chelle tr\u00e8s compacte qui peut facilement \u00eatre transport\u00e9e dans le coffre d'une voiture. C'est une \u00e9chelle con\u00e7ue pour un usage professionnel, bricolage et domestique. Il est certifi\u00e9 et fabriqu\u00e9 conform\u00e9ment aux normes europ\u00e9ennes EN 131.","robots":{"index":"index","follow":"follow","max-snippet":"max-snippet:-1","max-image-preview":"max-image-preview:large","max-video-preview":"max-video-preview:-1"},"canonical":"https:\/\/jormax.com\/fr\/produto\/multilady\/","og_locale":"fr_FR","og_type":"article","og_title":"MULTILADY - Jormax - F\u00e1brica de Escadas e Escadotes","og_description":"Il peut \u00eatre utilis\u00e9 dans plusieurs positions de travail: en appui, en escabeaux, sur un \u00e9tabli dans des d\u00e9nivellations. L'\u00e9chelle est \u00e9quip\u00e9e d'une plateforme de travail en acier de 89x28 cm qui permet d'utiliser l'\u00e9chelle en tant que table de travail. Il est \u00e9galement r\u00e9glable \u00e0 diff\u00e9rentes hauteurs gr\u00e2ce au syst\u00e8me t\u00e9lescopique. Peut aussi \u00eatre utilis\u00e9 sur des escaliers in\u00e9gaux. Il est \u00e9quip\u00e9 de joints automatiques en acier pour l'ouverture et la fermeture rapide, de crochets en acier recouverts de nylon et d'un double stabilisateur d'appui au sol. \u00c9chelle tr\u00e8s compacte qui peut facilement \u00eatre transport\u00e9e dans le coffre d'une voiture. C'est une \u00e9chelle con\u00e7ue pour un usage professionnel, bricolage et domestique. Il est certifi\u00e9 et fabriqu\u00e9 conform\u00e9ment aux normes europ\u00e9ennes EN 131.","og_url":"https:\/\/jormax.com\/fr\/produto\/multilady\/","og_site_name":"Jormax - F\u00e1brica de Escadas e Escadotes","article_publisher":"https:\/\/www.facebook.com\/jormaxportugal\/","article_modified_time":"2024-07-17T08:26:28+00:00","og_image":[{"width":900,"height":900,"url":"https:\/\/jormax.com\/wp-content\/uploads\/2019\/10\/escada-multiuso-multilady-jormax.jpg","type":"image\/jpeg"}],"twitter_card":"summary_large_image","twitter_misc":{"Dur\u00e9e de lecture estim\u00e9e":"1 minute"},"schema":{"@context":"https:\/\/schema.org","@graph":[{"@type":"WebPage","@id":"https:\/\/jormax.com\/fr\/produto\/multilady\/","url":"https:\/\/jormax.com\/fr\/produto\/multilady\/","name":"MULTILADY - Jormax - F\u00e1brica de Escadas e Escadotes","isPartOf":{"@id":"https:\/\/jormax.com\/fr\/#website"},"primaryImageOfPage":{"@id":"https:\/\/jormax.com\/fr\/produto\/multilady\/#primaryimage"},"image":{"@id":"https:\/\/jormax.com\/fr\/produto\/multilady\/#primaryimage"},"thumbnailUrl":"https:\/\/jormax.com\/wp-content\/uploads\/2019\/10\/escada-multiuso-multilady-jormax.jpg","datePublished":"2019-10-14T15:03:13+00:00","dateModified":"2024-07-17T08:26:28+00:00","description":"Il peut \u00eatre utilis\u00e9 dans plusieurs positions de travail: en appui, en escabeaux, sur un \u00e9tabli dans des d\u00e9nivellations. L'\u00e9chelle est \u00e9quip\u00e9e d'une plateforme de travail en acier de 89x28 cm qui permet d'utiliser l'\u00e9chelle en tant que table de travail. Il est \u00e9galement r\u00e9glable \u00e0 diff\u00e9rentes hauteurs gr\u00e2ce au syst\u00e8me t\u00e9lescopique. Peut aussi \u00eatre utilis\u00e9 sur des escaliers in\u00e9gaux. Il est \u00e9quip\u00e9 de joints automatiques en acier pour l'ouverture et la fermeture rapide, de crochets en acier recouverts de nylon et d'un double stabilisateur d'appui au sol. \u00c9chelle tr\u00e8s compacte qui peut facilement \u00eatre transport\u00e9e dans le coffre d'une voiture. C'est une \u00e9chelle con\u00e7ue pour un usage professionnel, bricolage et domestique. Il est certifi\u00e9 et fabriqu\u00e9 conform\u00e9ment aux normes europ\u00e9ennes EN 131.","breadcrumb":{"@id":"https:\/\/jormax.com\/fr\/produto\/multilady\/#breadcrumb"},"inLanguage":"fr-FR","potentialAction":[{"@type":"ReadAction","target":["https:\/\/jormax.com\/fr\/produto\/multilady\/"]}]},{"@type":"ImageObject","inLanguage":"fr-FR","@id":"https:\/\/jormax.com\/fr\/produto\/multilady\/#primaryimage","url":"https:\/\/jormax.com\/wp-content\/uploads\/2019\/10\/escada-multiuso-multilady-jormax.jpg","contentUrl":"https:\/\/jormax.com\/wp-content\/uploads\/2019\/10\/escada-multiuso-multilady-jormax.jpg","width":900,"height":900},{"@type":"BreadcrumbList","@id":"https:\/\/jormax.com\/fr\/produto\/multilady\/#breadcrumb","itemListElement":[{"@type":"ListItem","position":1,"name":"In\u00edcio","item":"https:\/\/jormax.com\/fr\/"},{"@type":"ListItem","position":2,"name":"Produ\u00edts","item":"https:\/\/jormax.com\/fr\/produits\/"},{"@type":"ListItem","position":3,"name":"MULTILADY"}]},{"@type":"WebSite","@id":"https:\/\/jormax.com\/fr\/#website","url":"https:\/\/jormax.com\/fr\/","name":"Jormax - F\u00e1brica de Escadas e Escadotes","description":"Fabricante de escadas, escadotes, andaimes, plataformas e solu\u00e7\u00f5es \u00e0 medida em alum\u00ednio e fibra de vidro certificados. F\u00e1brica com sede em Portugal.","publisher":{"@id":"https:\/\/jormax.com\/fr\/#organization"},"potentialAction":[{"@type":"SearchAction","target":{"@type":"EntryPoint","urlTemplate":"https:\/\/jormax.com\/fr\/?s={search_term_string}"},"query-input":{"@type":"PropertyValueSpecification","valueRequired":true,"valueName":"search_term_string"}}],"inLanguage":"fr-FR"},{"@type":"Organization","@id":"https:\/\/jormax.com\/fr\/#organization","name":"Jormax - Fabricant d' \u00c9chelles, Escabeau et \u00c9chafaudages","url":"https:\/\/jormax.com\/fr\/","logo":{"@type":"ImageObject","inLanguage":"fr-FR","@id":"https:\/\/jormax.com\/fr\/#\/schema\/logo\/image\/","url":"http:\/\/jormax.com\/wp-content\/uploads\/2019\/12\/logotipo-jormax-cor-stickymenu.png","contentUrl":"http:\/\/jormax.com\/wp-content\/uploads\/2019\/12\/logotipo-jormax-cor-stickymenu.png","width":235,"height":59,"caption":"Jormax - Fabricant d' \u00c9chelles, Escabeau et \u00c9chafaudages"},"image":{"@id":"https:\/\/jormax.com\/fr\/#\/schema\/logo\/image\/"},"sameAs":["https:\/\/www.facebook.com\/jormaxportugal\/"]}]}},"_links":{"self":[{"href":"https:\/\/jormax.com\/fr\/wp-json\/wp\/v2\/product\/6934","targetHints":{"allow":["GET"]}}],"collection":[{"href":"https:\/\/jormax.com\/fr\/wp-json\/wp\/v2\/product"}],"about":[{"href":"https:\/\/jormax.com\/fr\/wp-json\/wp\/v2\/types\/product"}],"wp:featuredmedia":[{"embeddable":true,"href":"https:\/\/jormax.com\/fr\/wp-json\/wp\/v2\/media\/6936"}],"wp:attachment":[{"href":"https:\/\/jormax.com\/fr\/wp-json\/wp\/v2\/media?parent=6934"}],"wp:term":[{"taxonomy":"product_brand","embeddable":true,"href":"https:\/\/jormax.com\/fr\/wp-json\/wp\/v2\/product_brand?post=6934"},{"taxonomy":"product_cat","embeddable":true,"href":"https:\/\/jormax.com\/fr\/wp-json\/wp\/v2\/product_cat?post=6934"},{"taxonomy":"product_tag","embeddable":true,"href":"https:\/\/jormax.com\/fr\/wp-json\/wp\/v2\/product_tag?post=6934"}],"curies":[{"name":"wp","href":"https:\/\/api.w.org\/{rel}","templated":true}]}}