{"id":6529,"date":"2019-10-03T13:42:33","date_gmt":"2019-10-03T13:42:33","guid":{"rendered":"https:\/\/www.jormax.com\/produtos\/non%20class\u00e9\/cargo-industrial\/"},"modified":"2024-07-15T15:09:31","modified_gmt":"2024-07-15T14:09:31","slug":"cargo-industrial","status":"publish","type":"product","link":"https:\/\/jormax.com\/fr\/produto\/cargo-industrial\/","title":{"rendered":"CARGO INDUSTRIAL"},"content":{"rendered":"<div class=\"wpb-content-wrapper\"><p>[vc_row full_width=\u00a0\u00bbstretch_row\u00a0\u00bb][vc_column][vc_column_text]\t\t\t\t\t\t<div class=\"wpsm-comptable-wrap\">\n\t\t\t\t<table id=\"wpsm-table-23\" class=\"wpsm-comptable center-table-align\">\n\t\t\t\t\t\t\t\t\t<thead class=\"wpsm-thead wpsm-thead-default\">\n\t\t\t\t\t\t<tr>\t\t\t\t\t\t\t\n\t\t\t\t\t\t\t\t\t\t\t\t\t\t\t\t\t\t\t\t\t\t\t\t<th>REF<\/th>\n\t\t\t\t\t\t\t\t\t\n\t\t\t\t\t\t\t\t\n\t\t\t\t\t\t\t\t\t\t\t\t\t\t\t\t\t\t\t\t\t\t\t\t<th><center><img style=\"width:60px\" src =\"https:\/\/www.jormax.com\/portal\/wp-content\/uploads\/2019\/03\/icon-numero-degraus-jormax.png\" alt=\"\" \/><\/center><br> &nbsp<\/th>\n\t\t\t\t\t\t\t\t\t\n\t\t\t\t\t\t\t\t\n\t\t\t\t\t\t\t\t\t\t\t\t\t\t\t\t\t\t\t\t\t\t\t\t<th><center><img style=\"width:60px\" src =\"https:\/\/jormax.com\/wp-content\/uploads\/2019\/10\/Icon-31.png\" alt=\"\" \/><\/center><br><b><i>m<\/i><\/b><\/th>\n\t\t\t\t\t\t\t\t\t\n\t\t\t\t\t\t\t\t\n\t\t\t\t\t\t\t\t\t\t\t\t\t\t\t\t\t\t\t\t\t\t\t\t<th><center><img style=\"width:60px\" src =\"https:\/\/www.jormax.com\/portal\/wp-content\/uploads\/2019\/10\/Icon-33.png\" alt=\"\" \/><\/center><br><b><i>m<\/i><\/b><\/th>\n\t\t\t\t\t\t\t\t\t\n\t\t\t\t\t\t\t\t\n\t\t\t\t\t\t\t\t\t\t\t\t\t\t\t\t\t\t\t\t\t\t\t\t<th><center><img style=\"width:60px\" src =\"https:\/\/www.jormax.com\/portal\/wp-content\/uploads\/2019\/10\/Icon-34.png\" alt=\"\" \/><\/center><br><b><i>m<\/i><\/b><\/th>\n\t\t\t\t\t\t\t\t\t\n\t\t\t\t\t\t\t\t\n\t\t\t\t\t\t\t\t\t\t\t\t\t\t\t\t\t\t\t\t\t\t\t\t<th><center><img style=\"width:60px\" src =\"https:\/\/jormax.com\/wp-content\/uploads\/2019\/10\/Icon-35.png\" alt=\"\" \/><\/center><br><b><i>m<\/i><\/b><\/th>\n\t\t\t\t\t\t\t\t\t\n\t\t\t\t\t\t\t\t\n\t\t\t\t\t\t\t\t\t\t\t\t\t\t\t\t\t\t\t\t\t\t\t\t<th>KG<\/th>\n\t\t\t\t\t\t\t\t\t\n\t\t\t\t\t\t\t\t\n\t\t\t\t\t\t\t\t\t\t\t\t\t<\/tr>\n\t\t\t\t\t<\/thead>\n\t\t\t\t\t<tbody class=\"wpsm-tbody\">\n\t\t\t\t\t\t\t\t\t\t\t\t\t\t\t\t<tr>\t\t\t\t\t\t\t\t\t\t\t\t\t\t\t<td>\t\t\t\t\t\t\t\t\t\t\t\t\t\t\t\t\t\t\t\t\t\t\t\t\t\t10036\t\t\t\t\t\t\t\t\t\t\t\t\t\t\t\t<\/td>\n\t\t\t\t\t\t\t\t\t\t\t\t\t\t\t\t\t\t\t\t\t\t\t<td>\t\t\t\t\t\t\t\t\t\t\t\t\t\t\t\t\t\t\t\t\t\t\t\t\t\t1\t\t\t\t\t\t\t\t\t\t\t\t\t\t\t\t<\/td>\n\t\t\t\t\t\t\t\t\t\t\t\t\t\t\t\t\t\t\t\t\t\t\t<td>\t\t\t\t\t\t\t\t\t\t\t\t\t\t\t\t\t\t\t\t\t\t\t\t\t\t0.24\t\t\t\t\t\t\t\t\t\t\t\t\t\t\t\t<\/td>\n\t\t\t\t\t\t\t\t\t\t\t\t\t\t\t\t\t\t\t\t\t\t\t<td>\t\t\t\t\t\t\t\t\t\t\t\t\t\t\t\t\t\t\t\t\t\t\t\t\t\t2.24\t\t\t\t\t\t\t\t\t\t\t\t\t\t\t\t<\/td>\n\t\t\t\t\t\t\t\t\t\t\t\t\t\t\t\t\t\t\t\t\t\t\t<td>\t\t\t\t\t\t\t\t\t\t\t\t\t\t\t\t\t\t\t\t\t\t\t\t\t\t0.51\t\t\t\t\t\t\t\t\t\t\t\t\t\t\t\t<\/td>\n\t\t\t\t\t\t\t\t\t\t\t\t\t\t\t\t\t\t\t\t\t\t\t<td>\t\t\t\t\t\t\t\t\t\t\t\t\t\t\t\t\t\t\t\t\t\t\t\t\t\t0.38\t\t\t\t\t\t\t\t\t\t\t\t\t\t\t\t<\/td>\n\t\t\t\t\t\t\t\t\t\t\t\t\t\t\t\t\t\t\t\t\t\t\t<td>\t\t\t\t\t\t\t\t\t\t\t\t\t\t\t\t\t\t\t\t\t\t\t\t\t\t2.00\t\t\t\t\t\t\t\t\t\t\t\t\t\t\t\t<\/td>\n\t\t\t\t\t\t\t\t\t\t\t\t\t\t\t\t\t\t\t\t\t<\/tr>\n\t\t\t\t\t\t\t\t\t\t\t\t\t\t\t\t<tr>\t\t\t\t\t\t\t\t\t\t\t\t\t\t\t<td>\t\t\t\t\t\t\t\t\t\t\t\t\t\t\t\t\t\t\t\t\t\t\t\t\t\t10037\t\t\t\t\t\t\t\t\t\t\t\t\t\t\t\t<\/td>\n\t\t\t\t\t\t\t\t\t\t\t\t\t\t\t\t\t\t\t\t\t\t\t<td>\t\t\t\t\t\t\t\t\t\t\t\t\t\t\t\t\t\t\t\t\t\t\t\t\t\t2\t\t\t\t\t\t\t\t\t\t\t\t\t\t\t\t<\/td>\n\t\t\t\t\t\t\t\t\t\t\t\t\t\t\t\t\t\t\t\t\t\t\t<td>\t\t\t\t\t\t\t\t\t\t\t\t\t\t\t\t\t\t\t\t\t\t\t\t\t\t0.48\t\t\t\t\t\t\t\t\t\t\t\t\t\t\t\t<\/td>\n\t\t\t\t\t\t\t\t\t\t\t\t\t\t\t\t\t\t\t\t\t\t\t<td>\t\t\t\t\t\t\t\t\t\t\t\t\t\t\t\t\t\t\t\t\t\t\t\t\t\t2.49\t\t\t\t\t\t\t\t\t\t\t\t\t\t\t\t<\/td>\n\t\t\t\t\t\t\t\t\t\t\t\t\t\t\t\t\t\t\t\t\t\t\t<td>\t\t\t\t\t\t\t\t\t\t\t\t\t\t\t\t\t\t\t\t\t\t\t\t\t\t0.59\t\t\t\t\t\t\t\t\t\t\t\t\t\t\t\t<\/td>\n\t\t\t\t\t\t\t\t\t\t\t\t\t\t\t\t\t\t\t\t\t\t\t<td>\t\t\t\t\t\t\t\t\t\t\t\t\t\t\t\t\t\t\t\t\t\t\t\t\t\t0.57\t\t\t\t\t\t\t\t\t\t\t\t\t\t\t\t<\/td>\n\t\t\t\t\t\t\t\t\t\t\t\t\t\t\t\t\t\t\t\t\t\t\t<td>\t\t\t\t\t\t\t\t\t\t\t\t\t\t\t\t\t\t\t\t\t\t\t\t\t\t4.00\t\t\t\t\t\t\t\t\t\t\t\t\t\t\t\t<\/td>\n\t\t\t\t\t\t\t\t\t\t\t\t\t\t\t\t\t\t\t\t\t<\/tr>\n\t\t\t\t\t\t\t\t\t\t\t\t\t\t\t\t<tr>\t\t\t\t\t\t\t\t\t\t\t\t\t\t\t<td>\t\t\t\t\t\t\t\t\t\t\t\t\t\t\t\t\t\t\t\t\t\t\t\t\t\t10038\t\t\t\t\t\t\t\t\t\t\t\t\t\t\t\t<\/td>\n\t\t\t\t\t\t\t\t\t\t\t\t\t\t\t\t\t\t\t\t\t\t\t<td>\t\t\t\t\t\t\t\t\t\t\t\t\t\t\t\t\t\t\t\t\t\t\t\t\t\t3\t\t\t\t\t\t\t\t\t\t\t\t\t\t\t\t<\/td>\n\t\t\t\t\t\t\t\t\t\t\t\t\t\t\t\t\t\t\t\t\t\t\t<td>\t\t\t\t\t\t\t\t\t\t\t\t\t\t\t\t\t\t\t\t\t\t\t\t\t\t0.72\t\t\t\t\t\t\t\t\t\t\t\t\t\t\t\t<\/td>\n\t\t\t\t\t\t\t\t\t\t\t\t\t\t\t\t\t\t\t\t\t\t\t<td>\t\t\t\t\t\t\t\t\t\t\t\t\t\t\t\t\t\t\t\t\t\t\t\t\t\t2.72\t\t\t\t\t\t\t\t\t\t\t\t\t\t\t\t<\/td>\n\t\t\t\t\t\t\t\t\t\t\t\t\t\t\t\t\t\t\t\t\t\t\t<td>\t\t\t\t\t\t\t\t\t\t\t\t\t\t\t\t\t\t\t\t\t\t\t\t\t\t0.66\t\t\t\t\t\t\t\t\t\t\t\t\t\t\t\t<\/td>\n\t\t\t\t\t\t\t\t\t\t\t\t\t\t\t\t\t\t\t\t\t\t\t<td>\t\t\t\t\t\t\t\t\t\t\t\t\t\t\t\t\t\t\t\t\t\t\t\t\t\t0.85\t\t\t\t\t\t\t\t\t\t\t\t\t\t\t\t<\/td>\n\t\t\t\t\t\t\t\t\t\t\t\t\t\t\t\t\t\t\t\t\t\t\t<td>\t\t\t\t\t\t\t\t\t\t\t\t\t\t\t\t\t\t\t\t\t\t\t\t\t\t6.00\t\t\t\t\t\t\t\t\t\t\t\t\t\t\t\t<\/td>\n\t\t\t\t\t\t\t\t\t\t\t\t\t\t\t\t\t\t\t\t\t<\/tr>\n\t\t\t\t\t\t\t\t\t\t\t\t\t\t\t\t<tr>\t\t\t\t\t\t\t\t\t\t\t\t\t\t\t<td>\t\t\t\t\t\t\t\t\t\t\t\t\t\t\t\t\t\t\t\t\t\t\t\t\t\t10039\t\t\t\t\t\t\t\t\t\t\t\t\t\t\t\t<\/td>\n\t\t\t\t\t\t\t\t\t\t\t\t\t\t\t\t\t\t\t\t\t\t\t<td>\t\t\t\t\t\t\t\t\t\t\t\t\t\t\t\t\t\t\t\t\t\t\t\t\t\t4\t\t\t\t\t\t\t\t\t\t\t\t\t\t\t\t<\/td>\n\t\t\t\t\t\t\t\t\t\t\t\t\t\t\t\t\t\t\t\t\t\t\t<td>\t\t\t\t\t\t\t\t\t\t\t\t\t\t\t\t\t\t\t\t\t\t\t\t\t\t0.96\t\t\t\t\t\t\t\t\t\t\t\t\t\t\t\t<\/td>\n\t\t\t\t\t\t\t\t\t\t\t\t\t\t\t\t\t\t\t\t\t\t\t<td>\t\t\t\t\t\t\t\t\t\t\t\t\t\t\t\t\t\t\t\t\t\t\t\t\t\t2.97\t\t\t\t\t\t\t\t\t\t\t\t\t\t\t\t<\/td>\n\t\t\t\t\t\t\t\t\t\t\t\t\t\t\t\t\t\t\t\t\t\t\t<td>\t\t\t\t\t\t\t\t\t\t\t\t\t\t\t\t\t\t\t\t\t\t\t\t\t\t0.71\t\t\t\t\t\t\t\t\t\t\t\t\t\t\t\t<\/td>\n\t\t\t\t\t\t\t\t\t\t\t\t\t\t\t\t\t\t\t\t\t\t\t<td>\t\t\t\t\t\t\t\t\t\t\t\t\t\t\t\t\t\t\t\t\t\t\t\t\t\t1.13\t\t\t\t\t\t\t\t\t\t\t\t\t\t\t\t<\/td>\n\t\t\t\t\t\t\t\t\t\t\t\t\t\t\t\t\t\t\t\t\t\t\t<td>\t\t\t\t\t\t\t\t\t\t\t\t\t\t\t\t\t\t\t\t\t\t\t\t\t\t8.00\t\t\t\t\t\t\t\t\t\t\t\t\t\t\t\t<\/td>\n\t\t\t\t\t\t\t\t\t\t\t\t\t\t\t\t\t\t\t\t\t<\/tr>\n\t\t\t\t\t\t\t\t\t\t<\/tbody>\n\t\t\t\t<\/table>\n\t\t\t<\/div>\n\t\t[\/vc_column_text][\/vc_column][\/vc_row]<\/p>\n<\/div>","protected":false},"excerpt":{"rendered":"<p><strong>Tabouret avec marche antid\u00e9rapant.<\/strong><\/p>\n<p>\u00a0<\/p>\n<p>Mesures sp\u00e9ciales et accessoires optionnels sur demande.<\/strong><br \/>\nTabouret \u00e0 usage professionnel en aluminium nervur\u00e9. Les marches sont soud\u00e9es aux montants donnant lieu \u00e0 une structure tr\u00e8s solide et r\u00e9sistante. De grandes marches en aluminium et antid\u00e9rapant, soud\u00e9es \u00e0 une structure tubulaire robuste. Grande surface d&rsquo;appui au sol pour une plus grande stabilit\u00e9.<\/p>\n<p>\u00a0<\/p>\n<p><img decoding=\"async\" class=\"selos-produto\" src=\"http:\/\/jormax.com\/wp-content\/uploads\/2019\/10\/europa.jpg\" alt=\"NOME DOS SELOS (SUBSTITUIR)\" \/> <img decoding=\"async\" class=\"selos-produto\" src=\" http:\/\/jormax.com\/wp-content\/uploads\/2019\/11\/decret-50-2005.jpg\" alt=\"NOME DOS SELOS (SUBSTITUIR)\" \/> <img decoding=\"async\" class=\"selos-produto\" src=\"http:\/\/jormax.com\/wp-content\/uploads\/2019\/11\/norme-14183.jpg\" alt=\"NOME DOS SELOS (SUBSTITUIR)\" \/> <img decoding=\"async\" class=\"selos-produto\" src=\"http:\/\/jormax.com\/wp-content\/uploads\/2019\/11\/garantie-5.jpg\" alt=\"NOME DOS SELOS (SUBSTITUIR)\" \/> <img decoding=\"async\" class=\"selos-produto\" src=\"http:\/\/jormax.com\/wp-content\/uploads\/2019\/11\/usage-professionnel.jpg\" alt=\"NOME DOS SELOS (SUBSTITUIR)\" \/> <img decoding=\"async\" class=\"selos-produto\" src=\"http:\/\/jormax.com\/wp-content\/uploads\/2019\/10\/peso-150.jpg\" alt=\"NOME DOS SELOS (SUBSTITUIR)\" \/><\/p>\n<p>\u00a0<\/p>\n","protected":false},"featured_media":6530,"template":"","meta":[],"product_brand":[],"product_cat":[306,277],"product_tag":[],"class_list":{"0":"post-6529","1":"product","2":"type-product","3":"status-publish","4":"has-post-thumbnail","6":"product_cat-echelles","7":"product_cat-bancos-escadotes-fr","9":"first","10":"instock","11":"shipping-taxable","12":"product-type-simple"},"yoast_head":"<!-- This site is optimized with the Yoast SEO plugin v24.5 - https:\/\/yoast.com\/wordpress\/plugins\/seo\/ -->\n<title>CARGO INDUSTRIAL - Jormax - F\u00e1brica de Escadas e Escadotes<\/title>\n<meta name=\"description\" content=\"Mesures sp\u00e9ciales et accessoires optionnels sur demande. Tabouret \u00e0 usage professionnel en aluminium nervur\u00e9. Les marches sont soud\u00e9es aux montants donnant lieu \u00e0 une structure tr\u00e8s solide et r\u00e9sistante. De grandes marches en aluminium et antid\u00e9rapant, soud\u00e9es \u00e0 une structure tubulaire robuste. Grande surface d&#039;appui au sol pour une plus grande stabilit\u00e9.\" \/>\n<meta name=\"robots\" content=\"index, follow, max-snippet:-1, max-image-preview:large, max-video-preview:-1\" \/>\n<link rel=\"canonical\" href=\"https:\/\/jormax.com\/fr\/produto\/cargo-industrial\/\" \/>\n<meta property=\"og:locale\" content=\"fr_FR\" \/>\n<meta property=\"og:type\" content=\"article\" \/>\n<meta property=\"og:title\" content=\"CARGO INDUSTRIAL - Jormax - F\u00e1brica de Escadas e Escadotes\" \/>\n<meta property=\"og:description\" content=\"Mesures sp\u00e9ciales et accessoires optionnels sur demande. Tabouret \u00e0 usage professionnel en aluminium nervur\u00e9. Les marches sont soud\u00e9es aux montants donnant lieu \u00e0 une structure tr\u00e8s solide et r\u00e9sistante. De grandes marches en aluminium et antid\u00e9rapant, soud\u00e9es \u00e0 une structure tubulaire robuste. Grande surface d&#039;appui au sol pour une plus grande stabilit\u00e9.\" \/>\n<meta property=\"og:url\" content=\"https:\/\/jormax.com\/fr\/produto\/cargo-industrial\/\" \/>\n<meta property=\"og:site_name\" content=\"Jormax - F\u00e1brica de Escadas e Escadotes\" \/>\n<meta property=\"article:publisher\" content=\"https:\/\/www.facebook.com\/jormaxportugal\/\" \/>\n<meta property=\"article:modified_time\" content=\"2024-07-15T14:09:31+00:00\" \/>\n<meta property=\"og:image\" content=\"https:\/\/jormax.com\/wp-content\/uploads\/2019\/10\/banco-escadote-cargo-industrial-jormax.jpg\" \/>\n\t<meta property=\"og:image:width\" content=\"900\" \/>\n\t<meta property=\"og:image:height\" content=\"900\" \/>\n\t<meta property=\"og:image:type\" content=\"image\/jpeg\" \/>\n<meta name=\"twitter:card\" content=\"summary_large_image\" \/>\n<script type=\"application\/ld+json\" class=\"yoast-schema-graph\">{\"@context\":\"https:\/\/schema.org\",\"@graph\":[{\"@type\":\"WebPage\",\"@id\":\"https:\/\/jormax.com\/fr\/produto\/cargo-industrial\/\",\"url\":\"https:\/\/jormax.com\/fr\/produto\/cargo-industrial\/\",\"name\":\"CARGO INDUSTRIAL - Jormax - F\u00e1brica de Escadas e Escadotes\",\"isPartOf\":{\"@id\":\"https:\/\/jormax.com\/fr\/#website\"},\"primaryImageOfPage\":{\"@id\":\"https:\/\/jormax.com\/fr\/produto\/cargo-industrial\/#primaryimage\"},\"image\":{\"@id\":\"https:\/\/jormax.com\/fr\/produto\/cargo-industrial\/#primaryimage\"},\"thumbnailUrl\":\"https:\/\/jormax.com\/wp-content\/uploads\/2019\/10\/banco-escadote-cargo-industrial-jormax.jpg\",\"datePublished\":\"2019-10-03T13:42:33+00:00\",\"dateModified\":\"2024-07-15T14:09:31+00:00\",\"description\":\"Mesures sp\u00e9ciales et accessoires optionnels sur demande. Tabouret \u00e0 usage professionnel en aluminium nervur\u00e9. Les marches sont soud\u00e9es aux montants donnant lieu \u00e0 une structure tr\u00e8s solide et r\u00e9sistante. De grandes marches en aluminium et antid\u00e9rapant, soud\u00e9es \u00e0 une structure tubulaire robuste. Grande surface d'appui au sol pour une plus grande stabilit\u00e9.\",\"breadcrumb\":{\"@id\":\"https:\/\/jormax.com\/fr\/produto\/cargo-industrial\/#breadcrumb\"},\"inLanguage\":\"fr-FR\",\"potentialAction\":[{\"@type\":\"ReadAction\",\"target\":[\"https:\/\/jormax.com\/fr\/produto\/cargo-industrial\/\"]}]},{\"@type\":\"ImageObject\",\"inLanguage\":\"fr-FR\",\"@id\":\"https:\/\/jormax.com\/fr\/produto\/cargo-industrial\/#primaryimage\",\"url\":\"https:\/\/jormax.com\/wp-content\/uploads\/2019\/10\/banco-escadote-cargo-industrial-jormax.jpg\",\"contentUrl\":\"https:\/\/jormax.com\/wp-content\/uploads\/2019\/10\/banco-escadote-cargo-industrial-jormax.jpg\",\"width\":900,\"height\":900},{\"@type\":\"BreadcrumbList\",\"@id\":\"https:\/\/jormax.com\/fr\/produto\/cargo-industrial\/#breadcrumb\",\"itemListElement\":[{\"@type\":\"ListItem\",\"position\":1,\"name\":\"In\u00edcio\",\"item\":\"https:\/\/jormax.com\/fr\/\"},{\"@type\":\"ListItem\",\"position\":2,\"name\":\"Produ\u00edts\",\"item\":\"https:\/\/jormax.com\/fr\/produits\/\"},{\"@type\":\"ListItem\",\"position\":3,\"name\":\"CARGO INDUSTRIAL\"}]},{\"@type\":\"WebSite\",\"@id\":\"https:\/\/jormax.com\/fr\/#website\",\"url\":\"https:\/\/jormax.com\/fr\/\",\"name\":\"Jormax - F\u00e1brica de Escadas e Escadotes\",\"description\":\"Fabricante de escadas, escadotes, andaimes, plataformas e solu\u00e7\u00f5es \u00e0 medida em alum\u00ednio e fibra de vidro certificados. F\u00e1brica com sede em Portugal.\",\"publisher\":{\"@id\":\"https:\/\/jormax.com\/fr\/#organization\"},\"potentialAction\":[{\"@type\":\"SearchAction\",\"target\":{\"@type\":\"EntryPoint\",\"urlTemplate\":\"https:\/\/jormax.com\/fr\/?s={search_term_string}\"},\"query-input\":{\"@type\":\"PropertyValueSpecification\",\"valueRequired\":true,\"valueName\":\"search_term_string\"}}],\"inLanguage\":\"fr-FR\"},{\"@type\":\"Organization\",\"@id\":\"https:\/\/jormax.com\/fr\/#organization\",\"name\":\"Jormax - Fabricant d' \u00c9chelles, Escabeau et \u00c9chafaudages\",\"url\":\"https:\/\/jormax.com\/fr\/\",\"logo\":{\"@type\":\"ImageObject\",\"inLanguage\":\"fr-FR\",\"@id\":\"https:\/\/jormax.com\/fr\/#\/schema\/logo\/image\/\",\"url\":\"http:\/\/jormax.com\/wp-content\/uploads\/2019\/12\/logotipo-jormax-cor-stickymenu.png\",\"contentUrl\":\"http:\/\/jormax.com\/wp-content\/uploads\/2019\/12\/logotipo-jormax-cor-stickymenu.png\",\"width\":235,\"height\":59,\"caption\":\"Jormax - Fabricant d' \u00c9chelles, Escabeau et \u00c9chafaudages\"},\"image\":{\"@id\":\"https:\/\/jormax.com\/fr\/#\/schema\/logo\/image\/\"},\"sameAs\":[\"https:\/\/www.facebook.com\/jormaxportugal\/\"]}]}<\/script>\n<!-- \/ Yoast SEO plugin. -->","yoast_head_json":{"title":"CARGO INDUSTRIAL - Jormax - F\u00e1brica de Escadas e Escadotes","description":"Mesures sp\u00e9ciales et accessoires optionnels sur demande. Tabouret \u00e0 usage professionnel en aluminium nervur\u00e9. Les marches sont soud\u00e9es aux montants donnant lieu \u00e0 une structure tr\u00e8s solide et r\u00e9sistante. De grandes marches en aluminium et antid\u00e9rapant, soud\u00e9es \u00e0 une structure tubulaire robuste. Grande surface d'appui au sol pour une plus grande stabilit\u00e9.","robots":{"index":"index","follow":"follow","max-snippet":"max-snippet:-1","max-image-preview":"max-image-preview:large","max-video-preview":"max-video-preview:-1"},"canonical":"https:\/\/jormax.com\/fr\/produto\/cargo-industrial\/","og_locale":"fr_FR","og_type":"article","og_title":"CARGO INDUSTRIAL - Jormax - F\u00e1brica de Escadas e Escadotes","og_description":"Mesures sp\u00e9ciales et accessoires optionnels sur demande. Tabouret \u00e0 usage professionnel en aluminium nervur\u00e9. Les marches sont soud\u00e9es aux montants donnant lieu \u00e0 une structure tr\u00e8s solide et r\u00e9sistante. De grandes marches en aluminium et antid\u00e9rapant, soud\u00e9es \u00e0 une structure tubulaire robuste. Grande surface d'appui au sol pour une plus grande stabilit\u00e9.","og_url":"https:\/\/jormax.com\/fr\/produto\/cargo-industrial\/","og_site_name":"Jormax - F\u00e1brica de Escadas e Escadotes","article_publisher":"https:\/\/www.facebook.com\/jormaxportugal\/","article_modified_time":"2024-07-15T14:09:31+00:00","og_image":[{"width":900,"height":900,"url":"https:\/\/jormax.com\/wp-content\/uploads\/2019\/10\/banco-escadote-cargo-industrial-jormax.jpg","type":"image\/jpeg"}],"twitter_card":"summary_large_image","schema":{"@context":"https:\/\/schema.org","@graph":[{"@type":"WebPage","@id":"https:\/\/jormax.com\/fr\/produto\/cargo-industrial\/","url":"https:\/\/jormax.com\/fr\/produto\/cargo-industrial\/","name":"CARGO INDUSTRIAL - Jormax - F\u00e1brica de Escadas e Escadotes","isPartOf":{"@id":"https:\/\/jormax.com\/fr\/#website"},"primaryImageOfPage":{"@id":"https:\/\/jormax.com\/fr\/produto\/cargo-industrial\/#primaryimage"},"image":{"@id":"https:\/\/jormax.com\/fr\/produto\/cargo-industrial\/#primaryimage"},"thumbnailUrl":"https:\/\/jormax.com\/wp-content\/uploads\/2019\/10\/banco-escadote-cargo-industrial-jormax.jpg","datePublished":"2019-10-03T13:42:33+00:00","dateModified":"2024-07-15T14:09:31+00:00","description":"Mesures sp\u00e9ciales et accessoires optionnels sur demande. Tabouret \u00e0 usage professionnel en aluminium nervur\u00e9. Les marches sont soud\u00e9es aux montants donnant lieu \u00e0 une structure tr\u00e8s solide et r\u00e9sistante. De grandes marches en aluminium et antid\u00e9rapant, soud\u00e9es \u00e0 une structure tubulaire robuste. Grande surface d'appui au sol pour une plus grande stabilit\u00e9.","breadcrumb":{"@id":"https:\/\/jormax.com\/fr\/produto\/cargo-industrial\/#breadcrumb"},"inLanguage":"fr-FR","potentialAction":[{"@type":"ReadAction","target":["https:\/\/jormax.com\/fr\/produto\/cargo-industrial\/"]}]},{"@type":"ImageObject","inLanguage":"fr-FR","@id":"https:\/\/jormax.com\/fr\/produto\/cargo-industrial\/#primaryimage","url":"https:\/\/jormax.com\/wp-content\/uploads\/2019\/10\/banco-escadote-cargo-industrial-jormax.jpg","contentUrl":"https:\/\/jormax.com\/wp-content\/uploads\/2019\/10\/banco-escadote-cargo-industrial-jormax.jpg","width":900,"height":900},{"@type":"BreadcrumbList","@id":"https:\/\/jormax.com\/fr\/produto\/cargo-industrial\/#breadcrumb","itemListElement":[{"@type":"ListItem","position":1,"name":"In\u00edcio","item":"https:\/\/jormax.com\/fr\/"},{"@type":"ListItem","position":2,"name":"Produ\u00edts","item":"https:\/\/jormax.com\/fr\/produits\/"},{"@type":"ListItem","position":3,"name":"CARGO INDUSTRIAL"}]},{"@type":"WebSite","@id":"https:\/\/jormax.com\/fr\/#website","url":"https:\/\/jormax.com\/fr\/","name":"Jormax - F\u00e1brica de Escadas e Escadotes","description":"Fabricante de escadas, escadotes, andaimes, plataformas e solu\u00e7\u00f5es \u00e0 medida em alum\u00ednio e fibra de vidro certificados. F\u00e1brica com sede em Portugal.","publisher":{"@id":"https:\/\/jormax.com\/fr\/#organization"},"potentialAction":[{"@type":"SearchAction","target":{"@type":"EntryPoint","urlTemplate":"https:\/\/jormax.com\/fr\/?s={search_term_string}"},"query-input":{"@type":"PropertyValueSpecification","valueRequired":true,"valueName":"search_term_string"}}],"inLanguage":"fr-FR"},{"@type":"Organization","@id":"https:\/\/jormax.com\/fr\/#organization","name":"Jormax - Fabricant d' \u00c9chelles, Escabeau et \u00c9chafaudages","url":"https:\/\/jormax.com\/fr\/","logo":{"@type":"ImageObject","inLanguage":"fr-FR","@id":"https:\/\/jormax.com\/fr\/#\/schema\/logo\/image\/","url":"http:\/\/jormax.com\/wp-content\/uploads\/2019\/12\/logotipo-jormax-cor-stickymenu.png","contentUrl":"http:\/\/jormax.com\/wp-content\/uploads\/2019\/12\/logotipo-jormax-cor-stickymenu.png","width":235,"height":59,"caption":"Jormax - Fabricant d' \u00c9chelles, Escabeau et \u00c9chafaudages"},"image":{"@id":"https:\/\/jormax.com\/fr\/#\/schema\/logo\/image\/"},"sameAs":["https:\/\/www.facebook.com\/jormaxportugal\/"]}]}},"_links":{"self":[{"href":"https:\/\/jormax.com\/fr\/wp-json\/wp\/v2\/product\/6529","targetHints":{"allow":["GET"]}}],"collection":[{"href":"https:\/\/jormax.com\/fr\/wp-json\/wp\/v2\/product"}],"about":[{"href":"https:\/\/jormax.com\/fr\/wp-json\/wp\/v2\/types\/product"}],"wp:featuredmedia":[{"embeddable":true,"href":"https:\/\/jormax.com\/fr\/wp-json\/wp\/v2\/media\/6530"}],"wp:attachment":[{"href":"https:\/\/jormax.com\/fr\/wp-json\/wp\/v2\/media?parent=6529"}],"wp:term":[{"taxonomy":"product_brand","embeddable":true,"href":"https:\/\/jormax.com\/fr\/wp-json\/wp\/v2\/product_brand?post=6529"},{"taxonomy":"product_cat","embeddable":true,"href":"https:\/\/jormax.com\/fr\/wp-json\/wp\/v2\/product_cat?post=6529"},{"taxonomy":"product_tag","embeddable":true,"href":"https:\/\/jormax.com\/fr\/wp-json\/wp\/v2\/product_tag?post=6529"}],"curies":[{"name":"wp","href":"https:\/\/api.w.org\/{rel}","templated":true}]}}