{"id":6495,"date":"2019-10-03T09:30:30","date_gmt":"2019-10-03T09:30:30","guid":{"rendered":"https:\/\/www.jormax.com\/produtos\/non%20class\u00e9\/telefly\/"},"modified":"2024-07-15T14:29:11","modified_gmt":"2024-07-15T13:29:11","slug":"telefly","status":"publish","type":"product","link":"https:\/\/jormax.com\/fr\/produto\/telefly\/","title":{"rendered":"TELEFLY"},"content":{"rendered":"<div class=\"wpb-content-wrapper\"><p>[vc_row full_width=\u00a0\u00bbstretch_row\u00a0\u00bb][vc_column][vc_column_text]\t\t\t\t\t\t<div class=\"wpsm-comptable-wrap\">\n\t\t\t\t<table id=\"wpsm-table-19\" class=\"wpsm-comptable center-table-align\">\n\t\t\t\t\t\t\t\t\t<thead class=\"wpsm-thead wpsm-thead-default\">\n\t\t\t\t\t\t<tr>\t\t\t\t\t\t\t\n\t\t\t\t\t\t\t\t\t\t\t\t\t\t\t\t\t\t\t\t\t\t\t\t<th>REF<\/th>\n\t\t\t\t\t\t\t\t\t\n\t\t\t\t\t\t\t\t\n\t\t\t\t\t\t\t\t\t\t\t\t\t\t\t\t\t\t\t\t\t\t\t\t<th><center><img style=\"width:60px\" src =\"https:\/\/www.jormax.com\/portal\/wp-content\/uploads\/2019\/03\/icon-numero-degraus-jormax.png\" alt=\"\" \/><\/center><br> &nbsp<\/th>\n\t\t\t\t\t\t\t\t\t\n\t\t\t\t\t\t\t\t\n\t\t\t\t\t\t\t\t\t\t\t\t\t\t\t\t\t\t\t\t\t\t\t\t<th><center><img style=\"width:60px\" src =\"https:\/\/www.jormax.com\/portal\/wp-content\/uploads\/2019\/10\/Icon-06.png\" alt=\"\" \/><\/center><br><b><i>m<\/i><\/b><\/th>\n\t\t\t\t\t\t\t\t\t\n\t\t\t\t\t\t\t\t\n\t\t\t\t\t\t\t\t\t\t\t\t\t\t\t\t\t\t\t\t\t\t\t\t<th><center><img style=\"width:60px\" src =\"https:\/\/www.jormax.com\/portal\/wp-content\/uploads\/2019\/10\/Icon-21.png\" alt=\"\" \/><\/center><br><b><i>m<\/i><\/b><\/th>\n\t\t\t\t\t\t\t\t\t\n\t\t\t\t\t\t\t\t\n\t\t\t\t\t\t\t\t\t\t\t\t\t\t\t\t\t\t\t\t\t\t\t\t<th><center><img style=\"width:60px\" src =\"https:\/\/www.jormax.com\/portal\/wp-content\/uploads\/2019\/10\/Icon-25.png\" alt=\"\" \/><\/center><br><b><i>m<\/i><\/b><\/th>\n\t\t\t\t\t\t\t\t\t\n\t\t\t\t\t\t\t\t\n\t\t\t\t\t\t\t\t\t\t\t\t\t\t\t\t\t\t\t\t\t\t\t\t<th><center><img style=\"width:60px\" src =\"https:\/\/www.jormax.com\/portal\/wp-content\/uploads\/2019\/10\/Icon-26.png\" alt=\"\" \/> <img style=\"width:60px\" src =\"https:\/\/www.jormax.com\/portal\/wp-content\/uploads\/2019\/10\/Icon-27.png\" alt=\"\" \/><\/center><br><b><i>m<\/i><\/b><\/th>\n\t\t\t\t\t\t\t\t\t\n\t\t\t\t\t\t\t\t\n\t\t\t\t\t\t\t\t\t\t\t\t\t\t\t\t\t\t\t\t\t\t\t\t<th><center><img style=\"width:60px\" src =\"https:\/\/www.jormax.com\/portal\/wp-content\/uploads\/2019\/03\/icon-espessura-jormax.png\" alt=\"\" \/><\/center><br><b><i>m<\/i><\/b><\/th>\n\t\t\t\t\t\t\t\t\t\n\t\t\t\t\t\t\t\t\n\t\t\t\t\t\t\t\t\t\t\t\t\t\t\t\t\t\t\t\t\t\t\t\t<th>KG<\/th>\n\t\t\t\t\t\t\t\t\t\n\t\t\t\t\t\t\t\t\n\t\t\t\t\t\t\t\t\t\t\t\t\t<\/tr>\n\t\t\t\t\t<\/thead>\n\t\t\t\t\t<tbody class=\"wpsm-tbody\">\n\t\t\t\t\t\t\t\t\t\t\t\t\t\t\t\t<tr>\t\t\t\t\t\t\t\t\t\t\t\t\t\t\t<td>\t\t\t\t\t\t\t\t\t\t\t\t\t\t\t\t\t\t\t\t\t\t\t\t\t\t10043\t\t\t\t\t\t\t\t\t\t\t\t\t\t\t\t<\/td>\n\t\t\t\t\t\t\t\t\t\t\t\t\t\t\t\t\t\t\t\t\t\t\t<td>\t\t\t\t\t\t\t\t\t\t\t\t\t\t\t\t\t\t\t\t\t\t\t\t\t\t4\t\t\t\t\t\t\t\t\t\t\t\t\t\t\t\t<\/td>\n\t\t\t\t\t\t\t\t\t\t\t\t\t\t\t\t\t\t\t\t\t\t\t<td>\t\t\t\t\t\t\t\t\t\t\t\t\t\t\t\t\t\t\t\t\t\t\t\t\t\t2.26\t\t\t\t\t\t\t\t\t\t\t\t\t\t\t\t<\/td>\n\t\t\t\t\t\t\t\t\t\t\t\t\t\t\t\t\t\t\t\t\t\t\t<td>\t\t\t\t\t\t\t\t\t\t\t\t\t\t\t\t\t\t\t\t\t\t\t\t\t\t1.00 - 1.50\t\t\t\t\t\t\t\t\t\t\t\t\t\t\t\t<\/td>\n\t\t\t\t\t\t\t\t\t\t\t\t\t\t\t\t\t\t\t\t\t\t\t<td>\t\t\t\t\t\t\t\t\t\t\t\t\t\t\t\t\t\t\t\t\t\t\t\t\t\t3.50\t\t\t\t\t\t\t\t\t\t\t\t\t\t\t\t<\/td>\n\t\t\t\t\t\t\t\t\t\t\t\t\t\t\t\t\t\t\t\t\t\t\t<td>\t\t\t\t\t\t\t\t\t\t\t\t\t\t\t\t\t\t\t\t\t\t\t\t\t\t0.89x1.99\t\t\t\t\t\t\t\t\t\t\t\t\t\t\t\t<\/td>\n\t\t\t\t\t\t\t\t\t\t\t\t\t\t\t\t\t\t\t\t\t\t\t<td>\t\t\t\t\t\t\t\t\t\t\t\t\t\t\t\t\t\t\t\t\t\t\t\t\t\t0.46\t\t\t\t\t\t\t\t\t\t\t\t\t\t\t\t<\/td>\n\t\t\t\t\t\t\t\t\t\t\t\t\t\t\t\t\t\t\t\t\t\t\t<td>\t\t\t\t\t\t\t\t\t\t\t\t\t\t\t\t\t\t\t\t\t\t\t\t\t\t28.00\t\t\t\t\t\t\t\t\t\t\t\t\t\t\t\t<\/td>\n\t\t\t\t\t\t\t\t\t\t\t\t\t\t\t\t\t\t\t\t\t<\/tr>\n\t\t\t\t\t\t\t\t\t\t\t\t\t\t\t\t<tr>\t\t\t\t\t\t\t\t\t\t\t\t\t\t\t<td>\t\t\t\t\t\t\t\t\t\t\t\t\t\t\t\t\t\t\t\t\t\t\t\t\t\t10044\t\t\t\t\t\t\t\t\t\t\t\t\t\t\t\t<\/td>\n\t\t\t\t\t\t\t\t\t\t\t\t\t\t\t\t\t\t\t\t\t\t\t<td>\t\t\t\t\t\t\t\t\t\t\t\t\t\t\t\t\t\t\t\t\t\t\t\t\t\t5\t\t\t\t\t\t\t\t\t\t\t\t\t\t\t\t<\/td>\n\t\t\t\t\t\t\t\t\t\t\t\t\t\t\t\t\t\t\t\t\t\t\t<td>\t\t\t\t\t\t\t\t\t\t\t\t\t\t\t\t\t\t\t\t\t\t\t\t\t\t2.54\t\t\t\t\t\t\t\t\t\t\t\t\t\t\t\t<\/td>\n\t\t\t\t\t\t\t\t\t\t\t\t\t\t\t\t\t\t\t\t\t\t\t<td>\t\t\t\t\t\t\t\t\t\t\t\t\t\t\t\t\t\t\t\t\t\t\t\t\t\t1.25 - 1.75 \t\t\t\t\t\t\t\t\t\t\t\t\t\t\t\t<\/td>\n\t\t\t\t\t\t\t\t\t\t\t\t\t\t\t\t\t\t\t\t\t\t\t<td>\t\t\t\t\t\t\t\t\t\t\t\t\t\t\t\t\t\t\t\t\t\t\t\t\t\t3.75\t\t\t\t\t\t\t\t\t\t\t\t\t\t\t\t<\/td>\n\t\t\t\t\t\t\t\t\t\t\t\t\t\t\t\t\t\t\t\t\t\t\t<td>\t\t\t\t\t\t\t\t\t\t\t\t\t\t\t\t\t\t\t\t\t\t\t\t\t\t0.89x2.21\t\t\t\t\t\t\t\t\t\t\t\t\t\t\t\t<\/td>\n\t\t\t\t\t\t\t\t\t\t\t\t\t\t\t\t\t\t\t\t\t\t\t<td>\t\t\t\t\t\t\t\t\t\t\t\t\t\t\t\t\t\t\t\t\t\t\t\t\t\t0.46\t\t\t\t\t\t\t\t\t\t\t\t\t\t\t\t<\/td>\n\t\t\t\t\t\t\t\t\t\t\t\t\t\t\t\t\t\t\t\t\t\t\t<td>\t\t\t\t\t\t\t\t\t\t\t\t\t\t\t\t\t\t\t\t\t\t\t\t\t\t31.00\t\t\t\t\t\t\t\t\t\t\t\t\t\t\t\t<\/td>\n\t\t\t\t\t\t\t\t\t\t\t\t\t\t\t\t\t\t\t\t\t<\/tr>\n\t\t\t\t\t\t\t\t\t\t\t\t\t\t\t\t<tr>\t\t\t\t\t\t\t\t\t\t\t\t\t\t\t<td>\t\t\t\t\t\t\t\t\t\t\t\t\t\t\t\t\t\t\t\t\t\t\t\t\t\t10045\t\t\t\t\t\t\t\t\t\t\t\t\t\t\t\t<\/td>\n\t\t\t\t\t\t\t\t\t\t\t\t\t\t\t\t\t\t\t\t\t\t\t<td>\t\t\t\t\t\t\t\t\t\t\t\t\t\t\t\t\t\t\t\t\t\t\t\t\t\t6\t\t\t\t\t\t\t\t\t\t\t\t\t\t\t\t<\/td>\n\t\t\t\t\t\t\t\t\t\t\t\t\t\t\t\t\t\t\t\t\t\t\t<td>\t\t\t\t\t\t\t\t\t\t\t\t\t\t\t\t\t\t\t\t\t\t\t\t\t\t2.82\t\t\t\t\t\t\t\t\t\t\t\t\t\t\t\t<\/td>\n\t\t\t\t\t\t\t\t\t\t\t\t\t\t\t\t\t\t\t\t\t\t\t<td>\t\t\t\t\t\t\t\t\t\t\t\t\t\t\t\t\t\t\t\t\t\t\t\t\t\t1.50 - 2.00\t\t\t\t\t\t\t\t\t\t\t\t\t\t\t\t<\/td>\n\t\t\t\t\t\t\t\t\t\t\t\t\t\t\t\t\t\t\t\t\t\t\t<td>\t\t\t\t\t\t\t\t\t\t\t\t\t\t\t\t\t\t\t\t\t\t\t\t\t\t4.00\t\t\t\t\t\t\t\t\t\t\t\t\t\t\t\t<\/td>\n\t\t\t\t\t\t\t\t\t\t\t\t\t\t\t\t\t\t\t\t\t\t\t<td>\t\t\t\t\t\t\t\t\t\t\t\t\t\t\t\t\t\t\t\t\t\t\t\t\t\t0.89x2.44\t\t\t\t\t\t\t\t\t\t\t\t\t\t\t\t<\/td>\n\t\t\t\t\t\t\t\t\t\t\t\t\t\t\t\t\t\t\t\t\t\t\t<td>\t\t\t\t\t\t\t\t\t\t\t\t\t\t\t\t\t\t\t\t\t\t\t\t\t\t0.46\t\t\t\t\t\t\t\t\t\t\t\t\t\t\t\t<\/td>\n\t\t\t\t\t\t\t\t\t\t\t\t\t\t\t\t\t\t\t\t\t\t\t<td>\t\t\t\t\t\t\t\t\t\t\t\t\t\t\t\t\t\t\t\t\t\t\t\t\t\t34.00\t\t\t\t\t\t\t\t\t\t\t\t\t\t\t\t<\/td>\n\t\t\t\t\t\t\t\t\t\t\t\t\t\t\t\t\t\t\t\t\t<\/tr>\n\t\t\t\t\t\t\t\t\t\t<\/tbody>\n\t\t\t\t<\/table>\n\t\t\t<\/div>\n\t\t[\/vc_column_text][\/vc_column][\/vc_row]<\/p>\n<\/div>","protected":false},"excerpt":{"rendered":"<p><strong>Plateforme de travail individuelle t\u00e9lescopique &#8211; soud\u00e9. <\/strong><\/p>\n<p>\u00a0<\/p>\n<p>Construite conform\u00e9ment \u00e0 la norme europ\u00e9enne EN 131-7, cette plateforme de travail combine toutes les caract\u00e9ristiques d\u2019une escabeau t\u00e9lescopique avec une plateforme, ce qui permet d\u2019obtenir un m\u00e9lange de s\u00e9curit\u00e9, portabilit\u00e9, stabilit\u00e9 et facilit\u00e9 de manipulation. Le syst\u00e8me t\u00e9lescopique permet d\u2019obtenir 9 hauteurs de travail diff\u00e9rentes.<\/p>\n<p>\u00a0<\/p>\n<p><img decoding=\"async\" class=\"selos-produto\" src=\"http:\/\/jormax.com\/wp-content\/uploads\/2019\/10\/europa.jpg\" alt=\"NOME DOS SELOS (SUBSTITUIR)\" \/> <img decoding=\"async\" class=\"selos-produto\" src=\"http:\/\/jormax.com\/wp-content\/uploads\/2019\/11\/decret-50-2005.jpg\" alt=\"NOME DOS SELOS (SUBSTITUIR)\" \/> <img decoding=\"async\" class=\"selos-produto\" src=\"http:\/\/jormax.com\/wp-content\/uploads\/2019\/11\/norme-131-7.jpg\" alt=\"NOME DOS SELOS (SUBSTITUIR)\" \/> <img decoding=\"async\" class=\"selos-produto\" src=\"http:\/\/jormax.com\/wp-content\/uploads\/2019\/11\/garantie-5.jpg\" alt=\"NOME DOS SELOS (SUBSTITUIR)\" \/> <img decoding=\"async\" class=\"selos-produto\" src=\"http:\/\/jormax.com\/wp-content\/uploads\/2019\/11\/usage-professionnel.jpg\" alt=\"NOME DOS SELOS (SUBSTITUIR)\" \/> <img decoding=\"async\" class=\"selos-produto\" src=\"http:\/\/jormax.com\/wp-content\/uploads\/2019\/10\/peso-150.jpg\" alt=\"NOME DOS SELOS (SUBSTITUIR)\" \/><\/p>\n<p>\u00a0<\/p>\n","protected":false},"featured_media":6496,"template":"","meta":[],"product_brand":[],"product_cat":[306,289,302],"product_tag":[],"class_list":{"0":"post-6495","1":"product","2":"type-product","3":"status-publish","4":"has-post-thumbnail","6":"product_cat-echelles","7":"product_cat-plataformas-indiviuais-trabalho-fr","8":"product_cat-non-classe-fr","10":"first","11":"instock","12":"featured","13":"shipping-taxable","14":"product-type-simple"},"yoast_head":"<!-- This site is optimized with the Yoast SEO plugin v24.5 - https:\/\/yoast.com\/wordpress\/plugins\/seo\/ -->\n<title>TELEFLY - Jormax - F\u00e1brica de Escadas e Escadotes<\/title>\n<meta name=\"description\" content=\"Construite conform\u00e9ment \u00e0 la norme europ\u00e9enne EN 131-7, cette plateforme de travail combine toutes les caract\u00e9ristiques d\u2019une escabeau t\u00e9lescopique avec une plateforme, ce qui permet d\u2019obtenir un m\u00e9lange de s\u00e9curit\u00e9, portabilit\u00e9, stabilit\u00e9 et facilit\u00e9 de manipulation. Le syst\u00e8me t\u00e9lescopique permet d\u2019obtenir 9 hauteurs de travail diff\u00e9rentes.\" \/>\n<meta name=\"robots\" content=\"index, follow, max-snippet:-1, max-image-preview:large, max-video-preview:-1\" \/>\n<link rel=\"canonical\" href=\"https:\/\/jormax.com\/fr\/produto\/telefly\/\" \/>\n<meta property=\"og:locale\" content=\"fr_FR\" \/>\n<meta property=\"og:type\" content=\"article\" \/>\n<meta property=\"og:title\" content=\"TELEFLY - Jormax - F\u00e1brica de Escadas e Escadotes\" \/>\n<meta property=\"og:description\" content=\"Construite conform\u00e9ment \u00e0 la norme europ\u00e9enne EN 131-7, cette plateforme de travail combine toutes les caract\u00e9ristiques d\u2019une escabeau t\u00e9lescopique avec une plateforme, ce qui permet d\u2019obtenir un m\u00e9lange de s\u00e9curit\u00e9, portabilit\u00e9, stabilit\u00e9 et facilit\u00e9 de manipulation. Le syst\u00e8me t\u00e9lescopique permet d\u2019obtenir 9 hauteurs de travail diff\u00e9rentes.\" \/>\n<meta property=\"og:url\" content=\"https:\/\/jormax.com\/fr\/produto\/telefly\/\" \/>\n<meta property=\"og:site_name\" content=\"Jormax - F\u00e1brica de Escadas e Escadotes\" \/>\n<meta property=\"article:publisher\" content=\"https:\/\/www.facebook.com\/jormaxportugal\/\" \/>\n<meta property=\"article:modified_time\" content=\"2024-07-15T13:29:11+00:00\" \/>\n<meta property=\"og:image\" content=\"https:\/\/jormax.com\/wp-content\/uploads\/2019\/11\/plataforma-individual-telefly-FR-jormax.jpg\" \/>\n\t<meta property=\"og:image:width\" content=\"900\" \/>\n\t<meta property=\"og:image:height\" content=\"900\" \/>\n\t<meta property=\"og:image:type\" content=\"image\/jpeg\" \/>\n<meta name=\"twitter:card\" content=\"summary_large_image\" \/>\n<script type=\"application\/ld+json\" class=\"yoast-schema-graph\">{\"@context\":\"https:\/\/schema.org\",\"@graph\":[{\"@type\":\"WebPage\",\"@id\":\"https:\/\/jormax.com\/fr\/produto\/telefly\/\",\"url\":\"https:\/\/jormax.com\/fr\/produto\/telefly\/\",\"name\":\"TELEFLY - Jormax - F\u00e1brica de Escadas e Escadotes\",\"isPartOf\":{\"@id\":\"https:\/\/jormax.com\/fr\/#website\"},\"primaryImageOfPage\":{\"@id\":\"https:\/\/jormax.com\/fr\/produto\/telefly\/#primaryimage\"},\"image\":{\"@id\":\"https:\/\/jormax.com\/fr\/produto\/telefly\/#primaryimage\"},\"thumbnailUrl\":\"https:\/\/jormax.com\/wp-content\/uploads\/2019\/11\/plataforma-individual-telefly-FR-jormax.jpg\",\"datePublished\":\"2019-10-03T09:30:30+00:00\",\"dateModified\":\"2024-07-15T13:29:11+00:00\",\"description\":\"Construite conform\u00e9ment \u00e0 la norme europ\u00e9enne EN 131-7, cette plateforme de travail combine toutes les caract\u00e9ristiques d\u2019une escabeau t\u00e9lescopique avec une plateforme, ce qui permet d\u2019obtenir un m\u00e9lange de s\u00e9curit\u00e9, portabilit\u00e9, stabilit\u00e9 et facilit\u00e9 de manipulation. Le syst\u00e8me t\u00e9lescopique permet d\u2019obtenir 9 hauteurs de travail diff\u00e9rentes.\",\"breadcrumb\":{\"@id\":\"https:\/\/jormax.com\/fr\/produto\/telefly\/#breadcrumb\"},\"inLanguage\":\"fr-FR\",\"potentialAction\":[{\"@type\":\"ReadAction\",\"target\":[\"https:\/\/jormax.com\/fr\/produto\/telefly\/\"]}]},{\"@type\":\"ImageObject\",\"inLanguage\":\"fr-FR\",\"@id\":\"https:\/\/jormax.com\/fr\/produto\/telefly\/#primaryimage\",\"url\":\"https:\/\/jormax.com\/wp-content\/uploads\/2019\/11\/plataforma-individual-telefly-FR-jormax.jpg\",\"contentUrl\":\"https:\/\/jormax.com\/wp-content\/uploads\/2019\/11\/plataforma-individual-telefly-FR-jormax.jpg\",\"width\":900,\"height\":900},{\"@type\":\"BreadcrumbList\",\"@id\":\"https:\/\/jormax.com\/fr\/produto\/telefly\/#breadcrumb\",\"itemListElement\":[{\"@type\":\"ListItem\",\"position\":1,\"name\":\"In\u00edcio\",\"item\":\"https:\/\/jormax.com\/fr\/\"},{\"@type\":\"ListItem\",\"position\":2,\"name\":\"Produ\u00edts\",\"item\":\"https:\/\/jormax.com\/fr\/produits\/\"},{\"@type\":\"ListItem\",\"position\":3,\"name\":\"TELEFLY\"}]},{\"@type\":\"WebSite\",\"@id\":\"https:\/\/jormax.com\/fr\/#website\",\"url\":\"https:\/\/jormax.com\/fr\/\",\"name\":\"Jormax - F\u00e1brica de Escadas e Escadotes\",\"description\":\"Fabricante de escadas, escadotes, andaimes, plataformas e solu\u00e7\u00f5es \u00e0 medida em alum\u00ednio e fibra de vidro certificados. F\u00e1brica com sede em Portugal.\",\"publisher\":{\"@id\":\"https:\/\/jormax.com\/fr\/#organization\"},\"potentialAction\":[{\"@type\":\"SearchAction\",\"target\":{\"@type\":\"EntryPoint\",\"urlTemplate\":\"https:\/\/jormax.com\/fr\/?s={search_term_string}\"},\"query-input\":{\"@type\":\"PropertyValueSpecification\",\"valueRequired\":true,\"valueName\":\"search_term_string\"}}],\"inLanguage\":\"fr-FR\"},{\"@type\":\"Organization\",\"@id\":\"https:\/\/jormax.com\/fr\/#organization\",\"name\":\"Jormax - Fabricant d' \u00c9chelles, Escabeau et \u00c9chafaudages\",\"url\":\"https:\/\/jormax.com\/fr\/\",\"logo\":{\"@type\":\"ImageObject\",\"inLanguage\":\"fr-FR\",\"@id\":\"https:\/\/jormax.com\/fr\/#\/schema\/logo\/image\/\",\"url\":\"http:\/\/jormax.com\/wp-content\/uploads\/2019\/12\/logotipo-jormax-cor-stickymenu.png\",\"contentUrl\":\"http:\/\/jormax.com\/wp-content\/uploads\/2019\/12\/logotipo-jormax-cor-stickymenu.png\",\"width\":235,\"height\":59,\"caption\":\"Jormax - Fabricant d' \u00c9chelles, Escabeau et \u00c9chafaudages\"},\"image\":{\"@id\":\"https:\/\/jormax.com\/fr\/#\/schema\/logo\/image\/\"},\"sameAs\":[\"https:\/\/www.facebook.com\/jormaxportugal\/\"]}]}<\/script>\n<!-- \/ Yoast SEO plugin. -->","yoast_head_json":{"title":"TELEFLY - Jormax - F\u00e1brica de Escadas e Escadotes","description":"Construite conform\u00e9ment \u00e0 la norme europ\u00e9enne EN 131-7, cette plateforme de travail combine toutes les caract\u00e9ristiques d\u2019une escabeau t\u00e9lescopique avec une plateforme, ce qui permet d\u2019obtenir un m\u00e9lange de s\u00e9curit\u00e9, portabilit\u00e9, stabilit\u00e9 et facilit\u00e9 de manipulation. Le syst\u00e8me t\u00e9lescopique permet d\u2019obtenir 9 hauteurs de travail diff\u00e9rentes.","robots":{"index":"index","follow":"follow","max-snippet":"max-snippet:-1","max-image-preview":"max-image-preview:large","max-video-preview":"max-video-preview:-1"},"canonical":"https:\/\/jormax.com\/fr\/produto\/telefly\/","og_locale":"fr_FR","og_type":"article","og_title":"TELEFLY - Jormax - F\u00e1brica de Escadas e Escadotes","og_description":"Construite conform\u00e9ment \u00e0 la norme europ\u00e9enne EN 131-7, cette plateforme de travail combine toutes les caract\u00e9ristiques d\u2019une escabeau t\u00e9lescopique avec une plateforme, ce qui permet d\u2019obtenir un m\u00e9lange de s\u00e9curit\u00e9, portabilit\u00e9, stabilit\u00e9 et facilit\u00e9 de manipulation. Le syst\u00e8me t\u00e9lescopique permet d\u2019obtenir 9 hauteurs de travail diff\u00e9rentes.","og_url":"https:\/\/jormax.com\/fr\/produto\/telefly\/","og_site_name":"Jormax - F\u00e1brica de Escadas e Escadotes","article_publisher":"https:\/\/www.facebook.com\/jormaxportugal\/","article_modified_time":"2024-07-15T13:29:11+00:00","og_image":[{"width":900,"height":900,"url":"https:\/\/jormax.com\/wp-content\/uploads\/2019\/11\/plataforma-individual-telefly-FR-jormax.jpg","type":"image\/jpeg"}],"twitter_card":"summary_large_image","schema":{"@context":"https:\/\/schema.org","@graph":[{"@type":"WebPage","@id":"https:\/\/jormax.com\/fr\/produto\/telefly\/","url":"https:\/\/jormax.com\/fr\/produto\/telefly\/","name":"TELEFLY - Jormax - F\u00e1brica de Escadas e Escadotes","isPartOf":{"@id":"https:\/\/jormax.com\/fr\/#website"},"primaryImageOfPage":{"@id":"https:\/\/jormax.com\/fr\/produto\/telefly\/#primaryimage"},"image":{"@id":"https:\/\/jormax.com\/fr\/produto\/telefly\/#primaryimage"},"thumbnailUrl":"https:\/\/jormax.com\/wp-content\/uploads\/2019\/11\/plataforma-individual-telefly-FR-jormax.jpg","datePublished":"2019-10-03T09:30:30+00:00","dateModified":"2024-07-15T13:29:11+00:00","description":"Construite conform\u00e9ment \u00e0 la norme europ\u00e9enne EN 131-7, cette plateforme de travail combine toutes les caract\u00e9ristiques d\u2019une escabeau t\u00e9lescopique avec une plateforme, ce qui permet d\u2019obtenir un m\u00e9lange de s\u00e9curit\u00e9, portabilit\u00e9, stabilit\u00e9 et facilit\u00e9 de manipulation. Le syst\u00e8me t\u00e9lescopique permet d\u2019obtenir 9 hauteurs de travail diff\u00e9rentes.","breadcrumb":{"@id":"https:\/\/jormax.com\/fr\/produto\/telefly\/#breadcrumb"},"inLanguage":"fr-FR","potentialAction":[{"@type":"ReadAction","target":["https:\/\/jormax.com\/fr\/produto\/telefly\/"]}]},{"@type":"ImageObject","inLanguage":"fr-FR","@id":"https:\/\/jormax.com\/fr\/produto\/telefly\/#primaryimage","url":"https:\/\/jormax.com\/wp-content\/uploads\/2019\/11\/plataforma-individual-telefly-FR-jormax.jpg","contentUrl":"https:\/\/jormax.com\/wp-content\/uploads\/2019\/11\/plataforma-individual-telefly-FR-jormax.jpg","width":900,"height":900},{"@type":"BreadcrumbList","@id":"https:\/\/jormax.com\/fr\/produto\/telefly\/#breadcrumb","itemListElement":[{"@type":"ListItem","position":1,"name":"In\u00edcio","item":"https:\/\/jormax.com\/fr\/"},{"@type":"ListItem","position":2,"name":"Produ\u00edts","item":"https:\/\/jormax.com\/fr\/produits\/"},{"@type":"ListItem","position":3,"name":"TELEFLY"}]},{"@type":"WebSite","@id":"https:\/\/jormax.com\/fr\/#website","url":"https:\/\/jormax.com\/fr\/","name":"Jormax - F\u00e1brica de Escadas e Escadotes","description":"Fabricante de escadas, escadotes, andaimes, plataformas e solu\u00e7\u00f5es \u00e0 medida em alum\u00ednio e fibra de vidro certificados. F\u00e1brica com sede em Portugal.","publisher":{"@id":"https:\/\/jormax.com\/fr\/#organization"},"potentialAction":[{"@type":"SearchAction","target":{"@type":"EntryPoint","urlTemplate":"https:\/\/jormax.com\/fr\/?s={search_term_string}"},"query-input":{"@type":"PropertyValueSpecification","valueRequired":true,"valueName":"search_term_string"}}],"inLanguage":"fr-FR"},{"@type":"Organization","@id":"https:\/\/jormax.com\/fr\/#organization","name":"Jormax - Fabricant d' \u00c9chelles, Escabeau et \u00c9chafaudages","url":"https:\/\/jormax.com\/fr\/","logo":{"@type":"ImageObject","inLanguage":"fr-FR","@id":"https:\/\/jormax.com\/fr\/#\/schema\/logo\/image\/","url":"http:\/\/jormax.com\/wp-content\/uploads\/2019\/12\/logotipo-jormax-cor-stickymenu.png","contentUrl":"http:\/\/jormax.com\/wp-content\/uploads\/2019\/12\/logotipo-jormax-cor-stickymenu.png","width":235,"height":59,"caption":"Jormax - Fabricant d' \u00c9chelles, Escabeau et \u00c9chafaudages"},"image":{"@id":"https:\/\/jormax.com\/fr\/#\/schema\/logo\/image\/"},"sameAs":["https:\/\/www.facebook.com\/jormaxportugal\/"]}]}},"_links":{"self":[{"href":"https:\/\/jormax.com\/fr\/wp-json\/wp\/v2\/product\/6495","targetHints":{"allow":["GET"]}}],"collection":[{"href":"https:\/\/jormax.com\/fr\/wp-json\/wp\/v2\/product"}],"about":[{"href":"https:\/\/jormax.com\/fr\/wp-json\/wp\/v2\/types\/product"}],"wp:featuredmedia":[{"embeddable":true,"href":"https:\/\/jormax.com\/fr\/wp-json\/wp\/v2\/media\/6496"}],"wp:attachment":[{"href":"https:\/\/jormax.com\/fr\/wp-json\/wp\/v2\/media?parent=6495"}],"wp:term":[{"taxonomy":"product_brand","embeddable":true,"href":"https:\/\/jormax.com\/fr\/wp-json\/wp\/v2\/product_brand?post=6495"},{"taxonomy":"product_cat","embeddable":true,"href":"https:\/\/jormax.com\/fr\/wp-json\/wp\/v2\/product_cat?post=6495"},{"taxonomy":"product_tag","embeddable":true,"href":"https:\/\/jormax.com\/fr\/wp-json\/wp\/v2\/product_tag?post=6495"}],"curies":[{"name":"wp","href":"https:\/\/api.w.org\/{rel}","templated":true}]}}