{"id":18257,"date":"2024-10-11T14:31:34","date_gmt":"2024-10-11T16:11:48","guid":{"rendered":"http:\/\/jormax.com\/produtos\/telemax-pro\/"},"modified":"2025-07-03T11:15:18","modified_gmt":"2025-07-03T10:15:18","slug":"telemax","status":"publish","type":"product","link":"https:\/\/jormax.com\/fr\/produto\/telemax\/","title":{"rendered":"TELEMAX"},"content":{"rendered":"<div class=\"wpb-content-wrapper\"><p>[vc_row][vc_column][vc_column_text css=\u00a0\u00bb\u00a0\u00bb]\t\t\t\t\t\t<div class=\"wpsm-comptable-wrap\">\n\t\t\t\t<table id=\"wpsm-table-356\" class=\"wpsm-comptable center-table-align\">\n\t\t\t\t\t\t\t\t\t<thead class=\"wpsm-thead wpsm-thead-default\">\n\t\t\t\t\t\t<tr>\t\t\t\t\t\t\t\n\t\t\t\t\t\t\t\t\t\t\t\t\t\t\t\t\t\t\t\t\t\t\t\t<th>REF<\/th>\n\t\t\t\t\t\t\t\t\t\n\t\t\t\t\t\t\t\t\n\t\t\t\t\t\t\t\t\t\t\t\t\t\t\t\t\t\t\t\t\t\t\t\t<th><center><img style=\"width:80px\" src =\"https:\/\/jormax.com\/wp-content\/uploads\/2019\/03\/icon-numero-degraus-jormax.png\" alt=\"\" \/><\/center><br><b><\/b><\/th>\n\t\t\t\t\t\t\t\t\t\n\t\t\t\t\t\t\t\t\n\t\t\t\t\t\t\t\t\t\t\t\t\t\t\t\t\t\t\t\t\t\t\t\t<th><center><img style=\"width:80px\" src =\"https:\/\/jormax.com\/wp-content\/uploads\/2019\/10\/Icon-04.png\" alt=\"\" \/><\/center><br><b><i>m<\/i><\/b><\/th>\n\t\t\t\t\t\t\t\t\t\n\t\t\t\t\t\t\t\t\n\t\t\t\t\t\t\t\t\t\t\t\t\t\t\t\t\t\t\t\t\t\t\t\t<th><center><img style=\"width:80px\" src =\"https:\/\/jormax.com\/wp-content\/uploads\/2019\/10\/Icon-05.png\" alt=\"\" \/><\/center><br><b><i>m<\/i><\/b><\/th>\n\t\t\t\t\t\t\t\t\t\n\t\t\t\t\t\t\t\t\n\t\t\t\t\t\t\t\t\t\t\t\t\t\t\t\t\t\t\t\t\t\t\t\t<th><center><img style=\"width:80px\" src =\"https:\/\/jormax.com\/wp-content\/uploads\/2019\/10\/Icon-41.png\" alt=\"\" \/><\/center><br><b><i>m<\/i><\/b><\/th>\n\t\t\t\t\t\t\t\t\t\n\t\t\t\t\t\t\t\t\n\t\t\t\t\t\t\t\t\t\t\t\t\t\t\t\t\t\t\t\t\t\t\t\t<th><center><img style=\"width:80px\" src =\"http:\/\/jormax.com\/wp-content\/uploads\/2019\/03\/icon-largura-jormax.png\" alt=\"\" \/><\/center><br><b><i>m<\/i><\/b><\/th>\n\t\t\t\t\t\t\t\t\t\n\t\t\t\t\t\t\t\t\n\t\t\t\t\t\t\t\t\t\t\t\t\t\t\t\t\t\t\t\t\t\t\t\t<th>KG<\/th>\n\t\t\t\t\t\t\t\t\t\n\t\t\t\t\t\t\t\t\n\t\t\t\t\t\t\t\t\t\t\t\t\t<\/tr>\n\t\t\t\t\t<\/thead>\n\t\t\t\t\t<tbody class=\"wpsm-tbody\">\n\t\t\t\t\t\t\t\t\t\t\t\t\t\t\t\t<tr>\t\t\t\t\t\t\t\t\t\t\t\t\t\t\t<td>\t\t\t\t\t\t\t\t\t\t\t\t\t\t\t\t\t\t\t\t\t\t\t\t\t\t20112\t\t\t\t\t\t\t\t\t\t\t\t\t\t\t\t<\/td>\n\t\t\t\t\t\t\t\t\t\t\t\t\t\t\t\t\t\t\t\t\t\t\t<td>\t\t\t\t\t\t\t\t\t\t\t\t\t\t\t\t\t\t\t\t\t\t\t\t\t\t13\t\t\t\t\t\t\t\t\t\t\t\t\t\t\t\t<\/td>\n\t\t\t\t\t\t\t\t\t\t\t\t\t\t\t\t\t\t\t\t\t\t\t<td>\t\t\t\t\t\t\t\t\t\t\t\t\t\t\t\t\t\t\t\t\t\t\t\t\t\t1.00\t\t\t\t\t\t\t\t\t\t\t\t\t\t\t\t<\/td>\n\t\t\t\t\t\t\t\t\t\t\t\t\t\t\t\t\t\t\t\t\t\t\t<td>\t\t\t\t\t\t\t\t\t\t\t\t\t\t\t\t\t\t\t\t\t\t\t\t\t\t3.80\t\t\t\t\t\t\t\t\t\t\t\t\t\t\t\t<\/td>\n\t\t\t\t\t\t\t\t\t\t\t\t\t\t\t\t\t\t\t\t\t\t\t<td>\t\t\t\t\t\t\t\t\t\t\t\t\t\t\t\t\t\t\t\t\t\t\t\t\t\t4.80\t\t\t\t\t\t\t\t\t\t\t\t\t\t\t\t<\/td>\n\t\t\t\t\t\t\t\t\t\t\t\t\t\t\t\t\t\t\t\t\t\t\t<td>\t\t\t\t\t\t\t\t\t\t\t\t\t\t\t\t\t\t\t\t\t\t\t\t\t\t0.61-0.88\t\t\t\t\t\t\t\t\t\t\t\t\t\t\t\t<\/td>\n\t\t\t\t\t\t\t\t\t\t\t\t\t\t\t\t\t\t\t\t\t\t\t<td>\t\t\t\t\t\t\t\t\t\t\t\t\t\t\t\t\t\t\t\t\t\t\t\t\t\t2.04\t\t\t\t\t\t\t\t\t\t\t\t\t\t\t\t<\/td>\n\t\t\t\t\t\t\t\t\t\t\t\t\t\t\t\t\t\t\t\t\t<\/tr>\n\t\t\t\t\t\t\t\t\t\t<\/tbody>\n\t\t\t\t<\/table>\n\t\t\t<\/div>\n\t\t[\/vc_column_text][\/vc_column][\/vc_row]<\/p>\n<\/div>","protected":false},"excerpt":{"rendered":"<p><strong>\u00c9chelle t\u00e9lescopique en aluminium r\u00e9glable jusqu&rsquo;\u00e0 4,80 m de hauteur de travail. <\/strong><\/p>\n<p>L&rsquo;\u00e9chelle t\u00e9lescopique TELEMAX PRO est fabriqu\u00e9e en aluminium de haute qualit\u00e9, avec 13 \u00e9chelons, extensible automatiquement et se verrouillant en toute s\u00e9curit\u00e9. Elle est compacte et facile \u00e0 transporter, avec une hauteur de travail allant jusqu&rsquo;\u00e0 4,80 m. Les \u00e9chelons sont auto-bloquants, pour une s\u00e9curit\u00e9 et un confort accrus lors de la manipulation de ce produit.<\/p>\n<p><img decoding=\"async\" class=\"selos-produto\" src=\"http:\/\/jormax.com\/wp-content\/uploads\/2019\/10\/europa.jpg\" alt=\"NOME DOS SELOS (SUBSTITUIR)\" \/> <img decoding=\"async\" class=\"selos-produto\" src=\"http:\/\/jormax.com\/wp-content\/uploads\/2019\/10\/decreto-lei.jpg\" alt=\"NOME DOS SELOS (SUBSTITUIR)\" \/> <img decoding=\"async\" class=\"selos-produto\" src=\"http:\/\/jormax.com\/wp-content\/uploads\/2019\/10\/norma-131.jpg\" alt=\"NOME DOS SELOS (SUBSTITUIR)\" \/> <img decoding=\"async\" class=\"selos-produto\" src=\"http:\/\/jormax.com\/wp-content\/uploads\/2019\/10\/garantia-5.jpg\" alt=\"NOME DOS SELOS (SUBSTITUIR)\" \/><img decoding=\"async\" class=\"selos-produto\" src=\"http:\/\/jormax.com\/wp-content\/uploads\/2019\/10\/uso-profissional.jpg\" alt=\"NOME DOS SELOS (SUBSTITUIR)\" \/> \u00a0<img decoding=\"async\" class=\"selos-produto\" src=\"http:\/\/jormax.com\/wp-content\/uploads\/2019\/10\/peso-150.jpg\" alt=\"NOME DOS SELOS (SUBSTITUIR)\" \/><\/p>\n","protected":false},"featured_media":21918,"template":"","meta":[],"product_brand":[],"product_cat":[303,272],"product_tag":[],"class_list":{"0":"post-18257","1":"product","2":"type-product","3":"status-publish","4":"has-post-thumbnail","6":"product_cat-escaliers","7":"product_cat-escadas-multiuso-telescopicas-fr","9":"first","10":"instock","11":"shipping-taxable","12":"product-type-simple"},"yoast_head":"<!-- This site is optimized with the Yoast SEO plugin v24.5 - https:\/\/yoast.com\/wordpress\/plugins\/seo\/ -->\n<title>TELEMAX - Jormax - F\u00e1brica de Escadas e Escadotes<\/title>\n<meta name=\"robots\" content=\"index, follow, max-snippet:-1, max-image-preview:large, max-video-preview:-1\" \/>\n<link rel=\"canonical\" href=\"https:\/\/jormax.com\/fr\/produto\/telemax\/\" \/>\n<meta property=\"og:locale\" content=\"fr_FR\" \/>\n<meta property=\"og:type\" content=\"article\" \/>\n<meta property=\"og:title\" content=\"TELEMAX - Jormax - F\u00e1brica de Escadas e Escadotes\" \/>\n<meta property=\"og:description\" content=\"\u00c9chelle t\u00e9lescopique en aluminium r\u00e9glable jusqu&#039;\u00e0 4,80 m de hauteur de travail.   L&#039;\u00e9chelle t\u00e9lescopique TELEMAX PRO est fabriqu\u00e9e en aluminium de haute qualit\u00e9, avec 13 \u00e9chelons, extensible automatiquement et se verrouillant en toute s\u00e9curit\u00e9. Elle est compacte et facile \u00e0 transporter, avec une hauteur de travail allant jusqu&#039;\u00e0 4,80 m. Les \u00e9chelons sont auto-bloquants, pour une s\u00e9curit\u00e9 et un confort accrus lors de la manipulation de ce produit.    \u00a0\" \/>\n<meta property=\"og:url\" content=\"https:\/\/jormax.com\/fr\/produto\/telemax\/\" \/>\n<meta property=\"og:site_name\" content=\"Jormax - F\u00e1brica de Escadas e Escadotes\" \/>\n<meta property=\"article:publisher\" content=\"https:\/\/www.facebook.com\/jormaxportugal\/\" \/>\n<meta property=\"article:modified_time\" content=\"2025-07-03T10:15:18+00:00\" \/>\n<meta property=\"og:image\" content=\"http:\/\/jormax.com\/wp-content\/uploads\/telemax_estabilizadores-fechados-1024x968.png\" \/>\n\t<meta property=\"og:image:width\" content=\"1024\" \/>\n\t<meta property=\"og:image:height\" content=\"968\" \/>\n\t<meta property=\"og:image:type\" content=\"image\/png\" \/>\n<meta name=\"twitter:card\" content=\"summary_large_image\" \/>\n<meta name=\"twitter:label1\" content=\"Dur\u00e9e de lecture estim\u00e9e\" \/>\n\t<meta name=\"twitter:data1\" content=\"1 minute\" \/>\n<script type=\"application\/ld+json\" class=\"yoast-schema-graph\">{\"@context\":\"https:\/\/schema.org\",\"@graph\":[{\"@type\":\"WebPage\",\"@id\":\"https:\/\/jormax.com\/fr\/produto\/telemax\/\",\"url\":\"https:\/\/jormax.com\/fr\/produto\/telemax\/\",\"name\":\"TELEMAX - Jormax - F\u00e1brica de Escadas e Escadotes\",\"isPartOf\":{\"@id\":\"https:\/\/jormax.com\/fr\/#website\"},\"primaryImageOfPage\":{\"@id\":\"https:\/\/jormax.com\/fr\/produto\/telemax\/#primaryimage\"},\"image\":{\"@id\":\"https:\/\/jormax.com\/fr\/produto\/telemax\/#primaryimage\"},\"thumbnailUrl\":\"https:\/\/jormax.com\/wp-content\/uploads\/telemax_estabilizadores-fechados.png\",\"datePublished\":\"2024-10-11T16:11:48+00:00\",\"dateModified\":\"2025-07-03T10:15:18+00:00\",\"breadcrumb\":{\"@id\":\"https:\/\/jormax.com\/fr\/produto\/telemax\/#breadcrumb\"},\"inLanguage\":\"fr-FR\",\"potentialAction\":[{\"@type\":\"ReadAction\",\"target\":[\"https:\/\/jormax.com\/fr\/produto\/telemax\/\"]}]},{\"@type\":\"ImageObject\",\"inLanguage\":\"fr-FR\",\"@id\":\"https:\/\/jormax.com\/fr\/produto\/telemax\/#primaryimage\",\"url\":\"https:\/\/jormax.com\/wp-content\/uploads\/telemax_estabilizadores-fechados.png\",\"contentUrl\":\"https:\/\/jormax.com\/wp-content\/uploads\/telemax_estabilizadores-fechados.png\",\"width\":3901,\"height\":3689},{\"@type\":\"BreadcrumbList\",\"@id\":\"https:\/\/jormax.com\/fr\/produto\/telemax\/#breadcrumb\",\"itemListElement\":[{\"@type\":\"ListItem\",\"position\":1,\"name\":\"In\u00edcio\",\"item\":\"https:\/\/jormax.com\/fr\/\"},{\"@type\":\"ListItem\",\"position\":2,\"name\":\"Produ\u00edts\",\"item\":\"https:\/\/jormax.com\/fr\/produits\/\"},{\"@type\":\"ListItem\",\"position\":3,\"name\":\"TELEMAX\"}]},{\"@type\":\"WebSite\",\"@id\":\"https:\/\/jormax.com\/fr\/#website\",\"url\":\"https:\/\/jormax.com\/fr\/\",\"name\":\"Jormax - F\u00e1brica de Escadas e Escadotes\",\"description\":\"Fabricante de escadas, escadotes, andaimes, plataformas e solu\u00e7\u00f5es \u00e0 medida em alum\u00ednio e fibra de vidro certificados. F\u00e1brica com sede em Portugal.\",\"publisher\":{\"@id\":\"https:\/\/jormax.com\/fr\/#organization\"},\"potentialAction\":[{\"@type\":\"SearchAction\",\"target\":{\"@type\":\"EntryPoint\",\"urlTemplate\":\"https:\/\/jormax.com\/fr\/?s={search_term_string}\"},\"query-input\":{\"@type\":\"PropertyValueSpecification\",\"valueRequired\":true,\"valueName\":\"search_term_string\"}}],\"inLanguage\":\"fr-FR\"},{\"@type\":\"Organization\",\"@id\":\"https:\/\/jormax.com\/fr\/#organization\",\"name\":\"Jormax - Fabricant d' \u00c9chelles, Escabeau et \u00c9chafaudages\",\"url\":\"https:\/\/jormax.com\/fr\/\",\"logo\":{\"@type\":\"ImageObject\",\"inLanguage\":\"fr-FR\",\"@id\":\"https:\/\/jormax.com\/fr\/#\/schema\/logo\/image\/\",\"url\":\"http:\/\/jormax.com\/wp-content\/uploads\/2019\/12\/logotipo-jormax-cor-stickymenu.png\",\"contentUrl\":\"http:\/\/jormax.com\/wp-content\/uploads\/2019\/12\/logotipo-jormax-cor-stickymenu.png\",\"width\":235,\"height\":59,\"caption\":\"Jormax - Fabricant d' \u00c9chelles, Escabeau et \u00c9chafaudages\"},\"image\":{\"@id\":\"https:\/\/jormax.com\/fr\/#\/schema\/logo\/image\/\"},\"sameAs\":[\"https:\/\/www.facebook.com\/jormaxportugal\/\"]}]}<\/script>\n<!-- \/ Yoast SEO plugin. -->","yoast_head_json":{"title":"TELEMAX - Jormax - F\u00e1brica de Escadas e Escadotes","robots":{"index":"index","follow":"follow","max-snippet":"max-snippet:-1","max-image-preview":"max-image-preview:large","max-video-preview":"max-video-preview:-1"},"canonical":"https:\/\/jormax.com\/fr\/produto\/telemax\/","og_locale":"fr_FR","og_type":"article","og_title":"TELEMAX - Jormax - F\u00e1brica de Escadas e Escadotes","og_description":"\u00c9chelle t\u00e9lescopique en aluminium r\u00e9glable jusqu'\u00e0 4,80 m de hauteur de travail.   L'\u00e9chelle t\u00e9lescopique TELEMAX PRO est fabriqu\u00e9e en aluminium de haute qualit\u00e9, avec 13 \u00e9chelons, extensible automatiquement et se verrouillant en toute s\u00e9curit\u00e9. Elle est compacte et facile \u00e0 transporter, avec une hauteur de travail allant jusqu'\u00e0 4,80 m. Les \u00e9chelons sont auto-bloquants, pour une s\u00e9curit\u00e9 et un confort accrus lors de la manipulation de ce produit.    \u00a0","og_url":"https:\/\/jormax.com\/fr\/produto\/telemax\/","og_site_name":"Jormax - F\u00e1brica de Escadas e Escadotes","article_publisher":"https:\/\/www.facebook.com\/jormaxportugal\/","article_modified_time":"2025-07-03T10:15:18+00:00","og_image":[{"width":1024,"height":968,"url":"http:\/\/jormax.com\/wp-content\/uploads\/telemax_estabilizadores-fechados-1024x968.png","type":"image\/png"}],"twitter_card":"summary_large_image","twitter_misc":{"Dur\u00e9e de lecture estim\u00e9e":"1 minute"},"schema":{"@context":"https:\/\/schema.org","@graph":[{"@type":"WebPage","@id":"https:\/\/jormax.com\/fr\/produto\/telemax\/","url":"https:\/\/jormax.com\/fr\/produto\/telemax\/","name":"TELEMAX - Jormax - F\u00e1brica de Escadas e Escadotes","isPartOf":{"@id":"https:\/\/jormax.com\/fr\/#website"},"primaryImageOfPage":{"@id":"https:\/\/jormax.com\/fr\/produto\/telemax\/#primaryimage"},"image":{"@id":"https:\/\/jormax.com\/fr\/produto\/telemax\/#primaryimage"},"thumbnailUrl":"https:\/\/jormax.com\/wp-content\/uploads\/telemax_estabilizadores-fechados.png","datePublished":"2024-10-11T16:11:48+00:00","dateModified":"2025-07-03T10:15:18+00:00","breadcrumb":{"@id":"https:\/\/jormax.com\/fr\/produto\/telemax\/#breadcrumb"},"inLanguage":"fr-FR","potentialAction":[{"@type":"ReadAction","target":["https:\/\/jormax.com\/fr\/produto\/telemax\/"]}]},{"@type":"ImageObject","inLanguage":"fr-FR","@id":"https:\/\/jormax.com\/fr\/produto\/telemax\/#primaryimage","url":"https:\/\/jormax.com\/wp-content\/uploads\/telemax_estabilizadores-fechados.png","contentUrl":"https:\/\/jormax.com\/wp-content\/uploads\/telemax_estabilizadores-fechados.png","width":3901,"height":3689},{"@type":"BreadcrumbList","@id":"https:\/\/jormax.com\/fr\/produto\/telemax\/#breadcrumb","itemListElement":[{"@type":"ListItem","position":1,"name":"In\u00edcio","item":"https:\/\/jormax.com\/fr\/"},{"@type":"ListItem","position":2,"name":"Produ\u00edts","item":"https:\/\/jormax.com\/fr\/produits\/"},{"@type":"ListItem","position":3,"name":"TELEMAX"}]},{"@type":"WebSite","@id":"https:\/\/jormax.com\/fr\/#website","url":"https:\/\/jormax.com\/fr\/","name":"Jormax - F\u00e1brica de Escadas e Escadotes","description":"Fabricante de escadas, escadotes, andaimes, plataformas e solu\u00e7\u00f5es \u00e0 medida em alum\u00ednio e fibra de vidro certificados. F\u00e1brica com sede em Portugal.","publisher":{"@id":"https:\/\/jormax.com\/fr\/#organization"},"potentialAction":[{"@type":"SearchAction","target":{"@type":"EntryPoint","urlTemplate":"https:\/\/jormax.com\/fr\/?s={search_term_string}"},"query-input":{"@type":"PropertyValueSpecification","valueRequired":true,"valueName":"search_term_string"}}],"inLanguage":"fr-FR"},{"@type":"Organization","@id":"https:\/\/jormax.com\/fr\/#organization","name":"Jormax - Fabricant d' \u00c9chelles, Escabeau et \u00c9chafaudages","url":"https:\/\/jormax.com\/fr\/","logo":{"@type":"ImageObject","inLanguage":"fr-FR","@id":"https:\/\/jormax.com\/fr\/#\/schema\/logo\/image\/","url":"http:\/\/jormax.com\/wp-content\/uploads\/2019\/12\/logotipo-jormax-cor-stickymenu.png","contentUrl":"http:\/\/jormax.com\/wp-content\/uploads\/2019\/12\/logotipo-jormax-cor-stickymenu.png","width":235,"height":59,"caption":"Jormax - Fabricant d' \u00c9chelles, Escabeau et \u00c9chafaudages"},"image":{"@id":"https:\/\/jormax.com\/fr\/#\/schema\/logo\/image\/"},"sameAs":["https:\/\/www.facebook.com\/jormaxportugal\/"]}]}},"_links":{"self":[{"href":"https:\/\/jormax.com\/fr\/wp-json\/wp\/v2\/product\/18257","targetHints":{"allow":["GET"]}}],"collection":[{"href":"https:\/\/jormax.com\/fr\/wp-json\/wp\/v2\/product"}],"about":[{"href":"https:\/\/jormax.com\/fr\/wp-json\/wp\/v2\/types\/product"}],"wp:featuredmedia":[{"embeddable":true,"href":"https:\/\/jormax.com\/fr\/wp-json\/wp\/v2\/media\/21918"}],"wp:attachment":[{"href":"https:\/\/jormax.com\/fr\/wp-json\/wp\/v2\/media?parent=18257"}],"wp:term":[{"taxonomy":"product_brand","embeddable":true,"href":"https:\/\/jormax.com\/fr\/wp-json\/wp\/v2\/product_brand?post=18257"},{"taxonomy":"product_cat","embeddable":true,"href":"https:\/\/jormax.com\/fr\/wp-json\/wp\/v2\/product_cat?post=18257"},{"taxonomy":"product_tag","embeddable":true,"href":"https:\/\/jormax.com\/fr\/wp-json\/wp\/v2\/product_tag?post=18257"}],"curies":[{"name":"wp","href":"https:\/\/api.w.org\/{rel}","templated":true}]}}