{"id":17657,"date":"2024-07-19T14:41:45","date_gmt":"2024-07-19T13:41:45","guid":{"rendered":"http:\/\/jormax.com\/produtos\/c-250-plus\/"},"modified":"2024-07-19T15:00:08","modified_gmt":"2024-07-19T14:00:08","slug":"c-250-plus","status":"publish","type":"product","link":"https:\/\/jormax.com\/fr\/produto\/c-250-plus\/","title":{"rendered":"C-250 PLUS"},"content":{"rendered":"<div class=\"wpb-content-wrapper\"><p>[vc_row][vc_column][vc_column_text]\t\t\t\t\t\t<div class=\"wpsm-comptable-wrap\">\n\t\t\t\t<table id=\"wpsm-table-335\" class=\"wpsm-comptable center-table-align\">\n\t\t\t\t\t\t\t\t\t<thead class=\"wpsm-thead wpsm-thead-default\">\n\t\t\t\t\t\t<tr>\t\t\t\t\t\t\t\n\t\t\t\t\t\t\t\t\t\t\t\t\t\t\t\t\t\t\t\t\t\t\t\t<th>REF<\/th>\n\t\t\t\t\t\t\t\t\t\n\t\t\t\t\t\t\t\t\n\t\t\t\t\t\t\t\t\t\t\t\t\t\t\t\t\t\t\t\t\t\t\t\t<th><center><img style=\"width:60px\" src =\"https:\/\/jormax.com\/wp-content\/uploads\/ALTURA-CARRINHO.jpg\" alt=\"\" \/><\/center><br><b><i>mm<\/i><\/b><\/th>\n\t\t\t\t\t\t\t\t\t\n\t\t\t\t\t\t\t\t\n\t\t\t\t\t\t\t\t\t\t\t\t\t\t\t\t\t\t\t\t\t\t\t\t<th><center><img style=\"width:60px\" src =\"https:\/\/jormax.com\/wp-content\/uploads\/PLATAFORMA-MEDIDA.jpg\" alt=\"\" \/><\/center><br><b><i>mm<\/i><\/b><\/th>\n\t\t\t\t\t\t\t\t\t\n\t\t\t\t\t\t\t\t\n\t\t\t\t\t\t\t\t\t\t\t\t\t\t\t\t\t\t\t\t\t\t\t\t<th><center><img style=\"width:60px\" src =\"https:\/\/jormax.com\/wp-content\/uploads\/PLATAFORMA-CARGA.jpg\" alt=\"\" \/><\/center><br><b><i>mm<\/i><\/b><\/th>\n\t\t\t\t\t\t\t\t\t\n\t\t\t\t\t\t\t\t\n\t\t\t\t\t\t\t\t\t\t\t\t\t\t\t\t\t\t\t\t\t\t\t\t<th><center><img style=\"width:60px\" src =\"https:\/\/jormax.com\/wp-content\/uploads\/DIAMETRO-TUBO.jpg\" alt=\"\" \/><\/center><br><b><i>mm<\/i><\/b><\/th>\n\t\t\t\t\t\t\t\t\t\n\t\t\t\t\t\t\t\t\n\t\t\t\t\t\t\t\t\t\t\t\t\t\t\t\t\t\t\t\t\t\t\t\t<th><center><img style=\"width:60px\" src =\"https:\/\/jormax.com\/wp-content\/uploads\/DIAMETRO-RODA.jpg\" alt=\"\" \/><\/center><br><b><i>mm<\/i><\/b><\/th>\n\t\t\t\t\t\t\t\t\t\n\t\t\t\t\t\t\t\t\n\t\t\t\t\t\t\t\t\t\t\t\t\t\t\t\t\t\t\t\t\t\t\t\t<th>KG<\/th>\n\t\t\t\t\t\t\t\t\t\n\t\t\t\t\t\t\t\t\n\t\t\t\t\t\t\t\t\t\t\t\t\t<\/tr>\n\t\t\t\t\t<\/thead>\n\t\t\t\t\t<tbody class=\"wpsm-tbody\">\n\t\t\t\t\t\t\t\t\t\t\t\t\t\t\t\t<tr>\t\t\t\t\t\t\t\t\t\t\t\t\t\t\t<td>\t\t\t\t\t\t\t\t\t\t\t\t\t\t\t\t\t\t\t\t\t\t\t\t\t\t20188\t\t\t\t\t\t\t\t\t\t\t\t\t\t\t\t<\/td>\n\t\t\t\t\t\t\t\t\t\t\t\t\t\t\t\t\t\t\t\t\t\t\t<td>\t\t\t\t\t\t\t\t\t\t\t\t\t\t\t\t\t\t\t\t\t\t\t\t\t\t450x1260\t\t\t\t\t\t\t\t\t\t\t\t\t\t\t\t<\/td>\n\t\t\t\t\t\t\t\t\t\t\t\t\t\t\t\t\t\t\t\t\t\t\t<td>\t\t\t\t\t\t\t\t\t\t\t\t\t\t\t\t\t\t\t\t\t\t\t\t\t\t470\t\t\t\t\t\t\t\t\t\t\t\t\t\t\t\t<\/td>\n\t\t\t\t\t\t\t\t\t\t\t\t\t\t\t\t\t\t\t\t\t\t\t<td>\t\t\t\t\t\t\t\t\t\t\t\t\t\t\t\t\t\t\t\t\t\t\t\t\t\t250\t\t\t\t\t\t\t\t\t\t\t\t\t\t\t\t<\/td>\n\t\t\t\t\t\t\t\t\t\t\t\t\t\t\t\t\t\t\t\t\t\t\t<td>\t\t\t\t\t\t\t\t\t\t\t\t\t\t\t\t\t\t\t\t\t\t\t\t\t\t25\t\t\t\t\t\t\t\t\t\t\t\t\t\t\t\t<\/td>\n\t\t\t\t\t\t\t\t\t\t\t\t\t\t\t\t\t\t\t\t\t\t\t<td>\t\t\t\t\t\t\t\t\t\t\t\t\t\t\t\t\t\t\t\t\t\t\t\t\t\t150X40\t\t\t\t\t\t\t\t\t\t\t\t\t\t\t\t<\/td>\n\t\t\t\t\t\t\t\t\t\t\t\t\t\t\t\t\t\t\t\t\t\t\t<td>\t\t\t\t\t\t\t\t\t\t\t\t\t\t\t\t\t\t\t\t\t\t\t\t\t\t18.00\t\t\t\t\t\t\t\t\t\t\t\t\t\t\t\t<\/td>\n\t\t\t\t\t\t\t\t\t\t\t\t\t\t\t\t\t\t\t\t\t<\/tr>\n\t\t\t\t\t\t\t\t\t\t<\/tbody>\n\t\t\t\t<\/table>\n\t\t\t<\/div>\n\t\t[\/vc_column_text][\/vc_column][\/vc_row]<\/p>\n<\/div>","protected":false},"excerpt":{"rendered":"<p><strong>Chariot en acier \u00e9conomique pour \u00c9CHELLES &#8211; Plateforme pliante plus grande &#8211; Capacit\u00e9 : 250 kg.<\/strong><\/p>\n<p>\u00a0<\/p>\n<p>Chariot d\u2019escalier professionnel \u00e9quip\u00e9 de 6 roues pivotantes \u00d8 150&#215;40 mm. Con\u00e7u pour transporter des charges sur les \u00e9chelles gr\u00e2ce \u00e0 ses roues pivotantes. \u00c9quip\u00e9 de poign\u00e9es en caoutchouc ergonomiques. Fabriqu\u00e9 en structure tubulaire de \u00d8 25 mm. \u00c9quip\u00e9 d\u2019un renfort plat sur le tube interne de la structure.<br \/>\n\u00c9quip\u00e9 d\u2019une base pliante qui permet le transport de charges de diff\u00e9rentes tailles et dimensions:<br \/>\nProfondeur standard de la plateforme: 170 mm<br \/>\nProfondeur de la plateforme pliante: 490 mm.<\/p>\n<p>\u00a0<\/p>\n<p><img decoding=\"async\" class=\"selos-produto\" src=\"http:\/\/jormax.com\/wp-content\/uploads\/2019\/10\/uso-profissional.jpg\" alt=\"NOME DOS SELOS (SUBSTITUIR)\" \/><img decoding=\"async\" src=\"http:\/\/jormax.com\/wp-content\/uploads\/2019\/10\/garantia-1.jpg\" \/><\/p>\n<p>\u00a0<\/p>\n","protected":false},"featured_media":17651,"template":"","meta":[],"product_brand":[],"product_cat":[3586,333],"product_tag":[],"class_list":{"0":"post-17657","1":"product","2":"type-product","3":"status-publish","4":"has-post-thumbnail","6":"product_cat-chariot","7":"product_cat-autres","9":"first","10":"instock","11":"shipping-taxable","12":"product-type-simple"},"yoast_head":"<!-- This site is optimized with the Yoast SEO plugin v24.5 - https:\/\/yoast.com\/wordpress\/plugins\/seo\/ -->\n<title>C-250 PLUS - Jormax - F\u00e1brica de Escadas e Escadotes<\/title>\n<meta name=\"description\" content=\"Chariot d\u2019escalier professionnel \u00e9quip\u00e9 de 6 roues pivotantes \u00d8 150x40 mm. Con\u00e7u pour transporter des charges sur les \u00e9chelles gr\u00e2ce \u00e0 ses roues pivotantes. \u00c9quip\u00e9 de poign\u00e9es en caoutchouc ergonomiques. Fabriqu\u00e9 en structure tubulaire de \u00d8 25 mm. \u00c9quip\u00e9 d\u2019un renfort plat sur le tube interne de la structure. \u00c9quip\u00e9 d\u2019une base pliante qui permet le transport de charges de diff\u00e9rentes tailles et dimensions: Profondeur standard de la plateforme: 170 mm Profondeur de la plateforme pliante: 490 mm.\" \/>\n<meta name=\"robots\" content=\"index, follow, max-snippet:-1, max-image-preview:large, max-video-preview:-1\" \/>\n<link rel=\"canonical\" href=\"https:\/\/jormax.com\/fr\/produto\/c-250-plus\/\" \/>\n<meta property=\"og:locale\" content=\"fr_FR\" \/>\n<meta property=\"og:type\" content=\"article\" \/>\n<meta property=\"og:title\" content=\"C-250 PLUS - Jormax - F\u00e1brica de Escadas e Escadotes\" \/>\n<meta property=\"og:description\" content=\"Chariot d\u2019escalier professionnel \u00e9quip\u00e9 de 6 roues pivotantes \u00d8 150x40 mm. Con\u00e7u pour transporter des charges sur les \u00e9chelles gr\u00e2ce \u00e0 ses roues pivotantes. \u00c9quip\u00e9 de poign\u00e9es en caoutchouc ergonomiques. Fabriqu\u00e9 en structure tubulaire de \u00d8 25 mm. \u00c9quip\u00e9 d\u2019un renfort plat sur le tube interne de la structure. \u00c9quip\u00e9 d\u2019une base pliante qui permet le transport de charges de diff\u00e9rentes tailles et dimensions: Profondeur standard de la plateforme: 170 mm Profondeur de la plateforme pliante: 490 mm.\" \/>\n<meta property=\"og:url\" content=\"https:\/\/jormax.com\/fr\/produto\/c-250-plus\/\" \/>\n<meta property=\"og:site_name\" content=\"Jormax - F\u00e1brica de Escadas e Escadotes\" \/>\n<meta property=\"article:publisher\" content=\"https:\/\/www.facebook.com\/jormaxportugal\/\" \/>\n<meta property=\"article:modified_time\" content=\"2024-07-19T14:00:08+00:00\" \/>\n<meta property=\"og:image\" content=\"https:\/\/jormax.com\/wp-content\/uploads\/C-250-PLUS.png\" \/>\n\t<meta property=\"og:image:width\" content=\"299\" \/>\n\t<meta property=\"og:image:height\" content=\"491\" \/>\n\t<meta property=\"og:image:type\" content=\"image\/png\" \/>\n<meta name=\"twitter:card\" content=\"summary_large_image\" \/>\n<script type=\"application\/ld+json\" class=\"yoast-schema-graph\">{\"@context\":\"https:\/\/schema.org\",\"@graph\":[{\"@type\":\"WebPage\",\"@id\":\"https:\/\/jormax.com\/fr\/produto\/c-250-plus\/\",\"url\":\"https:\/\/jormax.com\/fr\/produto\/c-250-plus\/\",\"name\":\"C-250 PLUS - Jormax - F\u00e1brica de Escadas e Escadotes\",\"isPartOf\":{\"@id\":\"https:\/\/jormax.com\/fr\/#website\"},\"primaryImageOfPage\":{\"@id\":\"https:\/\/jormax.com\/fr\/produto\/c-250-plus\/#primaryimage\"},\"image\":{\"@id\":\"https:\/\/jormax.com\/fr\/produto\/c-250-plus\/#primaryimage\"},\"thumbnailUrl\":\"https:\/\/jormax.com\/wp-content\/uploads\/C-250-PLUS.png\",\"datePublished\":\"2024-07-19T13:41:45+00:00\",\"dateModified\":\"2024-07-19T14:00:08+00:00\",\"description\":\"Chariot d\u2019escalier professionnel \u00e9quip\u00e9 de 6 roues pivotantes \u00d8 150x40 mm. Con\u00e7u pour transporter des charges sur les \u00e9chelles gr\u00e2ce \u00e0 ses roues pivotantes. \u00c9quip\u00e9 de poign\u00e9es en caoutchouc ergonomiques. Fabriqu\u00e9 en structure tubulaire de \u00d8 25 mm. \u00c9quip\u00e9 d\u2019un renfort plat sur le tube interne de la structure. \u00c9quip\u00e9 d\u2019une base pliante qui permet le transport de charges de diff\u00e9rentes tailles et dimensions: Profondeur standard de la plateforme: 170 mm Profondeur de la plateforme pliante: 490 mm.\",\"breadcrumb\":{\"@id\":\"https:\/\/jormax.com\/fr\/produto\/c-250-plus\/#breadcrumb\"},\"inLanguage\":\"fr-FR\",\"potentialAction\":[{\"@type\":\"ReadAction\",\"target\":[\"https:\/\/jormax.com\/fr\/produto\/c-250-plus\/\"]}]},{\"@type\":\"ImageObject\",\"inLanguage\":\"fr-FR\",\"@id\":\"https:\/\/jormax.com\/fr\/produto\/c-250-plus\/#primaryimage\",\"url\":\"https:\/\/jormax.com\/wp-content\/uploads\/C-250-PLUS.png\",\"contentUrl\":\"https:\/\/jormax.com\/wp-content\/uploads\/C-250-PLUS.png\",\"width\":299,\"height\":491},{\"@type\":\"BreadcrumbList\",\"@id\":\"https:\/\/jormax.com\/fr\/produto\/c-250-plus\/#breadcrumb\",\"itemListElement\":[{\"@type\":\"ListItem\",\"position\":1,\"name\":\"In\u00edcio\",\"item\":\"https:\/\/jormax.com\/fr\/\"},{\"@type\":\"ListItem\",\"position\":2,\"name\":\"Produ\u00edts\",\"item\":\"https:\/\/jormax.com\/fr\/produits\/\"},{\"@type\":\"ListItem\",\"position\":3,\"name\":\"C-250 PLUS\"}]},{\"@type\":\"WebSite\",\"@id\":\"https:\/\/jormax.com\/fr\/#website\",\"url\":\"https:\/\/jormax.com\/fr\/\",\"name\":\"Jormax - F\u00e1brica de Escadas e Escadotes\",\"description\":\"Fabricante de escadas, escadotes, andaimes, plataformas e solu\u00e7\u00f5es \u00e0 medida em alum\u00ednio e fibra de vidro certificados. F\u00e1brica com sede em Portugal.\",\"publisher\":{\"@id\":\"https:\/\/jormax.com\/fr\/#organization\"},\"potentialAction\":[{\"@type\":\"SearchAction\",\"target\":{\"@type\":\"EntryPoint\",\"urlTemplate\":\"https:\/\/jormax.com\/fr\/?s={search_term_string}\"},\"query-input\":{\"@type\":\"PropertyValueSpecification\",\"valueRequired\":true,\"valueName\":\"search_term_string\"}}],\"inLanguage\":\"fr-FR\"},{\"@type\":\"Organization\",\"@id\":\"https:\/\/jormax.com\/fr\/#organization\",\"name\":\"Jormax - Fabricant d' \u00c9chelles, Escabeau et \u00c9chafaudages\",\"url\":\"https:\/\/jormax.com\/fr\/\",\"logo\":{\"@type\":\"ImageObject\",\"inLanguage\":\"fr-FR\",\"@id\":\"https:\/\/jormax.com\/fr\/#\/schema\/logo\/image\/\",\"url\":\"http:\/\/jormax.com\/wp-content\/uploads\/2019\/12\/logotipo-jormax-cor-stickymenu.png\",\"contentUrl\":\"http:\/\/jormax.com\/wp-content\/uploads\/2019\/12\/logotipo-jormax-cor-stickymenu.png\",\"width\":235,\"height\":59,\"caption\":\"Jormax - Fabricant d' \u00c9chelles, Escabeau et \u00c9chafaudages\"},\"image\":{\"@id\":\"https:\/\/jormax.com\/fr\/#\/schema\/logo\/image\/\"},\"sameAs\":[\"https:\/\/www.facebook.com\/jormaxportugal\/\"]}]}<\/script>\n<!-- \/ Yoast SEO plugin. -->","yoast_head_json":{"title":"C-250 PLUS - Jormax - F\u00e1brica de Escadas e Escadotes","description":"Chariot d\u2019escalier professionnel \u00e9quip\u00e9 de 6 roues pivotantes \u00d8 150x40 mm. Con\u00e7u pour transporter des charges sur les \u00e9chelles gr\u00e2ce \u00e0 ses roues pivotantes. \u00c9quip\u00e9 de poign\u00e9es en caoutchouc ergonomiques. Fabriqu\u00e9 en structure tubulaire de \u00d8 25 mm. \u00c9quip\u00e9 d\u2019un renfort plat sur le tube interne de la structure. \u00c9quip\u00e9 d\u2019une base pliante qui permet le transport de charges de diff\u00e9rentes tailles et dimensions: Profondeur standard de la plateforme: 170 mm Profondeur de la plateforme pliante: 490 mm.","robots":{"index":"index","follow":"follow","max-snippet":"max-snippet:-1","max-image-preview":"max-image-preview:large","max-video-preview":"max-video-preview:-1"},"canonical":"https:\/\/jormax.com\/fr\/produto\/c-250-plus\/","og_locale":"fr_FR","og_type":"article","og_title":"C-250 PLUS - Jormax - F\u00e1brica de Escadas e Escadotes","og_description":"Chariot d\u2019escalier professionnel \u00e9quip\u00e9 de 6 roues pivotantes \u00d8 150x40 mm. Con\u00e7u pour transporter des charges sur les \u00e9chelles gr\u00e2ce \u00e0 ses roues pivotantes. \u00c9quip\u00e9 de poign\u00e9es en caoutchouc ergonomiques. Fabriqu\u00e9 en structure tubulaire de \u00d8 25 mm. \u00c9quip\u00e9 d\u2019un renfort plat sur le tube interne de la structure. \u00c9quip\u00e9 d\u2019une base pliante qui permet le transport de charges de diff\u00e9rentes tailles et dimensions: Profondeur standard de la plateforme: 170 mm Profondeur de la plateforme pliante: 490 mm.","og_url":"https:\/\/jormax.com\/fr\/produto\/c-250-plus\/","og_site_name":"Jormax - F\u00e1brica de Escadas e Escadotes","article_publisher":"https:\/\/www.facebook.com\/jormaxportugal\/","article_modified_time":"2024-07-19T14:00:08+00:00","og_image":[{"width":299,"height":491,"url":"https:\/\/jormax.com\/wp-content\/uploads\/C-250-PLUS.png","type":"image\/png"}],"twitter_card":"summary_large_image","schema":{"@context":"https:\/\/schema.org","@graph":[{"@type":"WebPage","@id":"https:\/\/jormax.com\/fr\/produto\/c-250-plus\/","url":"https:\/\/jormax.com\/fr\/produto\/c-250-plus\/","name":"C-250 PLUS - Jormax - F\u00e1brica de Escadas e Escadotes","isPartOf":{"@id":"https:\/\/jormax.com\/fr\/#website"},"primaryImageOfPage":{"@id":"https:\/\/jormax.com\/fr\/produto\/c-250-plus\/#primaryimage"},"image":{"@id":"https:\/\/jormax.com\/fr\/produto\/c-250-plus\/#primaryimage"},"thumbnailUrl":"https:\/\/jormax.com\/wp-content\/uploads\/C-250-PLUS.png","datePublished":"2024-07-19T13:41:45+00:00","dateModified":"2024-07-19T14:00:08+00:00","description":"Chariot d\u2019escalier professionnel \u00e9quip\u00e9 de 6 roues pivotantes \u00d8 150x40 mm. Con\u00e7u pour transporter des charges sur les \u00e9chelles gr\u00e2ce \u00e0 ses roues pivotantes. \u00c9quip\u00e9 de poign\u00e9es en caoutchouc ergonomiques. Fabriqu\u00e9 en structure tubulaire de \u00d8 25 mm. \u00c9quip\u00e9 d\u2019un renfort plat sur le tube interne de la structure. \u00c9quip\u00e9 d\u2019une base pliante qui permet le transport de charges de diff\u00e9rentes tailles et dimensions: Profondeur standard de la plateforme: 170 mm Profondeur de la plateforme pliante: 490 mm.","breadcrumb":{"@id":"https:\/\/jormax.com\/fr\/produto\/c-250-plus\/#breadcrumb"},"inLanguage":"fr-FR","potentialAction":[{"@type":"ReadAction","target":["https:\/\/jormax.com\/fr\/produto\/c-250-plus\/"]}]},{"@type":"ImageObject","inLanguage":"fr-FR","@id":"https:\/\/jormax.com\/fr\/produto\/c-250-plus\/#primaryimage","url":"https:\/\/jormax.com\/wp-content\/uploads\/C-250-PLUS.png","contentUrl":"https:\/\/jormax.com\/wp-content\/uploads\/C-250-PLUS.png","width":299,"height":491},{"@type":"BreadcrumbList","@id":"https:\/\/jormax.com\/fr\/produto\/c-250-plus\/#breadcrumb","itemListElement":[{"@type":"ListItem","position":1,"name":"In\u00edcio","item":"https:\/\/jormax.com\/fr\/"},{"@type":"ListItem","position":2,"name":"Produ\u00edts","item":"https:\/\/jormax.com\/fr\/produits\/"},{"@type":"ListItem","position":3,"name":"C-250 PLUS"}]},{"@type":"WebSite","@id":"https:\/\/jormax.com\/fr\/#website","url":"https:\/\/jormax.com\/fr\/","name":"Jormax - F\u00e1brica de Escadas e Escadotes","description":"Fabricante de escadas, escadotes, andaimes, plataformas e solu\u00e7\u00f5es \u00e0 medida em alum\u00ednio e fibra de vidro certificados. F\u00e1brica com sede em Portugal.","publisher":{"@id":"https:\/\/jormax.com\/fr\/#organization"},"potentialAction":[{"@type":"SearchAction","target":{"@type":"EntryPoint","urlTemplate":"https:\/\/jormax.com\/fr\/?s={search_term_string}"},"query-input":{"@type":"PropertyValueSpecification","valueRequired":true,"valueName":"search_term_string"}}],"inLanguage":"fr-FR"},{"@type":"Organization","@id":"https:\/\/jormax.com\/fr\/#organization","name":"Jormax - Fabricant d' \u00c9chelles, Escabeau et \u00c9chafaudages","url":"https:\/\/jormax.com\/fr\/","logo":{"@type":"ImageObject","inLanguage":"fr-FR","@id":"https:\/\/jormax.com\/fr\/#\/schema\/logo\/image\/","url":"http:\/\/jormax.com\/wp-content\/uploads\/2019\/12\/logotipo-jormax-cor-stickymenu.png","contentUrl":"http:\/\/jormax.com\/wp-content\/uploads\/2019\/12\/logotipo-jormax-cor-stickymenu.png","width":235,"height":59,"caption":"Jormax - Fabricant d' \u00c9chelles, Escabeau et \u00c9chafaudages"},"image":{"@id":"https:\/\/jormax.com\/fr\/#\/schema\/logo\/image\/"},"sameAs":["https:\/\/www.facebook.com\/jormaxportugal\/"]}]}},"_links":{"self":[{"href":"https:\/\/jormax.com\/fr\/wp-json\/wp\/v2\/product\/17657","targetHints":{"allow":["GET"]}}],"collection":[{"href":"https:\/\/jormax.com\/fr\/wp-json\/wp\/v2\/product"}],"about":[{"href":"https:\/\/jormax.com\/fr\/wp-json\/wp\/v2\/types\/product"}],"wp:featuredmedia":[{"embeddable":true,"href":"https:\/\/jormax.com\/fr\/wp-json\/wp\/v2\/media\/17651"}],"wp:attachment":[{"href":"https:\/\/jormax.com\/fr\/wp-json\/wp\/v2\/media?parent=17657"}],"wp:term":[{"taxonomy":"product_brand","embeddable":true,"href":"https:\/\/jormax.com\/fr\/wp-json\/wp\/v2\/product_brand?post=17657"},{"taxonomy":"product_cat","embeddable":true,"href":"https:\/\/jormax.com\/fr\/wp-json\/wp\/v2\/product_cat?post=17657"},{"taxonomy":"product_tag","embeddable":true,"href":"https:\/\/jormax.com\/fr\/wp-json\/wp\/v2\/product_tag?post=17657"}],"curies":[{"name":"wp","href":"https:\/\/api.w.org\/{rel}","templated":true}]}}