{"id":17590,"date":"2024-01-08T11:17:21","date_gmt":"2024-01-08T11:17:21","guid":{"rendered":"http:\/\/jormax.com\/produtos\/ea200\/"},"modified":"2024-07-17T13:50:57","modified_gmt":"2024-07-17T12:50:57","slug":"ea200","status":"publish","type":"product","link":"https:\/\/jormax.com\/fr\/produto\/ea200\/","title":{"rendered":"EA200"},"content":{"rendered":"<div class=\"wpb-content-wrapper\"><p>[vc_row full_width=\u00a0\u00bbstretch_row\u00a0\u00bb][vc_column][vc_column_text]\t\t\t\t\t\t<div class=\"wpsm-comptable-wrap\">\n\t\t\t\t<table id=\"wpsm-table-322\" class=\"wpsm-comptable center-table-align\">\n\t\t\t\t\t\t\t\t\t<thead class=\"wpsm-thead wpsm-thead-default\">\n\t\t\t\t\t\t<tr>\t\t\t\t\t\t\t\n\t\t\t\t\t\t\t\t\t\t\t\t\t\t\t\t\t\t\t\t\t\t\t\t<th>REF<\/th>\n\t\t\t\t\t\t\t\t\t\n\t\t\t\t\t\t\t\t\n\t\t\t\t\t\t\t\t\t\t\t\t\t\t\t\t\t\t\t\t\t\t\t\t<th><center><img style=\"width:60px\" src =\"https:\/\/www.jormax.com\/portal\/wp-content\/uploads\/2019\/03\/icon-numero-degraus-jormax.png\" alt=\"\" \/><\/center><br> &nbsp<\/th>\n\t\t\t\t\t\t\t\t\t\n\t\t\t\t\t\t\t\t\n\t\t\t\t\t\t\t\t\t\t\t\t\t\t\t\t\t\t\t\t\t\t\t\t<th><center><img style=\"width:60px\" src =\"https:\/\/www.jormax.com\/portal\/wp-content\/uploads\/2019\/03\/icon-altura-total-jormax.png\" alt=\"\" \/><\/center><br><b><i>m<\/i><\/b><\/th>\n\t\t\t\t\t\t\t\t\t\n\t\t\t\t\t\t\t\t\n\t\t\t\t\t\t\t\t\t\t\t\t\t\t\t\t\t\t\t\t\t\t\t\t<th><center><img style=\"width:60px\" src =\"https:\/\/www.jormax.com\/portal\/wp-content\/uploads\/2019\/03\/icon-largura-jormax.png\" alt=\"\" \/><\/center><br><b><i>m<\/i><\/b><\/th>\n\t\t\t\t\t\t\t\t\t\n\t\t\t\t\t\t\t\t\n\t\t\t\t\t\t\t\t\t\t\t\t\t\t\t\t\t\t\t\t\t\t\t\t<th>Dimens\u00f5es<\/th>\n\t\t\t\t\t\t\t\t\t\n\t\t\t\t\t\t\t\t\n\t\t\t\t\t\t\t\t\t\t\t\t\t\t\t\t\t\t\t\t\t\t\t\t<th>Inclina\u00e7\u00e3o<\/th>\n\t\t\t\t\t\t\t\t\t\n\t\t\t\t\t\t\t\t\n\t\t\t\t\t\t\t\t\t\t\t\t\t\t\t\t\t\t\t\t\t\t\t\t<th>KG<\/th>\n\t\t\t\t\t\t\t\t\t\n\t\t\t\t\t\t\t\t\n\t\t\t\t\t\t\t\t\t\t\t\t\t<\/tr>\n\t\t\t\t\t<\/thead>\n\t\t\t\t\t<tbody class=\"wpsm-tbody\">\n\t\t\t\t\t\t\t\t\t\t\t\t\t\t\t\t<tr>\t\t\t\t\t\t\t\t\t\t\t\t\t\t\t<td>\t\t\t\t\t\t\t\t\t\t\t\t\t\t\t\t\t\t\t\t\t\t\t\t\t\t619002.1\t\t\t\t\t\t\t\t\t\t\t\t\t\t\t\t<\/td>\n\t\t\t\t\t\t\t\t\t\t\t\t\t\t\t\t\t\t\t\t\t\t\t<td>\t\t\t\t\t\t\t\t\t\t\t\t\t\t\t\t\t\t\t\t\t\t\t\t\t\t5\t\t\t\t\t\t\t\t\t\t\t\t\t\t\t\t<\/td>\n\t\t\t\t\t\t\t\t\t\t\t\t\t\t\t\t\t\t\t\t\t\t\t<td>\t\t\t\t\t\t\t\t\t\t\t\t\t\t\t\t\t\t\t\t\t\t\t\t\t\t1.25\t\t\t\t\t\t\t\t\t\t\t\t\t\t\t\t<\/td>\n\t\t\t\t\t\t\t\t\t\t\t\t\t\t\t\t\t\t\t\t\t\t\t<td>\t\t\t\t\t\t\t\t\t\t\t\t\t\t\t\t\t\t\t\t\t\t\t\t\t\t0.80\t\t\t\t\t\t\t\t\t\t\t\t\t\t\t\t<\/td>\n\t\t\t\t\t\t\t\t\t\t\t\t\t\t\t\t\t\t\t\t\t\t\t<td>\t\t\t\t\t\t\t\t\t\t\t\t\t\t\t\t\t\t\t\t\t\t\t\t\t\t0.80 x 0.95 x 2.20m\t\t\t\t\t\t\t\t\t\t\t\t\t\t\t\t<\/td>\n\t\t\t\t\t\t\t\t\t\t\t\t\t\t\t\t\t\t\t\t\t\t\t<td>\t\t\t\t\t\t\t\t\t\t\t\t\t\t\t\t\t\t\t\t\t\t\t\t\t\t60\u00ba\t\t\t\t\t\t\t\t\t\t\t\t\t\t\t\t<\/td>\n\t\t\t\t\t\t\t\t\t\t\t\t\t\t\t\t\t\t\t\t\t\t\t<td>\t\t\t\t\t\t\t\t\t\t\t\t\t\t\t\t\t\t\t\t\t\t\t\t\t\t23.50\t\t\t\t\t\t\t\t\t\t\t\t\t\t\t\t<\/td>\n\t\t\t\t\t\t\t\t\t\t\t\t\t\t\t\t\t\t\t\t\t<\/tr>\n\t\t\t\t\t\t\t\t\t\t\t\t\t\t\t\t<tr>\t\t\t\t\t\t\t\t\t\t\t\t\t\t\t<td>\t\t\t\t\t\t\t\t\t\t\t\t\t\t\t\t\t\t\t\t\t\t\t\t\t\t619002\t\t\t\t\t\t\t\t\t\t\t\t\t\t\t\t<\/td>\n\t\t\t\t\t\t\t\t\t\t\t\t\t\t\t\t\t\t\t\t\t\t\t<td>\t\t\t\t\t\t\t\t\t\t\t\t\t\t\t\t\t\t\t\t\t\t\t\t\t\tOp\u00e7\u00e3o P\u00e9s Niveladores\t\t\t\t\t\t\t\t\t\t\t\t\t\t\t\t<\/td>\n\t\t\t\t\t\t\t\t\t\t\t\t\t\t\t\t\t\t\t\t\t\t\t<td>\t\t\t\t\t\t\t\t\t\t\t\t\t\t\t\t<\/td>\n\t\t\t\t\t\t\t\t\t\t\t\t\t\t\t\t\t\t\t\t\t\t\t<td>\t\t\t\t\t\t\t\t\t\t\t\t\t\t\t\t<\/td>\n\t\t\t\t\t\t\t\t\t\t\t\t\t\t\t\t\t\t\t\t\t\t\t<td>\t\t\t\t\t\t\t\t\t\t\t\t\t\t\t\t<\/td>\n\t\t\t\t\t\t\t\t\t\t\t\t\t\t\t\t\t\t\t\t\t\t\t<td>\t\t\t\t\t\t\t\t\t\t\t\t\t\t\t\t<\/td>\n\t\t\t\t\t\t\t\t\t\t\t\t\t\t\t\t\t\t\t\t\t\t\t<td>\t\t\t\t\t\t\t\t\t\t\t\t\t\t\t\t<\/td>\n\t\t\t\t\t\t\t\t\t\t\t\t\t\t\t\t\t\t\t\t\t<\/tr>\n\t\t\t\t\t\t\t\t\t\t\t\t\t\t\t\t<tr>\t\t\t\t\t\t\t\t\t\t\t\t\t\t\t<td>\t\t\t\t\t\t\t\t\t\t\t\t\t\t\t\t\t\t\t\t\t\t\t\t\t\t619003\t\t\t\t\t\t\t\t\t\t\t\t\t\t\t\t<\/td>\n\t\t\t\t\t\t\t\t\t\t\t\t\t\t\t\t\t\t\t\t\t\t\t<td>\t\t\t\t\t\t\t\t\t\t\t\t\t\t\t\t\t\t\t\t\t\t\t\t\t\tOp\u00e7\u00e3o Rodas Movimenta\u00e7\u00e3o\t\t\t\t\t\t\t\t\t\t\t\t\t\t\t\t<\/td>\n\t\t\t\t\t\t\t\t\t\t\t\t\t\t\t\t\t\t\t\t\t\t\t<td>\t\t\t\t\t\t\t\t\t\t\t\t\t\t\t\t<\/td>\n\t\t\t\t\t\t\t\t\t\t\t\t\t\t\t\t\t\t\t\t\t\t\t<td>\t\t\t\t\t\t\t\t\t\t\t\t\t\t\t\t<\/td>\n\t\t\t\t\t\t\t\t\t\t\t\t\t\t\t\t\t\t\t\t\t\t\t<td>\t\t\t\t\t\t\t\t\t\t\t\t\t\t\t\t<\/td>\n\t\t\t\t\t\t\t\t\t\t\t\t\t\t\t\t\t\t\t\t\t\t\t<td>\t\t\t\t\t\t\t\t\t\t\t\t\t\t\t\t<\/td>\n\t\t\t\t\t\t\t\t\t\t\t\t\t\t\t\t\t\t\t\t\t\t\t<td>\t\t\t\t\t\t\t\t\t\t\t\t\t\t\t\t<\/td>\n\t\t\t\t\t\t\t\t\t\t\t\t\t\t\t\t\t\t\t\t\t<\/tr>\n\t\t\t\t\t\t\t\t\t\t<\/tbody>\n\t\t\t\t<\/table>\n\t\t\t<\/div>\n\t\t[\/vc_column_text][\/vc_column][\/vc_row]<\/p>\n<\/div>","protected":false},"excerpt":{"rendered":"<p><strong>Gamme d\u2019\u00e9chelles d\u2019acc\u00e8s d\u00e9di\u00e9es \u00e0 la logistique et au transport.<\/strong><\/p>\n<p>\u00a0<\/p>\n<p>Confortable et extr\u00eamement s\u00e9curis\u00e9e, le mod\u00e8le ES200 est conforme \u00e0 la norme EN14122, garantissant un acc\u00e8s en toute s\u00e9curit\u00e9. Fabriqu\u00e9e en aluminium, elle est \u00e9quip\u00e9e de marches antid\u00e9rapantes de 200 mm, de 2 rampes lat\u00e9rales pliables, facilitant son rangement. Elle poss\u00e8de des pieds antid\u00e9rapants et en option, des pieds ajustables peuvent \u00eatre ajout\u00e9s pour compenser les surfaces in\u00e9gales. En tant que s\u00e9curit\u00e9 suppl\u00e9mentaire, l\u2019\u00e9chelle ES200 est \u00e9quip\u00e9e de puissants aimants qui se fixent au plancher du camion, \u00e9vitant ainsi tout glissement suppl\u00e9mentaire de l\u2019\u00e9chelle. Garantie de 5 ans.<\/p>\n<p>\u00a0<\/p>\n<p><img decoding=\"async\" class=\"selos-produto\" src=\"http:\/\/jormax.com\/wp-content\/uploads\/2019\/10\/europa.jpg\" alt=\"NOME DOS SELOS (SUBSTITUIR)\" \/> <img decoding=\"async\" class=\"selos-produto\" src=\"http:\/\/jormax.com\/wp-content\/uploads\/2019\/10\/decreto-lei.jpg\" alt=\"NOME DOS SELOS (SUBSTITUIR)\" \/> <img decoding=\"async\" class=\"selos-produto\" src=\"http:\/\/jormax.com\/wp-content\/uploads\/2019\/10\/norma-131.jpg\" alt=\"NOME DOS SELOS (SUBSTITUIR)\" \/> <img decoding=\"async\" class=\"selos-produto\" src=\"http:\/\/jormax.com\/wp-content\/uploads\/2019\/10\/garantia-5.jpg\" alt=\"NOME DOS SELOS (SUBSTITUIR)\" \/> <img decoding=\"async\" class=\"selos-produto\" src=\"http:\/\/jormax.com\/wp-content\/uploads\/2019\/10\/uso-profissional.jpg\" alt=\"NOME DOS SELOS (SUBSTITUIR)\" \/> <img decoding=\"async\" class=\"selos-produto\" src=\"http:\/\/jormax.com\/wp-content\/uploads\/2019\/10\/peso-150.jpg\" alt=\"NOME DOS SELOS (SUBSTITUIR)\" \/><\/p>\n<p>\u00a0<\/p>\n","protected":false},"featured_media":21400,"template":"","meta":[],"product_brand":[],"product_cat":[303,268,262],"product_tag":[],"class_list":{"0":"post-17590","1":"product","2":"type-product","3":"status-publish","4":"has-post-thumbnail","6":"product_cat-escaliers","7":"product_cat-escadas-especiais-fr","8":"product_cat-escaliers-d-acces","10":"first","11":"instock","12":"shipping-taxable","13":"product-type-simple"},"yoast_head":"<!-- This site is optimized with the Yoast SEO plugin v24.5 - https:\/\/yoast.com\/wordpress\/plugins\/seo\/ -->\n<title>EA200 - Jormax - F\u00e1brica de Escadas e Escadotes<\/title>\n<meta name=\"description\" content=\"Confortable et extr\u00eamement s\u00e9curis\u00e9e, le mod\u00e8le ES200 est conforme \u00e0 la norme EN14122, garantissant un acc\u00e8s en toute s\u00e9curit\u00e9. Fabriqu\u00e9e en aluminium, elle est \u00e9quip\u00e9e de marches antid\u00e9rapantes de 200 mm, de 2 rampes lat\u00e9rales pliables, facilitant son rangement. Elle poss\u00e8de des pieds antid\u00e9rapants et en option, des pieds ajustables peuvent \u00eatre ajout\u00e9s pour compenser les surfaces in\u00e9gales. En tant que s\u00e9curit\u00e9 suppl\u00e9mentaire, l\u2019\u00e9chelle ES200 est \u00e9quip\u00e9e de puissants aimants qui se fixent au plancher du camion, \u00e9vitant ainsi tout glissement suppl\u00e9mentaire de l\u2019\u00e9chelle. Garantie de 5 ans.\" \/>\n<meta name=\"robots\" content=\"index, follow, max-snippet:-1, max-image-preview:large, max-video-preview:-1\" \/>\n<link rel=\"canonical\" href=\"https:\/\/jormax.com\/fr\/produto\/ea200\/\" \/>\n<meta property=\"og:locale\" content=\"fr_FR\" \/>\n<meta property=\"og:type\" content=\"article\" \/>\n<meta property=\"og:title\" content=\"EA200 - Jormax - F\u00e1brica de Escadas e Escadotes\" \/>\n<meta property=\"og:description\" content=\"Confortable et extr\u00eamement s\u00e9curis\u00e9e, le mod\u00e8le ES200 est conforme \u00e0 la norme EN14122, garantissant un acc\u00e8s en toute s\u00e9curit\u00e9. Fabriqu\u00e9e en aluminium, elle est \u00e9quip\u00e9e de marches antid\u00e9rapantes de 200 mm, de 2 rampes lat\u00e9rales pliables, facilitant son rangement. Elle poss\u00e8de des pieds antid\u00e9rapants et en option, des pieds ajustables peuvent \u00eatre ajout\u00e9s pour compenser les surfaces in\u00e9gales. En tant que s\u00e9curit\u00e9 suppl\u00e9mentaire, l\u2019\u00e9chelle ES200 est \u00e9quip\u00e9e de puissants aimants qui se fixent au plancher du camion, \u00e9vitant ainsi tout glissement suppl\u00e9mentaire de l\u2019\u00e9chelle. Garantie de 5 ans.\" \/>\n<meta property=\"og:url\" content=\"https:\/\/jormax.com\/fr\/produto\/ea200\/\" \/>\n<meta property=\"og:site_name\" content=\"Jormax - F\u00e1brica de Escadas e Escadotes\" \/>\n<meta property=\"article:publisher\" content=\"https:\/\/www.facebook.com\/jormaxportugal\/\" \/>\n<meta property=\"article:modified_time\" content=\"2024-07-17T12:50:57+00:00\" \/>\n<meta property=\"og:image\" content=\"https:\/\/jormax.com\/wp-content\/uploads\/EA200.png\" \/>\n\t<meta property=\"og:image:width\" content=\"3751\" \/>\n\t<meta property=\"og:image:height\" content=\"3751\" \/>\n\t<meta property=\"og:image:type\" content=\"image\/png\" \/>\n<meta name=\"twitter:card\" content=\"summary_large_image\" \/>\n<script type=\"application\/ld+json\" class=\"yoast-schema-graph\">{\"@context\":\"https:\/\/schema.org\",\"@graph\":[{\"@type\":\"WebPage\",\"@id\":\"https:\/\/jormax.com\/fr\/produto\/ea200\/\",\"url\":\"https:\/\/jormax.com\/fr\/produto\/ea200\/\",\"name\":\"EA200 - Jormax - F\u00e1brica de Escadas e Escadotes\",\"isPartOf\":{\"@id\":\"https:\/\/jormax.com\/fr\/#website\"},\"primaryImageOfPage\":{\"@id\":\"https:\/\/jormax.com\/fr\/produto\/ea200\/#primaryimage\"},\"image\":{\"@id\":\"https:\/\/jormax.com\/fr\/produto\/ea200\/#primaryimage\"},\"thumbnailUrl\":\"https:\/\/jormax.com\/wp-content\/uploads\/EA200.png\",\"datePublished\":\"2024-01-08T11:17:21+00:00\",\"dateModified\":\"2024-07-17T12:50:57+00:00\",\"description\":\"Confortable et extr\u00eamement s\u00e9curis\u00e9e, le mod\u00e8le ES200 est conforme \u00e0 la norme EN14122, garantissant un acc\u00e8s en toute s\u00e9curit\u00e9. Fabriqu\u00e9e en aluminium, elle est \u00e9quip\u00e9e de marches antid\u00e9rapantes de 200 mm, de 2 rampes lat\u00e9rales pliables, facilitant son rangement. Elle poss\u00e8de des pieds antid\u00e9rapants et en option, des pieds ajustables peuvent \u00eatre ajout\u00e9s pour compenser les surfaces in\u00e9gales. En tant que s\u00e9curit\u00e9 suppl\u00e9mentaire, l\u2019\u00e9chelle ES200 est \u00e9quip\u00e9e de puissants aimants qui se fixent au plancher du camion, \u00e9vitant ainsi tout glissement suppl\u00e9mentaire de l\u2019\u00e9chelle. Garantie de 5 ans.\",\"breadcrumb\":{\"@id\":\"https:\/\/jormax.com\/fr\/produto\/ea200\/#breadcrumb\"},\"inLanguage\":\"fr-FR\",\"potentialAction\":[{\"@type\":\"ReadAction\",\"target\":[\"https:\/\/jormax.com\/fr\/produto\/ea200\/\"]}]},{\"@type\":\"ImageObject\",\"inLanguage\":\"fr-FR\",\"@id\":\"https:\/\/jormax.com\/fr\/produto\/ea200\/#primaryimage\",\"url\":\"https:\/\/jormax.com\/wp-content\/uploads\/EA200.png\",\"contentUrl\":\"https:\/\/jormax.com\/wp-content\/uploads\/EA200.png\",\"width\":3751,\"height\":3751},{\"@type\":\"BreadcrumbList\",\"@id\":\"https:\/\/jormax.com\/fr\/produto\/ea200\/#breadcrumb\",\"itemListElement\":[{\"@type\":\"ListItem\",\"position\":1,\"name\":\"In\u00edcio\",\"item\":\"https:\/\/jormax.com\/fr\/\"},{\"@type\":\"ListItem\",\"position\":2,\"name\":\"Produtos\",\"item\":\"https:\/\/jormax.com\/produtos\/\"},{\"@type\":\"ListItem\",\"position\":3,\"name\":\"EA200\"}]},{\"@type\":\"WebSite\",\"@id\":\"https:\/\/jormax.com\/fr\/#website\",\"url\":\"https:\/\/jormax.com\/fr\/\",\"name\":\"Jormax - F\u00e1brica de Escadas e Escadotes\",\"description\":\"Fabricante de escadas, escadotes, andaimes, plataformas e solu\u00e7\u00f5es \u00e0 medida em alum\u00ednio e fibra de vidro certificados. F\u00e1brica com sede em Portugal.\",\"publisher\":{\"@id\":\"https:\/\/jormax.com\/fr\/#organization\"},\"potentialAction\":[{\"@type\":\"SearchAction\",\"target\":{\"@type\":\"EntryPoint\",\"urlTemplate\":\"https:\/\/jormax.com\/fr\/?s={search_term_string}\"},\"query-input\":{\"@type\":\"PropertyValueSpecification\",\"valueRequired\":true,\"valueName\":\"search_term_string\"}}],\"inLanguage\":\"fr-FR\"},{\"@type\":\"Organization\",\"@id\":\"https:\/\/jormax.com\/fr\/#organization\",\"name\":\"Jormax - Fabricant d' \u00c9chelles, Escabeau et \u00c9chafaudages\",\"url\":\"https:\/\/jormax.com\/fr\/\",\"logo\":{\"@type\":\"ImageObject\",\"inLanguage\":\"fr-FR\",\"@id\":\"https:\/\/jormax.com\/fr\/#\/schema\/logo\/image\/\",\"url\":\"http:\/\/jormax.com\/wp-content\/uploads\/2019\/12\/logotipo-jormax-cor-stickymenu.png\",\"contentUrl\":\"http:\/\/jormax.com\/wp-content\/uploads\/2019\/12\/logotipo-jormax-cor-stickymenu.png\",\"width\":235,\"height\":59,\"caption\":\"Jormax - Fabricant d' \u00c9chelles, Escabeau et \u00c9chafaudages\"},\"image\":{\"@id\":\"https:\/\/jormax.com\/fr\/#\/schema\/logo\/image\/\"},\"sameAs\":[\"https:\/\/www.facebook.com\/jormaxportugal\/\"]}]}<\/script>\n<!-- \/ Yoast SEO plugin. -->","yoast_head_json":{"title":"EA200 - Jormax - F\u00e1brica de Escadas e Escadotes","description":"Confortable et extr\u00eamement s\u00e9curis\u00e9e, le mod\u00e8le ES200 est conforme \u00e0 la norme EN14122, garantissant un acc\u00e8s en toute s\u00e9curit\u00e9. Fabriqu\u00e9e en aluminium, elle est \u00e9quip\u00e9e de marches antid\u00e9rapantes de 200 mm, de 2 rampes lat\u00e9rales pliables, facilitant son rangement. Elle poss\u00e8de des pieds antid\u00e9rapants et en option, des pieds ajustables peuvent \u00eatre ajout\u00e9s pour compenser les surfaces in\u00e9gales. En tant que s\u00e9curit\u00e9 suppl\u00e9mentaire, l\u2019\u00e9chelle ES200 est \u00e9quip\u00e9e de puissants aimants qui se fixent au plancher du camion, \u00e9vitant ainsi tout glissement suppl\u00e9mentaire de l\u2019\u00e9chelle. Garantie de 5 ans.","robots":{"index":"index","follow":"follow","max-snippet":"max-snippet:-1","max-image-preview":"max-image-preview:large","max-video-preview":"max-video-preview:-1"},"canonical":"https:\/\/jormax.com\/fr\/produto\/ea200\/","og_locale":"fr_FR","og_type":"article","og_title":"EA200 - Jormax - F\u00e1brica de Escadas e Escadotes","og_description":"Confortable et extr\u00eamement s\u00e9curis\u00e9e, le mod\u00e8le ES200 est conforme \u00e0 la norme EN14122, garantissant un acc\u00e8s en toute s\u00e9curit\u00e9. Fabriqu\u00e9e en aluminium, elle est \u00e9quip\u00e9e de marches antid\u00e9rapantes de 200 mm, de 2 rampes lat\u00e9rales pliables, facilitant son rangement. Elle poss\u00e8de des pieds antid\u00e9rapants et en option, des pieds ajustables peuvent \u00eatre ajout\u00e9s pour compenser les surfaces in\u00e9gales. En tant que s\u00e9curit\u00e9 suppl\u00e9mentaire, l\u2019\u00e9chelle ES200 est \u00e9quip\u00e9e de puissants aimants qui se fixent au plancher du camion, \u00e9vitant ainsi tout glissement suppl\u00e9mentaire de l\u2019\u00e9chelle. Garantie de 5 ans.","og_url":"https:\/\/jormax.com\/fr\/produto\/ea200\/","og_site_name":"Jormax - F\u00e1brica de Escadas e Escadotes","article_publisher":"https:\/\/www.facebook.com\/jormaxportugal\/","article_modified_time":"2024-07-17T12:50:57+00:00","og_image":[{"width":3751,"height":3751,"url":"https:\/\/jormax.com\/wp-content\/uploads\/EA200.png","type":"image\/png"}],"twitter_card":"summary_large_image","schema":{"@context":"https:\/\/schema.org","@graph":[{"@type":"WebPage","@id":"https:\/\/jormax.com\/fr\/produto\/ea200\/","url":"https:\/\/jormax.com\/fr\/produto\/ea200\/","name":"EA200 - Jormax - F\u00e1brica de Escadas e Escadotes","isPartOf":{"@id":"https:\/\/jormax.com\/fr\/#website"},"primaryImageOfPage":{"@id":"https:\/\/jormax.com\/fr\/produto\/ea200\/#primaryimage"},"image":{"@id":"https:\/\/jormax.com\/fr\/produto\/ea200\/#primaryimage"},"thumbnailUrl":"https:\/\/jormax.com\/wp-content\/uploads\/EA200.png","datePublished":"2024-01-08T11:17:21+00:00","dateModified":"2024-07-17T12:50:57+00:00","description":"Confortable et extr\u00eamement s\u00e9curis\u00e9e, le mod\u00e8le ES200 est conforme \u00e0 la norme EN14122, garantissant un acc\u00e8s en toute s\u00e9curit\u00e9. Fabriqu\u00e9e en aluminium, elle est \u00e9quip\u00e9e de marches antid\u00e9rapantes de 200 mm, de 2 rampes lat\u00e9rales pliables, facilitant son rangement. Elle poss\u00e8de des pieds antid\u00e9rapants et en option, des pieds ajustables peuvent \u00eatre ajout\u00e9s pour compenser les surfaces in\u00e9gales. En tant que s\u00e9curit\u00e9 suppl\u00e9mentaire, l\u2019\u00e9chelle ES200 est \u00e9quip\u00e9e de puissants aimants qui se fixent au plancher du camion, \u00e9vitant ainsi tout glissement suppl\u00e9mentaire de l\u2019\u00e9chelle. Garantie de 5 ans.","breadcrumb":{"@id":"https:\/\/jormax.com\/fr\/produto\/ea200\/#breadcrumb"},"inLanguage":"fr-FR","potentialAction":[{"@type":"ReadAction","target":["https:\/\/jormax.com\/fr\/produto\/ea200\/"]}]},{"@type":"ImageObject","inLanguage":"fr-FR","@id":"https:\/\/jormax.com\/fr\/produto\/ea200\/#primaryimage","url":"https:\/\/jormax.com\/wp-content\/uploads\/EA200.png","contentUrl":"https:\/\/jormax.com\/wp-content\/uploads\/EA200.png","width":3751,"height":3751},{"@type":"BreadcrumbList","@id":"https:\/\/jormax.com\/fr\/produto\/ea200\/#breadcrumb","itemListElement":[{"@type":"ListItem","position":1,"name":"In\u00edcio","item":"https:\/\/jormax.com\/fr\/"},{"@type":"ListItem","position":2,"name":"Produtos","item":"https:\/\/jormax.com\/produtos\/"},{"@type":"ListItem","position":3,"name":"EA200"}]},{"@type":"WebSite","@id":"https:\/\/jormax.com\/fr\/#website","url":"https:\/\/jormax.com\/fr\/","name":"Jormax - F\u00e1brica de Escadas e Escadotes","description":"Fabricante de escadas, escadotes, andaimes, plataformas e solu\u00e7\u00f5es \u00e0 medida em alum\u00ednio e fibra de vidro certificados. F\u00e1brica com sede em Portugal.","publisher":{"@id":"https:\/\/jormax.com\/fr\/#organization"},"potentialAction":[{"@type":"SearchAction","target":{"@type":"EntryPoint","urlTemplate":"https:\/\/jormax.com\/fr\/?s={search_term_string}"},"query-input":{"@type":"PropertyValueSpecification","valueRequired":true,"valueName":"search_term_string"}}],"inLanguage":"fr-FR"},{"@type":"Organization","@id":"https:\/\/jormax.com\/fr\/#organization","name":"Jormax - Fabricant d' \u00c9chelles, Escabeau et \u00c9chafaudages","url":"https:\/\/jormax.com\/fr\/","logo":{"@type":"ImageObject","inLanguage":"fr-FR","@id":"https:\/\/jormax.com\/fr\/#\/schema\/logo\/image\/","url":"http:\/\/jormax.com\/wp-content\/uploads\/2019\/12\/logotipo-jormax-cor-stickymenu.png","contentUrl":"http:\/\/jormax.com\/wp-content\/uploads\/2019\/12\/logotipo-jormax-cor-stickymenu.png","width":235,"height":59,"caption":"Jormax - Fabricant d' \u00c9chelles, Escabeau et \u00c9chafaudages"},"image":{"@id":"https:\/\/jormax.com\/fr\/#\/schema\/logo\/image\/"},"sameAs":["https:\/\/www.facebook.com\/jormaxportugal\/"]}]}},"_links":{"self":[{"href":"https:\/\/jormax.com\/fr\/wp-json\/wp\/v2\/product\/17590","targetHints":{"allow":["GET"]}}],"collection":[{"href":"https:\/\/jormax.com\/fr\/wp-json\/wp\/v2\/product"}],"about":[{"href":"https:\/\/jormax.com\/fr\/wp-json\/wp\/v2\/types\/product"}],"wp:featuredmedia":[{"embeddable":true,"href":"https:\/\/jormax.com\/fr\/wp-json\/wp\/v2\/media\/21400"}],"wp:attachment":[{"href":"https:\/\/jormax.com\/fr\/wp-json\/wp\/v2\/media?parent=17590"}],"wp:term":[{"taxonomy":"product_brand","embeddable":true,"href":"https:\/\/jormax.com\/fr\/wp-json\/wp\/v2\/product_brand?post=17590"},{"taxonomy":"product_cat","embeddable":true,"href":"https:\/\/jormax.com\/fr\/wp-json\/wp\/v2\/product_cat?post=17590"},{"taxonomy":"product_tag","embeddable":true,"href":"https:\/\/jormax.com\/fr\/wp-json\/wp\/v2\/product_tag?post=17590"}],"curies":[{"name":"wp","href":"https:\/\/api.w.org\/{rel}","templated":true}]}}