{"id":17586,"date":"2021-02-25T10:52:57","date_gmt":"2021-02-25T10:52:57","guid":{"rendered":"http:\/\/jormax.com\/produtos\/profiladder-2\/"},"modified":"2024-07-17T11:55:12","modified_gmt":"2024-07-17T10:55:12","slug":"profiladder-2","status":"publish","type":"product","link":"https:\/\/jormax.com\/fr\/produto\/profiladder-2\/","title":{"rendered":"PROFILADDER"},"content":{"rendered":"<div class=\"wpb-content-wrapper\"><p>[vc_row full_width=\u00a0\u00bbstretch_row\u00a0\u00bb][vc_column][vc_column_text]\t\t\t\t\t\t<div class=\"wpsm-comptable-wrap\">\n\t\t\t\t<table id=\"wpsm-table-282\" class=\"wpsm-comptable center-table-align\">\n\t\t\t\t\t\t\t\t\t<thead class=\"wpsm-thead wpsm-thead-default\">\n\t\t\t\t\t\t<tr>\t\t\t\t\t\t\t\n\t\t\t\t\t\t\t\t\t\t\t\t\t\t\t\t\t\t\t\t\t\t\t\t<th>REF<\/th>\n\t\t\t\t\t\t\t\t\t\n\t\t\t\t\t\t\t\t\n\t\t\t\t\t\t\t\t\t\t\t\t\t\t\t\t\t\t\t\t\t\t\t\t<th><center><img style=\"width:60px\" src =\"https:\/\/jormax.com\/wp-content\/uploads\/2019\/03\/icon-numero-degraus-jormax.png\" alt=\"\" \/><\/center><br><b><\/b><\/th>\n\t\t\t\t\t\t\t\t\t\n\t\t\t\t\t\t\t\t\n\t\t\t\t\t\t\t\t\t\t\t\t\t\t\t\t\t\t\t\t\t\t\t\t<th>Altura em<br>Escadote<br><b><i>m<\/i><\/b><\/th>\n\t\t\t\t\t\t\t\t\t\n\t\t\t\t\t\t\t\t\n\t\t\t\t\t\t\t\t\t\t\t\t\t\t\t\t\t\t\t\t\t\t\t\t<th><center><img style=\"width:60px\" src =\"https:\/\/jormax.com\/wp-content\/uploads\/2019\/10\/Icon-40.png\" alt=\"\" \/><\/center><br><b><i>m<\/i><\/b><\/th>\n\t\t\t\t\t\t\t\t\t\n\t\t\t\t\t\t\t\t\n\t\t\t\t\t\t\t\t\t\t\t\t\t\t\t\t\t\t\t\t\t\t\t\t<th><center><img style=\"width:60px\" src =\"https:\/\/jormax.com\/wp-content\/uploads\/2019\/10\/Icon-43.png\" alt=\"\" \/><\/center><br><b><i>m<\/i><\/b><\/th>\n\t\t\t\t\t\t\t\t\t\n\t\t\t\t\t\t\t\t\n\t\t\t\t\t\t\t\t\t\t\t\t\t\t\t\t\t\t\t\t\t\t\t\t<th><center><img style=\"width:60px\" src =\"https:\/\/jormax.com\/wp-content\/uploads\/2019\/10\/Icon-41.png\" alt=\"\" \/><\/center><br><b><i>m<\/i><\/b><\/th>\n\t\t\t\t\t\t\t\t\t\n\t\t\t\t\t\t\t\t\n\t\t\t\t\t\t\t\t\t\t\t\t\t\t\t\t\t\t\t\t\t\t\t\t<th><center><img style=\"width:60px\" src =\"https:\/\/jormax.com\/wp-content\/uploads\/2019\/03\/icon-largura-jormax.png\" alt=\"\" \/><\/center><br><b><i>m<\/i><\/b><\/th>\n\t\t\t\t\t\t\t\t\t\n\t\t\t\t\t\t\t\t\n\t\t\t\t\t\t\t\t\t\t\t\t\t\t\t\t\t\t\t\t\t\t\t\t<th><center><img style=\"width:60px\" src =\"https:\/\/jormax.com\/wp-content\/uploads\/2019\/10\/Icon-18.png\" alt=\"\" \/><\/center><br><b><i>m<\/i><\/b><\/th>\n\t\t\t\t\t\t\t\t\t\n\t\t\t\t\t\t\t\t\n\t\t\t\t\t\t\t\t\t\t\t\t\t\t\t\t\t\t\t\t\t\t\t\t<th>Comprimento<br>p\/ Transporte<br><b><i>m<\/i><\/b><\/th>\n\t\t\t\t\t\t\t\t\t\n\t\t\t\t\t\t\t\t\n\t\t\t\t\t\t\t\t\t\t\t\t\t\t\t\t\t\t\t\t\t\t\t\t<th>KG<\/th>\n\t\t\t\t\t\t\t\t\t\n\t\t\t\t\t\t\t\t\n\t\t\t\t\t\t\t\t\t\t\t\t\t<\/tr>\n\t\t\t\t\t<\/thead>\n\t\t\t\t\t<tbody class=\"wpsm-tbody\">\n\t\t\t\t\t\t\t\t\t\t\t\t\t\t\t\t<tr>\t\t\t\t\t\t\t\t\t\t\t\t\t\t\t<td>\t\t\t\t\t\t\t\t\t\t\t\t\t\t\t\t\t\t\t\t\t\t\t\t\t\t700101\t\t\t\t\t\t\t\t\t\t\t\t\t\t\t\t<\/td>\n\t\t\t\t\t\t\t\t\t\t\t\t\t\t\t\t\t\t\t\t\t\t\t<td>\t\t\t\t\t\t\t\t\t\t\t\t\t\t\t\t\t\t\t\t\t\t\t\t\t\t11+12+10\t\t\t\t\t\t\t\t\t\t\t\t\t\t\t\t<\/td>\n\t\t\t\t\t\t\t\t\t\t\t\t\t\t\t\t\t\t\t\t\t\t\t<td>\t\t\t\t\t\t\t\t\t\t\t\t\t\t\t\t\t\t\t\t\t\t\t\t\t\t4.02\t\t\t\t\t\t\t\t\t\t\t\t\t\t\t\t<\/td>\n\t\t\t\t\t\t\t\t\t\t\t\t\t\t\t\t\t\t\t\t\t\t\t<td>\t\t\t\t\t\t\t\t\t\t\t\t\t\t\t\t\t\t\t\t\t\t\t\t\t\t6.07\t\t\t\t\t\t\t\t\t\t\t\t\t\t\t\t<\/td>\n\t\t\t\t\t\t\t\t\t\t\t\t\t\t\t\t\t\t\t\t\t\t\t<td>\t\t\t\t\t\t\t\t\t\t\t\t\t\t\t\t\t\t\t\t\t\t\t\t\t\t5.14\t\t\t\t\t\t\t\t\t\t\t\t\t\t\t\t<\/td>\n\t\t\t\t\t\t\t\t\t\t\t\t\t\t\t\t\t\t\t\t\t\t\t<td>\t\t\t\t\t\t\t\t\t\t\t\t\t\t\t\t\t\t\t\t\t\t\t\t\t\t7.00\t\t\t\t\t\t\t\t\t\t\t\t\t\t\t\t<\/td>\n\t\t\t\t\t\t\t\t\t\t\t\t\t\t\t\t\t\t\t\t\t\t\t<td>\t\t\t\t\t\t\t\t\t\t\t\t\t\t\t\t\t\t\t\t\t\t\t\t\t\t1.96\t\t\t\t\t\t\t\t\t\t\t\t\t\t\t\t<\/td>\n\t\t\t\t\t\t\t\t\t\t\t\t\t\t\t\t\t\t\t\t\t\t\t<td>\t\t\t\t\t\t\t\t\t\t\t\t\t\t\t\t\t\t\t\t\t\t\t\t\t\t1.97\t\t\t\t\t\t\t\t\t\t\t\t\t\t\t\t<\/td>\n\t\t\t\t\t\t\t\t\t\t\t\t\t\t\t\t\t\t\t\t\t\t\t<td>\t\t\t\t\t\t\t\t\t\t\t\t\t\t\t\t\t\t\t\t\t\t\t\t\t\t4.31\t\t\t\t\t\t\t\t\t\t\t\t\t\t\t\t<\/td>\n\t\t\t\t\t\t\t\t\t\t\t\t\t\t\t\t\t\t\t\t\t\t\t<td>\t\t\t\t\t\t\t\t\t\t\t\t\t\t\t\t\t\t\t\t\t\t\t\t\t\t70.00\t\t\t\t\t\t\t\t\t\t\t\t\t\t\t\t<\/td>\n\t\t\t\t\t\t\t\t\t\t\t\t\t\t\t\t\t\t\t\t\t<\/tr>\n\t\t\t\t\t\t\t\t\t\t\t\t\t\t\t\t<tr>\t\t\t\t\t\t\t\t\t\t\t\t\t\t\t<td>\t\t\t\t\t\t\t\t\t\t\t\t\t\t\t\t\t\t\t\t\t\t\t\t\t\t700102\t\t\t\t\t\t\t\t\t\t\t\t\t\t\t\t<\/td>\n\t\t\t\t\t\t\t\t\t\t\t\t\t\t\t\t\t\t\t\t\t\t\t<td>\t\t\t\t\t\t\t\t\t\t\t\t\t\t\t\t\t\t\t\t\t\t\t\t\t\t13+14+12\t\t\t\t\t\t\t\t\t\t\t\t\t\t\t\t<\/td>\n\t\t\t\t\t\t\t\t\t\t\t\t\t\t\t\t\t\t\t\t\t\t\t<td>\t\t\t\t\t\t\t\t\t\t\t\t\t\t\t\t\t\t\t\t\t\t\t\t\t\t4.56\t\t\t\t\t\t\t\t\t\t\t\t\t\t\t\t<\/td>\n\t\t\t\t\t\t\t\t\t\t\t\t\t\t\t\t\t\t\t\t\t\t\t<td>\t\t\t\t\t\t\t\t\t\t\t\t\t\t\t\t\t\t\t\t\t\t\t\t\t\t7.15\t\t\t\t\t\t\t\t\t\t\t\t\t\t\t\t<\/td>\n\t\t\t\t\t\t\t\t\t\t\t\t\t\t\t\t\t\t\t\t\t\t\t<td>\t\t\t\t\t\t\t\t\t\t\t\t\t\t\t\t\t\t\t\t\t\t\t\t\t\t6.22\t\t\t\t\t\t\t\t\t\t\t\t\t\t\t\t<\/td>\n\t\t\t\t\t\t\t\t\t\t\t\t\t\t\t\t\t\t\t\t\t\t\t<td>\t\t\t\t\t\t\t\t\t\t\t\t\t\t\t\t\t\t\t\t\t\t\t\t\t\t8.00\t\t\t\t\t\t\t\t\t\t\t\t\t\t\t\t<\/td>\n\t\t\t\t\t\t\t\t\t\t\t\t\t\t\t\t\t\t\t\t\t\t\t<td>\t\t\t\t\t\t\t\t\t\t\t\t\t\t\t\t\t\t\t\t\t\t\t\t\t\t1.96\t\t\t\t\t\t\t\t\t\t\t\t\t\t\t\t<\/td>\n\t\t\t\t\t\t\t\t\t\t\t\t\t\t\t\t\t\t\t\t\t\t\t<td>\t\t\t\t\t\t\t\t\t\t\t\t\t\t\t\t\t\t\t\t\t\t\t\t\t\t2.25\t\t\t\t\t\t\t\t\t\t\t\t\t\t\t\t<\/td>\n\t\t\t\t\t\t\t\t\t\t\t\t\t\t\t\t\t\t\t\t\t\t\t<td>\t\t\t\t\t\t\t\t\t\t\t\t\t\t\t\t\t\t\t\t\t\t\t\t\t\t4.87\t\t\t\t\t\t\t\t\t\t\t\t\t\t\t\t<\/td>\n\t\t\t\t\t\t\t\t\t\t\t\t\t\t\t\t\t\t\t\t\t\t\t<td>\t\t\t\t\t\t\t\t\t\t\t\t\t\t\t\t\t\t\t\t\t\t\t\t\t\t75.00\t\t\t\t\t\t\t\t\t\t\t\t\t\t\t\t<\/td>\n\t\t\t\t\t\t\t\t\t\t\t\t\t\t\t\t\t\t\t\t\t<\/tr>\n\t\t\t\t\t\t\t\t\t\t\t\t\t\t\t\t<tr>\t\t\t\t\t\t\t\t\t\t\t\t\t\t\t<td>\t\t\t\t\t\t\t\t\t\t\t\t\t\t\t\t\t\t\t\t\t\t\t\t\t\t700103\t\t\t\t\t\t\t\t\t\t\t\t\t\t\t\t<\/td>\n\t\t\t\t\t\t\t\t\t\t\t\t\t\t\t\t\t\t\t\t\t\t\t<td>\t\t\t\t\t\t\t\t\t\t\t\t\t\t\t\t\t\t\t\t\t\t\t\t\t\t15+16+14\t\t\t\t\t\t\t\t\t\t\t\t\t\t\t\t<\/td>\n\t\t\t\t\t\t\t\t\t\t\t\t\t\t\t\t\t\t\t\t\t\t\t<td>\t\t\t\t\t\t\t\t\t\t\t\t\t\t\t\t\t\t\t\t\t\t\t\t\t\t5.10\t\t\t\t\t\t\t\t\t\t\t\t\t\t\t\t<\/td>\n\t\t\t\t\t\t\t\t\t\t\t\t\t\t\t\t\t\t\t\t\t\t\t<td>\t\t\t\t\t\t\t\t\t\t\t\t\t\t\t\t\t\t\t\t\t\t\t\t\t\t8.23\t\t\t\t\t\t\t\t\t\t\t\t\t\t\t\t<\/td>\n\t\t\t\t\t\t\t\t\t\t\t\t\t\t\t\t\t\t\t\t\t\t\t<td>\t\t\t\t\t\t\t\t\t\t\t\t\t\t\t\t\t\t\t\t\t\t\t\t\t\t7.30\t\t\t\t\t\t\t\t\t\t\t\t\t\t\t\t<\/td>\n\t\t\t\t\t\t\t\t\t\t\t\t\t\t\t\t\t\t\t\t\t\t\t<td>\t\t\t\t\t\t\t\t\t\t\t\t\t\t\t\t\t\t\t\t\t\t\t\t\t\t9.10\t\t\t\t\t\t\t\t\t\t\t\t\t\t\t\t<\/td>\n\t\t\t\t\t\t\t\t\t\t\t\t\t\t\t\t\t\t\t\t\t\t\t<td>\t\t\t\t\t\t\t\t\t\t\t\t\t\t\t\t\t\t\t\t\t\t\t\t\t\t1.96\t\t\t\t\t\t\t\t\t\t\t\t\t\t\t\t<\/td>\n\t\t\t\t\t\t\t\t\t\t\t\t\t\t\t\t\t\t\t\t\t\t\t<td>\t\t\t\t\t\t\t\t\t\t\t\t\t\t\t\t\t\t\t\t\t\t\t\t\t\t2.53\t\t\t\t\t\t\t\t\t\t\t\t\t\t\t\t<\/td>\n\t\t\t\t\t\t\t\t\t\t\t\t\t\t\t\t\t\t\t\t\t\t\t<td>\t\t\t\t\t\t\t\t\t\t\t\t\t\t\t\t\t\t\t\t\t\t\t\t\t\t5.43\t\t\t\t\t\t\t\t\t\t\t\t\t\t\t\t<\/td>\n\t\t\t\t\t\t\t\t\t\t\t\t\t\t\t\t\t\t\t\t\t\t\t<td>\t\t\t\t\t\t\t\t\t\t\t\t\t\t\t\t\t\t\t\t\t\t\t\t\t\t80.00\t\t\t\t\t\t\t\t\t\t\t\t\t\t\t\t<\/td>\n\t\t\t\t\t\t\t\t\t\t\t\t\t\t\t\t\t\t\t\t\t<\/tr>\n\t\t\t\t\t\t\t\t\t\t\t\t\t\t\t\t<tr>\t\t\t\t\t\t\t\t\t\t\t\t\t\t\t<td>\t\t\t\t\t\t\t\t\t\t\t\t\t\t\t\t\t\t\t\t\t\t\t\t\t\t700104\t\t\t\t\t\t\t\t\t\t\t\t\t\t\t\t<\/td>\n\t\t\t\t\t\t\t\t\t\t\t\t\t\t\t\t\t\t\t\t\t\t\t<td>\t\t\t\t\t\t\t\t\t\t\t\t\t\t\t\t\t\t\t\t\t\t\t\t\t\t17+18+16\t\t\t\t\t\t\t\t\t\t\t\t\t\t\t\t<\/td>\n\t\t\t\t\t\t\t\t\t\t\t\t\t\t\t\t\t\t\t\t\t\t\t<td>\t\t\t\t\t\t\t\t\t\t\t\t\t\t\t\t\t\t\t\t\t\t\t\t\t\t5.64\t\t\t\t\t\t\t\t\t\t\t\t\t\t\t\t<\/td>\n\t\t\t\t\t\t\t\t\t\t\t\t\t\t\t\t\t\t\t\t\t\t\t<td>\t\t\t\t\t\t\t\t\t\t\t\t\t\t\t\t\t\t\t\t\t\t\t\t\t\t9.04\t\t\t\t\t\t\t\t\t\t\t\t\t\t\t\t<\/td>\n\t\t\t\t\t\t\t\t\t\t\t\t\t\t\t\t\t\t\t\t\t\t\t<td>\t\t\t\t\t\t\t\t\t\t\t\t\t\t\t\t\t\t\t\t\t\t\t\t\t\t8.11\t\t\t\t\t\t\t\t\t\t\t\t\t\t\t\t<\/td>\n\t\t\t\t\t\t\t\t\t\t\t\t\t\t\t\t\t\t\t\t\t\t\t<td>\t\t\t\t\t\t\t\t\t\t\t\t\t\t\t\t\t\t\t\t\t\t\t\t\t\t9.90\t\t\t\t\t\t\t\t\t\t\t\t\t\t\t\t<\/td>\n\t\t\t\t\t\t\t\t\t\t\t\t\t\t\t\t\t\t\t\t\t\t\t<td>\t\t\t\t\t\t\t\t\t\t\t\t\t\t\t\t\t\t\t\t\t\t\t\t\t\t1.96\t\t\t\t\t\t\t\t\t\t\t\t\t\t\t\t<\/td>\n\t\t\t\t\t\t\t\t\t\t\t\t\t\t\t\t\t\t\t\t\t\t\t<td>\t\t\t\t\t\t\t\t\t\t\t\t\t\t\t\t\t\t\t\t\t\t\t\t\t\t2.82\t\t\t\t\t\t\t\t\t\t\t\t\t\t\t\t<\/td>\n\t\t\t\t\t\t\t\t\t\t\t\t\t\t\t\t\t\t\t\t\t\t\t<td>\t\t\t\t\t\t\t\t\t\t\t\t\t\t\t\t\t\t\t\t\t\t\t\t\t\t5.99\t\t\t\t\t\t\t\t\t\t\t\t\t\t\t\t<\/td>\n\t\t\t\t\t\t\t\t\t\t\t\t\t\t\t\t\t\t\t\t\t\t\t<td>\t\t\t\t\t\t\t\t\t\t\t\t\t\t\t\t\t\t\t\t\t\t\t\t\t\t86.00\t\t\t\t\t\t\t\t\t\t\t\t\t\t\t\t<\/td>\n\t\t\t\t\t\t\t\t\t\t\t\t\t\t\t\t\t\t\t\t\t<\/tr>\n\t\t\t\t\t\t\t\t\t\t<\/tbody>\n\t\t\t\t<\/table>\n\t\t\t<\/div>\n\t\t[\/vc_column_text][\/vc_column][\/vc_row]<\/p>\n<\/div>","protected":false},"excerpt":{"rendered":"<p><strong>\u00c9chelle professionnelle avec base rigide en acier et avec une plateforme de travail et \u00e9l\u00e9vation \u00e0 l\u2019aide d\u2019une corde.<\/strong><\/p>\n<p>\u00a0<\/p>\n<p>\u00c9chelle avec base stabilisatrice rigide et surface de repos extensible avec corde. Con\u00e7ue pour effectuer des travaux simples et rapides \u00e0 des hauteurs importantes. \u00c9quip\u00e9e d\u2019une base solide et robuste en acier galvanis\u00e9.<\/p>\n<p>\u00a0<\/p>\n<p><img decoding=\"async\" class=\"selos-produto\" src=\"http:\/\/jormax.com\/wp-content\/uploads\/2019\/10\/europa.jpg\" alt=\"NOME DOS SELOS (SUBSTITUIR)\" \/> <img decoding=\"async\" class=\"selos-produto\" src=\"http:\/\/jormax.com\/wp-content\/uploads\/2019\/10\/decreto-lei.jpg\" alt=\"NOME DOS SELOS (SUBSTITUIR)\" \/> <img decoding=\"async\" class=\"selos-produto\" src=\"http:\/\/jormax.com\/wp-content\/uploads\/2019\/10\/garantia-5.jpg\" alt=\"NOME DOS SELOS (SUBSTITUIR)\" \/> <img decoding=\"async\" class=\"selos-produto\" src=\"http:\/\/jormax.com\/wp-content\/uploads\/2019\/10\/uso-profissional.jpg\" alt=\"NOME DOS SELOS (SUBSTITUIR)\" \/> <img decoding=\"async\" class=\"selos-produto\" src=\"http:\/\/jormax.com\/wp-content\/uploads\/2019\/10\/peso-100.jpg\" alt=\"NOME DOS SELOS (SUBSTITUIR)\" \/><\/p>\n<p>\u00a0<\/p>\n","protected":false},"featured_media":14765,"template":"","meta":[],"product_brand":[],"product_cat":[303,276],"product_tag":[],"class_list":{"0":"post-17586","1":"product","2":"type-product","3":"status-publish","4":"has-post-thumbnail","6":"product_cat-escaliers","7":"product_cat-escadas-triplas-fr","9":"first","10":"instock","11":"featured","12":"shipping-taxable","13":"product-type-simple"},"yoast_head":"<!-- This site is optimized with the Yoast SEO plugin v24.5 - https:\/\/yoast.com\/wordpress\/plugins\/seo\/ -->\n<title>PROFILADDER - Jormax - Ind\u00fastria de Escadas e Escadotes<\/title>\n<meta name=\"description\" content=\"\u00c9chelle avec base stabilisatrice rigide et surface de repos extensible avec corde. Con\u00e7ue pour effectuer des travaux simples et rapides \u00e0 des hauteurs importantes. \u00c9quip\u00e9e d\u2019une base solide et robuste en acier galvanis\u00e9.\" \/>\n<meta name=\"robots\" content=\"index, follow, max-snippet:-1, max-image-preview:large, max-video-preview:-1\" \/>\n<link rel=\"canonical\" href=\"https:\/\/jormax.com\/fr\/produto\/profiladder-2\/\" \/>\n<meta property=\"og:locale\" content=\"fr_FR\" \/>\n<meta property=\"og:type\" content=\"article\" \/>\n<meta property=\"og:title\" content=\"PROFILADDER - Jormax - Ind\u00fastria de Escadas e Escadotes\" \/>\n<meta property=\"og:description\" content=\"\u00c9chelle avec base stabilisatrice rigide et surface de repos extensible avec corde. Con\u00e7ue pour effectuer des travaux simples et rapides \u00e0 des hauteurs importantes. \u00c9quip\u00e9e d\u2019une base solide et robuste en acier galvanis\u00e9.\" \/>\n<meta property=\"og:url\" content=\"https:\/\/jormax.com\/fr\/produto\/profiladder-2\/\" \/>\n<meta property=\"og:site_name\" content=\"Jormax - F\u00e1brica de Escadas e Escadotes\" \/>\n<meta property=\"article:publisher\" content=\"https:\/\/www.facebook.com\/jormaxportugal\/\" \/>\n<meta property=\"article:modified_time\" content=\"2024-07-17T10:55:12+00:00\" \/>\n<meta property=\"og:image\" content=\"https:\/\/jormax.com\/wp-content\/uploads\/profiladder-principal-jormax.jpeg\" \/>\n\t<meta property=\"og:image:width\" content=\"900\" \/>\n\t<meta property=\"og:image:height\" content=\"900\" \/>\n\t<meta property=\"og:image:type\" content=\"image\/jpeg\" \/>\n<meta name=\"twitter:card\" content=\"summary_large_image\" \/>\n<script type=\"application\/ld+json\" class=\"yoast-schema-graph\">{\"@context\":\"https:\/\/schema.org\",\"@graph\":[{\"@type\":\"WebPage\",\"@id\":\"https:\/\/jormax.com\/fr\/produto\/profiladder-2\/\",\"url\":\"https:\/\/jormax.com\/fr\/produto\/profiladder-2\/\",\"name\":\"PROFILADDER - Jormax - Ind\u00fastria de Escadas e Escadotes\",\"isPartOf\":{\"@id\":\"https:\/\/jormax.com\/fr\/#website\"},\"primaryImageOfPage\":{\"@id\":\"https:\/\/jormax.com\/fr\/produto\/profiladder-2\/#primaryimage\"},\"image\":{\"@id\":\"https:\/\/jormax.com\/fr\/produto\/profiladder-2\/#primaryimage\"},\"thumbnailUrl\":\"https:\/\/jormax.com\/wp-content\/uploads\/profiladder-principal-jormax.jpeg\",\"datePublished\":\"2021-02-25T10:52:57+00:00\",\"dateModified\":\"2024-07-17T10:55:12+00:00\",\"description\":\"\u00c9chelle avec base stabilisatrice rigide et surface de repos extensible avec corde. Con\u00e7ue pour effectuer des travaux simples et rapides \u00e0 des hauteurs importantes. \u00c9quip\u00e9e d\u2019une base solide et robuste en acier galvanis\u00e9.\",\"breadcrumb\":{\"@id\":\"https:\/\/jormax.com\/fr\/produto\/profiladder-2\/#breadcrumb\"},\"inLanguage\":\"fr-FR\",\"potentialAction\":[{\"@type\":\"ReadAction\",\"target\":[\"https:\/\/jormax.com\/fr\/produto\/profiladder-2\/\"]}]},{\"@type\":\"ImageObject\",\"inLanguage\":\"fr-FR\",\"@id\":\"https:\/\/jormax.com\/fr\/produto\/profiladder-2\/#primaryimage\",\"url\":\"https:\/\/jormax.com\/wp-content\/uploads\/profiladder-principal-jormax.jpeg\",\"contentUrl\":\"https:\/\/jormax.com\/wp-content\/uploads\/profiladder-principal-jormax.jpeg\",\"width\":900,\"height\":900},{\"@type\":\"BreadcrumbList\",\"@id\":\"https:\/\/jormax.com\/fr\/produto\/profiladder-2\/#breadcrumb\",\"itemListElement\":[{\"@type\":\"ListItem\",\"position\":1,\"name\":\"In\u00edcio\",\"item\":\"https:\/\/jormax.com\/fr\/\"},{\"@type\":\"ListItem\",\"position\":2,\"name\":\"Produtos\",\"item\":\"https:\/\/jormax.com\/produtos\/\"},{\"@type\":\"ListItem\",\"position\":3,\"name\":\"PROFILADDER\"}]},{\"@type\":\"WebSite\",\"@id\":\"https:\/\/jormax.com\/fr\/#website\",\"url\":\"https:\/\/jormax.com\/fr\/\",\"name\":\"Jormax - F\u00e1brica de Escadas e Escadotes\",\"description\":\"Fabricante de escadas, escadotes, andaimes, plataformas e solu\u00e7\u00f5es \u00e0 medida em alum\u00ednio e fibra de vidro certificados. F\u00e1brica com sede em Portugal.\",\"publisher\":{\"@id\":\"https:\/\/jormax.com\/fr\/#organization\"},\"potentialAction\":[{\"@type\":\"SearchAction\",\"target\":{\"@type\":\"EntryPoint\",\"urlTemplate\":\"https:\/\/jormax.com\/fr\/?s={search_term_string}\"},\"query-input\":{\"@type\":\"PropertyValueSpecification\",\"valueRequired\":true,\"valueName\":\"search_term_string\"}}],\"inLanguage\":\"fr-FR\"},{\"@type\":\"Organization\",\"@id\":\"https:\/\/jormax.com\/fr\/#organization\",\"name\":\"Jormax - Fabricant d' \u00c9chelles, Escabeau et \u00c9chafaudages\",\"url\":\"https:\/\/jormax.com\/fr\/\",\"logo\":{\"@type\":\"ImageObject\",\"inLanguage\":\"fr-FR\",\"@id\":\"https:\/\/jormax.com\/fr\/#\/schema\/logo\/image\/\",\"url\":\"http:\/\/jormax.com\/wp-content\/uploads\/2019\/12\/logotipo-jormax-cor-stickymenu.png\",\"contentUrl\":\"http:\/\/jormax.com\/wp-content\/uploads\/2019\/12\/logotipo-jormax-cor-stickymenu.png\",\"width\":235,\"height\":59,\"caption\":\"Jormax - Fabricant d' \u00c9chelles, Escabeau et \u00c9chafaudages\"},\"image\":{\"@id\":\"https:\/\/jormax.com\/fr\/#\/schema\/logo\/image\/\"},\"sameAs\":[\"https:\/\/www.facebook.com\/jormaxportugal\/\"]}]}<\/script>\n<!-- \/ Yoast SEO plugin. -->","yoast_head_json":{"title":"PROFILADDER - Jormax - Ind\u00fastria de Escadas e Escadotes","description":"\u00c9chelle avec base stabilisatrice rigide et surface de repos extensible avec corde. Con\u00e7ue pour effectuer des travaux simples et rapides \u00e0 des hauteurs importantes. \u00c9quip\u00e9e d\u2019une base solide et robuste en acier galvanis\u00e9.","robots":{"index":"index","follow":"follow","max-snippet":"max-snippet:-1","max-image-preview":"max-image-preview:large","max-video-preview":"max-video-preview:-1"},"canonical":"https:\/\/jormax.com\/fr\/produto\/profiladder-2\/","og_locale":"fr_FR","og_type":"article","og_title":"PROFILADDER - Jormax - Ind\u00fastria de Escadas e Escadotes","og_description":"\u00c9chelle avec base stabilisatrice rigide et surface de repos extensible avec corde. Con\u00e7ue pour effectuer des travaux simples et rapides \u00e0 des hauteurs importantes. \u00c9quip\u00e9e d\u2019une base solide et robuste en acier galvanis\u00e9.","og_url":"https:\/\/jormax.com\/fr\/produto\/profiladder-2\/","og_site_name":"Jormax - F\u00e1brica de Escadas e Escadotes","article_publisher":"https:\/\/www.facebook.com\/jormaxportugal\/","article_modified_time":"2024-07-17T10:55:12+00:00","og_image":[{"width":900,"height":900,"url":"https:\/\/jormax.com\/wp-content\/uploads\/profiladder-principal-jormax.jpeg","type":"image\/jpeg"}],"twitter_card":"summary_large_image","schema":{"@context":"https:\/\/schema.org","@graph":[{"@type":"WebPage","@id":"https:\/\/jormax.com\/fr\/produto\/profiladder-2\/","url":"https:\/\/jormax.com\/fr\/produto\/profiladder-2\/","name":"PROFILADDER - Jormax - Ind\u00fastria de Escadas e Escadotes","isPartOf":{"@id":"https:\/\/jormax.com\/fr\/#website"},"primaryImageOfPage":{"@id":"https:\/\/jormax.com\/fr\/produto\/profiladder-2\/#primaryimage"},"image":{"@id":"https:\/\/jormax.com\/fr\/produto\/profiladder-2\/#primaryimage"},"thumbnailUrl":"https:\/\/jormax.com\/wp-content\/uploads\/profiladder-principal-jormax.jpeg","datePublished":"2021-02-25T10:52:57+00:00","dateModified":"2024-07-17T10:55:12+00:00","description":"\u00c9chelle avec base stabilisatrice rigide et surface de repos extensible avec corde. Con\u00e7ue pour effectuer des travaux simples et rapides \u00e0 des hauteurs importantes. \u00c9quip\u00e9e d\u2019une base solide et robuste en acier galvanis\u00e9.","breadcrumb":{"@id":"https:\/\/jormax.com\/fr\/produto\/profiladder-2\/#breadcrumb"},"inLanguage":"fr-FR","potentialAction":[{"@type":"ReadAction","target":["https:\/\/jormax.com\/fr\/produto\/profiladder-2\/"]}]},{"@type":"ImageObject","inLanguage":"fr-FR","@id":"https:\/\/jormax.com\/fr\/produto\/profiladder-2\/#primaryimage","url":"https:\/\/jormax.com\/wp-content\/uploads\/profiladder-principal-jormax.jpeg","contentUrl":"https:\/\/jormax.com\/wp-content\/uploads\/profiladder-principal-jormax.jpeg","width":900,"height":900},{"@type":"BreadcrumbList","@id":"https:\/\/jormax.com\/fr\/produto\/profiladder-2\/#breadcrumb","itemListElement":[{"@type":"ListItem","position":1,"name":"In\u00edcio","item":"https:\/\/jormax.com\/fr\/"},{"@type":"ListItem","position":2,"name":"Produtos","item":"https:\/\/jormax.com\/produtos\/"},{"@type":"ListItem","position":3,"name":"PROFILADDER"}]},{"@type":"WebSite","@id":"https:\/\/jormax.com\/fr\/#website","url":"https:\/\/jormax.com\/fr\/","name":"Jormax - F\u00e1brica de Escadas e Escadotes","description":"Fabricante de escadas, escadotes, andaimes, plataformas e solu\u00e7\u00f5es \u00e0 medida em alum\u00ednio e fibra de vidro certificados. F\u00e1brica com sede em Portugal.","publisher":{"@id":"https:\/\/jormax.com\/fr\/#organization"},"potentialAction":[{"@type":"SearchAction","target":{"@type":"EntryPoint","urlTemplate":"https:\/\/jormax.com\/fr\/?s={search_term_string}"},"query-input":{"@type":"PropertyValueSpecification","valueRequired":true,"valueName":"search_term_string"}}],"inLanguage":"fr-FR"},{"@type":"Organization","@id":"https:\/\/jormax.com\/fr\/#organization","name":"Jormax - Fabricant d' \u00c9chelles, Escabeau et \u00c9chafaudages","url":"https:\/\/jormax.com\/fr\/","logo":{"@type":"ImageObject","inLanguage":"fr-FR","@id":"https:\/\/jormax.com\/fr\/#\/schema\/logo\/image\/","url":"http:\/\/jormax.com\/wp-content\/uploads\/2019\/12\/logotipo-jormax-cor-stickymenu.png","contentUrl":"http:\/\/jormax.com\/wp-content\/uploads\/2019\/12\/logotipo-jormax-cor-stickymenu.png","width":235,"height":59,"caption":"Jormax - Fabricant d' \u00c9chelles, Escabeau et \u00c9chafaudages"},"image":{"@id":"https:\/\/jormax.com\/fr\/#\/schema\/logo\/image\/"},"sameAs":["https:\/\/www.facebook.com\/jormaxportugal\/"]}]}},"_links":{"self":[{"href":"https:\/\/jormax.com\/fr\/wp-json\/wp\/v2\/product\/17586","targetHints":{"allow":["GET"]}}],"collection":[{"href":"https:\/\/jormax.com\/fr\/wp-json\/wp\/v2\/product"}],"about":[{"href":"https:\/\/jormax.com\/fr\/wp-json\/wp\/v2\/types\/product"}],"wp:featuredmedia":[{"embeddable":true,"href":"https:\/\/jormax.com\/fr\/wp-json\/wp\/v2\/media\/14765"}],"wp:attachment":[{"href":"https:\/\/jormax.com\/fr\/wp-json\/wp\/v2\/media?parent=17586"}],"wp:term":[{"taxonomy":"product_brand","embeddable":true,"href":"https:\/\/jormax.com\/fr\/wp-json\/wp\/v2\/product_brand?post=17586"},{"taxonomy":"product_cat","embeddable":true,"href":"https:\/\/jormax.com\/fr\/wp-json\/wp\/v2\/product_cat?post=17586"},{"taxonomy":"product_tag","embeddable":true,"href":"https:\/\/jormax.com\/fr\/wp-json\/wp\/v2\/product_tag?post=17586"}],"curies":[{"name":"wp","href":"https:\/\/api.w.org\/{rel}","templated":true}]}}