{"id":17580,"date":"2024-07-16T11:59:49","date_gmt":"2024-07-16T10:59:49","guid":{"rendered":"http:\/\/jormax.com\/produtos\/maxiladder-super-dupla\/"},"modified":"2024-07-16T11:59:49","modified_gmt":"2024-07-16T10:59:49","slug":"maxiladder-super-dupla","status":"publish","type":"product","link":"https:\/\/jormax.com\/fr\/produto\/maxiladder-super-dupla\/","title":{"rendered":"MAXILADDER SUPER DUPLA"},"content":{"rendered":"<div class=\"wpb-content-wrapper\"><p>[vc_row full_width=\u00a0\u00bbstretch_row\u00a0\u00bb][vc_column][vc_column_text]\t\t\t\t\t\t<div class=\"wpsm-comptable-wrap\">\n\t\t\t\t<table id=\"wpsm-table-316\" class=\"wpsm-comptable center-table-align\">\n\t\t\t\t\t\t\t\t\t<thead class=\"wpsm-thead wpsm-thead-default\">\n\t\t\t\t\t\t<tr>\t\t\t\t\t\t\t\n\t\t\t\t\t\t\t\t\t\t\t\t\t\t\t\t\t\t\t\t\t\t\t\t<th>REF<\/th>\n\t\t\t\t\t\t\t\t\t\n\t\t\t\t\t\t\t\t\n\t\t\t\t\t\t\t\t\t\t\t\t\t\t\t\t\t\t\t\t\t\t\t\t<th><center><img style=\"width:60px\" src =\"https:\/\/jormax.com\/wp-content\/uploads\/2019\/03\/icon-numero-degraus-jormax.png\" alt=\"\" \/><\/center><br><b><\/b><\/th>\n\t\t\t\t\t\t\t\t\t\n\t\t\t\t\t\t\t\t\n\t\t\t\t\t\t\t\t\t\t\t\t\t\t\t\t\t\t\t\t\t\t\t\t<th><center><img style=\"width:60px\" src =\"https:\/\/jormax.com\/wp-content\/uploads\/2019\/10\/Icon-09.png\" alt=\"\" \/><\/center><br><b><i>m<\/i><\/b><\/th>\n\t\t\t\t\t\t\t\t\t\n\t\t\t\t\t\t\t\t\n\t\t\t\t\t\t\t\t\t\t\t\t\t\t\t\t\t\t\t\t\t\t\t\t<th><center><img style=\"width:60px\" src =\"https:\/\/jormax.com\/wp-content\/uploads\/2019\/10\/Icon-06.png\" alt=\"\" \/><\/center><br><b><i>m<\/i><\/b><\/th>\n\t\t\t\t\t\t\t\t\t\n\t\t\t\t\t\t\t\t\n\t\t\t\t\t\t\t\t\t\t\t\t\t\t\t\t\t\t\t\t\t\t\t\t<th><center><img style=\"width:60px\" src =\"https:\/\/jormax.com\/wp-content\/uploads\/2019\/10\/Icon-13.png\" alt=\"\" \/><\/center><br><b><i>m<\/i><\/b><\/th>\n\t\t\t\t\t\t\t\t\t\n\t\t\t\t\t\t\t\t\n\t\t\t\t\t\t\t\t\t\t\t\t\t\t\t\t\t\t\t\t\t\t\t\t<th><center><img style=\"width:60px\" src =\"https:\/\/jormax.com\/wp-content\/uploads\/2019\/10\/Icon-20.png\" alt=\"\" \/><\/center><br><b><i>m<\/i><\/b><\/th>\n\t\t\t\t\t\t\t\t\t\n\t\t\t\t\t\t\t\t\n\t\t\t\t\t\t\t\t\t\t\t\t\t\t\t\t\t\t\t\t\t\t\t\t<th>KG<\/th>\n\t\t\t\t\t\t\t\t\t\n\t\t\t\t\t\t\t\t\n\t\t\t\t\t\t\t\t\t\t\t\t\t<\/tr>\n\t\t\t\t\t<\/thead>\n\t\t\t\t\t<tbody class=\"wpsm-tbody\">\n\t\t\t\t\t\t\t\t\t\t\t\t\t\t\t\t<tr>\t\t\t\t\t\t\t\t\t\t\t\t\t\t\t<td>\t\t\t\t\t\t\t\t\t\t\t\t\t\t\t\t\t\t\t\t\t\t\t\t\t\t10874\t\t\t\t\t\t\t\t\t\t\t\t\t\t\t\t<\/td>\n\t\t\t\t\t\t\t\t\t\t\t\t\t\t\t\t\t\t\t\t\t\t\t<td>\t\t\t\t\t\t\t\t\t\t\t\t\t\t\t\t\t\t\t\t\t\t\t\t\t\t16\t\t\t\t\t\t\t\t\t\t\t\t\t\t\t\t<\/td>\n\t\t\t\t\t\t\t\t\t\t\t\t\t\t\t\t\t\t\t\t\t\t\t<td>\t\t\t\t\t\t\t\t\t\t\t\t\t\t\t\t\t\t\t\t\t\t\t\t\t\t8.30\t\t\t\t\t\t\t\t\t\t\t\t\t\t\t\t<\/td>\n\t\t\t\t\t\t\t\t\t\t\t\t\t\t\t\t\t\t\t\t\t\t\t<td>\t\t\t\t\t\t\t\t\t\t\t\t\t\t\t\t\t\t\t\t\t\t\t\t\t\t4.60\t\t\t\t\t\t\t\t\t\t\t\t\t\t\t\t<\/td>\n\t\t\t\t\t\t\t\t\t\t\t\t\t\t\t\t\t\t\t\t\t\t\t<td>\t\t\t\t\t\t\t\t\t\t\t\t\t\t\t\t\t\t\t\t\t\t\t\t\t\t4.50\t\t\t\t\t\t\t\t\t\t\t\t\t\t\t\t<\/td>\n\t\t\t\t\t\t\t\t\t\t\t\t\t\t\t\t\t\t\t\t\t\t\t<td>\t\t\t\t\t\t\t\t\t\t\t\t\t\t\t\t\t\t\t\t\t\t\t\t\t\t100x27\t\t\t\t\t\t\t\t\t\t\t\t\t\t\t\t<\/td>\n\t\t\t\t\t\t\t\t\t\t\t\t\t\t\t\t\t\t\t\t\t\t\t<td>\t\t\t\t\t\t\t\t\t\t\t\t\t\t\t\t\t\t\t\t\t\t\t\t\t\t26.00\t\t\t\t\t\t\t\t\t\t\t\t\t\t\t\t<\/td>\n\t\t\t\t\t\t\t\t\t\t\t\t\t\t\t\t\t\t\t\t\t<\/tr>\n\t\t\t\t\t\t\t\t\t\t<\/tbody>\n\t\t\t\t<\/table>\n\t\t\t<\/div>\n\t\t[\/vc_column_text][\/vc_column][\/vc_row]<\/p>\n<\/div>","protected":false},"excerpt":{"rendered":"<p><strong>\u00c9chelle de deux pi\u00e8ces transformables:<br \/>\nescabeau ou position de d\u2019appui.<\/strong><\/p>\n<p>\u00a0<\/p>\n<p>Une s\u00e9rie d\u2019\u00e9chelles transformables de conception professionnelle, fabriqu\u00e9es \u00e0 partir d\u2019aluminium extrud\u00e9 \u00e0 nervures, utilisant un syst\u00e8me autobloquante perfectionn\u00e9 qui fixe de marches aux montants de fa\u00e7on durable. Ce sont d\u2019\u00e9chelles haut de gamme, parfaitement \u00e9quip\u00e9s, d\u2019un maximum de confort et de grandes dimensions. Cette \u00e9chelle double peut \u00eatre utilis\u00e9e comme \u00e9chelle d\u2019appui ou comme escabeau. La s\u00e9rie Maxiladder est approuv\u00e9e conform\u00e9ment \u00e0 la norme europ\u00e9enne EN131.<\/p>\n<p>\u00a0<\/p>\n<p><img decoding=\"async\" class=\"selos-produto\" src=\"http:\/\/jormax.com\/wp-content\/uploads\/2019\/10\/certificado-tuv.jpg\" alt=\"NOME DOS SELOS (SUBSTITUIR)\" \/> <img decoding=\"async\" class=\"selos-produto\" src=\"http:\/\/jormax.com\/wp-content\/uploads\/2019\/10\/europa.jpg\" alt=\"NOME DOS SELOS (SUBSTITUIR)\" \/> <img decoding=\"async\" class=\"selos-produto\" src=\"http:\/\/jormax.com\/wp-content\/uploads\/2019\/10\/decreto-lei.jpg\" alt=\"NOME DOS SELOS (SUBSTITUIR)\" \/> <img decoding=\"async\" class=\"selos-produto\" src=\"http:\/\/jormax.com\/wp-content\/uploads\/2019\/10\/norma-131.jpg\" alt=\"NOME DOS SELOS (SUBSTITUIR)\" \/> <img decoding=\"async\" class=\"selos-produto\" src=\"http:\/\/jormax.com\/wp-content\/uploads\/2019\/10\/garantia-5.jpg\" alt=\"NOME DOS SELOS (SUBSTITUIR)\" \/> <img decoding=\"async\" class=\"selos-produto\" src=\"http:\/\/jormax.com\/wp-content\/uploads\/2019\/10\/uso-profissional.jpg\" alt=\"NOME DOS SELOS (SUBSTITUIR)\" \/> <img decoding=\"async\" class=\"selos-produto\" src=\"http:\/\/jormax.com\/wp-content\/uploads\/2019\/10\/peso-150.jpg\" alt=\"NOME DOS SELOS (SUBSTITUIR)\" \/><\/p>\n<p>\u00a0<\/p>\n","protected":false},"featured_media":16948,"template":"","meta":[],"product_brand":[],"product_cat":[303,265],"product_tag":[],"class_list":{"0":"post-17580","1":"product","2":"type-product","3":"status-publish","4":"has-post-thumbnail","6":"product_cat-escaliers","7":"product_cat-escadas-duplas-fr","9":"first","10":"instock","11":"shipping-taxable","12":"product-type-simple"},"yoast_head":"<!-- This site is optimized with the Yoast SEO plugin v24.5 - https:\/\/yoast.com\/wordpress\/plugins\/seo\/ -->\n<title>MAXILADDER SUPER DUPLA - Jormax - F\u00e1brica de Escadas e Escadotes<\/title>\n<meta name=\"description\" content=\"Une s\u00e9rie d\u2019\u00e9chelles transformables de conception professionnelle, fabriqu\u00e9es \u00e0 partir d\u2019aluminium extrud\u00e9 \u00e0 nervures, utilisant un syst\u00e8me autobloquante perfectionn\u00e9 qui fixe de marches aux montants de fa\u00e7on durable. Ce sont d\u2019\u00e9chelles haut de gamme, parfaitement \u00e9quip\u00e9s, d\u2019un maximum de confort et de grandes dimensions. Cette \u00e9chelle double peut \u00eatre utilis\u00e9e comme \u00e9chelle d\u2019appui ou comme escabeau. La s\u00e9rie Maxiladder est approuv\u00e9e conform\u00e9ment \u00e0 la norme europ\u00e9enne EN131.\" \/>\n<meta name=\"robots\" content=\"index, follow, max-snippet:-1, max-image-preview:large, max-video-preview:-1\" \/>\n<link rel=\"canonical\" href=\"https:\/\/jormax.com\/fr\/produto\/maxiladder-super-dupla\/\" \/>\n<meta property=\"og:locale\" content=\"fr_FR\" \/>\n<meta property=\"og:type\" content=\"article\" \/>\n<meta property=\"og:title\" content=\"MAXILADDER SUPER DUPLA - Jormax - F\u00e1brica de Escadas e Escadotes\" \/>\n<meta property=\"og:description\" content=\"Une s\u00e9rie d\u2019\u00e9chelles transformables de conception professionnelle, fabriqu\u00e9es \u00e0 partir d\u2019aluminium extrud\u00e9 \u00e0 nervures, utilisant un syst\u00e8me autobloquante perfectionn\u00e9 qui fixe de marches aux montants de fa\u00e7on durable. Ce sont d\u2019\u00e9chelles haut de gamme, parfaitement \u00e9quip\u00e9s, d\u2019un maximum de confort et de grandes dimensions. Cette \u00e9chelle double peut \u00eatre utilis\u00e9e comme \u00e9chelle d\u2019appui ou comme escabeau. La s\u00e9rie Maxiladder est approuv\u00e9e conform\u00e9ment \u00e0 la norme europ\u00e9enne EN131.\" \/>\n<meta property=\"og:url\" content=\"https:\/\/jormax.com\/fr\/produto\/maxiladder-super-dupla\/\" \/>\n<meta property=\"og:site_name\" content=\"Jormax - F\u00e1brica de Escadas e Escadotes\" \/>\n<meta property=\"article:publisher\" content=\"https:\/\/www.facebook.com\/jormaxportugal\/\" \/>\n<meta property=\"og:image\" content=\"https:\/\/jormax.com\/wp-content\/uploads\/MAXILADDER-SUPER-DUPLA-PRINCIPAL.jpg\" \/>\n\t<meta property=\"og:image:width\" content=\"900\" \/>\n\t<meta property=\"og:image:height\" content=\"900\" \/>\n\t<meta property=\"og:image:type\" content=\"image\/jpeg\" \/>\n<meta name=\"twitter:card\" content=\"summary_large_image\" \/>\n<script type=\"application\/ld+json\" class=\"yoast-schema-graph\">{\"@context\":\"https:\/\/schema.org\",\"@graph\":[{\"@type\":\"WebPage\",\"@id\":\"https:\/\/jormax.com\/fr\/produto\/maxiladder-super-dupla\/\",\"url\":\"https:\/\/jormax.com\/fr\/produto\/maxiladder-super-dupla\/\",\"name\":\"MAXILADDER SUPER DUPLA - Jormax - F\u00e1brica de Escadas e Escadotes\",\"isPartOf\":{\"@id\":\"https:\/\/jormax.com\/fr\/#website\"},\"primaryImageOfPage\":{\"@id\":\"https:\/\/jormax.com\/fr\/produto\/maxiladder-super-dupla\/#primaryimage\"},\"image\":{\"@id\":\"https:\/\/jormax.com\/fr\/produto\/maxiladder-super-dupla\/#primaryimage\"},\"thumbnailUrl\":\"https:\/\/jormax.com\/wp-content\/uploads\/MAXILADDER-SUPER-DUPLA-PRINCIPAL.jpg\",\"datePublished\":\"2024-07-16T10:59:49+00:00\",\"description\":\"Une s\u00e9rie d\u2019\u00e9chelles transformables de conception professionnelle, fabriqu\u00e9es \u00e0 partir d\u2019aluminium extrud\u00e9 \u00e0 nervures, utilisant un syst\u00e8me autobloquante perfectionn\u00e9 qui fixe de marches aux montants de fa\u00e7on durable. Ce sont d\u2019\u00e9chelles haut de gamme, parfaitement \u00e9quip\u00e9s, d\u2019un maximum de confort et de grandes dimensions. Cette \u00e9chelle double peut \u00eatre utilis\u00e9e comme \u00e9chelle d\u2019appui ou comme escabeau. La s\u00e9rie Maxiladder est approuv\u00e9e conform\u00e9ment \u00e0 la norme europ\u00e9enne EN131.\",\"breadcrumb\":{\"@id\":\"https:\/\/jormax.com\/fr\/produto\/maxiladder-super-dupla\/#breadcrumb\"},\"inLanguage\":\"fr-FR\",\"potentialAction\":[{\"@type\":\"ReadAction\",\"target\":[\"https:\/\/jormax.com\/fr\/produto\/maxiladder-super-dupla\/\"]}]},{\"@type\":\"ImageObject\",\"inLanguage\":\"fr-FR\",\"@id\":\"https:\/\/jormax.com\/fr\/produto\/maxiladder-super-dupla\/#primaryimage\",\"url\":\"https:\/\/jormax.com\/wp-content\/uploads\/MAXILADDER-SUPER-DUPLA-PRINCIPAL.jpg\",\"contentUrl\":\"https:\/\/jormax.com\/wp-content\/uploads\/MAXILADDER-SUPER-DUPLA-PRINCIPAL.jpg\",\"width\":900,\"height\":900},{\"@type\":\"BreadcrumbList\",\"@id\":\"https:\/\/jormax.com\/fr\/produto\/maxiladder-super-dupla\/#breadcrumb\",\"itemListElement\":[{\"@type\":\"ListItem\",\"position\":1,\"name\":\"In\u00edcio\",\"item\":\"https:\/\/jormax.com\/fr\/\"},{\"@type\":\"ListItem\",\"position\":2,\"name\":\"Produtos\",\"item\":\"https:\/\/jormax.com\/produtos\/\"},{\"@type\":\"ListItem\",\"position\":3,\"name\":\"MAXILADDER SUPER DUPLA\"}]},{\"@type\":\"WebSite\",\"@id\":\"https:\/\/jormax.com\/fr\/#website\",\"url\":\"https:\/\/jormax.com\/fr\/\",\"name\":\"Jormax - F\u00e1brica de Escadas e Escadotes\",\"description\":\"Fabricante de escadas, escadotes, andaimes, plataformas e solu\u00e7\u00f5es \u00e0 medida em alum\u00ednio e fibra de vidro certificados. F\u00e1brica com sede em Portugal.\",\"publisher\":{\"@id\":\"https:\/\/jormax.com\/fr\/#organization\"},\"potentialAction\":[{\"@type\":\"SearchAction\",\"target\":{\"@type\":\"EntryPoint\",\"urlTemplate\":\"https:\/\/jormax.com\/fr\/?s={search_term_string}\"},\"query-input\":{\"@type\":\"PropertyValueSpecification\",\"valueRequired\":true,\"valueName\":\"search_term_string\"}}],\"inLanguage\":\"fr-FR\"},{\"@type\":\"Organization\",\"@id\":\"https:\/\/jormax.com\/fr\/#organization\",\"name\":\"Jormax - Fabricant d' \u00c9chelles, Escabeau et \u00c9chafaudages\",\"url\":\"https:\/\/jormax.com\/fr\/\",\"logo\":{\"@type\":\"ImageObject\",\"inLanguage\":\"fr-FR\",\"@id\":\"https:\/\/jormax.com\/fr\/#\/schema\/logo\/image\/\",\"url\":\"http:\/\/jormax.com\/wp-content\/uploads\/2019\/12\/logotipo-jormax-cor-stickymenu.png\",\"contentUrl\":\"http:\/\/jormax.com\/wp-content\/uploads\/2019\/12\/logotipo-jormax-cor-stickymenu.png\",\"width\":235,\"height\":59,\"caption\":\"Jormax - Fabricant d' \u00c9chelles, Escabeau et \u00c9chafaudages\"},\"image\":{\"@id\":\"https:\/\/jormax.com\/fr\/#\/schema\/logo\/image\/\"},\"sameAs\":[\"https:\/\/www.facebook.com\/jormaxportugal\/\"]}]}<\/script>\n<!-- \/ Yoast SEO plugin. -->","yoast_head_json":{"title":"MAXILADDER SUPER DUPLA - Jormax - F\u00e1brica de Escadas e Escadotes","description":"Une s\u00e9rie d\u2019\u00e9chelles transformables de conception professionnelle, fabriqu\u00e9es \u00e0 partir d\u2019aluminium extrud\u00e9 \u00e0 nervures, utilisant un syst\u00e8me autobloquante perfectionn\u00e9 qui fixe de marches aux montants de fa\u00e7on durable. Ce sont d\u2019\u00e9chelles haut de gamme, parfaitement \u00e9quip\u00e9s, d\u2019un maximum de confort et de grandes dimensions. Cette \u00e9chelle double peut \u00eatre utilis\u00e9e comme \u00e9chelle d\u2019appui ou comme escabeau. La s\u00e9rie Maxiladder est approuv\u00e9e conform\u00e9ment \u00e0 la norme europ\u00e9enne EN131.","robots":{"index":"index","follow":"follow","max-snippet":"max-snippet:-1","max-image-preview":"max-image-preview:large","max-video-preview":"max-video-preview:-1"},"canonical":"https:\/\/jormax.com\/fr\/produto\/maxiladder-super-dupla\/","og_locale":"fr_FR","og_type":"article","og_title":"MAXILADDER SUPER DUPLA - Jormax - F\u00e1brica de Escadas e Escadotes","og_description":"Une s\u00e9rie d\u2019\u00e9chelles transformables de conception professionnelle, fabriqu\u00e9es \u00e0 partir d\u2019aluminium extrud\u00e9 \u00e0 nervures, utilisant un syst\u00e8me autobloquante perfectionn\u00e9 qui fixe de marches aux montants de fa\u00e7on durable. Ce sont d\u2019\u00e9chelles haut de gamme, parfaitement \u00e9quip\u00e9s, d\u2019un maximum de confort et de grandes dimensions. Cette \u00e9chelle double peut \u00eatre utilis\u00e9e comme \u00e9chelle d\u2019appui ou comme escabeau. La s\u00e9rie Maxiladder est approuv\u00e9e conform\u00e9ment \u00e0 la norme europ\u00e9enne EN131.","og_url":"https:\/\/jormax.com\/fr\/produto\/maxiladder-super-dupla\/","og_site_name":"Jormax - F\u00e1brica de Escadas e Escadotes","article_publisher":"https:\/\/www.facebook.com\/jormaxportugal\/","og_image":[{"width":900,"height":900,"url":"https:\/\/jormax.com\/wp-content\/uploads\/MAXILADDER-SUPER-DUPLA-PRINCIPAL.jpg","type":"image\/jpeg"}],"twitter_card":"summary_large_image","schema":{"@context":"https:\/\/schema.org","@graph":[{"@type":"WebPage","@id":"https:\/\/jormax.com\/fr\/produto\/maxiladder-super-dupla\/","url":"https:\/\/jormax.com\/fr\/produto\/maxiladder-super-dupla\/","name":"MAXILADDER SUPER DUPLA - Jormax - F\u00e1brica de Escadas e Escadotes","isPartOf":{"@id":"https:\/\/jormax.com\/fr\/#website"},"primaryImageOfPage":{"@id":"https:\/\/jormax.com\/fr\/produto\/maxiladder-super-dupla\/#primaryimage"},"image":{"@id":"https:\/\/jormax.com\/fr\/produto\/maxiladder-super-dupla\/#primaryimage"},"thumbnailUrl":"https:\/\/jormax.com\/wp-content\/uploads\/MAXILADDER-SUPER-DUPLA-PRINCIPAL.jpg","datePublished":"2024-07-16T10:59:49+00:00","description":"Une s\u00e9rie d\u2019\u00e9chelles transformables de conception professionnelle, fabriqu\u00e9es \u00e0 partir d\u2019aluminium extrud\u00e9 \u00e0 nervures, utilisant un syst\u00e8me autobloquante perfectionn\u00e9 qui fixe de marches aux montants de fa\u00e7on durable. Ce sont d\u2019\u00e9chelles haut de gamme, parfaitement \u00e9quip\u00e9s, d\u2019un maximum de confort et de grandes dimensions. Cette \u00e9chelle double peut \u00eatre utilis\u00e9e comme \u00e9chelle d\u2019appui ou comme escabeau. La s\u00e9rie Maxiladder est approuv\u00e9e conform\u00e9ment \u00e0 la norme europ\u00e9enne EN131.","breadcrumb":{"@id":"https:\/\/jormax.com\/fr\/produto\/maxiladder-super-dupla\/#breadcrumb"},"inLanguage":"fr-FR","potentialAction":[{"@type":"ReadAction","target":["https:\/\/jormax.com\/fr\/produto\/maxiladder-super-dupla\/"]}]},{"@type":"ImageObject","inLanguage":"fr-FR","@id":"https:\/\/jormax.com\/fr\/produto\/maxiladder-super-dupla\/#primaryimage","url":"https:\/\/jormax.com\/wp-content\/uploads\/MAXILADDER-SUPER-DUPLA-PRINCIPAL.jpg","contentUrl":"https:\/\/jormax.com\/wp-content\/uploads\/MAXILADDER-SUPER-DUPLA-PRINCIPAL.jpg","width":900,"height":900},{"@type":"BreadcrumbList","@id":"https:\/\/jormax.com\/fr\/produto\/maxiladder-super-dupla\/#breadcrumb","itemListElement":[{"@type":"ListItem","position":1,"name":"In\u00edcio","item":"https:\/\/jormax.com\/fr\/"},{"@type":"ListItem","position":2,"name":"Produtos","item":"https:\/\/jormax.com\/produtos\/"},{"@type":"ListItem","position":3,"name":"MAXILADDER SUPER DUPLA"}]},{"@type":"WebSite","@id":"https:\/\/jormax.com\/fr\/#website","url":"https:\/\/jormax.com\/fr\/","name":"Jormax - F\u00e1brica de Escadas e Escadotes","description":"Fabricante de escadas, escadotes, andaimes, plataformas e solu\u00e7\u00f5es \u00e0 medida em alum\u00ednio e fibra de vidro certificados. F\u00e1brica com sede em Portugal.","publisher":{"@id":"https:\/\/jormax.com\/fr\/#organization"},"potentialAction":[{"@type":"SearchAction","target":{"@type":"EntryPoint","urlTemplate":"https:\/\/jormax.com\/fr\/?s={search_term_string}"},"query-input":{"@type":"PropertyValueSpecification","valueRequired":true,"valueName":"search_term_string"}}],"inLanguage":"fr-FR"},{"@type":"Organization","@id":"https:\/\/jormax.com\/fr\/#organization","name":"Jormax - Fabricant d' \u00c9chelles, Escabeau et \u00c9chafaudages","url":"https:\/\/jormax.com\/fr\/","logo":{"@type":"ImageObject","inLanguage":"fr-FR","@id":"https:\/\/jormax.com\/fr\/#\/schema\/logo\/image\/","url":"http:\/\/jormax.com\/wp-content\/uploads\/2019\/12\/logotipo-jormax-cor-stickymenu.png","contentUrl":"http:\/\/jormax.com\/wp-content\/uploads\/2019\/12\/logotipo-jormax-cor-stickymenu.png","width":235,"height":59,"caption":"Jormax - Fabricant d' \u00c9chelles, Escabeau et \u00c9chafaudages"},"image":{"@id":"https:\/\/jormax.com\/fr\/#\/schema\/logo\/image\/"},"sameAs":["https:\/\/www.facebook.com\/jormaxportugal\/"]}]}},"_links":{"self":[{"href":"https:\/\/jormax.com\/fr\/wp-json\/wp\/v2\/product\/17580","targetHints":{"allow":["GET"]}}],"collection":[{"href":"https:\/\/jormax.com\/fr\/wp-json\/wp\/v2\/product"}],"about":[{"href":"https:\/\/jormax.com\/fr\/wp-json\/wp\/v2\/types\/product"}],"wp:featuredmedia":[{"embeddable":true,"href":"https:\/\/jormax.com\/fr\/wp-json\/wp\/v2\/media\/16948"}],"wp:attachment":[{"href":"https:\/\/jormax.com\/fr\/wp-json\/wp\/v2\/media?parent=17580"}],"wp:term":[{"taxonomy":"product_brand","embeddable":true,"href":"https:\/\/jormax.com\/fr\/wp-json\/wp\/v2\/product_brand?post=17580"},{"taxonomy":"product_cat","embeddable":true,"href":"https:\/\/jormax.com\/fr\/wp-json\/wp\/v2\/product_cat?post=17580"},{"taxonomy":"product_tag","embeddable":true,"href":"https:\/\/jormax.com\/fr\/wp-json\/wp\/v2\/product_tag?post=17580"}],"curies":[{"name":"wp","href":"https:\/\/api.w.org\/{rel}","templated":true}]}}