{"id":15562,"date":"2021-06-16T18:07:32","date_gmt":"2021-06-16T17:07:32","guid":{"rendered":"http:\/\/jormax.com\/produtos\/escada-telhado\/"},"modified":"2024-07-16T13:58:44","modified_gmt":"2024-07-16T12:58:44","slug":"echelledetoit","status":"publish","type":"product","link":"https:\/\/jormax.com\/fr\/produto\/echelledetoit\/","title":{"rendered":"Escada Telhado"},"content":{"rendered":"","protected":false},"excerpt":{"rendered":"<p><strong>\u00c9chelle id\u00e9ale pour les toits inclin\u00e9s.<\/strong><\/p>\n<p>\u00a0<\/p>\n<p>L\u2019\u00e9chelle de toit est un outil efficace pour les travaux sur les toits inclin\u00e9s. Les roues du crochet de plafond permettent de monter facilement l\u2019\u00e9chelle \u00e0 la hauteur souhait\u00e9e. Une fois arriv\u00e9 au sommet avec l\u2019\u00e9chelle, elle est pivot\u00e9e pour fixer le crochet sur le toit. L\u2019\u00e9chelle est fixe et stable, garantissant un travail en toute s\u00e9curit\u00e9. La forme unique des \u00e9chelons offre un confort optimal en position debout. Les \u00e9chelles de toit sont disponibles en plusieurs longueurs (3 et 1,5 m\u00e8tres).<br \/>\nEn combinant diff\u00e9rents modules, on obtient une longueur plus importante. La fixation se fait \u00e0 l\u2019aide de crochets en aluminium.<br \/>\n\u00a0<\/p>\n<p><img decoding=\"async\" class=\"selos-produto\" src=\"http:\/\/jormax.com\/wp-content\/uploads\/2019\/10\/europa.jpg\" alt=\"NOME DOS SELOS (SUBSTITUIR)\" \/> <img decoding=\"async\" class=\"selos-produto\" src=\"http:\/\/jormax.com\/wp-content\/uploads\/2019\/10\/garantia-3.jpg\" alt=\"NOME DOS SELOS (SUBSTITUIR)\" \/> <img decoding=\"async\" class=\"selos-produto\" src=\"http:\/\/jormax.com\/wp-content\/uploads\/2019\/10\/uso-profissional.jpg\" alt=\"NOME DOS SELOS (SUBSTITUIR)\" \/> <img decoding=\"async\" class=\"selos-produto\" src=\"http:\/\/jormax.com\/wp-content\/uploads\/2019\/10\/peso-150.jpg\" alt=\"NOME DOS SELOS (SUBSTITUIR)\" \/><\/p>\n<p>\u00a0<\/p>\n","protected":false},"featured_media":15083,"template":"","meta":[],"product_brand":[],"product_cat":[303,268,262],"product_tag":[],"class_list":{"0":"post-15562","1":"product","2":"type-product","3":"status-publish","4":"has-post-thumbnail","6":"product_cat-escaliers","7":"product_cat-escadas-especiais-fr","8":"product_cat-escaliers-d-acces","10":"first","11":"instock","12":"featured","13":"shipping-taxable","14":"product-type-simple"},"yoast_head":"<!-- This site is optimized with the Yoast SEO plugin v24.5 - https:\/\/yoast.com\/wordpress\/plugins\/seo\/ -->\n<title>Escada Telhado - Jormax - F\u00e1brica de Escadas e Escadotes<\/title>\n<meta name=\"description\" content=\"L\u2019\u00e9chelle de toit est un outil efficace pour les travaux sur les toits inclin\u00e9s. Les roues du crochet de plafond permettent de monter facilement l\u2019\u00e9chelle \u00e0 la hauteur souhait\u00e9e. Une fois arriv\u00e9 au sommet avec l\u2019\u00e9chelle, elle est pivot\u00e9e pour fixer le crochet sur le toit. L\u2019\u00e9chelle est fixe et stable, garantissant un travail en toute s\u00e9curit\u00e9. La forme unique des \u00e9chelons offre un confort optimal en position debout. Les \u00e9chelles de toit sont disponibles en plusieurs longueurs (3 et 1,5 m\u00e8tres). En combinant diff\u00e9rents modules, on obtient une longueur plus importante. La fixation se fait \u00e0 l\u2019aide de crochets en aluminium.\" \/>\n<meta name=\"robots\" content=\"index, follow, max-snippet:-1, max-image-preview:large, max-video-preview:-1\" \/>\n<link rel=\"canonical\" href=\"https:\/\/jormax.com\/fr\/produto\/echelledetoit\/\" \/>\n<meta property=\"og:locale\" content=\"fr_FR\" \/>\n<meta property=\"og:type\" content=\"article\" \/>\n<meta property=\"og:title\" content=\"Escada Telhado - Jormax - F\u00e1brica de Escadas e Escadotes\" \/>\n<meta property=\"og:description\" content=\"L\u2019\u00e9chelle de toit est un outil efficace pour les travaux sur les toits inclin\u00e9s. Les roues du crochet de plafond permettent de monter facilement l\u2019\u00e9chelle \u00e0 la hauteur souhait\u00e9e. Une fois arriv\u00e9 au sommet avec l\u2019\u00e9chelle, elle est pivot\u00e9e pour fixer le crochet sur le toit. L\u2019\u00e9chelle est fixe et stable, garantissant un travail en toute s\u00e9curit\u00e9. La forme unique des \u00e9chelons offre un confort optimal en position debout. Les \u00e9chelles de toit sont disponibles en plusieurs longueurs (3 et 1,5 m\u00e8tres). En combinant diff\u00e9rents modules, on obtient une longueur plus importante. La fixation se fait \u00e0 l\u2019aide de crochets en aluminium.\" \/>\n<meta property=\"og:url\" content=\"https:\/\/jormax.com\/fr\/produto\/echelledetoit\/\" \/>\n<meta property=\"og:site_name\" content=\"Jormax - F\u00e1brica de Escadas e Escadotes\" \/>\n<meta property=\"article:publisher\" content=\"https:\/\/www.facebook.com\/jormaxportugal\/\" \/>\n<meta property=\"article:modified_time\" content=\"2024-07-16T12:58:44+00:00\" \/>\n<meta property=\"og:image\" content=\"https:\/\/jormax.com\/wp-content\/uploads\/Imagem3.png\" \/>\n\t<meta property=\"og:image:width\" content=\"780\" \/>\n\t<meta property=\"og:image:height\" content=\"493\" \/>\n\t<meta property=\"og:image:type\" content=\"image\/png\" \/>\n<meta name=\"twitter:card\" content=\"summary_large_image\" \/>\n<script type=\"application\/ld+json\" class=\"yoast-schema-graph\">{\"@context\":\"https:\/\/schema.org\",\"@graph\":[{\"@type\":\"WebPage\",\"@id\":\"https:\/\/jormax.com\/fr\/produto\/echelledetoit\/\",\"url\":\"https:\/\/jormax.com\/fr\/produto\/echelledetoit\/\",\"name\":\"Escada Telhado - Jormax - F\u00e1brica de Escadas e Escadotes\",\"isPartOf\":{\"@id\":\"https:\/\/jormax.com\/fr\/#website\"},\"primaryImageOfPage\":{\"@id\":\"https:\/\/jormax.com\/fr\/produto\/echelledetoit\/#primaryimage\"},\"image\":{\"@id\":\"https:\/\/jormax.com\/fr\/produto\/echelledetoit\/#primaryimage\"},\"thumbnailUrl\":\"https:\/\/jormax.com\/wp-content\/uploads\/Imagem3.png\",\"datePublished\":\"2021-06-16T17:07:32+00:00\",\"dateModified\":\"2024-07-16T12:58:44+00:00\",\"description\":\"L\u2019\u00e9chelle de toit est un outil efficace pour les travaux sur les toits inclin\u00e9s. Les roues du crochet de plafond permettent de monter facilement l\u2019\u00e9chelle \u00e0 la hauteur souhait\u00e9e. Une fois arriv\u00e9 au sommet avec l\u2019\u00e9chelle, elle est pivot\u00e9e pour fixer le crochet sur le toit. L\u2019\u00e9chelle est fixe et stable, garantissant un travail en toute s\u00e9curit\u00e9. La forme unique des \u00e9chelons offre un confort optimal en position debout. Les \u00e9chelles de toit sont disponibles en plusieurs longueurs (3 et 1,5 m\u00e8tres). En combinant diff\u00e9rents modules, on obtient une longueur plus importante. La fixation se fait \u00e0 l\u2019aide de crochets en aluminium.\",\"breadcrumb\":{\"@id\":\"https:\/\/jormax.com\/fr\/produto\/echelledetoit\/#breadcrumb\"},\"inLanguage\":\"fr-FR\",\"potentialAction\":[{\"@type\":\"ReadAction\",\"target\":[\"https:\/\/jormax.com\/fr\/produto\/echelledetoit\/\"]}]},{\"@type\":\"ImageObject\",\"inLanguage\":\"fr-FR\",\"@id\":\"https:\/\/jormax.com\/fr\/produto\/echelledetoit\/#primaryimage\",\"url\":\"https:\/\/jormax.com\/wp-content\/uploads\/Imagem3.png\",\"contentUrl\":\"https:\/\/jormax.com\/wp-content\/uploads\/Imagem3.png\",\"width\":780,\"height\":493},{\"@type\":\"BreadcrumbList\",\"@id\":\"https:\/\/jormax.com\/fr\/produto\/echelledetoit\/#breadcrumb\",\"itemListElement\":[{\"@type\":\"ListItem\",\"position\":1,\"name\":\"In\u00edcio\",\"item\":\"https:\/\/jormax.com\/fr\/\"},{\"@type\":\"ListItem\",\"position\":2,\"name\":\"Produ\u00edts\",\"item\":\"https:\/\/jormax.com\/fr\/produits\/\"},{\"@type\":\"ListItem\",\"position\":3,\"name\":\"Escada Telhado\"}]},{\"@type\":\"WebSite\",\"@id\":\"https:\/\/jormax.com\/fr\/#website\",\"url\":\"https:\/\/jormax.com\/fr\/\",\"name\":\"Jormax - F\u00e1brica de Escadas e Escadotes\",\"description\":\"Fabricante de escadas, escadotes, andaimes, plataformas e solu\u00e7\u00f5es \u00e0 medida em alum\u00ednio e fibra de vidro certificados. F\u00e1brica com sede em Portugal.\",\"publisher\":{\"@id\":\"https:\/\/jormax.com\/fr\/#organization\"},\"potentialAction\":[{\"@type\":\"SearchAction\",\"target\":{\"@type\":\"EntryPoint\",\"urlTemplate\":\"https:\/\/jormax.com\/fr\/?s={search_term_string}\"},\"query-input\":{\"@type\":\"PropertyValueSpecification\",\"valueRequired\":true,\"valueName\":\"search_term_string\"}}],\"inLanguage\":\"fr-FR\"},{\"@type\":\"Organization\",\"@id\":\"https:\/\/jormax.com\/fr\/#organization\",\"name\":\"Jormax - Fabricant d' \u00c9chelles, Escabeau et \u00c9chafaudages\",\"url\":\"https:\/\/jormax.com\/fr\/\",\"logo\":{\"@type\":\"ImageObject\",\"inLanguage\":\"fr-FR\",\"@id\":\"https:\/\/jormax.com\/fr\/#\/schema\/logo\/image\/\",\"url\":\"http:\/\/jormax.com\/wp-content\/uploads\/2019\/12\/logotipo-jormax-cor-stickymenu.png\",\"contentUrl\":\"http:\/\/jormax.com\/wp-content\/uploads\/2019\/12\/logotipo-jormax-cor-stickymenu.png\",\"width\":235,\"height\":59,\"caption\":\"Jormax - Fabricant d' \u00c9chelles, Escabeau et \u00c9chafaudages\"},\"image\":{\"@id\":\"https:\/\/jormax.com\/fr\/#\/schema\/logo\/image\/\"},\"sameAs\":[\"https:\/\/www.facebook.com\/jormaxportugal\/\"]}]}<\/script>\n<!-- \/ Yoast SEO plugin. -->","yoast_head_json":{"title":"Escada Telhado - Jormax - F\u00e1brica de Escadas e Escadotes","description":"L\u2019\u00e9chelle de toit est un outil efficace pour les travaux sur les toits inclin\u00e9s. Les roues du crochet de plafond permettent de monter facilement l\u2019\u00e9chelle \u00e0 la hauteur souhait\u00e9e. Une fois arriv\u00e9 au sommet avec l\u2019\u00e9chelle, elle est pivot\u00e9e pour fixer le crochet sur le toit. L\u2019\u00e9chelle est fixe et stable, garantissant un travail en toute s\u00e9curit\u00e9. La forme unique des \u00e9chelons offre un confort optimal en position debout. Les \u00e9chelles de toit sont disponibles en plusieurs longueurs (3 et 1,5 m\u00e8tres). En combinant diff\u00e9rents modules, on obtient une longueur plus importante. La fixation se fait \u00e0 l\u2019aide de crochets en aluminium.","robots":{"index":"index","follow":"follow","max-snippet":"max-snippet:-1","max-image-preview":"max-image-preview:large","max-video-preview":"max-video-preview:-1"},"canonical":"https:\/\/jormax.com\/fr\/produto\/echelledetoit\/","og_locale":"fr_FR","og_type":"article","og_title":"Escada Telhado - Jormax - F\u00e1brica de Escadas e Escadotes","og_description":"L\u2019\u00e9chelle de toit est un outil efficace pour les travaux sur les toits inclin\u00e9s. Les roues du crochet de plafond permettent de monter facilement l\u2019\u00e9chelle \u00e0 la hauteur souhait\u00e9e. Une fois arriv\u00e9 au sommet avec l\u2019\u00e9chelle, elle est pivot\u00e9e pour fixer le crochet sur le toit. L\u2019\u00e9chelle est fixe et stable, garantissant un travail en toute s\u00e9curit\u00e9. La forme unique des \u00e9chelons offre un confort optimal en position debout. Les \u00e9chelles de toit sont disponibles en plusieurs longueurs (3 et 1,5 m\u00e8tres). En combinant diff\u00e9rents modules, on obtient une longueur plus importante. La fixation se fait \u00e0 l\u2019aide de crochets en aluminium.","og_url":"https:\/\/jormax.com\/fr\/produto\/echelledetoit\/","og_site_name":"Jormax - F\u00e1brica de Escadas e Escadotes","article_publisher":"https:\/\/www.facebook.com\/jormaxportugal\/","article_modified_time":"2024-07-16T12:58:44+00:00","og_image":[{"width":780,"height":493,"url":"https:\/\/jormax.com\/wp-content\/uploads\/Imagem3.png","type":"image\/png"}],"twitter_card":"summary_large_image","schema":{"@context":"https:\/\/schema.org","@graph":[{"@type":"WebPage","@id":"https:\/\/jormax.com\/fr\/produto\/echelledetoit\/","url":"https:\/\/jormax.com\/fr\/produto\/echelledetoit\/","name":"Escada Telhado - Jormax - F\u00e1brica de Escadas e Escadotes","isPartOf":{"@id":"https:\/\/jormax.com\/fr\/#website"},"primaryImageOfPage":{"@id":"https:\/\/jormax.com\/fr\/produto\/echelledetoit\/#primaryimage"},"image":{"@id":"https:\/\/jormax.com\/fr\/produto\/echelledetoit\/#primaryimage"},"thumbnailUrl":"https:\/\/jormax.com\/wp-content\/uploads\/Imagem3.png","datePublished":"2021-06-16T17:07:32+00:00","dateModified":"2024-07-16T12:58:44+00:00","description":"L\u2019\u00e9chelle de toit est un outil efficace pour les travaux sur les toits inclin\u00e9s. Les roues du crochet de plafond permettent de monter facilement l\u2019\u00e9chelle \u00e0 la hauteur souhait\u00e9e. Une fois arriv\u00e9 au sommet avec l\u2019\u00e9chelle, elle est pivot\u00e9e pour fixer le crochet sur le toit. L\u2019\u00e9chelle est fixe et stable, garantissant un travail en toute s\u00e9curit\u00e9. La forme unique des \u00e9chelons offre un confort optimal en position debout. Les \u00e9chelles de toit sont disponibles en plusieurs longueurs (3 et 1,5 m\u00e8tres). En combinant diff\u00e9rents modules, on obtient une longueur plus importante. La fixation se fait \u00e0 l\u2019aide de crochets en aluminium.","breadcrumb":{"@id":"https:\/\/jormax.com\/fr\/produto\/echelledetoit\/#breadcrumb"},"inLanguage":"fr-FR","potentialAction":[{"@type":"ReadAction","target":["https:\/\/jormax.com\/fr\/produto\/echelledetoit\/"]}]},{"@type":"ImageObject","inLanguage":"fr-FR","@id":"https:\/\/jormax.com\/fr\/produto\/echelledetoit\/#primaryimage","url":"https:\/\/jormax.com\/wp-content\/uploads\/Imagem3.png","contentUrl":"https:\/\/jormax.com\/wp-content\/uploads\/Imagem3.png","width":780,"height":493},{"@type":"BreadcrumbList","@id":"https:\/\/jormax.com\/fr\/produto\/echelledetoit\/#breadcrumb","itemListElement":[{"@type":"ListItem","position":1,"name":"In\u00edcio","item":"https:\/\/jormax.com\/fr\/"},{"@type":"ListItem","position":2,"name":"Produ\u00edts","item":"https:\/\/jormax.com\/fr\/produits\/"},{"@type":"ListItem","position":3,"name":"Escada Telhado"}]},{"@type":"WebSite","@id":"https:\/\/jormax.com\/fr\/#website","url":"https:\/\/jormax.com\/fr\/","name":"Jormax - F\u00e1brica de Escadas e Escadotes","description":"Fabricante de escadas, escadotes, andaimes, plataformas e solu\u00e7\u00f5es \u00e0 medida em alum\u00ednio e fibra de vidro certificados. F\u00e1brica com sede em Portugal.","publisher":{"@id":"https:\/\/jormax.com\/fr\/#organization"},"potentialAction":[{"@type":"SearchAction","target":{"@type":"EntryPoint","urlTemplate":"https:\/\/jormax.com\/fr\/?s={search_term_string}"},"query-input":{"@type":"PropertyValueSpecification","valueRequired":true,"valueName":"search_term_string"}}],"inLanguage":"fr-FR"},{"@type":"Organization","@id":"https:\/\/jormax.com\/fr\/#organization","name":"Jormax - Fabricant d' \u00c9chelles, Escabeau et \u00c9chafaudages","url":"https:\/\/jormax.com\/fr\/","logo":{"@type":"ImageObject","inLanguage":"fr-FR","@id":"https:\/\/jormax.com\/fr\/#\/schema\/logo\/image\/","url":"http:\/\/jormax.com\/wp-content\/uploads\/2019\/12\/logotipo-jormax-cor-stickymenu.png","contentUrl":"http:\/\/jormax.com\/wp-content\/uploads\/2019\/12\/logotipo-jormax-cor-stickymenu.png","width":235,"height":59,"caption":"Jormax - Fabricant d' \u00c9chelles, Escabeau et \u00c9chafaudages"},"image":{"@id":"https:\/\/jormax.com\/fr\/#\/schema\/logo\/image\/"},"sameAs":["https:\/\/www.facebook.com\/jormaxportugal\/"]}]}},"_links":{"self":[{"href":"https:\/\/jormax.com\/fr\/wp-json\/wp\/v2\/product\/15562","targetHints":{"allow":["GET"]}}],"collection":[{"href":"https:\/\/jormax.com\/fr\/wp-json\/wp\/v2\/product"}],"about":[{"href":"https:\/\/jormax.com\/fr\/wp-json\/wp\/v2\/types\/product"}],"wp:featuredmedia":[{"embeddable":true,"href":"https:\/\/jormax.com\/fr\/wp-json\/wp\/v2\/media\/15083"}],"wp:attachment":[{"href":"https:\/\/jormax.com\/fr\/wp-json\/wp\/v2\/media?parent=15562"}],"wp:term":[{"taxonomy":"product_brand","embeddable":true,"href":"https:\/\/jormax.com\/fr\/wp-json\/wp\/v2\/product_brand?post=15562"},{"taxonomy":"product_cat","embeddable":true,"href":"https:\/\/jormax.com\/fr\/wp-json\/wp\/v2\/product_cat?post=15562"},{"taxonomy":"product_tag","embeddable":true,"href":"https:\/\/jormax.com\/fr\/wp-json\/wp\/v2\/product_tag?post=15562"}],"curies":[{"name":"wp","href":"https:\/\/api.w.org\/{rel}","templated":true}]}}