{"id":10587,"date":"2019-11-25T14:35:48","date_gmt":"2019-11-25T14:35:48","guid":{"rendered":"https:\/\/www.jormax.com\/produtos\/niveleur-universel\/"},"modified":"2024-07-19T16:18:26","modified_gmt":"2024-07-19T15:18:26","slug":"niveleur-universel","status":"publish","type":"product","link":"https:\/\/jormax.com\/fr\/produto\/niveleur-universel\/","title":{"rendered":"NIVELEUR UNIVERSEL"},"content":{"rendered":"","protected":false},"excerpt":{"rendered":"<p>Il permet d\u2019utiliser des \u00e9chelles in\u00e9gaux ou sur des escaliers de forme confortable et s\u00fbre lorsqu\u2019ils sont utilis\u00e9s, se montant ainsi dans tous les \u00e9chelles. Il r\u00e9gule les diff\u00e9rences de 7 \u00e0 23 cm, avec blocage tous les 2 cm. Fabriqu\u00e9 en aluminium. Peut \u00eatre mont\u00e9 individuellement ou par paire pour mettre \u00e0 niveau toute l&rsquo;\u00e9chelle. Rapide et efficace L&rsquo;\u00e9chelle se met \u00e0 niveau en quelques secondes. Assembl\u00e9e au nom du client. Comprend les vis.<br \/>\nSur demande, l&rsquo;assemblage peut \u00eatre r\u00e9alis\u00e9 par Jormax.<br \/>\n<b>Remarque:<\/b> Pour fixer le niveleur sur l\u2019\u00e9chelle, celui-ci doit comporter des montants \u00e0 surface plane. Pour les \u00e9chelles avec des montants de forme incurv\u00e9e, demander un \u00ab\u00a0kit de vis sp\u00e9cial\u00a0\u00bb.<\/p>\n","protected":false},"featured_media":10509,"template":"","meta":[],"product_brand":[],"product_cat":[3588,333],"product_tag":[],"class_list":{"0":"post-10587","1":"product","2":"type-product","3":"status-publish","4":"has-post-thumbnail","6":"product_cat-acessorios-fr","7":"product_cat-autres","9":"first","10":"instock","11":"shipping-taxable","12":"product-type-simple"},"yoast_head":"<!-- This site is optimized with the Yoast SEO plugin v24.5 - https:\/\/yoast.com\/wordpress\/plugins\/seo\/ -->\n<title>NIVELEUR UNIVERSEL - Jormax - F\u00e1brica de Escadas e Escadotes<\/title>\n<meta name=\"robots\" content=\"index, follow, max-snippet:-1, max-image-preview:large, max-video-preview:-1\" \/>\n<link rel=\"canonical\" href=\"https:\/\/jormax.com\/fr\/produto\/niveleur-universel\/\" \/>\n<meta property=\"og:locale\" content=\"fr_FR\" \/>\n<meta property=\"og:type\" content=\"article\" \/>\n<meta property=\"og:title\" content=\"NIVELEUR UNIVERSEL - Jormax - F\u00e1brica de Escadas e Escadotes\" \/>\n<meta property=\"og:description\" content=\"Il permet d\u2019utiliser des \u00e9chelles in\u00e9gaux ou sur des escaliers de forme confortable et s\u00fbre lorsqu\u2019ils sont utilis\u00e9s, se montant ainsi dans tous les \u00e9chelles. Il r\u00e9gule les diff\u00e9rences de 7 \u00e0 23 cm, avec blocage tous les 2 cm. Fabriqu\u00e9 en aluminium. Peut \u00eatre mont\u00e9 individuellement ou par paire pour mettre \u00e0 niveau toute l&#039;\u00e9chelle. Rapide et efficace L&#039;\u00e9chelle se met \u00e0 niveau en quelques secondes. Assembl\u00e9e au nom du client. Comprend les vis. Sur demande, l&#039;assemblage peut \u00eatre r\u00e9alis\u00e9 par Jormax. Remarque: Pour fixer le niveleur sur l\u2019\u00e9chelle, celui-ci doit comporter des montants \u00e0 surface plane. Pour les \u00e9chelles avec des montants de forme incurv\u00e9e, demander un &quot;kit de vis sp\u00e9cial&quot;.\" \/>\n<meta property=\"og:url\" content=\"https:\/\/jormax.com\/fr\/produto\/niveleur-universel\/\" \/>\n<meta property=\"og:site_name\" content=\"Jormax - F\u00e1brica de Escadas e Escadotes\" \/>\n<meta property=\"article:publisher\" content=\"https:\/\/www.facebook.com\/jormaxportugal\/\" \/>\n<meta property=\"article:modified_time\" content=\"2024-07-19T15:18:26+00:00\" \/>\n<meta property=\"og:image\" content=\"https:\/\/jormax.com\/wp-content\/uploads\/2019\/11\/acessorio-nivelador-universal-jormax.jpg\" \/>\n\t<meta property=\"og:image:width\" content=\"900\" \/>\n\t<meta property=\"og:image:height\" content=\"900\" \/>\n\t<meta property=\"og:image:type\" content=\"image\/jpeg\" \/>\n<meta name=\"twitter:card\" content=\"summary_large_image\" \/>\n<script type=\"application\/ld+json\" class=\"yoast-schema-graph\">{\"@context\":\"https:\/\/schema.org\",\"@graph\":[{\"@type\":\"WebPage\",\"@id\":\"https:\/\/jormax.com\/fr\/produto\/niveleur-universel\/\",\"url\":\"https:\/\/jormax.com\/fr\/produto\/niveleur-universel\/\",\"name\":\"NIVELEUR UNIVERSEL - Jormax - F\u00e1brica de Escadas e Escadotes\",\"isPartOf\":{\"@id\":\"https:\/\/jormax.com\/fr\/#website\"},\"primaryImageOfPage\":{\"@id\":\"https:\/\/jormax.com\/fr\/produto\/niveleur-universel\/#primaryimage\"},\"image\":{\"@id\":\"https:\/\/jormax.com\/fr\/produto\/niveleur-universel\/#primaryimage\"},\"thumbnailUrl\":\"https:\/\/jormax.com\/wp-content\/uploads\/2019\/11\/acessorio-nivelador-universal-jormax.jpg\",\"datePublished\":\"2019-11-25T14:35:48+00:00\",\"dateModified\":\"2024-07-19T15:18:26+00:00\",\"breadcrumb\":{\"@id\":\"https:\/\/jormax.com\/fr\/produto\/niveleur-universel\/#breadcrumb\"},\"inLanguage\":\"fr-FR\",\"potentialAction\":[{\"@type\":\"ReadAction\",\"target\":[\"https:\/\/jormax.com\/fr\/produto\/niveleur-universel\/\"]}]},{\"@type\":\"ImageObject\",\"inLanguage\":\"fr-FR\",\"@id\":\"https:\/\/jormax.com\/fr\/produto\/niveleur-universel\/#primaryimage\",\"url\":\"https:\/\/jormax.com\/wp-content\/uploads\/2019\/11\/acessorio-nivelador-universal-jormax.jpg\",\"contentUrl\":\"https:\/\/jormax.com\/wp-content\/uploads\/2019\/11\/acessorio-nivelador-universal-jormax.jpg\",\"width\":900,\"height\":900},{\"@type\":\"BreadcrumbList\",\"@id\":\"https:\/\/jormax.com\/fr\/produto\/niveleur-universel\/#breadcrumb\",\"itemListElement\":[{\"@type\":\"ListItem\",\"position\":1,\"name\":\"In\u00edcio\",\"item\":\"https:\/\/jormax.com\/fr\/\"},{\"@type\":\"ListItem\",\"position\":2,\"name\":\"Produ\u00edts\",\"item\":\"https:\/\/jormax.com\/fr\/produits\/\"},{\"@type\":\"ListItem\",\"position\":3,\"name\":\"NIVELEUR UNIVERSEL\"}]},{\"@type\":\"WebSite\",\"@id\":\"https:\/\/jormax.com\/fr\/#website\",\"url\":\"https:\/\/jormax.com\/fr\/\",\"name\":\"Jormax - F\u00e1brica de Escadas e Escadotes\",\"description\":\"Fabricante de escadas, escadotes, andaimes, plataformas e solu\u00e7\u00f5es \u00e0 medida em alum\u00ednio e fibra de vidro certificados. F\u00e1brica com sede em Portugal.\",\"publisher\":{\"@id\":\"https:\/\/jormax.com\/fr\/#organization\"},\"potentialAction\":[{\"@type\":\"SearchAction\",\"target\":{\"@type\":\"EntryPoint\",\"urlTemplate\":\"https:\/\/jormax.com\/fr\/?s={search_term_string}\"},\"query-input\":{\"@type\":\"PropertyValueSpecification\",\"valueRequired\":true,\"valueName\":\"search_term_string\"}}],\"inLanguage\":\"fr-FR\"},{\"@type\":\"Organization\",\"@id\":\"https:\/\/jormax.com\/fr\/#organization\",\"name\":\"Jormax - Fabricant d' \u00c9chelles, Escabeau et \u00c9chafaudages\",\"url\":\"https:\/\/jormax.com\/fr\/\",\"logo\":{\"@type\":\"ImageObject\",\"inLanguage\":\"fr-FR\",\"@id\":\"https:\/\/jormax.com\/fr\/#\/schema\/logo\/image\/\",\"url\":\"http:\/\/jormax.com\/wp-content\/uploads\/2019\/12\/logotipo-jormax-cor-stickymenu.png\",\"contentUrl\":\"http:\/\/jormax.com\/wp-content\/uploads\/2019\/12\/logotipo-jormax-cor-stickymenu.png\",\"width\":235,\"height\":59,\"caption\":\"Jormax - Fabricant d' \u00c9chelles, Escabeau et \u00c9chafaudages\"},\"image\":{\"@id\":\"https:\/\/jormax.com\/fr\/#\/schema\/logo\/image\/\"},\"sameAs\":[\"https:\/\/www.facebook.com\/jormaxportugal\/\"]}]}<\/script>\n<!-- \/ Yoast SEO plugin. -->","yoast_head_json":{"title":"NIVELEUR UNIVERSEL - Jormax - F\u00e1brica de Escadas e Escadotes","robots":{"index":"index","follow":"follow","max-snippet":"max-snippet:-1","max-image-preview":"max-image-preview:large","max-video-preview":"max-video-preview:-1"},"canonical":"https:\/\/jormax.com\/fr\/produto\/niveleur-universel\/","og_locale":"fr_FR","og_type":"article","og_title":"NIVELEUR UNIVERSEL - Jormax - F\u00e1brica de Escadas e Escadotes","og_description":"Il permet d\u2019utiliser des \u00e9chelles in\u00e9gaux ou sur des escaliers de forme confortable et s\u00fbre lorsqu\u2019ils sont utilis\u00e9s, se montant ainsi dans tous les \u00e9chelles. Il r\u00e9gule les diff\u00e9rences de 7 \u00e0 23 cm, avec blocage tous les 2 cm. Fabriqu\u00e9 en aluminium. Peut \u00eatre mont\u00e9 individuellement ou par paire pour mettre \u00e0 niveau toute l'\u00e9chelle. Rapide et efficace L'\u00e9chelle se met \u00e0 niveau en quelques secondes. Assembl\u00e9e au nom du client. Comprend les vis. Sur demande, l'assemblage peut \u00eatre r\u00e9alis\u00e9 par Jormax. Remarque: Pour fixer le niveleur sur l\u2019\u00e9chelle, celui-ci doit comporter des montants \u00e0 surface plane. Pour les \u00e9chelles avec des montants de forme incurv\u00e9e, demander un \"kit de vis sp\u00e9cial\".","og_url":"https:\/\/jormax.com\/fr\/produto\/niveleur-universel\/","og_site_name":"Jormax - F\u00e1brica de Escadas e Escadotes","article_publisher":"https:\/\/www.facebook.com\/jormaxportugal\/","article_modified_time":"2024-07-19T15:18:26+00:00","og_image":[{"width":900,"height":900,"url":"https:\/\/jormax.com\/wp-content\/uploads\/2019\/11\/acessorio-nivelador-universal-jormax.jpg","type":"image\/jpeg"}],"twitter_card":"summary_large_image","schema":{"@context":"https:\/\/schema.org","@graph":[{"@type":"WebPage","@id":"https:\/\/jormax.com\/fr\/produto\/niveleur-universel\/","url":"https:\/\/jormax.com\/fr\/produto\/niveleur-universel\/","name":"NIVELEUR UNIVERSEL - Jormax - F\u00e1brica de Escadas e Escadotes","isPartOf":{"@id":"https:\/\/jormax.com\/fr\/#website"},"primaryImageOfPage":{"@id":"https:\/\/jormax.com\/fr\/produto\/niveleur-universel\/#primaryimage"},"image":{"@id":"https:\/\/jormax.com\/fr\/produto\/niveleur-universel\/#primaryimage"},"thumbnailUrl":"https:\/\/jormax.com\/wp-content\/uploads\/2019\/11\/acessorio-nivelador-universal-jormax.jpg","datePublished":"2019-11-25T14:35:48+00:00","dateModified":"2024-07-19T15:18:26+00:00","breadcrumb":{"@id":"https:\/\/jormax.com\/fr\/produto\/niveleur-universel\/#breadcrumb"},"inLanguage":"fr-FR","potentialAction":[{"@type":"ReadAction","target":["https:\/\/jormax.com\/fr\/produto\/niveleur-universel\/"]}]},{"@type":"ImageObject","inLanguage":"fr-FR","@id":"https:\/\/jormax.com\/fr\/produto\/niveleur-universel\/#primaryimage","url":"https:\/\/jormax.com\/wp-content\/uploads\/2019\/11\/acessorio-nivelador-universal-jormax.jpg","contentUrl":"https:\/\/jormax.com\/wp-content\/uploads\/2019\/11\/acessorio-nivelador-universal-jormax.jpg","width":900,"height":900},{"@type":"BreadcrumbList","@id":"https:\/\/jormax.com\/fr\/produto\/niveleur-universel\/#breadcrumb","itemListElement":[{"@type":"ListItem","position":1,"name":"In\u00edcio","item":"https:\/\/jormax.com\/fr\/"},{"@type":"ListItem","position":2,"name":"Produ\u00edts","item":"https:\/\/jormax.com\/fr\/produits\/"},{"@type":"ListItem","position":3,"name":"NIVELEUR UNIVERSEL"}]},{"@type":"WebSite","@id":"https:\/\/jormax.com\/fr\/#website","url":"https:\/\/jormax.com\/fr\/","name":"Jormax - F\u00e1brica de Escadas e Escadotes","description":"Fabricante de escadas, escadotes, andaimes, plataformas e solu\u00e7\u00f5es \u00e0 medida em alum\u00ednio e fibra de vidro certificados. F\u00e1brica com sede em Portugal.","publisher":{"@id":"https:\/\/jormax.com\/fr\/#organization"},"potentialAction":[{"@type":"SearchAction","target":{"@type":"EntryPoint","urlTemplate":"https:\/\/jormax.com\/fr\/?s={search_term_string}"},"query-input":{"@type":"PropertyValueSpecification","valueRequired":true,"valueName":"search_term_string"}}],"inLanguage":"fr-FR"},{"@type":"Organization","@id":"https:\/\/jormax.com\/fr\/#organization","name":"Jormax - Fabricant d' \u00c9chelles, Escabeau et \u00c9chafaudages","url":"https:\/\/jormax.com\/fr\/","logo":{"@type":"ImageObject","inLanguage":"fr-FR","@id":"https:\/\/jormax.com\/fr\/#\/schema\/logo\/image\/","url":"http:\/\/jormax.com\/wp-content\/uploads\/2019\/12\/logotipo-jormax-cor-stickymenu.png","contentUrl":"http:\/\/jormax.com\/wp-content\/uploads\/2019\/12\/logotipo-jormax-cor-stickymenu.png","width":235,"height":59,"caption":"Jormax - Fabricant d' \u00c9chelles, Escabeau et \u00c9chafaudages"},"image":{"@id":"https:\/\/jormax.com\/fr\/#\/schema\/logo\/image\/"},"sameAs":["https:\/\/www.facebook.com\/jormaxportugal\/"]}]}},"_links":{"self":[{"href":"https:\/\/jormax.com\/fr\/wp-json\/wp\/v2\/product\/10587","targetHints":{"allow":["GET"]}}],"collection":[{"href":"https:\/\/jormax.com\/fr\/wp-json\/wp\/v2\/product"}],"about":[{"href":"https:\/\/jormax.com\/fr\/wp-json\/wp\/v2\/types\/product"}],"wp:featuredmedia":[{"embeddable":true,"href":"https:\/\/jormax.com\/fr\/wp-json\/wp\/v2\/media\/10509"}],"wp:attachment":[{"href":"https:\/\/jormax.com\/fr\/wp-json\/wp\/v2\/media?parent=10587"}],"wp:term":[{"taxonomy":"product_brand","embeddable":true,"href":"https:\/\/jormax.com\/fr\/wp-json\/wp\/v2\/product_brand?post=10587"},{"taxonomy":"product_cat","embeddable":true,"href":"https:\/\/jormax.com\/fr\/wp-json\/wp\/v2\/product_cat?post=10587"},{"taxonomy":"product_tag","embeddable":true,"href":"https:\/\/jormax.com\/fr\/wp-json\/wp\/v2\/product_tag?post=10587"}],"curies":[{"name":"wp","href":"https:\/\/api.w.org\/{rel}","templated":true}]}}