{"id":8640,"date":"2019-11-18T09:55:28","date_gmt":"2019-11-18T09:55:28","guid":{"rendered":"https:\/\/www.jormax.com\/assistance-technique\/"},"modified":"2019-12-06T18:24:29","modified_gmt":"2019-12-06T18:24:29","slug":"assistance-technique","status":"publish","type":"page","link":"https:\/\/jormax.com\/fr\/assistance-technique\/","title":{"rendered":"Assistance Technique"},"content":{"rendered":"<div class=\"wpb-content-wrapper\"><p>[vc_row][vc_column width=\u00a0\u00bb1\/2&Prime;][vc_custom_heading text=\u00a0\u00bbQUEL QUE SOIT LE PROBLEME, NOUS SOMMES LA POUR LE RESOUDRE!\u00a0\u00bb font_container=\u00a0\u00bbtag:h6|font_size:15px|text_align:left|line_height:24px\u00a0\u00bb google_fonts=\u00a0\u00bbfont_family:Exo%3A100%2C100italic%2C200%2C200italic%2C300%2C300italic%2Cregular%2Citalic%2C500%2C500italic%2C600%2C600italic%2C700%2C700italic%2C800%2C800italic%2C900%2C900italic|font_style:400%20italic%3A400%3Aitalic\u00a0\u00bb custom_css=\u00a0\u00bbletter-spacing: 0.08em;\u00a0\u00bb css=\u00a0\u00bb.vc_custom_1555326976953{margin-bottom: 5px !important;}\u00a0\u00bb el_class=\u00a0\u00bbtb-extratext-1 bt-color-main tb-icon\u00a0\u00bb][vc_custom_heading text=\u00a0\u00bbBESOIN D&rsquo;AIDE?\u00a0\u00bb font_container=\u00a0\u00bbtag:h3|font_size:26px|text_align:left|color:%23454545|line_height:36px\u00a0\u00bb use_theme_fonts=\u00a0\u00bbyes\u00a0\u00bb el_class=\u00a0\u00bbbt-poppins-font\u00a0\u00bb css=\u00a0\u00bb.vc_custom_1555322002129{margin-bottom: 15px !important;}\u00a0\u00bb][vc_empty_space][vc_column_text]En cas de probl\u00e8me ou de r\u00e9clamation au titre de la garantie avec l&rsquo;un de nos articles, nous vous sugg\u00e9rons de contacter au pr\u00e9alable l&rsquo;entit\u00e9 aupr\u00e8s de laquelle vous l&rsquo;avez achet\u00e9. De cette fa\u00e7on, l&rsquo;ensemble du processus sera plus efficace. Si cela n\u2019est pas possible, veuillez contacter directement notre service commercial. [\/vc_column_text][\/vc_column][vc_column width=\u00a0\u00bb1\/2&Prime;][vc_custom_heading text=\u00a0\u00bbPOUR FAIRE LA DEMANDE REMPLIR LE FORMULAIRE CI-DESSOUS.\u00a0\u00bb font_container=\u00a0\u00bbtag:h6|font_size:15px|text_align:left|line_height:24px\u00a0\u00bb google_fonts=\u00a0\u00bbfont_family:Exo%3A100%2C100italic%2C200%2C200italic%2C300%2C300italic%2Cregular%2Citalic%2C500%2C500italic%2C600%2C600italic%2C700%2C700italic%2C800%2C800italic%2C900%2C900italic|font_style:400%20italic%3A400%3Aitalic\u00a0\u00bb custom_css=\u00a0\u00bbletter-spacing: 0.08em;\u00a0\u00bb css=\u00a0\u00bb.vc_custom_1555327002616{margin-bottom: 5px !important;}\u00a0\u00bb el_class=\u00a0\u00bbtb-extratext-1 bt-color-main tb-icon\u00a0\u00bb][vc_custom_heading text=\u00a0\u00bbASSISTANCE TECHNIQUE JORMAX\u00a0\u00bb font_container=\u00a0\u00bbtag:h3|font_size:26px|text_align:left|color:%23454545|line_height:36px\u00a0\u00bb use_theme_fonts=\u00a0\u00bbyes\u00a0\u00bb el_class=\u00a0\u00bbbt-poppins-font\u00a0\u00bb css=\u00a0\u00bb.vc_custom_1555322013954{margin-bottom: 15px !important;}\u00a0\u00bb][vc_empty_space]\n<div class=\"wpcf7 no-js\" id=\"wpcf7-f8844-o1\" lang=\"fr-FR\" dir=\"ltr\" data-wpcf7-id=\"8844\">\n<div class=\"screen-reader-response\"><p role=\"status\" aria-live=\"polite\" aria-atomic=\"true\"><\/p> <ul><\/ul><\/div>\n<form action=\"\/fr\/wp-json\/wp\/v2\/pages\/8640#wpcf7-f8844-o1\" method=\"post\" class=\"wpcf7-form init\" aria-label=\"Formulaire de contact\" novalidate=\"novalidate\" data-status=\"init\">\n<div style=\"display: none;\">\n<input type=\"hidden\" name=\"_wpcf7\" value=\"8844\" \/>\n<input type=\"hidden\" name=\"_wpcf7_version\" value=\"6.0.4\" \/>\n<input type=\"hidden\" name=\"_wpcf7_locale\" value=\"fr_FR\" \/>\n<input type=\"hidden\" name=\"_wpcf7_unit_tag\" value=\"wpcf7-f8844-o1\" \/>\n<input type=\"hidden\" name=\"_wpcf7_container_post\" value=\"0\" \/>\n<input type=\"hidden\" name=\"_wpcf7_posted_data_hash\" value=\"\" \/>\n<input type=\"hidden\" name=\"_wpcf7_recaptcha_response\" value=\"\" \/>\n<\/div>\n<div class=\"row bt-contact-form3\">\n\t<div class=\"col-md-4\">\n\t\t<div class=\"bt-field-text name\">\n\t\t\t<p><span class=\"bt-label\"><\/span><span class=\"wpcf7-form-control-wrap\" data-name=\"your-name\"><input size=\"40\" maxlength=\"400\" class=\"wpcf7-form-control wpcf7-text wpcf7-validates-as-required\" aria-required=\"true\" aria-invalid=\"false\" placeholder=\"NOM *\" value=\"\" type=\"text\" name=\"your-name\" \/><\/span>\n\t\t\t<\/p>\n\t\t<\/div>\n\t<\/div>\n\t<div class=\"col-md-4\">\n\t\t<div class=\"bt-field-text email\">\n\t\t\t<p><span class=\"bt-label\"><\/span><span class=\"wpcf7-form-control-wrap\" data-name=\"your-email\"><input size=\"40\" maxlength=\"400\" class=\"wpcf7-form-control wpcf7-email wpcf7-validates-as-required wpcf7-text wpcf7-validates-as-email\" aria-required=\"true\" aria-invalid=\"false\" placeholder=\"EMAIL *\" value=\"\" type=\"email\" name=\"your-email\" \/><\/span>\n\t\t\t<\/p>\n\t\t<\/div>\n\t<\/div>\n\t<div class=\"col-md-4\">\n\t\t<div class=\"bt-field-text email\">\n\t\t\t<p><span class=\"bt-label\"><\/span><span class=\"wpcf7-form-control-wrap\" data-name=\"your-company\"><input size=\"40\" maxlength=\"400\" class=\"wpcf7-form-control wpcf7-text wpcf7-validates-as-required\" aria-required=\"true\" aria-invalid=\"false\" placeholder=\"COMPAGNIE *\" value=\"\" type=\"text\" name=\"your-company\" \/><\/span>\n\t\t\t<\/p>\n\t\t<\/div>\n\t<\/div>\n\t<div class=\"col-md-4\">\n\t\t<div class=\"bt-field-text email\">\n\t\t\t<p><span class=\"bt-label\"><\/span><span class=\"wpcf7-form-control-wrap\" data-name=\"your-phone\"><input class=\"wpcf7-form-control wpcf7-number wpcf7-validates-as-required wpcf7-validates-as-number\" aria-required=\"true\" aria-invalid=\"false\" placeholder=\"T\u00c9L\u00c9PHONE *\" value=\"\" type=\"number\" name=\"your-phone\" \/><\/span>\n\t\t\t<\/p>\n\t\t<\/div>\n\t<\/div>\n\t<div class=\"col-md-4\">\n\t\t<div class=\"bt-field-text name\">\n\t\t\t<p><span class=\"bt-label\"><\/span><span class=\"wpcf7-form-control-wrap\" data-name=\"your-address1\"><input size=\"40\" maxlength=\"400\" class=\"wpcf7-form-control wpcf7-text wpcf7-validates-as-required\" aria-required=\"true\" aria-invalid=\"false\" placeholder=\"ADRESSE *\" value=\"\" type=\"text\" name=\"your-address1\" \/><\/span>\n\t\t\t<\/p>\n\t\t<\/div>\n\t<\/div>\n\t<div class=\"col-md-4\">\n\t\t<div class=\"bt-field-text email\">\n\t\t\t<p><span class=\"bt-label\"><\/span><span class=\"wpcf7-form-control-wrap\" data-name=\"your-address2\"><input size=\"40\" maxlength=\"400\" class=\"wpcf7-form-control wpcf7-text wpcf7-validates-as-required\" aria-required=\"true\" aria-invalid=\"false\" placeholder=\"EMPLACEMENT *\" value=\"\" type=\"text\" name=\"your-address2\" \/><\/span>\n\t\t\t<\/p>\n\t\t<\/div>\n\t<\/div>\n\t<div class=\"col-md-12\">\n\t\t<div class=\"bt-field-text subject\">\n\t\t\t<p><span class=\"bt-label\"><\/span><span class=\"wpcf7-form-control-wrap\" data-name=\"your-subject\"><input size=\"40\" maxlength=\"400\" class=\"wpcf7-form-control wpcf7-text wpcf7-validates-as-required\" aria-required=\"true\" aria-invalid=\"false\" placeholder=\"SUJET *\" value=\"\" type=\"text\" name=\"your-subject\" \/><\/span>\n\t\t\t<\/p>\n\t\t<\/div>\n\t<\/div>\n\t<div class=\"col-md-12\">\n\t\t<div class=\"bt-field-text content\">\n\t\t\t<p><span class=\"wpcf7-form-control-wrap\" data-name=\"your-message\"><textarea cols=\"40\" rows=\"10\" maxlength=\"2000\" class=\"wpcf7-form-control wpcf7-textarea wpcf7-validates-as-required\" aria-required=\"true\" aria-invalid=\"false\" placeholder=\"MESSAGE *\" name=\"your-message\"><\/textarea><\/span>\n\t\t\t<\/p>\n\t\t<\/div>\n\t<\/div>\n\t<div class=\"col-md-12\">\n\t\t<div class=\"bt-field-text content\" style=\"font-size:11px; margin-bottom: 9px;\">\n\t\t\t<p><span class=\"wpcf7-form-control-wrap\" data-name=\"acceptance-785\"><span class=\"wpcf7-form-control wpcf7-acceptance\"><span class=\"wpcf7-list-item\"><input type=\"checkbox\" name=\"acceptance-785\" value=\"1\" aria-invalid=\"false\" \/><\/span><\/span><\/span> J'ai lu et j'accepte les r\u00e8gles de JORMAX en <a href=\"http:\/\/jormax.com\/fr\/politique-de-confidentialite\/\" target=\"_blank\">mati\u00e8re de confidentialit\u00e9 et de protection des donn\u00e9es personnelles<\/a>. *<br \/>\n<span class=\"wpcf7-form-control-wrap\" data-name=\"acceptance-786\"><span class=\"wpcf7-form-control wpcf7-acceptance\"><span class=\"wpcf7-list-item\"><input type=\"checkbox\" name=\"acceptance-786\" value=\"1\" aria-invalid=\"false\" \/><\/span><\/span><\/span> J'autorise l'utilisation des donn\u00e9es collect\u00e9es \u00e0 \u00eatre contact\u00e9 \u00e0 ce sujet. *\n\t\t\t<\/p>\n\t\t\t<p style=\"padding-left: 1px;\"><i class=\"fab fa-google\"><\/i> Ce site est prot\u00e9g\u00e9 par reCAPTCHA et la <a href=\"https:\/\/policies.google.com\/privacy\">politique de confidentialit\u00e9<\/a> et les <a href=\"https:\/\/policies.google.com\/terms\">conditions d'utilisation<\/a> de Google s'appliquent.\n\t\t\t<\/p>\n\t\t<\/div>\n\t<\/div>\n\t<div class=\"col-md-12 text-left\">\n\t\t<p><input class=\"wpcf7-form-control wpcf7-submit has-spinner\" type=\"submit\" value=\"ENVOYER UN MESSAGE\" \/>\n\t\t<\/p>\n\t<\/div>\n\t<div class=\"col-md-12 text-right\">\n\t\t<p style=\"font-size:11px;\">*Champs obligatoires\n\t\t<\/p>\n\t<\/div>\n<\/div><div class=\"wpcf7-response-output\" aria-hidden=\"true\"><\/div>\n<\/form>\n<\/div>\n[\/vc_column][\/vc_row][vc_row][vc_column][vc_empty_space height=\u00a0\u00bb75px\u00a0\u00bb][\/vc_column][\/vc_row]<\/p>\n<\/div>","protected":false},"excerpt":{"rendered":"<p>[vc_row][vc_column width=\u00a0\u00bb1\/2&Prime;][vc_custom_heading text=\u00a0\u00bbQUEL QUE SOIT LE PROBLEME, NOUS SOMMES LA POUR LE RESOUDRE!\u00a0\u00bb font_container=\u00a0\u00bbtag:h6|font_size:15px|text_align:left|line_height:24px\u00a0\u00bb google_fonts=\u00a0\u00bbfont_family:Exo%3A100%2C100italic%2C200%2C200italic%2C300%2C300italic%2Cregular%2Citalic%2C500%2C500italic%2C600%2C600italic%2C700%2C700italic%2C800%2C800italic%2C900%2C900italic|font_style:400%20italic%3A400%3Aitalic\u00a0\u00bb custom_css=\u00a0\u00bbletter-spacing: 0.08em;\u00a0\u00bb css=\u00a0\u00bb.vc_custom_1555326976953{margin-bottom: 5px !important;}\u00a0\u00bb el_class=\u00a0\u00bbtb-extratext-1 bt-color-main tb-icon\u00a0\u00bb][vc_custom_heading text=\u00a0\u00bbBESOIN D&rsquo;AIDE?\u00a0\u00bb font_container=\u00a0\u00bbtag:h3|font_size:26px|text_align:left|color:%23454545|line_height:36px\u00a0\u00bb use_theme_fonts=\u00a0\u00bbyes\u00a0\u00bb el_class=\u00a0\u00bbbt-poppins-font\u00a0\u00bb css=\u00a0\u00bb.vc_custom_1555322002129{margin-bottom: 15px !important;}\u00a0\u00bb][vc_empty_space][vc_column_text]En cas de probl\u00e8me ou de r\u00e9clamation au titre de la garantie avec l&rsquo;un de nos articles, nous vous sugg\u00e9rons de contacter au pr\u00e9alable l&rsquo;entit\u00e9 [&hellip;]<\/p>\n","protected":false},"author":2,"featured_media":0,"parent":0,"menu_order":33,"comment_status":"closed","ping_status":"closed","template":"","meta":{"footnotes":""},"class_list":["post-8640","page","type-page","status-publish","hentry"],"yoast_head":"<!-- This site is optimized with the Yoast SEO plugin v24.5 - https:\/\/yoast.com\/wordpress\/plugins\/seo\/ -->\n<title>Assistance Technique - Jormax - F\u00e1brica de Escadas e Escadotes<\/title>\n<meta name=\"robots\" content=\"index, follow, max-snippet:-1, max-image-preview:large, max-video-preview:-1\" \/>\n<link rel=\"canonical\" href=\"https:\/\/jormax.com\/fr\/assistance-technique\/\" \/>\n<meta property=\"og:locale\" content=\"fr_FR\" \/>\n<meta property=\"og:type\" content=\"article\" \/>\n<meta property=\"og:title\" content=\"Assistance Technique - Jormax - F\u00e1brica de Escadas e Escadotes\" \/>\n<meta property=\"og:description\" content=\"[vc_row][vc_column width=\u00a0\u00bb1\/2&Prime;][vc_custom_heading text=\u00a0\u00bbQUEL QUE SOIT LE PROBLEME, NOUS SOMMES LA POUR LE RESOUDRE!\u00a0\u00bb font_container=\u00a0\u00bbtag:h6|font_size:15px|text_align:left|line_height:24px\u00a0\u00bb google_fonts=\u00a0\u00bbfont_family:Exo%3A100%2C100italic%2C200%2C200italic%2C300%2C300italic%2Cregular%2Citalic%2C500%2C500italic%2C600%2C600italic%2C700%2C700italic%2C800%2C800italic%2C900%2C900italic|font_style:400%20italic%3A400%3Aitalic\u00a0\u00bb custom_css=\u00a0\u00bbletter-spacing: 0.08em;\u00a0\u00bb css=\u00a0\u00bb.vc_custom_1555326976953{margin-bottom: 5px !important;}\u00a0\u00bb el_class=\u00a0\u00bbtb-extratext-1 bt-color-main tb-icon\u00a0\u00bb][vc_custom_heading text=\u00a0\u00bbBESOIN D&rsquo;AIDE?\u00a0\u00bb font_container=\u00a0\u00bbtag:h3|font_size:26px|text_align:left|color:%23454545|line_height:36px\u00a0\u00bb use_theme_fonts=\u00a0\u00bbyes\u00a0\u00bb el_class=\u00a0\u00bbbt-poppins-font\u00a0\u00bb css=\u00a0\u00bb.vc_custom_1555322002129{margin-bottom: 15px !important;}\u00a0\u00bb][vc_empty_space][vc_column_text]En cas de probl\u00e8me ou de r\u00e9clamation au titre de la garantie avec l&rsquo;un de nos articles, nous vous sugg\u00e9rons de contacter au pr\u00e9alable l&rsquo;entit\u00e9 [&hellip;]\" \/>\n<meta property=\"og:url\" content=\"https:\/\/jormax.com\/fr\/assistance-technique\/\" \/>\n<meta property=\"og:site_name\" content=\"Jormax - F\u00e1brica de Escadas e Escadotes\" \/>\n<meta property=\"article:publisher\" content=\"https:\/\/www.facebook.com\/jormaxportugal\/\" \/>\n<meta property=\"article:modified_time\" content=\"2019-12-06T18:24:29+00:00\" \/>\n<meta property=\"og:image\" content=\"https:\/\/jormax.com\/wp-content\/uploads\/2019\/12\/logotipo-jormax-cor-stickymenu.png\" \/>\n\t<meta property=\"og:image:width\" content=\"235\" \/>\n\t<meta property=\"og:image:height\" content=\"59\" \/>\n\t<meta property=\"og:image:type\" content=\"image\/png\" \/>\n<meta name=\"twitter:card\" content=\"summary_large_image\" \/>\n<meta name=\"twitter:label1\" content=\"Dur\u00e9e de lecture estim\u00e9e\" \/>\n\t<meta name=\"twitter:data1\" content=\"2 minutes\" \/>\n<script type=\"application\/ld+json\" class=\"yoast-schema-graph\">{\"@context\":\"https:\/\/schema.org\",\"@graph\":[{\"@type\":\"WebPage\",\"@id\":\"https:\/\/jormax.com\/fr\/assistance-technique\/\",\"url\":\"https:\/\/jormax.com\/fr\/assistance-technique\/\",\"name\":\"Assistance Technique - Jormax - F\u00e1brica de Escadas e Escadotes\",\"isPartOf\":{\"@id\":\"https:\/\/jormax.com\/fr\/#website\"},\"datePublished\":\"2019-11-18T09:55:28+00:00\",\"dateModified\":\"2019-12-06T18:24:29+00:00\",\"breadcrumb\":{\"@id\":\"https:\/\/jormax.com\/fr\/assistance-technique\/#breadcrumb\"},\"inLanguage\":\"fr-FR\",\"potentialAction\":[{\"@type\":\"ReadAction\",\"target\":[\"https:\/\/jormax.com\/fr\/assistance-technique\/\"]}]},{\"@type\":\"BreadcrumbList\",\"@id\":\"https:\/\/jormax.com\/fr\/assistance-technique\/#breadcrumb\",\"itemListElement\":[{\"@type\":\"ListItem\",\"position\":1,\"name\":\"In\u00edcio\",\"item\":\"https:\/\/jormax.com\/fr\/\"},{\"@type\":\"ListItem\",\"position\":2,\"name\":\"Assistance Technique\"}]},{\"@type\":\"WebSite\",\"@id\":\"https:\/\/jormax.com\/fr\/#website\",\"url\":\"https:\/\/jormax.com\/fr\/\",\"name\":\"Jormax - F\u00e1brica de Escadas e Escadotes\",\"description\":\"Fabricante de escadas, escadotes, andaimes, plataformas e solu\u00e7\u00f5es \u00e0 medida em alum\u00ednio e fibra de vidro certificados. F\u00e1brica com sede em Portugal.\",\"publisher\":{\"@id\":\"https:\/\/jormax.com\/fr\/#organization\"},\"potentialAction\":[{\"@type\":\"SearchAction\",\"target\":{\"@type\":\"EntryPoint\",\"urlTemplate\":\"https:\/\/jormax.com\/fr\/?s={search_term_string}\"},\"query-input\":{\"@type\":\"PropertyValueSpecification\",\"valueRequired\":true,\"valueName\":\"search_term_string\"}}],\"inLanguage\":\"fr-FR\"},{\"@type\":\"Organization\",\"@id\":\"https:\/\/jormax.com\/fr\/#organization\",\"name\":\"Jormax - Fabricant d' \u00c9chelles, Escabeau et \u00c9chafaudages\",\"url\":\"https:\/\/jormax.com\/fr\/\",\"logo\":{\"@type\":\"ImageObject\",\"inLanguage\":\"fr-FR\",\"@id\":\"https:\/\/jormax.com\/fr\/#\/schema\/logo\/image\/\",\"url\":\"http:\/\/jormax.com\/wp-content\/uploads\/2019\/12\/logotipo-jormax-cor-stickymenu.png\",\"contentUrl\":\"http:\/\/jormax.com\/wp-content\/uploads\/2019\/12\/logotipo-jormax-cor-stickymenu.png\",\"width\":235,\"height\":59,\"caption\":\"Jormax - Fabricant d' \u00c9chelles, Escabeau et \u00c9chafaudages\"},\"image\":{\"@id\":\"https:\/\/jormax.com\/fr\/#\/schema\/logo\/image\/\"},\"sameAs\":[\"https:\/\/www.facebook.com\/jormaxportugal\/\"]}]}<\/script>\n<!-- \/ Yoast SEO plugin. -->","yoast_head_json":{"title":"Assistance Technique - Jormax - F\u00e1brica de Escadas e Escadotes","robots":{"index":"index","follow":"follow","max-snippet":"max-snippet:-1","max-image-preview":"max-image-preview:large","max-video-preview":"max-video-preview:-1"},"canonical":"https:\/\/jormax.com\/fr\/assistance-technique\/","og_locale":"fr_FR","og_type":"article","og_title":"Assistance Technique - Jormax - F\u00e1brica de Escadas e Escadotes","og_description":"[vc_row][vc_column width=\u00a0\u00bb1\/2&Prime;][vc_custom_heading text=\u00a0\u00bbQUEL QUE SOIT LE PROBLEME, NOUS SOMMES LA POUR LE RESOUDRE!\u00a0\u00bb font_container=\u00a0\u00bbtag:h6|font_size:15px|text_align:left|line_height:24px\u00a0\u00bb google_fonts=\u00a0\u00bbfont_family:Exo%3A100%2C100italic%2C200%2C200italic%2C300%2C300italic%2Cregular%2Citalic%2C500%2C500italic%2C600%2C600italic%2C700%2C700italic%2C800%2C800italic%2C900%2C900italic|font_style:400%20italic%3A400%3Aitalic\u00a0\u00bb custom_css=\u00a0\u00bbletter-spacing: 0.08em;\u00a0\u00bb css=\u00a0\u00bb.vc_custom_1555326976953{margin-bottom: 5px !important;}\u00a0\u00bb el_class=\u00a0\u00bbtb-extratext-1 bt-color-main tb-icon\u00a0\u00bb][vc_custom_heading text=\u00a0\u00bbBESOIN D&rsquo;AIDE?\u00a0\u00bb font_container=\u00a0\u00bbtag:h3|font_size:26px|text_align:left|color:%23454545|line_height:36px\u00a0\u00bb use_theme_fonts=\u00a0\u00bbyes\u00a0\u00bb el_class=\u00a0\u00bbbt-poppins-font\u00a0\u00bb css=\u00a0\u00bb.vc_custom_1555322002129{margin-bottom: 15px !important;}\u00a0\u00bb][vc_empty_space][vc_column_text]En cas de probl\u00e8me ou de r\u00e9clamation au titre de la garantie avec l&rsquo;un de nos articles, nous vous sugg\u00e9rons de contacter au pr\u00e9alable l&rsquo;entit\u00e9 [&hellip;]","og_url":"https:\/\/jormax.com\/fr\/assistance-technique\/","og_site_name":"Jormax - F\u00e1brica de Escadas e Escadotes","article_publisher":"https:\/\/www.facebook.com\/jormaxportugal\/","article_modified_time":"2019-12-06T18:24:29+00:00","og_image":[{"width":235,"height":59,"url":"https:\/\/jormax.com\/wp-content\/uploads\/2019\/12\/logotipo-jormax-cor-stickymenu.png","type":"image\/png"}],"twitter_card":"summary_large_image","twitter_misc":{"Dur\u00e9e de lecture estim\u00e9e":"2 minutes"},"schema":{"@context":"https:\/\/schema.org","@graph":[{"@type":"WebPage","@id":"https:\/\/jormax.com\/fr\/assistance-technique\/","url":"https:\/\/jormax.com\/fr\/assistance-technique\/","name":"Assistance Technique - Jormax - F\u00e1brica de Escadas e Escadotes","isPartOf":{"@id":"https:\/\/jormax.com\/fr\/#website"},"datePublished":"2019-11-18T09:55:28+00:00","dateModified":"2019-12-06T18:24:29+00:00","breadcrumb":{"@id":"https:\/\/jormax.com\/fr\/assistance-technique\/#breadcrumb"},"inLanguage":"fr-FR","potentialAction":[{"@type":"ReadAction","target":["https:\/\/jormax.com\/fr\/assistance-technique\/"]}]},{"@type":"BreadcrumbList","@id":"https:\/\/jormax.com\/fr\/assistance-technique\/#breadcrumb","itemListElement":[{"@type":"ListItem","position":1,"name":"In\u00edcio","item":"https:\/\/jormax.com\/fr\/"},{"@type":"ListItem","position":2,"name":"Assistance Technique"}]},{"@type":"WebSite","@id":"https:\/\/jormax.com\/fr\/#website","url":"https:\/\/jormax.com\/fr\/","name":"Jormax - F\u00e1brica de Escadas e Escadotes","description":"Fabricante de escadas, escadotes, andaimes, plataformas e solu\u00e7\u00f5es \u00e0 medida em alum\u00ednio e fibra de vidro certificados. F\u00e1brica com sede em Portugal.","publisher":{"@id":"https:\/\/jormax.com\/fr\/#organization"},"potentialAction":[{"@type":"SearchAction","target":{"@type":"EntryPoint","urlTemplate":"https:\/\/jormax.com\/fr\/?s={search_term_string}"},"query-input":{"@type":"PropertyValueSpecification","valueRequired":true,"valueName":"search_term_string"}}],"inLanguage":"fr-FR"},{"@type":"Organization","@id":"https:\/\/jormax.com\/fr\/#organization","name":"Jormax - Fabricant d' \u00c9chelles, Escabeau et \u00c9chafaudages","url":"https:\/\/jormax.com\/fr\/","logo":{"@type":"ImageObject","inLanguage":"fr-FR","@id":"https:\/\/jormax.com\/fr\/#\/schema\/logo\/image\/","url":"http:\/\/jormax.com\/wp-content\/uploads\/2019\/12\/logotipo-jormax-cor-stickymenu.png","contentUrl":"http:\/\/jormax.com\/wp-content\/uploads\/2019\/12\/logotipo-jormax-cor-stickymenu.png","width":235,"height":59,"caption":"Jormax - Fabricant d' \u00c9chelles, Escabeau et \u00c9chafaudages"},"image":{"@id":"https:\/\/jormax.com\/fr\/#\/schema\/logo\/image\/"},"sameAs":["https:\/\/www.facebook.com\/jormaxportugal\/"]}]}},"_links":{"self":[{"href":"https:\/\/jormax.com\/fr\/wp-json\/wp\/v2\/pages\/8640","targetHints":{"allow":["GET"]}}],"collection":[{"href":"https:\/\/jormax.com\/fr\/wp-json\/wp\/v2\/pages"}],"about":[{"href":"https:\/\/jormax.com\/fr\/wp-json\/wp\/v2\/types\/page"}],"author":[{"embeddable":true,"href":"https:\/\/jormax.com\/fr\/wp-json\/wp\/v2\/users\/2"}],"replies":[{"embeddable":true,"href":"https:\/\/jormax.com\/fr\/wp-json\/wp\/v2\/comments?post=8640"}],"version-history":[{"count":0,"href":"https:\/\/jormax.com\/fr\/wp-json\/wp\/v2\/pages\/8640\/revisions"}],"wp:attachment":[{"href":"https:\/\/jormax.com\/fr\/wp-json\/wp\/v2\/media?parent=8640"}],"curies":[{"name":"wp","href":"https:\/\/api.w.org\/{rel}","templated":true}]}}