{"id":8217,"date":"2019-11-15T10:54:24","date_gmt":"2019-11-15T10:54:24","guid":{"rendered":"https:\/\/www.jormax.com\/a-propos-de-nous\/"},"modified":"2020-01-21T10:43:20","modified_gmt":"2020-01-21T10:43:20","slug":"a-propos-de-nous","status":"publish","type":"page","link":"https:\/\/jormax.com\/fr\/a-propos-de-nous\/","title":{"rendered":"\u00c0 propos de nous"},"content":{"rendered":"<div class=\"wpb-content-wrapper\"><p>[vc_row css=\u00a0\u00bb.vc_custom_1463544134166{padding-bottom: 60px !important;background-position: center !important;background-repeat: no-repeat !important;background-size: cover !important;}\u00a0\u00bb][vc_column offset=\u00a0\u00bbvc_col-lg-7 vc_col-md-7&Prime;][vc_empty_space height=\u00a0\u00bb60px\u00a0\u00bb el_class=\u00a0\u00bbhidden-xs hidden-sm hidden-md\u00a0\u00bb][vc_custom_heading text=\u00a0\u00bbNOUS AVONS LA SOLUTION\u00a0\u00bb font_container=\u00a0\u00bbtag:h6|font_size:17px|text_align:left|line_height:24px\u00a0\u00bb google_fonts=\u00a0\u00bbfont_family:Exo%3A100%2C100italic%2C200%2C200italic%2C300%2C300italic%2Cregular%2Citalic%2C500%2C500italic%2C600%2C600italic%2C700%2C700italic%2C800%2C800italic%2C900%2C900italic|font_style:400%20italic%3A400%3Aitalic\u00a0\u00bb el_class=\u00a0\u00bbtb-extratext-1 bt-color-main tb-icon\u00a0\u00bb css=\u00a0\u00bb.vc_custom_1555326513552{margin-bottom: 10px !important;}\u00a0\u00bb][vc_custom_heading text=\u00a0\u00bbPERSONNALIT\u00c9 JORMAX\u00a0\u00bb font_container=\u00a0\u00bbtag:h3|font_size:26px|text_align:left|color:%23454545|line_height:36px\u00a0\u00bb use_theme_fonts=\u00a0\u00bbyes\u00a0\u00bb el_class=\u00a0\u00bbbt-poppins-font\u00a0\u00bb css=\u00a0\u00bb.vc_custom_1555321517776{margin-bottom: 15px !important;}\u00a0\u00bb][vc_column_text css=\u00a0\u00bb.vc_custom_1579603059760{margin-bottom: 60px !important;}\u00a0\u00bb]<\/p>\n<p class=\"bt-default-font-main\" style=\"font-size: 15px; line-height: 30px; letter-spacing: 0.05em; color: #646464;\">Nous sommes une industrie avec 100% de capital portugais et une structure familiale. Avec plus de 40 ans d&rsquo;histoire, nous avons d\u00e9j\u00e0 consolid\u00e9 notre position de leader dans la fabrication d&rsquo;\u00e9quipements d&rsquo;acc\u00e8s \u00e9lev\u00e9. Nos produits ont \u00e9t\u00e9 d\u00e9velopp\u00e9s principalement pour le march\u00e9 europ\u00e9en.<\/p>\n<p>&nbsp;<\/p>\n<p class=\"bt-default-font-main\" style=\"font-size: 15px; line-height: 30px; letter-spacing: 0.05em; color: #646464;\">Les solutions d&rsquo;\u00e9quipement d&rsquo;acc\u00e8s en hauteur Jormax s&rsquo;adaptent \u00e0 tous les environnements et contextes. Nous disposons de cha\u00eenes de montage d\u00e9di\u00e9es \u00e0 la fabrication d\u2019\u00e9chelles, d\u2019escaliers, d\u2019\u00e9chafaudages, de tours, de plates-formes et de divers accessoires en aluminium.<\/p>\n<p>[\/vc_column_text][vc_btn title=\u00a0\u00bbConna\u00eetre notre histoire\u00a0\u00bb link=\u00a0\u00bburl:https%3A%2F%2Fjormax.com%2Ffr%2Fhistoire-jormax%2F|title:Histoire%20Jormax||\u00a0\u00bb el_class=\u00a0\u00bbbt-btn-readmore hvr-float-shadow\u00a0\u00bb][\/vc_column][vc_column offset=\u00a0\u00bbvc_col-lg-5 vc_col-md-5&Prime; css=\u00a0\u00bb.vc_custom_1571755693122{padding-top: 65px !important;}\u00a0\u00bb][vc_single_image image=\u00a0\u00bb8228&Prime; img_size=\u00a0\u00bbfull\u00a0\u00bb alignment=\u00a0\u00bbcenter\u00a0\u00bb css=\u00a0\u00bb.vc_custom_1571755579815{margin-bottom: 0px !important;}\u00a0\u00bb][\/vc_column][\/vc_row][vc_row full_width=\u00a0\u00bbstretch_row\u00a0\u00bb bt_bg_fixed=\u00a0\u00bbtrue\u00a0\u00bb css=\u00a0\u00bb.vc_custom_1571754794342{padding-top: 90px !important;padding-bottom: 90px !important;background-image: url(http:\/\/jormax.com\/wp-content\/uploads\/2019\/10\/quem-somos-paralax-jormax.jpg?id=5635) !important;background-position: center !important;background-repeat: no-repeat !important;background-size: cover !important;}\u00a0\u00bb el_class=\u00a0\u00bbbt-user-oriented-section\u00a0\u00bb el_id=\u00a0\u00bbpersonalidade-jormax\u00a0\u00bb][vc_column offset=\u00a0\u00bbvc_col-lg-offset-6 vc_col-lg-6 vc_col-md-offset-4 vc_col-md-8&Prime; css=\u00a0\u00bb.vc_custom_1571755038779{background-color: rgba(40,40,40,0.59) !important;background-position: center !important;background-repeat: no-repeat !important;background-size: cover !important;*background-color: rgb(40,40,40) !important;}\u00a0\u00bb][vc_custom_heading text=\u00a0\u00bbL&rsquo;EQUIPE RASSEMBLE L&rsquo;EXPERIENCE ET LE SAVOIR-FAIRE ACQUIS AU COURS DE PLUS DE QUATRE DECENNIES.\u00a0\u00bb font_container=\u00a0\u00bbtag:h6|font_size:17px|text_align:left|line_height:24px\u00a0\u00bb google_fonts=\u00a0\u00bbfont_family:Exo%3A100%2C100italic%2C200%2C200italic%2C300%2C300italic%2Cregular%2Citalic%2C500%2C500italic%2C600%2C600italic%2C700%2C700italic%2C800%2C800italic%2C900%2C900italic|font_style:400%20italic%3A400%3Aitalic\u00a0\u00bb el_class=\u00a0\u00bbtb-extratext-1 bt-color-main tb-icon\u00a0\u00bb css=\u00a0\u00bb.vc_custom_1555326527847{margin-bottom: 10px !important;}\u00a0\u00bb][vc_custom_heading text=\u00a0\u00bbNous fabriquons des escaliers et des \u00e9chelles depuis plus de 40 ans.\u00a0\u00bb font_container=\u00a0\u00bbtag:h3|font_size:40px|text_align:left|color:%23ffffff|line_height:46px\u00a0\u00bb use_theme_fonts=\u00a0\u00bbyes\u00a0\u00bb el_class=\u00a0\u00bbbt-poppins-font\u00a0\u00bb css=\u00a0\u00bb.vc_custom_1555326040963{margin-bottom: 25px !important;}\u00a0\u00bb][vc_column_text]<\/p>\n<p style=\"font-size: 15px; line-height: 28px; letter-spacing: 0.08em; color: #cccccc;\">L&rsquo;\u00e9quipe rassemble l&rsquo;exp\u00e9rience et le savoir-faire acquis au cours de plus de quatre d\u00e9cennies. Notre peuple fait partie de notre histoire. Nous tirons parti de votre capital humain et cherchons \u00e0 \u00eatre motiv\u00e9s et \u00e0 faire partie de notre culture.<\/p>\n<p>[\/vc_column_text][vc_column_text]<\/p>\n<p style=\"font-size: 15px; line-height: 28px; letter-spacing: 0.08em; color: #cccccc;\">Nous travaillons pour r\u00e9pondre aux besoins de nos clients. Nous avons cr\u00e9\u00e9 un d\u00e9partement ind\u00e9pendant qui travaille exclusivement \u00e0 la conception, \u00e0 la fabrication et au lancement de solutions industrielles sur mesure.<\/p>\n<p>[\/vc_column_text][vc_column_text]<\/p>\n<p style=\"font-size: 15px; line-height: 28px; letter-spacing: 0.08em; color: #cccccc;\">Nous fabriquons des escaliers et des \u00e9chelles pour une utilisation domestique et professionnelle depuis plus de 40 ans. En aluminium ou en fibre de verre, nous avons les solutions d&rsquo;acc\u00e8s dont vous avez besoin pour votre projet.<\/p>\n<p>[\/vc_column_text][\/vc_column][\/vc_row][vc_row css=\u00a0\u00bb.vc_custom_1551370061908{padding-top: 90px !important;}\u00a0\u00bb][vc_column][vc_custom_heading text=\u00a0\u00bbPHILOSOPHIE D&rsquo;ENTREPRISE\u00a0\u00bb font_container=\u00a0\u00bbtag:h3|font_size:35px|text_align:center|color:%23393838|line_height:38px\u00a0\u00bb use_theme_fonts=\u00a0\u00bbyes\u00a0\u00bb el_class=\u00a0\u00bbbt-poppins-font\u00a0\u00bb css=\u00a0\u00bb.vc_custom_1555321540687{margin-bottom: 10px !important;}\u00a0\u00bb][vc_custom_heading text=\u00a0\u00bbNotre gestion repose sur la rigueur, la discipline et la transparence.\u00a0\u00bb font_container=\u00a0\u00bbtag:div|font_size:16px|text_align:center|color:%23929292|line_height:24px\u00a0\u00bb use_theme_fonts=\u00a0\u00bbyes\u00a0\u00bb el_class=\u00a0\u00bbbt-poppins-font bt-subtext\u00a0\u00bb css=\u00a0\u00bb.vc_custom_1551369565138{margin-bottom: 50px !important;}\u00a0\u00bb][\/vc_column][\/vc_row][vc_row css=\u00a0\u00bb.vc_custom_1551370071614{margin-top: -50px !important;}\u00a0\u00bb][vc_column width=\u00a0\u00bb2\/3&Prime;][vc_tta_accordion c_position=\u00a0\u00bbright\u00a0\u00bb active_section=\u00a0\u00bb1&Prime; el_class=\u00a0\u00bbbt-accordion-style3&Prime;][vc_tta_section title=\u00a0\u00bbNotre gestion repose sur la rigueur, la discipline et la transparence.\u00a0\u00bb tab_id=\u00a0\u00bb1460948534638-028e4321-65a2&Prime;][vc_column_text]<\/p>\n<div class=\"bt-default-font-main\" style=\"font-size: 14px; line-height: 24px; letter-spacing: 0.05em;\">\n<p>Un investissement permanent dans des technologies de pointe refl\u00e8te notre engagement en faveur de la qualit\u00e9 des produits et de l&rsquo;innovation. Nous sommes le principal fabricant et fournisseur d\u2019\u00e9quipements d\u2019acc\u00e8s sur le march\u00e9 ib\u00e9rique (Portugal et Espagne).<\/p>\n<p>Tout ce que nous d\u00e9veloppons et construisons int\u00e8gre les technologies les plus vari\u00e9es et n\u00e9cessite une ma\u00eetrise de la fabrication et du contr\u00f4le des processus pour assurer une efficacit\u00e9 maximale.<\/p>\n<p>Sur un march\u00e9 aux exigences \u00e9lev\u00e9es, le choix de travailler avec un fournisseur est une question de confiance. Notre histoire et nos relations solides et durables avec nos clients sont des preuves sociales de cette reconnaissance.<\/p>\n<p>Nous mettons l&rsquo;accent sur la qualit\u00e9, la performance, la flexibilit\u00e9 et le support client. Pour assurer la qualit\u00e9, en plus des processus internes, tous nos articles sont certifi\u00e9s conformes aux normes europ\u00e9ennes, \u00e0 savoir et plus particuli\u00e8rement aux normes EN131, EN1004, EN14183 et EN14122.<\/p>\n<p>Jormax poss\u00e8de actuellement une gamme d&rsquo;articles d\u00e9passant 200 mod\u00e8les. La diversit\u00e9 de nos produits permet de trouver les bonnes r\u00e9ponses pour tous les usages, de l\u2019acc\u00e8s aux solutions industrielles avec des caract\u00e9ristiques industrielles aux solutions professionnelles et domestiques.<\/p><\/div>\n<p>[\/vc_column_text][\/vc_tta_section][\/vc_tta_accordion][\/vc_column][vc_column width=\u00a0\u00bb1\/3&Prime;][vc_tta_tabs active_section=\u00a0\u00bb1&Prime; el_class=\u00a0\u00bbbt-tabs-style3&Prime;][vc_tta_section i_icon_fontawesome=\u00a0\u00bbfa fa-diamond\u00a0\u00bb add_icon=\u00a0\u00bbtrue\u00a0\u00bb title=\u00a0\u00bbNotre histoire\u00a0\u00bb tab_id=\u00a0\u00bb1551369787615-95a5c397-ccbe\u00a0\u00bb][vc_column_text]<\/p>\n<div class=\"bt-default-font-main\" style=\"font-size: 14px; line-height: 24px; letter-spacing: 0.05em;\">\u00bb Fondation: 1978, Rio Me\u00e3o &#8211; Portugal<br \/>\n\u00bb 1992 \u2013 D\u00e9but de la production d&rsquo;escaliers en aluminium<br \/>\n\u00bb 2003 \u2013 Agrandissement des installations et acquisition d&rsquo;une nouvelle ligne de production<br \/>\n\u00bb 2014 \u2013 Jormax devient une entreprise certifi\u00e9e TUV conforme aux normes europ\u00e9ennes.<br \/>\n\u00bb 2018 \u2013 Repositionnement du march\u00e9 et renforcement de la marque<\/div>\n<p>[\/vc_column_text][vc_btn title=\u00a0\u00bbVoir plus\u00a0\u00bb align=\u00a0\u00bbcenter\u00a0\u00bb link=\u00a0\u00bburl:https%3A%2F%2Fjormax.com%2Ffr%2Fhistoire-jormax%2F|title:Histoire%20Jormax||\u00a0\u00bb el_class=\u00a0\u00bbbt-btn-readmore hvr-float-shadow\u00a0\u00bb][\/vc_tta_section][vc_tta_section i_icon_fontawesome=\u00a0\u00bbfa fa-modx\u00a0\u00bb add_icon=\u00a0\u00bbtrue\u00a0\u00bb title=\u00a0\u00bbChiffres et faits\u00a0\u00bb tab_id=\u00a0\u00bb1551369787678-0034d0f3-b401&Prime;][vc_column_text]<\/p>\n<div class=\"bt-default-font-main\" style=\"font-size: 14px; line-height: 24px; letter-spacing: 0.05em;\">\u00bb Entreprise certifi\u00e9e<br \/>\n\u00bb 100% portugais<br \/>\n\u00bb + 40 ans d&rsquo;exp\u00e9rience<br \/>\n\u00bb + 200 mod\u00e8les<br \/>\n\u00bb + 5000 produits en stock<br \/>\n\u00bb + 10000 clients<\/div>\n<p>[\/vc_column_text][vc_btn title=\u00a0\u00bbVoir plus\u00a0\u00bb align=\u00a0\u00bbcenter\u00a0\u00bb link=\u00a0\u00bburl:https%3A%2F%2Fjormax.com%2Ffr%2Fhistoire-jormax%2F|title:Histoire%20Jormax||\u00a0\u00bb el_class=\u00a0\u00bbbt-btn-readmore hvr-float-shadow\u00a0\u00bb][\/vc_tta_section][\/vc_tta_tabs][\/vc_column][\/vc_row][vc_row css=\u00a0\u00bb.vc_custom_1551371427534{margin-top: 50px !important;padding-top: 40px !important;padding-bottom: 30px !important;background-color: #d60f17 !important;}\u00a0\u00bb][vc_column width=\u00a0\u00bb1\/6&Prime;][\/vc_column][vc_column width=\u00a0\u00bb2\/3&Prime;][vc_custom_heading text=\u00a0\u00bbNous avons la solution que vous recherchez!\u00a0\u00bb font_container=\u00a0\u00bbtag:h4|font_size:40px|text_align:center|color:%23ffffff|line_height:46px\u00a0\u00bb use_theme_fonts=\u00a0\u00bbyes\u00a0\u00bb el_class=\u00a0\u00bbbt-poppins-font\u00a0\u00bb css=\u00a0\u00bb.vc_custom_1551371312543{margin-bottom: 15px !important;}\u00a0\u00bb][vc_empty_space height=\u00a0\u00bb15px\u00a0\u00bb][vc_row_inner][vc_column_inner width=\u00a0\u00bb1\/3&Prime;][\/vc_column_inner][vc_column_inner width=\u00a0\u00bb1\/3&Prime;][vc_btn title=\u00a0\u00bbVoir les produits\u00a0\u00bb style=\u00a0\u00bbclassic\u00a0\u00bb shape=\u00a0\u00bbsquare\u00a0\u00bb color=\u00a0\u00bbblack\u00a0\u00bb align=\u00a0\u00bbcenter\u00a0\u00bb el_class=\u00a0\u00bbbt-btn-buy-our-product hvr-float-shadow\u00a0\u00bb link=\u00a0\u00bburl:https%3A%2F%2Fjormax.com%2Ffr%2Fproduits-jormax%2F|title:Voir%20tous%20les%20produits||\u00a0\u00bb][\/vc_column_inner][vc_column_inner width=\u00a0\u00bb1\/3&Prime;][\/vc_column_inner][\/vc_row_inner][\/vc_column][vc_column width=\u00a0\u00bb1\/6&Prime;][\/vc_column][\/vc_row]<\/p>\n<\/div>","protected":false},"excerpt":{"rendered":"<p>[vc_row css=\u00a0\u00bb.vc_custom_1463544134166{padding-bottom: 60px !important;background-position: center !important;background-repeat: no-repeat !important;background-size: cover !important;}\u00a0\u00bb][vc_column offset=\u00a0\u00bbvc_col-lg-7 vc_col-md-7&Prime;][vc_empty_space height=\u00a0\u00bb60px\u00a0\u00bb el_class=\u00a0\u00bbhidden-xs hidden-sm hidden-md\u00a0\u00bb][vc_custom_heading text=\u00a0\u00bbNOUS AVONS LA SOLUTION\u00a0\u00bb font_container=\u00a0\u00bbtag:h6|font_size:17px|text_align:left|line_height:24px\u00a0\u00bb google_fonts=\u00a0\u00bbfont_family:Exo%3A100%2C100italic%2C200%2C200italic%2C300%2C300italic%2Cregular%2Citalic%2C500%2C500italic%2C600%2C600italic%2C700%2C700italic%2C800%2C800italic%2C900%2C900italic|font_style:400%20italic%3A400%3Aitalic\u00a0\u00bb el_class=\u00a0\u00bbtb-extratext-1 bt-color-main tb-icon\u00a0\u00bb css=\u00a0\u00bb.vc_custom_1555326513552{margin-bottom: 10px !important;}\u00a0\u00bb][vc_custom_heading text=\u00a0\u00bbPERSONNALIT\u00c9 JORMAX\u00a0\u00bb font_container=\u00a0\u00bbtag:h3|font_size:26px|text_align:left|color:%23454545|line_height:36px\u00a0\u00bb use_theme_fonts=\u00a0\u00bbyes\u00a0\u00bb el_class=\u00a0\u00bbbt-poppins-font\u00a0\u00bb css=\u00a0\u00bb.vc_custom_1555321517776{margin-bottom: 15px !important;}\u00a0\u00bb][vc_column_text css=\u00a0\u00bb.vc_custom_1579603059760{margin-bottom: 60px !important;}\u00a0\u00bb] Nous sommes une industrie avec 100% de capital portugais et une structure familiale. Avec plus de [&hellip;]<\/p>\n","protected":false},"author":2,"featured_media":0,"parent":0,"menu_order":72,"comment_status":"closed","ping_status":"closed","template":"","meta":{"footnotes":""},"class_list":["post-8217","page","type-page","status-publish","hentry"],"yoast_head":"<!-- This site is optimized with the Yoast SEO plugin v24.5 - https:\/\/yoast.com\/wordpress\/plugins\/seo\/ -->\n<title>\u00c0 propos de nous - Jormax - F\u00e1brica de Escadas e Escadotes<\/title>\n<meta name=\"robots\" content=\"index, follow, max-snippet:-1, max-image-preview:large, max-video-preview:-1\" \/>\n<link rel=\"canonical\" href=\"https:\/\/jormax.com\/fr\/a-propos-de-nous\/\" \/>\n<meta property=\"og:locale\" content=\"fr_FR\" \/>\n<meta property=\"og:type\" content=\"article\" \/>\n<meta property=\"og:title\" content=\"\u00c0 propos de nous - Jormax - F\u00e1brica de Escadas e Escadotes\" \/>\n<meta property=\"og:description\" content=\"[vc_row css=\u00a0\u00bb.vc_custom_1463544134166{padding-bottom: 60px !important;background-position: center !important;background-repeat: no-repeat !important;background-size: cover !important;}\u00a0\u00bb][vc_column offset=\u00a0\u00bbvc_col-lg-7 vc_col-md-7&Prime;][vc_empty_space height=\u00a0\u00bb60px\u00a0\u00bb el_class=\u00a0\u00bbhidden-xs hidden-sm hidden-md\u00a0\u00bb][vc_custom_heading text=\u00a0\u00bbNOUS AVONS LA SOLUTION\u00a0\u00bb font_container=\u00a0\u00bbtag:h6|font_size:17px|text_align:left|line_height:24px\u00a0\u00bb google_fonts=\u00a0\u00bbfont_family:Exo%3A100%2C100italic%2C200%2C200italic%2C300%2C300italic%2Cregular%2Citalic%2C500%2C500italic%2C600%2C600italic%2C700%2C700italic%2C800%2C800italic%2C900%2C900italic|font_style:400%20italic%3A400%3Aitalic\u00a0\u00bb el_class=\u00a0\u00bbtb-extratext-1 bt-color-main tb-icon\u00a0\u00bb css=\u00a0\u00bb.vc_custom_1555326513552{margin-bottom: 10px !important;}\u00a0\u00bb][vc_custom_heading text=\u00a0\u00bbPERSONNALIT\u00c9 JORMAX\u00a0\u00bb font_container=\u00a0\u00bbtag:h3|font_size:26px|text_align:left|color:%23454545|line_height:36px\u00a0\u00bb use_theme_fonts=\u00a0\u00bbyes\u00a0\u00bb el_class=\u00a0\u00bbbt-poppins-font\u00a0\u00bb css=\u00a0\u00bb.vc_custom_1555321517776{margin-bottom: 15px !important;}\u00a0\u00bb][vc_column_text css=\u00a0\u00bb.vc_custom_1579603059760{margin-bottom: 60px !important;}\u00a0\u00bb] Nous sommes une industrie avec 100% de capital portugais et une structure familiale. Avec plus de [&hellip;]\" \/>\n<meta property=\"og:url\" content=\"https:\/\/jormax.com\/fr\/a-propos-de-nous\/\" \/>\n<meta property=\"og:site_name\" content=\"Jormax - F\u00e1brica de Escadas e Escadotes\" \/>\n<meta property=\"article:publisher\" content=\"https:\/\/www.facebook.com\/jormaxportugal\/\" \/>\n<meta property=\"article:modified_time\" content=\"2020-01-21T10:43:20+00:00\" \/>\n<meta property=\"og:image\" content=\"https:\/\/jormax.com\/wp-content\/uploads\/2019\/12\/logotipo-jormax-cor-stickymenu.png\" \/>\n\t<meta property=\"og:image:width\" content=\"235\" \/>\n\t<meta property=\"og:image:height\" content=\"59\" \/>\n\t<meta property=\"og:image:type\" content=\"image\/png\" \/>\n<meta name=\"twitter:card\" content=\"summary_large_image\" \/>\n<meta name=\"twitter:label1\" content=\"Dur\u00e9e de lecture estim\u00e9e\" \/>\n\t<meta name=\"twitter:data1\" content=\"6 minutes\" \/>\n<script type=\"application\/ld+json\" class=\"yoast-schema-graph\">{\"@context\":\"https:\/\/schema.org\",\"@graph\":[{\"@type\":\"WebPage\",\"@id\":\"https:\/\/jormax.com\/fr\/a-propos-de-nous\/\",\"url\":\"https:\/\/jormax.com\/fr\/a-propos-de-nous\/\",\"name\":\"\u00c0 propos de nous - Jormax - F\u00e1brica de Escadas e Escadotes\",\"isPartOf\":{\"@id\":\"https:\/\/jormax.com\/fr\/#website\"},\"datePublished\":\"2019-11-15T10:54:24+00:00\",\"dateModified\":\"2020-01-21T10:43:20+00:00\",\"breadcrumb\":{\"@id\":\"https:\/\/jormax.com\/fr\/a-propos-de-nous\/#breadcrumb\"},\"inLanguage\":\"fr-FR\",\"potentialAction\":[{\"@type\":\"ReadAction\",\"target\":[\"https:\/\/jormax.com\/fr\/a-propos-de-nous\/\"]}]},{\"@type\":\"BreadcrumbList\",\"@id\":\"https:\/\/jormax.com\/fr\/a-propos-de-nous\/#breadcrumb\",\"itemListElement\":[{\"@type\":\"ListItem\",\"position\":1,\"name\":\"In\u00edcio\",\"item\":\"https:\/\/jormax.com\/fr\/\"},{\"@type\":\"ListItem\",\"position\":2,\"name\":\"\u00c0 propos de nous\"}]},{\"@type\":\"WebSite\",\"@id\":\"https:\/\/jormax.com\/fr\/#website\",\"url\":\"https:\/\/jormax.com\/fr\/\",\"name\":\"Jormax - F\u00e1brica de Escadas e Escadotes\",\"description\":\"Fabricante de escadas, escadotes, andaimes, plataformas e solu\u00e7\u00f5es \u00e0 medida em alum\u00ednio e fibra de vidro certificados. F\u00e1brica com sede em Portugal.\",\"publisher\":{\"@id\":\"https:\/\/jormax.com\/fr\/#organization\"},\"potentialAction\":[{\"@type\":\"SearchAction\",\"target\":{\"@type\":\"EntryPoint\",\"urlTemplate\":\"https:\/\/jormax.com\/fr\/?s={search_term_string}\"},\"query-input\":{\"@type\":\"PropertyValueSpecification\",\"valueRequired\":true,\"valueName\":\"search_term_string\"}}],\"inLanguage\":\"fr-FR\"},{\"@type\":\"Organization\",\"@id\":\"https:\/\/jormax.com\/fr\/#organization\",\"name\":\"Jormax - Fabricant d' \u00c9chelles, Escabeau et \u00c9chafaudages\",\"url\":\"https:\/\/jormax.com\/fr\/\",\"logo\":{\"@type\":\"ImageObject\",\"inLanguage\":\"fr-FR\",\"@id\":\"https:\/\/jormax.com\/fr\/#\/schema\/logo\/image\/\",\"url\":\"http:\/\/jormax.com\/wp-content\/uploads\/2019\/12\/logotipo-jormax-cor-stickymenu.png\",\"contentUrl\":\"http:\/\/jormax.com\/wp-content\/uploads\/2019\/12\/logotipo-jormax-cor-stickymenu.png\",\"width\":235,\"height\":59,\"caption\":\"Jormax - Fabricant d' \u00c9chelles, Escabeau et \u00c9chafaudages\"},\"image\":{\"@id\":\"https:\/\/jormax.com\/fr\/#\/schema\/logo\/image\/\"},\"sameAs\":[\"https:\/\/www.facebook.com\/jormaxportugal\/\"]}]}<\/script>\n<!-- \/ Yoast SEO plugin. -->","yoast_head_json":{"title":"\u00c0 propos de nous - Jormax - F\u00e1brica de Escadas e Escadotes","robots":{"index":"index","follow":"follow","max-snippet":"max-snippet:-1","max-image-preview":"max-image-preview:large","max-video-preview":"max-video-preview:-1"},"canonical":"https:\/\/jormax.com\/fr\/a-propos-de-nous\/","og_locale":"fr_FR","og_type":"article","og_title":"\u00c0 propos de nous - Jormax - F\u00e1brica de Escadas e Escadotes","og_description":"[vc_row css=\u00a0\u00bb.vc_custom_1463544134166{padding-bottom: 60px !important;background-position: center !important;background-repeat: no-repeat !important;background-size: cover !important;}\u00a0\u00bb][vc_column offset=\u00a0\u00bbvc_col-lg-7 vc_col-md-7&Prime;][vc_empty_space height=\u00a0\u00bb60px\u00a0\u00bb el_class=\u00a0\u00bbhidden-xs hidden-sm hidden-md\u00a0\u00bb][vc_custom_heading text=\u00a0\u00bbNOUS AVONS LA SOLUTION\u00a0\u00bb font_container=\u00a0\u00bbtag:h6|font_size:17px|text_align:left|line_height:24px\u00a0\u00bb google_fonts=\u00a0\u00bbfont_family:Exo%3A100%2C100italic%2C200%2C200italic%2C300%2C300italic%2Cregular%2Citalic%2C500%2C500italic%2C600%2C600italic%2C700%2C700italic%2C800%2C800italic%2C900%2C900italic|font_style:400%20italic%3A400%3Aitalic\u00a0\u00bb el_class=\u00a0\u00bbtb-extratext-1 bt-color-main tb-icon\u00a0\u00bb css=\u00a0\u00bb.vc_custom_1555326513552{margin-bottom: 10px !important;}\u00a0\u00bb][vc_custom_heading text=\u00a0\u00bbPERSONNALIT\u00c9 JORMAX\u00a0\u00bb font_container=\u00a0\u00bbtag:h3|font_size:26px|text_align:left|color:%23454545|line_height:36px\u00a0\u00bb use_theme_fonts=\u00a0\u00bbyes\u00a0\u00bb el_class=\u00a0\u00bbbt-poppins-font\u00a0\u00bb css=\u00a0\u00bb.vc_custom_1555321517776{margin-bottom: 15px !important;}\u00a0\u00bb][vc_column_text css=\u00a0\u00bb.vc_custom_1579603059760{margin-bottom: 60px !important;}\u00a0\u00bb] Nous sommes une industrie avec 100% de capital portugais et une structure familiale. Avec plus de [&hellip;]","og_url":"https:\/\/jormax.com\/fr\/a-propos-de-nous\/","og_site_name":"Jormax - F\u00e1brica de Escadas e Escadotes","article_publisher":"https:\/\/www.facebook.com\/jormaxportugal\/","article_modified_time":"2020-01-21T10:43:20+00:00","og_image":[{"width":235,"height":59,"url":"https:\/\/jormax.com\/wp-content\/uploads\/2019\/12\/logotipo-jormax-cor-stickymenu.png","type":"image\/png"}],"twitter_card":"summary_large_image","twitter_misc":{"Dur\u00e9e de lecture estim\u00e9e":"6 minutes"},"schema":{"@context":"https:\/\/schema.org","@graph":[{"@type":"WebPage","@id":"https:\/\/jormax.com\/fr\/a-propos-de-nous\/","url":"https:\/\/jormax.com\/fr\/a-propos-de-nous\/","name":"\u00c0 propos de nous - Jormax - F\u00e1brica de Escadas e Escadotes","isPartOf":{"@id":"https:\/\/jormax.com\/fr\/#website"},"datePublished":"2019-11-15T10:54:24+00:00","dateModified":"2020-01-21T10:43:20+00:00","breadcrumb":{"@id":"https:\/\/jormax.com\/fr\/a-propos-de-nous\/#breadcrumb"},"inLanguage":"fr-FR","potentialAction":[{"@type":"ReadAction","target":["https:\/\/jormax.com\/fr\/a-propos-de-nous\/"]}]},{"@type":"BreadcrumbList","@id":"https:\/\/jormax.com\/fr\/a-propos-de-nous\/#breadcrumb","itemListElement":[{"@type":"ListItem","position":1,"name":"In\u00edcio","item":"https:\/\/jormax.com\/fr\/"},{"@type":"ListItem","position":2,"name":"\u00c0 propos de nous"}]},{"@type":"WebSite","@id":"https:\/\/jormax.com\/fr\/#website","url":"https:\/\/jormax.com\/fr\/","name":"Jormax - F\u00e1brica de Escadas e Escadotes","description":"Fabricante de escadas, escadotes, andaimes, plataformas e solu\u00e7\u00f5es \u00e0 medida em alum\u00ednio e fibra de vidro certificados. F\u00e1brica com sede em Portugal.","publisher":{"@id":"https:\/\/jormax.com\/fr\/#organization"},"potentialAction":[{"@type":"SearchAction","target":{"@type":"EntryPoint","urlTemplate":"https:\/\/jormax.com\/fr\/?s={search_term_string}"},"query-input":{"@type":"PropertyValueSpecification","valueRequired":true,"valueName":"search_term_string"}}],"inLanguage":"fr-FR"},{"@type":"Organization","@id":"https:\/\/jormax.com\/fr\/#organization","name":"Jormax - Fabricant d' \u00c9chelles, Escabeau et \u00c9chafaudages","url":"https:\/\/jormax.com\/fr\/","logo":{"@type":"ImageObject","inLanguage":"fr-FR","@id":"https:\/\/jormax.com\/fr\/#\/schema\/logo\/image\/","url":"http:\/\/jormax.com\/wp-content\/uploads\/2019\/12\/logotipo-jormax-cor-stickymenu.png","contentUrl":"http:\/\/jormax.com\/wp-content\/uploads\/2019\/12\/logotipo-jormax-cor-stickymenu.png","width":235,"height":59,"caption":"Jormax - Fabricant d' \u00c9chelles, Escabeau et \u00c9chafaudages"},"image":{"@id":"https:\/\/jormax.com\/fr\/#\/schema\/logo\/image\/"},"sameAs":["https:\/\/www.facebook.com\/jormaxportugal\/"]}]}},"_links":{"self":[{"href":"https:\/\/jormax.com\/fr\/wp-json\/wp\/v2\/pages\/8217","targetHints":{"allow":["GET"]}}],"collection":[{"href":"https:\/\/jormax.com\/fr\/wp-json\/wp\/v2\/pages"}],"about":[{"href":"https:\/\/jormax.com\/fr\/wp-json\/wp\/v2\/types\/page"}],"author":[{"embeddable":true,"href":"https:\/\/jormax.com\/fr\/wp-json\/wp\/v2\/users\/2"}],"replies":[{"embeddable":true,"href":"https:\/\/jormax.com\/fr\/wp-json\/wp\/v2\/comments?post=8217"}],"version-history":[{"count":5,"href":"https:\/\/jormax.com\/fr\/wp-json\/wp\/v2\/pages\/8217\/revisions"}],"predecessor-version":[{"id":12143,"href":"https:\/\/jormax.com\/fr\/wp-json\/wp\/v2\/pages\/8217\/revisions\/12143"}],"wp:attachment":[{"href":"https:\/\/jormax.com\/fr\/wp-json\/wp\/v2\/media?parent=8217"}],"curies":[{"name":"wp","href":"https:\/\/api.w.org\/{rel}","templated":true}]}}