{"id":8126,"date":"2019-11-15T09:47:31","date_gmt":"2019-11-15T09:47:31","guid":{"rendered":"https:\/\/www.jormax.com\/nouvelles\/"},"modified":"2021-05-13T14:12:26","modified_gmt":"2021-05-13T13:12:26","slug":"nouvelles","status":"publish","type":"page","link":"https:\/\/jormax.com\/fr\/nouvelles\/","title":{"rendered":"nouvelles"},"content":{"rendered":"<div class=\"wpb-content-wrapper\"><p>[vc_row css=\u00a0\u00bb.vc_custom_1461741371411{padding-bottom: 90px !important;}\u00a0\u00bb][vc_column][vc_column_text]<\/p>\n<p style=\"text-align: left;\">JORMAX<br \/>\nLes solutions d\u2019\u00e9quipement d\u2019acc\u00e8s en hauteur Jormax s\u2019adaptent \u00e0 tous les environnements et contextes. Nous disposons de cha\u00eenes de montage d\u00e9di\u00e9es \u00e0 la fabrication d\u2019\u00e9chelles, echelle telescopique, echelle transformable, echelle \u00e0 crinoline, \u00e9chafaudage roulant , \u00e9chafaudage aluminium, echafaudage facadier, plates-formes et de divers accessoires en aluminium.<\/p>\n<p>Nous sommes disponible sur tout le territoire Fran\u00e7ais : Lyon, Dijon, Rennes, Orl\u00e9ans, Ajaccio, Strasbourg, Lille, Paris, Rouen, Bordeaux, Toulosse, Nantes, Marseille\u2026. Etc<\/p>\n<p>&nbsp;<\/p>\n<p><img loading=\"lazy\" decoding=\"async\" class=\"alignnone size-full wp-image-15025\" src=\"http:\/\/jormax.com\/wp-content\/uploads\/255px-Flag_of_France.svg_.png\" alt=\"\" width=\"255\" height=\"170\" \/>[\/vc_column_text][\/vc_column][\/vc_row]<\/p>\n<\/div>","protected":false},"excerpt":{"rendered":"<p>[vc_row css=\u00a0\u00bb.vc_custom_1461741371411{padding-bottom: 90px !important;}\u00a0\u00bb][vc_column][vc_column_text] JORMAX Les solutions d\u2019\u00e9quipement d\u2019acc\u00e8s en hauteur Jormax s\u2019adaptent \u00e0 tous les environnements et contextes. Nous disposons de cha\u00eenes de montage d\u00e9di\u00e9es \u00e0 la fabrication d\u2019\u00e9chelles, echelle telescopique, echelle transformable, echelle \u00e0 crinoline, \u00e9chafaudage roulant , \u00e9chafaudage aluminium, echafaudage facadier, plates-formes et de divers accessoires en aluminium. Nous sommes disponible sur [&hellip;]<\/p>\n","protected":false},"author":2,"featured_media":0,"parent":0,"menu_order":39,"comment_status":"closed","ping_status":"closed","template":"","meta":{"footnotes":""},"class_list":["post-8126","page","type-page","status-publish","hentry"],"yoast_head":"<!-- This site is optimized with the Yoast SEO plugin v24.5 - https:\/\/yoast.com\/wordpress\/plugins\/seo\/ -->\n<title>nouvelles - Jormax - F\u00e1brica de Escadas e Escadotes<\/title>\n<meta name=\"robots\" content=\"index, follow, max-snippet:-1, max-image-preview:large, max-video-preview:-1\" \/>\n<link rel=\"canonical\" href=\"https:\/\/jormax.com\/fr\/nouvelles\/\" \/>\n<meta property=\"og:locale\" content=\"fr_FR\" \/>\n<meta property=\"og:type\" content=\"article\" \/>\n<meta property=\"og:title\" content=\"nouvelles - Jormax - F\u00e1brica de Escadas e Escadotes\" \/>\n<meta property=\"og:description\" content=\"[vc_row css=\u00a0\u00bb.vc_custom_1461741371411{padding-bottom: 90px !important;}\u00a0\u00bb][vc_column][vc_column_text] JORMAX Les solutions d\u2019\u00e9quipement d\u2019acc\u00e8s en hauteur Jormax s\u2019adaptent \u00e0 tous les environnements et contextes. Nous disposons de cha\u00eenes de montage d\u00e9di\u00e9es \u00e0 la fabrication d\u2019\u00e9chelles, echelle telescopique, echelle transformable, echelle \u00e0 crinoline, \u00e9chafaudage roulant , \u00e9chafaudage aluminium, echafaudage facadier, plates-formes et de divers accessoires en aluminium. Nous sommes disponible sur [&hellip;]\" \/>\n<meta property=\"og:url\" content=\"https:\/\/jormax.com\/fr\/nouvelles\/\" \/>\n<meta property=\"og:site_name\" content=\"Jormax - F\u00e1brica de Escadas e Escadotes\" \/>\n<meta property=\"article:publisher\" content=\"https:\/\/www.facebook.com\/jormaxportugal\/\" \/>\n<meta property=\"article:modified_time\" content=\"2021-05-13T13:12:26+00:00\" \/>\n<meta property=\"og:image\" content=\"http:\/\/jormax.com\/wp-content\/uploads\/255px-Flag_of_France.svg_.png\" \/>\n<meta name=\"twitter:card\" content=\"summary_large_image\" \/>\n<script type=\"application\/ld+json\" class=\"yoast-schema-graph\">{\"@context\":\"https:\/\/schema.org\",\"@graph\":[{\"@type\":\"WebPage\",\"@id\":\"https:\/\/jormax.com\/fr\/nouvelles\/\",\"url\":\"https:\/\/jormax.com\/fr\/nouvelles\/\",\"name\":\"nouvelles - Jormax - F\u00e1brica de Escadas e Escadotes\",\"isPartOf\":{\"@id\":\"https:\/\/jormax.com\/fr\/#website\"},\"primaryImageOfPage\":{\"@id\":\"https:\/\/jormax.com\/fr\/nouvelles\/#primaryimage\"},\"image\":{\"@id\":\"https:\/\/jormax.com\/fr\/nouvelles\/#primaryimage\"},\"thumbnailUrl\":\"http:\/\/jormax.com\/wp-content\/uploads\/255px-Flag_of_France.svg_.png\",\"datePublished\":\"2019-11-15T09:47:31+00:00\",\"dateModified\":\"2021-05-13T13:12:26+00:00\",\"breadcrumb\":{\"@id\":\"https:\/\/jormax.com\/fr\/nouvelles\/#breadcrumb\"},\"inLanguage\":\"fr-FR\",\"potentialAction\":[{\"@type\":\"ReadAction\",\"target\":[\"https:\/\/jormax.com\/fr\/nouvelles\/\"]}]},{\"@type\":\"ImageObject\",\"inLanguage\":\"fr-FR\",\"@id\":\"https:\/\/jormax.com\/fr\/nouvelles\/#primaryimage\",\"url\":\"http:\/\/jormax.com\/wp-content\/uploads\/255px-Flag_of_France.svg_.png\",\"contentUrl\":\"http:\/\/jormax.com\/wp-content\/uploads\/255px-Flag_of_France.svg_.png\"},{\"@type\":\"BreadcrumbList\",\"@id\":\"https:\/\/jormax.com\/fr\/nouvelles\/#breadcrumb\",\"itemListElement\":[{\"@type\":\"ListItem\",\"position\":1,\"name\":\"In\u00edcio\",\"item\":\"https:\/\/jormax.com\/fr\/\"},{\"@type\":\"ListItem\",\"position\":2,\"name\":\"nouvelles\"}]},{\"@type\":\"WebSite\",\"@id\":\"https:\/\/jormax.com\/fr\/#website\",\"url\":\"https:\/\/jormax.com\/fr\/\",\"name\":\"Jormax - F\u00e1brica de Escadas e Escadotes\",\"description\":\"Fabricante de escadas, escadotes, andaimes, plataformas e solu\u00e7\u00f5es \u00e0 medida em alum\u00ednio e fibra de vidro certificados. F\u00e1brica com sede em Portugal.\",\"publisher\":{\"@id\":\"https:\/\/jormax.com\/fr\/#organization\"},\"potentialAction\":[{\"@type\":\"SearchAction\",\"target\":{\"@type\":\"EntryPoint\",\"urlTemplate\":\"https:\/\/jormax.com\/fr\/?s={search_term_string}\"},\"query-input\":{\"@type\":\"PropertyValueSpecification\",\"valueRequired\":true,\"valueName\":\"search_term_string\"}}],\"inLanguage\":\"fr-FR\"},{\"@type\":\"Organization\",\"@id\":\"https:\/\/jormax.com\/fr\/#organization\",\"name\":\"Jormax - Fabricant d' \u00c9chelles, Escabeau et \u00c9chafaudages\",\"url\":\"https:\/\/jormax.com\/fr\/\",\"logo\":{\"@type\":\"ImageObject\",\"inLanguage\":\"fr-FR\",\"@id\":\"https:\/\/jormax.com\/fr\/#\/schema\/logo\/image\/\",\"url\":\"http:\/\/jormax.com\/wp-content\/uploads\/2019\/12\/logotipo-jormax-cor-stickymenu.png\",\"contentUrl\":\"http:\/\/jormax.com\/wp-content\/uploads\/2019\/12\/logotipo-jormax-cor-stickymenu.png\",\"width\":235,\"height\":59,\"caption\":\"Jormax - Fabricant d' \u00c9chelles, Escabeau et \u00c9chafaudages\"},\"image\":{\"@id\":\"https:\/\/jormax.com\/fr\/#\/schema\/logo\/image\/\"},\"sameAs\":[\"https:\/\/www.facebook.com\/jormaxportugal\/\"]}]}<\/script>\n<!-- \/ Yoast SEO plugin. -->","yoast_head_json":{"title":"nouvelles - Jormax - F\u00e1brica de Escadas e Escadotes","robots":{"index":"index","follow":"follow","max-snippet":"max-snippet:-1","max-image-preview":"max-image-preview:large","max-video-preview":"max-video-preview:-1"},"canonical":"https:\/\/jormax.com\/fr\/nouvelles\/","og_locale":"fr_FR","og_type":"article","og_title":"nouvelles - Jormax - F\u00e1brica de Escadas e Escadotes","og_description":"[vc_row css=\u00a0\u00bb.vc_custom_1461741371411{padding-bottom: 90px !important;}\u00a0\u00bb][vc_column][vc_column_text] JORMAX Les solutions d\u2019\u00e9quipement d\u2019acc\u00e8s en hauteur Jormax s\u2019adaptent \u00e0 tous les environnements et contextes. Nous disposons de cha\u00eenes de montage d\u00e9di\u00e9es \u00e0 la fabrication d\u2019\u00e9chelles, echelle telescopique, echelle transformable, echelle \u00e0 crinoline, \u00e9chafaudage roulant , \u00e9chafaudage aluminium, echafaudage facadier, plates-formes et de divers accessoires en aluminium. Nous sommes disponible sur [&hellip;]","og_url":"https:\/\/jormax.com\/fr\/nouvelles\/","og_site_name":"Jormax - F\u00e1brica de Escadas e Escadotes","article_publisher":"https:\/\/www.facebook.com\/jormaxportugal\/","article_modified_time":"2021-05-13T13:12:26+00:00","og_image":[{"url":"http:\/\/jormax.com\/wp-content\/uploads\/255px-Flag_of_France.svg_.png","type":"","width":"","height":""}],"twitter_card":"summary_large_image","schema":{"@context":"https:\/\/schema.org","@graph":[{"@type":"WebPage","@id":"https:\/\/jormax.com\/fr\/nouvelles\/","url":"https:\/\/jormax.com\/fr\/nouvelles\/","name":"nouvelles - Jormax - F\u00e1brica de Escadas e Escadotes","isPartOf":{"@id":"https:\/\/jormax.com\/fr\/#website"},"primaryImageOfPage":{"@id":"https:\/\/jormax.com\/fr\/nouvelles\/#primaryimage"},"image":{"@id":"https:\/\/jormax.com\/fr\/nouvelles\/#primaryimage"},"thumbnailUrl":"http:\/\/jormax.com\/wp-content\/uploads\/255px-Flag_of_France.svg_.png","datePublished":"2019-11-15T09:47:31+00:00","dateModified":"2021-05-13T13:12:26+00:00","breadcrumb":{"@id":"https:\/\/jormax.com\/fr\/nouvelles\/#breadcrumb"},"inLanguage":"fr-FR","potentialAction":[{"@type":"ReadAction","target":["https:\/\/jormax.com\/fr\/nouvelles\/"]}]},{"@type":"ImageObject","inLanguage":"fr-FR","@id":"https:\/\/jormax.com\/fr\/nouvelles\/#primaryimage","url":"http:\/\/jormax.com\/wp-content\/uploads\/255px-Flag_of_France.svg_.png","contentUrl":"http:\/\/jormax.com\/wp-content\/uploads\/255px-Flag_of_France.svg_.png"},{"@type":"BreadcrumbList","@id":"https:\/\/jormax.com\/fr\/nouvelles\/#breadcrumb","itemListElement":[{"@type":"ListItem","position":1,"name":"In\u00edcio","item":"https:\/\/jormax.com\/fr\/"},{"@type":"ListItem","position":2,"name":"nouvelles"}]},{"@type":"WebSite","@id":"https:\/\/jormax.com\/fr\/#website","url":"https:\/\/jormax.com\/fr\/","name":"Jormax - F\u00e1brica de Escadas e Escadotes","description":"Fabricante de escadas, escadotes, andaimes, plataformas e solu\u00e7\u00f5es \u00e0 medida em alum\u00ednio e fibra de vidro certificados. F\u00e1brica com sede em Portugal.","publisher":{"@id":"https:\/\/jormax.com\/fr\/#organization"},"potentialAction":[{"@type":"SearchAction","target":{"@type":"EntryPoint","urlTemplate":"https:\/\/jormax.com\/fr\/?s={search_term_string}"},"query-input":{"@type":"PropertyValueSpecification","valueRequired":true,"valueName":"search_term_string"}}],"inLanguage":"fr-FR"},{"@type":"Organization","@id":"https:\/\/jormax.com\/fr\/#organization","name":"Jormax - Fabricant d' \u00c9chelles, Escabeau et \u00c9chafaudages","url":"https:\/\/jormax.com\/fr\/","logo":{"@type":"ImageObject","inLanguage":"fr-FR","@id":"https:\/\/jormax.com\/fr\/#\/schema\/logo\/image\/","url":"http:\/\/jormax.com\/wp-content\/uploads\/2019\/12\/logotipo-jormax-cor-stickymenu.png","contentUrl":"http:\/\/jormax.com\/wp-content\/uploads\/2019\/12\/logotipo-jormax-cor-stickymenu.png","width":235,"height":59,"caption":"Jormax - Fabricant d' \u00c9chelles, Escabeau et \u00c9chafaudages"},"image":{"@id":"https:\/\/jormax.com\/fr\/#\/schema\/logo\/image\/"},"sameAs":["https:\/\/www.facebook.com\/jormaxportugal\/"]}]}},"_links":{"self":[{"href":"https:\/\/jormax.com\/fr\/wp-json\/wp\/v2\/pages\/8126","targetHints":{"allow":["GET"]}}],"collection":[{"href":"https:\/\/jormax.com\/fr\/wp-json\/wp\/v2\/pages"}],"about":[{"href":"https:\/\/jormax.com\/fr\/wp-json\/wp\/v2\/types\/page"}],"author":[{"embeddable":true,"href":"https:\/\/jormax.com\/fr\/wp-json\/wp\/v2\/users\/2"}],"replies":[{"embeddable":true,"href":"https:\/\/jormax.com\/fr\/wp-json\/wp\/v2\/comments?post=8126"}],"version-history":[{"count":4,"href":"https:\/\/jormax.com\/fr\/wp-json\/wp\/v2\/pages\/8126\/revisions"}],"predecessor-version":[{"id":15029,"href":"https:\/\/jormax.com\/fr\/wp-json\/wp\/v2\/pages\/8126\/revisions\/15029"}],"wp:attachment":[{"href":"https:\/\/jormax.com\/fr\/wp-json\/wp\/v2\/media?parent=8126"}],"curies":[{"name":"wp","href":"https:\/\/api.w.org\/{rel}","templated":true}]}}