{"id":7707,"date":"2019-03-04T09:59:39","date_gmt":"2019-03-04T09:59:39","guid":{"rendered":"https:\/\/www.jormax.com\/qualidade-e-seguranca\/"},"modified":"2020-01-07T15:34:30","modified_gmt":"2020-01-07T15:34:30","slug":"qualite-et-securite-jormax","status":"publish","type":"page","link":"https:\/\/jormax.com\/fr\/qualite-et-securite-jormax\/","title":{"rendered":"Qualit\u00e9 et de S\u00e9curit\u00e9"},"content":{"rendered":"<div class=\"wpb-content-wrapper\"><p>[vc_row][vc_column][vc_custom_heading text=\u00a0\u00bbD\u00c9PARTEMENT OP\u00c9RANT DANS 5 SECTEURS\u00a0\u00bb font_container=\u00a0\u00bbtag:h3|font_size:30px|text_align:left|color:%23272626|line_height:36px\u00a0\u00bb use_theme_fonts=\u00a0\u00bbyes\u00a0\u00bb icon=\u00a0\u00bbfa fa-gg\u00a0\u00bb css=\u00a0\u00bb.vc_custom_1555322499029{margin-bottom: 30px !important;}\u00a0\u00bb][vc_empty_space height=\u00a0\u00bb20px\u00a0\u00bb][\/vc_column][\/vc_row][vc_row][vc_column offset=\u00a0\u00bbvc_col-lg-6 vc_col-md-6&Prime;][vc_tta_accordion c_icon=\u00a0\u00bb\u00a0\u00bb active_section=\u00a0\u00bb1&Prime; el_class=\u00a0\u00bbbt-accordion-style1&Prime; css=\u00a0\u00bb.vc_custom_1551694289189{margin-bottom: 30px !important;}\u00a0\u00bb][vc_tta_section title=\u00a0\u00bb1 | EXECUTION\u00a0\u00bb tab_id=\u00a0\u00bb1459392343405-90ffc804-f1bd\u00a0\u00bb][vc_column_text]<\/p>\n<p class=\"bt-default-font-main\" style=\"font-size: 14px; line-height: 26px; letter-spacing: 0.04em; color: #929292;\">Essais pour surveiller la qualit\u00e9 du produit, la conformit\u00e9 et la certification.<\/p>\n<p>[\/vc_column_text][\/vc_tta_section][vc_tta_section title=\u00a0\u00bb2 | M\u00c9TROLOGIE\u00a0\u00bb tab_id=\u00a0\u00bb1459392343570-5b8dfb13-89b5&Prime;][vc_column_text]<\/p>\n<p class=\"bt-default-font-main\" style=\"font-size: 14px; line-height: 26px; letter-spacing: 0.04em; color: #929292;\">Calibrage de l&rsquo;\u00e9quipement de mesure.<\/p>\n<p>[\/vc_column_text][\/vc_tta_section][vc_tta_section title=\u00a0\u00bb3 | VERIFICATION\u00a0\u00bb tab_id=\u00a0\u00bb1459392473489-bac699b6-a820&Prime;][vc_column_text]<\/p>\n<p class=\"bt-default-font-main\" style=\"font-size: 14px; line-height: 26px; letter-spacing: 0.04em; color: #929292;\">Surveillance de la fabrication et contr\u00f4le des produits.<\/p>\n<p>[\/vc_column_text][\/vc_tta_section][vc_tta_section title=\u00a0\u00bb4 | ENREGISTREMENT\u00a0\u00bb tab_id=\u00a0\u00bb1551694217069-78bacadc-a7e6&Prime;][vc_column_text]<\/p>\n<p class=\"bt-default-font-main\" style=\"font-size: 14px; line-height: 26px; letter-spacing: 0.04em; color: #929292;\">Collecte et analyse des r\u00e9sultats de test.<\/p>\n<p>[\/vc_column_text][\/vc_tta_section][vc_tta_section title=\u00a0\u00bb5 | AM\u00c9LIORATION CONTINUE\u00a0\u00bb tab_id=\u00a0\u00bb1551694237192-8a0a42e8-6e83&Prime;][vc_column_text]<\/p>\n<p class=\"bt-default-font-main\" style=\"font-size: 14px; line-height: 26px; letter-spacing: 0.04em; color: #929292;\">Participer au d\u00e9veloppement et \u00e0 l&rsquo;am\u00e9lioration des protocoles de test.<\/p>\n<p>[\/vc_column_text][\/vc_tta_section][\/vc_tta_accordion][\/vc_column][vc_column offset=\u00a0\u00bbvc_col-lg-6 vc_col-md-6&Prime;][vc_single_image image=\u00a0\u00bb11664&Prime; img_size=\u00a0\u00bbfull\u00a0\u00bb][vc_column_text]<\/p>\n<p class=\"bt-default-font-main\" style=\"font-size: 15px; line-height: 28px; letter-spacing: 0.04em; color: #838383;\">Pour garantir les normes de qualit\u00e9 et de s\u00e9curit\u00e9 les plus strictes, Jormax a mis en place un d\u00e9partement de test et de contr\u00f4le interne int\u00e9gr\u00e9 \u00e0 sa production. Nos techniciens qualifi\u00e9s contr\u00f4lent en temps r\u00e9el la qualit\u00e9 de toutes les lignes et \u00e9tapes de production, de la mati\u00e8re premi\u00e8re au produit fini. Ce service travaille en \u00e9troite collaboration avec les organismes de certification pour garantir que toutes les normes applicables sont toujours respect\u00e9es.<\/p>\n<p>[\/vc_column_text][\/vc_column][\/vc_row][vc_row css=\u00a0\u00bb.vc_custom_1463709103810{padding-top: 60px !important;}\u00a0\u00bb][vc_column][vc_custom_heading text=\u00a0\u00bbNORMES EUROPEENNES\u00a0\u00bb font_container=\u00a0\u00bbtag:h3|font_size:30px|text_align:left|color:%23272626|line_height:36px\u00a0\u00bb use_theme_fonts=\u00a0\u00bbyes\u00a0\u00bb icon=\u00a0\u00bbfa fa-gg\u00a0\u00bb css=\u00a0\u00bb.vc_custom_1555322508341{margin-bottom: 30px !important;}\u00a0\u00bb][vc_column_text]Nos produits sont certifi\u00e9s et respectent toutes les normes de s\u00e9curit\u00e9 en vigueur au Portugal et dans l&rsquo;Union europ\u00e9enne (UE).[\/vc_column_text][vc_empty_space height=\u00a0\u00bb20px\u00a0\u00bb][\/vc_column][\/vc_row][vc_row][vc_column width=\u00a0\u00bb1\/4&Prime; offset=\u00a0\u00bbvc_col-lg-3 vc_col-md-3&Prime;]\t\t<div class=\"bt-service-wrap style1_1 \">\n\t\t\t<div class=\"bt-service\">\n\t\t\t\t<div class=\"bt-icon\"><i class=\"pe-7s-ticket\"><\/i><\/div><h5 class=\"bt-title\">EN131<\/h5><div class=\"bt-content\"><p><a style=\"font-family: exo; font-weight: bold;\" href=\"#\">Download<\/a><\/p>\n<\/div>\t\t\t<\/div>\n\t\t<\/div>\n\t\t\n    [\/vc_column][vc_column width=\u00a0\u00bb1\/4&Prime; offset=\u00a0\u00bbvc_col-lg-3 vc_col-md-3&Prime;]\t\t<div class=\"bt-service-wrap style1_1 \">\n\t\t\t<div class=\"bt-service\">\n\t\t\t\t<div class=\"bt-icon\"><i class=\"pe-7s-ticket\"><\/i><\/div><h5 class=\"bt-title\">EN1004<\/h5><div class=\"bt-content\"><p><a style=\"font-family: exo; font-weight: bold;\" href=\"#\">Download<\/a><\/p>\n<\/div>\t\t\t<\/div>\n\t\t<\/div>\n\t\t\n    [\/vc_column][vc_column width=\u00a0\u00bb1\/4&Prime; offset=\u00a0\u00bbvc_col-lg-3 vc_col-md-3&Prime;]\t\t<div class=\"bt-service-wrap style1_1 \">\n\t\t\t<div class=\"bt-service\">\n\t\t\t\t<div class=\"bt-icon\"><i class=\"pe-7s-ticket\"><\/i><\/div><h5 class=\"bt-title\">EN14183<\/h5><div class=\"bt-content\"><p><a style=\"font-family: exo; font-weight: bold;\" href=\"#\">Download<\/a><\/p>\n<\/div>\t\t\t<\/div>\n\t\t<\/div>\n\t\t\n    [\/vc_column][vc_column width=\u00a0\u00bb1\/4&Prime; offset=\u00a0\u00bbvc_col-lg-3 vc_col-md-3&Prime;]\t\t<div class=\"bt-service-wrap style1_1 \">\n\t\t\t<div class=\"bt-service\">\n\t\t\t\t<div class=\"bt-icon\"><i class=\"pe-7s-ticket\"><\/i><\/div><h5 class=\"bt-title\">EN14122<\/h5><div class=\"bt-content\"><p><a style=\"font-family: exo; font-weight: bold;\" href=\"#\">Download<\/a><\/p>\n<\/div>\t\t\t<\/div>\n\t\t<\/div>\n\t\t\n    [\/vc_column][\/vc_row][vc_row][vc_column width=\u00a0\u00bb1\/2&Prime;][vc_empty_space height=\u00a0\u00bb30px\u00a0\u00bb][vc_column_text]Nos produits sont certifi\u00e9s et respectent toutes les normes de s\u00e9curit\u00e9 en vigueur au Portugal et dans l&rsquo;Union europ\u00e9enne (UE).<\/p>\n<p>Du contr\u00f4le minutieux de la mati\u00e8re premi\u00e8re \u00e0 l\u2019utilisation d\u2019une \u00e9quipe qualifi\u00e9e, des cha\u00eenes de montage modernes aux emballages plastiques r\u00e9tractables, l\u2019ensemble du processus est cibl\u00e9 et optimis\u00e9 pour vous garantir la plus haute qualit\u00e9 dans tous vos travaux, pour vous Vous \u00eates un article auquel vous pouvez faire confiance.[\/vc_column_text][vc_empty_space height=\u00a0\u00bb70px\u00a0\u00bb][\/vc_column][vc_column width=\u00a0\u00bb1\/2&Prime;][vc_empty_space height=\u00a0\u00bb30px\u00a0\u00bb][vc_column_text]Nous utilisons des partenariats et des laboratoires externes et ind\u00e9pendants pour assurer une v\u00e9rification et une certification ind\u00e9pendantes de la qualit\u00e9 de nos produits.<\/p>\n<p>Nous travaillons \u00e9galement en \u00e9troite collaboration avec tous les organismes nationaux et europ\u00e9ens concern\u00e9s par les normes, les normes et la s\u00e9curit\u00e9 au travail.[\/vc_column_text][vc_empty_space height=\u00a0\u00bb70px\u00a0\u00bb][\/vc_column][\/vc_row]<\/p>\n<\/div>","protected":false},"excerpt":{"rendered":"<p>[vc_row][vc_column][vc_custom_heading text=\u00a0\u00bbD\u00c9PARTEMENT OP\u00c9RANT DANS 5 SECTEURS\u00a0\u00bb font_container=\u00a0\u00bbtag:h3|font_size:30px|text_align:left|color:%23272626|line_height:36px\u00a0\u00bb use_theme_fonts=\u00a0\u00bbyes\u00a0\u00bb icon=\u00a0\u00bbfa fa-gg\u00a0\u00bb css=\u00a0\u00bb.vc_custom_1555322499029{margin-bottom: 30px !important;}\u00a0\u00bb][vc_empty_space height=\u00a0\u00bb20px\u00a0\u00bb][\/vc_column][\/vc_row][vc_row][vc_column offset=\u00a0\u00bbvc_col-lg-6 vc_col-md-6&Prime;][vc_tta_accordion c_icon=\u00a0\u00bb\u00a0\u00bb active_section=\u00a0\u00bb1&Prime; el_class=\u00a0\u00bbbt-accordion-style1&Prime; css=\u00a0\u00bb.vc_custom_1551694289189{margin-bottom: 30px !important;}\u00a0\u00bb][vc_tta_section title=\u00a0\u00bb1 | EXECUTION\u00a0\u00bb tab_id=\u00a0\u00bb1459392343405-90ffc804-f1bd\u00a0\u00bb][vc_column_text] Essais pour surveiller la qualit\u00e9 du produit, la conformit\u00e9 et la certification. [\/vc_column_text][\/vc_tta_section][vc_tta_section title=\u00a0\u00bb2 | M\u00c9TROLOGIE\u00a0\u00bb tab_id=\u00a0\u00bb1459392343570-5b8dfb13-89b5&Prime;][vc_column_text] Calibrage de l&rsquo;\u00e9quipement de mesure. [\/vc_column_text][\/vc_tta_section][vc_tta_section title=\u00a0\u00bb3 | VERIFICATION\u00a0\u00bb tab_id=\u00a0\u00bb1459392473489-bac699b6-a820&Prime;][vc_column_text] Surveillance de [&hellip;]<\/p>\n","protected":false},"author":2,"featured_media":0,"parent":0,"menu_order":60,"comment_status":"closed","ping_status":"closed","template":"","meta":{"footnotes":""},"class_list":["post-7707","page","type-page","status-publish","hentry"],"yoast_head":"<!-- This site is optimized with the Yoast SEO plugin v24.5 - https:\/\/yoast.com\/wordpress\/plugins\/seo\/ -->\n<title>Qualit\u00e9 et de S\u00e9curit\u00e9 - Jormax - F\u00e1brica de Escadas e Escadotes<\/title>\n<meta name=\"robots\" content=\"index, follow, max-snippet:-1, max-image-preview:large, max-video-preview:-1\" \/>\n<link rel=\"canonical\" href=\"https:\/\/jormax.com\/fr\/qualite-et-securite-jormax\/\" \/>\n<meta property=\"og:locale\" content=\"fr_FR\" \/>\n<meta property=\"og:type\" content=\"article\" \/>\n<meta property=\"og:title\" content=\"Qualit\u00e9 et de S\u00e9curit\u00e9 - Jormax - F\u00e1brica de Escadas e Escadotes\" \/>\n<meta property=\"og:description\" content=\"[vc_row][vc_column][vc_custom_heading text=\u00a0\u00bbD\u00c9PARTEMENT OP\u00c9RANT DANS 5 SECTEURS\u00a0\u00bb font_container=\u00a0\u00bbtag:h3|font_size:30px|text_align:left|color:%23272626|line_height:36px\u00a0\u00bb use_theme_fonts=\u00a0\u00bbyes\u00a0\u00bb icon=\u00a0\u00bbfa fa-gg\u00a0\u00bb css=\u00a0\u00bb.vc_custom_1555322499029{margin-bottom: 30px !important;}\u00a0\u00bb][vc_empty_space height=\u00a0\u00bb20px\u00a0\u00bb][\/vc_column][\/vc_row][vc_row][vc_column offset=\u00a0\u00bbvc_col-lg-6 vc_col-md-6&Prime;][vc_tta_accordion c_icon=\u00a0\u00bb\u00a0\u00bb active_section=\u00a0\u00bb1&Prime; el_class=\u00a0\u00bbbt-accordion-style1&Prime; css=\u00a0\u00bb.vc_custom_1551694289189{margin-bottom: 30px !important;}\u00a0\u00bb][vc_tta_section title=\u00a0\u00bb1 | EXECUTION\u00a0\u00bb tab_id=\u00a0\u00bb1459392343405-90ffc804-f1bd\u00a0\u00bb][vc_column_text] Essais pour surveiller la qualit\u00e9 du produit, la conformit\u00e9 et la certification. [\/vc_column_text][\/vc_tta_section][vc_tta_section title=\u00a0\u00bb2 | M\u00c9TROLOGIE\u00a0\u00bb tab_id=\u00a0\u00bb1459392343570-5b8dfb13-89b5&Prime;][vc_column_text] Calibrage de l&rsquo;\u00e9quipement de mesure. [\/vc_column_text][\/vc_tta_section][vc_tta_section title=\u00a0\u00bb3 | VERIFICATION\u00a0\u00bb tab_id=\u00a0\u00bb1459392473489-bac699b6-a820&Prime;][vc_column_text] Surveillance de [&hellip;]\" \/>\n<meta property=\"og:url\" content=\"https:\/\/jormax.com\/fr\/qualite-et-securite-jormax\/\" \/>\n<meta property=\"og:site_name\" content=\"Jormax - F\u00e1brica de Escadas e Escadotes\" \/>\n<meta property=\"article:publisher\" content=\"https:\/\/www.facebook.com\/jormaxportugal\/\" \/>\n<meta property=\"article:modified_time\" content=\"2020-01-07T15:34:30+00:00\" \/>\n<meta property=\"og:image\" content=\"https:\/\/jormax.com\/wp-content\/uploads\/2019\/12\/logotipo-jormax-cor-stickymenu.png\" \/>\n\t<meta property=\"og:image:width\" content=\"235\" \/>\n\t<meta property=\"og:image:height\" content=\"59\" \/>\n\t<meta property=\"og:image:type\" content=\"image\/png\" \/>\n<meta name=\"twitter:card\" content=\"summary_large_image\" \/>\n<meta name=\"twitter:label1\" content=\"Dur\u00e9e de lecture estim\u00e9e\" \/>\n\t<meta name=\"twitter:data1\" content=\"4 minutes\" \/>\n<script type=\"application\/ld+json\" class=\"yoast-schema-graph\">{\"@context\":\"https:\/\/schema.org\",\"@graph\":[{\"@type\":\"WebPage\",\"@id\":\"https:\/\/jormax.com\/fr\/qualite-et-securite-jormax\/\",\"url\":\"https:\/\/jormax.com\/fr\/qualite-et-securite-jormax\/\",\"name\":\"Qualit\u00e9 et de S\u00e9curit\u00e9 - Jormax - F\u00e1brica de Escadas e Escadotes\",\"isPartOf\":{\"@id\":\"https:\/\/jormax.com\/fr\/#website\"},\"datePublished\":\"2019-03-04T09:59:39+00:00\",\"dateModified\":\"2020-01-07T15:34:30+00:00\",\"breadcrumb\":{\"@id\":\"https:\/\/jormax.com\/fr\/qualite-et-securite-jormax\/#breadcrumb\"},\"inLanguage\":\"fr-FR\",\"potentialAction\":[{\"@type\":\"ReadAction\",\"target\":[\"https:\/\/jormax.com\/fr\/qualite-et-securite-jormax\/\"]}]},{\"@type\":\"BreadcrumbList\",\"@id\":\"https:\/\/jormax.com\/fr\/qualite-et-securite-jormax\/#breadcrumb\",\"itemListElement\":[{\"@type\":\"ListItem\",\"position\":1,\"name\":\"In\u00edcio\",\"item\":\"https:\/\/jormax.com\/fr\/\"},{\"@type\":\"ListItem\",\"position\":2,\"name\":\"Qualit\u00e9 et de S\u00e9curit\u00e9\"}]},{\"@type\":\"WebSite\",\"@id\":\"https:\/\/jormax.com\/fr\/#website\",\"url\":\"https:\/\/jormax.com\/fr\/\",\"name\":\"Jormax - F\u00e1brica de Escadas e Escadotes\",\"description\":\"Fabricante de escadas, escadotes, andaimes, plataformas e solu\u00e7\u00f5es \u00e0 medida em alum\u00ednio e fibra de vidro certificados. F\u00e1brica com sede em Portugal.\",\"publisher\":{\"@id\":\"https:\/\/jormax.com\/fr\/#organization\"},\"potentialAction\":[{\"@type\":\"SearchAction\",\"target\":{\"@type\":\"EntryPoint\",\"urlTemplate\":\"https:\/\/jormax.com\/fr\/?s={search_term_string}\"},\"query-input\":{\"@type\":\"PropertyValueSpecification\",\"valueRequired\":true,\"valueName\":\"search_term_string\"}}],\"inLanguage\":\"fr-FR\"},{\"@type\":\"Organization\",\"@id\":\"https:\/\/jormax.com\/fr\/#organization\",\"name\":\"Jormax - Fabricant d' \u00c9chelles, Escabeau et \u00c9chafaudages\",\"url\":\"https:\/\/jormax.com\/fr\/\",\"logo\":{\"@type\":\"ImageObject\",\"inLanguage\":\"fr-FR\",\"@id\":\"https:\/\/jormax.com\/fr\/#\/schema\/logo\/image\/\",\"url\":\"http:\/\/jormax.com\/wp-content\/uploads\/2019\/12\/logotipo-jormax-cor-stickymenu.png\",\"contentUrl\":\"http:\/\/jormax.com\/wp-content\/uploads\/2019\/12\/logotipo-jormax-cor-stickymenu.png\",\"width\":235,\"height\":59,\"caption\":\"Jormax - Fabricant d' \u00c9chelles, Escabeau et \u00c9chafaudages\"},\"image\":{\"@id\":\"https:\/\/jormax.com\/fr\/#\/schema\/logo\/image\/\"},\"sameAs\":[\"https:\/\/www.facebook.com\/jormaxportugal\/\"]}]}<\/script>\n<!-- \/ Yoast SEO plugin. -->","yoast_head_json":{"title":"Qualit\u00e9 et de S\u00e9curit\u00e9 - Jormax - F\u00e1brica de Escadas e Escadotes","robots":{"index":"index","follow":"follow","max-snippet":"max-snippet:-1","max-image-preview":"max-image-preview:large","max-video-preview":"max-video-preview:-1"},"canonical":"https:\/\/jormax.com\/fr\/qualite-et-securite-jormax\/","og_locale":"fr_FR","og_type":"article","og_title":"Qualit\u00e9 et de S\u00e9curit\u00e9 - Jormax - F\u00e1brica de Escadas e Escadotes","og_description":"[vc_row][vc_column][vc_custom_heading text=\u00a0\u00bbD\u00c9PARTEMENT OP\u00c9RANT DANS 5 SECTEURS\u00a0\u00bb font_container=\u00a0\u00bbtag:h3|font_size:30px|text_align:left|color:%23272626|line_height:36px\u00a0\u00bb use_theme_fonts=\u00a0\u00bbyes\u00a0\u00bb icon=\u00a0\u00bbfa fa-gg\u00a0\u00bb css=\u00a0\u00bb.vc_custom_1555322499029{margin-bottom: 30px !important;}\u00a0\u00bb][vc_empty_space height=\u00a0\u00bb20px\u00a0\u00bb][\/vc_column][\/vc_row][vc_row][vc_column offset=\u00a0\u00bbvc_col-lg-6 vc_col-md-6&Prime;][vc_tta_accordion c_icon=\u00a0\u00bb\u00a0\u00bb active_section=\u00a0\u00bb1&Prime; el_class=\u00a0\u00bbbt-accordion-style1&Prime; css=\u00a0\u00bb.vc_custom_1551694289189{margin-bottom: 30px !important;}\u00a0\u00bb][vc_tta_section title=\u00a0\u00bb1 | EXECUTION\u00a0\u00bb tab_id=\u00a0\u00bb1459392343405-90ffc804-f1bd\u00a0\u00bb][vc_column_text] Essais pour surveiller la qualit\u00e9 du produit, la conformit\u00e9 et la certification. [\/vc_column_text][\/vc_tta_section][vc_tta_section title=\u00a0\u00bb2 | M\u00c9TROLOGIE\u00a0\u00bb tab_id=\u00a0\u00bb1459392343570-5b8dfb13-89b5&Prime;][vc_column_text] Calibrage de l&rsquo;\u00e9quipement de mesure. [\/vc_column_text][\/vc_tta_section][vc_tta_section title=\u00a0\u00bb3 | VERIFICATION\u00a0\u00bb tab_id=\u00a0\u00bb1459392473489-bac699b6-a820&Prime;][vc_column_text] Surveillance de [&hellip;]","og_url":"https:\/\/jormax.com\/fr\/qualite-et-securite-jormax\/","og_site_name":"Jormax - F\u00e1brica de Escadas e Escadotes","article_publisher":"https:\/\/www.facebook.com\/jormaxportugal\/","article_modified_time":"2020-01-07T15:34:30+00:00","og_image":[{"width":235,"height":59,"url":"https:\/\/jormax.com\/wp-content\/uploads\/2019\/12\/logotipo-jormax-cor-stickymenu.png","type":"image\/png"}],"twitter_card":"summary_large_image","twitter_misc":{"Dur\u00e9e de lecture estim\u00e9e":"4 minutes"},"schema":{"@context":"https:\/\/schema.org","@graph":[{"@type":"WebPage","@id":"https:\/\/jormax.com\/fr\/qualite-et-securite-jormax\/","url":"https:\/\/jormax.com\/fr\/qualite-et-securite-jormax\/","name":"Qualit\u00e9 et de S\u00e9curit\u00e9 - Jormax - F\u00e1brica de Escadas e Escadotes","isPartOf":{"@id":"https:\/\/jormax.com\/fr\/#website"},"datePublished":"2019-03-04T09:59:39+00:00","dateModified":"2020-01-07T15:34:30+00:00","breadcrumb":{"@id":"https:\/\/jormax.com\/fr\/qualite-et-securite-jormax\/#breadcrumb"},"inLanguage":"fr-FR","potentialAction":[{"@type":"ReadAction","target":["https:\/\/jormax.com\/fr\/qualite-et-securite-jormax\/"]}]},{"@type":"BreadcrumbList","@id":"https:\/\/jormax.com\/fr\/qualite-et-securite-jormax\/#breadcrumb","itemListElement":[{"@type":"ListItem","position":1,"name":"In\u00edcio","item":"https:\/\/jormax.com\/fr\/"},{"@type":"ListItem","position":2,"name":"Qualit\u00e9 et de S\u00e9curit\u00e9"}]},{"@type":"WebSite","@id":"https:\/\/jormax.com\/fr\/#website","url":"https:\/\/jormax.com\/fr\/","name":"Jormax - F\u00e1brica de Escadas e Escadotes","description":"Fabricante de escadas, escadotes, andaimes, plataformas e solu\u00e7\u00f5es \u00e0 medida em alum\u00ednio e fibra de vidro certificados. F\u00e1brica com sede em Portugal.","publisher":{"@id":"https:\/\/jormax.com\/fr\/#organization"},"potentialAction":[{"@type":"SearchAction","target":{"@type":"EntryPoint","urlTemplate":"https:\/\/jormax.com\/fr\/?s={search_term_string}"},"query-input":{"@type":"PropertyValueSpecification","valueRequired":true,"valueName":"search_term_string"}}],"inLanguage":"fr-FR"},{"@type":"Organization","@id":"https:\/\/jormax.com\/fr\/#organization","name":"Jormax - Fabricant d' \u00c9chelles, Escabeau et \u00c9chafaudages","url":"https:\/\/jormax.com\/fr\/","logo":{"@type":"ImageObject","inLanguage":"fr-FR","@id":"https:\/\/jormax.com\/fr\/#\/schema\/logo\/image\/","url":"http:\/\/jormax.com\/wp-content\/uploads\/2019\/12\/logotipo-jormax-cor-stickymenu.png","contentUrl":"http:\/\/jormax.com\/wp-content\/uploads\/2019\/12\/logotipo-jormax-cor-stickymenu.png","width":235,"height":59,"caption":"Jormax - Fabricant d' \u00c9chelles, Escabeau et \u00c9chafaudages"},"image":{"@id":"https:\/\/jormax.com\/fr\/#\/schema\/logo\/image\/"},"sameAs":["https:\/\/www.facebook.com\/jormaxportugal\/"]}]}},"_links":{"self":[{"href":"https:\/\/jormax.com\/fr\/wp-json\/wp\/v2\/pages\/7707","targetHints":{"allow":["GET"]}}],"collection":[{"href":"https:\/\/jormax.com\/fr\/wp-json\/wp\/v2\/pages"}],"about":[{"href":"https:\/\/jormax.com\/fr\/wp-json\/wp\/v2\/types\/page"}],"author":[{"embeddable":true,"href":"https:\/\/jormax.com\/fr\/wp-json\/wp\/v2\/users\/2"}],"replies":[{"embeddable":true,"href":"https:\/\/jormax.com\/fr\/wp-json\/wp\/v2\/comments?post=7707"}],"version-history":[{"count":0,"href":"https:\/\/jormax.com\/fr\/wp-json\/wp\/v2\/pages\/7707\/revisions"}],"wp:attachment":[{"href":"https:\/\/jormax.com\/fr\/wp-json\/wp\/v2\/media?parent=7707"}],"curies":[{"name":"wp","href":"https:\/\/api.w.org\/{rel}","templated":true}]}}