{"id":7684,"date":"2019-03-04T10:34:58","date_gmt":"2019-03-04T10:34:58","guid":{"rendered":"https:\/\/www.jormax.com\/faq\/"},"modified":"2020-01-20T00:39:54","modified_gmt":"2020-01-20T00:39:54","slug":"faq","status":"publish","type":"page","link":"https:\/\/jormax.com\/fr\/faq\/","title":{"rendered":"FAQ"},"content":{"rendered":"<div class=\"wpb-content-wrapper\"><p>[vc_row css=\u00a0\u00bb.vc_custom_1461138980298{padding-bottom: 90px !important;}\u00a0\u00bb][vc_column][vc_tta_tabs active_section=\u00a0\u00bb1&Prime; el_class=\u00a0\u00bbbt-tabs-style4&Prime;][vc_tta_section title=\u00a0\u00bbFOIRE AUX QUESTIONS\u00a0\u00bb tab_id=\u00a0\u00bb1461126709467-fe1b93b1-4c1d\u00a0\u00bb][vc_toggle title=\u00a0\u00bbPUIS-JE DEMANDER DES \u00c9CHELLES, DES \u00c9CHAFAUDAGES OU DES ACIERS AVEC LA MARQUE ET \u00caTRE PLUS CALME LORS D&rsquo;INSPECTIONS?\u00a0\u00bb open=\u00a0\u00bbtrue\u00a0\u00bb custom_font_container=\u00a0\u00bbtag:h2|font_size:17px|text_align:left|color:%23282828|line_height:25px\u00a0\u00bb custom_google_fonts=\u00a0\u00bbfont_family:Exo%3A100%2C100italic%2C200%2C200italic%2C300%2C300italic%2Cregular%2Citalic%2C500%2C500italic%2C600%2C600italic%2C700%2C700italic%2C800%2C800italic%2C900%2C900italic|font_style:500%20bold%20regular%3A500%3Anormal\u00a0\u00bb use_custom_heading=\u00a0\u00bbtrue\u00a0\u00bb el_id=\u00a0\u00bb1461138524575-bbb20347-6f50&Prime; el_class=\u00a0\u00bbbt-faq-style1&Prime;]La Directive Machines &#8211; Marque CE dis \u00e7a le marquage CE sur les \u00e9chelles et les \u00e9chafaudages est interdit en Europe. Ces produits ne figurent pas sur la liste des produits pour lesquels le marquage CE est reconnu. Il existe des normes sp\u00e9cifiques (EN) pour la construction d&rsquo;escaliers et d&rsquo;\u00e9chafaudages. La directive Machines ne r\u00e9glemente pas les \u00e9chelles et les \u00e9chafaudages. En r\u00e9sum\u00e9, il n&rsquo;y a pas d&rsquo;\u00e9chelles et d&rsquo;\u00e9chafaudages soumis aux normes CE. Le marquage CE s\u2019applique gratuitement sur les produits de levage tels que les ascenseurs, les nacelles \u00e9l\u00e9vatrices, les \u00e9chelles avec plate-forme \u00e9l\u00e9vatrice \u00e9lectrique ou manuelle, les ponts \u00e9lectriques, les ascenseurs \u00e9lectriques \u00e0 d\u00e9placement m\u00e9canique ou manuel, les monte-charges et les pendules.[\/vc_toggle][vc_toggle title=\u00a0\u00bbAVEZ-VOUS DES MANUELS D&rsquo;UTILISATEUR?\u00a0\u00bb open=\u00a0\u00bbtrue\u00a0\u00bb custom_font_container=\u00a0\u00bbtag:h2|font_size:17px|text_align:left|color:%23282828|line_height:25px\u00a0\u00bb custom_google_fonts=\u00a0\u00bbfont_family:Exo%3A100%2C100italic%2C200%2C200italic%2C300%2C300italic%2Cregular%2Citalic%2C500%2C500italic%2C600%2C600italic%2C700%2C700italic%2C800%2C800italic%2C900%2C900italic|font_style:500%20bold%20regular%3A500%3Anormal\u00a0\u00bb use_custom_heading=\u00a0\u00bbtrue\u00a0\u00bb el_id=\u00a0\u00bb1461137833085-35fe5783-d295&Prime; el_class=\u00a0\u00bbbt-faq-style1&Prime;]Tous nos articles sont \u00e9tiquet\u00e9s avec les r\u00e8gles et les suggestions d&rsquo;utilisation. Pour les produits plus complexes tels que les \u00e9chafaudages, nous proposons des manuels d&rsquo;utilisation.[\/vc_toggle][vc_toggle title=\u00a0\u00bbLES ARTICLES JORMAX SONT-ILS CERTIFI\u00c9S\u00a0\u00bb open=\u00a0\u00bbtrue\u00a0\u00bb custom_font_container=\u00a0\u00bbtag:h2|font_size:17px|text_align:left|color:%23282828|line_height:25px\u00a0\u00bb custom_google_fonts=\u00a0\u00bbfont_family:Exo%3A100%2C100italic%2C200%2C200italic%2C300%2C300italic%2Cregular%2Citalic%2C500%2C500italic%2C600%2C600italic%2C700%2C700italic%2C800%2C800italic%2C900%2C900italic|font_style:500%20bold%20regular%3A500%3Anormal\u00a0\u00bb use_custom_heading=\u00a0\u00bbtrue\u00a0\u00bb el_class=\u00a0\u00bbbt-faq-style1&Prime;]Oui, tous nos articles sont certifi\u00e9s selon les normes europ\u00e9ennes en vigueur. Pour des informations d\u00e9taill\u00e9es sur un article sp\u00e9cifique, veuillez contacter notre service commercial.[\/vc_toggle][\/vc_tta_section][\/vc_tta_tabs][\/vc_column][\/vc_row][vc_row bt_bg_overlay=\u00a0\u00bbrgba(28,28,28,0.86)\u00a0\u00bb bt_bg_fixed=\u00a0\u00bbtrue\u00a0\u00bb css=\u00a0\u00bb.vc_custom_1551696200593{padding-top: 90px !important;padding-bottom: 60px !important;background-image: url(http:\/\/jormax.com\/wp-content\/uploads\/2019\/03\/seccao-catalogos-jormax-2.jpg?id=4185) !important;background-position: center !important;background-repeat: no-repeat !important;background-size: cover !important;}\u00a0\u00bb][vc_column][vc_custom_heading text=\u00a0\u00bbDes questions?\u00a0\u00bb font_container=\u00a0\u00bbtag:h3|font_size:35px|text_align:center|color:%23fff4f4|line_height:38px\u00a0\u00bb use_theme_fonts=\u00a0\u00bbyes\u00a0\u00bb el_class=\u00a0\u00bbbt-poppins-font\u00a0\u00bb css=\u00a0\u00bb.vc_custom_1552405803376{margin-bottom: 10px !important;}\u00a0\u00bb][vc_custom_heading text=\u00a0\u00bbEnvoyez-nous un message et nous vous contacterons dans les meilleurs d\u00e9lais.\u00a0\u00bb font_container=\u00a0\u00bbtag:div|font_size:16px|text_align:center|color:%23ededed|line_height:24px\u00a0\u00bb use_theme_fonts=\u00a0\u00bbyes\u00a0\u00bb el_class=\u00a0\u00bbbt-poppins-font bt-subtext\u00a0\u00bb css=\u00a0\u00bb.vc_custom_1552405811943{margin-bottom: 50px !important;}\u00a0\u00bb][vc_empty_space][vc_row_inner el_class=\u00a0\u00bbbt-contact-info-section\u00a0\u00bb css=\u00a0\u00bb.vc_custom_1571825324820{padding-bottom: 33px !important;}\u00a0\u00bb][vc_column_inner width=\u00a0\u00bb1\/12&Prime;][vc_column_text]<i class=\"fas fa-mobile-alt\" style=\"font-size: 50px; color: #fb383b;\"><\/i>[\/vc_column_text][\/vc_column_inner][vc_column_inner width=\u00a0\u00bb3\/12&Prime;][vc_column_text]Tel.: <a style=\"color: #fff;\" href=\"tel:+351256783591\">(+351) 256 783 591<\/a><br \/>\nTel.: <a style=\"color: #fff;\" href=\"tel:+351938428235\">(+351) 938 428 235<\/a><br \/>\nFax: (+351) 256 783 585[\/vc_column_text][\/vc_column_inner][vc_column_inner width=\u00a0\u00bb1\/12&Prime;][vc_column_text]<i class=\"fas fa-envelope\" style=\"font-size: 50px; color: #fb383b;\"><\/i>[\/vc_column_text][\/vc_column_inner][vc_column_inner width=\u00a0\u00bb2\/12&Prime; css=\u00a0\u00bb.vc_custom_1571825193450{padding-top: 25px !important;}\u00a0\u00bb][vc_column_text]<a style=\"color: #fff;\" href=\"mailto:info@jormax.com\">info@jormax.com<\/a>[\/vc_column_text][\/vc_column_inner][vc_column_inner width=\u00a0\u00bb1\/12&Prime;][vc_column_text]<i class=\"fas fa-map-marker-alt\" style=\"font-size: 50px; color: #fb383b;\"><\/i>[\/vc_column_text][\/vc_column_inner][vc_column_inner width=\u00a0\u00bb4\/12&Prime;][vc_column_text]<\/p>\n<p style=\"color: #fff;\">Zona Industrial Rio Me\u00e3o, Apt. 459,<br \/>\n4525-475 &#8211; Santa Maria da Feira<br \/>\nPortugal<\/p>\n<p>[\/vc_column_text][\/vc_column_inner][\/vc_row_inner]\n<div class=\"wpcf7 no-js\" id=\"wpcf7-f8811-o1\" lang=\"fr-FR\" dir=\"ltr\" data-wpcf7-id=\"8811\">\n<div class=\"screen-reader-response\"><p role=\"status\" aria-live=\"polite\" aria-atomic=\"true\"><\/p> <ul><\/ul><\/div>\n<form action=\"\/fr\/wp-json\/wp\/v2\/pages\/7684#wpcf7-f8811-o1\" method=\"post\" class=\"wpcf7-form init\" aria-label=\"Formulaire de contact\" novalidate=\"novalidate\" data-status=\"init\">\n<div style=\"display: none;\">\n<input type=\"hidden\" name=\"_wpcf7\" value=\"8811\" \/>\n<input type=\"hidden\" name=\"_wpcf7_version\" value=\"6.0.4\" \/>\n<input type=\"hidden\" name=\"_wpcf7_locale\" value=\"fr_FR\" \/>\n<input type=\"hidden\" name=\"_wpcf7_unit_tag\" value=\"wpcf7-f8811-o1\" \/>\n<input type=\"hidden\" name=\"_wpcf7_container_post\" value=\"0\" \/>\n<input type=\"hidden\" name=\"_wpcf7_posted_data_hash\" value=\"\" \/>\n<input type=\"hidden\" name=\"_wpcf7_recaptcha_response\" value=\"\" \/>\n<\/div>\n<div class=\"row bt-contact-form3\">\n\t<div class=\"col-md-4\">\n\t\t<div class=\"bt-field-text name\">\n\t\t\t<p><span class=\"bt-label\"><\/span><span class=\"wpcf7-form-control-wrap\" data-name=\"your-name\"><input size=\"40\" maxlength=\"400\" class=\"wpcf7-form-control wpcf7-text wpcf7-validates-as-required\" aria-required=\"true\" aria-invalid=\"false\" placeholder=\"NOM *\" value=\"\" type=\"text\" name=\"your-name\" \/><\/span>\n\t\t\t<\/p>\n\t\t<\/div>\n\t<\/div>\n\t<div class=\"col-md-4\">\n\t\t<div class=\"bt-field-text email\">\n\t\t\t<p><span class=\"bt-label\"><\/span><span class=\"wpcf7-form-control-wrap\" data-name=\"your-email\"><input size=\"40\" maxlength=\"400\" class=\"wpcf7-form-control wpcf7-email wpcf7-validates-as-required wpcf7-text wpcf7-validates-as-email\" aria-required=\"true\" aria-invalid=\"false\" placeholder=\"EMAIL *\" value=\"\" type=\"email\" name=\"your-email\" \/><\/span>\n\t\t\t<\/p>\n\t\t<\/div>\n\t<\/div>\n\t<div class=\"col-md-4\">\n\t\t<div class=\"bt-field-text email\">\n\t\t\t<p><span class=\"bt-label\"><\/span><span class=\"wpcf7-form-control-wrap\" data-name=\"your-company\"><input size=\"40\" maxlength=\"400\" class=\"wpcf7-form-control wpcf7-text wpcf7-validates-as-required\" aria-required=\"true\" aria-invalid=\"false\" placeholder=\"COMPAGNIE *\" value=\"\" type=\"text\" name=\"your-company\" \/><\/span>\n\t\t\t<\/p>\n\t\t<\/div>\n\t<\/div>\n\t<div class=\"col-md-4\">\n\t\t<div class=\"bt-field-text email\">\n\t\t\t<p><span class=\"bt-label\"><\/span><span class=\"wpcf7-form-control-wrap\" data-name=\"your-phone\"><input class=\"wpcf7-form-control wpcf7-number wpcf7-validates-as-required wpcf7-validates-as-number\" aria-required=\"true\" aria-invalid=\"false\" placeholder=\"T\u00c9L\u00c9PHONE *\" value=\"\" type=\"number\" name=\"your-phone\" \/><\/span>\n\t\t\t<\/p>\n\t\t<\/div>\n\t<\/div>\n\t<div class=\"col-md-4\">\n\t\t<div class=\"bt-field-text name\">\n\t\t\t<p><span class=\"bt-label\"><\/span><span class=\"wpcf7-form-control-wrap\" data-name=\"your-address1\"><input size=\"40\" maxlength=\"400\" class=\"wpcf7-form-control wpcf7-text wpcf7-validates-as-required\" aria-required=\"true\" aria-invalid=\"false\" placeholder=\"ADRESSE *\" value=\"\" type=\"text\" name=\"your-address1\" \/><\/span>\n\t\t\t<\/p>\n\t\t<\/div>\n\t<\/div>\n\t<div class=\"col-md-4\">\n\t\t<div class=\"bt-field-text email\">\n\t\t\t<p><span class=\"bt-label\"><\/span><span class=\"wpcf7-form-control-wrap\" data-name=\"your-address2\"><input size=\"40\" maxlength=\"400\" class=\"wpcf7-form-control wpcf7-text wpcf7-validates-as-required\" aria-required=\"true\" aria-invalid=\"false\" placeholder=\"EMPLACEMENT *\" value=\"\" type=\"text\" name=\"your-address2\" \/><\/span>\n\t\t\t<\/p>\n\t\t<\/div>\n\t<\/div>\n\t<div class=\"col-md-12\">\n\t\t<div class=\"bt-field-text subject\">\n\t\t\t<p><span class=\"bt-label\"><\/span><span class=\"wpcf7-form-control-wrap\" data-name=\"your-subject\"><input size=\"40\" maxlength=\"400\" class=\"wpcf7-form-control wpcf7-text wpcf7-validates-as-required\" aria-required=\"true\" aria-invalid=\"false\" placeholder=\"SUJET *\" value=\"\" type=\"text\" name=\"your-subject\" \/><\/span>\n\t\t\t<\/p>\n\t\t<\/div>\n\t<\/div>\n\t<div class=\"col-md-12\">\n\t\t<div class=\"bt-field-text content\">\n\t\t\t<p><span class=\"wpcf7-form-control-wrap\" data-name=\"your-message\"><textarea cols=\"40\" rows=\"10\" maxlength=\"2000\" class=\"wpcf7-form-control wpcf7-textarea wpcf7-validates-as-required\" aria-required=\"true\" aria-invalid=\"false\" placeholder=\"MESSAGE *\" name=\"your-message\"><\/textarea><\/span>\n\t\t\t<\/p>\n\t\t<\/div>\n\t<\/div>\n\t<div class=\"col-md-12\">\n\t\t<div class=\"bt-field-text content\" style=\"font-size:11px; margin-bottom: 9px;\">\n\t\t\t<p><span class=\"wpcf7-form-control-wrap\" data-name=\"acceptance-785\"><span class=\"wpcf7-form-control wpcf7-acceptance\"><span class=\"wpcf7-list-item\"><input type=\"checkbox\" name=\"acceptance-785\" value=\"1\" aria-invalid=\"false\" \/><\/span><\/span><\/span> J'ai lu et j'accepte les r\u00e8gles de JORMAX en <a href=\"http:\/\/jormax.com\/fr\/politique-de-confidentialite\/\" target=\"_blank\">mati\u00e8re de confidentialit\u00e9 et de protection des donn\u00e9es personnelles<\/a>. *<br \/>\n<span class=\"wpcf7-form-control-wrap\" data-name=\"acceptance-786\"><span class=\"wpcf7-form-control wpcf7-acceptance\"><span class=\"wpcf7-list-item\"><input type=\"checkbox\" name=\"acceptance-786\" value=\"1\" aria-invalid=\"false\" \/><\/span><\/span><\/span> J'autorise l'utilisation des donn\u00e9es collect\u00e9es \u00e0 \u00eatre contact\u00e9 \u00e0 ce sujet. *\n\t\t\t<\/p>\n\t\t\t<p style=\"padding-left: 1px;\"><i class=\"fab fa-google\"><\/i> Ce site est prot\u00e9g\u00e9 par reCAPTCHA et la <a href=\"https:\/\/policies.google.com\/privacy\">politique de confidentialit\u00e9<\/a> et les <a href=\"https:\/\/policies.google.com\/terms\">conditions d'utilisation<\/a> de Google s'appliquent.\n\t\t\t<\/p>\n\t\t<\/div>\n\t<\/div>\n\t<div class=\"col-md-12 text-left\">\n\t\t<p><input class=\"wpcf7-form-control wpcf7-submit has-spinner\" type=\"submit\" value=\"ENVOYER UN MESSAGE\" \/>\n\t\t<\/p>\n\t<\/div>\n\t<div class=\"col-md-12 text-right\">\n\t\t<p style=\"font-size:11px;color:#FFF;\">*Champs obligatoires\n\t\t<\/p>\n\t<\/div>\n<\/div><div class=\"wpcf7-response-output\" aria-hidden=\"true\"><\/div>\n<\/form>\n<\/div>\n[\/vc_column][\/vc_row]<\/p>\n<\/div>","protected":false},"excerpt":{"rendered":"<p>[vc_row css=\u00a0\u00bb.vc_custom_1461138980298{padding-bottom: 90px !important;}\u00a0\u00bb][vc_column][vc_tta_tabs active_section=\u00a0\u00bb1&Prime; el_class=\u00a0\u00bbbt-tabs-style4&Prime;][vc_tta_section title=\u00a0\u00bbFOIRE AUX QUESTIONS\u00a0\u00bb tab_id=\u00a0\u00bb1461126709467-fe1b93b1-4c1d\u00a0\u00bb][vc_toggle title=\u00a0\u00bbPUIS-JE DEMANDER DES \u00c9CHELLES, DES \u00c9CHAFAUDAGES OU DES ACIERS AVEC LA MARQUE ET \u00caTRE PLUS CALME LORS D&rsquo;INSPECTIONS?\u00a0\u00bb open=\u00a0\u00bbtrue\u00a0\u00bb custom_font_container=\u00a0\u00bbtag:h2|font_size:17px|text_align:left|color:%23282828|line_height:25px\u00a0\u00bb custom_google_fonts=\u00a0\u00bbfont_family:Exo%3A100%2C100italic%2C200%2C200italic%2C300%2C300italic%2Cregular%2Citalic%2C500%2C500italic%2C600%2C600italic%2C700%2C700italic%2C800%2C800italic%2C900%2C900italic|font_style:500%20bold%20regular%3A500%3Anormal\u00a0\u00bb use_custom_heading=\u00a0\u00bbtrue\u00a0\u00bb el_id=\u00a0\u00bb1461138524575-bbb20347-6f50&Prime; el_class=\u00a0\u00bbbt-faq-style1&Prime;]La Directive Machines &#8211; Marque CE dis \u00e7a le marquage CE sur les \u00e9chelles et les \u00e9chafaudages est interdit en Europe. Ces [&hellip;]<\/p>\n","protected":false},"author":2,"featured_media":0,"parent":0,"menu_order":58,"comment_status":"closed","ping_status":"closed","template":"","meta":{"footnotes":""},"class_list":["post-7684","page","type-page","status-publish","hentry"],"yoast_head":"<!-- This site is optimized with the Yoast SEO plugin v24.5 - https:\/\/yoast.com\/wordpress\/plugins\/seo\/ -->\n<title>FAQ - Jormax - F\u00e1brica de Escadas e Escadotes<\/title>\n<meta name=\"robots\" content=\"index, follow, max-snippet:-1, max-image-preview:large, max-video-preview:-1\" \/>\n<link rel=\"canonical\" href=\"https:\/\/jormax.com\/fr\/faq\/\" \/>\n<meta property=\"og:locale\" content=\"fr_FR\" \/>\n<meta property=\"og:type\" content=\"article\" \/>\n<meta property=\"og:title\" content=\"FAQ - Jormax - F\u00e1brica de Escadas e Escadotes\" \/>\n<meta property=\"og:description\" content=\"[vc_row css=\u00a0\u00bb.vc_custom_1461138980298{padding-bottom: 90px !important;}\u00a0\u00bb][vc_column][vc_tta_tabs active_section=\u00a0\u00bb1&Prime; el_class=\u00a0\u00bbbt-tabs-style4&Prime;][vc_tta_section title=\u00a0\u00bbFOIRE AUX QUESTIONS\u00a0\u00bb tab_id=\u00a0\u00bb1461126709467-fe1b93b1-4c1d\u00a0\u00bb][vc_toggle title=\u00a0\u00bbPUIS-JE DEMANDER DES \u00c9CHELLES, DES \u00c9CHAFAUDAGES OU DES ACIERS AVEC LA MARQUE ET \u00caTRE PLUS CALME LORS D&rsquo;INSPECTIONS?\u00a0\u00bb open=\u00a0\u00bbtrue\u00a0\u00bb custom_font_container=\u00a0\u00bbtag:h2|font_size:17px|text_align:left|color:%23282828|line_height:25px\u00a0\u00bb custom_google_fonts=\u00a0\u00bbfont_family:Exo%3A100%2C100italic%2C200%2C200italic%2C300%2C300italic%2Cregular%2Citalic%2C500%2C500italic%2C600%2C600italic%2C700%2C700italic%2C800%2C800italic%2C900%2C900italic|font_style:500%20bold%20regular%3A500%3Anormal\u00a0\u00bb use_custom_heading=\u00a0\u00bbtrue\u00a0\u00bb el_id=\u00a0\u00bb1461138524575-bbb20347-6f50&Prime; el_class=\u00a0\u00bbbt-faq-style1&Prime;]La Directive Machines &#8211; Marque CE dis \u00e7a le marquage CE sur les \u00e9chelles et les \u00e9chafaudages est interdit en Europe. Ces [&hellip;]\" \/>\n<meta property=\"og:url\" content=\"https:\/\/jormax.com\/fr\/faq\/\" \/>\n<meta property=\"og:site_name\" content=\"Jormax - F\u00e1brica de Escadas e Escadotes\" \/>\n<meta property=\"article:publisher\" content=\"https:\/\/www.facebook.com\/jormaxportugal\/\" \/>\n<meta property=\"article:modified_time\" content=\"2020-01-20T00:39:54+00:00\" \/>\n<meta property=\"og:image\" content=\"https:\/\/jormax.com\/wp-content\/uploads\/2019\/12\/logotipo-jormax-cor-stickymenu.png\" \/>\n\t<meta property=\"og:image:width\" content=\"235\" \/>\n\t<meta property=\"og:image:height\" content=\"59\" \/>\n\t<meta property=\"og:image:type\" content=\"image\/png\" \/>\n<meta name=\"twitter:card\" content=\"summary_large_image\" \/>\n<meta name=\"twitter:label1\" content=\"Dur\u00e9e de lecture estim\u00e9e\" \/>\n\t<meta name=\"twitter:data1\" content=\"4 minutes\" \/>\n<script type=\"application\/ld+json\" class=\"yoast-schema-graph\">{\"@context\":\"https:\/\/schema.org\",\"@graph\":[{\"@type\":\"WebPage\",\"@id\":\"https:\/\/jormax.com\/fr\/faq\/\",\"url\":\"https:\/\/jormax.com\/fr\/faq\/\",\"name\":\"FAQ - Jormax - F\u00e1brica de Escadas e Escadotes\",\"isPartOf\":{\"@id\":\"https:\/\/jormax.com\/fr\/#website\"},\"datePublished\":\"2019-03-04T10:34:58+00:00\",\"dateModified\":\"2020-01-20T00:39:54+00:00\",\"breadcrumb\":{\"@id\":\"https:\/\/jormax.com\/fr\/faq\/#breadcrumb\"},\"inLanguage\":\"fr-FR\",\"potentialAction\":[{\"@type\":\"ReadAction\",\"target\":[\"https:\/\/jormax.com\/fr\/faq\/\"]}]},{\"@type\":\"BreadcrumbList\",\"@id\":\"https:\/\/jormax.com\/fr\/faq\/#breadcrumb\",\"itemListElement\":[{\"@type\":\"ListItem\",\"position\":1,\"name\":\"In\u00edcio\",\"item\":\"https:\/\/jormax.com\/fr\/\"},{\"@type\":\"ListItem\",\"position\":2,\"name\":\"FAQ\"}]},{\"@type\":\"WebSite\",\"@id\":\"https:\/\/jormax.com\/fr\/#website\",\"url\":\"https:\/\/jormax.com\/fr\/\",\"name\":\"Jormax - F\u00e1brica de Escadas e Escadotes\",\"description\":\"Fabricante de escadas, escadotes, andaimes, plataformas e solu\u00e7\u00f5es \u00e0 medida em alum\u00ednio e fibra de vidro certificados. F\u00e1brica com sede em Portugal.\",\"publisher\":{\"@id\":\"https:\/\/jormax.com\/fr\/#organization\"},\"potentialAction\":[{\"@type\":\"SearchAction\",\"target\":{\"@type\":\"EntryPoint\",\"urlTemplate\":\"https:\/\/jormax.com\/fr\/?s={search_term_string}\"},\"query-input\":{\"@type\":\"PropertyValueSpecification\",\"valueRequired\":true,\"valueName\":\"search_term_string\"}}],\"inLanguage\":\"fr-FR\"},{\"@type\":\"Organization\",\"@id\":\"https:\/\/jormax.com\/fr\/#organization\",\"name\":\"Jormax - Fabricant d' \u00c9chelles, Escabeau et \u00c9chafaudages\",\"url\":\"https:\/\/jormax.com\/fr\/\",\"logo\":{\"@type\":\"ImageObject\",\"inLanguage\":\"fr-FR\",\"@id\":\"https:\/\/jormax.com\/fr\/#\/schema\/logo\/image\/\",\"url\":\"http:\/\/jormax.com\/wp-content\/uploads\/2019\/12\/logotipo-jormax-cor-stickymenu.png\",\"contentUrl\":\"http:\/\/jormax.com\/wp-content\/uploads\/2019\/12\/logotipo-jormax-cor-stickymenu.png\",\"width\":235,\"height\":59,\"caption\":\"Jormax - Fabricant d' \u00c9chelles, Escabeau et \u00c9chafaudages\"},\"image\":{\"@id\":\"https:\/\/jormax.com\/fr\/#\/schema\/logo\/image\/\"},\"sameAs\":[\"https:\/\/www.facebook.com\/jormaxportugal\/\"]}]}<\/script>\n<!-- \/ Yoast SEO plugin. -->","yoast_head_json":{"title":"FAQ - Jormax - F\u00e1brica de Escadas e Escadotes","robots":{"index":"index","follow":"follow","max-snippet":"max-snippet:-1","max-image-preview":"max-image-preview:large","max-video-preview":"max-video-preview:-1"},"canonical":"https:\/\/jormax.com\/fr\/faq\/","og_locale":"fr_FR","og_type":"article","og_title":"FAQ - Jormax - F\u00e1brica de Escadas e Escadotes","og_description":"[vc_row css=\u00a0\u00bb.vc_custom_1461138980298{padding-bottom: 90px !important;}\u00a0\u00bb][vc_column][vc_tta_tabs active_section=\u00a0\u00bb1&Prime; el_class=\u00a0\u00bbbt-tabs-style4&Prime;][vc_tta_section title=\u00a0\u00bbFOIRE AUX QUESTIONS\u00a0\u00bb tab_id=\u00a0\u00bb1461126709467-fe1b93b1-4c1d\u00a0\u00bb][vc_toggle title=\u00a0\u00bbPUIS-JE DEMANDER DES \u00c9CHELLES, DES \u00c9CHAFAUDAGES OU DES ACIERS AVEC LA MARQUE ET \u00caTRE PLUS CALME LORS D&rsquo;INSPECTIONS?\u00a0\u00bb open=\u00a0\u00bbtrue\u00a0\u00bb custom_font_container=\u00a0\u00bbtag:h2|font_size:17px|text_align:left|color:%23282828|line_height:25px\u00a0\u00bb custom_google_fonts=\u00a0\u00bbfont_family:Exo%3A100%2C100italic%2C200%2C200italic%2C300%2C300italic%2Cregular%2Citalic%2C500%2C500italic%2C600%2C600italic%2C700%2C700italic%2C800%2C800italic%2C900%2C900italic|font_style:500%20bold%20regular%3A500%3Anormal\u00a0\u00bb use_custom_heading=\u00a0\u00bbtrue\u00a0\u00bb el_id=\u00a0\u00bb1461138524575-bbb20347-6f50&Prime; el_class=\u00a0\u00bbbt-faq-style1&Prime;]La Directive Machines &#8211; Marque CE dis \u00e7a le marquage CE sur les \u00e9chelles et les \u00e9chafaudages est interdit en Europe. Ces [&hellip;]","og_url":"https:\/\/jormax.com\/fr\/faq\/","og_site_name":"Jormax - F\u00e1brica de Escadas e Escadotes","article_publisher":"https:\/\/www.facebook.com\/jormaxportugal\/","article_modified_time":"2020-01-20T00:39:54+00:00","og_image":[{"width":235,"height":59,"url":"https:\/\/jormax.com\/wp-content\/uploads\/2019\/12\/logotipo-jormax-cor-stickymenu.png","type":"image\/png"}],"twitter_card":"summary_large_image","twitter_misc":{"Dur\u00e9e de lecture estim\u00e9e":"4 minutes"},"schema":{"@context":"https:\/\/schema.org","@graph":[{"@type":"WebPage","@id":"https:\/\/jormax.com\/fr\/faq\/","url":"https:\/\/jormax.com\/fr\/faq\/","name":"FAQ - Jormax - F\u00e1brica de Escadas e Escadotes","isPartOf":{"@id":"https:\/\/jormax.com\/fr\/#website"},"datePublished":"2019-03-04T10:34:58+00:00","dateModified":"2020-01-20T00:39:54+00:00","breadcrumb":{"@id":"https:\/\/jormax.com\/fr\/faq\/#breadcrumb"},"inLanguage":"fr-FR","potentialAction":[{"@type":"ReadAction","target":["https:\/\/jormax.com\/fr\/faq\/"]}]},{"@type":"BreadcrumbList","@id":"https:\/\/jormax.com\/fr\/faq\/#breadcrumb","itemListElement":[{"@type":"ListItem","position":1,"name":"In\u00edcio","item":"https:\/\/jormax.com\/fr\/"},{"@type":"ListItem","position":2,"name":"FAQ"}]},{"@type":"WebSite","@id":"https:\/\/jormax.com\/fr\/#website","url":"https:\/\/jormax.com\/fr\/","name":"Jormax - F\u00e1brica de Escadas e Escadotes","description":"Fabricante de escadas, escadotes, andaimes, plataformas e solu\u00e7\u00f5es \u00e0 medida em alum\u00ednio e fibra de vidro certificados. F\u00e1brica com sede em Portugal.","publisher":{"@id":"https:\/\/jormax.com\/fr\/#organization"},"potentialAction":[{"@type":"SearchAction","target":{"@type":"EntryPoint","urlTemplate":"https:\/\/jormax.com\/fr\/?s={search_term_string}"},"query-input":{"@type":"PropertyValueSpecification","valueRequired":true,"valueName":"search_term_string"}}],"inLanguage":"fr-FR"},{"@type":"Organization","@id":"https:\/\/jormax.com\/fr\/#organization","name":"Jormax - Fabricant d' \u00c9chelles, Escabeau et \u00c9chafaudages","url":"https:\/\/jormax.com\/fr\/","logo":{"@type":"ImageObject","inLanguage":"fr-FR","@id":"https:\/\/jormax.com\/fr\/#\/schema\/logo\/image\/","url":"http:\/\/jormax.com\/wp-content\/uploads\/2019\/12\/logotipo-jormax-cor-stickymenu.png","contentUrl":"http:\/\/jormax.com\/wp-content\/uploads\/2019\/12\/logotipo-jormax-cor-stickymenu.png","width":235,"height":59,"caption":"Jormax - Fabricant d' \u00c9chelles, Escabeau et \u00c9chafaudages"},"image":{"@id":"https:\/\/jormax.com\/fr\/#\/schema\/logo\/image\/"},"sameAs":["https:\/\/www.facebook.com\/jormaxportugal\/"]}]}},"_links":{"self":[{"href":"https:\/\/jormax.com\/fr\/wp-json\/wp\/v2\/pages\/7684","targetHints":{"allow":["GET"]}}],"collection":[{"href":"https:\/\/jormax.com\/fr\/wp-json\/wp\/v2\/pages"}],"about":[{"href":"https:\/\/jormax.com\/fr\/wp-json\/wp\/v2\/types\/page"}],"author":[{"embeddable":true,"href":"https:\/\/jormax.com\/fr\/wp-json\/wp\/v2\/users\/2"}],"replies":[{"embeddable":true,"href":"https:\/\/jormax.com\/fr\/wp-json\/wp\/v2\/comments?post=7684"}],"version-history":[{"count":4,"href":"https:\/\/jormax.com\/fr\/wp-json\/wp\/v2\/pages\/7684\/revisions"}],"predecessor-version":[{"id":12131,"href":"https:\/\/jormax.com\/fr\/wp-json\/wp\/v2\/pages\/7684\/revisions\/12131"}],"wp:attachment":[{"href":"https:\/\/jormax.com\/fr\/wp-json\/wp\/v2\/media?parent=7684"}],"curies":[{"name":"wp","href":"https:\/\/api.w.org\/{rel}","templated":true}]}}