{"id":7677,"date":"2019-11-12T17:42:11","date_gmt":"2019-11-12T17:42:11","guid":{"rendered":"https:\/\/www.jormax.com\/la-formation\/"},"modified":"2020-01-21T11:37:00","modified_gmt":"2020-01-21T11:37:00","slug":"la-formation","status":"publish","type":"page","link":"https:\/\/jormax.com\/fr\/la-formation\/","title":{"rendered":"La formation"},"content":{"rendered":"<div class=\"wpb-content-wrapper\"><p>[vc_row css=\u00a0\u00bb.vc_custom_1460947094614{padding-bottom: 60px !important;background-position: center !important;background-repeat: no-repeat !important;background-size: cover !important;}\u00a0\u00bb][vc_column][vc_custom_heading text=\u00a0\u00bbAssemblage, utilisation en toute s\u00e9curit\u00e9, d\u00e9montage et maintenance\u00a0\u00bb font_container=\u00a0\u00bbtag:h6|font_size:15px|text_align:center|color:%23454545|line_height:24px\u00a0\u00bb google_fonts=\u00a0\u00bbfont_family:Lato%3A100%2C100italic%2C300%2C300italic%2Cregular%2Citalic%2C700%2C700italic%2C900%2C900italic|font_style:400%20italic%3A400%3Aitalic\u00a0\u00bb custom_css=\u00a0\u00bbletter-spacing: 0.08em;\u00a0\u00bb css=\u00a0\u00bb.vc_custom_1551871954948{margin-bottom: 5px !important;}\u00a0\u00bb][vc_custom_heading text=\u00a0\u00bbUTILISEZ LES PRODUITS JORMAX AU MAX, TOUJOURS S\u00c9CURIS\u00c9S!\u00a0\u00bb font_container=\u00a0\u00bbtag:h3|font_size:30px|text_align:center|color:%23454545|line_height:46px\u00a0\u00bb use_theme_fonts=\u00a0\u00bbyes\u00a0\u00bb el_class=\u00a0\u00bbbt-poppins-font\u00a0\u00bb css=\u00a0\u00bb.vc_custom_1555322109484{margin-bottom: 10px !important;}\u00a0\u00bb][vc_column_text css=\u00a0\u00bb.vc_custom_1579606250023{margin-bottom: 60px !important;}\u00a0\u00bb]<\/p>\n<p class=\"bt-default-font-main\" style=\"font-size: 15px; line-height: 28px; letter-spacing: 0.05em; color: #646464; text-align: center;\">Nous organisons des formations pour tous nos employ\u00e9s, ainsi que nos clients, afin qu&rsquo;ils puissent profiter et utiliser pleinement nos produits, en toute s\u00e9curit\u00e9!<\/p>\n<p>[\/vc_column_text][vc_row_inner][vc_column_inner width=\u00a0\u00bb1\/4&Prime;][vc_single_image image=\u00a0\u00bb9018&Prime; img_size=\u00a0\u00bbfull\u00a0\u00bb][vc_custom_heading text=\u00a0\u00bbAssemblage\u00a0\u00bb font_container=\u00a0\u00bbtag:h6|font_size:20px|text_align:center|color:%23454545|line_height:24px\u00a0\u00bb google_fonts=\u00a0\u00bbfont_family:Lato%3A100%2C100italic%2C300%2C300italic%2Cregular%2Citalic%2C700%2C700italic%2C900%2C900italic|font_style:400%20regular%3A400%3Anormal\u00a0\u00bb custom_css=\u00a0\u00bbletter-spacing: 0.08em;\u00a0\u00bb css=\u00a0\u00bb.vc_custom_1551871992913{margin-bottom: 5px !important;}\u00a0\u00bb][\/vc_column_inner][vc_column_inner width=\u00a0\u00bb1\/4&Prime;][vc_single_image image=\u00a0\u00bb9021&Prime; img_size=\u00a0\u00bbfull\u00a0\u00bb][vc_custom_heading text=\u00a0\u00bbUtilisation en Toute S\u00e9curit\u00e9\u00a0\u00bb font_container=\u00a0\u00bbtag:h6|font_size:20px|text_align:center|color:%23454545|line_height:24px\u00a0\u00bb google_fonts=\u00a0\u00bbfont_family:Lato%3A100%2C100italic%2C300%2C300italic%2Cregular%2Citalic%2C700%2C700italic%2C900%2C900italic|font_style:400%20regular%3A400%3Anormal\u00a0\u00bb custom_css=\u00a0\u00bbletter-spacing: 0.08em;\u00a0\u00bb css=\u00a0\u00bb.vc_custom_1551872001434{margin-bottom: 5px !important;}\u00a0\u00bb][\/vc_column_inner][vc_column_inner width=\u00a0\u00bb1\/4&Prime;][vc_single_image image=\u00a0\u00bb9012&Prime; img_size=\u00a0\u00bbfull\u00a0\u00bb][vc_custom_heading text=\u00a0\u00bbD\u00e9montage\u00a0\u00bb font_container=\u00a0\u00bbtag:h6|font_size:20px|text_align:center|color:%23454545|line_height:24px\u00a0\u00bb google_fonts=\u00a0\u00bbfont_family:Lato%3A100%2C100italic%2C300%2C300italic%2Cregular%2Citalic%2C700%2C700italic%2C900%2C900italic|font_style:400%20regular%3A400%3Anormal\u00a0\u00bb custom_css=\u00a0\u00bbletter-spacing: 0.08em;\u00a0\u00bb css=\u00a0\u00bb.vc_custom_1551872007394{margin-bottom: 5px !important;}\u00a0\u00bb][\/vc_column_inner][vc_column_inner width=\u00a0\u00bb1\/4&Prime;][vc_single_image image=\u00a0\u00bb9015&Prime; img_size=\u00a0\u00bbfull\u00a0\u00bb][vc_custom_heading text=\u00a0\u00bbMaintenance\u00a0\u00bb font_container=\u00a0\u00bbtag:h6|font_size:20px|text_align:center|color:%23454545|line_height:24px\u00a0\u00bb google_fonts=\u00a0\u00bbfont_family:Lato%3A100%2C100italic%2C300%2C300italic%2Cregular%2Citalic%2C700%2C700italic%2C900%2C900italic|font_style:400%20regular%3A400%3Anormal\u00a0\u00bb custom_css=\u00a0\u00bbletter-spacing: 0.08em;\u00a0\u00bb css=\u00a0\u00bb.vc_custom_1551872018177{margin-bottom: 5px !important;}\u00a0\u00bb][\/vc_column_inner][\/vc_row_inner][\/vc_column][\/vc_row][vc_row][vc_column][vc_separator][\/vc_column][\/vc_row][vc_row][vc_column][vc_custom_heading text=\u00a0\u00bbConform\u00e9ment aux r\u00e8gles en vigueur\u00a0\u00bb font_container=\u00a0\u00bbtag:h6|font_size:15px|text_align:center|color:%23454545|line_height:24px\u00a0\u00bb google_fonts=\u00a0\u00bbfont_family:Lato%3A100%2C100italic%2C300%2C300italic%2Cregular%2Citalic%2C700%2C700italic%2C900%2C900italic|font_style:400%20italic%3A400%3Aitalic\u00a0\u00bb custom_css=\u00a0\u00bbletter-spacing: 0.08em;\u00a0\u00bb css=\u00a0\u00bb.vc_custom_1551882500632{margin-bottom: 5px !important;}\u00a0\u00bb][vc_custom_heading text=\u00a0\u00bbD\u00e9cret l\u00e9gislatif n \u00b0 50 de 2005&Prime; font_container=\u00a0\u00bbtag:h3|font_size:30px|text_align:center|color:%23454545|line_height:46px\u00a0\u00bb use_theme_fonts=\u00a0\u00bbyes\u00a0\u00bb el_class=\u00a0\u00bbbt-poppins-font\u00a0\u00bb][vc_column_text css=\u00a0\u00bb.vc_custom_1579605649658{margin-top: 30px !important;margin-bottom: 0px !important;}\u00a0\u00bb]<\/p>\n<p class=\"bt-default-font-main\" style=\"font-size: 15px; line-height: 28px; letter-spacing: 0.05em; color: #646464; text-align: center;\">Loi sur la s\u00e9curit\u00e9 au travail D. Le d\u00e9cret l\u00e9gislatif n \u00b0 50 de 2005, conform\u00e9ment aux r\u00e8gles en vigueur, r\u00e9affirme et r\u00e9it\u00e8re l&rsquo;obligation de l&#8217;employeur de s&rsquo;assurer que, pour chaque \u00e9quipement de travail mis \u00e0 disposition, les travailleurs utilis\u00e9s doivent disposer de toutes les informations et les instructions n\u00e9cessaires et recevoir une formation appropri\u00e9e concernant la s\u00e9curit\u00e9 et les conditions d&rsquo;utilisation de l&rsquo;\u00e9quipement dans des situations anormales normales et pr\u00e9visibles.<\/p>\n<p>[\/vc_column_text][vc_empty_space][\/vc_column][\/vc_row][vc_row][vc_column][vc_separator][vc_empty_space][\/vc_column][\/vc_row][vc_row css=\u00a0\u00bb.vc_custom_1551885321146{padding-bottom: 30px !important;}\u00a0\u00bb][vc_column width=\u00a0\u00bb1\/2&Prime;][vc_custom_heading text=\u00a0\u00bbDUR\u00c9E: 5\/6 HEURES\u00a0\u00bb font_container=\u00a0\u00bbtag:h3|font_size:30px|text_align:left|color:%23272626|line_height:36px\u00a0\u00bb use_theme_fonts=\u00a0\u00bbyes\u00a0\u00bb icon=\u00a0\u00bbfa fa-gg\u00a0\u00bb css=\u00a0\u00bb.vc_custom_1555322170428{margin-bottom: 30px !important;}\u00a0\u00bb][vc_custom_heading text=\u00a0\u00bbL&#8217;employeur informe \u00e9galement les travailleurs des risques auxquels ils sont expos\u00e9s lors de l&rsquo;utilisation d&rsquo;\u00e9quipements de travail.\u00a0\u00bb font_container=\u00a0\u00bbtag:div|font_size:14px|text_align:left|color:%23929292|line_height:24px\u00a0\u00bb use_theme_fonts=\u00a0\u00bbyes\u00a0\u00bb el_class=\u00a0\u00bbbt-poppins-font bt-subtext\u00a0\u00bb css=\u00a0\u00bb.vc_custom_1551874200652{margin-bottom: 60px !important;}\u00a0\u00bb][vc_empty_space height=\u00a0\u00bb15px\u00a0\u00bb][vc_row_inner][vc_column_inner width=\u00a0\u00bb1\/2&Prime;]\t\t<div class=\"bt-service-wrap style1_1 \">\n\t\t\t<div class=\"bt-service\">\n\t\t\t\t<div class=\"bt-icon\"><i class=\"fa fa-minus\"><\/i><\/div><h5 class=\"bt-title\">Non. minimal<\/h5><div class=\"bt-content\"><p>8 personnes par cours<\/p>\n<\/div>\t\t\t<\/div>\n\t\t<\/div>\n\t\t\n    [\/vc_column_inner][vc_column_inner width=\u00a0\u00bb1\/2&Prime;]\t\t<div class=\"bt-service-wrap style1_1 \">\n\t\t\t<div class=\"bt-service\">\n\t\t\t\t<div class=\"bt-icon\"><i class=\"fa fa-plus\"><\/i><\/div><h5 class=\"bt-title\">Non. maximum<\/h5><div class=\"bt-content\"><p>20 personnes par cours<\/p>\n<\/div>\t\t\t<\/div>\n\t\t<\/div>\n\t\t\n    [\/vc_column_inner][\/vc_row_inner][\/vc_column][vc_column width=\u00a0\u00bb1\/2&Prime;][vc_custom_heading text=\u00a0\u00bbPOUR MOINS DE 8 ENTRAINEURS\u00a0\u00bb font_container=\u00a0\u00bbtag:h3|font_size:25px|text_align:left|color:%23393838|line_height:38px\u00a0\u00bb use_theme_fonts=\u00a0\u00bbyes\u00a0\u00bb el_class=\u00a0\u00bbbt-poppins-font\u00a0\u00bb css=\u00a0\u00bb.vc_custom_1555322182346{margin-bottom: 10px !important;}\u00a0\u00bb][vc_custom_heading text=\u00a0\u00bbPour les participants de moins de 8 stagiaires, nous organisons des cours qui combinent des op\u00e9rateurs de diff\u00e9rentes entreprises.\u00a0\u00bb font_container=\u00a0\u00bbtag:div|font_size:14px|text_align:left|color:%23929292|line_height:24px\u00a0\u00bb use_theme_fonts=\u00a0\u00bbyes\u00a0\u00bb el_class=\u00a0\u00bbbt-poppins-font bt-subtext\u00a0\u00bb][vc_empty_space][vc_column_text]<\/p>\n<p>\u00bb Certificat de fr\u00e9quence<\/p>\n<p>&nbsp;<\/p>\n<p>\u00bb Soumission au cours<\/p>\n<p>&nbsp;<\/p>\n<p>\u00bb Manuel d&rsquo;utilisation et de maintenance des objets de cours[\/vc_column_text][\/vc_column][\/vc_row][vc_row css=\u00a0\u00bb.vc_custom_1551371427534{margin-top: 50px !important;padding-top: 40px !important;padding-bottom: 30px !important;background-color: #d60f17 !important;}\u00a0\u00bb][vc_column][vc_custom_heading text=\u00a0\u00bbPour le marquage, contactez Jormax\u00a0\u00bb font_container=\u00a0\u00bbtag:h4|font_size:35px|text_align:center|color:%23ffffff|line_height:46px\u00a0\u00bb use_theme_fonts=\u00a0\u00bbyes\u00a0\u00bb el_class=\u00a0\u00bbbt-poppins-font\u00a0\u00bb css=\u00a0\u00bb.vc_custom_1551881781619{margin-bottom: 15px !important;}\u00a0\u00bb][vc_custom_heading text=\u00a0\u00bbCours sous r\u00e9serve de disponibilit\u00e9\u00a0\u00bb font_container=\u00a0\u00bbtag:div|font_size:14px|text_align:center|color:%23ededed|line_height:24px\u00a0\u00bb use_theme_fonts=\u00a0\u00bbyes\u00a0\u00bb][vc_empty_space height=\u00a0\u00bb15px\u00a0\u00bb][vc_row_inner][vc_column_inner width=\u00a0\u00bb1\/5&Prime;][\/vc_column_inner][vc_column_inner width=\u00a0\u00bb1\/5&Prime;][\/vc_column_inner][vc_column_inner width=\u00a0\u00bb1\/5&Prime;][vc_btn title=\u00a0\u00bbContactez nous\u00a0\u00bb style=\u00a0\u00bbclassic\u00a0\u00bb shape=\u00a0\u00bbsquare\u00a0\u00bb color=\u00a0\u00bbblack\u00a0\u00bb align=\u00a0\u00bbcenter\u00a0\u00bb el_class=\u00a0\u00bbbt-btn-buy-our-product hvr-float-shadow\u00a0\u00bb link=\u00a0\u00bburl:https%3A%2F%2Fjormax.com%2Ffr%2Fcontacts%2F|title:Contacts||\u00a0\u00bb][\/vc_column_inner][vc_column_inner width=\u00a0\u00bb1\/5&Prime;][\/vc_column_inner][vc_column_inner width=\u00a0\u00bb1\/5&Prime;][\/vc_column_inner][\/vc_row_inner][\/vc_column][\/vc_row]<\/p>\n<\/div>","protected":false},"excerpt":{"rendered":"<p>[vc_row css=\u00a0\u00bb.vc_custom_1460947094614{padding-bottom: 60px !important;background-position: center !important;background-repeat: no-repeat !important;background-size: cover !important;}\u00a0\u00bb][vc_column][vc_custom_heading text=\u00a0\u00bbAssemblage, utilisation en toute s\u00e9curit\u00e9, d\u00e9montage et maintenance\u00a0\u00bb font_container=\u00a0\u00bbtag:h6|font_size:15px|text_align:center|color:%23454545|line_height:24px\u00a0\u00bb google_fonts=\u00a0\u00bbfont_family:Lato%3A100%2C100italic%2C300%2C300italic%2Cregular%2Citalic%2C700%2C700italic%2C900%2C900italic|font_style:400%20italic%3A400%3Aitalic\u00a0\u00bb custom_css=\u00a0\u00bbletter-spacing: 0.08em;\u00a0\u00bb css=\u00a0\u00bb.vc_custom_1551871954948{margin-bottom: 5px !important;}\u00a0\u00bb][vc_custom_heading text=\u00a0\u00bbUTILISEZ LES PRODUITS JORMAX AU MAX, TOUJOURS S\u00c9CURIS\u00c9S!\u00a0\u00bb font_container=\u00a0\u00bbtag:h3|font_size:30px|text_align:center|color:%23454545|line_height:46px\u00a0\u00bb use_theme_fonts=\u00a0\u00bbyes\u00a0\u00bb el_class=\u00a0\u00bbbt-poppins-font\u00a0\u00bb css=\u00a0\u00bb.vc_custom_1555322109484{margin-bottom: 10px !important;}\u00a0\u00bb][vc_column_text css=\u00a0\u00bb.vc_custom_1579606250023{margin-bottom: 60px !important;}\u00a0\u00bb] Nous organisons des formations pour tous nos employ\u00e9s, ainsi que nos clients, afin [&hellip;]<\/p>\n","protected":false},"author":2,"featured_media":0,"parent":0,"menu_order":42,"comment_status":"closed","ping_status":"closed","template":"","meta":{"footnotes":""},"class_list":["post-7677","page","type-page","status-publish","hentry"],"yoast_head":"<!-- This site is optimized with the Yoast SEO plugin v24.5 - https:\/\/yoast.com\/wordpress\/plugins\/seo\/ -->\n<title>La formation - Jormax - F\u00e1brica de Escadas e Escadotes<\/title>\n<meta name=\"robots\" content=\"index, follow, max-snippet:-1, max-image-preview:large, max-video-preview:-1\" \/>\n<link rel=\"canonical\" href=\"https:\/\/jormax.com\/fr\/la-formation\/\" \/>\n<meta property=\"og:locale\" content=\"fr_FR\" \/>\n<meta property=\"og:type\" content=\"article\" \/>\n<meta property=\"og:title\" content=\"La formation - Jormax - F\u00e1brica de Escadas e Escadotes\" \/>\n<meta property=\"og:description\" content=\"[vc_row css=\u00a0\u00bb.vc_custom_1460947094614{padding-bottom: 60px !important;background-position: center !important;background-repeat: no-repeat !important;background-size: cover !important;}\u00a0\u00bb][vc_column][vc_custom_heading text=\u00a0\u00bbAssemblage, utilisation en toute s\u00e9curit\u00e9, d\u00e9montage et maintenance\u00a0\u00bb font_container=\u00a0\u00bbtag:h6|font_size:15px|text_align:center|color:%23454545|line_height:24px\u00a0\u00bb google_fonts=\u00a0\u00bbfont_family:Lato%3A100%2C100italic%2C300%2C300italic%2Cregular%2Citalic%2C700%2C700italic%2C900%2C900italic|font_style:400%20italic%3A400%3Aitalic\u00a0\u00bb custom_css=\u00a0\u00bbletter-spacing: 0.08em;\u00a0\u00bb css=\u00a0\u00bb.vc_custom_1551871954948{margin-bottom: 5px !important;}\u00a0\u00bb][vc_custom_heading text=\u00a0\u00bbUTILISEZ LES PRODUITS JORMAX AU MAX, TOUJOURS S\u00c9CURIS\u00c9S!\u00a0\u00bb font_container=\u00a0\u00bbtag:h3|font_size:30px|text_align:center|color:%23454545|line_height:46px\u00a0\u00bb use_theme_fonts=\u00a0\u00bbyes\u00a0\u00bb el_class=\u00a0\u00bbbt-poppins-font\u00a0\u00bb css=\u00a0\u00bb.vc_custom_1555322109484{margin-bottom: 10px !important;}\u00a0\u00bb][vc_column_text css=\u00a0\u00bb.vc_custom_1579606250023{margin-bottom: 60px !important;}\u00a0\u00bb] Nous organisons des formations pour tous nos employ\u00e9s, ainsi que nos clients, afin [&hellip;]\" \/>\n<meta property=\"og:url\" content=\"https:\/\/jormax.com\/fr\/la-formation\/\" \/>\n<meta property=\"og:site_name\" content=\"Jormax - F\u00e1brica de Escadas e Escadotes\" \/>\n<meta property=\"article:publisher\" content=\"https:\/\/www.facebook.com\/jormaxportugal\/\" \/>\n<meta property=\"article:modified_time\" content=\"2020-01-21T11:37:00+00:00\" \/>\n<meta property=\"og:image\" content=\"https:\/\/jormax.com\/wp-content\/uploads\/2019\/12\/logotipo-jormax-cor-stickymenu.png\" \/>\n\t<meta property=\"og:image:width\" content=\"235\" \/>\n\t<meta property=\"og:image:height\" content=\"59\" \/>\n\t<meta property=\"og:image:type\" content=\"image\/png\" \/>\n<meta name=\"twitter:card\" content=\"summary_large_image\" \/>\n<meta name=\"twitter:label1\" content=\"Dur\u00e9e de lecture estim\u00e9e\" \/>\n\t<meta name=\"twitter:data1\" content=\"6 minutes\" \/>\n<script type=\"application\/ld+json\" class=\"yoast-schema-graph\">{\"@context\":\"https:\/\/schema.org\",\"@graph\":[{\"@type\":\"WebPage\",\"@id\":\"https:\/\/jormax.com\/fr\/la-formation\/\",\"url\":\"https:\/\/jormax.com\/fr\/la-formation\/\",\"name\":\"La formation - Jormax - F\u00e1brica de Escadas e Escadotes\",\"isPartOf\":{\"@id\":\"https:\/\/jormax.com\/fr\/#website\"},\"datePublished\":\"2019-11-12T17:42:11+00:00\",\"dateModified\":\"2020-01-21T11:37:00+00:00\",\"breadcrumb\":{\"@id\":\"https:\/\/jormax.com\/fr\/la-formation\/#breadcrumb\"},\"inLanguage\":\"fr-FR\",\"potentialAction\":[{\"@type\":\"ReadAction\",\"target\":[\"https:\/\/jormax.com\/fr\/la-formation\/\"]}]},{\"@type\":\"BreadcrumbList\",\"@id\":\"https:\/\/jormax.com\/fr\/la-formation\/#breadcrumb\",\"itemListElement\":[{\"@type\":\"ListItem\",\"position\":1,\"name\":\"In\u00edcio\",\"item\":\"https:\/\/jormax.com\/fr\/\"},{\"@type\":\"ListItem\",\"position\":2,\"name\":\"La formation\"}]},{\"@type\":\"WebSite\",\"@id\":\"https:\/\/jormax.com\/fr\/#website\",\"url\":\"https:\/\/jormax.com\/fr\/\",\"name\":\"Jormax - F\u00e1brica de Escadas e Escadotes\",\"description\":\"Fabricante de escadas, escadotes, andaimes, plataformas e solu\u00e7\u00f5es \u00e0 medida em alum\u00ednio e fibra de vidro certificados. F\u00e1brica com sede em Portugal.\",\"publisher\":{\"@id\":\"https:\/\/jormax.com\/fr\/#organization\"},\"potentialAction\":[{\"@type\":\"SearchAction\",\"target\":{\"@type\":\"EntryPoint\",\"urlTemplate\":\"https:\/\/jormax.com\/fr\/?s={search_term_string}\"},\"query-input\":{\"@type\":\"PropertyValueSpecification\",\"valueRequired\":true,\"valueName\":\"search_term_string\"}}],\"inLanguage\":\"fr-FR\"},{\"@type\":\"Organization\",\"@id\":\"https:\/\/jormax.com\/fr\/#organization\",\"name\":\"Jormax - Fabricant d' \u00c9chelles, Escabeau et \u00c9chafaudages\",\"url\":\"https:\/\/jormax.com\/fr\/\",\"logo\":{\"@type\":\"ImageObject\",\"inLanguage\":\"fr-FR\",\"@id\":\"https:\/\/jormax.com\/fr\/#\/schema\/logo\/image\/\",\"url\":\"http:\/\/jormax.com\/wp-content\/uploads\/2019\/12\/logotipo-jormax-cor-stickymenu.png\",\"contentUrl\":\"http:\/\/jormax.com\/wp-content\/uploads\/2019\/12\/logotipo-jormax-cor-stickymenu.png\",\"width\":235,\"height\":59,\"caption\":\"Jormax - Fabricant d' \u00c9chelles, Escabeau et \u00c9chafaudages\"},\"image\":{\"@id\":\"https:\/\/jormax.com\/fr\/#\/schema\/logo\/image\/\"},\"sameAs\":[\"https:\/\/www.facebook.com\/jormaxportugal\/\"]}]}<\/script>\n<!-- \/ Yoast SEO plugin. -->","yoast_head_json":{"title":"La formation - Jormax - F\u00e1brica de Escadas e Escadotes","robots":{"index":"index","follow":"follow","max-snippet":"max-snippet:-1","max-image-preview":"max-image-preview:large","max-video-preview":"max-video-preview:-1"},"canonical":"https:\/\/jormax.com\/fr\/la-formation\/","og_locale":"fr_FR","og_type":"article","og_title":"La formation - Jormax - F\u00e1brica de Escadas e Escadotes","og_description":"[vc_row css=\u00a0\u00bb.vc_custom_1460947094614{padding-bottom: 60px !important;background-position: center !important;background-repeat: no-repeat !important;background-size: cover !important;}\u00a0\u00bb][vc_column][vc_custom_heading text=\u00a0\u00bbAssemblage, utilisation en toute s\u00e9curit\u00e9, d\u00e9montage et maintenance\u00a0\u00bb font_container=\u00a0\u00bbtag:h6|font_size:15px|text_align:center|color:%23454545|line_height:24px\u00a0\u00bb google_fonts=\u00a0\u00bbfont_family:Lato%3A100%2C100italic%2C300%2C300italic%2Cregular%2Citalic%2C700%2C700italic%2C900%2C900italic|font_style:400%20italic%3A400%3Aitalic\u00a0\u00bb custom_css=\u00a0\u00bbletter-spacing: 0.08em;\u00a0\u00bb css=\u00a0\u00bb.vc_custom_1551871954948{margin-bottom: 5px !important;}\u00a0\u00bb][vc_custom_heading text=\u00a0\u00bbUTILISEZ LES PRODUITS JORMAX AU MAX, TOUJOURS S\u00c9CURIS\u00c9S!\u00a0\u00bb font_container=\u00a0\u00bbtag:h3|font_size:30px|text_align:center|color:%23454545|line_height:46px\u00a0\u00bb use_theme_fonts=\u00a0\u00bbyes\u00a0\u00bb el_class=\u00a0\u00bbbt-poppins-font\u00a0\u00bb css=\u00a0\u00bb.vc_custom_1555322109484{margin-bottom: 10px !important;}\u00a0\u00bb][vc_column_text css=\u00a0\u00bb.vc_custom_1579606250023{margin-bottom: 60px !important;}\u00a0\u00bb] Nous organisons des formations pour tous nos employ\u00e9s, ainsi que nos clients, afin [&hellip;]","og_url":"https:\/\/jormax.com\/fr\/la-formation\/","og_site_name":"Jormax - F\u00e1brica de Escadas e Escadotes","article_publisher":"https:\/\/www.facebook.com\/jormaxportugal\/","article_modified_time":"2020-01-21T11:37:00+00:00","og_image":[{"width":235,"height":59,"url":"https:\/\/jormax.com\/wp-content\/uploads\/2019\/12\/logotipo-jormax-cor-stickymenu.png","type":"image\/png"}],"twitter_card":"summary_large_image","twitter_misc":{"Dur\u00e9e de lecture estim\u00e9e":"6 minutes"},"schema":{"@context":"https:\/\/schema.org","@graph":[{"@type":"WebPage","@id":"https:\/\/jormax.com\/fr\/la-formation\/","url":"https:\/\/jormax.com\/fr\/la-formation\/","name":"La formation - Jormax - F\u00e1brica de Escadas e Escadotes","isPartOf":{"@id":"https:\/\/jormax.com\/fr\/#website"},"datePublished":"2019-11-12T17:42:11+00:00","dateModified":"2020-01-21T11:37:00+00:00","breadcrumb":{"@id":"https:\/\/jormax.com\/fr\/la-formation\/#breadcrumb"},"inLanguage":"fr-FR","potentialAction":[{"@type":"ReadAction","target":["https:\/\/jormax.com\/fr\/la-formation\/"]}]},{"@type":"BreadcrumbList","@id":"https:\/\/jormax.com\/fr\/la-formation\/#breadcrumb","itemListElement":[{"@type":"ListItem","position":1,"name":"In\u00edcio","item":"https:\/\/jormax.com\/fr\/"},{"@type":"ListItem","position":2,"name":"La formation"}]},{"@type":"WebSite","@id":"https:\/\/jormax.com\/fr\/#website","url":"https:\/\/jormax.com\/fr\/","name":"Jormax - F\u00e1brica de Escadas e Escadotes","description":"Fabricante de escadas, escadotes, andaimes, plataformas e solu\u00e7\u00f5es \u00e0 medida em alum\u00ednio e fibra de vidro certificados. F\u00e1brica com sede em Portugal.","publisher":{"@id":"https:\/\/jormax.com\/fr\/#organization"},"potentialAction":[{"@type":"SearchAction","target":{"@type":"EntryPoint","urlTemplate":"https:\/\/jormax.com\/fr\/?s={search_term_string}"},"query-input":{"@type":"PropertyValueSpecification","valueRequired":true,"valueName":"search_term_string"}}],"inLanguage":"fr-FR"},{"@type":"Organization","@id":"https:\/\/jormax.com\/fr\/#organization","name":"Jormax - Fabricant d' \u00c9chelles, Escabeau et \u00c9chafaudages","url":"https:\/\/jormax.com\/fr\/","logo":{"@type":"ImageObject","inLanguage":"fr-FR","@id":"https:\/\/jormax.com\/fr\/#\/schema\/logo\/image\/","url":"http:\/\/jormax.com\/wp-content\/uploads\/2019\/12\/logotipo-jormax-cor-stickymenu.png","contentUrl":"http:\/\/jormax.com\/wp-content\/uploads\/2019\/12\/logotipo-jormax-cor-stickymenu.png","width":235,"height":59,"caption":"Jormax - Fabricant d' \u00c9chelles, Escabeau et \u00c9chafaudages"},"image":{"@id":"https:\/\/jormax.com\/fr\/#\/schema\/logo\/image\/"},"sameAs":["https:\/\/www.facebook.com\/jormaxportugal\/"]}]}},"_links":{"self":[{"href":"https:\/\/jormax.com\/fr\/wp-json\/wp\/v2\/pages\/7677","targetHints":{"allow":["GET"]}}],"collection":[{"href":"https:\/\/jormax.com\/fr\/wp-json\/wp\/v2\/pages"}],"about":[{"href":"https:\/\/jormax.com\/fr\/wp-json\/wp\/v2\/types\/page"}],"author":[{"embeddable":true,"href":"https:\/\/jormax.com\/fr\/wp-json\/wp\/v2\/users\/2"}],"replies":[{"embeddable":true,"href":"https:\/\/jormax.com\/fr\/wp-json\/wp\/v2\/comments?post=7677"}],"version-history":[{"count":5,"href":"https:\/\/jormax.com\/fr\/wp-json\/wp\/v2\/pages\/7677\/revisions"}],"predecessor-version":[{"id":12163,"href":"https:\/\/jormax.com\/fr\/wp-json\/wp\/v2\/pages\/7677\/revisions\/12163"}],"wp:attachment":[{"href":"https:\/\/jormax.com\/fr\/wp-json\/wp\/v2\/media?parent=7677"}],"curies":[{"name":"wp","href":"https:\/\/api.w.org\/{rel}","templated":true}]}}