{"id":18507,"date":"2024-10-18T15:24:38","date_gmt":"2024-10-18T14:24:38","guid":{"rendered":"http:\/\/jormax.com\/telesteps-rescue-military-line\/"},"modified":"2024-10-18T15:24:40","modified_gmt":"2024-10-18T14:24:40","slug":"telesteps-rescue-military-line","status":"publish","type":"page","link":"https:\/\/jormax.com\/fr\/telesteps-rescue-military-line\/","title":{"rendered":"TELESTEPS RESCUE\/ MILITARY LINE"},"content":{"rendered":"<div class=\"wpb-content-wrapper\"><p>[vc_row equal_height=\u00a0\u00bbyes\u00a0\u00bb content_placement=\u00a0\u00bbmiddle\u00a0\u00bb][vc_column][vc_custom_heading text=\u00a0\u00bbTELESTEPS RESCUE LINE\u00a0\u00bb font_container=\u00a0\u00bbtag:h3|font_size:26px|text_align:left|color:%23ea2112|line_height:36px\u00a0\u00bb use_theme_fonts=\u00a0\u00bbyes\u00a0\u00bb el_class=\u00a0\u00bbbt-poppins-font\u00a0\u00bb css=\u00a0\u00bb.vc_custom_1638469689650{margin-bottom: 15px !important;}\u00a0\u00bb][vc_column_text]<br \/>\nLa Rescue Line Telesteps est la premi\u00e8re \u00e9chelle t\u00e9lescopique au monde capable d&rsquo;\u00eatre utilis\u00e9e simultan\u00e9ment par trois personnes. Il s&rsquo;agit de la deuxi\u00e8me g\u00e9n\u00e9ration, avec un design r\u00e9volutionnaire de tube triangulaire, qui rend l&rsquo;\u00e9chelle plus solide et plus r\u00e9sistante \u00e0 la torsion que jamais.<\/p>\n<p>Lors du d\u00e9veloppement de l&rsquo;\u00e9chelle de sauvetage, Telesteps a d\u00fb tenir compte de la diversit\u00e9 des environnements rencontr\u00e9s par les \u00e9quipes de secours \u00e0 travers le monde. La Rescue Line a \u00e9t\u00e9 sp\u00e9cialement con\u00e7ue \u00e0 cet effet.<\/p>\n<p>La Rescue Line est certifi\u00e9e conform\u00e9ment \u00e0 la norme europ\u00e9enne <strong>EN 1147<\/strong>, d\u00e9velopp\u00e9e sp\u00e9cifiquement pour les pompiers et les \u00e9quipes de secours. Cette norme est reconnue comme l&rsquo;une des certifications les plus rigoureuses pour les \u00e9chelles t\u00e9lescopiques, permettant de supporter des charges allant jusqu&rsquo;\u00e0 500 kg ou trois personnes simultan\u00e9ment.<br \/>\n[\/vc_column_text][\/vc_column][\/vc_row][vc_row][vc_column][vc_separator][\/vc_column][\/vc_row][vc_row equal_height=\u00a0\u00bbyes\u00a0\u00bb content_placement=\u00a0\u00bbmiddle\u00a0\u00bb][vc_column width=\u00a0\u00bb1\/2&Prime;][vc_single_image image=\u00a0\u00bb15746&Prime; img_size=\u00a0\u00bb900X900&Prime; onclick=\u00a0\u00bblink_image\u00a0\u00bb][\/vc_column][vc_column width=\u00a0\u00bb1\/2&Prime;][vc_custom_heading text=\u00a0\u00bbCARACT\u00c9RISTIQUES TECHNIQUES\u00a0\u00bb font_container=\u00a0\u00bbtag:h6|font_size:15px|text_align:left|line_height:24px\u00a0\u00bb google_fonts=\u00a0\u00bbfont_family:Exo%3A100%2C100italic%2C200%2C200italic%2C300%2C300italic%2Cregular%2Citalic%2C500%2C500italic%2C600%2C600italic%2C700%2C700italic%2C800%2C800italic%2C900%2C900italic|font_style:600%20bold%20italic%3A600%3Aitalic\u00a0\u00bb custom_css=\u00a0\u00bbletter-spacing: 0.08em;\u00a0\u00bb css=\u00a0\u00bb.vc_custom_1729258035397{margin-bottom: 5px !important;}\u00a0\u00bb el_class=\u00a0\u00bbtb-extratext-1 bt-color-main tb-icon\u00a0\u00bb][vc_empty_space][vc_column_text]<br \/>\n&nbsp;<\/p>\n<ul>\n<li>Con\u00e7u sp\u00e9cifiquement pour les <strong>pompiers<\/strong>, <strong>militaires<\/strong> et <strong>\u00e9quipes de secours<\/strong>;<\/li>\n<li>Pieds et marches en caoutchouc inclin\u00e9s pour une meilleure stabilit\u00e9 et une s\u00e9curit\u00e9 maximale ;<\/li>\n<li>Rayon de braquage minimal dans les espaces restreints ;<\/li>\n<li>Facile \u00e0 transporter ;<\/li>\n<li>M\u00e9canisme de d\u00e9verrouillage simple et s\u00e9curis\u00e9 ;<\/li>\n<li>Compact et facile \u00e0 transporter \u2013 L\u00e9ger mais solide ;<\/li>\n<li>Fabriqu\u00e9 en aluminium anodis\u00e9 de haute qualit\u00e9 avec des accessoires en plastique renforc\u00e9 de fibres de verre pour les professionnels ;<\/li>\n<li>Certifi\u00e9 conforme \u00e0 la norme <strong>EN 1147<\/strong>.<\/li>\n<\/ul>\n<p>&nbsp;<br \/>\n[\/vc_column_text][\/vc_column][\/vc_row][vc_row][vc_column][vc_separator][\/vc_column][\/vc_row][vc_row equal_height=\u00a0\u00bbyes\u00a0\u00bb content_placement=\u00a0\u00bbmiddle\u00a0\u00bb][vc_column width=\u00a0\u00bb1\/2&Prime;][vc_single_image image=\u00a0\u00bb18482&Prime; img_size=\u00a0\u00bbfull\u00a0\u00bb alignment=\u00a0\u00bbcenter\u00a0\u00bb][vc_custom_heading text=\u00a0\u00bbRESCUE\/MILITARY LINE\u00a0\u00bb font_container=\u00a0\u00bbtag:h3|font_size:18px|text_align:center|color:%23ea2112|line_height:36px\u00a0\u00bb use_theme_fonts=\u00a0\u00bbyes\u00a0\u00bb el_class=\u00a0\u00bbbt-poppins-font\u00a0\u00bb css=\u00a0\u00bb.vc_custom_1729255866485{margin-bottom: 15px !important;}\u00a0\u00bb][vc_custom_heading text=\u00a0\u00bb3.50m\u00a0\u00bb font_container=\u00a0\u00bbtag:h3|font_size:26px|text_align:center|color:%230a0000|line_height:12px\u00a0\u00bb use_theme_fonts=\u00a0\u00bbyes\u00a0\u00bb el_class=\u00a0\u00bbbt-poppins-font\u00a0\u00bb css=\u00a0\u00bb.vc_custom_1729255922994{margin-bottom: 15px !important;}\u00a0\u00bb][vc_column_text]<\/p>\n<p style=\"text-align: center;\"><strong>11<\/strong> marches;<\/p>\n<p style=\"text-align: center;\"><strong>4.30m<\/strong> hauteur de travail;<\/p>\n<p style=\"text-align: center;\"><strong>3.50m<\/strong> hauteur totale;<\/p>\n<p style=\"text-align: center;\"><strong>1.12m<\/strong> hauteur ferm\u00e9e;<\/p>\n<p style=\"text-align: center;\"><strong>0.47m<\/strong> largeur;<\/p>\n<p style=\"text-align: center;\"><strong>15.00KG<\/strong><\/p>\n<p>[\/vc_column_text][\/vc_column][vc_column width=\u00a0\u00bb1\/2&Prime;][vc_single_image image=\u00a0\u00bb18485&Prime; img_size=\u00a0\u00bbfull\u00a0\u00bb alignment=\u00a0\u00bbcenter\u00a0\u00bb][vc_custom_heading text=\u00a0\u00bbRESCUE\/MILITARY LINE\u00a0\u00bb font_container=\u00a0\u00bbtag:h3|font_size:18px|text_align:center|color:%23ea2112|line_height:36px\u00a0\u00bb use_theme_fonts=\u00a0\u00bbyes\u00a0\u00bb el_class=\u00a0\u00bbbt-poppins-font\u00a0\u00bb css=\u00a0\u00bb.vc_custom_1729255866485{margin-bottom: 15px !important;}\u00a0\u00bb][vc_custom_heading text=\u00a0\u00bb4.10m\u00a0\u00bb font_container=\u00a0\u00bbtag:h3|font_size:26px|text_align:center|color:%230a0000|line_height:12px\u00a0\u00bb use_theme_fonts=\u00a0\u00bbyes\u00a0\u00bb el_class=\u00a0\u00bbbt-poppins-font\u00a0\u00bb css=\u00a0\u00bb.vc_custom_1729255912961{margin-bottom: 15px !important;}\u00a0\u00bb][vc_column_text]<\/p>\n<p style=\"text-align: center;\"><strong>13 <\/strong>marches;<\/p>\n<p style=\"text-align: center;\"><strong>5.00m<\/strong> hauteur de travail;<\/p>\n<p style=\"text-align: center;\"><strong>4.10m<\/strong> hauteur totale;<\/p>\n<p style=\"text-align: center;\"><strong>1.17m<\/strong> hauteur ferm\u00e9e;<\/p>\n<p style=\"text-align: center;\"><strong>0.47m<\/strong> largeur;<\/p>\n<p style=\"text-align: center;\"><strong>19.20KG<\/strong><\/p>\n<p>[\/vc_column_text][\/vc_column][\/vc_row][vc_row][vc_column][vc_single_image image=\u00a0\u00bb18497&Prime; img_size=\u00a0\u00bbfull\u00a0\u00bb alignment=\u00a0\u00bbcenter\u00a0\u00bb][\/vc_column][\/vc_row]<\/p>\n<\/div>","protected":false},"excerpt":{"rendered":"<p>[vc_row equal_height=\u00a0\u00bbyes\u00a0\u00bb content_placement=\u00a0\u00bbmiddle\u00a0\u00bb][vc_column][vc_custom_heading text=\u00a0\u00bbTELESTEPS RESCUE LINE\u00a0\u00bb font_container=\u00a0\u00bbtag:h3|font_size:26px|text_align:left|color:%23ea2112|line_height:36px\u00a0\u00bb use_theme_fonts=\u00a0\u00bbyes\u00a0\u00bb el_class=\u00a0\u00bbbt-poppins-font\u00a0\u00bb css=\u00a0\u00bb.vc_custom_1638469689650{margin-bottom: 15px !important;}\u00a0\u00bb][vc_column_text] La Rescue Line Telesteps est la premi\u00e8re \u00e9chelle t\u00e9lescopique au monde capable d&rsquo;\u00eatre utilis\u00e9e simultan\u00e9ment par trois personnes. Il s&rsquo;agit de la deuxi\u00e8me g\u00e9n\u00e9ration, avec un design r\u00e9volutionnaire de tube triangulaire, qui rend l&rsquo;\u00e9chelle plus solide et plus r\u00e9sistante \u00e0 la torsion que [&hellip;]<\/p>\n","protected":false},"author":12,"featured_media":0,"parent":0,"menu_order":0,"comment_status":"closed","ping_status":"closed","template":"","meta":{"footnotes":""},"class_list":["post-18507","page","type-page","status-publish","hentry"],"yoast_head":"<!-- This site is optimized with the Yoast SEO plugin v24.5 - https:\/\/yoast.com\/wordpress\/plugins\/seo\/ -->\n<title>TELESTEPS RESCUE\/ MILITARY LINE - Jormax - F\u00e1brica de Escadas e Escadotes<\/title>\n<meta name=\"description\" content=\"Chez JORMAX nous sommes sp\u00e9cialistes dans le d\u00e9veloppement et la production de produits pour r\u00e9pondre \u00e0 vos besoins. Secteurs a\u00e9ronautique, Ferroviaire, Routier et Industriel\" \/>\n<meta name=\"robots\" content=\"index, follow, max-snippet:-1, max-image-preview:large, max-video-preview:-1\" \/>\n<link rel=\"canonical\" href=\"https:\/\/jormax.com\/fr\/telesteps-rescue-military-line\/\" \/>\n<meta property=\"og:locale\" content=\"fr_FR\" \/>\n<meta property=\"og:type\" content=\"article\" \/>\n<meta property=\"og:title\" content=\"TELESTEPS RESCUE\/ MILITARY LINE - Jormax - F\u00e1brica de Escadas e Escadotes\" \/>\n<meta property=\"og:description\" content=\"Chez JORMAX nous sommes sp\u00e9cialistes dans le d\u00e9veloppement et la production de produits pour r\u00e9pondre \u00e0 vos besoins. Secteurs a\u00e9ronautique, Ferroviaire, Routier et Industriel\" \/>\n<meta property=\"og:url\" content=\"https:\/\/jormax.com\/fr\/telesteps-rescue-military-line\/\" \/>\n<meta property=\"og:site_name\" content=\"Jormax - F\u00e1brica de Escadas e Escadotes\" \/>\n<meta property=\"article:publisher\" content=\"https:\/\/www.facebook.com\/jormaxportugal\/\" \/>\n<meta property=\"article:modified_time\" content=\"2024-10-18T14:24:40+00:00\" \/>\n<meta property=\"og:image\" content=\"https:\/\/jormax.com\/wp-content\/uploads\/2019\/12\/logotipo-jormax-cor-stickymenu.png\" \/>\n\t<meta property=\"og:image:width\" content=\"235\" \/>\n\t<meta property=\"og:image:height\" content=\"59\" \/>\n\t<meta property=\"og:image:type\" content=\"image\/png\" \/>\n<meta name=\"twitter:card\" content=\"summary_large_image\" \/>\n<meta name=\"twitter:label1\" content=\"Dur\u00e9e de lecture estim\u00e9e\" \/>\n\t<meta name=\"twitter:data1\" content=\"3 minutes\" \/>\n<script type=\"application\/ld+json\" class=\"yoast-schema-graph\">{\"@context\":\"https:\/\/schema.org\",\"@graph\":[{\"@type\":\"WebPage\",\"@id\":\"https:\/\/jormax.com\/fr\/telesteps-rescue-military-line\/\",\"url\":\"https:\/\/jormax.com\/fr\/telesteps-rescue-military-line\/\",\"name\":\"TELESTEPS RESCUE\/ MILITARY LINE - Jormax - F\u00e1brica de Escadas e Escadotes\",\"isPartOf\":{\"@id\":\"https:\/\/jormax.com\/fr\/#website\"},\"datePublished\":\"2024-10-18T14:24:38+00:00\",\"dateModified\":\"2024-10-18T14:24:40+00:00\",\"description\":\"Chez JORMAX nous sommes sp\u00e9cialistes dans le d\u00e9veloppement et la production de produits pour r\u00e9pondre \u00e0 vos besoins. Secteurs a\u00e9ronautique, Ferroviaire, Routier et Industriel\",\"breadcrumb\":{\"@id\":\"https:\/\/jormax.com\/fr\/telesteps-rescue-military-line\/#breadcrumb\"},\"inLanguage\":\"fr-FR\",\"potentialAction\":[{\"@type\":\"ReadAction\",\"target\":[\"https:\/\/jormax.com\/fr\/telesteps-rescue-military-line\/\"]}]},{\"@type\":\"BreadcrumbList\",\"@id\":\"https:\/\/jormax.com\/fr\/telesteps-rescue-military-line\/#breadcrumb\",\"itemListElement\":[{\"@type\":\"ListItem\",\"position\":1,\"name\":\"In\u00edcio\",\"item\":\"https:\/\/jormax.com\/fr\/\"},{\"@type\":\"ListItem\",\"position\":2,\"name\":\"TELESTEPS RESCUE\/ MILITARY LINE\"}]},{\"@type\":\"WebSite\",\"@id\":\"https:\/\/jormax.com\/fr\/#website\",\"url\":\"https:\/\/jormax.com\/fr\/\",\"name\":\"Jormax - F\u00e1brica de Escadas e Escadotes\",\"description\":\"Fabricante de escadas, escadotes, andaimes, plataformas e solu\u00e7\u00f5es \u00e0 medida em alum\u00ednio e fibra de vidro certificados. F\u00e1brica com sede em Portugal.\",\"publisher\":{\"@id\":\"https:\/\/jormax.com\/fr\/#organization\"},\"potentialAction\":[{\"@type\":\"SearchAction\",\"target\":{\"@type\":\"EntryPoint\",\"urlTemplate\":\"https:\/\/jormax.com\/fr\/?s={search_term_string}\"},\"query-input\":{\"@type\":\"PropertyValueSpecification\",\"valueRequired\":true,\"valueName\":\"search_term_string\"}}],\"inLanguage\":\"fr-FR\"},{\"@type\":\"Organization\",\"@id\":\"https:\/\/jormax.com\/fr\/#organization\",\"name\":\"Jormax - Fabricant d' \u00c9chelles, Escabeau et \u00c9chafaudages\",\"url\":\"https:\/\/jormax.com\/fr\/\",\"logo\":{\"@type\":\"ImageObject\",\"inLanguage\":\"fr-FR\",\"@id\":\"https:\/\/jormax.com\/fr\/#\/schema\/logo\/image\/\",\"url\":\"http:\/\/jormax.com\/wp-content\/uploads\/2019\/12\/logotipo-jormax-cor-stickymenu.png\",\"contentUrl\":\"http:\/\/jormax.com\/wp-content\/uploads\/2019\/12\/logotipo-jormax-cor-stickymenu.png\",\"width\":235,\"height\":59,\"caption\":\"Jormax - Fabricant d' \u00c9chelles, Escabeau et \u00c9chafaudages\"},\"image\":{\"@id\":\"https:\/\/jormax.com\/fr\/#\/schema\/logo\/image\/\"},\"sameAs\":[\"https:\/\/www.facebook.com\/jormaxportugal\/\"]}]}<\/script>\n<!-- \/ Yoast SEO plugin. -->","yoast_head_json":{"title":"TELESTEPS RESCUE\/ MILITARY LINE - Jormax - F\u00e1brica de Escadas e Escadotes","description":"Chez JORMAX nous sommes sp\u00e9cialistes dans le d\u00e9veloppement et la production de produits pour r\u00e9pondre \u00e0 vos besoins. Secteurs a\u00e9ronautique, Ferroviaire, Routier et Industriel","robots":{"index":"index","follow":"follow","max-snippet":"max-snippet:-1","max-image-preview":"max-image-preview:large","max-video-preview":"max-video-preview:-1"},"canonical":"https:\/\/jormax.com\/fr\/telesteps-rescue-military-line\/","og_locale":"fr_FR","og_type":"article","og_title":"TELESTEPS RESCUE\/ MILITARY LINE - Jormax - F\u00e1brica de Escadas e Escadotes","og_description":"Chez JORMAX nous sommes sp\u00e9cialistes dans le d\u00e9veloppement et la production de produits pour r\u00e9pondre \u00e0 vos besoins. Secteurs a\u00e9ronautique, Ferroviaire, Routier et Industriel","og_url":"https:\/\/jormax.com\/fr\/telesteps-rescue-military-line\/","og_site_name":"Jormax - F\u00e1brica de Escadas e Escadotes","article_publisher":"https:\/\/www.facebook.com\/jormaxportugal\/","article_modified_time":"2024-10-18T14:24:40+00:00","og_image":[{"width":235,"height":59,"url":"https:\/\/jormax.com\/wp-content\/uploads\/2019\/12\/logotipo-jormax-cor-stickymenu.png","type":"image\/png"}],"twitter_card":"summary_large_image","twitter_misc":{"Dur\u00e9e de lecture estim\u00e9e":"3 minutes"},"schema":{"@context":"https:\/\/schema.org","@graph":[{"@type":"WebPage","@id":"https:\/\/jormax.com\/fr\/telesteps-rescue-military-line\/","url":"https:\/\/jormax.com\/fr\/telesteps-rescue-military-line\/","name":"TELESTEPS RESCUE\/ MILITARY LINE - Jormax - F\u00e1brica de Escadas e Escadotes","isPartOf":{"@id":"https:\/\/jormax.com\/fr\/#website"},"datePublished":"2024-10-18T14:24:38+00:00","dateModified":"2024-10-18T14:24:40+00:00","description":"Chez JORMAX nous sommes sp\u00e9cialistes dans le d\u00e9veloppement et la production de produits pour r\u00e9pondre \u00e0 vos besoins. Secteurs a\u00e9ronautique, Ferroviaire, Routier et Industriel","breadcrumb":{"@id":"https:\/\/jormax.com\/fr\/telesteps-rescue-military-line\/#breadcrumb"},"inLanguage":"fr-FR","potentialAction":[{"@type":"ReadAction","target":["https:\/\/jormax.com\/fr\/telesteps-rescue-military-line\/"]}]},{"@type":"BreadcrumbList","@id":"https:\/\/jormax.com\/fr\/telesteps-rescue-military-line\/#breadcrumb","itemListElement":[{"@type":"ListItem","position":1,"name":"In\u00edcio","item":"https:\/\/jormax.com\/fr\/"},{"@type":"ListItem","position":2,"name":"TELESTEPS RESCUE\/ MILITARY LINE"}]},{"@type":"WebSite","@id":"https:\/\/jormax.com\/fr\/#website","url":"https:\/\/jormax.com\/fr\/","name":"Jormax - F\u00e1brica de Escadas e Escadotes","description":"Fabricante de escadas, escadotes, andaimes, plataformas e solu\u00e7\u00f5es \u00e0 medida em alum\u00ednio e fibra de vidro certificados. F\u00e1brica com sede em Portugal.","publisher":{"@id":"https:\/\/jormax.com\/fr\/#organization"},"potentialAction":[{"@type":"SearchAction","target":{"@type":"EntryPoint","urlTemplate":"https:\/\/jormax.com\/fr\/?s={search_term_string}"},"query-input":{"@type":"PropertyValueSpecification","valueRequired":true,"valueName":"search_term_string"}}],"inLanguage":"fr-FR"},{"@type":"Organization","@id":"https:\/\/jormax.com\/fr\/#organization","name":"Jormax - Fabricant d' \u00c9chelles, Escabeau et \u00c9chafaudages","url":"https:\/\/jormax.com\/fr\/","logo":{"@type":"ImageObject","inLanguage":"fr-FR","@id":"https:\/\/jormax.com\/fr\/#\/schema\/logo\/image\/","url":"http:\/\/jormax.com\/wp-content\/uploads\/2019\/12\/logotipo-jormax-cor-stickymenu.png","contentUrl":"http:\/\/jormax.com\/wp-content\/uploads\/2019\/12\/logotipo-jormax-cor-stickymenu.png","width":235,"height":59,"caption":"Jormax - Fabricant d' \u00c9chelles, Escabeau et \u00c9chafaudages"},"image":{"@id":"https:\/\/jormax.com\/fr\/#\/schema\/logo\/image\/"},"sameAs":["https:\/\/www.facebook.com\/jormaxportugal\/"]}]}},"_links":{"self":[{"href":"https:\/\/jormax.com\/fr\/wp-json\/wp\/v2\/pages\/18507","targetHints":{"allow":["GET"]}}],"collection":[{"href":"https:\/\/jormax.com\/fr\/wp-json\/wp\/v2\/pages"}],"about":[{"href":"https:\/\/jormax.com\/fr\/wp-json\/wp\/v2\/types\/page"}],"author":[{"embeddable":true,"href":"https:\/\/jormax.com\/fr\/wp-json\/wp\/v2\/users\/12"}],"replies":[{"embeddable":true,"href":"https:\/\/jormax.com\/fr\/wp-json\/wp\/v2\/comments?post=18507"}],"version-history":[{"count":1,"href":"https:\/\/jormax.com\/fr\/wp-json\/wp\/v2\/pages\/18507\/revisions"}],"predecessor-version":[{"id":18508,"href":"https:\/\/jormax.com\/fr\/wp-json\/wp\/v2\/pages\/18507\/revisions\/18508"}],"wp:attachment":[{"href":"https:\/\/jormax.com\/fr\/wp-json\/wp\/v2\/media?parent=18507"}],"curies":[{"name":"wp","href":"https:\/\/api.w.org\/{rel}","templated":true}]}}