{"id":16192,"date":"2021-08-31T16:00:43","date_gmt":"2021-08-31T15:00:43","guid":{"rendered":"http:\/\/jormax.com\/solucoes-a-medida\/"},"modified":"2025-03-31T15:50:23","modified_gmt":"2025-03-31T14:50:23","slug":"solutions-personnalisees","status":"publish","type":"page","link":"https:\/\/jormax.com\/fr\/solutions-personnalisees\/","title":{"rendered":"Solutions sur Mesure"},"content":{"rendered":"<div class=\"wpb-content-wrapper\"><p>[vc_row][vc_column][vc_column_text css=\u00a0\u00bb\u00a0\u00bb]<\/p>\n<p style=\"text-align: center;\">Chez JORMAX, nous sommes experts dans le d\u00e9veloppement et la production de <strong>solutions d&rsquo;acc\u00e8s personnalis\u00e9es<\/strong>, con\u00e7ues pour r\u00e9pondre \u00e0 vos besoins sp\u00e9cifiques et optimiser l&rsquo;utilisation de l&rsquo;espace disponible. Forts d\u2019une vaste exp\u00e9rience dans la fabrication et la fourniture d\u2019\u00e9quipements de haute qualit\u00e9, nous op\u00e9rons dans divers secteurs, proposant des solutions professionnelles alliant s\u00e9curit\u00e9, efficacit\u00e9 et durabilit\u00e9. <strong>Tous nos produits sont certifi\u00e9s et strictement conformes aux normes de s\u00e9curit\u00e9 europ\u00e9ennes, garantissant une fiabilit\u00e9 et des performances maximales.<\/strong><\/p>\n<p>[\/vc_column_text][vc_custom_heading text=\u00a0\u00bbTROUVEZ LA SOLUTION ID\u00c9ALE POUR VOTRE SECTEUR\u00a0\u00bb font_container=\u00a0\u00bbtag:h1|font_size:30px|text_align:center|line_height:40px\u00a0\u00bb google_fonts=\u00a0\u00bbfont_family:Exo%3A100%2C100italic%2C200%2C200italic%2C300%2C300italic%2Cregular%2Citalic%2C500%2C500italic%2C600%2C600italic%2C700%2C700italic%2C800%2C800italic%2C900%2C900italic|font_style:800%20bold%20regular%3A800%3Anormal\u00a0\u00bb css=\u00a0\u00bb\u00a0\u00bb][vc_separator][\/vc_column][\/vc_row][vc_row][vc_column][vc_raw_html css=\u00a0\u00bb\u00a0\u00bb]JTNDJTIxRE9DVFlQRSUyMGh0bWwlM0UlMEElM0NodG1sJTIwbGFuZyUzRCUyMnB0JTIyJTNFJTBBJTNDaGVhZCUzRSUwQSUyMCUyMCUyMCUyMCUzQ21ldGElMjBjaGFyc2V0JTNEJTIyVVRGLTglMjIlM0UlMEElMjAlMjAlMjAlMjAlM0NtZXRhJTIwbmFtZSUzRCUyMnZpZXdwb3J0JTIyJTIwY29udGVudCUzRCUyMndpZHRoJTNEZGV2aWNlLXdpZHRoJTJDJTIwaW5pdGlhbC1zY2FsZSUzRDEuMCUyMiUzRSUwQSUyMCUyMCUyMCUyMCUzQ3RpdGxlJTNFT3ZlcmxheSUyMEludGVyYXRpdmElM0MlMkZ0aXRsZSUzRSUwQSUyMCUyMCUyMCUyMCUzQ3N0eWxlJTNFJTBBJTIwJTIwJTIwJTIwJTIwJTIwJTIwJTIwLnNlY2NhbyUyMCU3QiUwQSUyMCUyMCUyMCUyMCUyMCUyMCUyMCUyMCUyMCUyMCUyMCUyMGZvbnQtZmFtaWx5JTNBJTIwRVhPJTNCJTBBJTIwJTIwJTIwJTIwJTIwJTIwJTIwJTIwJTIwJTIwJTIwJTIwbWFyZ2luJTNBJTIwMCUzQiUwQSUyMCUyMCUyMCUyMCUyMCUyMCUyMCUyMCUyMCUyMCUyMCUyMHBhZGRpbmclM0ElMjAwJTNCJTBBJTIwJTIwJTIwJTIwJTIwJTIwJTIwJTIwJTIwJTIwJTIwJTIwZGlzcGxheSUzQSUyMGZsZXglM0IlMEElMjAlMjAlMjAlMjAlMjAlMjAlMjAlMjAlMjAlMjAlMjAlMjBqdXN0aWZ5LWNvbnRlbnQlM0ElMjBjZW50ZXIlM0IlMEElMjAlMjAlMjAlMjAlMjAlMjAlMjAlMjAlMjAlMjAlMjAlMjBhbGlnbi1pdGVtcyUzQSUyMGNlbnRlciUzQiUwQSUyMCUyMCUyMCUyMCUyMCUyMCUyMCUyMCUyMCUyMCUyMCUyMGxpbmUtaGVpZ2h0JTNBJTIwMjBweCUzQiUwQSUyMCUyMCUyMCUyMCUyMCUyMCUyMCUyMCU3RCUwQSUwQSUyMCUyMCUyMCUyMCUyMCUyMCUyMCUyMC5jb250YWluZXIlMjAlN0IlMEElMjAlMjAlMjAlMjAlMjAlMjAlMjAlMjAlMjAlMjAlMjAlMjBkaXNwbGF5JTNBJTIwZmxleCUzQiUwQSUyMCUyMCUyMCUyMCUyMCUyMCUyMCUyMCUyMCUyMCUyMCUyMGdhcCUzQSUyMDIwcHglM0IlMEElMjAlMjAlMjAlMjAlMjAlMjAlMjAlMjAlN0QlMEElMEElMjAlMjAlMjAlMjAlMjAlMjAlMjAlMjAuY29sdW1uJTIwJTdCJTBBJTIwJTIwJTIwJTIwJTIwJTIwJTIwJTIwJTIwJTIwJTIwJTIwcG9zaXRpb24lM0ElMjByZWxhdGl2ZSUzQiUwQSUyMCUyMCUyMCUyMCUyMCUyMCUyMCUyMCUyMCUyMCUyMCUyMHdpZHRoJTNBJTIwMjUwcHglM0IlMEElMjAlMjAlMjAlMjAlMjAlMjAlMjAlMjAlMjAlMjAlMjAlMjBoZWlnaHQlM0ElMjAzNTBweCUzQiUwQSUyMCUyMCUyMCUyMCUyMCUyMCUyMCUyMCUyMCUyMCUyMCUyMG92ZXJmbG93JTNBJTIwaGlkZGVuJTNCJTBBJTIwJTIwJTIwJTIwJTIwJTIwJTIwJTIwJTIwJTIwJTIwJTIwYm9yZGVyJTNBJTIwMXB4JTIwc29saWQlMjAlMjNkZGQlM0IlMEElMjAlMjAlMjAlMjAlMjAlMjAlMjAlMjAlMjAlMjAlMjAlMjBib3gtc2hhZG93JTNBJTIwMCUyMDNweCUyMDRweCUyMHJnYmElMjgwJTJDJTIwMCUyQyUyMDAlMkMlMjAwLjIlMjklM0IlMEElMjAlMjAlMjAlMjAlMjAlMjAlMjAlMjAlN0QlMEElMEElMjAlMjAlMjAlMjAlMjAlMjAlMjAlMjAuY29sdW1uJTIwaW1nJTIwJTdCJTBBJTIwJTIwJTIwJTIwJTIwJTIwJTIwJTIwJTIwJTIwJTIwJTIwd2lkdGglM0ElMjAxMDAlMjUlM0IlMEElMjAlMjAlMjAlMjAlMjAlMjAlMjAlMjAlMjAlMjAlMjAlMjBoZWlnaHQlM0ElMjAxMDAlMjUlM0IlMEElMjAlMjAlMjAlMjAlMjAlMjAlMjAlMjAlMjAlMjAlMjAlMjBvYmplY3QtZml0JTNBJTIwY292ZXIlM0IlMEElMjAlMjAlMjAlMjAlMjAlMjAlMjAlMjAlN0QlMEElMEElMjAlMjAlMjAlMjAlMjAlMjAlMjAlMjAub3ZlcmxheSUyMCU3QiUwQSUyMCUyMCUyMCUyMCUyMCUyMCUyMCUyMCUyMCUyMCUyMCUyMHBvc2l0aW9uJTNBJTIwYWJzb2x1dGUlM0IlMEElMjAlMjAlMjAlMjAlMjAlMjAlMjAlMjAlMjAlMjAlMjAlMjBib3R0b20lM0ElMjAwJTNCJTBBJTIwJTIwJTIwJTIwJTIwJTIwJTIwJTIwJTIwJTIwJTIwJTIwbGVmdCUzQSUyMDAlM0IlMEElMjAlMjAlMjAlMjAlMjAlMjAlMjAlMjAlMjAlMjAlMjAlMjB3aWR0aCUzQSUyMDEwMCUyNSUzQiUwQSUyMCUyMCUyMCUyMCUyMCUyMCUyMCUyMCUyMCUyMCUyMCUyMGhlaWdodCUzQSUyMDUwJTI1JTNCJTBBJTIwJTIwJTIwJTIwJTIwJTIwJTIwJTIwJTIwJTIwJTIwJTIwYmFja2dyb3VuZCUzQSUyMGxpbmVhci1ncmFkaWVudCUyOHRvJTIwYm90dG9tJTJDJTIwdHJhbnNwYXJlbnQlMjAxJTI1JTJDJTIwcmdiYSUyODI1NSUyQyUyMDI1NSUyQyUyMDI1NSUyQyUyMDElMjklMjA3MCUyNSUyOSUzQiUwQSUyMCUyMCUyMCUyMCUyMCUyMCUyMCUyMCUyMCUyMCUyMCUyMGNvbG9yJTNBJTIwJTIzMzMzJTNCJTBBJTIwJTIwJTIwJTIwJTIwJTIwJTIwJTIwJTIwJTIwJTIwJTIwZGlzcGxheSUzQSUyMGZsZXglM0IlMEElMjAlMjAlMjAlMjAlMjAlMjAlMjAlMjAlMjAlMjAlMjAlMjBmbGV4LWRpcmVjdGlvbiUzQSUyMGNvbHVtbiUzQiUwQSUyMCUyMCUyMCUyMCUyMCUyMCUyMCUyMCUyMCUyMCUyMCUyMGFsaWduLWl0ZW1zJTNBJTIwY2VudGVyJTNCJTIwJTJGJTJBJTIwQWxpbmhhJTIwdGV4dG8lMjBhbyUyMGNlbnRybyUyMGhvcml6b250YWxtZW50ZSUyMCUyQSUyRiUwQSUyMCUyMCUyMCUyMCUyMCUyMCUyMCUyMCUyMCUyMCUyMCUyMHRyYW5zaXRpb24lM0ElMjBhbGwlMjAwLjRzJTIwZWFzZS1pbi1vdXQlM0IlMEElMjAlMjAlMjAlMjAlMjAlMjAlMjAlMjAlMjAlMjAlMjAlMjB0ZXh0LWRlY29yYXRpb24lM0ElMjBub25lJTNCJTIwJTJGJTJBJTIwUmVtb3ZlJTIwbyUyMHN1YmxpbmhhZG8lMjAlMkElMkYlMEElMjAlMjAlMjAlMjAlMDklMDljb2xvciUzQSUyMGluaGVyaXQlM0IlMjAlMkYlMkElMjBNYW50JUMzJUE5bSUyMGElMjBjb3IlMjBvcmlnaW5hbCUyMGRvJTIwdGV4dG8lMjAlMkElMkYlMEElMjAlMjAlMjAlMjAlMjAlMjAlMjAlMjAlN0QlMEElMEElMjAlMjAlMjAlMjAlMjAlMjAlMjAlMjAuY29sdW1uJTNBaG92ZXIlMjAub3ZlcmxheSUyMCU3QiUwQSUyMCUyMCUyMCUyMCUyMCUyMCUyMCUyMCUyMCUyMCUyMCUyMGhlaWdodCUzQSUyMDEwMCUyNSUzQiUwQSUyMCUyMCUyMCUyMCUyMCUyMCUyMCUyMCUyMCUyMCUyMCUyMGJhY2tncm91bmQlM0ElMjByZ2JhJTI4MjU1JTJDJTIwMjU1JTJDJTIwMjU1JTJDJTIwMC44JTI5JTNCJTBBJTIwJTIwJTIwJTIwJTIwJTIwJTIwJTIwJTIwJTIwJTIwJTIwanVzdGlmeS1jb250ZW50JTNBJTIwY2VudGVyJTNCJTIwJTJGJTJBJTIwTWFudCVDMyVBOW0lMjBvJTIwdGV4dG8lMjBhbyUyMGNlbnRybyUyMCUyQSUyRiUwQSUyMCUyMCUyMCUyMCUyMCUyMCUyMCUyMCU3RCUwQSUwQSUyMCUyMCUyMCUyMCUyMCUyMCUyMCUyMC50aXRsZSUyMCU3QiUwQSUyMCUyMCUyMCUyMCUyMCUyMCUyMCUyMCUyMCUyMCUyMCUyMGZvbnQtc2l6ZSUzQSUyMDE3cHglM0IlMEElMjAlMjAlMjAlMjAlMjAlMjAlMjAlMjAlMjAlMjAlMjAlMjBmb250LXdlaWdodCUzQSUyMGJvbGQlM0IlMEElMjAlMjAlMjAlMjAlMjAlMjAlMjAlMjAlMjAlMjAlMjAlMjBtYXJnaW4tdG9wJTNBJTIwMTMwcHglM0IlMEElMjAlMjAlMjAlMjAlMjAlMjAlMjAlMjAlMjAlMjAlMjAlMjB0cmFuc2l0aW9uJTNBJTIwb3BhY2l0eSUyMDAuNHMlMjBlYXNlLWluLW91dCUzQiUwQSUyMCUyMCUyMCUyMCUyMCUyMCUyMCUyMCUyMCUyMCUyMCUyMCUwQSUyMCUyMCUyMCUyMCUyMCUyMCUyMCUyMCU3RCUwQSUwQSUyMCUyMCUyMCUyMCUyMCUyMCUyMCUyMC5jb2x1bW4lM0Fob3ZlciUyMC50aXRsZSUyMCU3QiUwQSUyMCUyMCUyMCUyMCUyMCUyMCUyMCUyMCUyMCUyMCUyMCUyMG9wYWNpdHklM0ElMjAxJTNCJTIwJTJGJTJBJTIwTyUyMHQlQzMlQUR0dWxvJTIwbiVDMyVBM28lMjBzb2JlJTJDJTIwYXBlbmFzJTIwbXVkYSUyMGRlJTIwb3BhY2lkYWRlJTIwJTJBJTJGJTBBJTIwJTIwJTIwJTIwJTIwJTIwJTIwJTIwJTIwJTIwJTIwJTIwbWFyZ2luLXRvcCUzQSUyMDUwcHglM0IlMEElMjAlMjAlMjAlMjAlMjAlMjAlMjAlMjAlN0QlMEElMEElMjAlMjAlMjAlMjAlMjAlMjAlMjAlMjAudGV4dCUyMCU3QiUwQSUyMCUyMCUyMCUyMCUyMCUyMCUyMCUyMCUyMCUyMCUyMCUyMGZvbnQtc2l6ZSUzQSUyMDEycHglM0IlMEElMjAlMjAlMjAlMjAlMjAlMjAlMjAlMjAlMjAlMjAlMjAlMjBvcGFjaXR5JTNBJTIwMCUyNSUzQiUwQSUyMCUyMCUyMCUyMCUyMCUyMCUyMCUyMCUyMCUyMCUyMCUyMHRyYW5zaXRpb24lM0ElMjBvcGFjaXR5JTIwMXMlMjBlYXNlLWluLW91dCUzQiUwQSUyMCUyMCUyMCUyMCUyMCUyMCUyMCUyMCUyMCUyMCUyMCUyMHRleHQtYWxpZ24lM0ElMjBjZW50ZXIlM0IlMEElMjAlMjAlMjAlMjAlMjAlMjAlMjAlMjAlN0QlMEElMEElMjAlMjAlMjAlMjAlMjAlMjAlMjAlMjAuY29sdW1uJTNBaG92ZXIlMjAudGV4dCUyMCU3QiUwQSUyMCUyMCUyMCUyMCUyMCUyMCUyMCUyMCUyMCUyMCUyMCUyMG9wYWNpdHklM0ElMjAxJTNCJTIwJTJGJTJBJTIwVGV4dG8lMjBhcGFyZWNlJTIwZ3JhZHVhbG1lbnRlJTIwJTJBJTJGJTBBJTIwJTIwJTIwJTIwJTIwJTIwJTIwJTIwJTdEJTBBJTIwJTIwJTIwJTIwJTIwJTIwJTIwJTIwJTBBJTIwJTIwJTIwJTIwJTIwJTIwJTIwJTIwYSUyMCU3QiUwQSUyMCUyMCUyMCUyMCUwOSUwOXRleHQtZGVjb3JhdGlvbiUzQSUyMG5vbmUlM0IlMjAlMkYlMkElMjBSZW1vdmUlMjBvJTIwc3VibGluaGFkbyUyMCUyQSUyRiUwQSUyMCUyMCUyMCUyMCUwOSUwOWNvbG9yJTNBJTIwaW5oZXJpdCUzQiUyMCUyRiUyQSUyMFVzYSUyMGElMjBjb3IlMjBkbyUyMHRleHRvJTIwYW8lMjBpbnYlQzMlQTlzJTIwZGElMjBjb3IlMjBwYWRyJUMzJUEzbyUyMGRvJTIwbGluayUyMCUyQSUyRiUwQSUwOSUwOSU3RCUwOSUwQSUwQSUwQSUwOSUwOWElM0Fob3ZlciUyMCU3QiUwQSUyMCUyMCUyMCUyMCUwOSUwOWNvbG9yJTNBJTIwaW5oZXJpdCUzQiUyMCUyRiUyQSUyME1hbnQlQzMlQTltJTIwYSUyMGNvciUyMG9yaWdpbmFsJTIwbWVzbW8lMjBhbyUyMHBhc3NhciUyMG8lMjBtb3VzZSUyMCUyQSUyRiUwQSUwOSUwOSU3RCUwQSUwQSUyMCUyMCUyMCUyMCUzQyUyRnN0eWxlJTNFJTBBJTNDJTJGaGVhZCUzRSUwQSUzQ2JvZHklM0UlMEElMjAlMjAlMjAlMjAlM0NkaXYlMjBjbGFzcyUzRCUyMmNvbnRhaW5lciUyMHNlY2NhbyUyMiUzRSUwQSUyMCUyMCUyMCUyMCUyMCUyMCUyMCUyMCUzQ2RpdiUyMGNsYXNzJTNEJTIyY29sdW1uJTIyJTNFJTBBJTIwJTIwJTIwJTIwJTIwJTIwJTIwJTIwJTIwJTIwJTIwJTIwJTNDaW1nJTIwc3JjJTNEJTIyaHR0cHMlM0ElMkYlMkZqb3JtYXguY29tJTJGd3AtY29udGVudCUyRnVwbG9hZHMlMkYxLTIucG5nJTIyJTIwYWx0JTNEJTIySW1hZ2VtJTIwMSUyMiUzRSUwQSUyMCUyMCUyMCUyMCUyMCUyMCUyMCUyMCUyMCUyMCUyMCUyMCUzQ2RpdiUyMGNsYXNzJTNEJTIyb3ZlcmxheSUyMiUzRSUwQSUyMCUyMCUyMCUyMCUyMCUyMCUyMCUyMCUyMCUyMCUyMCUyMCUyMCUyMCUyMCUyMCUzQ2ElMjBocmVmJTNEJTIyaHR0cHMlM0ElMkYlMkZqb3JtYXguY29tJTJGZnIlMkZzb2x1dGlvbnMtYWVyb25hdXRpcXVlcyUyRiUyMiUzRSUwQSUyMCUyMCUyMCUyMCUwOSUwOSUwOSUwOSUzQ2RpdiUyMGNsYXNzJTNEJTIydGl0bGUlMjIlM0VTT0xVVElPTlMlMjBBJUMzJTg5Uk9OQVVUSVFVRVMlM0MlMkZkaXYlM0UlMEElMDklMDklMDklMDklM0MlMkZhJTNFJTBBJTIwJTIwJTIwJTIwJTIwJTIwJTIwJTIwJTIwJTIwJTIwJTIwJTIwJTIwJTIwJTIwJTNDZGl2JTIwY2xhc3MlM0QlMjJ0ZXh0JTIyJTNFSW50ZXJ2ZW50aW9ucyUyMHN1ciUyMGF2aW9ucyUyQyUyMCUzQ2JyJTNFJTIwaCVDMyVBOWxpY29wdCVDMyVBOHJlcyUyQyUyMHNhdGVsbGl0ZXMuLi4lM0MlMkZkaXYlM0UlMEElMjAlMjAlMjAlMjAlMjAlMjAlMjAlMjAlMjAlMjAlMjAlMjAlM0MlMkZkaXYlM0UlMEElMjAlMjAlMjAlMjAlMjAlMjAlMjAlMjAlM0MlMkZkaXYlM0UlMEElMjAlMjAlMjAlMjAlMjAlMjAlMjAlMjAlM0NkaXYlMjBjbGFzcyUzRCUyMmNvbHVtbiUyMiUzRSUwQSUyMCUyMCUyMCUyMCUyMCUyMCUyMCUyMCUyMCUyMCUyMCUyMCUzQ2ltZyUyMHNyYyUzRCUyMmh0dHBzJTNBJTJGJTJGam9ybWF4LmNvbSUyRndwLWNvbnRlbnQlMkZ1cGxvYWRzJTJGMi02LnBuZyUyMiUyMGFsdCUzRCUyMkltYWdlbSUyMDIlMjIlM0UlMEElMjAlMjAlMjAlMjAlMjAlMjAlMjAlMjAlMjAlMjAlMjAlMjAlM0NkaXYlMjBjbGFzcyUzRCUyMm92ZXJsYXklMjIlM0UlMEElMjAlMjAlMjAlMjAlMjAlMjAlMjAlMjAlMjAlMjAlMjAlMjAlMDklM0NhJTIwaHJlZiUzRCUyMmh0dHBzJTNBJTJGJTJGam9ybWF4LmNvbSUyRnNvbHVjb2VzLWZlcnJvdmlhcmlhcyUyRiUyMiUzRSUwQSUwOSUwOSUwOSUwOSUwOSUzQ2RpdiUyMGNsYXNzJTNEJTIydGl0bGUlMjIlM0VTT0xVVElPTlMlMjBGRVJST1ZJQUlSRVMlM0MlMkZkaXYlM0UlMEElMjAlMjAlMjAlMjAlMjAlMjAlMjAlMjAlMjAlMjAlMjAlMjAlMjAlMjAlMjAlMjAlM0MlMkZhJTNFJTBBJTIwJTIwJTIwJTIwJTIwJTIwJTIwJTIwJTIwJTIwJTIwJTIwJTIwJTIwJTIwJTIwJTNDZGl2JTIwY2xhc3MlM0QlMjJ0ZXh0JTIyJTNFSW50ZXJ2ZW50aW9ucyUyMHN1ciUyMGxlcyUyMHRyYWlucyUyQyUzQ2JyJTNFJTIwbSVDMyVBOXRybyUyQyUyMGxpZ25lcyUyMGZlcnJvdmlhaXJlcy4uLiUzQyUyRmRpdiUzRSUwQSUyMCUyMCUyMCUyMCUyMCUyMCUyMCUyMCUyMCUyMCUyMCUyMCUzQyUyRmRpdiUzRSUwQSUyMCUyMCUyMCUyMCUyMCUyMCUyMCUyMCUzQyUyRmRpdiUzRSUwQSUyMCUyMCUyMCUyMCUyMCUyMCUyMCUyMCUzQ2RpdiUyMGNsYXNzJTNEJTIyY29sdW1uJTIyJTNFJTBBJTIwJTIwJTIwJTIwJTIwJTIwJTIwJTIwJTIwJTIwJTIwJTIwJTNDaW1nJTIwc3JjJTNEJTIyaHR0cHMlM0ElMkYlMkZqb3JtYXguY29tJTJGd3AtY29udGVudCUyRnVwbG9hZHMlMkY0LTE3LnBuZyUyMiUyMGFsdCUzRCUyMkltYWdlbSUyMDMlMjIlM0UlMEElMjAlMjAlMjAlMjAlMjAlMjAlMjAlMjAlMjAlMjAlMjAlMjAlM0NkaXYlMjBjbGFzcyUzRCUyMm92ZXJsYXklMjIlM0UlMEElMjAlMjAlMjAlMjAlMjAlMjAlMjAlMjAlMjAlMjAlMjAlMjAlMDklM0NhJTIwaHJlZiUzRCUyMmh0dHBzJTNBJTJGJTJGam9ybWF4LmNvbSUyRnNvbHVjb2VzLXJvZG92aWFyaWFzJTJGJTIyJTNFJTBBJTA5JTA5JTA5JTA5JTA5JTNDZGl2JTIwY2xhc3MlM0QlMjJ0aXRsZSUyMiUzRVNPTFVUSU9OUyUyMERFJTIwVFJBTlNQT1JUJTNDJTJGZGl2JTNFJTBBJTIwJTIwJTIwJTIwJTIwJTIwJTIwJTIwJTIwJTIwJTIwJTIwJTIwJTIwJTIwJTIwJTNDJTJGYSUzRSUwQSUyMCUyMCUyMCUyMCUyMCUyMCUyMCUyMCUyMCUyMCUyMCUyMCUyMCUyMCUyMCUyMCUzQ2RpdiUyMGNsYXNzJTNEJTIydGV4dCUyMiUzRUludGVydmVudGlvbnMlMjBzdXIlMjBsZXMlMjBidXMlMkMlM0NiciUzRSUyMGNhbWlvbnMlMkMlMjBtYWNoaW5lcyUyMGFncmljb2xlcy4uLiUzQyUyRmRpdiUzRSUwQSUyMCUyMCUyMCUyMCUyMCUyMCUyMCUyMCUyMCUyMCUyMCUyMCUzQyUyRmRpdiUzRSUwQSUyMCUyMCUyMCUyMCUyMCUyMCUyMCUyMCUzQyUyRmRpdiUzRSUwQSUyMCUyMCUyMCUyMCUyMCUyMCUyMCUyMCUzQ2RpdiUyMGNsYXNzJTNEJTIyY29sdW1uJTIyJTNFJTBBJTIwJTIwJTIwJTIwJTIwJTIwJTIwJTIwJTIwJTIwJTIwJTIwJTNDaW1nJTIwc3JjJTNEJTIyaHR0cHMlM0ElMkYlMkZqb3JtYXguY29tJTJGd3AtY29udGVudCUyRnVwbG9hZHMlMkYzLTEwLnBuZyUyMiUyMGFsdCUzRCUyMkltYWdlbSUyMDQlMjIlM0UlMEElMjAlMjAlMjAlMjAlMjAlMjAlMjAlMjAlMjAlMjAlMjAlMjAlM0NkaXYlMjBjbGFzcyUzRCUyMm92ZXJsYXklMjIlM0UlMEElMjAlMjAlMjAlMjAlMjAlMjAlMjAlMjAlMjAlMjAlMjAlMjAlMDklM0NhJTIwaHJlZiUzRCUyMmh0dHBzJTNBJTJGJTJGam9ybWF4LmNvbSUyRnNvbHVjb2VzLWluZHVzdHJpYWlzJTJGJTIyJTNFJTBBJTA5JTA5JTA5JTA5JTA5JTNDZGl2JTIwY2xhc3MlM0QlMjJ0aXRsZSUyMiUzRVNPTFVUSU9OUyUyMElORFVTVFJJRUxMRVMlM0MlMkZkaXYlM0UlMEElMjAlMjAlMjAlMjAlMjAlMjAlMjAlMjAlMjAlMjAlMjAlMjAlMjAlMjAlMjAlMjAlM0MlMkZhJTNFJTBBJTIwJTIwJTIwJTIwJTIwJTIwJTIwJTIwJTIwJTIwJTIwJTIwJTIwJTIwJTIwJTIwJTNDZGl2JTIwY2xhc3MlM0QlMjJ0ZXh0JTIyJTNFSW50ZXJ2ZW50aW9ucyUyMGRhbnMlMjBsZXMlMjBzZWN0ZXVycyUyQyUzQ2JyJTNFJTIwYWxpbWVudGFpcmUlMkMlMjBwaGFybWFjZXV0aXF1ZS4uLiUzQyUyRmRpdiUzRSUwQSUyMCUyMCUyMCUyMCUyMCUyMCUyMCUyMCUyMCUyMCUyMCUyMCUzQyUyRmRpdiUzRSUwQSUyMCUyMCUyMCUyMCUyMCUyMCUyMCUyMCUzQyUyRmRpdiUzRSUwQSUyMCUyMCUyMCUyMCUzQyUyRmRpdiUzRSUwQSUzQyUyRmJvZHklM0UlMEElM0MlMkZodG1sJTNF[\/vc_raw_html][\/vc_column][\/vc_row][vc_row][vc_column][vc_empty_space height=\u00a0\u00bb50px\u00a0\u00bb][\/vc_column][\/vc_row][vc_row][vc_column][vc_separator css=\u00a0\u00bb\u00a0\u00bb][vc_images_carousel images=\u00a0\u00bb20490,20487,20484,20481,20478,20475,20472,20469,20466,20463,20460,20457,20409,20406,20454,20451,20448,20445,20439,20493,20496,20433,20430,20427,20403,20424,20421,20418,20415,20412,20397,20400,20391,20394,20388,20385&Prime; img_size=\u00a0\u00bbfull\u00a0\u00bb speed=\u00a0\u00bb3000&Prime; slides_per_view=\u00a0\u00bb3&Prime; autoplay=\u00a0\u00bbyes\u00a0\u00bb hide_pagination_control=\u00a0\u00bbyes\u00a0\u00bb wrap=\u00a0\u00bbyes\u00a0\u00bb css=\u00a0\u00bb\u00a0\u00bb][vc_custom_heading text=\u00a0\u00bbCe sont quelques projets personnalis\u00e9s que nous r\u00e9alisons pour nos clients.\u00a0\u00bb font_container=\u00a0\u00bbtag:p|font_size:20px|text_align:center|line_height:50px\u00a0\u00bb google_fonts=\u00a0\u00bbfont_family:Exo%3A100%2C100italic%2C200%2C200italic%2C300%2C300italic%2Cregular%2Citalic%2C500%2C500italic%2C600%2C600italic%2C700%2C700italic%2C800%2C800italic%2C900%2C900italic|font_style:800%20bold%20regular%3A800%3Anormal\u00a0\u00bb css=\u00a0\u00bb\u00a0\u00bb][vc_custom_heading text=\u00a0\u00bbAvez-vous besoin d&rsquo;une solution sur mesure ? Transformez votre projet en r\u00e9alit\u00e9 !\u00a0\u00bb font_container=\u00a0\u00bbtag:h6|font_size:20px|text_align:center|line_height:20px\u00a0\u00bb google_fonts=\u00a0\u00bbfont_family:Exo%3A100%2C100italic%2C200%2C200italic%2C300%2C300italic%2Cregular%2Citalic%2C500%2C500italic%2C600%2C600italic%2C700%2C700italic%2C800%2C800italic%2C900%2C900italic|font_style:800%20bold%20regular%3A800%3Anormal\u00a0\u00bb css=\u00a0\u00bb\u00a0\u00bb][vc_btn title=\u00a0\u00bbCONTACTEZ-NOUS\u00a0\u00bb align=\u00a0\u00bbcenter\u00a0\u00bb css=\u00a0\u00bb\u00a0\u00bb el_class=\u00a0\u00bbbt-btn-readmore hvr-float-shadow\u00a0\u00bb link=\u00a0\u00bburl:https%3A%2F%2Fjormax.com%2Ffr%2Fcontacts%2F|title:Contacts|target:_blank\u00a0\u00bb][vc_empty_space][\/vc_column][\/vc_row]<\/p>\n<\/div>","protected":false},"excerpt":{"rendered":"<p>[vc_row][vc_column][vc_column_text css=\u00a0\u00bb\u00a0\u00bb] Chez JORMAX, nous sommes experts dans le d\u00e9veloppement et la production de solutions d&rsquo;acc\u00e8s personnalis\u00e9es, con\u00e7ues pour r\u00e9pondre \u00e0 vos besoins sp\u00e9cifiques et optimiser l&rsquo;utilisation de l&rsquo;espace disponible. Forts d\u2019une vaste exp\u00e9rience dans la fabrication et la fourniture d\u2019\u00e9quipements de haute qualit\u00e9, nous op\u00e9rons dans divers secteurs, proposant des solutions professionnelles alliant s\u00e9curit\u00e9, [&hellip;]<\/p>\n","protected":false},"author":8,"featured_media":0,"parent":0,"menu_order":6,"comment_status":"closed","ping_status":"closed","template":"","meta":{"footnotes":""},"class_list":["post-16192","page","type-page","status-publish","hentry"],"yoast_head":"<!-- This site is optimized with the Yoast SEO plugin v24.5 - https:\/\/yoast.com\/wordpress\/plugins\/seo\/ -->\n<title>Solutions sur Mesure - Jormax - F\u00e1brica de Escadas e Escadotes<\/title>\n<meta name=\"description\" content=\"Na JORMAX somos especialista no desenvolvimento e produ\u00e7\u00e3o de produtos de acesso \u00e0 sua necessidade. Sectores Aeron\u00e1utico, Ferrovi\u00e1rio, Rodovi\u00e1rio Industrial\" \/>\n<meta name=\"robots\" content=\"index, follow, max-snippet:-1, max-image-preview:large, max-video-preview:-1\" \/>\n<link rel=\"canonical\" href=\"https:\/\/jormax.com\/fr\/solutions-personnalisees\/\" \/>\n<meta property=\"og:locale\" content=\"fr_FR\" \/>\n<meta property=\"og:type\" content=\"article\" \/>\n<meta property=\"og:title\" content=\"Solutions sur Mesure - Jormax - F\u00e1brica de Escadas e Escadotes\" \/>\n<meta property=\"og:description\" content=\"Na JORMAX somos especialista no desenvolvimento e produ\u00e7\u00e3o de produtos de acesso \u00e0 sua necessidade. Sectores Aeron\u00e1utico, Ferrovi\u00e1rio, Rodovi\u00e1rio Industrial\" \/>\n<meta property=\"og:url\" content=\"https:\/\/jormax.com\/fr\/solutions-personnalisees\/\" \/>\n<meta property=\"og:site_name\" content=\"Jormax - F\u00e1brica de Escadas e Escadotes\" \/>\n<meta property=\"article:publisher\" content=\"https:\/\/www.facebook.com\/jormaxportugal\/\" \/>\n<meta property=\"article:modified_time\" content=\"2025-03-31T14:50:23+00:00\" \/>\n<meta property=\"og:image\" content=\"https:\/\/jormax.com\/wp-content\/uploads\/2019\/12\/logotipo-jormax-cor-stickymenu.png\" \/>\n\t<meta property=\"og:image:width\" content=\"235\" \/>\n\t<meta property=\"og:image:height\" content=\"59\" \/>\n\t<meta property=\"og:image:type\" content=\"image\/png\" \/>\n<meta name=\"twitter:card\" content=\"summary_large_image\" \/>\n<meta name=\"twitter:label1\" content=\"Dur\u00e9e de lecture estim\u00e9e\" \/>\n\t<meta name=\"twitter:data1\" content=\"1 minute\" \/>\n<script type=\"application\/ld+json\" class=\"yoast-schema-graph\">{\"@context\":\"https:\/\/schema.org\",\"@graph\":[{\"@type\":\"WebPage\",\"@id\":\"https:\/\/jormax.com\/fr\/solutions-personnalisees\/\",\"url\":\"https:\/\/jormax.com\/fr\/solutions-personnalisees\/\",\"name\":\"Solutions sur Mesure - Jormax - F\u00e1brica de Escadas e Escadotes\",\"isPartOf\":{\"@id\":\"https:\/\/jormax.com\/fr\/#website\"},\"datePublished\":\"2021-08-31T15:00:43+00:00\",\"dateModified\":\"2025-03-31T14:50:23+00:00\",\"description\":\"Na JORMAX somos especialista no desenvolvimento e produ\u00e7\u00e3o de produtos de acesso \u00e0 sua necessidade. Sectores Aeron\u00e1utico, Ferrovi\u00e1rio, Rodovi\u00e1rio Industrial\",\"breadcrumb\":{\"@id\":\"https:\/\/jormax.com\/fr\/solutions-personnalisees\/#breadcrumb\"},\"inLanguage\":\"fr-FR\",\"potentialAction\":[{\"@type\":\"ReadAction\",\"target\":[\"https:\/\/jormax.com\/fr\/solutions-personnalisees\/\"]}]},{\"@type\":\"BreadcrumbList\",\"@id\":\"https:\/\/jormax.com\/fr\/solutions-personnalisees\/#breadcrumb\",\"itemListElement\":[{\"@type\":\"ListItem\",\"position\":1,\"name\":\"In\u00edcio\",\"item\":\"https:\/\/jormax.com\/fr\/\"},{\"@type\":\"ListItem\",\"position\":2,\"name\":\"Solutions sur Mesure\"}]},{\"@type\":\"WebSite\",\"@id\":\"https:\/\/jormax.com\/fr\/#website\",\"url\":\"https:\/\/jormax.com\/fr\/\",\"name\":\"Jormax - F\u00e1brica de Escadas e Escadotes\",\"description\":\"Fabricante de escadas, escadotes, andaimes, plataformas e solu\u00e7\u00f5es \u00e0 medida em alum\u00ednio e fibra de vidro certificados. F\u00e1brica com sede em Portugal.\",\"publisher\":{\"@id\":\"https:\/\/jormax.com\/fr\/#organization\"},\"potentialAction\":[{\"@type\":\"SearchAction\",\"target\":{\"@type\":\"EntryPoint\",\"urlTemplate\":\"https:\/\/jormax.com\/fr\/?s={search_term_string}\"},\"query-input\":{\"@type\":\"PropertyValueSpecification\",\"valueRequired\":true,\"valueName\":\"search_term_string\"}}],\"inLanguage\":\"fr-FR\"},{\"@type\":\"Organization\",\"@id\":\"https:\/\/jormax.com\/fr\/#organization\",\"name\":\"Jormax - Fabricant d' \u00c9chelles, Escabeau et \u00c9chafaudages\",\"url\":\"https:\/\/jormax.com\/fr\/\",\"logo\":{\"@type\":\"ImageObject\",\"inLanguage\":\"fr-FR\",\"@id\":\"https:\/\/jormax.com\/fr\/#\/schema\/logo\/image\/\",\"url\":\"http:\/\/jormax.com\/wp-content\/uploads\/2019\/12\/logotipo-jormax-cor-stickymenu.png\",\"contentUrl\":\"http:\/\/jormax.com\/wp-content\/uploads\/2019\/12\/logotipo-jormax-cor-stickymenu.png\",\"width\":235,\"height\":59,\"caption\":\"Jormax - Fabricant d' \u00c9chelles, Escabeau et \u00c9chafaudages\"},\"image\":{\"@id\":\"https:\/\/jormax.com\/fr\/#\/schema\/logo\/image\/\"},\"sameAs\":[\"https:\/\/www.facebook.com\/jormaxportugal\/\"]}]}<\/script>\n<!-- \/ Yoast SEO plugin. -->","yoast_head_json":{"title":"Solutions sur Mesure - Jormax - F\u00e1brica de Escadas e Escadotes","description":"Na JORMAX somos especialista no desenvolvimento e produ\u00e7\u00e3o de produtos de acesso \u00e0 sua necessidade. Sectores Aeron\u00e1utico, Ferrovi\u00e1rio, Rodovi\u00e1rio Industrial","robots":{"index":"index","follow":"follow","max-snippet":"max-snippet:-1","max-image-preview":"max-image-preview:large","max-video-preview":"max-video-preview:-1"},"canonical":"https:\/\/jormax.com\/fr\/solutions-personnalisees\/","og_locale":"fr_FR","og_type":"article","og_title":"Solutions sur Mesure - Jormax - F\u00e1brica de Escadas e Escadotes","og_description":"Na JORMAX somos especialista no desenvolvimento e produ\u00e7\u00e3o de produtos de acesso \u00e0 sua necessidade. Sectores Aeron\u00e1utico, Ferrovi\u00e1rio, Rodovi\u00e1rio Industrial","og_url":"https:\/\/jormax.com\/fr\/solutions-personnalisees\/","og_site_name":"Jormax - F\u00e1brica de Escadas e Escadotes","article_publisher":"https:\/\/www.facebook.com\/jormaxportugal\/","article_modified_time":"2025-03-31T14:50:23+00:00","og_image":[{"width":235,"height":59,"url":"https:\/\/jormax.com\/wp-content\/uploads\/2019\/12\/logotipo-jormax-cor-stickymenu.png","type":"image\/png"}],"twitter_card":"summary_large_image","twitter_misc":{"Dur\u00e9e de lecture estim\u00e9e":"1 minute"},"schema":{"@context":"https:\/\/schema.org","@graph":[{"@type":"WebPage","@id":"https:\/\/jormax.com\/fr\/solutions-personnalisees\/","url":"https:\/\/jormax.com\/fr\/solutions-personnalisees\/","name":"Solutions sur Mesure - Jormax - F\u00e1brica de Escadas e Escadotes","isPartOf":{"@id":"https:\/\/jormax.com\/fr\/#website"},"datePublished":"2021-08-31T15:00:43+00:00","dateModified":"2025-03-31T14:50:23+00:00","description":"Na JORMAX somos especialista no desenvolvimento e produ\u00e7\u00e3o de produtos de acesso \u00e0 sua necessidade. Sectores Aeron\u00e1utico, Ferrovi\u00e1rio, Rodovi\u00e1rio Industrial","breadcrumb":{"@id":"https:\/\/jormax.com\/fr\/solutions-personnalisees\/#breadcrumb"},"inLanguage":"fr-FR","potentialAction":[{"@type":"ReadAction","target":["https:\/\/jormax.com\/fr\/solutions-personnalisees\/"]}]},{"@type":"BreadcrumbList","@id":"https:\/\/jormax.com\/fr\/solutions-personnalisees\/#breadcrumb","itemListElement":[{"@type":"ListItem","position":1,"name":"In\u00edcio","item":"https:\/\/jormax.com\/fr\/"},{"@type":"ListItem","position":2,"name":"Solutions sur Mesure"}]},{"@type":"WebSite","@id":"https:\/\/jormax.com\/fr\/#website","url":"https:\/\/jormax.com\/fr\/","name":"Jormax - F\u00e1brica de Escadas e Escadotes","description":"Fabricante de escadas, escadotes, andaimes, plataformas e solu\u00e7\u00f5es \u00e0 medida em alum\u00ednio e fibra de vidro certificados. F\u00e1brica com sede em Portugal.","publisher":{"@id":"https:\/\/jormax.com\/fr\/#organization"},"potentialAction":[{"@type":"SearchAction","target":{"@type":"EntryPoint","urlTemplate":"https:\/\/jormax.com\/fr\/?s={search_term_string}"},"query-input":{"@type":"PropertyValueSpecification","valueRequired":true,"valueName":"search_term_string"}}],"inLanguage":"fr-FR"},{"@type":"Organization","@id":"https:\/\/jormax.com\/fr\/#organization","name":"Jormax - Fabricant d' \u00c9chelles, Escabeau et \u00c9chafaudages","url":"https:\/\/jormax.com\/fr\/","logo":{"@type":"ImageObject","inLanguage":"fr-FR","@id":"https:\/\/jormax.com\/fr\/#\/schema\/logo\/image\/","url":"http:\/\/jormax.com\/wp-content\/uploads\/2019\/12\/logotipo-jormax-cor-stickymenu.png","contentUrl":"http:\/\/jormax.com\/wp-content\/uploads\/2019\/12\/logotipo-jormax-cor-stickymenu.png","width":235,"height":59,"caption":"Jormax - Fabricant d' \u00c9chelles, Escabeau et \u00c9chafaudages"},"image":{"@id":"https:\/\/jormax.com\/fr\/#\/schema\/logo\/image\/"},"sameAs":["https:\/\/www.facebook.com\/jormaxportugal\/"]}]}},"_links":{"self":[{"href":"https:\/\/jormax.com\/fr\/wp-json\/wp\/v2\/pages\/16192","targetHints":{"allow":["GET"]}}],"collection":[{"href":"https:\/\/jormax.com\/fr\/wp-json\/wp\/v2\/pages"}],"about":[{"href":"https:\/\/jormax.com\/fr\/wp-json\/wp\/v2\/types\/page"}],"author":[{"embeddable":true,"href":"https:\/\/jormax.com\/fr\/wp-json\/wp\/v2\/users\/8"}],"replies":[{"embeddable":true,"href":"https:\/\/jormax.com\/fr\/wp-json\/wp\/v2\/comments?post=16192"}],"version-history":[{"count":8,"href":"https:\/\/jormax.com\/fr\/wp-json\/wp\/v2\/pages\/16192\/revisions"}],"predecessor-version":[{"id":21649,"href":"https:\/\/jormax.com\/fr\/wp-json\/wp\/v2\/pages\/16192\/revisions\/21649"}],"wp:attachment":[{"href":"https:\/\/jormax.com\/fr\/wp-json\/wp\/v2\/media?parent=16192"}],"curies":[{"name":"wp","href":"https:\/\/api.w.org\/{rel}","templated":true}]}}