{"id":8615,"date":"2019-10-17T09:39:36","date_gmt":"2019-10-17T09:39:36","guid":{"rendered":"https:\/\/www.jormax.com\/produtos\/uncategorized\/galaxy-fv1\/"},"modified":"2024-07-18T11:36:30","modified_gmt":"2024-07-18T10:36:30","slug":"galaxy-fv1","status":"publish","type":"product","link":"https:\/\/jormax.com\/en\/produto\/galaxy-fv1\/","title":{"rendered":"GALAXY FV1"},"content":{"rendered":"<div class=\"wpb-content-wrapper\"><p>[vc_row full_width=&#8221;stretch_row&#8221;][vc_column][vc_column_text]\t\t\t\t\t\t<div class=\"wpsm-comptable-wrap\">\n\t\t\t\t<table id=\"wpsm-table-86\" class=\"wpsm-comptable center-table-align\">\n\t\t\t\t\t\t\t\t\t<thead class=\"wpsm-thead wpsm-thead-default\">\n\t\t\t\t\t\t<tr>\t\t\t\t\t\t\t\n\t\t\t\t\t\t\t\t\t\t\t\t\t\t\t\t\t\t\t\t\t\t\t\t<th>REF<\/th>\n\t\t\t\t\t\t\t\t\t\n\t\t\t\t\t\t\t\t\n\t\t\t\t\t\t\t\t\t\t\t\t\t\t\t\t\t\t\t\t\t\t\t\t<th> <center><img style=\"width:60px\" src =\"https:\/\/www.jormax.com\/portal\/wp-content\/uploads\/2019\/03\/icon-numero-degraus-jormax.png\" alt=\"\" \/><\/center><br>&nbsp<\/th>\n\t\t\t\t\t\t\t\t\t\n\t\t\t\t\t\t\t\t\n\t\t\t\t\t\t\t\t\t\t\t\t\t\t\t\t\t\t\t\t\t\t\t\t<th><center><img style=\"width:60px\" src =\"https:\/\/www.jormax.com\/portal\/wp-content\/uploads\/2019\/03\/icon-altura-total-jormax.png\" alt=\"\" \/><\/center><br><b><i>m<\/i><\/b><\/th>\n\t\t\t\t\t\t\t\t\t\n\t\t\t\t\t\t\t\t\n\t\t\t\t\t\t\t\t\t\t\t\t\t\t\t\t\t\t\t\t\t\t\t\t<th><center><img style=\"width:60px\" src =\"https:\/\/www.jormax.com\/portal\/wp-content\/uploads\/2019\/10\/Icon-20.png\" alt=\"\" \/><\/center><br><b><i>mm<\/i><\/b><\/th>\n\t\t\t\t\t\t\t\t\t\n\t\t\t\t\t\t\t\t\n\t\t\t\t\t\t\t\t\t\t\t\t\t\t\t\t\t\t\t\t\t\t\t\t<th>KG<\/th>\n\t\t\t\t\t\t\t\t\t\n\t\t\t\t\t\t\t\t\n\t\t\t\t\t\t\t\t\t\t\t\t\t<\/tr>\n\t\t\t\t\t<\/thead>\n\t\t\t\t\t<tbody class=\"wpsm-tbody\">\n\t\t\t\t\t\t\t\t\t\t\t\t\t\t\t\t<tr>\t\t\t\t\t\t\t\t\t\t\t\t\t\t\t<td>\t\t\t\t\t\t\t\t\t\t\t\t\t\t\t\t\t\t\t\t\t\t\t\t\t\t10265\t\t\t\t\t\t\t\t\t\t\t\t\t\t\t\t<\/td>\n\t\t\t\t\t\t\t\t\t\t\t\t\t\t\t\t\t\t\t\t\t\t\t<td>\t\t\t\t\t\t\t\t\t\t\t\t\t\t\t\t\t\t\t\t\t\t\t\t\t\t8\t\t\t\t\t\t\t\t\t\t\t\t\t\t\t\t<\/td>\n\t\t\t\t\t\t\t\t\t\t\t\t\t\t\t\t\t\t\t\t\t\t\t<td>\t\t\t\t\t\t\t\t\t\t\t\t\t\t\t\t\t\t\t\t\t\t\t\t\t\t2.30\t\t\t\t\t\t\t\t\t\t\t\t\t\t\t\t<\/td>\n\t\t\t\t\t\t\t\t\t\t\t\t\t\t\t\t\t\t\t\t\t\t\t<td>\t\t\t\t\t\t\t\t\t\t\t\t\t\t\t\t\t\t\t\t\t\t\t\t\t\t70x30\t\t\t\t\t\t\t\t\t\t\t\t\t\t\t\t<\/td>\n\t\t\t\t\t\t\t\t\t\t\t\t\t\t\t\t\t\t\t\t\t\t\t<td>\t\t\t\t\t\t\t\t\t\t\t\t\t\t\t\t\t\t\t\t\t\t\t\t\t\t6.30\t\t\t\t\t\t\t\t\t\t\t\t\t\t\t\t<\/td>\n\t\t\t\t\t\t\t\t\t\t\t\t\t\t\t\t\t\t\t\t\t<\/tr>\n\t\t\t\t\t\t\t\t\t\t\t\t\t\t\t\t<tr>\t\t\t\t\t\t\t\t\t\t\t\t\t\t\t<td>\t\t\t\t\t\t\t\t\t\t\t\t\t\t\t\t\t\t\t\t\t\t\t\t\t\t10266\t\t\t\t\t\t\t\t\t\t\t\t\t\t\t\t<\/td>\n\t\t\t\t\t\t\t\t\t\t\t\t\t\t\t\t\t\t\t\t\t\t\t<td>\t\t\t\t\t\t\t\t\t\t\t\t\t\t\t\t\t\t\t\t\t\t\t\t\t\t10\t\t\t\t\t\t\t\t\t\t\t\t\t\t\t\t<\/td>\n\t\t\t\t\t\t\t\t\t\t\t\t\t\t\t\t\t\t\t\t\t\t\t<td>\t\t\t\t\t\t\t\t\t\t\t\t\t\t\t\t\t\t\t\t\t\t\t\t\t\t2.85\t\t\t\t\t\t\t\t\t\t\t\t\t\t\t\t<\/td>\n\t\t\t\t\t\t\t\t\t\t\t\t\t\t\t\t\t\t\t\t\t\t\t<td>\t\t\t\t\t\t\t\t\t\t\t\t\t\t\t\t\t\t\t\t\t\t\t\t\t\t70x30\t\t\t\t\t\t\t\t\t\t\t\t\t\t\t\t<\/td>\n\t\t\t\t\t\t\t\t\t\t\t\t\t\t\t\t\t\t\t\t\t\t\t<td>\t\t\t\t\t\t\t\t\t\t\t\t\t\t\t\t\t\t\t\t\t\t\t\t\t\t7.60\t\t\t\t\t\t\t\t\t\t\t\t\t\t\t\t<\/td>\n\t\t\t\t\t\t\t\t\t\t\t\t\t\t\t\t\t\t\t\t\t<\/tr>\n\t\t\t\t\t\t\t\t\t\t\t\t\t\t\t\t<tr>\t\t\t\t\t\t\t\t\t\t\t\t\t\t\t<td>\t\t\t\t\t\t\t\t\t\t\t\t\t\t\t\t\t\t\t\t\t\t\t\t\t\t10267\t\t\t\t\t\t\t\t\t\t\t\t\t\t\t\t<\/td>\n\t\t\t\t\t\t\t\t\t\t\t\t\t\t\t\t\t\t\t\t\t\t\t<td>\t\t\t\t\t\t\t\t\t\t\t\t\t\t\t\t\t\t\t\t\t\t\t\t\t\t12\t\t\t\t\t\t\t\t\t\t\t\t\t\t\t\t<\/td>\n\t\t\t\t\t\t\t\t\t\t\t\t\t\t\t\t\t\t\t\t\t\t\t<td>\t\t\t\t\t\t\t\t\t\t\t\t\t\t\t\t\t\t\t\t\t\t\t\t\t\t3.45\t\t\t\t\t\t\t\t\t\t\t\t\t\t\t\t<\/td>\n\t\t\t\t\t\t\t\t\t\t\t\t\t\t\t\t\t\t\t\t\t\t\t<td>\t\t\t\t\t\t\t\t\t\t\t\t\t\t\t\t\t\t\t\t\t\t\t\t\t\t70x30\t\t\t\t\t\t\t\t\t\t\t\t\t\t\t\t<\/td>\n\t\t\t\t\t\t\t\t\t\t\t\t\t\t\t\t\t\t\t\t\t\t\t<td>\t\t\t\t\t\t\t\t\t\t\t\t\t\t\t\t\t\t\t\t\t\t\t\t\t\t8.90\t\t\t\t\t\t\t\t\t\t\t\t\t\t\t\t<\/td>\n\t\t\t\t\t\t\t\t\t\t\t\t\t\t\t\t\t\t\t\t\t<\/tr>\n\t\t\t\t\t\t\t\t\t\t\t\t\t\t\t\t<tr>\t\t\t\t\t\t\t\t\t\t\t\t\t\t\t<td>\t\t\t\t\t\t\t\t\t\t\t\t\t\t\t\t\t\t\t\t\t\t\t\t\t\t10268\t\t\t\t\t\t\t\t\t\t\t\t\t\t\t\t<\/td>\n\t\t\t\t\t\t\t\t\t\t\t\t\t\t\t\t\t\t\t\t\t\t\t<td>\t\t\t\t\t\t\t\t\t\t\t\t\t\t\t\t\t\t\t\t\t\t\t\t\t\t14\t\t\t\t\t\t\t\t\t\t\t\t\t\t\t\t<\/td>\n\t\t\t\t\t\t\t\t\t\t\t\t\t\t\t\t\t\t\t\t\t\t\t<td>\t\t\t\t\t\t\t\t\t\t\t\t\t\t\t\t\t\t\t\t\t\t\t\t\t\t4.00\t\t\t\t\t\t\t\t\t\t\t\t\t\t\t\t<\/td>\n\t\t\t\t\t\t\t\t\t\t\t\t\t\t\t\t\t\t\t\t\t\t\t<td>\t\t\t\t\t\t\t\t\t\t\t\t\t\t\t\t\t\t\t\t\t\t\t\t\t\t70x30\t\t\t\t\t\t\t\t\t\t\t\t\t\t\t\t<\/td>\n\t\t\t\t\t\t\t\t\t\t\t\t\t\t\t\t\t\t\t\t\t\t\t<td>\t\t\t\t\t\t\t\t\t\t\t\t\t\t\t\t\t\t\t\t\t\t\t\t\t\t10.13\t\t\t\t\t\t\t\t\t\t\t\t\t\t\t\t<\/td>\n\t\t\t\t\t\t\t\t\t\t\t\t\t\t\t\t\t\t\t\t\t<\/tr>\n\t\t\t\t\t\t\t\t\t\t\t\t\t\t\t\t<tr>\t\t\t\t\t\t\t\t\t\t\t\t\t\t\t<td>\t\t\t\t\t\t\t\t\t\t\t\t\t\t\t\t\t\t\t\t\t\t\t\t\t\t10269\t\t\t\t\t\t\t\t\t\t\t\t\t\t\t\t<\/td>\n\t\t\t\t\t\t\t\t\t\t\t\t\t\t\t\t\t\t\t\t\t\t\t<td>\t\t\t\t\t\t\t\t\t\t\t\t\t\t\t\t\t\t\t\t\t\t\t\t\t\t16\t\t\t\t\t\t\t\t\t\t\t\t\t\t\t\t<\/td>\n\t\t\t\t\t\t\t\t\t\t\t\t\t\t\t\t\t\t\t\t\t\t\t<td>\t\t\t\t\t\t\t\t\t\t\t\t\t\t\t\t\t\t\t\t\t\t\t\t\t\t4.55\t\t\t\t\t\t\t\t\t\t\t\t\t\t\t\t<\/td>\n\t\t\t\t\t\t\t\t\t\t\t\t\t\t\t\t\t\t\t\t\t\t\t<td>\t\t\t\t\t\t\t\t\t\t\t\t\t\t\t\t\t\t\t\t\t\t\t\t\t\t90x32\t\t\t\t\t\t\t\t\t\t\t\t\t\t\t\t<\/td>\n\t\t\t\t\t\t\t\t\t\t\t\t\t\t\t\t\t\t\t\t\t\t\t<td>\t\t\t\t\t\t\t\t\t\t\t\t\t\t\t\t\t\t\t\t\t\t\t\t\t\t15.00\t\t\t\t\t\t\t\t\t\t\t\t\t\t\t\t<\/td>\n\t\t\t\t\t\t\t\t\t\t\t\t\t\t\t\t\t\t\t\t\t<\/tr>\n\t\t\t\t\t\t\t\t\t\t<\/tbody>\n\t\t\t\t<\/table>\n\t\t\t<\/div>\n\t\t[\/vc_column_text][\/vc_column][\/vc_row]<\/p>\n<\/div>","protected":false},"excerpt":{"rendered":"<p><strong>A simple ladder of support.<\/strong><\/p>\n<p>\u00a0<\/p>\n<p>The Galaxy is a series of enhanced professional ladders, which can be used in ladder or step ladder, available in manual version or with rope. They are built in fiberglass, according to EN 131 and designed to perform work on electrical sites or near sources of electricity. Produced with an advanced automatic fixing indelibly, the steps to the profiles. The profile of the ladder is made of fiberglass offering a large electrical insulation. The steps are in aluminum giving the lightness and maneuverability. They are indicated for workers who are working nearby outlets, cables or other sources of electricity. Provides electrical insulation, tested to 100,000 volts.<\/p>\n<p>\u00a0<\/p>\n<p><img decoding=\"async\" class=\"selos-produto\" src=\"http:\/\/jormax.com\/wp-content\/uploads\/2019\/10\/europa.jpg\" alt=\"NOME DOS SELOS (SUBSTITUIR)\" \/> <img decoding=\"async\" class=\"selos-produto\" src=\"http:\/\/jormax.com\/wp-content\/uploads\/2019\/11\/decree-law-1.png\" alt=\"NOME DOS SELOS (SUBSTITUIR)\" \/> <img decoding=\"async\" class=\"selos-produto\" src=\"http:\/\/jormax.com\/wp-content\/uploads\/2019\/11\/131-1.png\" alt=\"NOME DOS SELOS (SUBSTITUIR)\" \/> <img decoding=\"async\" class=\"selos-produto\" src=\"http:\/\/jormax.com\/wp-content\/uploads\/2019\/11\/5-1.png\" alt=\"NOME DOS SELOS (SUBSTITUIR)\" \/> <img decoding=\"async\" class=\"selos-produto\" src=\"http:\/\/jormax.com\/wp-content\/uploads\/2019\/11\/professional-use-1.png\" alt=\"NOME DOS SELOS (SUBSTITUIR)\" \/> <img decoding=\"async\" class=\"selos-produto\" src=\"http:\/\/jormax.com\/wp-content\/uploads\/2019\/10\/peso-150.jpg\" alt=\"NOME DOS SELOS (SUBSTITUIR)\" \/><\/p>\n<p>\u00a0<\/p>\n","protected":false},"featured_media":8586,"template":"","meta":[],"product_brand":[],"product_cat":[3558,210,270],"product_tag":[],"class_list":{"0":"post-8615","1":"product","2":"type-product","3":"status-publish","4":"has-post-thumbnail","6":"product_cat-fibra-de-vidro-en","7":"product_cat-ladders","8":"product_cat-escadas-fibra-vidro-en","10":"first","11":"instock","12":"shipping-taxable","13":"product-type-simple"},"yoast_head":"<!-- This site is optimized with the Yoast SEO plugin v24.5 - https:\/\/yoast.com\/wordpress\/plugins\/seo\/ -->\n<title>GALAXY FV1 - Jormax - F\u00e1brica de Escadas e Escadotes<\/title>\n<meta name=\"description\" content=\"The Galaxy is a series of enhanced professional ladders, which can be used in ladder or step ladder, available in manual version or with rope. They are built in fiberglass, according to EN 131 and designed to perform work on electrical sites or near sources of electricity. Produced with an advanced automatic fixing indelibly, the steps to the profiles. The profile of the ladder is made of fiberglass offering a large electrical insulation. The steps are in aluminum giving the lightness and maneuverability. They are indicated for workers who are working nearby outlets, cables or other sources of electricity. Provides electrical insulation, tested to 100,000 volts.\" \/>\n<meta name=\"robots\" content=\"index, follow, max-snippet:-1, max-image-preview:large, max-video-preview:-1\" \/>\n<link rel=\"canonical\" href=\"https:\/\/jormax.com\/en\/produto\/galaxy-fv1\/\" \/>\n<meta property=\"og:locale\" content=\"en_US\" \/>\n<meta property=\"og:type\" content=\"article\" \/>\n<meta property=\"og:title\" content=\"GALAXY FV1 - Jormax - F\u00e1brica de Escadas e Escadotes\" \/>\n<meta property=\"og:description\" content=\"The Galaxy is a series of enhanced professional ladders, which can be used in ladder or step ladder, available in manual version or with rope. They are built in fiberglass, according to EN 131 and designed to perform work on electrical sites or near sources of electricity. Produced with an advanced automatic fixing indelibly, the steps to the profiles. The profile of the ladder is made of fiberglass offering a large electrical insulation. The steps are in aluminum giving the lightness and maneuverability. They are indicated for workers who are working nearby outlets, cables or other sources of electricity. Provides electrical insulation, tested to 100,000 volts.\" \/>\n<meta property=\"og:url\" content=\"https:\/\/jormax.com\/en\/produto\/galaxy-fv1\/\" \/>\n<meta property=\"og:site_name\" content=\"Jormax - F\u00e1brica de Escadas e Escadotes\" \/>\n<meta property=\"article:publisher\" content=\"https:\/\/www.facebook.com\/jormaxportugal\/\" \/>\n<meta property=\"article:modified_time\" content=\"2024-07-18T10:36:30+00:00\" \/>\n<meta property=\"og:image\" content=\"https:\/\/jormax.com\/wp-content\/uploads\/2019\/10\/escada-fibra-vidro-electrikal-f3-jormax.jpg\" \/>\n\t<meta property=\"og:image:width\" content=\"900\" \/>\n\t<meta property=\"og:image:height\" content=\"900\" \/>\n\t<meta property=\"og:image:type\" content=\"image\/jpeg\" \/>\n<meta name=\"twitter:card\" content=\"summary_large_image\" \/>\n<script type=\"application\/ld+json\" class=\"yoast-schema-graph\">{\"@context\":\"https:\/\/schema.org\",\"@graph\":[{\"@type\":\"WebPage\",\"@id\":\"https:\/\/jormax.com\/en\/produto\/galaxy-fv1\/\",\"url\":\"https:\/\/jormax.com\/en\/produto\/galaxy-fv1\/\",\"name\":\"GALAXY FV1 - Jormax - F\u00e1brica de Escadas e Escadotes\",\"isPartOf\":{\"@id\":\"https:\/\/jormax.com\/en\/#website\"},\"primaryImageOfPage\":{\"@id\":\"https:\/\/jormax.com\/en\/produto\/galaxy-fv1\/#primaryimage\"},\"image\":{\"@id\":\"https:\/\/jormax.com\/en\/produto\/galaxy-fv1\/#primaryimage\"},\"thumbnailUrl\":\"https:\/\/jormax.com\/wp-content\/uploads\/2019\/10\/escada-fibra-vidro-electrikal-f3-jormax.jpg\",\"datePublished\":\"2019-10-17T09:39:36+00:00\",\"dateModified\":\"2024-07-18T10:36:30+00:00\",\"description\":\"The Galaxy is a series of enhanced professional ladders, which can be used in ladder or step ladder, available in manual version or with rope. They are built in fiberglass, according to EN 131 and designed to perform work on electrical sites or near sources of electricity. Produced with an advanced automatic fixing indelibly, the steps to the profiles. The profile of the ladder is made of fiberglass offering a large electrical insulation. The steps are in aluminum giving the lightness and maneuverability. They are indicated for workers who are working nearby outlets, cables or other sources of electricity. Provides electrical insulation, tested to 100,000 volts.\",\"breadcrumb\":{\"@id\":\"https:\/\/jormax.com\/en\/produto\/galaxy-fv1\/#breadcrumb\"},\"inLanguage\":\"en-US\",\"potentialAction\":[{\"@type\":\"ReadAction\",\"target\":[\"https:\/\/jormax.com\/en\/produto\/galaxy-fv1\/\"]}]},{\"@type\":\"ImageObject\",\"inLanguage\":\"en-US\",\"@id\":\"https:\/\/jormax.com\/en\/produto\/galaxy-fv1\/#primaryimage\",\"url\":\"https:\/\/jormax.com\/wp-content\/uploads\/2019\/10\/escada-fibra-vidro-electrikal-f3-jormax.jpg\",\"contentUrl\":\"https:\/\/jormax.com\/wp-content\/uploads\/2019\/10\/escada-fibra-vidro-electrikal-f3-jormax.jpg\",\"width\":900,\"height\":900},{\"@type\":\"BreadcrumbList\",\"@id\":\"https:\/\/jormax.com\/en\/produto\/galaxy-fv1\/#breadcrumb\",\"itemListElement\":[{\"@type\":\"ListItem\",\"position\":1,\"name\":\"In\u00edcio\",\"item\":\"https:\/\/jormax.com\/en\/\"},{\"@type\":\"ListItem\",\"position\":2,\"name\":\"Products\",\"item\":\"https:\/\/jormax.com\/en\/products\/\"},{\"@type\":\"ListItem\",\"position\":3,\"name\":\"GALAXY FV1\"}]},{\"@type\":\"WebSite\",\"@id\":\"https:\/\/jormax.com\/en\/#website\",\"url\":\"https:\/\/jormax.com\/en\/\",\"name\":\"Jormax - F\u00e1brica de Escadas e Escadotes\",\"description\":\"Fabricante de escadas, escadotes, andaimes, plataformas e solu\u00e7\u00f5es \u00e0 medida em alum\u00ednio e fibra de vidro certificados. F\u00e1brica com sede em Portugal.\",\"publisher\":{\"@id\":\"https:\/\/jormax.com\/en\/#organization\"},\"potentialAction\":[{\"@type\":\"SearchAction\",\"target\":{\"@type\":\"EntryPoint\",\"urlTemplate\":\"https:\/\/jormax.com\/en\/?s={search_term_string}\"},\"query-input\":{\"@type\":\"PropertyValueSpecification\",\"valueRequired\":true,\"valueName\":\"search_term_string\"}}],\"inLanguage\":\"en-US\"},{\"@type\":\"Organization\",\"@id\":\"https:\/\/jormax.com\/en\/#organization\",\"name\":\"Jormax - Factory of Ladders, Step Ladders and Scaffolding\",\"url\":\"https:\/\/jormax.com\/en\/\",\"logo\":{\"@type\":\"ImageObject\",\"inLanguage\":\"en-US\",\"@id\":\"https:\/\/jormax.com\/en\/#\/schema\/logo\/image\/\",\"url\":\"http:\/\/jormax.com\/wp-content\/uploads\/2019\/12\/logotipo-jormax-cor-stickymenu.png\",\"contentUrl\":\"http:\/\/jormax.com\/wp-content\/uploads\/2019\/12\/logotipo-jormax-cor-stickymenu.png\",\"width\":235,\"height\":59,\"caption\":\"Jormax - Factory of Ladders, Step Ladders and Scaffolding\"},\"image\":{\"@id\":\"https:\/\/jormax.com\/en\/#\/schema\/logo\/image\/\"},\"sameAs\":[\"https:\/\/www.facebook.com\/jormaxportugal\/\"]}]}<\/script>\n<!-- \/ Yoast SEO plugin. -->","yoast_head_json":{"title":"GALAXY FV1 - Jormax - F\u00e1brica de Escadas e Escadotes","description":"The Galaxy is a series of enhanced professional ladders, which can be used in ladder or step ladder, available in manual version or with rope. They are built in fiberglass, according to EN 131 and designed to perform work on electrical sites or near sources of electricity. Produced with an advanced automatic fixing indelibly, the steps to the profiles. The profile of the ladder is made of fiberglass offering a large electrical insulation. The steps are in aluminum giving the lightness and maneuverability. They are indicated for workers who are working nearby outlets, cables or other sources of electricity. Provides electrical insulation, tested to 100,000 volts.","robots":{"index":"index","follow":"follow","max-snippet":"max-snippet:-1","max-image-preview":"max-image-preview:large","max-video-preview":"max-video-preview:-1"},"canonical":"https:\/\/jormax.com\/en\/produto\/galaxy-fv1\/","og_locale":"en_US","og_type":"article","og_title":"GALAXY FV1 - Jormax - F\u00e1brica de Escadas e Escadotes","og_description":"The Galaxy is a series of enhanced professional ladders, which can be used in ladder or step ladder, available in manual version or with rope. They are built in fiberglass, according to EN 131 and designed to perform work on electrical sites or near sources of electricity. Produced with an advanced automatic fixing indelibly, the steps to the profiles. The profile of the ladder is made of fiberglass offering a large electrical insulation. The steps are in aluminum giving the lightness and maneuverability. They are indicated for workers who are working nearby outlets, cables or other sources of electricity. Provides electrical insulation, tested to 100,000 volts.","og_url":"https:\/\/jormax.com\/en\/produto\/galaxy-fv1\/","og_site_name":"Jormax - F\u00e1brica de Escadas e Escadotes","article_publisher":"https:\/\/www.facebook.com\/jormaxportugal\/","article_modified_time":"2024-07-18T10:36:30+00:00","og_image":[{"width":900,"height":900,"url":"https:\/\/jormax.com\/wp-content\/uploads\/2019\/10\/escada-fibra-vidro-electrikal-f3-jormax.jpg","type":"image\/jpeg"}],"twitter_card":"summary_large_image","schema":{"@context":"https:\/\/schema.org","@graph":[{"@type":"WebPage","@id":"https:\/\/jormax.com\/en\/produto\/galaxy-fv1\/","url":"https:\/\/jormax.com\/en\/produto\/galaxy-fv1\/","name":"GALAXY FV1 - Jormax - F\u00e1brica de Escadas e Escadotes","isPartOf":{"@id":"https:\/\/jormax.com\/en\/#website"},"primaryImageOfPage":{"@id":"https:\/\/jormax.com\/en\/produto\/galaxy-fv1\/#primaryimage"},"image":{"@id":"https:\/\/jormax.com\/en\/produto\/galaxy-fv1\/#primaryimage"},"thumbnailUrl":"https:\/\/jormax.com\/wp-content\/uploads\/2019\/10\/escada-fibra-vidro-electrikal-f3-jormax.jpg","datePublished":"2019-10-17T09:39:36+00:00","dateModified":"2024-07-18T10:36:30+00:00","description":"The Galaxy is a series of enhanced professional ladders, which can be used in ladder or step ladder, available in manual version or with rope. They are built in fiberglass, according to EN 131 and designed to perform work on electrical sites or near sources of electricity. Produced with an advanced automatic fixing indelibly, the steps to the profiles. The profile of the ladder is made of fiberglass offering a large electrical insulation. The steps are in aluminum giving the lightness and maneuverability. They are indicated for workers who are working nearby outlets, cables or other sources of electricity. Provides electrical insulation, tested to 100,000 volts.","breadcrumb":{"@id":"https:\/\/jormax.com\/en\/produto\/galaxy-fv1\/#breadcrumb"},"inLanguage":"en-US","potentialAction":[{"@type":"ReadAction","target":["https:\/\/jormax.com\/en\/produto\/galaxy-fv1\/"]}]},{"@type":"ImageObject","inLanguage":"en-US","@id":"https:\/\/jormax.com\/en\/produto\/galaxy-fv1\/#primaryimage","url":"https:\/\/jormax.com\/wp-content\/uploads\/2019\/10\/escada-fibra-vidro-electrikal-f3-jormax.jpg","contentUrl":"https:\/\/jormax.com\/wp-content\/uploads\/2019\/10\/escada-fibra-vidro-electrikal-f3-jormax.jpg","width":900,"height":900},{"@type":"BreadcrumbList","@id":"https:\/\/jormax.com\/en\/produto\/galaxy-fv1\/#breadcrumb","itemListElement":[{"@type":"ListItem","position":1,"name":"In\u00edcio","item":"https:\/\/jormax.com\/en\/"},{"@type":"ListItem","position":2,"name":"Products","item":"https:\/\/jormax.com\/en\/products\/"},{"@type":"ListItem","position":3,"name":"GALAXY FV1"}]},{"@type":"WebSite","@id":"https:\/\/jormax.com\/en\/#website","url":"https:\/\/jormax.com\/en\/","name":"Jormax - F\u00e1brica de Escadas e Escadotes","description":"Fabricante de escadas, escadotes, andaimes, plataformas e solu\u00e7\u00f5es \u00e0 medida em alum\u00ednio e fibra de vidro certificados. F\u00e1brica com sede em Portugal.","publisher":{"@id":"https:\/\/jormax.com\/en\/#organization"},"potentialAction":[{"@type":"SearchAction","target":{"@type":"EntryPoint","urlTemplate":"https:\/\/jormax.com\/en\/?s={search_term_string}"},"query-input":{"@type":"PropertyValueSpecification","valueRequired":true,"valueName":"search_term_string"}}],"inLanguage":"en-US"},{"@type":"Organization","@id":"https:\/\/jormax.com\/en\/#organization","name":"Jormax - Factory of Ladders, Step Ladders and Scaffolding","url":"https:\/\/jormax.com\/en\/","logo":{"@type":"ImageObject","inLanguage":"en-US","@id":"https:\/\/jormax.com\/en\/#\/schema\/logo\/image\/","url":"http:\/\/jormax.com\/wp-content\/uploads\/2019\/12\/logotipo-jormax-cor-stickymenu.png","contentUrl":"http:\/\/jormax.com\/wp-content\/uploads\/2019\/12\/logotipo-jormax-cor-stickymenu.png","width":235,"height":59,"caption":"Jormax - Factory of Ladders, Step Ladders and Scaffolding"},"image":{"@id":"https:\/\/jormax.com\/en\/#\/schema\/logo\/image\/"},"sameAs":["https:\/\/www.facebook.com\/jormaxportugal\/"]}]}},"_links":{"self":[{"href":"https:\/\/jormax.com\/en\/wp-json\/wp\/v2\/product\/8615","targetHints":{"allow":["GET"]}}],"collection":[{"href":"https:\/\/jormax.com\/en\/wp-json\/wp\/v2\/product"}],"about":[{"href":"https:\/\/jormax.com\/en\/wp-json\/wp\/v2\/types\/product"}],"wp:featuredmedia":[{"embeddable":true,"href":"https:\/\/jormax.com\/en\/wp-json\/wp\/v2\/media\/8586"}],"wp:attachment":[{"href":"https:\/\/jormax.com\/en\/wp-json\/wp\/v2\/media?parent=8615"}],"wp:term":[{"taxonomy":"product_brand","embeddable":true,"href":"https:\/\/jormax.com\/en\/wp-json\/wp\/v2\/product_brand?post=8615"},{"taxonomy":"product_cat","embeddable":true,"href":"https:\/\/jormax.com\/en\/wp-json\/wp\/v2\/product_cat?post=8615"},{"taxonomy":"product_tag","embeddable":true,"href":"https:\/\/jormax.com\/en\/wp-json\/wp\/v2\/product_tag?post=8615"}],"curies":[{"name":"wp","href":"https:\/\/api.w.org\/{rel}","templated":true}]}}