{"id":8257,"date":"2019-10-22T10:51:33","date_gmt":"2019-10-22T10:51:33","guid":{"rendered":"https:\/\/www.jormax.com\/produtos\/uncategorized\/up-lift\/"},"modified":"2024-07-19T09:18:35","modified_gmt":"2024-07-19T08:18:35","slug":"up-lift","status":"publish","type":"product","link":"https:\/\/jormax.com\/en\/produto\/up-lift\/","title":{"rendered":"UP-LIFT"},"content":{"rendered":"","protected":false},"excerpt":{"rendered":"<p><strong>Light telescopic platform aluminum.<\/strong><\/p>\n<p>\u00a0<\/p>\n<p>Telescopic aerial platform, equipped with electric lifting and manual handling. Made of aluminum and painted with epoxy paint. Rises by an electro-hydraulic system and can be conveyed only by a worker thanks to its lightness. For transport the counterweights (4 pieces of 15 kg) and the battery (9 kg) disassemble. It also features a lower price compared to the classic articulated aerial platforms. Combines comfort and affordability, is designed for maintenance, painting, cleaning, facilities, etc. In small dimensions, passes through doors and elevators. It can be used in companies, warehouses, supermarkets or buildings thanks to its small size.<\/p>\n<p>\u00a0<\/p>\n<p style=\"color: red;\">REF: 300001<\/p>\n<p>\u00a0<\/p>\n<p><img decoding=\"async\" class=\"selos-produto\" src=\"http:\/\/jormax.com\/wp-content\/uploads\/2019\/10\/europa.jpg\" alt=\"NOME DOS SELOS (SUBSTITUIR)\" \/> <img decoding=\"async\" class=\"selos-produto\" src=\"http:\/\/jormax.com\/wp-content\/uploads\/2019\/11\/decree-law-1.png\" alt=\"NOME DOS SELOS (SUBSTITUIR)\" \/> <img decoding=\"async\" class=\"selos-produto\" src=\"http:\/\/jormax.com\/wp-content\/uploads\/2019\/11\/2-1.png\" alt=\"NOME DOS SELOS (SUBSTITUIR)\" \/> <img decoding=\"async\" class=\"selos-produto\" src=\"http:\/\/jormax.com\/wp-content\/uploads\/2019\/11\/professional-use-1.png\" alt=\"NOME DOS SELOS (SUBSTITUIR)\" \/> <img decoding=\"async\" class=\"selos-produto\" src=\"http:\/\/jormax.com\/wp-content\/uploads\/2019\/10\/peso-120.jpg\" alt=\"NOME DOS SELOS (SUBSTITUIR)\" \/> <img decoding=\"async\" class=\"selos-produto\" src=\"http:\/\/jormax.com\/wp-content\/uploads\/2019\/10\/c-e.jpg\" alt=\"NOME DOS SELOS (SUBSTITUIR)\" \/><\/p>\n<p>\u00a0<\/p>\n","protected":false},"featured_media":8259,"template":"","meta":[],"product_brand":[],"product_cat":[3576,245],"product_tag":[],"class_list":{"0":"post-8257","1":"product","2":"type-product","3":"status-publish","4":"has-post-thumbnail","6":"product_cat-telescopic-platform","7":"product_cat-plataforms","9":"first","10":"instock","11":"shipping-taxable","12":"product-type-simple"},"yoast_head":"<!-- This site is optimized with the Yoast SEO plugin v24.5 - https:\/\/yoast.com\/wordpress\/plugins\/seo\/ -->\n<title>UP-LIFT - Jormax - F\u00e1brica de Escadas e Escadotes<\/title>\n<meta name=\"description\" content=\"Telescopic aerial platform, equipped with electric lifting and manual handling. Made of aluminum and painted with epoxy paint. Rises by an electro-hydraulic system and can be conveyed only by a worker thanks to its lightness. For transport the counterweights (4 pieces of 15 kg) and the battery (9 kg) disassemble. It also features a lower price compared to the classic articulated aerial platforms. Combines comfort and affordability, is designed for maintenance, painting, cleaning, facilities, etc. In small dimensions, passes through doors and elevators. It can be used in companies, warehouses, supermarkets or buildings thanks to its small size.\" \/>\n<meta name=\"robots\" content=\"index, follow, max-snippet:-1, max-image-preview:large, max-video-preview:-1\" \/>\n<link rel=\"canonical\" href=\"https:\/\/jormax.com\/en\/produto\/up-lift\/\" \/>\n<meta property=\"og:locale\" content=\"en_US\" \/>\n<meta property=\"og:type\" content=\"article\" \/>\n<meta property=\"og:title\" content=\"UP-LIFT - Jormax - F\u00e1brica de Escadas e Escadotes\" \/>\n<meta property=\"og:description\" content=\"Telescopic aerial platform, equipped with electric lifting and manual handling. Made of aluminum and painted with epoxy paint. Rises by an electro-hydraulic system and can be conveyed only by a worker thanks to its lightness. For transport the counterweights (4 pieces of 15 kg) and the battery (9 kg) disassemble. It also features a lower price compared to the classic articulated aerial platforms. Combines comfort and affordability, is designed for maintenance, painting, cleaning, facilities, etc. In small dimensions, passes through doors and elevators. It can be used in companies, warehouses, supermarkets or buildings thanks to its small size.\" \/>\n<meta property=\"og:url\" content=\"https:\/\/jormax.com\/en\/produto\/up-lift\/\" \/>\n<meta property=\"og:site_name\" content=\"Jormax - F\u00e1brica de Escadas e Escadotes\" \/>\n<meta property=\"article:publisher\" content=\"https:\/\/www.facebook.com\/jormaxportugal\/\" \/>\n<meta property=\"article:modified_time\" content=\"2024-07-19T08:18:35+00:00\" \/>\n<meta property=\"og:image\" content=\"https:\/\/jormax.com\/wp-content\/uploads\/2019\/10\/plataforma-eletrica-up-lift-jormax.jpg\" \/>\n\t<meta property=\"og:image:width\" content=\"900\" \/>\n\t<meta property=\"og:image:height\" content=\"900\" \/>\n\t<meta property=\"og:image:type\" content=\"image\/jpeg\" \/>\n<meta name=\"twitter:card\" content=\"summary_large_image\" \/>\n<script type=\"application\/ld+json\" class=\"yoast-schema-graph\">{\"@context\":\"https:\/\/schema.org\",\"@graph\":[{\"@type\":\"WebPage\",\"@id\":\"https:\/\/jormax.com\/en\/produto\/up-lift\/\",\"url\":\"https:\/\/jormax.com\/en\/produto\/up-lift\/\",\"name\":\"UP-LIFT - Jormax - F\u00e1brica de Escadas e Escadotes\",\"isPartOf\":{\"@id\":\"https:\/\/jormax.com\/en\/#website\"},\"primaryImageOfPage\":{\"@id\":\"https:\/\/jormax.com\/en\/produto\/up-lift\/#primaryimage\"},\"image\":{\"@id\":\"https:\/\/jormax.com\/en\/produto\/up-lift\/#primaryimage\"},\"thumbnailUrl\":\"https:\/\/jormax.com\/wp-content\/uploads\/2019\/10\/plataforma-eletrica-up-lift-jormax.jpg\",\"datePublished\":\"2019-10-22T10:51:33+00:00\",\"dateModified\":\"2024-07-19T08:18:35+00:00\",\"description\":\"Telescopic aerial platform, equipped with electric lifting and manual handling. Made of aluminum and painted with epoxy paint. Rises by an electro-hydraulic system and can be conveyed only by a worker thanks to its lightness. For transport the counterweights (4 pieces of 15 kg) and the battery (9 kg) disassemble. It also features a lower price compared to the classic articulated aerial platforms. Combines comfort and affordability, is designed for maintenance, painting, cleaning, facilities, etc. In small dimensions, passes through doors and elevators. It can be used in companies, warehouses, supermarkets or buildings thanks to its small size.\",\"breadcrumb\":{\"@id\":\"https:\/\/jormax.com\/en\/produto\/up-lift\/#breadcrumb\"},\"inLanguage\":\"en-US\",\"potentialAction\":[{\"@type\":\"ReadAction\",\"target\":[\"https:\/\/jormax.com\/en\/produto\/up-lift\/\"]}]},{\"@type\":\"ImageObject\",\"inLanguage\":\"en-US\",\"@id\":\"https:\/\/jormax.com\/en\/produto\/up-lift\/#primaryimage\",\"url\":\"https:\/\/jormax.com\/wp-content\/uploads\/2019\/10\/plataforma-eletrica-up-lift-jormax.jpg\",\"contentUrl\":\"https:\/\/jormax.com\/wp-content\/uploads\/2019\/10\/plataforma-eletrica-up-lift-jormax.jpg\",\"width\":900,\"height\":900},{\"@type\":\"BreadcrumbList\",\"@id\":\"https:\/\/jormax.com\/en\/produto\/up-lift\/#breadcrumb\",\"itemListElement\":[{\"@type\":\"ListItem\",\"position\":1,\"name\":\"In\u00edcio\",\"item\":\"https:\/\/jormax.com\/en\/\"},{\"@type\":\"ListItem\",\"position\":2,\"name\":\"Products\",\"item\":\"https:\/\/jormax.com\/en\/products\/\"},{\"@type\":\"ListItem\",\"position\":3,\"name\":\"UP-LIFT\"}]},{\"@type\":\"WebSite\",\"@id\":\"https:\/\/jormax.com\/en\/#website\",\"url\":\"https:\/\/jormax.com\/en\/\",\"name\":\"Jormax - F\u00e1brica de Escadas e Escadotes\",\"description\":\"Fabricante de escadas, escadotes, andaimes, plataformas e solu\u00e7\u00f5es \u00e0 medida em alum\u00ednio e fibra de vidro certificados. F\u00e1brica com sede em Portugal.\",\"publisher\":{\"@id\":\"https:\/\/jormax.com\/en\/#organization\"},\"potentialAction\":[{\"@type\":\"SearchAction\",\"target\":{\"@type\":\"EntryPoint\",\"urlTemplate\":\"https:\/\/jormax.com\/en\/?s={search_term_string}\"},\"query-input\":{\"@type\":\"PropertyValueSpecification\",\"valueRequired\":true,\"valueName\":\"search_term_string\"}}],\"inLanguage\":\"en-US\"},{\"@type\":\"Organization\",\"@id\":\"https:\/\/jormax.com\/en\/#organization\",\"name\":\"Jormax - Factory of Ladders, Step Ladders and Scaffolding\",\"url\":\"https:\/\/jormax.com\/en\/\",\"logo\":{\"@type\":\"ImageObject\",\"inLanguage\":\"en-US\",\"@id\":\"https:\/\/jormax.com\/en\/#\/schema\/logo\/image\/\",\"url\":\"http:\/\/jormax.com\/wp-content\/uploads\/2019\/12\/logotipo-jormax-cor-stickymenu.png\",\"contentUrl\":\"http:\/\/jormax.com\/wp-content\/uploads\/2019\/12\/logotipo-jormax-cor-stickymenu.png\",\"width\":235,\"height\":59,\"caption\":\"Jormax - Factory of Ladders, Step Ladders and Scaffolding\"},\"image\":{\"@id\":\"https:\/\/jormax.com\/en\/#\/schema\/logo\/image\/\"},\"sameAs\":[\"https:\/\/www.facebook.com\/jormaxportugal\/\"]}]}<\/script>\n<!-- \/ Yoast SEO plugin. -->","yoast_head_json":{"title":"UP-LIFT - Jormax - F\u00e1brica de Escadas e Escadotes","description":"Telescopic aerial platform, equipped with electric lifting and manual handling. Made of aluminum and painted with epoxy paint. Rises by an electro-hydraulic system and can be conveyed only by a worker thanks to its lightness. For transport the counterweights (4 pieces of 15 kg) and the battery (9 kg) disassemble. It also features a lower price compared to the classic articulated aerial platforms. Combines comfort and affordability, is designed for maintenance, painting, cleaning, facilities, etc. In small dimensions, passes through doors and elevators. It can be used in companies, warehouses, supermarkets or buildings thanks to its small size.","robots":{"index":"index","follow":"follow","max-snippet":"max-snippet:-1","max-image-preview":"max-image-preview:large","max-video-preview":"max-video-preview:-1"},"canonical":"https:\/\/jormax.com\/en\/produto\/up-lift\/","og_locale":"en_US","og_type":"article","og_title":"UP-LIFT - Jormax - F\u00e1brica de Escadas e Escadotes","og_description":"Telescopic aerial platform, equipped with electric lifting and manual handling. Made of aluminum and painted with epoxy paint. Rises by an electro-hydraulic system and can be conveyed only by a worker thanks to its lightness. For transport the counterweights (4 pieces of 15 kg) and the battery (9 kg) disassemble. It also features a lower price compared to the classic articulated aerial platforms. Combines comfort and affordability, is designed for maintenance, painting, cleaning, facilities, etc. In small dimensions, passes through doors and elevators. It can be used in companies, warehouses, supermarkets or buildings thanks to its small size.","og_url":"https:\/\/jormax.com\/en\/produto\/up-lift\/","og_site_name":"Jormax - F\u00e1brica de Escadas e Escadotes","article_publisher":"https:\/\/www.facebook.com\/jormaxportugal\/","article_modified_time":"2024-07-19T08:18:35+00:00","og_image":[{"width":900,"height":900,"url":"https:\/\/jormax.com\/wp-content\/uploads\/2019\/10\/plataforma-eletrica-up-lift-jormax.jpg","type":"image\/jpeg"}],"twitter_card":"summary_large_image","schema":{"@context":"https:\/\/schema.org","@graph":[{"@type":"WebPage","@id":"https:\/\/jormax.com\/en\/produto\/up-lift\/","url":"https:\/\/jormax.com\/en\/produto\/up-lift\/","name":"UP-LIFT - Jormax - F\u00e1brica de Escadas e Escadotes","isPartOf":{"@id":"https:\/\/jormax.com\/en\/#website"},"primaryImageOfPage":{"@id":"https:\/\/jormax.com\/en\/produto\/up-lift\/#primaryimage"},"image":{"@id":"https:\/\/jormax.com\/en\/produto\/up-lift\/#primaryimage"},"thumbnailUrl":"https:\/\/jormax.com\/wp-content\/uploads\/2019\/10\/plataforma-eletrica-up-lift-jormax.jpg","datePublished":"2019-10-22T10:51:33+00:00","dateModified":"2024-07-19T08:18:35+00:00","description":"Telescopic aerial platform, equipped with electric lifting and manual handling. Made of aluminum and painted with epoxy paint. Rises by an electro-hydraulic system and can be conveyed only by a worker thanks to its lightness. For transport the counterweights (4 pieces of 15 kg) and the battery (9 kg) disassemble. It also features a lower price compared to the classic articulated aerial platforms. Combines comfort and affordability, is designed for maintenance, painting, cleaning, facilities, etc. In small dimensions, passes through doors and elevators. It can be used in companies, warehouses, supermarkets or buildings thanks to its small size.","breadcrumb":{"@id":"https:\/\/jormax.com\/en\/produto\/up-lift\/#breadcrumb"},"inLanguage":"en-US","potentialAction":[{"@type":"ReadAction","target":["https:\/\/jormax.com\/en\/produto\/up-lift\/"]}]},{"@type":"ImageObject","inLanguage":"en-US","@id":"https:\/\/jormax.com\/en\/produto\/up-lift\/#primaryimage","url":"https:\/\/jormax.com\/wp-content\/uploads\/2019\/10\/plataforma-eletrica-up-lift-jormax.jpg","contentUrl":"https:\/\/jormax.com\/wp-content\/uploads\/2019\/10\/plataforma-eletrica-up-lift-jormax.jpg","width":900,"height":900},{"@type":"BreadcrumbList","@id":"https:\/\/jormax.com\/en\/produto\/up-lift\/#breadcrumb","itemListElement":[{"@type":"ListItem","position":1,"name":"In\u00edcio","item":"https:\/\/jormax.com\/en\/"},{"@type":"ListItem","position":2,"name":"Products","item":"https:\/\/jormax.com\/en\/products\/"},{"@type":"ListItem","position":3,"name":"UP-LIFT"}]},{"@type":"WebSite","@id":"https:\/\/jormax.com\/en\/#website","url":"https:\/\/jormax.com\/en\/","name":"Jormax - F\u00e1brica de Escadas e Escadotes","description":"Fabricante de escadas, escadotes, andaimes, plataformas e solu\u00e7\u00f5es \u00e0 medida em alum\u00ednio e fibra de vidro certificados. F\u00e1brica com sede em Portugal.","publisher":{"@id":"https:\/\/jormax.com\/en\/#organization"},"potentialAction":[{"@type":"SearchAction","target":{"@type":"EntryPoint","urlTemplate":"https:\/\/jormax.com\/en\/?s={search_term_string}"},"query-input":{"@type":"PropertyValueSpecification","valueRequired":true,"valueName":"search_term_string"}}],"inLanguage":"en-US"},{"@type":"Organization","@id":"https:\/\/jormax.com\/en\/#organization","name":"Jormax - Factory of Ladders, Step Ladders and Scaffolding","url":"https:\/\/jormax.com\/en\/","logo":{"@type":"ImageObject","inLanguage":"en-US","@id":"https:\/\/jormax.com\/en\/#\/schema\/logo\/image\/","url":"http:\/\/jormax.com\/wp-content\/uploads\/2019\/12\/logotipo-jormax-cor-stickymenu.png","contentUrl":"http:\/\/jormax.com\/wp-content\/uploads\/2019\/12\/logotipo-jormax-cor-stickymenu.png","width":235,"height":59,"caption":"Jormax - Factory of Ladders, Step Ladders and Scaffolding"},"image":{"@id":"https:\/\/jormax.com\/en\/#\/schema\/logo\/image\/"},"sameAs":["https:\/\/www.facebook.com\/jormaxportugal\/"]}]}},"_links":{"self":[{"href":"https:\/\/jormax.com\/en\/wp-json\/wp\/v2\/product\/8257","targetHints":{"allow":["GET"]}}],"collection":[{"href":"https:\/\/jormax.com\/en\/wp-json\/wp\/v2\/product"}],"about":[{"href":"https:\/\/jormax.com\/en\/wp-json\/wp\/v2\/types\/product"}],"wp:featuredmedia":[{"embeddable":true,"href":"https:\/\/jormax.com\/en\/wp-json\/wp\/v2\/media\/8259"}],"wp:attachment":[{"href":"https:\/\/jormax.com\/en\/wp-json\/wp\/v2\/media?parent=8257"}],"wp:term":[{"taxonomy":"product_brand","embeddable":true,"href":"https:\/\/jormax.com\/en\/wp-json\/wp\/v2\/product_brand?post=8257"},{"taxonomy":"product_cat","embeddable":true,"href":"https:\/\/jormax.com\/en\/wp-json\/wp\/v2\/product_cat?post=8257"},{"taxonomy":"product_tag","embeddable":true,"href":"https:\/\/jormax.com\/en\/wp-json\/wp\/v2\/product_tag?post=8257"}],"curies":[{"name":"wp","href":"https:\/\/api.w.org\/{rel}","templated":true}]}}