{"id":8178,"date":"2019-10-22T11:07:33","date_gmt":"2019-10-22T11:07:33","guid":{"rendered":"https:\/\/www.jormax.com\/produtos\/uncategorized\/flex\/"},"modified":"2024-07-19T10:23:10","modified_gmt":"2024-07-19T09:23:10","slug":"flex","status":"publish","type":"product","link":"https:\/\/jormax.com\/en\/produto\/flex\/","title":{"rendered":"FLEX"},"content":{"rendered":"","protected":false},"excerpt":{"rendered":"<p><strong>Scaffolding multiposition convertible into two ladders &#8211; Maximum working height 4,50 m.<\/strong><\/p>\n<p>\u00a0<\/p>\n<p>Flex is an aluminum scaffold formed by combining two steps convertible and crosspieces forming a rigid structure very stable. The scaffold can be used to work at different heights ideal for painting and maintenance work. The maximum working height is 4,50 m. It is built of 75&#215;25 mm aluminum profile with handrails and painted steel cross arms. Because of its few components is very easy to assemble without tools. Once dismantled takes up very little space and is very easy to carry.<\/p>\n<p>\u00a0<\/p>\n<p><strong>Jormax Quality <\/strong><br \/>\n\u2022 Usable with equipment for work of little height;<br \/>\n\u2022 Can also be used as 2 convertible ladders &#8211; leaning, wall and step ladder;<br \/>\n\u2022 Can be used to work on unevenness and on staircases.<\/p>\n<p>\u00a0<\/p>\n<p style=\"color: red;\">REF: 10218<\/p>\n<p>\u00a0<\/p>\n<p><img decoding=\"async\" class=\"selos-produto\" src=\"http:\/\/jormax.com\/wp-content\/uploads\/2019\/10\/europa.jpg\" alt=\"NOME DOS SELOS (SUBSTITUIR)\" \/> <img decoding=\"async\" class=\"selos-produto\" src=\"http:\/\/jormax.com\/wp-content\/uploads\/2019\/11\/decree-law-1.png\" alt=\"NOME DOS SELOS (SUBSTITUIR)\" \/> <img decoding=\"async\" class=\"selos-produto\" src=\"http:\/\/jormax.com\/wp-content\/uploads\/2019\/11\/3-1.png\" alt=\"NOME DOS SELOS (SUBSTITUIR)\" \/> <img decoding=\"async\" class=\"selos-produto\" src=\"http:\/\/jormax.com\/wp-content\/uploads\/2019\/11\/professional-use-1.png\" alt=\"NOME DOS SELOS (SUBSTITUIR)\" \/> <img decoding=\"async\" class=\"selos-produto\" src=\"http:\/\/jormax.com\/wp-content\/uploads\/2019\/10\/peso-150.jpg\" alt=\"NOME DOS SELOS (SUBSTITUIR)\" \/><\/p>\n<p>\u00a0<\/p>\n","protected":false},"featured_media":8179,"template":"","meta":[],"product_brand":[],"product_cat":[249,261],"product_tag":[],"class_list":{"0":"post-8178","1":"product","2":"type-product","3":"status-publish","4":"has-post-thumbnail","6":"product_cat-scaffolding","7":"product_cat-andaimes-profissionais-en","9":"first","10":"instock","11":"shipping-taxable","12":"product-type-simple"},"yoast_head":"<!-- This site is optimized with the Yoast SEO plugin v24.5 - https:\/\/yoast.com\/wordpress\/plugins\/seo\/ -->\n<title>ESCADA ACESSO COM PLATAFORMA 45\u00ba- Jormax<\/title>\n<meta name=\"description\" content=\"Flex is an aluminum scaffold formed by combining two steps convertible and crosspieces forming a rigid structure very stable. The scaffold can be used to work at different heights ideal for painting and maintenance work. The maximum working height is 4,50 m. It is built of 75x25 mm aluminum profile with handrails and painted steel cross arms. Because of its few components is very easy to assemble without tools. Once dismantled takes up very little space and is very easy to carry.\" \/>\n<meta name=\"robots\" content=\"index, follow, max-snippet:-1, max-image-preview:large, max-video-preview:-1\" \/>\n<link rel=\"canonical\" href=\"https:\/\/jormax.com\/en\/produto\/flex\/\" \/>\n<meta property=\"og:locale\" content=\"en_US\" \/>\n<meta property=\"og:type\" content=\"article\" \/>\n<meta property=\"og:title\" content=\"ESCADA ACESSO COM PLATAFORMA 45\u00ba- Jormax\" \/>\n<meta property=\"og:description\" content=\"Flex is an aluminum scaffold formed by combining two steps convertible and crosspieces forming a rigid structure very stable. The scaffold can be used to work at different heights ideal for painting and maintenance work. The maximum working height is 4,50 m. It is built of 75x25 mm aluminum profile with handrails and painted steel cross arms. Because of its few components is very easy to assemble without tools. Once dismantled takes up very little space and is very easy to carry.\" \/>\n<meta property=\"og:url\" content=\"https:\/\/jormax.com\/en\/produto\/flex\/\" \/>\n<meta property=\"og:site_name\" content=\"Jormax - F\u00e1brica de Escadas e Escadotes\" \/>\n<meta property=\"article:publisher\" content=\"https:\/\/www.facebook.com\/jormaxportugal\/\" \/>\n<meta property=\"article:modified_time\" content=\"2024-07-19T09:23:10+00:00\" \/>\n<meta property=\"og:image\" content=\"https:\/\/jormax.com\/wp-content\/uploads\/2019\/10\/torre-aluminio-flex-jormax.jpg\" \/>\n\t<meta property=\"og:image:width\" content=\"900\" \/>\n\t<meta property=\"og:image:height\" content=\"900\" \/>\n\t<meta property=\"og:image:type\" content=\"image\/jpeg\" \/>\n<meta name=\"twitter:card\" content=\"summary_large_image\" \/>\n<script type=\"application\/ld+json\" class=\"yoast-schema-graph\">{\"@context\":\"https:\/\/schema.org\",\"@graph\":[{\"@type\":\"WebPage\",\"@id\":\"https:\/\/jormax.com\/en\/produto\/flex\/\",\"url\":\"https:\/\/jormax.com\/en\/produto\/flex\/\",\"name\":\"ESCADA ACESSO COM PLATAFORMA 45\u00ba- Jormax\",\"isPartOf\":{\"@id\":\"https:\/\/jormax.com\/en\/#website\"},\"primaryImageOfPage\":{\"@id\":\"https:\/\/jormax.com\/en\/produto\/flex\/#primaryimage\"},\"image\":{\"@id\":\"https:\/\/jormax.com\/en\/produto\/flex\/#primaryimage\"},\"thumbnailUrl\":\"https:\/\/jormax.com\/wp-content\/uploads\/2019\/10\/torre-aluminio-flex-jormax.jpg\",\"datePublished\":\"2019-10-22T11:07:33+00:00\",\"dateModified\":\"2024-07-19T09:23:10+00:00\",\"description\":\"Flex is an aluminum scaffold formed by combining two steps convertible and crosspieces forming a rigid structure very stable. The scaffold can be used to work at different heights ideal for painting and maintenance work. The maximum working height is 4,50 m. It is built of 75x25 mm aluminum profile with handrails and painted steel cross arms. Because of its few components is very easy to assemble without tools. Once dismantled takes up very little space and is very easy to carry.\",\"breadcrumb\":{\"@id\":\"https:\/\/jormax.com\/en\/produto\/flex\/#breadcrumb\"},\"inLanguage\":\"en-US\",\"potentialAction\":[{\"@type\":\"ReadAction\",\"target\":[\"https:\/\/jormax.com\/en\/produto\/flex\/\"]}]},{\"@type\":\"ImageObject\",\"inLanguage\":\"en-US\",\"@id\":\"https:\/\/jormax.com\/en\/produto\/flex\/#primaryimage\",\"url\":\"https:\/\/jormax.com\/wp-content\/uploads\/2019\/10\/torre-aluminio-flex-jormax.jpg\",\"contentUrl\":\"https:\/\/jormax.com\/wp-content\/uploads\/2019\/10\/torre-aluminio-flex-jormax.jpg\",\"width\":900,\"height\":900},{\"@type\":\"BreadcrumbList\",\"@id\":\"https:\/\/jormax.com\/en\/produto\/flex\/#breadcrumb\",\"itemListElement\":[{\"@type\":\"ListItem\",\"position\":1,\"name\":\"In\u00edcio\",\"item\":\"https:\/\/jormax.com\/en\/\"},{\"@type\":\"ListItem\",\"position\":2,\"name\":\"Products\",\"item\":\"https:\/\/jormax.com\/en\/products\/\"},{\"@type\":\"ListItem\",\"position\":3,\"name\":\"FLEX\"}]},{\"@type\":\"WebSite\",\"@id\":\"https:\/\/jormax.com\/en\/#website\",\"url\":\"https:\/\/jormax.com\/en\/\",\"name\":\"Jormax - F\u00e1brica de Escadas e Escadotes\",\"description\":\"Fabricante de escadas, escadotes, andaimes, plataformas e solu\u00e7\u00f5es \u00e0 medida em alum\u00ednio e fibra de vidro certificados. F\u00e1brica com sede em Portugal.\",\"publisher\":{\"@id\":\"https:\/\/jormax.com\/en\/#organization\"},\"potentialAction\":[{\"@type\":\"SearchAction\",\"target\":{\"@type\":\"EntryPoint\",\"urlTemplate\":\"https:\/\/jormax.com\/en\/?s={search_term_string}\"},\"query-input\":{\"@type\":\"PropertyValueSpecification\",\"valueRequired\":true,\"valueName\":\"search_term_string\"}}],\"inLanguage\":\"en-US\"},{\"@type\":\"Organization\",\"@id\":\"https:\/\/jormax.com\/en\/#organization\",\"name\":\"Jormax - Factory of Ladders, Step Ladders and Scaffolding\",\"url\":\"https:\/\/jormax.com\/en\/\",\"logo\":{\"@type\":\"ImageObject\",\"inLanguage\":\"en-US\",\"@id\":\"https:\/\/jormax.com\/en\/#\/schema\/logo\/image\/\",\"url\":\"http:\/\/jormax.com\/wp-content\/uploads\/2019\/12\/logotipo-jormax-cor-stickymenu.png\",\"contentUrl\":\"http:\/\/jormax.com\/wp-content\/uploads\/2019\/12\/logotipo-jormax-cor-stickymenu.png\",\"width\":235,\"height\":59,\"caption\":\"Jormax - Factory of Ladders, Step Ladders and Scaffolding\"},\"image\":{\"@id\":\"https:\/\/jormax.com\/en\/#\/schema\/logo\/image\/\"},\"sameAs\":[\"https:\/\/www.facebook.com\/jormaxportugal\/\"]}]}<\/script>\n<!-- \/ Yoast SEO plugin. -->","yoast_head_json":{"title":"ESCADA ACESSO COM PLATAFORMA 45\u00ba- Jormax","description":"Flex is an aluminum scaffold formed by combining two steps convertible and crosspieces forming a rigid structure very stable. The scaffold can be used to work at different heights ideal for painting and maintenance work. The maximum working height is 4,50 m. It is built of 75x25 mm aluminum profile with handrails and painted steel cross arms. Because of its few components is very easy to assemble without tools. Once dismantled takes up very little space and is very easy to carry.","robots":{"index":"index","follow":"follow","max-snippet":"max-snippet:-1","max-image-preview":"max-image-preview:large","max-video-preview":"max-video-preview:-1"},"canonical":"https:\/\/jormax.com\/en\/produto\/flex\/","og_locale":"en_US","og_type":"article","og_title":"ESCADA ACESSO COM PLATAFORMA 45\u00ba- Jormax","og_description":"Flex is an aluminum scaffold formed by combining two steps convertible and crosspieces forming a rigid structure very stable. The scaffold can be used to work at different heights ideal for painting and maintenance work. The maximum working height is 4,50 m. It is built of 75x25 mm aluminum profile with handrails and painted steel cross arms. Because of its few components is very easy to assemble without tools. Once dismantled takes up very little space and is very easy to carry.","og_url":"https:\/\/jormax.com\/en\/produto\/flex\/","og_site_name":"Jormax - F\u00e1brica de Escadas e Escadotes","article_publisher":"https:\/\/www.facebook.com\/jormaxportugal\/","article_modified_time":"2024-07-19T09:23:10+00:00","og_image":[{"width":900,"height":900,"url":"https:\/\/jormax.com\/wp-content\/uploads\/2019\/10\/torre-aluminio-flex-jormax.jpg","type":"image\/jpeg"}],"twitter_card":"summary_large_image","schema":{"@context":"https:\/\/schema.org","@graph":[{"@type":"WebPage","@id":"https:\/\/jormax.com\/en\/produto\/flex\/","url":"https:\/\/jormax.com\/en\/produto\/flex\/","name":"ESCADA ACESSO COM PLATAFORMA 45\u00ba- Jormax","isPartOf":{"@id":"https:\/\/jormax.com\/en\/#website"},"primaryImageOfPage":{"@id":"https:\/\/jormax.com\/en\/produto\/flex\/#primaryimage"},"image":{"@id":"https:\/\/jormax.com\/en\/produto\/flex\/#primaryimage"},"thumbnailUrl":"https:\/\/jormax.com\/wp-content\/uploads\/2019\/10\/torre-aluminio-flex-jormax.jpg","datePublished":"2019-10-22T11:07:33+00:00","dateModified":"2024-07-19T09:23:10+00:00","description":"Flex is an aluminum scaffold formed by combining two steps convertible and crosspieces forming a rigid structure very stable. The scaffold can be used to work at different heights ideal for painting and maintenance work. The maximum working height is 4,50 m. It is built of 75x25 mm aluminum profile with handrails and painted steel cross arms. Because of its few components is very easy to assemble without tools. Once dismantled takes up very little space and is very easy to carry.","breadcrumb":{"@id":"https:\/\/jormax.com\/en\/produto\/flex\/#breadcrumb"},"inLanguage":"en-US","potentialAction":[{"@type":"ReadAction","target":["https:\/\/jormax.com\/en\/produto\/flex\/"]}]},{"@type":"ImageObject","inLanguage":"en-US","@id":"https:\/\/jormax.com\/en\/produto\/flex\/#primaryimage","url":"https:\/\/jormax.com\/wp-content\/uploads\/2019\/10\/torre-aluminio-flex-jormax.jpg","contentUrl":"https:\/\/jormax.com\/wp-content\/uploads\/2019\/10\/torre-aluminio-flex-jormax.jpg","width":900,"height":900},{"@type":"BreadcrumbList","@id":"https:\/\/jormax.com\/en\/produto\/flex\/#breadcrumb","itemListElement":[{"@type":"ListItem","position":1,"name":"In\u00edcio","item":"https:\/\/jormax.com\/en\/"},{"@type":"ListItem","position":2,"name":"Products","item":"https:\/\/jormax.com\/en\/products\/"},{"@type":"ListItem","position":3,"name":"FLEX"}]},{"@type":"WebSite","@id":"https:\/\/jormax.com\/en\/#website","url":"https:\/\/jormax.com\/en\/","name":"Jormax - F\u00e1brica de Escadas e Escadotes","description":"Fabricante de escadas, escadotes, andaimes, plataformas e solu\u00e7\u00f5es \u00e0 medida em alum\u00ednio e fibra de vidro certificados. F\u00e1brica com sede em Portugal.","publisher":{"@id":"https:\/\/jormax.com\/en\/#organization"},"potentialAction":[{"@type":"SearchAction","target":{"@type":"EntryPoint","urlTemplate":"https:\/\/jormax.com\/en\/?s={search_term_string}"},"query-input":{"@type":"PropertyValueSpecification","valueRequired":true,"valueName":"search_term_string"}}],"inLanguage":"en-US"},{"@type":"Organization","@id":"https:\/\/jormax.com\/en\/#organization","name":"Jormax - Factory of Ladders, Step Ladders and Scaffolding","url":"https:\/\/jormax.com\/en\/","logo":{"@type":"ImageObject","inLanguage":"en-US","@id":"https:\/\/jormax.com\/en\/#\/schema\/logo\/image\/","url":"http:\/\/jormax.com\/wp-content\/uploads\/2019\/12\/logotipo-jormax-cor-stickymenu.png","contentUrl":"http:\/\/jormax.com\/wp-content\/uploads\/2019\/12\/logotipo-jormax-cor-stickymenu.png","width":235,"height":59,"caption":"Jormax - Factory of Ladders, Step Ladders and Scaffolding"},"image":{"@id":"https:\/\/jormax.com\/en\/#\/schema\/logo\/image\/"},"sameAs":["https:\/\/www.facebook.com\/jormaxportugal\/"]}]}},"_links":{"self":[{"href":"https:\/\/jormax.com\/en\/wp-json\/wp\/v2\/product\/8178","targetHints":{"allow":["GET"]}}],"collection":[{"href":"https:\/\/jormax.com\/en\/wp-json\/wp\/v2\/product"}],"about":[{"href":"https:\/\/jormax.com\/en\/wp-json\/wp\/v2\/types\/product"}],"wp:featuredmedia":[{"embeddable":true,"href":"https:\/\/jormax.com\/en\/wp-json\/wp\/v2\/media\/8179"}],"wp:attachment":[{"href":"https:\/\/jormax.com\/en\/wp-json\/wp\/v2\/media?parent=8178"}],"wp:term":[{"taxonomy":"product_brand","embeddable":true,"href":"https:\/\/jormax.com\/en\/wp-json\/wp\/v2\/product_brand?post=8178"},{"taxonomy":"product_cat","embeddable":true,"href":"https:\/\/jormax.com\/en\/wp-json\/wp\/v2\/product_cat?post=8178"},{"taxonomy":"product_tag","embeddable":true,"href":"https:\/\/jormax.com\/en\/wp-json\/wp\/v2\/product_tag?post=8178"}],"curies":[{"name":"wp","href":"https:\/\/api.w.org\/{rel}","templated":true}]}}