{"id":8026,"date":"2019-10-24T15:10:37","date_gmt":"2019-10-24T15:10:37","guid":{"rendered":"https:\/\/www.jormax.com\/produtos\/uncategorized\/estruturas-especiais-a-sua-medida\/"},"modified":"2020-03-11T17:36:18","modified_gmt":"2020-03-11T17:36:18","slug":"special-structures-to-your-needs","status":"publish","type":"product","link":"https:\/\/jormax.com\/en\/produto\/special-structures-to-your-needs\/","title":{"rendered":"SPECIAL STRUCTURES TO YOUR NEEDS"},"content":{"rendered":"","protected":false},"excerpt":{"rendered":"<p><strong>Custom structures specially produced for your needs.<\/strong><\/p>\n<p>&nbsp;<\/p>\n<p>Jormax proposes a range of special structures adequate for the client exact requirements. These are a result from extensive experience producing products, testing and certified by recognized officially organizations manufactured in accordance with the national and European quality and safety standards. Jormax is able to provide aluminum ladders and special structures in aluminum and fiberglass produced to meet special access needs. Our solutions are developed according to the requirements of your business and space.<\/p>\n<p>&nbsp;<\/p>\n<p><b>We do custom projects:<\/b><br \/>\n&#8211; For Aeronautics;<br \/>\n&#8211; For Construction;<br \/>\n&#8211; For Railway;<br \/>\n&#8211; For Industry;<br \/>\n&#8211; For Land\/Ground Transport.<\/p>\n<p>&nbsp;<\/p>\n<p><b>All custom products include:<\/b><br \/>\n\u2022 Project;<br \/>\n\u2022 Manual for installation and use;<br \/>\n\u2022 Test certificate.<\/p>\n<p>&nbsp;<\/p>\n<p><img decoding=\"async\" class=\"selos-produto\" src=\"http:\/\/jormax.com\/wp-content\/uploads\/2019\/10\/europa.jpg\" alt=\"NOME DOS SELOS (SUBSTITUIR)\" \/> <img decoding=\"async\" class=\"selos-produto\" src=\"http:\/\/jormax.com\/wp-content\/uploads\/2019\/11\/decree-law-1.png\" alt=\"NOME DOS SELOS (SUBSTITUIR)\" \/> <img decoding=\"async\" class=\"selos-produto\" src=\"http:\/\/jormax.com\/wp-content\/uploads\/2019\/11\/14122-1.png\" alt=\"NOME DOS SELOS (SUBSTITUIR)\" \/> <img decoding=\"async\" class=\"selos-produto\" src=\"http:\/\/jormax.com\/wp-content\/uploads\/2019\/11\/10-1.png\" alt=\"NOME DOS SELOS (SUBSTITUIR)\" \/> <img decoding=\"async\" class=\"selos-produto\" src=\"http:\/\/jormax.com\/wp-content\/uploads\/2019\/11\/professional-use-1.png\" alt=\"NOME DOS SELOS (SUBSTITUIR)\" \/> <img decoding=\"async\" class=\"selos-produto\" src=\"http:\/\/jormax.com\/wp-content\/uploads\/2019\/11\/domestic-use-1.png\" alt=\"NOME DOS SELOS (SUBSTITUIR)\" \/><\/p>\n<p>&nbsp;<\/p>\n","protected":false},"featured_media":0,"template":"","meta":[],"product_brand":[],"product_cat":[301],"product_tag":[],"class_list":{"0":"post-8026","1":"product","2":"type-product","3":"status-publish","5":"product_cat-without-category-en","7":"first","8":"instock","9":"shipping-taxable","10":"product-type-simple"},"yoast_head":"<!-- This site is optimized with the Yoast SEO plugin v24.5 - https:\/\/yoast.com\/wordpress\/plugins\/seo\/ -->\n<title>SPECIAL STRUCTURES TO YOUR NEEDS - Jormax - F\u00e1brica de Escadas e Escadotes<\/title>\n<meta name=\"robots\" content=\"index, follow, max-snippet:-1, max-image-preview:large, max-video-preview:-1\" \/>\n<link rel=\"canonical\" href=\"https:\/\/jormax.com\/en\/produto\/special-structures-to-your-needs\/\" \/>\n<meta property=\"og:locale\" content=\"en_US\" \/>\n<meta property=\"og:type\" content=\"article\" \/>\n<meta property=\"og:title\" content=\"SPECIAL STRUCTURES TO YOUR NEEDS - Jormax - F\u00e1brica de Escadas e Escadotes\" \/>\n<meta property=\"og:description\" content=\"Custom structures specially produced for your needs.  &nbsp;  Jormax proposes a range of special structures adequate for the client exact requirements. These are a result from extensive experience producing products, testing and certified by recognized officially organizations manufactured in accordance with the national and European quality and safety standards. Jormax is able to provide aluminum ladders and special structures in aluminum and fiberglass produced to meet special access needs. Our solutions are developed according to the requirements of your business and space.  &nbsp;  We do custom projects: - For Aeronautics; - For Construction; - For Railway; - For Industry; - For Land\/Ground Transport.  &nbsp;  All custom products include: \u2022 Project; \u2022 Manual for installation and use; \u2022 Test certificate.  &nbsp;       &nbsp;\" \/>\n<meta property=\"og:url\" content=\"https:\/\/jormax.com\/en\/produto\/special-structures-to-your-needs\/\" \/>\n<meta property=\"og:site_name\" content=\"Jormax - F\u00e1brica de Escadas e Escadotes\" \/>\n<meta property=\"article:publisher\" content=\"https:\/\/www.facebook.com\/jormaxportugal\/\" \/>\n<meta property=\"article:modified_time\" content=\"2020-03-11T17:36:18+00:00\" \/>\n<meta property=\"og:image\" content=\"https:\/\/jormax.com\/wp-content\/uploads\/IMAGEM-LIMPA-HELI.jpg\" \/>\n\t<meta property=\"og:image:width\" content=\"767\" \/>\n\t<meta property=\"og:image:height\" content=\"575\" \/>\n\t<meta property=\"og:image:type\" content=\"image\/jpeg\" \/>\n<meta name=\"twitter:card\" content=\"summary_large_image\" \/>\n<script type=\"application\/ld+json\" class=\"yoast-schema-graph\">{\"@context\":\"https:\/\/schema.org\",\"@graph\":[{\"@type\":\"WebPage\",\"@id\":\"https:\/\/jormax.com\/en\/produto\/special-structures-to-your-needs\/\",\"url\":\"https:\/\/jormax.com\/en\/produto\/special-structures-to-your-needs\/\",\"name\":\"SPECIAL STRUCTURES TO YOUR NEEDS - Jormax - F\u00e1brica de Escadas e Escadotes\",\"isPartOf\":{\"@id\":\"https:\/\/jormax.com\/en\/#website\"},\"datePublished\":\"2019-10-24T15:10:37+00:00\",\"dateModified\":\"2020-03-11T17:36:18+00:00\",\"breadcrumb\":{\"@id\":\"https:\/\/jormax.com\/en\/produto\/special-structures-to-your-needs\/#breadcrumb\"},\"inLanguage\":\"en-US\",\"potentialAction\":[{\"@type\":\"ReadAction\",\"target\":[\"https:\/\/jormax.com\/en\/produto\/special-structures-to-your-needs\/\"]}]},{\"@type\":\"BreadcrumbList\",\"@id\":\"https:\/\/jormax.com\/en\/produto\/special-structures-to-your-needs\/#breadcrumb\",\"itemListElement\":[{\"@type\":\"ListItem\",\"position\":1,\"name\":\"In\u00edcio\",\"item\":\"https:\/\/jormax.com\/en\/\"},{\"@type\":\"ListItem\",\"position\":2,\"name\":\"Produtos\",\"item\":\"https:\/\/jormax.com\/produtos\/\"},{\"@type\":\"ListItem\",\"position\":3,\"name\":\"SPECIAL STRUCTURES TO YOUR NEEDS\"}]},{\"@type\":\"WebSite\",\"@id\":\"https:\/\/jormax.com\/en\/#website\",\"url\":\"https:\/\/jormax.com\/en\/\",\"name\":\"Jormax - F\u00e1brica de Escadas e Escadotes\",\"description\":\"Fabricante de escadas, escadotes, andaimes, plataformas e solu\u00e7\u00f5es \u00e0 medida em alum\u00ednio e fibra de vidro certificados. F\u00e1brica com sede em Portugal.\",\"publisher\":{\"@id\":\"https:\/\/jormax.com\/en\/#organization\"},\"potentialAction\":[{\"@type\":\"SearchAction\",\"target\":{\"@type\":\"EntryPoint\",\"urlTemplate\":\"https:\/\/jormax.com\/en\/?s={search_term_string}\"},\"query-input\":{\"@type\":\"PropertyValueSpecification\",\"valueRequired\":true,\"valueName\":\"search_term_string\"}}],\"inLanguage\":\"en-US\"},{\"@type\":\"Organization\",\"@id\":\"https:\/\/jormax.com\/en\/#organization\",\"name\":\"Jormax - Factory of Ladders, Step Ladders and Scaffolding\",\"url\":\"https:\/\/jormax.com\/en\/\",\"logo\":{\"@type\":\"ImageObject\",\"inLanguage\":\"en-US\",\"@id\":\"https:\/\/jormax.com\/en\/#\/schema\/logo\/image\/\",\"url\":\"http:\/\/jormax.com\/wp-content\/uploads\/2019\/12\/logotipo-jormax-cor-stickymenu.png\",\"contentUrl\":\"http:\/\/jormax.com\/wp-content\/uploads\/2019\/12\/logotipo-jormax-cor-stickymenu.png\",\"width\":235,\"height\":59,\"caption\":\"Jormax - Factory of Ladders, Step Ladders and Scaffolding\"},\"image\":{\"@id\":\"https:\/\/jormax.com\/en\/#\/schema\/logo\/image\/\"},\"sameAs\":[\"https:\/\/www.facebook.com\/jormaxportugal\/\"]}]}<\/script>\n<!-- \/ Yoast SEO plugin. -->","yoast_head_json":{"title":"SPECIAL STRUCTURES TO YOUR NEEDS - Jormax - F\u00e1brica de Escadas e Escadotes","robots":{"index":"index","follow":"follow","max-snippet":"max-snippet:-1","max-image-preview":"max-image-preview:large","max-video-preview":"max-video-preview:-1"},"canonical":"https:\/\/jormax.com\/en\/produto\/special-structures-to-your-needs\/","og_locale":"en_US","og_type":"article","og_title":"SPECIAL STRUCTURES TO YOUR NEEDS - Jormax - F\u00e1brica de Escadas e Escadotes","og_description":"Custom structures specially produced for your needs.  &nbsp;  Jormax proposes a range of special structures adequate for the client exact requirements. These are a result from extensive experience producing products, testing and certified by recognized officially organizations manufactured in accordance with the national and European quality and safety standards. Jormax is able to provide aluminum ladders and special structures in aluminum and fiberglass produced to meet special access needs. Our solutions are developed according to the requirements of your business and space.  &nbsp;  We do custom projects: - For Aeronautics; - For Construction; - For Railway; - For Industry; - For Land\/Ground Transport.  &nbsp;  All custom products include: \u2022 Project; \u2022 Manual for installation and use; \u2022 Test certificate.  &nbsp;       &nbsp;","og_url":"https:\/\/jormax.com\/en\/produto\/special-structures-to-your-needs\/","og_site_name":"Jormax - F\u00e1brica de Escadas e Escadotes","article_publisher":"https:\/\/www.facebook.com\/jormaxportugal\/","article_modified_time":"2020-03-11T17:36:18+00:00","og_image":[{"width":767,"height":575,"url":"https:\/\/jormax.com\/wp-content\/uploads\/IMAGEM-LIMPA-HELI.jpg","type":"image\/jpeg"}],"twitter_card":"summary_large_image","schema":{"@context":"https:\/\/schema.org","@graph":[{"@type":"WebPage","@id":"https:\/\/jormax.com\/en\/produto\/special-structures-to-your-needs\/","url":"https:\/\/jormax.com\/en\/produto\/special-structures-to-your-needs\/","name":"SPECIAL STRUCTURES TO YOUR NEEDS - Jormax - F\u00e1brica de Escadas e Escadotes","isPartOf":{"@id":"https:\/\/jormax.com\/en\/#website"},"datePublished":"2019-10-24T15:10:37+00:00","dateModified":"2020-03-11T17:36:18+00:00","breadcrumb":{"@id":"https:\/\/jormax.com\/en\/produto\/special-structures-to-your-needs\/#breadcrumb"},"inLanguage":"en-US","potentialAction":[{"@type":"ReadAction","target":["https:\/\/jormax.com\/en\/produto\/special-structures-to-your-needs\/"]}]},{"@type":"BreadcrumbList","@id":"https:\/\/jormax.com\/en\/produto\/special-structures-to-your-needs\/#breadcrumb","itemListElement":[{"@type":"ListItem","position":1,"name":"In\u00edcio","item":"https:\/\/jormax.com\/en\/"},{"@type":"ListItem","position":2,"name":"Produtos","item":"https:\/\/jormax.com\/produtos\/"},{"@type":"ListItem","position":3,"name":"SPECIAL STRUCTURES TO YOUR NEEDS"}]},{"@type":"WebSite","@id":"https:\/\/jormax.com\/en\/#website","url":"https:\/\/jormax.com\/en\/","name":"Jormax - F\u00e1brica de Escadas e Escadotes","description":"Fabricante de escadas, escadotes, andaimes, plataformas e solu\u00e7\u00f5es \u00e0 medida em alum\u00ednio e fibra de vidro certificados. F\u00e1brica com sede em Portugal.","publisher":{"@id":"https:\/\/jormax.com\/en\/#organization"},"potentialAction":[{"@type":"SearchAction","target":{"@type":"EntryPoint","urlTemplate":"https:\/\/jormax.com\/en\/?s={search_term_string}"},"query-input":{"@type":"PropertyValueSpecification","valueRequired":true,"valueName":"search_term_string"}}],"inLanguage":"en-US"},{"@type":"Organization","@id":"https:\/\/jormax.com\/en\/#organization","name":"Jormax - Factory of Ladders, Step Ladders and Scaffolding","url":"https:\/\/jormax.com\/en\/","logo":{"@type":"ImageObject","inLanguage":"en-US","@id":"https:\/\/jormax.com\/en\/#\/schema\/logo\/image\/","url":"http:\/\/jormax.com\/wp-content\/uploads\/2019\/12\/logotipo-jormax-cor-stickymenu.png","contentUrl":"http:\/\/jormax.com\/wp-content\/uploads\/2019\/12\/logotipo-jormax-cor-stickymenu.png","width":235,"height":59,"caption":"Jormax - Factory of Ladders, Step Ladders and Scaffolding"},"image":{"@id":"https:\/\/jormax.com\/en\/#\/schema\/logo\/image\/"},"sameAs":["https:\/\/www.facebook.com\/jormaxportugal\/"]}]}},"_links":{"self":[{"href":"https:\/\/jormax.com\/en\/wp-json\/wp\/v2\/product\/8026","targetHints":{"allow":["GET"]}}],"collection":[{"href":"https:\/\/jormax.com\/en\/wp-json\/wp\/v2\/product"}],"about":[{"href":"https:\/\/jormax.com\/en\/wp-json\/wp\/v2\/types\/product"}],"wp:attachment":[{"href":"https:\/\/jormax.com\/en\/wp-json\/wp\/v2\/media?parent=8026"}],"wp:term":[{"taxonomy":"product_brand","embeddable":true,"href":"https:\/\/jormax.com\/en\/wp-json\/wp\/v2\/product_brand?post=8026"},{"taxonomy":"product_cat","embeddable":true,"href":"https:\/\/jormax.com\/en\/wp-json\/wp\/v2\/product_cat?post=8026"},{"taxonomy":"product_tag","embeddable":true,"href":"https:\/\/jormax.com\/en\/wp-json\/wp\/v2\/product_tag?post=8026"}],"curies":[{"name":"wp","href":"https:\/\/api.w.org\/{rel}","templated":true}]}}