{"id":7961,"date":"2019-10-02T15:48:42","date_gmt":"2019-10-02T15:48:42","guid":{"rendered":"https:\/\/www.jormax.com\/produtos\/uncategorized\/aplus\/"},"modified":"2024-07-15T11:04:33","modified_gmt":"2024-07-15T10:04:33","slug":"aplus","status":"publish","type":"product","link":"https:\/\/jormax.com\/en\/produto\/aplus\/","title":{"rendered":"APLUS"},"content":{"rendered":"<div class=\"wpb-content-wrapper\"><p>[vc_row full_width=&#8221;stretch_row&#8221;][vc_column][vc_column_text]\t\t\t\t\t\t<div class=\"wpsm-comptable-wrap\">\n\t\t\t\t<table id=\"wpsm-table-13\" class=\"wpsm-comptable center-table-align\">\n\t\t\t\t\t\t\t\t\t<thead class=\"wpsm-thead wpsm-thead-default\">\n\t\t\t\t\t\t<tr>\t\t\t\t\t\t\t\n\t\t\t\t\t\t\t\t\t\t\t\t\t\t\t\t\t\t\t\t\t\t\t\t<th>REF<\/th>\n\t\t\t\t\t\t\t\t\t\n\t\t\t\t\t\t\t\t\n\t\t\t\t\t\t\t\t\t\t\t\t\t\t\t\t\t\t\t\t\t\t\t\t<th><center><img style=\"width:60px\" src =\"https:\/\/www.jormax.com\/portal\/wp-content\/uploads\/2019\/03\/icon-numero-degraus-jormax.png\" alt=\"\" \/><\/center><br> &nbsp<\/th>\n\t\t\t\t\t\t\t\t\t\n\t\t\t\t\t\t\t\t\n\t\t\t\t\t\t\t\t\t\t\t\t\t\t\t\t\t\t\t\t\t\t\t\t<th><center><img style=\"width:60px\" src =\"https:\/\/www.jormax.com\/portal\/wp-content\/uploads\/2019\/10\/Icon-28.png\" alt=\"\" \/><\/center><br><b><i>m<\/i><\/b><\/th>\n\t\t\t\t\t\t\t\t\t\n\t\t\t\t\t\t\t\t\n\t\t\t\t\t\t\t\t\t\t\t\t\t\t\t\t\t\t\t\t\t\t\t\t<th><center><img style=\"width:60px\" src =\"https:\/\/www.jormax.com\/portal\/wp-content\/uploads\/2019\/10\/Icon-29.png\" alt=\"\" \/><\/center><br><b><i>m<\/i><\/b><\/th>\n\t\t\t\t\t\t\t\t\t\n\t\t\t\t\t\t\t\t\n\t\t\t\t\t\t\t\t\t\t\t\t\t\t\t\t\t\t\t\t\t\t\t\t<th><center><img style=\"width:60px\" src =\"https:\/\/www.jormax.com\/portal\/wp-content\/uploads\/2019\/10\/Icon-30.png\" alt=\"\" \/><\/center><br><b><i>m<\/i><\/b><\/th>\n\t\t\t\t\t\t\t\t\t\n\t\t\t\t\t\t\t\t\n\t\t\t\t\t\t\t\t\t\t\t\t\t\t\t\t\t\t\t\t\t\t\t\t<th><center><img style=\"width:60px\" src =\"https:\/\/www.jormax.com\/portal\/wp-content\/uploads\/2019\/03\/icon-largura-jormax.png\" alt=\"\" \/><\/center><br><b><i>m<\/i><\/b><\/th>\n\t\t\t\t\t\t\t\t\t\n\t\t\t\t\t\t\t\t\n\t\t\t\t\t\t\t\t\t\t\t\t\t\t\t\t\t\t\t\t\t\t\t\t<th><center><img style=\"width:60px\" src =\"https:\/\/www.jormax.com\/portal\/wp-content\/uploads\/2019\/10\/Icons-45.jpg\" alt=\"\" \/><\/center><br><b><i>m<\/i><\/b><\/th>\n\t\t\t\t\t\t\t\t\t\n\t\t\t\t\t\t\t\t\n\t\t\t\t\t\t\t\t\t\t\t\t\t\t\t\t\t\t\t\t\t\t\t\t<th><center><img style=\"width:60px\" src =\"https:\/\/www.jormax.com\/portal\/wp-content\/uploads\/2019\/03\/icon-espessura-jormax.png\" alt=\"\" \/><\/center><br><b><i>m<\/i><\/b><\/th>\n\t\t\t\t\t\t\t\t\t\n\t\t\t\t\t\t\t\t\n\t\t\t\t\t\t\t\t\t\t\t\t\t\t\t\t\t\t\t\t\t\t\t\t<th>KG<\/th>\n\t\t\t\t\t\t\t\t\t\n\t\t\t\t\t\t\t\t\n\t\t\t\t\t\t\t\t\t\t\t\t\t<\/tr>\n\t\t\t\t\t<\/thead>\n\t\t\t\t\t<tbody class=\"wpsm-tbody\">\n\t\t\t\t\t\t\t\t\t\t\t\t\t\t\t\t<tr>\t\t\t\t\t\t\t\t\t\t\t\t\t\t\t<td>\t\t\t\t\t\t\t\t\t\t\t\t\t\t\t\t\t\t\t\t\t\t\t\t\t\t10046\t\t\t\t\t\t\t\t\t\t\t\t\t\t\t\t<\/td>\n\t\t\t\t\t\t\t\t\t\t\t\t\t\t\t\t\t\t\t\t\t\t\t<td>\t\t\t\t\t\t\t\t\t\t\t\t\t\t\t\t\t\t\t\t\t\t\t\t\t\t4\t\t\t\t\t\t\t\t\t\t\t\t\t\t\t\t<\/td>\n\t\t\t\t\t\t\t\t\t\t\t\t\t\t\t\t\t\t\t\t\t\t\t<td>\t\t\t\t\t\t\t\t\t\t\t\t\t\t\t\t\t\t\t\t\t\t\t\t\t\t1.00\t\t\t\t\t\t\t\t\t\t\t\t\t\t\t\t<\/td>\n\t\t\t\t\t\t\t\t\t\t\t\t\t\t\t\t\t\t\t\t\t\t\t<td>\t\t\t\t\t\t\t\t\t\t\t\t\t\t\t\t\t\t\t\t\t\t\t\t\t\t1.80\t\t\t\t\t\t\t\t\t\t\t\t\t\t\t\t<\/td>\n\t\t\t\t\t\t\t\t\t\t\t\t\t\t\t\t\t\t\t\t\t\t\t<td>\t\t\t\t\t\t\t\t\t\t\t\t\t\t\t\t\t\t\t\t\t\t\t\t\t\t3.00\t\t\t\t\t\t\t\t\t\t\t\t\t\t\t\t<\/td>\n\t\t\t\t\t\t\t\t\t\t\t\t\t\t\t\t\t\t\t\t\t\t\t<td>\t\t\t\t\t\t\t\t\t\t\t\t\t\t\t\t\t\t\t\t\t\t\t\t\t\t0.80\t\t\t\t\t\t\t\t\t\t\t\t\t\t\t\t<\/td>\n\t\t\t\t\t\t\t\t\t\t\t\t\t\t\t\t\t\t\t\t\t\t\t<td>\t\t\t\t\t\t\t\t\t\t\t\t\t\t\t\t\t\t\t\t\t\t\t\t\t\t1.37\t\t\t\t\t\t\t\t\t\t\t\t\t\t\t\t<\/td>\n\t\t\t\t\t\t\t\t\t\t\t\t\t\t\t\t\t\t\t\t\t\t\t<td>\t\t\t\t\t\t\t\t\t\t\t\t\t\t\t\t\t\t\t\t\t\t\t\t\t\t0.33\t\t\t\t\t\t\t\t\t\t\t\t\t\t\t\t<\/td>\n\t\t\t\t\t\t\t\t\t\t\t\t\t\t\t\t\t\t\t\t\t\t\t<td>\t\t\t\t\t\t\t\t\t\t\t\t\t\t\t\t\t\t\t\t\t\t\t\t\t\t15.80\t\t\t\t\t\t\t\t\t\t\t\t\t\t\t\t<\/td>\n\t\t\t\t\t\t\t\t\t\t\t\t\t\t\t\t\t\t\t\t\t<\/tr>\n\t\t\t\t\t\t\t\t\t\t\t\t\t\t\t\t<tr>\t\t\t\t\t\t\t\t\t\t\t\t\t\t\t<td>\t\t\t\t\t\t\t\t\t\t\t\t\t\t\t\t\t\t\t\t\t\t\t\t\t\t10047\t\t\t\t\t\t\t\t\t\t\t\t\t\t\t\t<\/td>\n\t\t\t\t\t\t\t\t\t\t\t\t\t\t\t\t\t\t\t\t\t\t\t<td>\t\t\t\t\t\t\t\t\t\t\t\t\t\t\t\t\t\t\t\t\t\t\t\t\t\t6\t\t\t\t\t\t\t\t\t\t\t\t\t\t\t\t<\/td>\n\t\t\t\t\t\t\t\t\t\t\t\t\t\t\t\t\t\t\t\t\t\t\t<td>\t\t\t\t\t\t\t\t\t\t\t\t\t\t\t\t\t\t\t\t\t\t\t\t\t\t1.40\t\t\t\t\t\t\t\t\t\t\t\t\t\t\t\t<\/td>\n\t\t\t\t\t\t\t\t\t\t\t\t\t\t\t\t\t\t\t\t\t\t\t<td>\t\t\t\t\t\t\t\t\t\t\t\t\t\t\t\t\t\t\t\t\t\t\t\t\t\t2.20\t\t\t\t\t\t\t\t\t\t\t\t\t\t\t\t<\/td>\n\t\t\t\t\t\t\t\t\t\t\t\t\t\t\t\t\t\t\t\t\t\t\t<td>\t\t\t\t\t\t\t\t\t\t\t\t\t\t\t\t\t\t\t\t\t\t\t\t\t\t3.40\t\t\t\t\t\t\t\t\t\t\t\t\t\t\t\t<\/td>\n\t\t\t\t\t\t\t\t\t\t\t\t\t\t\t\t\t\t\t\t\t\t\t<td>\t\t\t\t\t\t\t\t\t\t\t\t\t\t\t\t\t\t\t\t\t\t\t\t\t\t0.83\t\t\t\t\t\t\t\t\t\t\t\t\t\t\t\t<\/td>\n\t\t\t\t\t\t\t\t\t\t\t\t\t\t\t\t\t\t\t\t\t\t\t<td>\t\t\t\t\t\t\t\t\t\t\t\t\t\t\t\t\t\t\t\t\t\t\t\t\t\t1.70\t\t\t\t\t\t\t\t\t\t\t\t\t\t\t\t<\/td>\n\t\t\t\t\t\t\t\t\t\t\t\t\t\t\t\t\t\t\t\t\t\t\t<td>\t\t\t\t\t\t\t\t\t\t\t\t\t\t\t\t\t\t\t\t\t\t\t\t\t\t0.33\t\t\t\t\t\t\t\t\t\t\t\t\t\t\t\t<\/td>\n\t\t\t\t\t\t\t\t\t\t\t\t\t\t\t\t\t\t\t\t\t\t\t<td>\t\t\t\t\t\t\t\t\t\t\t\t\t\t\t\t\t\t\t\t\t\t\t\t\t\t19.40\t\t\t\t\t\t\t\t\t\t\t\t\t\t\t\t<\/td>\n\t\t\t\t\t\t\t\t\t\t\t\t\t\t\t\t\t\t\t\t\t<\/tr>\n\t\t\t\t\t\t\t\t\t\t\t\t\t\t\t\t<tr>\t\t\t\t\t\t\t\t\t\t\t\t\t\t\t<td>\t\t\t\t\t\t\t\t\t\t\t\t\t\t\t\t\t\t\t\t\t\t\t\t\t\t10048\t\t\t\t\t\t\t\t\t\t\t\t\t\t\t\t<\/td>\n\t\t\t\t\t\t\t\t\t\t\t\t\t\t\t\t\t\t\t\t\t\t\t<td>\t\t\t\t\t\t\t\t\t\t\t\t\t\t\t\t\t\t\t\t\t\t\t\t\t\t8\t\t\t\t\t\t\t\t\t\t\t\t\t\t\t\t<\/td>\n\t\t\t\t\t\t\t\t\t\t\t\t\t\t\t\t\t\t\t\t\t\t\t<td>\t\t\t\t\t\t\t\t\t\t\t\t\t\t\t\t\t\t\t\t\t\t\t\t\t\t1.90\t\t\t\t\t\t\t\t\t\t\t\t\t\t\t\t<\/td>\n\t\t\t\t\t\t\t\t\t\t\t\t\t\t\t\t\t\t\t\t\t\t\t<td>\t\t\t\t\t\t\t\t\t\t\t\t\t\t\t\t\t\t\t\t\t\t\t\t\t\t2.70\t\t\t\t\t\t\t\t\t\t\t\t\t\t\t\t<\/td>\n\t\t\t\t\t\t\t\t\t\t\t\t\t\t\t\t\t\t\t\t\t\t\t<td>\t\t\t\t\t\t\t\t\t\t\t\t\t\t\t\t\t\t\t\t\t\t\t\t\t\t3.90\t\t\t\t\t\t\t\t\t\t\t\t\t\t\t\t<\/td>\n\t\t\t\t\t\t\t\t\t\t\t\t\t\t\t\t\t\t\t\t\t\t\t<td>\t\t\t\t\t\t\t\t\t\t\t\t\t\t\t\t\t\t\t\t\t\t\t\t\t\t0.85\t\t\t\t\t\t\t\t\t\t\t\t\t\t\t\t<\/td>\n\t\t\t\t\t\t\t\t\t\t\t\t\t\t\t\t\t\t\t\t\t\t\t<td>\t\t\t\t\t\t\t\t\t\t\t\t\t\t\t\t\t\t\t\t\t\t\t\t\t\t2.06\t\t\t\t\t\t\t\t\t\t\t\t\t\t\t\t<\/td>\n\t\t\t\t\t\t\t\t\t\t\t\t\t\t\t\t\t\t\t\t\t\t\t<td>\t\t\t\t\t\t\t\t\t\t\t\t\t\t\t\t\t\t\t\t\t\t\t\t\t\t0.33\t\t\t\t\t\t\t\t\t\t\t\t\t\t\t\t<\/td>\n\t\t\t\t\t\t\t\t\t\t\t\t\t\t\t\t\t\t\t\t\t\t\t<td>\t\t\t\t\t\t\t\t\t\t\t\t\t\t\t\t\t\t\t\t\t\t\t\t\t\t22.80\t\t\t\t\t\t\t\t\t\t\t\t\t\t\t\t<\/td>\n\t\t\t\t\t\t\t\t\t\t\t\t\t\t\t\t\t\t\t\t\t<\/tr>\n\t\t\t\t\t\t\t\t\t\t\t\t\t\t\t\t<tr>\t\t\t\t\t\t\t\t\t\t\t\t\t\t\t<td>\t\t\t\t\t\t\t\t\t\t\t\t\t\t\t\t\t\t\t\t\t\t\t\t\t\t10049\t\t\t\t\t\t\t\t\t\t\t\t\t\t\t\t<\/td>\n\t\t\t\t\t\t\t\t\t\t\t\t\t\t\t\t\t\t\t\t\t\t\t<td>\t\t\t\t\t\t\t\t\t\t\t\t\t\t\t\t\t\t\t\t\t\t\t\t\t\t10\t\t\t\t\t\t\t\t\t\t\t\t\t\t\t\t<\/td>\n\t\t\t\t\t\t\t\t\t\t\t\t\t\t\t\t\t\t\t\t\t\t\t<td>\t\t\t\t\t\t\t\t\t\t\t\t\t\t\t\t\t\t\t\t\t\t\t\t\t\t2.30\t\t\t\t\t\t\t\t\t\t\t\t\t\t\t\t<\/td>\n\t\t\t\t\t\t\t\t\t\t\t\t\t\t\t\t\t\t\t\t\t\t\t<td>\t\t\t\t\t\t\t\t\t\t\t\t\t\t\t\t\t\t\t\t\t\t\t\t\t\t3.10\t\t\t\t\t\t\t\t\t\t\t\t\t\t\t\t<\/td>\n\t\t\t\t\t\t\t\t\t\t\t\t\t\t\t\t\t\t\t\t\t\t\t<td>\t\t\t\t\t\t\t\t\t\t\t\t\t\t\t\t\t\t\t\t\t\t\t\t\t\t4.30\t\t\t\t\t\t\t\t\t\t\t\t\t\t\t\t<\/td>\n\t\t\t\t\t\t\t\t\t\t\t\t\t\t\t\t\t\t\t\t\t\t\t<td>\t\t\t\t\t\t\t\t\t\t\t\t\t\t\t\t\t\t\t\t\t\t\t\t\t\t0.90\t\t\t\t\t\t\t\t\t\t\t\t\t\t\t\t<\/td>\n\t\t\t\t\t\t\t\t\t\t\t\t\t\t\t\t\t\t\t\t\t\t\t<td>\t\t\t\t\t\t\t\t\t\t\t\t\t\t\t\t\t\t\t\t\t\t\t\t\t\t2.40\t\t\t\t\t\t\t\t\t\t\t\t\t\t\t\t<\/td>\n\t\t\t\t\t\t\t\t\t\t\t\t\t\t\t\t\t\t\t\t\t\t\t<td>\t\t\t\t\t\t\t\t\t\t\t\t\t\t\t\t\t\t\t\t\t\t\t\t\t\t0.33\t\t\t\t\t\t\t\t\t\t\t\t\t\t\t\t<\/td>\n\t\t\t\t\t\t\t\t\t\t\t\t\t\t\t\t\t\t\t\t\t\t\t<td>\t\t\t\t\t\t\t\t\t\t\t\t\t\t\t\t\t\t\t\t\t\t\t\t\t\t26.00\t\t\t\t\t\t\t\t\t\t\t\t\t\t\t\t<\/td>\n\t\t\t\t\t\t\t\t\t\t\t\t\t\t\t\t\t\t\t\t\t<\/tr>\n\t\t\t\t\t\t\t\t\t\t\t\t\t\t\t\t<tr>\t\t\t\t\t\t\t\t\t\t\t\t\t\t\t<td>\t\t\t\t\t\t\t\t\t\t\t\t\t\t\t\t\t\t\t\t\t\t\t\t\t\t10050\t\t\t\t\t\t\t\t\t\t\t\t\t\t\t\t<\/td>\n\t\t\t\t\t\t\t\t\t\t\t\t\t\t\t\t\t\t\t\t\t\t\t<td>\t\t\t\t\t\t\t\t\t\t\t\t\t\t\t\t\t\t\t\t\t\t\t\t\t\t12\t\t\t\t\t\t\t\t\t\t\t\t\t\t\t\t<\/td>\n\t\t\t\t\t\t\t\t\t\t\t\t\t\t\t\t\t\t\t\t\t\t\t<td>\t\t\t\t\t\t\t\t\t\t\t\t\t\t\t\t\t\t\t\t\t\t\t\t\t\t2.80\t\t\t\t\t\t\t\t\t\t\t\t\t\t\t\t<\/td>\n\t\t\t\t\t\t\t\t\t\t\t\t\t\t\t\t\t\t\t\t\t\t\t<td>\t\t\t\t\t\t\t\t\t\t\t\t\t\t\t\t\t\t\t\t\t\t\t\t\t\t3.60\t\t\t\t\t\t\t\t\t\t\t\t\t\t\t\t<\/td>\n\t\t\t\t\t\t\t\t\t\t\t\t\t\t\t\t\t\t\t\t\t\t\t<td>\t\t\t\t\t\t\t\t\t\t\t\t\t\t\t\t\t\t\t\t\t\t\t\t\t\t4.80\t\t\t\t\t\t\t\t\t\t\t\t\t\t\t\t<\/td>\n\t\t\t\t\t\t\t\t\t\t\t\t\t\t\t\t\t\t\t\t\t\t\t<td>\t\t\t\t\t\t\t\t\t\t\t\t\t\t\t\t\t\t\t\t\t\t\t\t\t\t0.94\t\t\t\t\t\t\t\t\t\t\t\t\t\t\t\t<\/td>\n\t\t\t\t\t\t\t\t\t\t\t\t\t\t\t\t\t\t\t\t\t\t\t<td>\t\t\t\t\t\t\t\t\t\t\t\t\t\t\t\t\t\t\t\t\t\t\t\t\t\t2.80\t\t\t\t\t\t\t\t\t\t\t\t\t\t\t\t<\/td>\n\t\t\t\t\t\t\t\t\t\t\t\t\t\t\t\t\t\t\t\t\t\t\t<td>\t\t\t\t\t\t\t\t\t\t\t\t\t\t\t\t\t\t\t\t\t\t\t\t\t\t0.33\t\t\t\t\t\t\t\t\t\t\t\t\t\t\t\t<\/td>\n\t\t\t\t\t\t\t\t\t\t\t\t\t\t\t\t\t\t\t\t\t\t\t<td>\t\t\t\t\t\t\t\t\t\t\t\t\t\t\t\t\t\t\t\t\t\t\t\t\t\t29.00\t\t\t\t\t\t\t\t\t\t\t\t\t\t\t\t<\/td>\n\t\t\t\t\t\t\t\t\t\t\t\t\t\t\t\t\t\t\t\t\t<\/tr>\n\t\t\t\t\t\t\t\t\t\t<\/tbody>\n\t\t\t\t<\/table>\n\t\t\t<\/div>\n\t\t[\/vc_column_text][\/vc_column][\/vc_row]<\/p>\n<\/div>","protected":false},"excerpt":{"rendered":"<p><strong>A step ladder with platform for business warehouse, 8 cm wide step and a large rise.<\/strong><\/p>\n<p>\u00a0<\/p>\n<p>Step ladder for professional use made of ribbed aluminum which provides maximum strength, the steps are welded to the profiles that create a very solid and sturdy structure. It has a large working platform, a tray, tool holders, 8 cm deep steps and a handrail for convenient lifting and lowering of the operators. Includes guard-rail and reinforcement bar, anti-opening\/accidental closure for maximum security. Equipped with wheels and arms to facilitate its displacement<br \/>\nand its closure occupying only 33 cm in width in its closed storage. The step ladder Aplus model complies with european safety standard EN 131.<\/p>\n<p>\u00a0<\/p>\n<p><img decoding=\"async\" class=\"selos-produto\" src=\"http:\/\/jormax.com\/wp-content\/uploads\/2019\/10\/europa.jpg\" alt=\"NOME DOS SELOS (SUBSTITUIR)\" \/> <img decoding=\"async\" class=\"selos-produto\" src=\"http:\/\/jormax.com\/wp-content\/uploads\/2019\/11\/decree-law-1.png\" alt=\"NOME DOS SELOS (SUBSTITUIR)\" \/> <img decoding=\"async\" class=\"selos-produto\" src=\"http:\/\/jormax.com\/wp-content\/uploads\/2019\/11\/131-1.png\" alt=\"NOME DOS SELOS (SUBSTITUIR)\" \/> <img decoding=\"async\" class=\"selos-produto\" src=\"http:\/\/jormax.com\/wp-content\/uploads\/2019\/11\/5-1.png\" alt=\"NOME DOS SELOS (SUBSTITUIR)\" \/> <img decoding=\"async\" class=\"selos-produto\" src=\"http:\/\/jormax.com\/wp-content\/uploads\/2019\/11\/professional-use-1.png\" alt=\"NOME DOS SELOS (SUBSTITUIR)\" \/> <img decoding=\"async\" class=\"selos-produto\" src=\"http:\/\/jormax.com\/wp-content\/uploads\/2019\/10\/peso-150.jpg\" alt=\"NOME DOS SELOS (SUBSTITUIR)\" \/><\/p>\n<p>\u00a0<\/p>\n","protected":false},"featured_media":7962,"template":"","meta":[],"product_brand":[],"product_cat":[243,279],"product_tag":[],"class_list":{"0":"post-7961","1":"product","2":"type-product","3":"status-publish","4":"has-post-thumbnail","6":"product_cat-step-ladders","7":"product_cat-escadotes-armazem-en","9":"first","10":"instock","11":"shipping-taxable","12":"product-type-simple"},"yoast_head":"<!-- This site is optimized with the Yoast SEO plugin v24.5 - https:\/\/yoast.com\/wordpress\/plugins\/seo\/ -->\n<title>APLUS - Jormax - F\u00e1brica de Escadas e Escadotes<\/title>\n<meta name=\"description\" content=\"Step ladder for professional use made of ribbed aluminum which provides maximum strength, the steps are welded to the profiles that create a very solid and sturdy structure. It has a large working platform, a tray, tool holders, 8 cm deep steps and a handrail for convenient lifting and lowering of the operators. Includes guard-rail and reinforcement bar, anti-opening\/accidental closure for maximum security. Equipped with wheels and arms to facilitate its displacement and its closure occupying only 33 cm in width in its closed storage. The step ladder Aplus model complies with european safety standard EN 131.\" \/>\n<meta name=\"robots\" content=\"index, follow, max-snippet:-1, max-image-preview:large, max-video-preview:-1\" \/>\n<link rel=\"canonical\" href=\"https:\/\/jormax.com\/en\/produto\/aplus\/\" \/>\n<meta property=\"og:locale\" content=\"en_US\" \/>\n<meta property=\"og:type\" content=\"article\" \/>\n<meta property=\"og:title\" content=\"APLUS - Jormax - F\u00e1brica de Escadas e Escadotes\" \/>\n<meta property=\"og:description\" content=\"Step ladder for professional use made of ribbed aluminum which provides maximum strength, the steps are welded to the profiles that create a very solid and sturdy structure. It has a large working platform, a tray, tool holders, 8 cm deep steps and a handrail for convenient lifting and lowering of the operators. Includes guard-rail and reinforcement bar, anti-opening\/accidental closure for maximum security. Equipped with wheels and arms to facilitate its displacement and its closure occupying only 33 cm in width in its closed storage. The step ladder Aplus model complies with european safety standard EN 131.\" \/>\n<meta property=\"og:url\" content=\"https:\/\/jormax.com\/en\/produto\/aplus\/\" \/>\n<meta property=\"og:site_name\" content=\"Jormax - F\u00e1brica de Escadas e Escadotes\" \/>\n<meta property=\"article:publisher\" content=\"https:\/\/www.facebook.com\/jormaxportugal\/\" \/>\n<meta property=\"article:modified_time\" content=\"2024-07-15T10:04:33+00:00\" \/>\n<meta property=\"og:image\" content=\"https:\/\/jormax.com\/wp-content\/uploads\/2019\/10\/escadote-aplus-jormax.jpg\" \/>\n\t<meta property=\"og:image:width\" content=\"900\" \/>\n\t<meta property=\"og:image:height\" content=\"900\" \/>\n\t<meta property=\"og:image:type\" content=\"image\/jpeg\" \/>\n<meta name=\"twitter:card\" content=\"summary_large_image\" \/>\n<script type=\"application\/ld+json\" class=\"yoast-schema-graph\">{\"@context\":\"https:\/\/schema.org\",\"@graph\":[{\"@type\":\"WebPage\",\"@id\":\"https:\/\/jormax.com\/en\/produto\/aplus\/\",\"url\":\"https:\/\/jormax.com\/en\/produto\/aplus\/\",\"name\":\"APLUS - Jormax - F\u00e1brica de Escadas e Escadotes\",\"isPartOf\":{\"@id\":\"https:\/\/jormax.com\/en\/#website\"},\"primaryImageOfPage\":{\"@id\":\"https:\/\/jormax.com\/en\/produto\/aplus\/#primaryimage\"},\"image\":{\"@id\":\"https:\/\/jormax.com\/en\/produto\/aplus\/#primaryimage\"},\"thumbnailUrl\":\"https:\/\/jormax.com\/wp-content\/uploads\/2019\/10\/escadote-aplus-jormax.jpg\",\"datePublished\":\"2019-10-02T15:48:42+00:00\",\"dateModified\":\"2024-07-15T10:04:33+00:00\",\"description\":\"Step ladder for professional use made of ribbed aluminum which provides maximum strength, the steps are welded to the profiles that create a very solid and sturdy structure. It has a large working platform, a tray, tool holders, 8 cm deep steps and a handrail for convenient lifting and lowering of the operators. Includes guard-rail and reinforcement bar, anti-opening\/accidental closure for maximum security. Equipped with wheels and arms to facilitate its displacement and its closure occupying only 33 cm in width in its closed storage. The step ladder Aplus model complies with european safety standard EN 131.\",\"breadcrumb\":{\"@id\":\"https:\/\/jormax.com\/en\/produto\/aplus\/#breadcrumb\"},\"inLanguage\":\"en-US\",\"potentialAction\":[{\"@type\":\"ReadAction\",\"target\":[\"https:\/\/jormax.com\/en\/produto\/aplus\/\"]}]},{\"@type\":\"ImageObject\",\"inLanguage\":\"en-US\",\"@id\":\"https:\/\/jormax.com\/en\/produto\/aplus\/#primaryimage\",\"url\":\"https:\/\/jormax.com\/wp-content\/uploads\/2019\/10\/escadote-aplus-jormax.jpg\",\"contentUrl\":\"https:\/\/jormax.com\/wp-content\/uploads\/2019\/10\/escadote-aplus-jormax.jpg\",\"width\":900,\"height\":900},{\"@type\":\"BreadcrumbList\",\"@id\":\"https:\/\/jormax.com\/en\/produto\/aplus\/#breadcrumb\",\"itemListElement\":[{\"@type\":\"ListItem\",\"position\":1,\"name\":\"In\u00edcio\",\"item\":\"https:\/\/jormax.com\/en\/\"},{\"@type\":\"ListItem\",\"position\":2,\"name\":\"Products\",\"item\":\"https:\/\/jormax.com\/en\/products\/\"},{\"@type\":\"ListItem\",\"position\":3,\"name\":\"APLUS\"}]},{\"@type\":\"WebSite\",\"@id\":\"https:\/\/jormax.com\/en\/#website\",\"url\":\"https:\/\/jormax.com\/en\/\",\"name\":\"Jormax - F\u00e1brica de Escadas e Escadotes\",\"description\":\"Fabricante de escadas, escadotes, andaimes, plataformas e solu\u00e7\u00f5es \u00e0 medida em alum\u00ednio e fibra de vidro certificados. F\u00e1brica com sede em Portugal.\",\"publisher\":{\"@id\":\"https:\/\/jormax.com\/en\/#organization\"},\"potentialAction\":[{\"@type\":\"SearchAction\",\"target\":{\"@type\":\"EntryPoint\",\"urlTemplate\":\"https:\/\/jormax.com\/en\/?s={search_term_string}\"},\"query-input\":{\"@type\":\"PropertyValueSpecification\",\"valueRequired\":true,\"valueName\":\"search_term_string\"}}],\"inLanguage\":\"en-US\"},{\"@type\":\"Organization\",\"@id\":\"https:\/\/jormax.com\/en\/#organization\",\"name\":\"Jormax - Factory of Ladders, Step Ladders and Scaffolding\",\"url\":\"https:\/\/jormax.com\/en\/\",\"logo\":{\"@type\":\"ImageObject\",\"inLanguage\":\"en-US\",\"@id\":\"https:\/\/jormax.com\/en\/#\/schema\/logo\/image\/\",\"url\":\"http:\/\/jormax.com\/wp-content\/uploads\/2019\/12\/logotipo-jormax-cor-stickymenu.png\",\"contentUrl\":\"http:\/\/jormax.com\/wp-content\/uploads\/2019\/12\/logotipo-jormax-cor-stickymenu.png\",\"width\":235,\"height\":59,\"caption\":\"Jormax - Factory of Ladders, Step Ladders and Scaffolding\"},\"image\":{\"@id\":\"https:\/\/jormax.com\/en\/#\/schema\/logo\/image\/\"},\"sameAs\":[\"https:\/\/www.facebook.com\/jormaxportugal\/\"]}]}<\/script>\n<!-- \/ Yoast SEO plugin. -->","yoast_head_json":{"title":"APLUS - Jormax - F\u00e1brica de Escadas e Escadotes","description":"Step ladder for professional use made of ribbed aluminum which provides maximum strength, the steps are welded to the profiles that create a very solid and sturdy structure. It has a large working platform, a tray, tool holders, 8 cm deep steps and a handrail for convenient lifting and lowering of the operators. Includes guard-rail and reinforcement bar, anti-opening\/accidental closure for maximum security. Equipped with wheels and arms to facilitate its displacement and its closure occupying only 33 cm in width in its closed storage. The step ladder Aplus model complies with european safety standard EN 131.","robots":{"index":"index","follow":"follow","max-snippet":"max-snippet:-1","max-image-preview":"max-image-preview:large","max-video-preview":"max-video-preview:-1"},"canonical":"https:\/\/jormax.com\/en\/produto\/aplus\/","og_locale":"en_US","og_type":"article","og_title":"APLUS - Jormax - F\u00e1brica de Escadas e Escadotes","og_description":"Step ladder for professional use made of ribbed aluminum which provides maximum strength, the steps are welded to the profiles that create a very solid and sturdy structure. It has a large working platform, a tray, tool holders, 8 cm deep steps and a handrail for convenient lifting and lowering of the operators. Includes guard-rail and reinforcement bar, anti-opening\/accidental closure for maximum security. Equipped with wheels and arms to facilitate its displacement and its closure occupying only 33 cm in width in its closed storage. The step ladder Aplus model complies with european safety standard EN 131.","og_url":"https:\/\/jormax.com\/en\/produto\/aplus\/","og_site_name":"Jormax - F\u00e1brica de Escadas e Escadotes","article_publisher":"https:\/\/www.facebook.com\/jormaxportugal\/","article_modified_time":"2024-07-15T10:04:33+00:00","og_image":[{"width":900,"height":900,"url":"https:\/\/jormax.com\/wp-content\/uploads\/2019\/10\/escadote-aplus-jormax.jpg","type":"image\/jpeg"}],"twitter_card":"summary_large_image","schema":{"@context":"https:\/\/schema.org","@graph":[{"@type":"WebPage","@id":"https:\/\/jormax.com\/en\/produto\/aplus\/","url":"https:\/\/jormax.com\/en\/produto\/aplus\/","name":"APLUS - Jormax - F\u00e1brica de Escadas e Escadotes","isPartOf":{"@id":"https:\/\/jormax.com\/en\/#website"},"primaryImageOfPage":{"@id":"https:\/\/jormax.com\/en\/produto\/aplus\/#primaryimage"},"image":{"@id":"https:\/\/jormax.com\/en\/produto\/aplus\/#primaryimage"},"thumbnailUrl":"https:\/\/jormax.com\/wp-content\/uploads\/2019\/10\/escadote-aplus-jormax.jpg","datePublished":"2019-10-02T15:48:42+00:00","dateModified":"2024-07-15T10:04:33+00:00","description":"Step ladder for professional use made of ribbed aluminum which provides maximum strength, the steps are welded to the profiles that create a very solid and sturdy structure. It has a large working platform, a tray, tool holders, 8 cm deep steps and a handrail for convenient lifting and lowering of the operators. Includes guard-rail and reinforcement bar, anti-opening\/accidental closure for maximum security. Equipped with wheels and arms to facilitate its displacement and its closure occupying only 33 cm in width in its closed storage. The step ladder Aplus model complies with european safety standard EN 131.","breadcrumb":{"@id":"https:\/\/jormax.com\/en\/produto\/aplus\/#breadcrumb"},"inLanguage":"en-US","potentialAction":[{"@type":"ReadAction","target":["https:\/\/jormax.com\/en\/produto\/aplus\/"]}]},{"@type":"ImageObject","inLanguage":"en-US","@id":"https:\/\/jormax.com\/en\/produto\/aplus\/#primaryimage","url":"https:\/\/jormax.com\/wp-content\/uploads\/2019\/10\/escadote-aplus-jormax.jpg","contentUrl":"https:\/\/jormax.com\/wp-content\/uploads\/2019\/10\/escadote-aplus-jormax.jpg","width":900,"height":900},{"@type":"BreadcrumbList","@id":"https:\/\/jormax.com\/en\/produto\/aplus\/#breadcrumb","itemListElement":[{"@type":"ListItem","position":1,"name":"In\u00edcio","item":"https:\/\/jormax.com\/en\/"},{"@type":"ListItem","position":2,"name":"Products","item":"https:\/\/jormax.com\/en\/products\/"},{"@type":"ListItem","position":3,"name":"APLUS"}]},{"@type":"WebSite","@id":"https:\/\/jormax.com\/en\/#website","url":"https:\/\/jormax.com\/en\/","name":"Jormax - F\u00e1brica de Escadas e Escadotes","description":"Fabricante de escadas, escadotes, andaimes, plataformas e solu\u00e7\u00f5es \u00e0 medida em alum\u00ednio e fibra de vidro certificados. F\u00e1brica com sede em Portugal.","publisher":{"@id":"https:\/\/jormax.com\/en\/#organization"},"potentialAction":[{"@type":"SearchAction","target":{"@type":"EntryPoint","urlTemplate":"https:\/\/jormax.com\/en\/?s={search_term_string}"},"query-input":{"@type":"PropertyValueSpecification","valueRequired":true,"valueName":"search_term_string"}}],"inLanguage":"en-US"},{"@type":"Organization","@id":"https:\/\/jormax.com\/en\/#organization","name":"Jormax - Factory of Ladders, Step Ladders and Scaffolding","url":"https:\/\/jormax.com\/en\/","logo":{"@type":"ImageObject","inLanguage":"en-US","@id":"https:\/\/jormax.com\/en\/#\/schema\/logo\/image\/","url":"http:\/\/jormax.com\/wp-content\/uploads\/2019\/12\/logotipo-jormax-cor-stickymenu.png","contentUrl":"http:\/\/jormax.com\/wp-content\/uploads\/2019\/12\/logotipo-jormax-cor-stickymenu.png","width":235,"height":59,"caption":"Jormax - Factory of Ladders, Step Ladders and Scaffolding"},"image":{"@id":"https:\/\/jormax.com\/en\/#\/schema\/logo\/image\/"},"sameAs":["https:\/\/www.facebook.com\/jormaxportugal\/"]}]}},"_links":{"self":[{"href":"https:\/\/jormax.com\/en\/wp-json\/wp\/v2\/product\/7961","targetHints":{"allow":["GET"]}}],"collection":[{"href":"https:\/\/jormax.com\/en\/wp-json\/wp\/v2\/product"}],"about":[{"href":"https:\/\/jormax.com\/en\/wp-json\/wp\/v2\/types\/product"}],"wp:featuredmedia":[{"embeddable":true,"href":"https:\/\/jormax.com\/en\/wp-json\/wp\/v2\/media\/7962"}],"wp:attachment":[{"href":"https:\/\/jormax.com\/en\/wp-json\/wp\/v2\/media?parent=7961"}],"wp:term":[{"taxonomy":"product_brand","embeddable":true,"href":"https:\/\/jormax.com\/en\/wp-json\/wp\/v2\/product_brand?post=7961"},{"taxonomy":"product_cat","embeddable":true,"href":"https:\/\/jormax.com\/en\/wp-json\/wp\/v2\/product_cat?post=7961"},{"taxonomy":"product_tag","embeddable":true,"href":"https:\/\/jormax.com\/en\/wp-json\/wp\/v2\/product_tag?post=7961"}],"curies":[{"name":"wp","href":"https:\/\/api.w.org\/{rel}","templated":true}]}}