{"id":7547,"date":"2019-10-08T10:26:04","date_gmt":"2019-10-08T10:26:04","guid":{"rendered":"https:\/\/www.jormax.com\/produtos\/uncategorized\/maxiladder-dupla\/"},"modified":"2024-07-16T11:40:27","modified_gmt":"2024-07-16T10:40:27","slug":"maxiladder-dupla","status":"publish","type":"product","link":"https:\/\/jormax.com\/en\/produto\/maxiladder-dupla\/","title":{"rendered":"MAXILADDER DUPLA"},"content":{"rendered":"<div class=\"wpb-content-wrapper\"><p>[vc_row full_width=&#8221;stretch_row&#8221;][vc_column][vc_column_text]\t\t\t\t\t\t<div class=\"wpsm-comptable-wrap\">\n\t\t\t\t<table id=\"wpsm-table-41\" class=\"wpsm-comptable center-table-align\">\n\t\t\t\t\t\t\t\t\t<thead class=\"wpsm-thead wpsm-thead-default\">\n\t\t\t\t\t\t<tr>\t\t\t\t\t\t\t\n\t\t\t\t\t\t\t\t\t\t\t\t\t\t\t\t\t\t\t\t\t\t\t\t<th>REF<\/th>\n\t\t\t\t\t\t\t\t\t\n\t\t\t\t\t\t\t\t\n\t\t\t\t\t\t\t\t\t\t\t\t\t\t\t\t\t\t\t\t\t\t\t\t<th><center><img style=\"width:60px\" src =\"https:\/\/www.jormax.com\/portal\/wp-content\/uploads\/2019\/03\/icon-numero-degraus-jormax.png\" alt=\"\" \/><\/center><br>&nbsp<\/th>\n\t\t\t\t\t\t\t\t\t\n\t\t\t\t\t\t\t\t\n\t\t\t\t\t\t\t\t\t\t\t\t\t\t\t\t\t\t\t\t\t\t\t\t<th><center><img style=\"width:60px\" src =\"https:\/\/www.jormax.com\/portal\/wp-content\/uploads\/2019\/10\/Icon-06.png\" alt=\"\" \/><\/center><br><b><i>m<\/i><\/b><\/th>\n\t\t\t\t\t\t\t\t\t\n\t\t\t\t\t\t\t\t\n\t\t\t\t\t\t\t\t\t\t\t\t\t\t\t\t\t\t\t\t\t\t\t\t<th><center><img style=\"width:60px\" src =\"https:\/\/www.jormax.com\/portal\/wp-content\/uploads\/2019\/10\/Icon-09.png\" alt=\"\" \/><\/center><br><b><i>m<\/i><\/b><\/th>\n\t\t\t\t\t\t\t\t\t\n\t\t\t\t\t\t\t\t\n\t\t\t\t\t\t\t\t\t\t\t\t\t\t\t\t\t\t\t\t\t\t\t\t<th><center><img style=\"width:60px\" src =\"https:\/\/www.jormax.com\/portal\/wp-content\/uploads\/2019\/10\/Icon-13.png\" alt=\"\" \/><\/center><br><b><i>m<\/i><\/b><\/th>\n\t\t\t\t\t\t\t\t\t\n\t\t\t\t\t\t\t\t\n\t\t\t\t\t\t\t\t\t\t\t\t\t\t\t\t\t\t\t\t\t\t\t\t<th><center><img style=\"width:60px\" src =\"https:\/\/www.jormax.com\/portal\/wp-content\/uploads\/2019\/10\/Icon-20.png\" alt=\"\" \/><\/center><br><b><i>mm<\/i><\/b><\/th>\n\t\t\t\t\t\t\t\t\t\n\t\t\t\t\t\t\t\t\n\t\t\t\t\t\t\t\t\t\t\t\t\t\t\t\t\t\t\t\t\t\t\t\t<th>KG<\/th>\n\t\t\t\t\t\t\t\t\t\n\t\t\t\t\t\t\t\t\n\t\t\t\t\t\t\t\t\t\t\t\t\t<\/tr>\n\t\t\t\t\t<\/thead>\n\t\t\t\t\t<tbody class=\"wpsm-tbody\">\n\t\t\t\t\t\t\t\t\t\t\t\t\t\t\t\t<tr>\t\t\t\t\t\t\t\t\t\t\t\t\t\t\t<td>\t\t\t\t\t\t\t\t\t\t\t\t\t\t\t\t\t\t\t\t\t\t\t\t\t\t10176\t\t\t\t\t\t\t\t\t\t\t\t\t\t\t\t<\/td>\n\t\t\t\t\t\t\t\t\t\t\t\t\t\t\t\t\t\t\t\t\t\t\t<td>\t\t\t\t\t\t\t\t\t\t\t\t\t\t\t\t\t\t\t\t\t\t\t\t\t\t6\t\t\t\t\t\t\t\t\t\t\t\t\t\t\t\t<\/td>\n\t\t\t\t\t\t\t\t\t\t\t\t\t\t\t\t\t\t\t\t\t\t\t<td>\t\t\t\t\t\t\t\t\t\t\t\t\t\t\t\t\t\t\t\t\t\t\t\t\t\t1.80\t\t\t\t\t\t\t\t\t\t\t\t\t\t\t\t<\/td>\n\t\t\t\t\t\t\t\t\t\t\t\t\t\t\t\t\t\t\t\t\t\t\t<td>\t\t\t\t\t\t\t\t\t\t\t\t\t\t\t\t\t\t\t\t\t\t\t\t\t\t2.65\t\t\t\t\t\t\t\t\t\t\t\t\t\t\t\t<\/td>\n\t\t\t\t\t\t\t\t\t\t\t\t\t\t\t\t\t\t\t\t\t\t\t<td>\t\t\t\t\t\t\t\t\t\t\t\t\t\t\t\t\t\t\t\t\t\t\t\t\t\t1.70\t\t\t\t\t\t\t\t\t\t\t\t\t\t\t\t<\/td>\n\t\t\t\t\t\t\t\t\t\t\t\t\t\t\t\t\t\t\t\t\t\t\t<td>\t\t\t\t\t\t\t\t\t\t\t\t\t\t\t\t\t\t\t\t\t\t\t\t\t\t65x25\t\t\t\t\t\t\t\t\t\t\t\t\t\t\t\t<\/td>\n\t\t\t\t\t\t\t\t\t\t\t\t\t\t\t\t\t\t\t\t\t\t\t<td>\t\t\t\t\t\t\t\t\t\t\t\t\t\t\t\t\t\t\t\t\t\t\t\t\t\t9.00\t\t\t\t\t\t\t\t\t\t\t\t\t\t\t\t<\/td>\n\t\t\t\t\t\t\t\t\t\t\t\t\t\t\t\t\t\t\t\t\t<\/tr>\n\t\t\t\t\t\t\t\t\t\t\t\t\t\t\t\t<tr>\t\t\t\t\t\t\t\t\t\t\t\t\t\t\t<td>\t\t\t\t\t\t\t\t\t\t\t\t\t\t\t\t\t\t\t\t\t\t\t\t\t\t10177\t\t\t\t\t\t\t\t\t\t\t\t\t\t\t\t<\/td>\n\t\t\t\t\t\t\t\t\t\t\t\t\t\t\t\t\t\t\t\t\t\t\t<td>\t\t\t\t\t\t\t\t\t\t\t\t\t\t\t\t\t\t\t\t\t\t\t\t\t\t7\t\t\t\t\t\t\t\t\t\t\t\t\t\t\t\t<\/td>\n\t\t\t\t\t\t\t\t\t\t\t\t\t\t\t\t\t\t\t\t\t\t\t<td>\t\t\t\t\t\t\t\t\t\t\t\t\t\t\t\t\t\t\t\t\t\t\t\t\t\t2.08\t\t\t\t\t\t\t\t\t\t\t\t\t\t\t\t<\/td>\n\t\t\t\t\t\t\t\t\t\t\t\t\t\t\t\t\t\t\t\t\t\t\t<td>\t\t\t\t\t\t\t\t\t\t\t\t\t\t\t\t\t\t\t\t\t\t\t\t\t\t3.20\t\t\t\t\t\t\t\t\t\t\t\t\t\t\t\t<\/td>\n\t\t\t\t\t\t\t\t\t\t\t\t\t\t\t\t\t\t\t\t\t\t\t<td>\t\t\t\t\t\t\t\t\t\t\t\t\t\t\t\t\t\t\t\t\t\t\t\t\t\t1.98\t\t\t\t\t\t\t\t\t\t\t\t\t\t\t\t<\/td>\n\t\t\t\t\t\t\t\t\t\t\t\t\t\t\t\t\t\t\t\t\t\t\t<td>\t\t\t\t\t\t\t\t\t\t\t\t\t\t\t\t\t\t\t\t\t\t\t\t\t\t65x25\t\t\t\t\t\t\t\t\t\t\t\t\t\t\t\t<\/td>\n\t\t\t\t\t\t\t\t\t\t\t\t\t\t\t\t\t\t\t\t\t\t\t<td>\t\t\t\t\t\t\t\t\t\t\t\t\t\t\t\t\t\t\t\t\t\t\t\t\t\t10.00\t\t\t\t\t\t\t\t\t\t\t\t\t\t\t\t<\/td>\n\t\t\t\t\t\t\t\t\t\t\t\t\t\t\t\t\t\t\t\t\t<\/tr>\n\t\t\t\t\t\t\t\t\t\t\t\t\t\t\t\t<tr>\t\t\t\t\t\t\t\t\t\t\t\t\t\t\t<td>\t\t\t\t\t\t\t\t\t\t\t\t\t\t\t\t\t\t\t\t\t\t\t\t\t\t10178\t\t\t\t\t\t\t\t\t\t\t\t\t\t\t\t<\/td>\n\t\t\t\t\t\t\t\t\t\t\t\t\t\t\t\t\t\t\t\t\t\t\t<td>\t\t\t\t\t\t\t\t\t\t\t\t\t\t\t\t\t\t\t\t\t\t\t\t\t\t8\t\t\t\t\t\t\t\t\t\t\t\t\t\t\t\t<\/td>\n\t\t\t\t\t\t\t\t\t\t\t\t\t\t\t\t\t\t\t\t\t\t\t<td>\t\t\t\t\t\t\t\t\t\t\t\t\t\t\t\t\t\t\t\t\t\t\t\t\t\t2.36\t\t\t\t\t\t\t\t\t\t\t\t\t\t\t\t<\/td>\n\t\t\t\t\t\t\t\t\t\t\t\t\t\t\t\t\t\t\t\t\t\t\t<td>\t\t\t\t\t\t\t\t\t\t\t\t\t\t\t\t\t\t\t\t\t\t\t\t\t\t3.76\t\t\t\t\t\t\t\t\t\t\t\t\t\t\t\t<\/td>\n\t\t\t\t\t\t\t\t\t\t\t\t\t\t\t\t\t\t\t\t\t\t\t<td>\t\t\t\t\t\t\t\t\t\t\t\t\t\t\t\t\t\t\t\t\t\t\t\t\t\t2.26\t\t\t\t\t\t\t\t\t\t\t\t\t\t\t\t<\/td>\n\t\t\t\t\t\t\t\t\t\t\t\t\t\t\t\t\t\t\t\t\t\t\t<td>\t\t\t\t\t\t\t\t\t\t\t\t\t\t\t\t\t\t\t\t\t\t\t\t\t\t65x25\t\t\t\t\t\t\t\t\t\t\t\t\t\t\t\t<\/td>\n\t\t\t\t\t\t\t\t\t\t\t\t\t\t\t\t\t\t\t\t\t\t\t<td>\t\t\t\t\t\t\t\t\t\t\t\t\t\t\t\t\t\t\t\t\t\t\t\t\t\t11.00\t\t\t\t\t\t\t\t\t\t\t\t\t\t\t\t<\/td>\n\t\t\t\t\t\t\t\t\t\t\t\t\t\t\t\t\t\t\t\t\t<\/tr>\n\t\t\t\t\t\t\t\t\t\t\t\t\t\t\t\t<tr>\t\t\t\t\t\t\t\t\t\t\t\t\t\t\t<td>\t\t\t\t\t\t\t\t\t\t\t\t\t\t\t\t\t\t\t\t\t\t\t\t\t\t10179\t\t\t\t\t\t\t\t\t\t\t\t\t\t\t\t<\/td>\n\t\t\t\t\t\t\t\t\t\t\t\t\t\t\t\t\t\t\t\t\t\t\t<td>\t\t\t\t\t\t\t\t\t\t\t\t\t\t\t\t\t\t\t\t\t\t\t\t\t\t9\t\t\t\t\t\t\t\t\t\t\t\t\t\t\t\t<\/td>\n\t\t\t\t\t\t\t\t\t\t\t\t\t\t\t\t\t\t\t\t\t\t\t<td>\t\t\t\t\t\t\t\t\t\t\t\t\t\t\t\t\t\t\t\t\t\t\t\t\t\t2.64\t\t\t\t\t\t\t\t\t\t\t\t\t\t\t\t<\/td>\n\t\t\t\t\t\t\t\t\t\t\t\t\t\t\t\t\t\t\t\t\t\t\t<td>\t\t\t\t\t\t\t\t\t\t\t\t\t\t\t\t\t\t\t\t\t\t\t\t\t\t4.32\t\t\t\t\t\t\t\t\t\t\t\t\t\t\t\t<\/td>\n\t\t\t\t\t\t\t\t\t\t\t\t\t\t\t\t\t\t\t\t\t\t\t<td>\t\t\t\t\t\t\t\t\t\t\t\t\t\t\t\t\t\t\t\t\t\t\t\t\t\t2.54\t\t\t\t\t\t\t\t\t\t\t\t\t\t\t\t<\/td>\n\t\t\t\t\t\t\t\t\t\t\t\t\t\t\t\t\t\t\t\t\t\t\t<td>\t\t\t\t\t\t\t\t\t\t\t\t\t\t\t\t\t\t\t\t\t\t\t\t\t\t65x25\t\t\t\t\t\t\t\t\t\t\t\t\t\t\t\t<\/td>\n\t\t\t\t\t\t\t\t\t\t\t\t\t\t\t\t\t\t\t\t\t\t\t<td>\t\t\t\t\t\t\t\t\t\t\t\t\t\t\t\t\t\t\t\t\t\t\t\t\t\t12.00\t\t\t\t\t\t\t\t\t\t\t\t\t\t\t\t<\/td>\n\t\t\t\t\t\t\t\t\t\t\t\t\t\t\t\t\t\t\t\t\t<\/tr>\n\t\t\t\t\t\t\t\t\t\t\t\t\t\t\t\t<tr>\t\t\t\t\t\t\t\t\t\t\t\t\t\t\t<td>\t\t\t\t\t\t\t\t\t\t\t\t\t\t\t\t\t\t\t\t\t\t\t\t\t\t10180\t\t\t\t\t\t\t\t\t\t\t\t\t\t\t\t<\/td>\n\t\t\t\t\t\t\t\t\t\t\t\t\t\t\t\t\t\t\t\t\t\t\t<td>\t\t\t\t\t\t\t\t\t\t\t\t\t\t\t\t\t\t\t\t\t\t\t\t\t\t10\t\t\t\t\t\t\t\t\t\t\t\t\t\t\t\t<\/td>\n\t\t\t\t\t\t\t\t\t\t\t\t\t\t\t\t\t\t\t\t\t\t\t<td>\t\t\t\t\t\t\t\t\t\t\t\t\t\t\t\t\t\t\t\t\t\t\t\t\t\t2.92\t\t\t\t\t\t\t\t\t\t\t\t\t\t\t\t<\/td>\n\t\t\t\t\t\t\t\t\t\t\t\t\t\t\t\t\t\t\t\t\t\t\t<td>\t\t\t\t\t\t\t\t\t\t\t\t\t\t\t\t\t\t\t\t\t\t\t\t\t\t4.88\t\t\t\t\t\t\t\t\t\t\t\t\t\t\t\t<\/td>\n\t\t\t\t\t\t\t\t\t\t\t\t\t\t\t\t\t\t\t\t\t\t\t<td>\t\t\t\t\t\t\t\t\t\t\t\t\t\t\t\t\t\t\t\t\t\t\t\t\t\t2.82\t\t\t\t\t\t\t\t\t\t\t\t\t\t\t\t<\/td>\n\t\t\t\t\t\t\t\t\t\t\t\t\t\t\t\t\t\t\t\t\t\t\t<td>\t\t\t\t\t\t\t\t\t\t\t\t\t\t\t\t\t\t\t\t\t\t\t\t\t\t65x25\t\t\t\t\t\t\t\t\t\t\t\t\t\t\t\t<\/td>\n\t\t\t\t\t\t\t\t\t\t\t\t\t\t\t\t\t\t\t\t\t\t\t<td>\t\t\t\t\t\t\t\t\t\t\t\t\t\t\t\t\t\t\t\t\t\t\t\t\t\t13.00\t\t\t\t\t\t\t\t\t\t\t\t\t\t\t\t<\/td>\n\t\t\t\t\t\t\t\t\t\t\t\t\t\t\t\t\t\t\t\t\t<\/tr>\n\t\t\t\t\t\t\t\t\t\t\t\t\t\t\t\t<tr>\t\t\t\t\t\t\t\t\t\t\t\t\t\t\t<td>\t\t\t\t\t\t\t\t\t\t\t\t\t\t\t\t\t\t\t\t\t\t\t\t\t\t10181\t\t\t\t\t\t\t\t\t\t\t\t\t\t\t\t<\/td>\n\t\t\t\t\t\t\t\t\t\t\t\t\t\t\t\t\t\t\t\t\t\t\t<td>\t\t\t\t\t\t\t\t\t\t\t\t\t\t\t\t\t\t\t\t\t\t\t\t\t\t11\t\t\t\t\t\t\t\t\t\t\t\t\t\t\t\t<\/td>\n\t\t\t\t\t\t\t\t\t\t\t\t\t\t\t\t\t\t\t\t\t\t\t<td>\t\t\t\t\t\t\t\t\t\t\t\t\t\t\t\t\t\t\t\t\t\t\t\t\t\t3.20\t\t\t\t\t\t\t\t\t\t\t\t\t\t\t\t<\/td>\n\t\t\t\t\t\t\t\t\t\t\t\t\t\t\t\t\t\t\t\t\t\t\t<td>\t\t\t\t\t\t\t\t\t\t\t\t\t\t\t\t\t\t\t\t\t\t\t\t\t\t5.45\t\t\t\t\t\t\t\t\t\t\t\t\t\t\t\t<\/td>\n\t\t\t\t\t\t\t\t\t\t\t\t\t\t\t\t\t\t\t\t\t\t\t<td>\t\t\t\t\t\t\t\t\t\t\t\t\t\t\t\t\t\t\t\t\t\t\t\t\t\t3.10\t\t\t\t\t\t\t\t\t\t\t\t\t\t\t\t<\/td>\n\t\t\t\t\t\t\t\t\t\t\t\t\t\t\t\t\t\t\t\t\t\t\t<td>\t\t\t\t\t\t\t\t\t\t\t\t\t\t\t\t\t\t\t\t\t\t\t\t\t\t65x25\t\t\t\t\t\t\t\t\t\t\t\t\t\t\t\t<\/td>\n\t\t\t\t\t\t\t\t\t\t\t\t\t\t\t\t\t\t\t\t\t\t\t<td>\t\t\t\t\t\t\t\t\t\t\t\t\t\t\t\t\t\t\t\t\t\t\t\t\t\t15.00\t\t\t\t\t\t\t\t\t\t\t\t\t\t\t\t<\/td>\n\t\t\t\t\t\t\t\t\t\t\t\t\t\t\t\t\t\t\t\t\t<\/tr>\n\t\t\t\t\t\t\t\t\t\t\t\t\t\t\t\t<tr>\t\t\t\t\t\t\t\t\t\t\t\t\t\t\t<td>\t\t\t\t\t\t\t\t\t\t\t\t\t\t\t\t\t\t\t\t\t\t\t\t\t\t10182\t\t\t\t\t\t\t\t\t\t\t\t\t\t\t\t<\/td>\n\t\t\t\t\t\t\t\t\t\t\t\t\t\t\t\t\t\t\t\t\t\t\t<td>\t\t\t\t\t\t\t\t\t\t\t\t\t\t\t\t\t\t\t\t\t\t\t\t\t\t12\t\t\t\t\t\t\t\t\t\t\t\t\t\t\t\t<\/td>\n\t\t\t\t\t\t\t\t\t\t\t\t\t\t\t\t\t\t\t\t\t\t\t<td>\t\t\t\t\t\t\t\t\t\t\t\t\t\t\t\t\t\t\t\t\t\t\t\t\t\t3.48\t\t\t\t\t\t\t\t\t\t\t\t\t\t\t\t<\/td>\n\t\t\t\t\t\t\t\t\t\t\t\t\t\t\t\t\t\t\t\t\t\t\t<td>\t\t\t\t\t\t\t\t\t\t\t\t\t\t\t\t\t\t\t\t\t\t\t\t\t\t6.05\t\t\t\t\t\t\t\t\t\t\t\t\t\t\t\t<\/td>\n\t\t\t\t\t\t\t\t\t\t\t\t\t\t\t\t\t\t\t\t\t\t\t<td>\t\t\t\t\t\t\t\t\t\t\t\t\t\t\t\t\t\t\t\t\t\t\t\t\t\t3.38\t\t\t\t\t\t\t\t\t\t\t\t\t\t\t\t<\/td>\n\t\t\t\t\t\t\t\t\t\t\t\t\t\t\t\t\t\t\t\t\t\t\t<td>\t\t\t\t\t\t\t\t\t\t\t\t\t\t\t\t\t\t\t\t\t\t\t\t\t\t65x25\t\t\t\t\t\t\t\t\t\t\t\t\t\t\t\t<\/td>\n\t\t\t\t\t\t\t\t\t\t\t\t\t\t\t\t\t\t\t\t\t\t\t<td>\t\t\t\t\t\t\t\t\t\t\t\t\t\t\t\t\t\t\t\t\t\t\t\t\t\t16.00\t\t\t\t\t\t\t\t\t\t\t\t\t\t\t\t<\/td>\n\t\t\t\t\t\t\t\t\t\t\t\t\t\t\t\t\t\t\t\t\t<\/tr>\n\t\t\t\t\t\t\t\t\t\t\t\t\t\t\t\t<tr>\t\t\t\t\t\t\t\t\t\t\t\t\t\t\t<td>\t\t\t\t\t\t\t\t\t\t\t\t\t\t\t\t\t\t\t\t\t\t\t\t\t\t10183\t\t\t\t\t\t\t\t\t\t\t\t\t\t\t\t<\/td>\n\t\t\t\t\t\t\t\t\t\t\t\t\t\t\t\t\t\t\t\t\t\t\t<td>\t\t\t\t\t\t\t\t\t\t\t\t\t\t\t\t\t\t\t\t\t\t\t\t\t\t13\t\t\t\t\t\t\t\t\t\t\t\t\t\t\t\t<\/td>\n\t\t\t\t\t\t\t\t\t\t\t\t\t\t\t\t\t\t\t\t\t\t\t<td>\t\t\t\t\t\t\t\t\t\t\t\t\t\t\t\t\t\t\t\t\t\t\t\t\t\t3.76\t\t\t\t\t\t\t\t\t\t\t\t\t\t\t\t<\/td>\n\t\t\t\t\t\t\t\t\t\t\t\t\t\t\t\t\t\t\t\t\t\t\t<td>\t\t\t\t\t\t\t\t\t\t\t\t\t\t\t\t\t\t\t\t\t\t\t\t\t\t6.30\t\t\t\t\t\t\t\t\t\t\t\t\t\t\t\t<\/td>\n\t\t\t\t\t\t\t\t\t\t\t\t\t\t\t\t\t\t\t\t\t\t\t<td>\t\t\t\t\t\t\t\t\t\t\t\t\t\t\t\t\t\t\t\t\t\t\t\t\t\t3.67\t\t\t\t\t\t\t\t\t\t\t\t\t\t\t\t<\/td>\n\t\t\t\t\t\t\t\t\t\t\t\t\t\t\t\t\t\t\t\t\t\t\t<td>\t\t\t\t\t\t\t\t\t\t\t\t\t\t\t\t\t\t\t\t\t\t\t\t\t\t73x25\t\t\t\t\t\t\t\t\t\t\t\t\t\t\t\t<\/td>\n\t\t\t\t\t\t\t\t\t\t\t\t\t\t\t\t\t\t\t\t\t\t\t<td>\t\t\t\t\t\t\t\t\t\t\t\t\t\t\t\t\t\t\t\t\t\t\t\t\t\t18.00\t\t\t\t\t\t\t\t\t\t\t\t\t\t\t\t<\/td>\n\t\t\t\t\t\t\t\t\t\t\t\t\t\t\t\t\t\t\t\t\t<\/tr>\n\t\t\t\t\t\t\t\t\t\t\t\t\t\t\t\t<tr>\t\t\t\t\t\t\t\t\t\t\t\t\t\t\t<td>\t\t\t\t\t\t\t\t\t\t\t\t\t\t\t\t\t\t\t\t\t\t\t\t\t\t10184\t\t\t\t\t\t\t\t\t\t\t\t\t\t\t\t<\/td>\n\t\t\t\t\t\t\t\t\t\t\t\t\t\t\t\t\t\t\t\t\t\t\t<td>\t\t\t\t\t\t\t\t\t\t\t\t\t\t\t\t\t\t\t\t\t\t\t\t\t\t14\t\t\t\t\t\t\t\t\t\t\t\t\t\t\t\t<\/td>\n\t\t\t\t\t\t\t\t\t\t\t\t\t\t\t\t\t\t\t\t\t\t\t<td>\t\t\t\t\t\t\t\t\t\t\t\t\t\t\t\t\t\t\t\t\t\t\t\t\t\t4.04\t\t\t\t\t\t\t\t\t\t\t\t\t\t\t\t<\/td>\n\t\t\t\t\t\t\t\t\t\t\t\t\t\t\t\t\t\t\t\t\t\t\t<td>\t\t\t\t\t\t\t\t\t\t\t\t\t\t\t\t\t\t\t\t\t\t\t\t\t\t6.85\t\t\t\t\t\t\t\t\t\t\t\t\t\t\t\t<\/td>\n\t\t\t\t\t\t\t\t\t\t\t\t\t\t\t\t\t\t\t\t\t\t\t<td>\t\t\t\t\t\t\t\t\t\t\t\t\t\t\t\t\t\t\t\t\t\t\t\t\t\t3.94\t\t\t\t\t\t\t\t\t\t\t\t\t\t\t\t<\/td>\n\t\t\t\t\t\t\t\t\t\t\t\t\t\t\t\t\t\t\t\t\t\t\t<td>\t\t\t\t\t\t\t\t\t\t\t\t\t\t\t\t\t\t\t\t\t\t\t\t\t\t73x25\t\t\t\t\t\t\t\t\t\t\t\t\t\t\t\t<\/td>\n\t\t\t\t\t\t\t\t\t\t\t\t\t\t\t\t\t\t\t\t\t\t\t<td>\t\t\t\t\t\t\t\t\t\t\t\t\t\t\t\t\t\t\t\t\t\t\t\t\t\t19.00\t\t\t\t\t\t\t\t\t\t\t\t\t\t\t\t<\/td>\n\t\t\t\t\t\t\t\t\t\t\t\t\t\t\t\t\t\t\t\t\t<\/tr>\n\t\t\t\t\t\t\t\t\t\t<\/tbody>\n\t\t\t\t<\/table>\n\t\t\t<\/div>\n\t\t[\/vc_column_text][\/vc_column][\/vc_row]<\/p>\n<\/div>","protected":false},"excerpt":{"rendered":"<p><strong>Two transformable parts ladder: step ladder and support position.<\/strong><\/p>\n<p>\u00a0<\/p>\n<p>Series of transformable ladders, for professional use made of ribbed extruded aluminum using an advanced automatic docking system, that permanently fixes the steps to the profiles. Ladders are upscale, fully equipped, maximum comfort and optimal dimensions. Available in 1, 2 and 3 parts, is used both as supporting wall or step ladder position. The Maxiladder series is certified according to european standard EN 131.<\/p>\n<p>\u00a0<\/p>\n<p><img decoding=\"async\" class=\"selos-produto\" src=\"http:\/\/jormax.com\/wp-content\/uploads\/2019\/10\/certificado-tuv.jpg\" alt=\"NOME DOS SELOS (SUBSTITUIR)\" \/>\u00a0 <img decoding=\"async\" class=\"selos-produto\" src=\"http:\/\/jormax.com\/wp-content\/uploads\/2019\/10\/europa.jpg\" alt=\"NOME DOS SELOS (SUBSTITUIR)\" \/> <img decoding=\"async\" class=\"selos-produto\" src=\"http:\/\/jormax.com\/wp-content\/uploads\/2019\/11\/decree-law-1.png\" alt=\"NOME DOS SELOS (SUBSTITUIR)\" \/> <img decoding=\"async\" class=\"selos-produto\" src=\"http:\/\/jormax.com\/wp-content\/uploads\/2019\/11\/131-1.png\" alt=\"NOME DOS SELOS (SUBSTITUIR)\" \/> <img decoding=\"async\" class=\"selos-produto\" src=\" http:\/\/jormax.com\/wp-content\/uploads\/2019\/11\/5-1.png\" alt=\"NOME DOS SELOS (SUBSTITUIR)\" \/> <img decoding=\"async\" class=\"selos-produto\" src=\" http:\/\/jormax.com\/wp-content\/uploads\/2019\/11\/professional-use-1.png\" alt=\"NOME DOS SELOS (SUBSTITUIR)\" \/> <img decoding=\"async\" class=\"selos-produto\" src=\"http:\/\/jormax.com\/wp-content\/uploads\/2019\/10\/peso-150.jpg\" alt=\"NOME DOS SELOS (SUBSTITUIR)\" \/><\/p>\n<p>\u00a0<\/p>\n","protected":false},"featured_media":7548,"template":"","meta":[],"product_brand":[],"product_cat":[210,266],"product_tag":[],"class_list":{"0":"post-7547","1":"product","2":"type-product","3":"status-publish","4":"has-post-thumbnail","6":"product_cat-ladders","7":"product_cat-escadas-duplas-en","9":"first","10":"instock","11":"shipping-taxable","12":"product-type-simple"},"yoast_head":"<!-- This site is optimized with the Yoast SEO plugin v24.5 - https:\/\/yoast.com\/wordpress\/plugins\/seo\/ -->\n<title>MAXILADDER DUPLA - Jormax - F\u00e1brica de Escadas e Escadotes<\/title>\n<meta name=\"description\" content=\"Series of transformable ladders, for professional use made of ribbed extruded aluminum using an advanced automatic docking system, that permanently fixes the steps to the profiles. Ladders are upscale, fully equipped, maximum comfort and optimal dimensions. Available in 1, 2 and 3 parts, is used both as supporting wall or step ladder position. The Maxiladder series is certified according to european standard EN 131.\" \/>\n<meta name=\"robots\" content=\"index, follow, max-snippet:-1, max-image-preview:large, max-video-preview:-1\" \/>\n<link rel=\"canonical\" href=\"https:\/\/jormax.com\/en\/produto\/maxiladder-dupla\/\" \/>\n<meta property=\"og:locale\" content=\"en_US\" \/>\n<meta property=\"og:type\" content=\"article\" \/>\n<meta property=\"og:title\" content=\"MAXILADDER DUPLA - Jormax - F\u00e1brica de Escadas e Escadotes\" \/>\n<meta property=\"og:description\" content=\"Series of transformable ladders, for professional use made of ribbed extruded aluminum using an advanced automatic docking system, that permanently fixes the steps to the profiles. Ladders are upscale, fully equipped, maximum comfort and optimal dimensions. Available in 1, 2 and 3 parts, is used both as supporting wall or step ladder position. The Maxiladder series is certified according to european standard EN 131.\" \/>\n<meta property=\"og:url\" content=\"https:\/\/jormax.com\/en\/produto\/maxiladder-dupla\/\" \/>\n<meta property=\"og:site_name\" content=\"Jormax - F\u00e1brica de Escadas e Escadotes\" \/>\n<meta property=\"article:publisher\" content=\"https:\/\/www.facebook.com\/jormaxportugal\/\" \/>\n<meta property=\"article:modified_time\" content=\"2024-07-16T10:40:27+00:00\" \/>\n<meta property=\"og:image\" content=\"https:\/\/jormax.com\/wp-content\/uploads\/2019\/10\/escada-maxiladder-dupla-jormax.jpg\" \/>\n\t<meta property=\"og:image:width\" content=\"900\" \/>\n\t<meta property=\"og:image:height\" content=\"900\" \/>\n\t<meta property=\"og:image:type\" content=\"image\/jpeg\" \/>\n<meta name=\"twitter:card\" content=\"summary_large_image\" \/>\n<script type=\"application\/ld+json\" class=\"yoast-schema-graph\">{\"@context\":\"https:\/\/schema.org\",\"@graph\":[{\"@type\":\"WebPage\",\"@id\":\"https:\/\/jormax.com\/en\/produto\/maxiladder-dupla\/\",\"url\":\"https:\/\/jormax.com\/en\/produto\/maxiladder-dupla\/\",\"name\":\"MAXILADDER DUPLA - Jormax - F\u00e1brica de Escadas e Escadotes\",\"isPartOf\":{\"@id\":\"https:\/\/jormax.com\/en\/#website\"},\"primaryImageOfPage\":{\"@id\":\"https:\/\/jormax.com\/en\/produto\/maxiladder-dupla\/#primaryimage\"},\"image\":{\"@id\":\"https:\/\/jormax.com\/en\/produto\/maxiladder-dupla\/#primaryimage\"},\"thumbnailUrl\":\"https:\/\/jormax.com\/wp-content\/uploads\/2019\/10\/escada-maxiladder-dupla-jormax.jpg\",\"datePublished\":\"2019-10-08T10:26:04+00:00\",\"dateModified\":\"2024-07-16T10:40:27+00:00\",\"description\":\"Series of transformable ladders, for professional use made of ribbed extruded aluminum using an advanced automatic docking system, that permanently fixes the steps to the profiles. Ladders are upscale, fully equipped, maximum comfort and optimal dimensions. Available in 1, 2 and 3 parts, is used both as supporting wall or step ladder position. The Maxiladder series is certified according to european standard EN 131.\",\"breadcrumb\":{\"@id\":\"https:\/\/jormax.com\/en\/produto\/maxiladder-dupla\/#breadcrumb\"},\"inLanguage\":\"en-US\",\"potentialAction\":[{\"@type\":\"ReadAction\",\"target\":[\"https:\/\/jormax.com\/en\/produto\/maxiladder-dupla\/\"]}]},{\"@type\":\"ImageObject\",\"inLanguage\":\"en-US\",\"@id\":\"https:\/\/jormax.com\/en\/produto\/maxiladder-dupla\/#primaryimage\",\"url\":\"https:\/\/jormax.com\/wp-content\/uploads\/2019\/10\/escada-maxiladder-dupla-jormax.jpg\",\"contentUrl\":\"https:\/\/jormax.com\/wp-content\/uploads\/2019\/10\/escada-maxiladder-dupla-jormax.jpg\",\"width\":900,\"height\":900},{\"@type\":\"BreadcrumbList\",\"@id\":\"https:\/\/jormax.com\/en\/produto\/maxiladder-dupla\/#breadcrumb\",\"itemListElement\":[{\"@type\":\"ListItem\",\"position\":1,\"name\":\"In\u00edcio\",\"item\":\"https:\/\/jormax.com\/en\/\"},{\"@type\":\"ListItem\",\"position\":2,\"name\":\"Products\",\"item\":\"https:\/\/jormax.com\/en\/products\/\"},{\"@type\":\"ListItem\",\"position\":3,\"name\":\"MAXILADDER DUPLA\"}]},{\"@type\":\"WebSite\",\"@id\":\"https:\/\/jormax.com\/en\/#website\",\"url\":\"https:\/\/jormax.com\/en\/\",\"name\":\"Jormax - F\u00e1brica de Escadas e Escadotes\",\"description\":\"Fabricante de escadas, escadotes, andaimes, plataformas e solu\u00e7\u00f5es \u00e0 medida em alum\u00ednio e fibra de vidro certificados. F\u00e1brica com sede em Portugal.\",\"publisher\":{\"@id\":\"https:\/\/jormax.com\/en\/#organization\"},\"potentialAction\":[{\"@type\":\"SearchAction\",\"target\":{\"@type\":\"EntryPoint\",\"urlTemplate\":\"https:\/\/jormax.com\/en\/?s={search_term_string}\"},\"query-input\":{\"@type\":\"PropertyValueSpecification\",\"valueRequired\":true,\"valueName\":\"search_term_string\"}}],\"inLanguage\":\"en-US\"},{\"@type\":\"Organization\",\"@id\":\"https:\/\/jormax.com\/en\/#organization\",\"name\":\"Jormax - Factory of Ladders, Step Ladders and Scaffolding\",\"url\":\"https:\/\/jormax.com\/en\/\",\"logo\":{\"@type\":\"ImageObject\",\"inLanguage\":\"en-US\",\"@id\":\"https:\/\/jormax.com\/en\/#\/schema\/logo\/image\/\",\"url\":\"http:\/\/jormax.com\/wp-content\/uploads\/2019\/12\/logotipo-jormax-cor-stickymenu.png\",\"contentUrl\":\"http:\/\/jormax.com\/wp-content\/uploads\/2019\/12\/logotipo-jormax-cor-stickymenu.png\",\"width\":235,\"height\":59,\"caption\":\"Jormax - Factory of Ladders, Step Ladders and Scaffolding\"},\"image\":{\"@id\":\"https:\/\/jormax.com\/en\/#\/schema\/logo\/image\/\"},\"sameAs\":[\"https:\/\/www.facebook.com\/jormaxportugal\/\"]}]}<\/script>\n<!-- \/ Yoast SEO plugin. -->","yoast_head_json":{"title":"MAXILADDER DUPLA - Jormax - F\u00e1brica de Escadas e Escadotes","description":"Series of transformable ladders, for professional use made of ribbed extruded aluminum using an advanced automatic docking system, that permanently fixes the steps to the profiles. Ladders are upscale, fully equipped, maximum comfort and optimal dimensions. Available in 1, 2 and 3 parts, is used both as supporting wall or step ladder position. The Maxiladder series is certified according to european standard EN 131.","robots":{"index":"index","follow":"follow","max-snippet":"max-snippet:-1","max-image-preview":"max-image-preview:large","max-video-preview":"max-video-preview:-1"},"canonical":"https:\/\/jormax.com\/en\/produto\/maxiladder-dupla\/","og_locale":"en_US","og_type":"article","og_title":"MAXILADDER DUPLA - Jormax - F\u00e1brica de Escadas e Escadotes","og_description":"Series of transformable ladders, for professional use made of ribbed extruded aluminum using an advanced automatic docking system, that permanently fixes the steps to the profiles. Ladders are upscale, fully equipped, maximum comfort and optimal dimensions. Available in 1, 2 and 3 parts, is used both as supporting wall or step ladder position. The Maxiladder series is certified according to european standard EN 131.","og_url":"https:\/\/jormax.com\/en\/produto\/maxiladder-dupla\/","og_site_name":"Jormax - F\u00e1brica de Escadas e Escadotes","article_publisher":"https:\/\/www.facebook.com\/jormaxportugal\/","article_modified_time":"2024-07-16T10:40:27+00:00","og_image":[{"width":900,"height":900,"url":"https:\/\/jormax.com\/wp-content\/uploads\/2019\/10\/escada-maxiladder-dupla-jormax.jpg","type":"image\/jpeg"}],"twitter_card":"summary_large_image","schema":{"@context":"https:\/\/schema.org","@graph":[{"@type":"WebPage","@id":"https:\/\/jormax.com\/en\/produto\/maxiladder-dupla\/","url":"https:\/\/jormax.com\/en\/produto\/maxiladder-dupla\/","name":"MAXILADDER DUPLA - Jormax - F\u00e1brica de Escadas e Escadotes","isPartOf":{"@id":"https:\/\/jormax.com\/en\/#website"},"primaryImageOfPage":{"@id":"https:\/\/jormax.com\/en\/produto\/maxiladder-dupla\/#primaryimage"},"image":{"@id":"https:\/\/jormax.com\/en\/produto\/maxiladder-dupla\/#primaryimage"},"thumbnailUrl":"https:\/\/jormax.com\/wp-content\/uploads\/2019\/10\/escada-maxiladder-dupla-jormax.jpg","datePublished":"2019-10-08T10:26:04+00:00","dateModified":"2024-07-16T10:40:27+00:00","description":"Series of transformable ladders, for professional use made of ribbed extruded aluminum using an advanced automatic docking system, that permanently fixes the steps to the profiles. Ladders are upscale, fully equipped, maximum comfort and optimal dimensions. Available in 1, 2 and 3 parts, is used both as supporting wall or step ladder position. The Maxiladder series is certified according to european standard EN 131.","breadcrumb":{"@id":"https:\/\/jormax.com\/en\/produto\/maxiladder-dupla\/#breadcrumb"},"inLanguage":"en-US","potentialAction":[{"@type":"ReadAction","target":["https:\/\/jormax.com\/en\/produto\/maxiladder-dupla\/"]}]},{"@type":"ImageObject","inLanguage":"en-US","@id":"https:\/\/jormax.com\/en\/produto\/maxiladder-dupla\/#primaryimage","url":"https:\/\/jormax.com\/wp-content\/uploads\/2019\/10\/escada-maxiladder-dupla-jormax.jpg","contentUrl":"https:\/\/jormax.com\/wp-content\/uploads\/2019\/10\/escada-maxiladder-dupla-jormax.jpg","width":900,"height":900},{"@type":"BreadcrumbList","@id":"https:\/\/jormax.com\/en\/produto\/maxiladder-dupla\/#breadcrumb","itemListElement":[{"@type":"ListItem","position":1,"name":"In\u00edcio","item":"https:\/\/jormax.com\/en\/"},{"@type":"ListItem","position":2,"name":"Products","item":"https:\/\/jormax.com\/en\/products\/"},{"@type":"ListItem","position":3,"name":"MAXILADDER DUPLA"}]},{"@type":"WebSite","@id":"https:\/\/jormax.com\/en\/#website","url":"https:\/\/jormax.com\/en\/","name":"Jormax - F\u00e1brica de Escadas e Escadotes","description":"Fabricante de escadas, escadotes, andaimes, plataformas e solu\u00e7\u00f5es \u00e0 medida em alum\u00ednio e fibra de vidro certificados. F\u00e1brica com sede em Portugal.","publisher":{"@id":"https:\/\/jormax.com\/en\/#organization"},"potentialAction":[{"@type":"SearchAction","target":{"@type":"EntryPoint","urlTemplate":"https:\/\/jormax.com\/en\/?s={search_term_string}"},"query-input":{"@type":"PropertyValueSpecification","valueRequired":true,"valueName":"search_term_string"}}],"inLanguage":"en-US"},{"@type":"Organization","@id":"https:\/\/jormax.com\/en\/#organization","name":"Jormax - Factory of Ladders, Step Ladders and Scaffolding","url":"https:\/\/jormax.com\/en\/","logo":{"@type":"ImageObject","inLanguage":"en-US","@id":"https:\/\/jormax.com\/en\/#\/schema\/logo\/image\/","url":"http:\/\/jormax.com\/wp-content\/uploads\/2019\/12\/logotipo-jormax-cor-stickymenu.png","contentUrl":"http:\/\/jormax.com\/wp-content\/uploads\/2019\/12\/logotipo-jormax-cor-stickymenu.png","width":235,"height":59,"caption":"Jormax - Factory of Ladders, Step Ladders and Scaffolding"},"image":{"@id":"https:\/\/jormax.com\/en\/#\/schema\/logo\/image\/"},"sameAs":["https:\/\/www.facebook.com\/jormaxportugal\/"]}]}},"_links":{"self":[{"href":"https:\/\/jormax.com\/en\/wp-json\/wp\/v2\/product\/7547","targetHints":{"allow":["GET"]}}],"collection":[{"href":"https:\/\/jormax.com\/en\/wp-json\/wp\/v2\/product"}],"about":[{"href":"https:\/\/jormax.com\/en\/wp-json\/wp\/v2\/types\/product"}],"wp:featuredmedia":[{"embeddable":true,"href":"https:\/\/jormax.com\/en\/wp-json\/wp\/v2\/media\/7548"}],"wp:attachment":[{"href":"https:\/\/jormax.com\/en\/wp-json\/wp\/v2\/media?parent=7547"}],"wp:term":[{"taxonomy":"product_brand","embeddable":true,"href":"https:\/\/jormax.com\/en\/wp-json\/wp\/v2\/product_brand?post=7547"},{"taxonomy":"product_cat","embeddable":true,"href":"https:\/\/jormax.com\/en\/wp-json\/wp\/v2\/product_cat?post=7547"},{"taxonomy":"product_tag","embeddable":true,"href":"https:\/\/jormax.com\/en\/wp-json\/wp\/v2\/product_tag?post=7547"}],"curies":[{"name":"wp","href":"https:\/\/api.w.org\/{rel}","templated":true}]}}