{"id":5888,"date":"2019-10-24T15:34:17","date_gmt":"2019-11-14T14:23:01","guid":{"rendered":"https:\/\/www.jormax.com\/?post_type=product&#038;p=5888"},"modified":"2024-07-19T11:14:55","modified_gmt":"2024-07-19T10:14:55","slug":"guardas-modulares","status":"publish","type":"product","link":"https:\/\/jormax.com\/en\/produto\/guardas-modulares\/","title":{"rendered":"GUARDAS MODULARES"},"content":{"rendered":"","protected":false},"excerpt":{"rendered":"<p><strong>Designed and produced only for protection and safety of people at work.<\/strong><\/p>\n<p>\u00a0<\/p>\n<p>Modular guards, tailored made, designed for roofs and machinery to protect the edges. They are extremely lightweight and affordable and are used to form necessary protection perimeters. Easy to assemble, aesthetically pleasing, with sturdy and rigid construction. Guardas Modulares class A (for roofs with pendent to 10\u00b0 or 18\u00b0). With a quick assembly can obtain a comfortable and lightweight rust-proof guard. The roof attachment is made by the user. Each module is equipped with joints to create a continuity throughout the roof. The guard can also be fitted with curves. Guard systems are resistant to static charges.<\/p>\n<p>\u00a0<\/p>\n<p><img decoding=\"async\" class=\"selos-produto\" src=\"http:\/\/jormax.com\/wp-content\/uploads\/2019\/10\/europa.jpg\" alt=\"NOME DOS SELOS (SUBSTITUIR)\" \/> <img decoding=\"async\" class=\"selos-produto\" src=\"http:\/\/jormax.com\/wp-content\/uploads\/2019\/11\/decree-law-1.png\" alt=\"NOME DOS SELOS (SUBSTITUIR)\" \/> <img decoding=\"async\" class=\"selos-produto\" src=\"http:\/\/jormax.com\/wp-content\/uploads\/2019\/11\/13374-1.png\" alt=\"NOME DOS SELOS (SUBSTITUIR)\" \/> <img decoding=\"async\" class=\"selos-produto\" src=\"http:\/\/jormax.com\/wp-content\/uploads\/2019\/11\/14122-3-1.png\" alt=\"NOME DOS SELOS (SUBSTITUIR)\" \/> <img decoding=\"async\" class=\"selos-produto\" src=\"http:\/\/jormax.com\/wp-content\/uploads\/2019\/11\/10-1.png\" alt=\"NOME DOS SELOS (SUBSTITUIR)\" \/> <img decoding=\"async\" class=\"selos-produto\" src=\"http:\/\/jormax.com\/wp-content\/uploads\/2019\/11\/professional-use-1.png\" alt=\"NOME DOS SELOS (SUBSTITUIR)\" \/> <img decoding=\"async\" class=\"selos-produto\" src=\"http:\/\/jormax.com\/wp-content\/uploads\/2019\/10\/peso-150.jpg\" alt=\"NOME DOS SELOS (SUBSTITUIR)\" \/><\/p>\n","protected":false},"featured_media":20217,"template":"","meta":[],"product_brand":[],"product_cat":[244],"product_tag":[],"class_list":{"0":"post-5888","1":"product","2":"type-product","3":"status-publish","4":"has-post-thumbnail","6":"product_cat-guards","8":"first","9":"instock","10":"shipping-taxable","11":"product-type-simple"},"yoast_head":"<!-- This site is optimized with the Yoast SEO plugin v24.5 - https:\/\/yoast.com\/wordpress\/plugins\/seo\/ -->\n<title>GUARDAS MODULARES - Jormax - F\u00e1brica de Escadas e Escadotes<\/title>\n<meta name=\"description\" content=\"Modular guards, tailored made, designed for roofs and machinery to protect the edges. They are extremely lightweight and affordable and are used to form necessary protection perimeters. Easy to assemble, aesthetically pleasing, with sturdy and rigid construction. Guardas Modulares class A (for roofs with pendent to 10\u00b0 or 18\u00b0). With a quick assembly can obtain a comfortable and lightweight rust-proof guard. The roof attachment is made by the user. Each module is equipped with joints to create a continuity throughout the roof. The guard can also be fitted with curves. Guard systems are resistant to static charges.\" \/>\n<meta name=\"robots\" content=\"index, follow, max-snippet:-1, max-image-preview:large, max-video-preview:-1\" \/>\n<link rel=\"canonical\" href=\"https:\/\/jormax.com\/en\/produto\/guardas-modulares\/\" \/>\n<meta property=\"og:locale\" content=\"en_US\" \/>\n<meta property=\"og:type\" content=\"article\" \/>\n<meta property=\"og:title\" content=\"GUARDAS MODULARES - Jormax - F\u00e1brica de Escadas e Escadotes\" \/>\n<meta property=\"og:description\" content=\"Modular guards, tailored made, designed for roofs and machinery to protect the edges. They are extremely lightweight and affordable and are used to form necessary protection perimeters. Easy to assemble, aesthetically pleasing, with sturdy and rigid construction. Guardas Modulares class A (for roofs with pendent to 10\u00b0 or 18\u00b0). With a quick assembly can obtain a comfortable and lightweight rust-proof guard. The roof attachment is made by the user. Each module is equipped with joints to create a continuity throughout the roof. The guard can also be fitted with curves. Guard systems are resistant to static charges.\" \/>\n<meta property=\"og:url\" content=\"https:\/\/jormax.com\/en\/produto\/guardas-modulares\/\" \/>\n<meta property=\"og:site_name\" content=\"Jormax - F\u00e1brica de Escadas e Escadotes\" \/>\n<meta property=\"article:publisher\" content=\"https:\/\/www.facebook.com\/jormaxportugal\/\" \/>\n<meta property=\"article:modified_time\" content=\"2024-07-19T10:14:55+00:00\" \/>\n<meta property=\"og:image\" content=\"https:\/\/jormax.com\/wp-content\/uploads\/fixa\u00e7ao-ao-solo-permanente.png\" \/>\n\t<meta property=\"og:image:width\" content=\"900\" \/>\n\t<meta property=\"og:image:height\" content=\"900\" \/>\n\t<meta property=\"og:image:type\" content=\"image\/png\" \/>\n<meta name=\"twitter:card\" content=\"summary_large_image\" \/>\n<script type=\"application\/ld+json\" class=\"yoast-schema-graph\">{\"@context\":\"https:\/\/schema.org\",\"@graph\":[{\"@type\":\"WebPage\",\"@id\":\"https:\/\/jormax.com\/en\/produto\/guardas-modulares\/\",\"url\":\"https:\/\/jormax.com\/en\/produto\/guardas-modulares\/\",\"name\":\"GUARDAS MODULARES - Jormax - F\u00e1brica de Escadas e Escadotes\",\"isPartOf\":{\"@id\":\"https:\/\/jormax.com\/en\/#website\"},\"primaryImageOfPage\":{\"@id\":\"https:\/\/jormax.com\/en\/produto\/guardas-modulares\/#primaryimage\"},\"image\":{\"@id\":\"https:\/\/jormax.com\/en\/produto\/guardas-modulares\/#primaryimage\"},\"thumbnailUrl\":\"https:\/\/jormax.com\/wp-content\/uploads\/fixa\u00e7ao-ao-solo-permanente.png\",\"datePublished\":\"2019-11-14T14:23:01+00:00\",\"dateModified\":\"2024-07-19T10:14:55+00:00\",\"description\":\"Modular guards, tailored made, designed for roofs and machinery to protect the edges. They are extremely lightweight and affordable and are used to form necessary protection perimeters. Easy to assemble, aesthetically pleasing, with sturdy and rigid construction. Guardas Modulares class A (for roofs with pendent to 10\u00b0 or 18\u00b0). With a quick assembly can obtain a comfortable and lightweight rust-proof guard. The roof attachment is made by the user. Each module is equipped with joints to create a continuity throughout the roof. The guard can also be fitted with curves. Guard systems are resistant to static charges.\",\"breadcrumb\":{\"@id\":\"https:\/\/jormax.com\/en\/produto\/guardas-modulares\/#breadcrumb\"},\"inLanguage\":\"en-US\",\"potentialAction\":[{\"@type\":\"ReadAction\",\"target\":[\"https:\/\/jormax.com\/en\/produto\/guardas-modulares\/\"]}]},{\"@type\":\"ImageObject\",\"inLanguage\":\"en-US\",\"@id\":\"https:\/\/jormax.com\/en\/produto\/guardas-modulares\/#primaryimage\",\"url\":\"https:\/\/jormax.com\/wp-content\/uploads\/fixa\u00e7ao-ao-solo-permanente.png\",\"contentUrl\":\"https:\/\/jormax.com\/wp-content\/uploads\/fixa\u00e7ao-ao-solo-permanente.png\",\"width\":900,\"height\":900},{\"@type\":\"BreadcrumbList\",\"@id\":\"https:\/\/jormax.com\/en\/produto\/guardas-modulares\/#breadcrumb\",\"itemListElement\":[{\"@type\":\"ListItem\",\"position\":1,\"name\":\"In\u00edcio\",\"item\":\"https:\/\/jormax.com\/en\/\"},{\"@type\":\"ListItem\",\"position\":2,\"name\":\"Produtos\",\"item\":\"https:\/\/jormax.com\/produtos\/\"},{\"@type\":\"ListItem\",\"position\":3,\"name\":\"GUARDAS MODULARES\"}]},{\"@type\":\"WebSite\",\"@id\":\"https:\/\/jormax.com\/en\/#website\",\"url\":\"https:\/\/jormax.com\/en\/\",\"name\":\"Jormax - F\u00e1brica de Escadas e Escadotes\",\"description\":\"Fabricante de escadas, escadotes, andaimes, plataformas e solu\u00e7\u00f5es \u00e0 medida em alum\u00ednio e fibra de vidro certificados. F\u00e1brica com sede em Portugal.\",\"publisher\":{\"@id\":\"https:\/\/jormax.com\/en\/#organization\"},\"potentialAction\":[{\"@type\":\"SearchAction\",\"target\":{\"@type\":\"EntryPoint\",\"urlTemplate\":\"https:\/\/jormax.com\/en\/?s={search_term_string}\"},\"query-input\":{\"@type\":\"PropertyValueSpecification\",\"valueRequired\":true,\"valueName\":\"search_term_string\"}}],\"inLanguage\":\"en-US\"},{\"@type\":\"Organization\",\"@id\":\"https:\/\/jormax.com\/en\/#organization\",\"name\":\"Jormax - Factory of Ladders, Step Ladders and Scaffolding\",\"url\":\"https:\/\/jormax.com\/en\/\",\"logo\":{\"@type\":\"ImageObject\",\"inLanguage\":\"en-US\",\"@id\":\"https:\/\/jormax.com\/en\/#\/schema\/logo\/image\/\",\"url\":\"http:\/\/jormax.com\/wp-content\/uploads\/2019\/12\/logotipo-jormax-cor-stickymenu.png\",\"contentUrl\":\"http:\/\/jormax.com\/wp-content\/uploads\/2019\/12\/logotipo-jormax-cor-stickymenu.png\",\"width\":235,\"height\":59,\"caption\":\"Jormax - Factory of Ladders, Step Ladders and Scaffolding\"},\"image\":{\"@id\":\"https:\/\/jormax.com\/en\/#\/schema\/logo\/image\/\"},\"sameAs\":[\"https:\/\/www.facebook.com\/jormaxportugal\/\"]}]}<\/script>\n<!-- \/ Yoast SEO plugin. -->","yoast_head_json":{"title":"GUARDAS MODULARES - Jormax - F\u00e1brica de Escadas e Escadotes","description":"Modular guards, tailored made, designed for roofs and machinery to protect the edges. They are extremely lightweight and affordable and are used to form necessary protection perimeters. Easy to assemble, aesthetically pleasing, with sturdy and rigid construction. Guardas Modulares class A (for roofs with pendent to 10\u00b0 or 18\u00b0). With a quick assembly can obtain a comfortable and lightweight rust-proof guard. The roof attachment is made by the user. Each module is equipped with joints to create a continuity throughout the roof. The guard can also be fitted with curves. Guard systems are resistant to static charges.","robots":{"index":"index","follow":"follow","max-snippet":"max-snippet:-1","max-image-preview":"max-image-preview:large","max-video-preview":"max-video-preview:-1"},"canonical":"https:\/\/jormax.com\/en\/produto\/guardas-modulares\/","og_locale":"en_US","og_type":"article","og_title":"GUARDAS MODULARES - Jormax - F\u00e1brica de Escadas e Escadotes","og_description":"Modular guards, tailored made, designed for roofs and machinery to protect the edges. They are extremely lightweight and affordable and are used to form necessary protection perimeters. Easy to assemble, aesthetically pleasing, with sturdy and rigid construction. Guardas Modulares class A (for roofs with pendent to 10\u00b0 or 18\u00b0). With a quick assembly can obtain a comfortable and lightweight rust-proof guard. The roof attachment is made by the user. Each module is equipped with joints to create a continuity throughout the roof. The guard can also be fitted with curves. Guard systems are resistant to static charges.","og_url":"https:\/\/jormax.com\/en\/produto\/guardas-modulares\/","og_site_name":"Jormax - F\u00e1brica de Escadas e Escadotes","article_publisher":"https:\/\/www.facebook.com\/jormaxportugal\/","article_modified_time":"2024-07-19T10:14:55+00:00","og_image":[{"width":900,"height":900,"url":"https:\/\/jormax.com\/wp-content\/uploads\/fixa\u00e7ao-ao-solo-permanente.png","type":"image\/png"}],"twitter_card":"summary_large_image","schema":{"@context":"https:\/\/schema.org","@graph":[{"@type":"WebPage","@id":"https:\/\/jormax.com\/en\/produto\/guardas-modulares\/","url":"https:\/\/jormax.com\/en\/produto\/guardas-modulares\/","name":"GUARDAS MODULARES - Jormax - F\u00e1brica de Escadas e Escadotes","isPartOf":{"@id":"https:\/\/jormax.com\/en\/#website"},"primaryImageOfPage":{"@id":"https:\/\/jormax.com\/en\/produto\/guardas-modulares\/#primaryimage"},"image":{"@id":"https:\/\/jormax.com\/en\/produto\/guardas-modulares\/#primaryimage"},"thumbnailUrl":"https:\/\/jormax.com\/wp-content\/uploads\/fixa\u00e7ao-ao-solo-permanente.png","datePublished":"2019-11-14T14:23:01+00:00","dateModified":"2024-07-19T10:14:55+00:00","description":"Modular guards, tailored made, designed for roofs and machinery to protect the edges. They are extremely lightweight and affordable and are used to form necessary protection perimeters. Easy to assemble, aesthetically pleasing, with sturdy and rigid construction. Guardas Modulares class A (for roofs with pendent to 10\u00b0 or 18\u00b0). With a quick assembly can obtain a comfortable and lightweight rust-proof guard. The roof attachment is made by the user. Each module is equipped with joints to create a continuity throughout the roof. The guard can also be fitted with curves. Guard systems are resistant to static charges.","breadcrumb":{"@id":"https:\/\/jormax.com\/en\/produto\/guardas-modulares\/#breadcrumb"},"inLanguage":"en-US","potentialAction":[{"@type":"ReadAction","target":["https:\/\/jormax.com\/en\/produto\/guardas-modulares\/"]}]},{"@type":"ImageObject","inLanguage":"en-US","@id":"https:\/\/jormax.com\/en\/produto\/guardas-modulares\/#primaryimage","url":"https:\/\/jormax.com\/wp-content\/uploads\/fixa\u00e7ao-ao-solo-permanente.png","contentUrl":"https:\/\/jormax.com\/wp-content\/uploads\/fixa\u00e7ao-ao-solo-permanente.png","width":900,"height":900},{"@type":"BreadcrumbList","@id":"https:\/\/jormax.com\/en\/produto\/guardas-modulares\/#breadcrumb","itemListElement":[{"@type":"ListItem","position":1,"name":"In\u00edcio","item":"https:\/\/jormax.com\/en\/"},{"@type":"ListItem","position":2,"name":"Produtos","item":"https:\/\/jormax.com\/produtos\/"},{"@type":"ListItem","position":3,"name":"GUARDAS MODULARES"}]},{"@type":"WebSite","@id":"https:\/\/jormax.com\/en\/#website","url":"https:\/\/jormax.com\/en\/","name":"Jormax - F\u00e1brica de Escadas e Escadotes","description":"Fabricante de escadas, escadotes, andaimes, plataformas e solu\u00e7\u00f5es \u00e0 medida em alum\u00ednio e fibra de vidro certificados. F\u00e1brica com sede em Portugal.","publisher":{"@id":"https:\/\/jormax.com\/en\/#organization"},"potentialAction":[{"@type":"SearchAction","target":{"@type":"EntryPoint","urlTemplate":"https:\/\/jormax.com\/en\/?s={search_term_string}"},"query-input":{"@type":"PropertyValueSpecification","valueRequired":true,"valueName":"search_term_string"}}],"inLanguage":"en-US"},{"@type":"Organization","@id":"https:\/\/jormax.com\/en\/#organization","name":"Jormax - Factory of Ladders, Step Ladders and Scaffolding","url":"https:\/\/jormax.com\/en\/","logo":{"@type":"ImageObject","inLanguage":"en-US","@id":"https:\/\/jormax.com\/en\/#\/schema\/logo\/image\/","url":"http:\/\/jormax.com\/wp-content\/uploads\/2019\/12\/logotipo-jormax-cor-stickymenu.png","contentUrl":"http:\/\/jormax.com\/wp-content\/uploads\/2019\/12\/logotipo-jormax-cor-stickymenu.png","width":235,"height":59,"caption":"Jormax - Factory of Ladders, Step Ladders and Scaffolding"},"image":{"@id":"https:\/\/jormax.com\/en\/#\/schema\/logo\/image\/"},"sameAs":["https:\/\/www.facebook.com\/jormaxportugal\/"]}]}},"_links":{"self":[{"href":"https:\/\/jormax.com\/en\/wp-json\/wp\/v2\/product\/5888","targetHints":{"allow":["GET"]}}],"collection":[{"href":"https:\/\/jormax.com\/en\/wp-json\/wp\/v2\/product"}],"about":[{"href":"https:\/\/jormax.com\/en\/wp-json\/wp\/v2\/types\/product"}],"wp:featuredmedia":[{"embeddable":true,"href":"https:\/\/jormax.com\/en\/wp-json\/wp\/v2\/media\/20217"}],"wp:attachment":[{"href":"https:\/\/jormax.com\/en\/wp-json\/wp\/v2\/media?parent=5888"}],"wp:term":[{"taxonomy":"product_brand","embeddable":true,"href":"https:\/\/jormax.com\/en\/wp-json\/wp\/v2\/product_brand?post=5888"},{"taxonomy":"product_cat","embeddable":true,"href":"https:\/\/jormax.com\/en\/wp-json\/wp\/v2\/product_cat?post=5888"},{"taxonomy":"product_tag","embeddable":true,"href":"https:\/\/jormax.com\/en\/wp-json\/wp\/v2\/product_tag?post=5888"}],"curies":[{"name":"wp","href":"https:\/\/api.w.org\/{rel}","templated":true}]}}