{"id":21947,"date":"2024-10-28T08:58:35","date_gmt":"2024-10-28T08:58:35","guid":{"rendered":"https:\/\/jormax.com\/produto\/fixacao-ao-solo-rebativel\/"},"modified":"2024-10-28T08:58:35","modified_gmt":"2024-10-28T08:58:35","slug":"fixacao-ao-solo-rebativel","status":"publish","type":"product","link":"https:\/\/jormax.com\/en\/produto\/fixacao-ao-solo-rebativel\/","title":{"rendered":"FIXA\u00c7\u00c3O AO SOLO REBAT\u00cdVEL"},"content":{"rendered":"","protected":false},"excerpt":{"rendered":"<p><strong>Fixa\u00e7\u00e3o ao solo rebat\u00edvel.<\/strong><\/p>\n<p>Com uma montagem r\u00e1pida e fixa\u00e7\u00e3o ao telhado feita pelo usu\u00e1rio, pode se obter uma confort\u00e1vel e leve guarda \u00e0 prova de ferrugem, f\u00e1cil de montar, esteticamente agrad\u00e1vel e com constru\u00e7\u00e3o resistente e r\u00edgida. S\u00e3o extremamente leves e acess\u00edveis, utilizadas para formar per\u00edmetros de prote\u00e7\u00e3o necess\u00e1ria, onde cada m\u00f3dulo \u00e9 equipado com juntas para criar uma continuidade ao longo de todo o telhado. Feitas sob medida, as Guardas Modulares classe A (para telhados com pendentes at\u00e9 10\u00b0 ou 18\u00b0) s\u00e3o projetadas tanto para telhados, como para m\u00e1quinas de prote\u00e7\u00e3o das bordas.<\/p>\n<p><strong>\u00c9 poss\u00edvel ser afixada com ou sem rodap\u00e9. <\/strong><\/p>\n<p><img loading=\"lazy\" decoding=\"async\" class=\"alignnone size-full wp-image-19903\" src=\"http:\/\/jormax.com\/wp-content\/uploads\/Artboard-1-32.png\" alt=\"\" width=\"6363\" height=\"592\" srcset=\"https:\/\/jormax.com\/wp-content\/uploads\/Artboard-1-32.png 6363w, https:\/\/jormax.com\/wp-content\/uploads\/Artboard-1-32-300x28.png 300w, https:\/\/jormax.com\/wp-content\/uploads\/Artboard-1-32-1024x95.png 1024w, https:\/\/jormax.com\/wp-content\/uploads\/Artboard-1-32-768x71.png 768w, https:\/\/jormax.com\/wp-content\/uploads\/Artboard-1-32-1536x143.png 1536w, https:\/\/jormax.com\/wp-content\/uploads\/Artboard-1-32-2048x191.png 2048w, https:\/\/jormax.com\/wp-content\/uploads\/Artboard-1-32-600x56.png 600w\" sizes=\"auto, (max-width: 6363px) 100vw, 6363px\" \/><\/p>\n<p><a style=\"display: block; padding: 10px; text-align: center; margin-top: 30px; background-color: #db1f27; color: white; text-decoration: none; font-weight: bold; width: 100%; transition: background-color 0.3s;\" href=\"#lepopup-popup-2024-10-30-02-21-109\">PEDIR OR\u00c7AMENTO<\/a><\/p>\n","protected":false},"featured_media":20214,"template":"","meta":[],"product_brand":[],"product_cat":[244],"product_tag":[],"class_list":{"0":"post-21947","1":"product","2":"type-product","3":"status-publish","4":"has-post-thumbnail","6":"product_cat-guards","8":"first","9":"instock","10":"shipping-taxable","11":"product-type-simple"},"yoast_head":"<!-- This site is optimized with the Yoast SEO plugin v24.5 - https:\/\/yoast.com\/wordpress\/plugins\/seo\/ -->\n<title>FIXA\u00c7\u00c3O AO SOLO REBAT\u00cdVEL - Jormax - F\u00e1brica de Escadas e Escadotes<\/title>\n<meta name=\"robots\" content=\"index, follow, max-snippet:-1, max-image-preview:large, max-video-preview:-1\" \/>\n<link rel=\"canonical\" href=\"https:\/\/jormax.com\/en\/produto\/fixacao-ao-solo-rebativel\/\" \/>\n<meta property=\"og:locale\" content=\"en_US\" \/>\n<meta property=\"og:type\" content=\"article\" \/>\n<meta property=\"og:title\" content=\"FIXA\u00c7\u00c3O AO SOLO REBAT\u00cdVEL - Jormax - F\u00e1brica de Escadas e Escadotes\" \/>\n<meta property=\"og:description\" content=\"Fixa\u00e7\u00e3o ao solo rebat\u00edvel.  Com uma montagem r\u00e1pida e fixa\u00e7\u00e3o ao telhado feita pelo usu\u00e1rio, pode se obter uma confort\u00e1vel e leve guarda \u00e0 prova de ferrugem, f\u00e1cil de montar, esteticamente agrad\u00e1vel e com constru\u00e7\u00e3o resistente e r\u00edgida. S\u00e3o extremamente leves e acess\u00edveis, utilizadas para formar per\u00edmetros de prote\u00e7\u00e3o necess\u00e1ria, onde cada m\u00f3dulo \u00e9 equipado com juntas para criar uma continuidade ao longo de todo o telhado. Feitas sob medida, as Guardas Modulares classe A (para telhados com pendentes at\u00e9 10\u00b0 ou 18\u00b0) s\u00e3o projetadas tanto para telhados, como para m\u00e1quinas de prote\u00e7\u00e3o das bordas.  \u00c9 poss\u00edvel ser afixada com ou sem rodap\u00e9.     PEDIR OR\u00c7AMENTO\" \/>\n<meta property=\"og:url\" content=\"https:\/\/jormax.com\/en\/produto\/fixacao-ao-solo-rebativel\/\" \/>\n<meta property=\"og:site_name\" content=\"Jormax - F\u00e1brica de Escadas e Escadotes\" \/>\n<meta property=\"article:publisher\" content=\"https:\/\/www.facebook.com\/jormaxportugal\/\" \/>\n<meta property=\"og:image\" content=\"https:\/\/jormax.com\/wp-content\/uploads\/2019\/12\/logotipo-jormax-cor-stickymenu.png\" \/>\n\t<meta property=\"og:image:width\" content=\"235\" \/>\n\t<meta property=\"og:image:height\" content=\"59\" \/>\n\t<meta property=\"og:image:type\" content=\"image\/png\" \/>\n<meta name=\"twitter:card\" content=\"summary_large_image\" \/>\n<script type=\"application\/ld+json\" class=\"yoast-schema-graph\">{\"@context\":\"https:\/\/schema.org\",\"@graph\":[{\"@type\":\"WebPage\",\"@id\":\"https:\/\/jormax.com\/en\/produto\/fixacao-ao-solo-rebativel\/\",\"url\":\"https:\/\/jormax.com\/en\/produto\/fixacao-ao-solo-rebativel\/\",\"name\":\"FIXA\u00c7\u00c3O AO SOLO REBAT\u00cdVEL - Jormax - F\u00e1brica de Escadas e Escadotes\",\"isPartOf\":{\"@id\":\"https:\/\/jormax.com\/en\/#website\"},\"primaryImageOfPage\":{\"@id\":\"https:\/\/jormax.com\/en\/produto\/fixacao-ao-solo-rebativel\/#primaryimage\"},\"image\":{\"@id\":\"https:\/\/jormax.com\/en\/produto\/fixacao-ao-solo-rebativel\/#primaryimage\"},\"thumbnailUrl\":\"https:\/\/jormax.com\/wp-content\/uploads\/fixa\u00e7ao-ao-solo-rebativel.png\",\"datePublished\":\"2024-10-28T08:58:35+00:00\",\"breadcrumb\":{\"@id\":\"https:\/\/jormax.com\/en\/produto\/fixacao-ao-solo-rebativel\/#breadcrumb\"},\"inLanguage\":\"en-US\",\"potentialAction\":[{\"@type\":\"ReadAction\",\"target\":[\"https:\/\/jormax.com\/en\/produto\/fixacao-ao-solo-rebativel\/\"]}]},{\"@type\":\"ImageObject\",\"inLanguage\":\"en-US\",\"@id\":\"https:\/\/jormax.com\/en\/produto\/fixacao-ao-solo-rebativel\/#primaryimage\",\"url\":\"https:\/\/jormax.com\/wp-content\/uploads\/fixa\u00e7ao-ao-solo-rebativel.png\",\"contentUrl\":\"https:\/\/jormax.com\/wp-content\/uploads\/fixa\u00e7ao-ao-solo-rebativel.png\",\"width\":900,\"height\":900},{\"@type\":\"BreadcrumbList\",\"@id\":\"https:\/\/jormax.com\/en\/produto\/fixacao-ao-solo-rebativel\/#breadcrumb\",\"itemListElement\":[{\"@type\":\"ListItem\",\"position\":1,\"name\":\"In\u00edcio\",\"item\":\"https:\/\/jormax.com\/en\/\"},{\"@type\":\"ListItem\",\"position\":2,\"name\":\"Produtos\",\"item\":\"https:\/\/jormax.com\/produtos\/\"},{\"@type\":\"ListItem\",\"position\":3,\"name\":\"FIXA\u00c7\u00c3O AO SOLO REBAT\u00cdVEL\"}]},{\"@type\":\"WebSite\",\"@id\":\"https:\/\/jormax.com\/en\/#website\",\"url\":\"https:\/\/jormax.com\/en\/\",\"name\":\"Jormax - F\u00e1brica de Escadas e Escadotes\",\"description\":\"Fabricante de escadas, escadotes, andaimes, plataformas e solu\u00e7\u00f5es \u00e0 medida em alum\u00ednio e fibra de vidro certificados. F\u00e1brica com sede em Portugal.\",\"publisher\":{\"@id\":\"https:\/\/jormax.com\/en\/#organization\"},\"potentialAction\":[{\"@type\":\"SearchAction\",\"target\":{\"@type\":\"EntryPoint\",\"urlTemplate\":\"https:\/\/jormax.com\/en\/?s={search_term_string}\"},\"query-input\":{\"@type\":\"PropertyValueSpecification\",\"valueRequired\":true,\"valueName\":\"search_term_string\"}}],\"inLanguage\":\"en-US\"},{\"@type\":\"Organization\",\"@id\":\"https:\/\/jormax.com\/en\/#organization\",\"name\":\"Jormax - Factory of Ladders, Step Ladders and Scaffolding\",\"url\":\"https:\/\/jormax.com\/en\/\",\"logo\":{\"@type\":\"ImageObject\",\"inLanguage\":\"en-US\",\"@id\":\"https:\/\/jormax.com\/en\/#\/schema\/logo\/image\/\",\"url\":\"http:\/\/jormax.com\/wp-content\/uploads\/2019\/12\/logotipo-jormax-cor-stickymenu.png\",\"contentUrl\":\"http:\/\/jormax.com\/wp-content\/uploads\/2019\/12\/logotipo-jormax-cor-stickymenu.png\",\"width\":235,\"height\":59,\"caption\":\"Jormax - Factory of Ladders, Step Ladders and Scaffolding\"},\"image\":{\"@id\":\"https:\/\/jormax.com\/en\/#\/schema\/logo\/image\/\"},\"sameAs\":[\"https:\/\/www.facebook.com\/jormaxportugal\/\"]}]}<\/script>\n<!-- \/ Yoast SEO plugin. -->","yoast_head_json":{"title":"FIXA\u00c7\u00c3O AO SOLO REBAT\u00cdVEL - Jormax - F\u00e1brica de Escadas e Escadotes","robots":{"index":"index","follow":"follow","max-snippet":"max-snippet:-1","max-image-preview":"max-image-preview:large","max-video-preview":"max-video-preview:-1"},"canonical":"https:\/\/jormax.com\/en\/produto\/fixacao-ao-solo-rebativel\/","og_locale":"en_US","og_type":"article","og_title":"FIXA\u00c7\u00c3O AO SOLO REBAT\u00cdVEL - Jormax - F\u00e1brica de Escadas e Escadotes","og_description":"Fixa\u00e7\u00e3o ao solo rebat\u00edvel.  Com uma montagem r\u00e1pida e fixa\u00e7\u00e3o ao telhado feita pelo usu\u00e1rio, pode se obter uma confort\u00e1vel e leve guarda \u00e0 prova de ferrugem, f\u00e1cil de montar, esteticamente agrad\u00e1vel e com constru\u00e7\u00e3o resistente e r\u00edgida. S\u00e3o extremamente leves e acess\u00edveis, utilizadas para formar per\u00edmetros de prote\u00e7\u00e3o necess\u00e1ria, onde cada m\u00f3dulo \u00e9 equipado com juntas para criar uma continuidade ao longo de todo o telhado. Feitas sob medida, as Guardas Modulares classe A (para telhados com pendentes at\u00e9 10\u00b0 ou 18\u00b0) s\u00e3o projetadas tanto para telhados, como para m\u00e1quinas de prote\u00e7\u00e3o das bordas.  \u00c9 poss\u00edvel ser afixada com ou sem rodap\u00e9.     PEDIR OR\u00c7AMENTO","og_url":"https:\/\/jormax.com\/en\/produto\/fixacao-ao-solo-rebativel\/","og_site_name":"Jormax - F\u00e1brica de Escadas e Escadotes","article_publisher":"https:\/\/www.facebook.com\/jormaxportugal\/","og_image":[{"width":235,"height":59,"url":"https:\/\/jormax.com\/wp-content\/uploads\/2019\/12\/logotipo-jormax-cor-stickymenu.png","type":"image\/png"}],"twitter_card":"summary_large_image","schema":{"@context":"https:\/\/schema.org","@graph":[{"@type":"WebPage","@id":"https:\/\/jormax.com\/en\/produto\/fixacao-ao-solo-rebativel\/","url":"https:\/\/jormax.com\/en\/produto\/fixacao-ao-solo-rebativel\/","name":"FIXA\u00c7\u00c3O AO SOLO REBAT\u00cdVEL - Jormax - F\u00e1brica de Escadas e Escadotes","isPartOf":{"@id":"https:\/\/jormax.com\/en\/#website"},"primaryImageOfPage":{"@id":"https:\/\/jormax.com\/en\/produto\/fixacao-ao-solo-rebativel\/#primaryimage"},"image":{"@id":"https:\/\/jormax.com\/en\/produto\/fixacao-ao-solo-rebativel\/#primaryimage"},"thumbnailUrl":"https:\/\/jormax.com\/wp-content\/uploads\/fixa\u00e7ao-ao-solo-rebativel.png","datePublished":"2024-10-28T08:58:35+00:00","breadcrumb":{"@id":"https:\/\/jormax.com\/en\/produto\/fixacao-ao-solo-rebativel\/#breadcrumb"},"inLanguage":"en-US","potentialAction":[{"@type":"ReadAction","target":["https:\/\/jormax.com\/en\/produto\/fixacao-ao-solo-rebativel\/"]}]},{"@type":"ImageObject","inLanguage":"en-US","@id":"https:\/\/jormax.com\/en\/produto\/fixacao-ao-solo-rebativel\/#primaryimage","url":"https:\/\/jormax.com\/wp-content\/uploads\/fixa\u00e7ao-ao-solo-rebativel.png","contentUrl":"https:\/\/jormax.com\/wp-content\/uploads\/fixa\u00e7ao-ao-solo-rebativel.png","width":900,"height":900},{"@type":"BreadcrumbList","@id":"https:\/\/jormax.com\/en\/produto\/fixacao-ao-solo-rebativel\/#breadcrumb","itemListElement":[{"@type":"ListItem","position":1,"name":"In\u00edcio","item":"https:\/\/jormax.com\/en\/"},{"@type":"ListItem","position":2,"name":"Produtos","item":"https:\/\/jormax.com\/produtos\/"},{"@type":"ListItem","position":3,"name":"FIXA\u00c7\u00c3O AO SOLO REBAT\u00cdVEL"}]},{"@type":"WebSite","@id":"https:\/\/jormax.com\/en\/#website","url":"https:\/\/jormax.com\/en\/","name":"Jormax - F\u00e1brica de Escadas e Escadotes","description":"Fabricante de escadas, escadotes, andaimes, plataformas e solu\u00e7\u00f5es \u00e0 medida em alum\u00ednio e fibra de vidro certificados. F\u00e1brica com sede em Portugal.","publisher":{"@id":"https:\/\/jormax.com\/en\/#organization"},"potentialAction":[{"@type":"SearchAction","target":{"@type":"EntryPoint","urlTemplate":"https:\/\/jormax.com\/en\/?s={search_term_string}"},"query-input":{"@type":"PropertyValueSpecification","valueRequired":true,"valueName":"search_term_string"}}],"inLanguage":"en-US"},{"@type":"Organization","@id":"https:\/\/jormax.com\/en\/#organization","name":"Jormax - Factory of Ladders, Step Ladders and Scaffolding","url":"https:\/\/jormax.com\/en\/","logo":{"@type":"ImageObject","inLanguage":"en-US","@id":"https:\/\/jormax.com\/en\/#\/schema\/logo\/image\/","url":"http:\/\/jormax.com\/wp-content\/uploads\/2019\/12\/logotipo-jormax-cor-stickymenu.png","contentUrl":"http:\/\/jormax.com\/wp-content\/uploads\/2019\/12\/logotipo-jormax-cor-stickymenu.png","width":235,"height":59,"caption":"Jormax - Factory of Ladders, Step Ladders and Scaffolding"},"image":{"@id":"https:\/\/jormax.com\/en\/#\/schema\/logo\/image\/"},"sameAs":["https:\/\/www.facebook.com\/jormaxportugal\/"]}]}},"_links":{"self":[{"href":"https:\/\/jormax.com\/en\/wp-json\/wp\/v2\/product\/21947","targetHints":{"allow":["GET"]}}],"collection":[{"href":"https:\/\/jormax.com\/en\/wp-json\/wp\/v2\/product"}],"about":[{"href":"https:\/\/jormax.com\/en\/wp-json\/wp\/v2\/types\/product"}],"wp:featuredmedia":[{"embeddable":true,"href":"https:\/\/jormax.com\/en\/wp-json\/wp\/v2\/media\/20214"}],"wp:attachment":[{"href":"https:\/\/jormax.com\/en\/wp-json\/wp\/v2\/media?parent=21947"}],"wp:term":[{"taxonomy":"product_brand","embeddable":true,"href":"https:\/\/jormax.com\/en\/wp-json\/wp\/v2\/product_brand?post=21947"},{"taxonomy":"product_cat","embeddable":true,"href":"https:\/\/jormax.com\/en\/wp-json\/wp\/v2\/product_cat?post=21947"},{"taxonomy":"product_tag","embeddable":true,"href":"https:\/\/jormax.com\/en\/wp-json\/wp\/v2\/product_tag?post=21947"}],"curies":[{"name":"wp","href":"https:\/\/api.w.org\/{rel}","templated":true}]}}