{"id":17593,"date":"2021-04-21T08:51:08","date_gmt":"2021-04-21T07:51:08","guid":{"rendered":"http:\/\/jormax.com\/produtos\/one-plus\/"},"modified":"2024-07-19T09:57:10","modified_gmt":"2024-07-19T08:57:10","slug":"one-plus","status":"publish","type":"product","link":"https:\/\/jormax.com\/en\/produto\/one-plus\/","title":{"rendered":"ONE PLUS"},"content":{"rendered":"<div class=\"wpb-content-wrapper\"><p>[vc_row][vc_column width=&#8221;1\/2&#8243;][vc_single_image image=&#8221;15161&#8243; img_size=&#8221;full&#8221; onclick=&#8221;link_image&#8221;][\/vc_column][vc_column width=&#8221;1\/2&#8243;][vc_single_image image=&#8221;15164&#8243; img_size=&#8221;full&#8221; onclick=&#8221;link_image&#8221;][\/vc_column][\/vc_row]<\/p>\n<\/div>","protected":false},"excerpt":{"rendered":"<p><strong>The plasterboard scaffold.<\/strong><\/p>\n<p>\u00a0<br \/>\nOne Plus is a scaffold made of aluminum designed to use with plasterboard, paintings, etc&#8230; the scaffold has 2 work platforms that can be placed together, when closed completely they form a base. If you place the narrowest platform above, you create a shelf of great use to the user.<\/p>\n<p>\u00a0<\/p>\n<p style=\"color: red;\">REF: 20111<\/p>\n<p>\u00a0<\/p>\n<p><img decoding=\"async\" class=\"selos-produto\" src=\"http:\/\/jormax.com\/wp-content\/uploads\/2019\/10\/europa.jpg\" alt=\"NOME DOS SELOS (SUBSTITUIR)\" \/> <img decoding=\"async\" class=\"selos-produto\" src=\"http:\/\/jormax.com\/wp-content\/uploads\/norma-NF-E85-200.png\" alt=\"NOME DOS SELOS (SUBSTITUIR)\" \/> <img decoding=\"async\" class=\"selos-produto\" src=\"http:\/\/jormax.com\/wp-content\/uploads\/2019\/10\/garantia-3.jpg\" alt=\"NOME DOS SELOS (SUBSTITUIR)\" \/> <img decoding=\"async\" class=\"selos-produto\" src=\"http:\/\/jormax.com\/wp-content\/uploads\/2019\/10\/uso-domestico.jpg\" alt=\"NOME DOS SELOS (SUBSTITUIR)\" \/> <img decoding=\"async\" class=\"selos-produto\" src=\"http:\/\/jormax.com\/wp-content\/uploads\/2019\/10\/peso-150.jpg\" alt=\"NOME DOS SELOS (SUBSTITUIR)\" \/><\/p>\n<p>\u00a0<\/p>\n","protected":false},"featured_media":18921,"template":"","meta":[],"product_brand":[],"product_cat":[249,260],"product_tag":[],"class_list":{"0":"post-17593","1":"product","2":"type-product","3":"status-publish","4":"has-post-thumbnail","6":"product_cat-scaffolding","7":"product_cat-andaimes-ligeiros-en","9":"first","10":"instock","11":"featured","12":"shipping-taxable","13":"product-type-simple"},"yoast_head":"<!-- This site is optimized with the Yoast SEO plugin v24.5 - https:\/\/yoast.com\/wordpress\/plugins\/seo\/ -->\n<title>ONE PLUS - Jormax - F\u00e1brica de Escadas e Escadotes<\/title>\n<meta name=\"description\" content=\"One Plus is a scaffold made of aluminum designed to use with plasterboard, paintings, etc... the scaffold has 2 work platforms that can be placed together, when closed completely they form a base. If you place the narrowest platform above, you create a shelf of great use to the user.\" \/>\n<meta name=\"robots\" content=\"index, follow, max-snippet:-1, max-image-preview:large, max-video-preview:-1\" \/>\n<link rel=\"canonical\" href=\"https:\/\/jormax.com\/en\/produto\/one-plus\/\" \/>\n<meta property=\"og:locale\" content=\"en_US\" \/>\n<meta property=\"og:type\" content=\"article\" \/>\n<meta property=\"og:title\" content=\"ONE PLUS - Jormax - F\u00e1brica de Escadas e Escadotes\" \/>\n<meta property=\"og:description\" content=\"One Plus is a scaffold made of aluminum designed to use with plasterboard, paintings, etc... the scaffold has 2 work platforms that can be placed together, when closed completely they form a base. If you place the narrowest platform above, you create a shelf of great use to the user.\" \/>\n<meta property=\"og:url\" content=\"https:\/\/jormax.com\/en\/produto\/one-plus\/\" \/>\n<meta property=\"og:site_name\" content=\"Jormax - F\u00e1brica de Escadas e Escadotes\" \/>\n<meta property=\"article:publisher\" content=\"https:\/\/www.facebook.com\/jormaxportugal\/\" \/>\n<meta property=\"article:modified_time\" content=\"2024-07-19T08:57:10+00:00\" \/>\n<meta property=\"og:image\" content=\"https:\/\/jormax.com\/wp-content\/uploads\/Imagens-para-website-14-1.png\" \/>\n\t<meta property=\"og:image:width\" content=\"900\" \/>\n\t<meta property=\"og:image:height\" content=\"900\" \/>\n\t<meta property=\"og:image:type\" content=\"image\/png\" \/>\n<meta name=\"twitter:card\" content=\"summary_large_image\" \/>\n<script type=\"application\/ld+json\" class=\"yoast-schema-graph\">{\"@context\":\"https:\/\/schema.org\",\"@graph\":[{\"@type\":\"WebPage\",\"@id\":\"https:\/\/jormax.com\/en\/produto\/one-plus\/\",\"url\":\"https:\/\/jormax.com\/en\/produto\/one-plus\/\",\"name\":\"ONE PLUS - Jormax - F\u00e1brica de Escadas e Escadotes\",\"isPartOf\":{\"@id\":\"https:\/\/jormax.com\/en\/#website\"},\"primaryImageOfPage\":{\"@id\":\"https:\/\/jormax.com\/en\/produto\/one-plus\/#primaryimage\"},\"image\":{\"@id\":\"https:\/\/jormax.com\/en\/produto\/one-plus\/#primaryimage\"},\"thumbnailUrl\":\"https:\/\/jormax.com\/wp-content\/uploads\/Imagens-para-website-14-1.png\",\"datePublished\":\"2021-04-21T07:51:08+00:00\",\"dateModified\":\"2024-07-19T08:57:10+00:00\",\"description\":\"One Plus is a scaffold made of aluminum designed to use with plasterboard, paintings, etc... the scaffold has 2 work platforms that can be placed together, when closed completely they form a base. If you place the narrowest platform above, you create a shelf of great use to the user.\",\"breadcrumb\":{\"@id\":\"https:\/\/jormax.com\/en\/produto\/one-plus\/#breadcrumb\"},\"inLanguage\":\"en-US\",\"potentialAction\":[{\"@type\":\"ReadAction\",\"target\":[\"https:\/\/jormax.com\/en\/produto\/one-plus\/\"]}]},{\"@type\":\"ImageObject\",\"inLanguage\":\"en-US\",\"@id\":\"https:\/\/jormax.com\/en\/produto\/one-plus\/#primaryimage\",\"url\":\"https:\/\/jormax.com\/wp-content\/uploads\/Imagens-para-website-14-1.png\",\"contentUrl\":\"https:\/\/jormax.com\/wp-content\/uploads\/Imagens-para-website-14-1.png\",\"width\":900,\"height\":900},{\"@type\":\"BreadcrumbList\",\"@id\":\"https:\/\/jormax.com\/en\/produto\/one-plus\/#breadcrumb\",\"itemListElement\":[{\"@type\":\"ListItem\",\"position\":1,\"name\":\"In\u00edcio\",\"item\":\"https:\/\/jormax.com\/en\/\"},{\"@type\":\"ListItem\",\"position\":2,\"name\":\"Products\",\"item\":\"https:\/\/jormax.com\/en\/products\/\"},{\"@type\":\"ListItem\",\"position\":3,\"name\":\"ONE PLUS\"}]},{\"@type\":\"WebSite\",\"@id\":\"https:\/\/jormax.com\/en\/#website\",\"url\":\"https:\/\/jormax.com\/en\/\",\"name\":\"Jormax - F\u00e1brica de Escadas e Escadotes\",\"description\":\"Fabricante de escadas, escadotes, andaimes, plataformas e solu\u00e7\u00f5es \u00e0 medida em alum\u00ednio e fibra de vidro certificados. F\u00e1brica com sede em Portugal.\",\"publisher\":{\"@id\":\"https:\/\/jormax.com\/en\/#organization\"},\"potentialAction\":[{\"@type\":\"SearchAction\",\"target\":{\"@type\":\"EntryPoint\",\"urlTemplate\":\"https:\/\/jormax.com\/en\/?s={search_term_string}\"},\"query-input\":{\"@type\":\"PropertyValueSpecification\",\"valueRequired\":true,\"valueName\":\"search_term_string\"}}],\"inLanguage\":\"en-US\"},{\"@type\":\"Organization\",\"@id\":\"https:\/\/jormax.com\/en\/#organization\",\"name\":\"Jormax - Factory of Ladders, Step Ladders and Scaffolding\",\"url\":\"https:\/\/jormax.com\/en\/\",\"logo\":{\"@type\":\"ImageObject\",\"inLanguage\":\"en-US\",\"@id\":\"https:\/\/jormax.com\/en\/#\/schema\/logo\/image\/\",\"url\":\"http:\/\/jormax.com\/wp-content\/uploads\/2019\/12\/logotipo-jormax-cor-stickymenu.png\",\"contentUrl\":\"http:\/\/jormax.com\/wp-content\/uploads\/2019\/12\/logotipo-jormax-cor-stickymenu.png\",\"width\":235,\"height\":59,\"caption\":\"Jormax - Factory of Ladders, Step Ladders and Scaffolding\"},\"image\":{\"@id\":\"https:\/\/jormax.com\/en\/#\/schema\/logo\/image\/\"},\"sameAs\":[\"https:\/\/www.facebook.com\/jormaxportugal\/\"]}]}<\/script>\n<!-- \/ Yoast SEO plugin. -->","yoast_head_json":{"title":"ONE PLUS - Jormax - F\u00e1brica de Escadas e Escadotes","description":"One Plus is a scaffold made of aluminum designed to use with plasterboard, paintings, etc... the scaffold has 2 work platforms that can be placed together, when closed completely they form a base. If you place the narrowest platform above, you create a shelf of great use to the user.","robots":{"index":"index","follow":"follow","max-snippet":"max-snippet:-1","max-image-preview":"max-image-preview:large","max-video-preview":"max-video-preview:-1"},"canonical":"https:\/\/jormax.com\/en\/produto\/one-plus\/","og_locale":"en_US","og_type":"article","og_title":"ONE PLUS - Jormax - F\u00e1brica de Escadas e Escadotes","og_description":"One Plus is a scaffold made of aluminum designed to use with plasterboard, paintings, etc... the scaffold has 2 work platforms that can be placed together, when closed completely they form a base. If you place the narrowest platform above, you create a shelf of great use to the user.","og_url":"https:\/\/jormax.com\/en\/produto\/one-plus\/","og_site_name":"Jormax - F\u00e1brica de Escadas e Escadotes","article_publisher":"https:\/\/www.facebook.com\/jormaxportugal\/","article_modified_time":"2024-07-19T08:57:10+00:00","og_image":[{"width":900,"height":900,"url":"https:\/\/jormax.com\/wp-content\/uploads\/Imagens-para-website-14-1.png","type":"image\/png"}],"twitter_card":"summary_large_image","schema":{"@context":"https:\/\/schema.org","@graph":[{"@type":"WebPage","@id":"https:\/\/jormax.com\/en\/produto\/one-plus\/","url":"https:\/\/jormax.com\/en\/produto\/one-plus\/","name":"ONE PLUS - Jormax - F\u00e1brica de Escadas e Escadotes","isPartOf":{"@id":"https:\/\/jormax.com\/en\/#website"},"primaryImageOfPage":{"@id":"https:\/\/jormax.com\/en\/produto\/one-plus\/#primaryimage"},"image":{"@id":"https:\/\/jormax.com\/en\/produto\/one-plus\/#primaryimage"},"thumbnailUrl":"https:\/\/jormax.com\/wp-content\/uploads\/Imagens-para-website-14-1.png","datePublished":"2021-04-21T07:51:08+00:00","dateModified":"2024-07-19T08:57:10+00:00","description":"One Plus is a scaffold made of aluminum designed to use with plasterboard, paintings, etc... the scaffold has 2 work platforms that can be placed together, when closed completely they form a base. If you place the narrowest platform above, you create a shelf of great use to the user.","breadcrumb":{"@id":"https:\/\/jormax.com\/en\/produto\/one-plus\/#breadcrumb"},"inLanguage":"en-US","potentialAction":[{"@type":"ReadAction","target":["https:\/\/jormax.com\/en\/produto\/one-plus\/"]}]},{"@type":"ImageObject","inLanguage":"en-US","@id":"https:\/\/jormax.com\/en\/produto\/one-plus\/#primaryimage","url":"https:\/\/jormax.com\/wp-content\/uploads\/Imagens-para-website-14-1.png","contentUrl":"https:\/\/jormax.com\/wp-content\/uploads\/Imagens-para-website-14-1.png","width":900,"height":900},{"@type":"BreadcrumbList","@id":"https:\/\/jormax.com\/en\/produto\/one-plus\/#breadcrumb","itemListElement":[{"@type":"ListItem","position":1,"name":"In\u00edcio","item":"https:\/\/jormax.com\/en\/"},{"@type":"ListItem","position":2,"name":"Products","item":"https:\/\/jormax.com\/en\/products\/"},{"@type":"ListItem","position":3,"name":"ONE PLUS"}]},{"@type":"WebSite","@id":"https:\/\/jormax.com\/en\/#website","url":"https:\/\/jormax.com\/en\/","name":"Jormax - F\u00e1brica de Escadas e Escadotes","description":"Fabricante de escadas, escadotes, andaimes, plataformas e solu\u00e7\u00f5es \u00e0 medida em alum\u00ednio e fibra de vidro certificados. F\u00e1brica com sede em Portugal.","publisher":{"@id":"https:\/\/jormax.com\/en\/#organization"},"potentialAction":[{"@type":"SearchAction","target":{"@type":"EntryPoint","urlTemplate":"https:\/\/jormax.com\/en\/?s={search_term_string}"},"query-input":{"@type":"PropertyValueSpecification","valueRequired":true,"valueName":"search_term_string"}}],"inLanguage":"en-US"},{"@type":"Organization","@id":"https:\/\/jormax.com\/en\/#organization","name":"Jormax - Factory of Ladders, Step Ladders and Scaffolding","url":"https:\/\/jormax.com\/en\/","logo":{"@type":"ImageObject","inLanguage":"en-US","@id":"https:\/\/jormax.com\/en\/#\/schema\/logo\/image\/","url":"http:\/\/jormax.com\/wp-content\/uploads\/2019\/12\/logotipo-jormax-cor-stickymenu.png","contentUrl":"http:\/\/jormax.com\/wp-content\/uploads\/2019\/12\/logotipo-jormax-cor-stickymenu.png","width":235,"height":59,"caption":"Jormax - Factory of Ladders, Step Ladders and Scaffolding"},"image":{"@id":"https:\/\/jormax.com\/en\/#\/schema\/logo\/image\/"},"sameAs":["https:\/\/www.facebook.com\/jormaxportugal\/"]}]}},"_links":{"self":[{"href":"https:\/\/jormax.com\/en\/wp-json\/wp\/v2\/product\/17593","targetHints":{"allow":["GET"]}}],"collection":[{"href":"https:\/\/jormax.com\/en\/wp-json\/wp\/v2\/product"}],"about":[{"href":"https:\/\/jormax.com\/en\/wp-json\/wp\/v2\/types\/product"}],"wp:featuredmedia":[{"embeddable":true,"href":"https:\/\/jormax.com\/en\/wp-json\/wp\/v2\/media\/18921"}],"wp:attachment":[{"href":"https:\/\/jormax.com\/en\/wp-json\/wp\/v2\/media?parent=17593"}],"wp:term":[{"taxonomy":"product_brand","embeddable":true,"href":"https:\/\/jormax.com\/en\/wp-json\/wp\/v2\/product_brand?post=17593"},{"taxonomy":"product_cat","embeddable":true,"href":"https:\/\/jormax.com\/en\/wp-json\/wp\/v2\/product_cat?post=17593"},{"taxonomy":"product_tag","embeddable":true,"href":"https:\/\/jormax.com\/en\/wp-json\/wp\/v2\/product_tag?post=17593"}],"curies":[{"name":"wp","href":"https:\/\/api.w.org\/{rel}","templated":true}]}}