{"id":15561,"date":"2021-06-16T18:07:32","date_gmt":"2021-06-16T17:07:32","guid":{"rendered":"http:\/\/jormax.com\/produtos\/escada-telhado\/"},"modified":"2024-07-16T14:00:53","modified_gmt":"2024-07-16T13:00:53","slug":"escada-telhado","status":"publish","type":"product","link":"https:\/\/jormax.com\/en\/produto\/escada-telhado\/","title":{"rendered":"Escada Telhado"},"content":{"rendered":"","protected":false},"excerpt":{"rendered":"<p><strong>Ladder ideal for sloped roofs.<\/strong><\/p>\n<p>\u00a0<\/p>\n<p>The roof ladder is an effective tool for work on sloped roofs. The ceiling hook wheels allow for easy climbing of the ladder to the desired height. Upon reaching the ridge with the ladder,<br \/>\nit is rotated to secure the hook onto the roof. The ladder is fixed and stable, ensuring safe work. The unique shape of the steps provides optimal standing comfort. Roof ladders are available in various lengths (3 and 1.5 meters). Combining multiple modules allows for a longer length. Fastening is done through aluminum hooks.<br \/>\n\u00a0<\/p>\n<p><img decoding=\"async\" class=\"selos-produto\" src=\"http:\/\/jormax.com\/wp-content\/uploads\/2019\/10\/europa.jpg\" alt=\"NOME DOS SELOS (SUBSTITUIR)\" \/> <img decoding=\"async\" class=\"selos-produto\" src=\"http:\/\/jormax.com\/wp-content\/uploads\/2019\/10\/garantia-3.jpg\" alt=\"NOME DOS SELOS (SUBSTITUIR)\" \/> <img decoding=\"async\" class=\"selos-produto\" src=\"http:\/\/jormax.com\/wp-content\/uploads\/2019\/10\/uso-profissional.jpg\" alt=\"NOME DOS SELOS (SUBSTITUIR)\" \/> <img decoding=\"async\" class=\"selos-produto\" src=\"http:\/\/jormax.com\/wp-content\/uploads\/2019\/10\/peso-150.jpg\" alt=\"NOME DOS SELOS (SUBSTITUIR)\" \/><\/p>\n<p>\u00a0<\/p>\n","protected":false},"featured_media":15082,"template":"","meta":[],"product_brand":[],"product_cat":[210,267,255],"product_tag":[],"class_list":{"0":"post-15561","1":"product","2":"type-product","3":"status-publish","4":"has-post-thumbnail","6":"product_cat-ladders","7":"product_cat-escadas-especiais-en","8":"product_cat-escadas-acesso-en","10":"first","11":"instock","12":"featured","13":"shipping-taxable","14":"product-type-simple"},"yoast_head":"<!-- This site is optimized with the Yoast SEO plugin v24.5 - https:\/\/yoast.com\/wordpress\/plugins\/seo\/ -->\n<title>Escada Telhado - Jormax - F\u00e1brica de Escadas e Escadotes<\/title>\n<meta name=\"description\" content=\"The roof ladder is an effective tool for work on sloped roofs. The ceiling hook wheels allow for easy climbing of the ladder to the desired height. Upon reaching the ridge with the ladder, it is rotated to secure the hook onto the roof. The ladder is fixed and stable, ensuring safe work. The unique shape of the steps provides optimal standing comfort. Roof ladders are available in various lengths (3 and 1.5 meters). Combining multiple modules allows for a longer length. Fastening is done through aluminum hooks.\" \/>\n<meta name=\"robots\" content=\"index, follow, max-snippet:-1, max-image-preview:large, max-video-preview:-1\" \/>\n<link rel=\"canonical\" href=\"https:\/\/jormax.com\/en\/produto\/escada-telhado\/\" \/>\n<meta property=\"og:locale\" content=\"en_US\" \/>\n<meta property=\"og:type\" content=\"article\" \/>\n<meta property=\"og:title\" content=\"Escada Telhado - Jormax - F\u00e1brica de Escadas e Escadotes\" \/>\n<meta property=\"og:description\" content=\"The roof ladder is an effective tool for work on sloped roofs. The ceiling hook wheels allow for easy climbing of the ladder to the desired height. Upon reaching the ridge with the ladder, it is rotated to secure the hook onto the roof. The ladder is fixed and stable, ensuring safe work. The unique shape of the steps provides optimal standing comfort. Roof ladders are available in various lengths (3 and 1.5 meters). Combining multiple modules allows for a longer length. Fastening is done through aluminum hooks.\" \/>\n<meta property=\"og:url\" content=\"https:\/\/jormax.com\/en\/produto\/escada-telhado\/\" \/>\n<meta property=\"og:site_name\" content=\"Jormax - F\u00e1brica de Escadas e Escadotes\" \/>\n<meta property=\"article:publisher\" content=\"https:\/\/www.facebook.com\/jormaxportugal\/\" \/>\n<meta property=\"article:modified_time\" content=\"2024-07-16T13:00:53+00:00\" \/>\n<meta property=\"og:image\" content=\"https:\/\/jormax.com\/wp-content\/uploads\/Imagem3.png\" \/>\n\t<meta property=\"og:image:width\" content=\"780\" \/>\n\t<meta property=\"og:image:height\" content=\"493\" \/>\n\t<meta property=\"og:image:type\" content=\"image\/png\" \/>\n<meta name=\"twitter:card\" content=\"summary_large_image\" \/>\n<script type=\"application\/ld+json\" class=\"yoast-schema-graph\">{\"@context\":\"https:\/\/schema.org\",\"@graph\":[{\"@type\":\"WebPage\",\"@id\":\"https:\/\/jormax.com\/en\/produto\/escada-telhado\/\",\"url\":\"https:\/\/jormax.com\/en\/produto\/escada-telhado\/\",\"name\":\"Escada Telhado - Jormax - F\u00e1brica de Escadas e Escadotes\",\"isPartOf\":{\"@id\":\"https:\/\/jormax.com\/en\/#website\"},\"primaryImageOfPage\":{\"@id\":\"https:\/\/jormax.com\/en\/produto\/escada-telhado\/#primaryimage\"},\"image\":{\"@id\":\"https:\/\/jormax.com\/en\/produto\/escada-telhado\/#primaryimage\"},\"thumbnailUrl\":\"https:\/\/jormax.com\/wp-content\/uploads\/Imagem3.png\",\"datePublished\":\"2021-06-16T17:07:32+00:00\",\"dateModified\":\"2024-07-16T13:00:53+00:00\",\"description\":\"The roof ladder is an effective tool for work on sloped roofs. The ceiling hook wheels allow for easy climbing of the ladder to the desired height. Upon reaching the ridge with the ladder, it is rotated to secure the hook onto the roof. The ladder is fixed and stable, ensuring safe work. The unique shape of the steps provides optimal standing comfort. Roof ladders are available in various lengths (3 and 1.5 meters). Combining multiple modules allows for a longer length. Fastening is done through aluminum hooks.\",\"breadcrumb\":{\"@id\":\"https:\/\/jormax.com\/en\/produto\/escada-telhado\/#breadcrumb\"},\"inLanguage\":\"en-US\",\"potentialAction\":[{\"@type\":\"ReadAction\",\"target\":[\"https:\/\/jormax.com\/en\/produto\/escada-telhado\/\"]}]},{\"@type\":\"ImageObject\",\"inLanguage\":\"en-US\",\"@id\":\"https:\/\/jormax.com\/en\/produto\/escada-telhado\/#primaryimage\",\"url\":\"https:\/\/jormax.com\/wp-content\/uploads\/Imagem3.png\",\"contentUrl\":\"https:\/\/jormax.com\/wp-content\/uploads\/Imagem3.png\",\"width\":780,\"height\":493},{\"@type\":\"BreadcrumbList\",\"@id\":\"https:\/\/jormax.com\/en\/produto\/escada-telhado\/#breadcrumb\",\"itemListElement\":[{\"@type\":\"ListItem\",\"position\":1,\"name\":\"In\u00edcio\",\"item\":\"https:\/\/jormax.com\/en\/\"},{\"@type\":\"ListItem\",\"position\":2,\"name\":\"Produtos\",\"item\":\"https:\/\/jormax.com\/produtos\/\"},{\"@type\":\"ListItem\",\"position\":3,\"name\":\"Escada Telhado\"}]},{\"@type\":\"WebSite\",\"@id\":\"https:\/\/jormax.com\/en\/#website\",\"url\":\"https:\/\/jormax.com\/en\/\",\"name\":\"Jormax - F\u00e1brica de Escadas e Escadotes\",\"description\":\"Fabricante de escadas, escadotes, andaimes, plataformas e solu\u00e7\u00f5es \u00e0 medida em alum\u00ednio e fibra de vidro certificados. F\u00e1brica com sede em Portugal.\",\"publisher\":{\"@id\":\"https:\/\/jormax.com\/en\/#organization\"},\"potentialAction\":[{\"@type\":\"SearchAction\",\"target\":{\"@type\":\"EntryPoint\",\"urlTemplate\":\"https:\/\/jormax.com\/en\/?s={search_term_string}\"},\"query-input\":{\"@type\":\"PropertyValueSpecification\",\"valueRequired\":true,\"valueName\":\"search_term_string\"}}],\"inLanguage\":\"en-US\"},{\"@type\":\"Organization\",\"@id\":\"https:\/\/jormax.com\/en\/#organization\",\"name\":\"Jormax - Factory of Ladders, Step Ladders and Scaffolding\",\"url\":\"https:\/\/jormax.com\/en\/\",\"logo\":{\"@type\":\"ImageObject\",\"inLanguage\":\"en-US\",\"@id\":\"https:\/\/jormax.com\/en\/#\/schema\/logo\/image\/\",\"url\":\"http:\/\/jormax.com\/wp-content\/uploads\/2019\/12\/logotipo-jormax-cor-stickymenu.png\",\"contentUrl\":\"http:\/\/jormax.com\/wp-content\/uploads\/2019\/12\/logotipo-jormax-cor-stickymenu.png\",\"width\":235,\"height\":59,\"caption\":\"Jormax - Factory of Ladders, Step Ladders and Scaffolding\"},\"image\":{\"@id\":\"https:\/\/jormax.com\/en\/#\/schema\/logo\/image\/\"},\"sameAs\":[\"https:\/\/www.facebook.com\/jormaxportugal\/\"]}]}<\/script>\n<!-- \/ Yoast SEO plugin. -->","yoast_head_json":{"title":"Escada Telhado - Jormax - F\u00e1brica de Escadas e Escadotes","description":"The roof ladder is an effective tool for work on sloped roofs. The ceiling hook wheels allow for easy climbing of the ladder to the desired height. Upon reaching the ridge with the ladder, it is rotated to secure the hook onto the roof. The ladder is fixed and stable, ensuring safe work. The unique shape of the steps provides optimal standing comfort. Roof ladders are available in various lengths (3 and 1.5 meters). Combining multiple modules allows for a longer length. Fastening is done through aluminum hooks.","robots":{"index":"index","follow":"follow","max-snippet":"max-snippet:-1","max-image-preview":"max-image-preview:large","max-video-preview":"max-video-preview:-1"},"canonical":"https:\/\/jormax.com\/en\/produto\/escada-telhado\/","og_locale":"en_US","og_type":"article","og_title":"Escada Telhado - Jormax - F\u00e1brica de Escadas e Escadotes","og_description":"The roof ladder is an effective tool for work on sloped roofs. The ceiling hook wheels allow for easy climbing of the ladder to the desired height. Upon reaching the ridge with the ladder, it is rotated to secure the hook onto the roof. The ladder is fixed and stable, ensuring safe work. The unique shape of the steps provides optimal standing comfort. Roof ladders are available in various lengths (3 and 1.5 meters). Combining multiple modules allows for a longer length. Fastening is done through aluminum hooks.","og_url":"https:\/\/jormax.com\/en\/produto\/escada-telhado\/","og_site_name":"Jormax - F\u00e1brica de Escadas e Escadotes","article_publisher":"https:\/\/www.facebook.com\/jormaxportugal\/","article_modified_time":"2024-07-16T13:00:53+00:00","og_image":[{"width":780,"height":493,"url":"https:\/\/jormax.com\/wp-content\/uploads\/Imagem3.png","type":"image\/png"}],"twitter_card":"summary_large_image","schema":{"@context":"https:\/\/schema.org","@graph":[{"@type":"WebPage","@id":"https:\/\/jormax.com\/en\/produto\/escada-telhado\/","url":"https:\/\/jormax.com\/en\/produto\/escada-telhado\/","name":"Escada Telhado - Jormax - F\u00e1brica de Escadas e Escadotes","isPartOf":{"@id":"https:\/\/jormax.com\/en\/#website"},"primaryImageOfPage":{"@id":"https:\/\/jormax.com\/en\/produto\/escada-telhado\/#primaryimage"},"image":{"@id":"https:\/\/jormax.com\/en\/produto\/escada-telhado\/#primaryimage"},"thumbnailUrl":"https:\/\/jormax.com\/wp-content\/uploads\/Imagem3.png","datePublished":"2021-06-16T17:07:32+00:00","dateModified":"2024-07-16T13:00:53+00:00","description":"The roof ladder is an effective tool for work on sloped roofs. The ceiling hook wheels allow for easy climbing of the ladder to the desired height. Upon reaching the ridge with the ladder, it is rotated to secure the hook onto the roof. The ladder is fixed and stable, ensuring safe work. The unique shape of the steps provides optimal standing comfort. Roof ladders are available in various lengths (3 and 1.5 meters). Combining multiple modules allows for a longer length. Fastening is done through aluminum hooks.","breadcrumb":{"@id":"https:\/\/jormax.com\/en\/produto\/escada-telhado\/#breadcrumb"},"inLanguage":"en-US","potentialAction":[{"@type":"ReadAction","target":["https:\/\/jormax.com\/en\/produto\/escada-telhado\/"]}]},{"@type":"ImageObject","inLanguage":"en-US","@id":"https:\/\/jormax.com\/en\/produto\/escada-telhado\/#primaryimage","url":"https:\/\/jormax.com\/wp-content\/uploads\/Imagem3.png","contentUrl":"https:\/\/jormax.com\/wp-content\/uploads\/Imagem3.png","width":780,"height":493},{"@type":"BreadcrumbList","@id":"https:\/\/jormax.com\/en\/produto\/escada-telhado\/#breadcrumb","itemListElement":[{"@type":"ListItem","position":1,"name":"In\u00edcio","item":"https:\/\/jormax.com\/en\/"},{"@type":"ListItem","position":2,"name":"Produtos","item":"https:\/\/jormax.com\/produtos\/"},{"@type":"ListItem","position":3,"name":"Escada Telhado"}]},{"@type":"WebSite","@id":"https:\/\/jormax.com\/en\/#website","url":"https:\/\/jormax.com\/en\/","name":"Jormax - F\u00e1brica de Escadas e Escadotes","description":"Fabricante de escadas, escadotes, andaimes, plataformas e solu\u00e7\u00f5es \u00e0 medida em alum\u00ednio e fibra de vidro certificados. F\u00e1brica com sede em Portugal.","publisher":{"@id":"https:\/\/jormax.com\/en\/#organization"},"potentialAction":[{"@type":"SearchAction","target":{"@type":"EntryPoint","urlTemplate":"https:\/\/jormax.com\/en\/?s={search_term_string}"},"query-input":{"@type":"PropertyValueSpecification","valueRequired":true,"valueName":"search_term_string"}}],"inLanguage":"en-US"},{"@type":"Organization","@id":"https:\/\/jormax.com\/en\/#organization","name":"Jormax - Factory of Ladders, Step Ladders and Scaffolding","url":"https:\/\/jormax.com\/en\/","logo":{"@type":"ImageObject","inLanguage":"en-US","@id":"https:\/\/jormax.com\/en\/#\/schema\/logo\/image\/","url":"http:\/\/jormax.com\/wp-content\/uploads\/2019\/12\/logotipo-jormax-cor-stickymenu.png","contentUrl":"http:\/\/jormax.com\/wp-content\/uploads\/2019\/12\/logotipo-jormax-cor-stickymenu.png","width":235,"height":59,"caption":"Jormax - Factory of Ladders, Step Ladders and Scaffolding"},"image":{"@id":"https:\/\/jormax.com\/en\/#\/schema\/logo\/image\/"},"sameAs":["https:\/\/www.facebook.com\/jormaxportugal\/"]}]}},"_links":{"self":[{"href":"https:\/\/jormax.com\/en\/wp-json\/wp\/v2\/product\/15561","targetHints":{"allow":["GET"]}}],"collection":[{"href":"https:\/\/jormax.com\/en\/wp-json\/wp\/v2\/product"}],"about":[{"href":"https:\/\/jormax.com\/en\/wp-json\/wp\/v2\/types\/product"}],"wp:featuredmedia":[{"embeddable":true,"href":"https:\/\/jormax.com\/en\/wp-json\/wp\/v2\/media\/15082"}],"wp:attachment":[{"href":"https:\/\/jormax.com\/en\/wp-json\/wp\/v2\/media?parent=15561"}],"wp:term":[{"taxonomy":"product_brand","embeddable":true,"href":"https:\/\/jormax.com\/en\/wp-json\/wp\/v2\/product_brand?post=15561"},{"taxonomy":"product_cat","embeddable":true,"href":"https:\/\/jormax.com\/en\/wp-json\/wp\/v2\/product_cat?post=15561"},{"taxonomy":"product_tag","embeddable":true,"href":"https:\/\/jormax.com\/en\/wp-json\/wp\/v2\/product_tag?post=15561"}],"curies":[{"name":"wp","href":"https:\/\/api.w.org\/{rel}","templated":true}]}}