{"id":8792,"date":"2019-11-18T16:24:23","date_gmt":"2019-11-18T16:24:23","guid":{"rendered":"https:\/\/www.jormax.com\/downloads\/"},"modified":"2026-02-26T14:05:01","modified_gmt":"2026-02-26T14:05:01","slug":"downloads","status":"publish","type":"page","link":"https:\/\/jormax.com\/en\/downloads\/","title":{"rendered":"Downloads"},"content":{"rendered":"<div class=\"wpb-content-wrapper\"><p>[vc_row][vc_column width=&#8221;1\/3&#8243;][vc_custom_heading text=&#8221;CATALOGS, BROCHURES AND TECHNICAL DOCUMENTS.&#8221; font_container=&#8221;tag:h6|font_size:15px|text_align:left|line_height:24px&#8221; google_fonts=&#8221;font_family:Exo%3A100%2C100italic%2C200%2C200italic%2C300%2C300italic%2Cregular%2Citalic%2C500%2C500italic%2C600%2C600italic%2C700%2C700italic%2C800%2C800italic%2C900%2C900italic|font_style:400%20italic%3A400%3Aitalic&#8221; custom_css=&#8221;letter-spacing: 0.08em;&#8221; css=&#8221;.vc_custom_1576605776483{margin-bottom: 5px !important;}&#8221; el_class=&#8221;tb-extratext-1 bt-color-main tb-icon&#8221;][vc_custom_heading text=&#8221;DOWNLOAD AREA&#8221; font_container=&#8221;tag:h3|font_size:26px|text_align:left|color:%23454545|line_height:36px&#8221; use_theme_fonts=&#8221;yes&#8221; el_class=&#8221;bt-poppins-font&#8221; css=&#8221;.vc_custom_1576605765652{margin-bottom: 15px !important;}&#8221;][vc_empty_space][vc_column_text]Here you can consult and download all our publicly available documents such as catalogs, brochures and technical documents.<br \/>\n[\/vc_column_text][vc_empty_space][vc_column_text]<\/p>\n<a href=\"http:\/\/jormax.com\/wp-content\/uploads\/catalogo-tecnico-2026_web.pdf\" target=\"_blank\" rel=\"noopener noreferrer\"><img loading=\"lazy\" decoding=\"async\" class=\"size-large wp-image-10749\" src=\"http:\/\/jormax.com\/wp-content\/uploads\/catalogo-mockup.png\" alt=\"Catalog Jormax\" width=\"500\" height=\"550\" \/><\/a>\n<p>[\/vc_column_text][\/vc_column][vc_column width=&#8221;1\/3&#8243;][\/vc_column][vc_column width=&#8221;1\/3&#8243;][\/vc_column][\/vc_row][vc_row][vc_column][vc_empty_space height=&#8221;75px&#8221;][\/vc_column][\/vc_row]<\/p>\n<\/div>","protected":false},"excerpt":{"rendered":"<p>[vc_row][vc_column width=&#8221;1\/3&#8243;][vc_custom_heading text=&#8221;CATALOGS, BROCHURES AND TECHNICAL DOCUMENTS.&#8221; font_container=&#8221;tag:h6|font_size:15px|text_align:left|line_height:24px&#8221; google_fonts=&#8221;font_family:Exo%3A100%2C100italic%2C200%2C200italic%2C300%2C300italic%2Cregular%2Citalic%2C500%2C500italic%2C600%2C600italic%2C700%2C700italic%2C800%2C800italic%2C900%2C900italic|font_style:400%20italic%3A400%3Aitalic&#8221; custom_css=&#8221;letter-spacing: 0.08em;&#8221; css=&#8221;.vc_custom_1576605776483{margin-bottom: 5px !important;}&#8221; el_class=&#8221;tb-extratext-1 bt-color-main tb-icon&#8221;][vc_custom_heading text=&#8221;DOWNLOAD AREA&#8221; font_container=&#8221;tag:h3|font_size:26px|text_align:left|color:%23454545|line_height:36px&#8221; use_theme_fonts=&#8221;yes&#8221; el_class=&#8221;bt-poppins-font&#8221; css=&#8221;.vc_custom_1576605765652{margin-bottom: 15px !important;}&#8221;][vc_empty_space][vc_column_text]Here you can consult and download all our publicly available documents such as catalogs, brochures and technical documents. [\/vc_column_text][vc_empty_space][vc_column_text] [\/vc_column_text][\/vc_column][vc_column width=&#8221;1\/3&#8243;][\/vc_column][vc_column width=&#8221;1\/3&#8243;][\/vc_column][\/vc_row][vc_row][vc_column][vc_empty_space height=&#8221;75px&#8221;][\/vc_column][\/vc_row]<\/p>\n","protected":false},"author":2,"featured_media":0,"parent":0,"menu_order":49,"comment_status":"closed","ping_status":"closed","template":"","meta":{"footnotes":""},"class_list":["post-8792","page","type-page","status-publish","hentry"],"yoast_head":"<!-- This site is optimized with the Yoast SEO plugin v24.5 - https:\/\/yoast.com\/wordpress\/plugins\/seo\/ -->\n<title>Downloads - Jormax - F\u00e1brica de Escadas e Escadotes<\/title>\n<meta name=\"robots\" content=\"index, follow, max-snippet:-1, max-image-preview:large, max-video-preview:-1\" \/>\n<link rel=\"canonical\" href=\"https:\/\/jormax.com\/en\/downloads\/\" \/>\n<meta property=\"og:locale\" content=\"en_US\" \/>\n<meta property=\"og:type\" content=\"article\" \/>\n<meta property=\"og:title\" content=\"Downloads - Jormax - F\u00e1brica de Escadas e Escadotes\" \/>\n<meta property=\"og:description\" content=\"[vc_row][vc_column width=&#8221;1\/3&#8243;][vc_custom_heading text=&#8221;CATALOGS, BROCHURES AND TECHNICAL DOCUMENTS.&#8221; font_container=&#8221;tag:h6|font_size:15px|text_align:left|line_height:24px&#8221; google_fonts=&#8221;font_family:Exo%3A100%2C100italic%2C200%2C200italic%2C300%2C300italic%2Cregular%2Citalic%2C500%2C500italic%2C600%2C600italic%2C700%2C700italic%2C800%2C800italic%2C900%2C900italic|font_style:400%20italic%3A400%3Aitalic&#8221; custom_css=&#8221;letter-spacing: 0.08em;&#8221; css=&#8221;.vc_custom_1576605776483{margin-bottom: 5px !important;}&#8221; el_class=&#8221;tb-extratext-1 bt-color-main tb-icon&#8221;][vc_custom_heading text=&#8221;DOWNLOAD AREA&#8221; font_container=&#8221;tag:h3|font_size:26px|text_align:left|color:%23454545|line_height:36px&#8221; use_theme_fonts=&#8221;yes&#8221; el_class=&#8221;bt-poppins-font&#8221; css=&#8221;.vc_custom_1576605765652{margin-bottom: 15px !important;}&#8221;][vc_empty_space][vc_column_text]Here you can consult and download all our publicly available documents such as catalogs, brochures and technical documents. [\/vc_column_text][vc_empty_space][vc_column_text] [\/vc_column_text][\/vc_column][vc_column width=&#8221;1\/3&#8243;][\/vc_column][vc_column width=&#8221;1\/3&#8243;][\/vc_column][\/vc_row][vc_row][vc_column][vc_empty_space height=&#8221;75px&#8221;][\/vc_column][\/vc_row]\" \/>\n<meta property=\"og:url\" content=\"https:\/\/jormax.com\/en\/downloads\/\" \/>\n<meta property=\"og:site_name\" content=\"Jormax - F\u00e1brica de Escadas e Escadotes\" \/>\n<meta property=\"article:publisher\" content=\"https:\/\/www.facebook.com\/jormaxportugal\/\" \/>\n<meta property=\"article:modified_time\" content=\"2026-02-26T14:05:01+00:00\" \/>\n<meta property=\"og:image\" content=\"https:\/\/jormax.com\/wp-content\/uploads\/catalogo-jormax-red_v2.png\" \/>\n\t<meta property=\"og:image:width\" content=\"380\" \/>\n\t<meta property=\"og:image:height\" content=\"500\" \/>\n\t<meta property=\"og:image:type\" content=\"image\/png\" \/>\n<meta name=\"twitter:card\" content=\"summary_large_image\" \/>\n<meta name=\"twitter:label1\" content=\"Est. reading time\" \/>\n\t<meta name=\"twitter:data1\" content=\"1 minute\" \/>\n<script type=\"application\/ld+json\" class=\"yoast-schema-graph\">{\"@context\":\"https:\/\/schema.org\",\"@graph\":[{\"@type\":\"WebPage\",\"@id\":\"https:\/\/jormax.com\/en\/downloads\/\",\"url\":\"https:\/\/jormax.com\/en\/downloads\/\",\"name\":\"Downloads - Jormax - F\u00e1brica de Escadas e Escadotes\",\"isPartOf\":{\"@id\":\"https:\/\/jormax.com\/en\/#website\"},\"primaryImageOfPage\":{\"@id\":\"https:\/\/jormax.com\/en\/downloads\/#primaryimage\"},\"image\":{\"@id\":\"https:\/\/jormax.com\/en\/downloads\/#primaryimage\"},\"thumbnailUrl\":\"http:\/\/jormax.com\/wp-content\/uploads\/catalogo-mockup.png\",\"datePublished\":\"2019-11-18T16:24:23+00:00\",\"dateModified\":\"2026-02-26T14:05:01+00:00\",\"breadcrumb\":{\"@id\":\"https:\/\/jormax.com\/en\/downloads\/#breadcrumb\"},\"inLanguage\":\"en-US\",\"potentialAction\":[{\"@type\":\"ReadAction\",\"target\":[\"https:\/\/jormax.com\/en\/downloads\/\"]}]},{\"@type\":\"ImageObject\",\"inLanguage\":\"en-US\",\"@id\":\"https:\/\/jormax.com\/en\/downloads\/#primaryimage\",\"url\":\"http:\/\/jormax.com\/wp-content\/uploads\/catalogo-mockup.png\",\"contentUrl\":\"http:\/\/jormax.com\/wp-content\/uploads\/catalogo-mockup.png\"},{\"@type\":\"BreadcrumbList\",\"@id\":\"https:\/\/jormax.com\/en\/downloads\/#breadcrumb\",\"itemListElement\":[{\"@type\":\"ListItem\",\"position\":1,\"name\":\"In\u00edcio\",\"item\":\"https:\/\/jormax.com\/en\/\"},{\"@type\":\"ListItem\",\"position\":2,\"name\":\"Downloads\"}]},{\"@type\":\"WebSite\",\"@id\":\"https:\/\/jormax.com\/en\/#website\",\"url\":\"https:\/\/jormax.com\/en\/\",\"name\":\"Jormax - F\u00e1brica de Escadas e Escadotes\",\"description\":\"Fabricante de escadas, escadotes, andaimes, plataformas e solu\u00e7\u00f5es \u00e0 medida em alum\u00ednio e fibra de vidro certificados. F\u00e1brica com sede em Portugal.\",\"publisher\":{\"@id\":\"https:\/\/jormax.com\/en\/#organization\"},\"potentialAction\":[{\"@type\":\"SearchAction\",\"target\":{\"@type\":\"EntryPoint\",\"urlTemplate\":\"https:\/\/jormax.com\/en\/?s={search_term_string}\"},\"query-input\":{\"@type\":\"PropertyValueSpecification\",\"valueRequired\":true,\"valueName\":\"search_term_string\"}}],\"inLanguage\":\"en-US\"},{\"@type\":\"Organization\",\"@id\":\"https:\/\/jormax.com\/en\/#organization\",\"name\":\"Jormax - Factory of Ladders, Step Ladders and Scaffolding\",\"url\":\"https:\/\/jormax.com\/en\/\",\"logo\":{\"@type\":\"ImageObject\",\"inLanguage\":\"en-US\",\"@id\":\"https:\/\/jormax.com\/en\/#\/schema\/logo\/image\/\",\"url\":\"http:\/\/jormax.com\/wp-content\/uploads\/2019\/12\/logotipo-jormax-cor-stickymenu.png\",\"contentUrl\":\"http:\/\/jormax.com\/wp-content\/uploads\/2019\/12\/logotipo-jormax-cor-stickymenu.png\",\"width\":235,\"height\":59,\"caption\":\"Jormax - Factory of Ladders, Step Ladders and Scaffolding\"},\"image\":{\"@id\":\"https:\/\/jormax.com\/en\/#\/schema\/logo\/image\/\"},\"sameAs\":[\"https:\/\/www.facebook.com\/jormaxportugal\/\"]}]}<\/script>\n<!-- \/ Yoast SEO plugin. -->","yoast_head_json":{"title":"Downloads - Jormax - F\u00e1brica de Escadas e Escadotes","robots":{"index":"index","follow":"follow","max-snippet":"max-snippet:-1","max-image-preview":"max-image-preview:large","max-video-preview":"max-video-preview:-1"},"canonical":"https:\/\/jormax.com\/en\/downloads\/","og_locale":"en_US","og_type":"article","og_title":"Downloads - Jormax - F\u00e1brica de Escadas e Escadotes","og_description":"[vc_row][vc_column width=&#8221;1\/3&#8243;][vc_custom_heading text=&#8221;CATALOGS, BROCHURES AND TECHNICAL DOCUMENTS.&#8221; font_container=&#8221;tag:h6|font_size:15px|text_align:left|line_height:24px&#8221; google_fonts=&#8221;font_family:Exo%3A100%2C100italic%2C200%2C200italic%2C300%2C300italic%2Cregular%2Citalic%2C500%2C500italic%2C600%2C600italic%2C700%2C700italic%2C800%2C800italic%2C900%2C900italic|font_style:400%20italic%3A400%3Aitalic&#8221; custom_css=&#8221;letter-spacing: 0.08em;&#8221; css=&#8221;.vc_custom_1576605776483{margin-bottom: 5px !important;}&#8221; el_class=&#8221;tb-extratext-1 bt-color-main tb-icon&#8221;][vc_custom_heading text=&#8221;DOWNLOAD AREA&#8221; font_container=&#8221;tag:h3|font_size:26px|text_align:left|color:%23454545|line_height:36px&#8221; use_theme_fonts=&#8221;yes&#8221; el_class=&#8221;bt-poppins-font&#8221; css=&#8221;.vc_custom_1576605765652{margin-bottom: 15px !important;}&#8221;][vc_empty_space][vc_column_text]Here you can consult and download all our publicly available documents such as catalogs, brochures and technical documents. [\/vc_column_text][vc_empty_space][vc_column_text] [\/vc_column_text][\/vc_column][vc_column width=&#8221;1\/3&#8243;][\/vc_column][vc_column width=&#8221;1\/3&#8243;][\/vc_column][\/vc_row][vc_row][vc_column][vc_empty_space height=&#8221;75px&#8221;][\/vc_column][\/vc_row]","og_url":"https:\/\/jormax.com\/en\/downloads\/","og_site_name":"Jormax - F\u00e1brica de Escadas e Escadotes","article_publisher":"https:\/\/www.facebook.com\/jormaxportugal\/","article_modified_time":"2026-02-26T14:05:01+00:00","og_image":[{"width":380,"height":500,"url":"https:\/\/jormax.com\/wp-content\/uploads\/catalogo-jormax-red_v2.png","type":"image\/png"}],"twitter_card":"summary_large_image","twitter_misc":{"Est. reading time":"1 minute"},"schema":{"@context":"https:\/\/schema.org","@graph":[{"@type":"WebPage","@id":"https:\/\/jormax.com\/en\/downloads\/","url":"https:\/\/jormax.com\/en\/downloads\/","name":"Downloads - Jormax - F\u00e1brica de Escadas e Escadotes","isPartOf":{"@id":"https:\/\/jormax.com\/en\/#website"},"primaryImageOfPage":{"@id":"https:\/\/jormax.com\/en\/downloads\/#primaryimage"},"image":{"@id":"https:\/\/jormax.com\/en\/downloads\/#primaryimage"},"thumbnailUrl":"http:\/\/jormax.com\/wp-content\/uploads\/catalogo-mockup.png","datePublished":"2019-11-18T16:24:23+00:00","dateModified":"2026-02-26T14:05:01+00:00","breadcrumb":{"@id":"https:\/\/jormax.com\/en\/downloads\/#breadcrumb"},"inLanguage":"en-US","potentialAction":[{"@type":"ReadAction","target":["https:\/\/jormax.com\/en\/downloads\/"]}]},{"@type":"ImageObject","inLanguage":"en-US","@id":"https:\/\/jormax.com\/en\/downloads\/#primaryimage","url":"http:\/\/jormax.com\/wp-content\/uploads\/catalogo-mockup.png","contentUrl":"http:\/\/jormax.com\/wp-content\/uploads\/catalogo-mockup.png"},{"@type":"BreadcrumbList","@id":"https:\/\/jormax.com\/en\/downloads\/#breadcrumb","itemListElement":[{"@type":"ListItem","position":1,"name":"In\u00edcio","item":"https:\/\/jormax.com\/en\/"},{"@type":"ListItem","position":2,"name":"Downloads"}]},{"@type":"WebSite","@id":"https:\/\/jormax.com\/en\/#website","url":"https:\/\/jormax.com\/en\/","name":"Jormax - F\u00e1brica de Escadas e Escadotes","description":"Fabricante de escadas, escadotes, andaimes, plataformas e solu\u00e7\u00f5es \u00e0 medida em alum\u00ednio e fibra de vidro certificados. F\u00e1brica com sede em Portugal.","publisher":{"@id":"https:\/\/jormax.com\/en\/#organization"},"potentialAction":[{"@type":"SearchAction","target":{"@type":"EntryPoint","urlTemplate":"https:\/\/jormax.com\/en\/?s={search_term_string}"},"query-input":{"@type":"PropertyValueSpecification","valueRequired":true,"valueName":"search_term_string"}}],"inLanguage":"en-US"},{"@type":"Organization","@id":"https:\/\/jormax.com\/en\/#organization","name":"Jormax - Factory of Ladders, Step Ladders and Scaffolding","url":"https:\/\/jormax.com\/en\/","logo":{"@type":"ImageObject","inLanguage":"en-US","@id":"https:\/\/jormax.com\/en\/#\/schema\/logo\/image\/","url":"http:\/\/jormax.com\/wp-content\/uploads\/2019\/12\/logotipo-jormax-cor-stickymenu.png","contentUrl":"http:\/\/jormax.com\/wp-content\/uploads\/2019\/12\/logotipo-jormax-cor-stickymenu.png","width":235,"height":59,"caption":"Jormax - Factory of Ladders, Step Ladders and Scaffolding"},"image":{"@id":"https:\/\/jormax.com\/en\/#\/schema\/logo\/image\/"},"sameAs":["https:\/\/www.facebook.com\/jormaxportugal\/"]}]}},"_links":{"self":[{"href":"https:\/\/jormax.com\/en\/wp-json\/wp\/v2\/pages\/8792","targetHints":{"allow":["GET"]}}],"collection":[{"href":"https:\/\/jormax.com\/en\/wp-json\/wp\/v2\/pages"}],"about":[{"href":"https:\/\/jormax.com\/en\/wp-json\/wp\/v2\/types\/page"}],"author":[{"embeddable":true,"href":"https:\/\/jormax.com\/en\/wp-json\/wp\/v2\/users\/2"}],"replies":[{"embeddable":true,"href":"https:\/\/jormax.com\/en\/wp-json\/wp\/v2\/comments?post=8792"}],"version-history":[{"count":4,"href":"https:\/\/jormax.com\/en\/wp-json\/wp\/v2\/pages\/8792\/revisions"}],"predecessor-version":[{"id":17287,"href":"https:\/\/jormax.com\/en\/wp-json\/wp\/v2\/pages\/8792\/revisions\/17287"}],"wp:attachment":[{"href":"https:\/\/jormax.com\/en\/wp-json\/wp\/v2\/media?parent=8792"}],"curies":[{"name":"wp","href":"https:\/\/api.w.org\/{rel}","templated":true}]}}