{"id":8747,"date":"2019-11-18T14:59:33","date_gmt":"2019-11-18T14:59:33","guid":{"rendered":"https:\/\/www.jormax.com\/contacts\/"},"modified":"2022-05-20T13:49:55","modified_gmt":"2022-05-20T12:49:55","slug":"contacts","status":"publish","type":"page","link":"https:\/\/jormax.com\/en\/contacts\/","title":{"rendered":"Contacts"},"content":{"rendered":"<div class=\"wpb-content-wrapper\"><p>[vc_row css=&#8221;.vc_custom_1463387345969{padding-bottom: 60px !important;}&#8221;][vc_column offset=&#8221;vc_col-lg-7 vc_col-md-7&#8243;][vc_custom_heading text=&#8221;WE HAVE THE SOLUTION YOU ARE LOOKING FOR!&#8221; font_container=&#8221;tag:h3|font_size:25px|text_align:left|color:%23242424|line_height:36px&#8221; use_theme_fonts=&#8221;yes&#8221; custom_css=&#8221;letter-spacing: 0.05em;&#8221; el_class=&#8221;bt-poppins-font&#8221; css=&#8221;.vc_custom_1555322658429{margin-bottom: 15px !important;}&#8221;][vc_empty_space height=&#8221;18px&#8221;][vc_column_text css=&#8221;.vc_custom_1551693051373{margin-bottom: 30px !important;}&#8221;]<\/p>\n<p class=\"bt-default-font-main\" style=\"font-size: 15px; line-height: 28px; letter-spacing: 0.05em; color: #646464;\">With over 40 years of history, Jormax is a reference company in the manufacture of height access equipment. All brand solutions adapt to any type of environment and context.<\/p>\n<p>[\/vc_column_text][vc_column_text css=&#8221;.vc_custom_1551693061380{margin-bottom: 30px !important;}&#8221;]<\/p>\n<p class=\"bt-default-font-main\" style=\"font-size: 15px; line-height: 28px; letter-spacing: 0.05em; color: #646464;\">We have assembly lines dedicated to the manufacture of stairs, ladders, scaffolding, towers, platforms and various aluminium accessories.<\/p>\n<p>[\/vc_column_text][vc_column_text css=&#8221;.vc_custom_1551693209630{margin-bottom: 30px !important;}&#8221;]<\/p>\n<p class=\"bt-default-font-main\" style=\"font-size: 15px; line-height: 28px; letter-spacing: 0.05em; color: #646464;\">To contact us, please use the options available on the right side or through the contact form at the bottom of the page. Thanks.<\/p>\n<p>[\/vc_column_text][\/vc_column][vc_column offset=&#8221;vc_col-lg-5 vc_col-md-5&#8243;][vc_custom_heading text=&#8221;GET IN TOUCH&#8221; font_container=&#8221;tag:h3|font_size:25px|text_align:left|color:%23242424|line_height:36px&#8221; use_theme_fonts=&#8221;yes&#8221; custom_css=&#8221;letter-spacing: 0.05em;&#8221; el_class=&#8221;bt-poppins-font&#8221; css=&#8221;.vc_custom_1555322667820{margin-bottom: 15px !important;}&#8221;][vc_row_inner el_class=&#8221;bt-contact-info-section2&#8243; css=&#8221;.vc_custom_1571676043238{padding-bottom: 30px !important;}&#8221;][vc_column_inner width=&#8221;1\/6&#8243; css=&#8221;.vc_custom_1571734988202{padding-top: 18px !important;}&#8221;][vc_raw_html]JTNDc3BhbiUyMHN0eWxlJTNEJTIyZm9udC1zaXplJTNBJTIwNjBweCUzQiUyMiUyMGNsYXNzJTNEJTIydmNfaWNvbl9lbGVtZW50LWljb24lMjBmYSUyMGZhLW1vYmlsZSUyMiUzRSUzQyUyRnNwYW4lM0U=[\/vc_raw_html][\/vc_column_inner][vc_column_inner width=&#8221;5\/6&#8243; css=&#8221;.vc_custom_1571734705676{padding-left: -30px !important;}&#8221;][vc_column_text css=&#8221;.vc_custom_1653050935035{margin-bottom: 0px !important;}&#8221;]Tel.: <a href=\"tel:+351256783591\">(+351) 256 783 591<\/a><br \/>\nTel.: (+351) 256 783 585[\/vc_column_text][\/vc_column_inner][\/vc_row_inner][vc_row_inner el_class=&#8221;bt-contact-info-section2&#8243; css=&#8221;.vc_custom_1571676031291{padding-bottom: 30px !important;}&#8221;][vc_column_inner width=&#8221;1\/6&#8243;][vc_raw_html]JTNDc3BhbiUyMHN0eWxlJTNEJTIyZm9udC1zaXplJTNBJTIwNDdweCUzQiUyMiUyMCUyMGNsYXNzJTNEJTIydmNfaWNvbl9lbGVtZW50LWljb24lMjBmYSUyMGZhLW1hcC1tYXJrZXIlMjIlM0UlM0MlMkZzcGFuJTNF[\/vc_raw_html][\/vc_column_inner][vc_column_inner width=&#8221;5\/6&#8243; css=&#8221;.vc_custom_1571734941549{padding-top: 10px !important;}&#8221;][vc_column_text css=&#8221;.vc_custom_1653050823550{margin-bottom: 0px !important;}&#8221;]<span style=\"font-size: 14px; line-height: 10px; padding-bottom: 9px; font-weight: bold;\">General<\/span><\/p>\n<p style=\"text-align: left; line-height: 10px; padding-bottom: 9px;\"><a href=\"mailto:info@jormax.com\">info@jormax.com<\/a><\/p>\n<p><span style=\"font-size: 14px; font-weight: bold;\">Commercial Department<\/span><\/p>\n<p style=\"text-align: left; line-height: 10px; padding-bottom: 9px;\"><a href=\"mailto:comercial@jormax.com\">comercial@jormax.com<\/a><\/p>\n<p><span style=\"font-size: 14px; font-weight: bold;\">Production<\/span><\/p>\n<p style=\"text-align: left; line-height: 10px; padding-bottom: 9px;\"><a href=\"mailto:fabrica@jormax.com\">fabrica@jormax.com<\/a><\/p>\n<p>[\/vc_column_text][\/vc_column_inner][\/vc_row_inner][vc_row_inner el_class=&#8221;bt-contact-info-section2&#8243; css=&#8221;.vc_custom_1461075925385{padding-bottom: 30px !important;}&#8221;][vc_column_inner width=&#8221;1\/6&#8243; css=&#8221;.vc_custom_1571734999565{padding-top: 18px !important;}&#8221;][vc_raw_html]JTNDc3BhbiUyMHN0eWxlJTNEJTIyZm9udC1zaXplJTNBJTIwMzNweCUzQiUyMiUyMCUyMGNsYXNzJTNEJTIydmNfaWNvbl9lbGVtZW50LWljb24lMjBmYSUyMGZhLWRhdGFiYXNlJTIyJTNFJTNDJTJGc3BhbiUzRQ==[\/vc_raw_html][\/vc_column_inner][vc_column_inner width=&#8221;5\/6&#8243;][vc_column_text css=&#8221;.vc_custom_1653050992398{margin-bottom: 0px !important;}&#8221;]Zona Industrial Rio Me\u00e3o, Apt. 459<br \/>\n4520-475 Santa Maria da Feira<br \/>\nPortugal[\/vc_column_text][\/vc_column_inner][\/vc_row_inner][\/vc_column][\/vc_row][vc_row full_width=&#8221;stretch_row_content_no_spaces&#8221; el_id=&#8221;map&#8221;][vc_column][vc_column_text]<iframe style=\"border: 0;\" src=\"https:\/\/www.google.com\/maps\/embed?pb=!1m18!1m12!1m3!1d3012.843178561901!2d-8.597277284587348!3d40.96301417930536!2m3!1f0!2f0!3f0!3m2!1i1024!2i768!4f13.1!3m3!1m2!1s0xd24789f756198b7%3A0xa285f6b3bd2c8a79!2sJORMAX%20IND%C3%9ASTRIA%2C%20LDA!5e0!3m2!1sen!2spt!4v1574245091404!5m2!1sen!2spt\" height=\"450\" frameborder=\"0\" allowfullscreen=\"allowfullscreen\"><\/iframe>[\/vc_column_text][\/vc_column][\/vc_row][vc_row][vc_column][vc_empty_space height=&#8221;12px&#8221;][vc_custom_heading text=&#8221;LEAVE YOUR MESSAGE&#8221; font_container=&#8221;tag:h3|font_size:35px|text_align:center|color:%23393838|line_height:38px&#8221; use_theme_fonts=&#8221;yes&#8221; el_class=&#8221;bt-poppins-font&#8221; css=&#8221;.vc_custom_1555322678190{margin-bottom: 10px !important;}&#8221;][vc_custom_heading text=&#8221;If you have any questions, please feel free to contact us.&#8221; font_container=&#8221;tag:div|font_size:16px|text_align:center|color:%23929292|line_height:24px&#8221; use_theme_fonts=&#8221;yes&#8221; el_class=&#8221;bt-poppins-font bt-subtext&#8221; css=&#8221;.vc_custom_1551692937983{margin-bottom: 50px !important;}&#8221;]\n<div class=\"wpcf7 no-js\" id=\"wpcf7-f8806-o1\" lang=\"en-US\" dir=\"ltr\" data-wpcf7-id=\"8806\">\n<div class=\"screen-reader-response\"><p role=\"status\" aria-live=\"polite\" aria-atomic=\"true\"><\/p> <ul><\/ul><\/div>\n<form action=\"\/en\/wp-json\/wp\/v2\/pages\/8747#wpcf7-f8806-o1\" method=\"post\" class=\"wpcf7-form init\" aria-label=\"Contact form\" novalidate=\"novalidate\" data-status=\"init\">\n<div style=\"display: none;\">\n<input type=\"hidden\" name=\"_wpcf7\" value=\"8806\" \/>\n<input type=\"hidden\" name=\"_wpcf7_version\" value=\"6.0.4\" \/>\n<input type=\"hidden\" name=\"_wpcf7_locale\" value=\"en_US\" \/>\n<input type=\"hidden\" name=\"_wpcf7_unit_tag\" value=\"wpcf7-f8806-o1\" \/>\n<input type=\"hidden\" name=\"_wpcf7_container_post\" value=\"0\" \/>\n<input type=\"hidden\" name=\"_wpcf7_posted_data_hash\" value=\"\" \/>\n<input type=\"hidden\" name=\"_wpcf7_recaptcha_response\" value=\"\" \/>\n<\/div>\n<div class=\"row bt-contact-form3\">\n\t<div class=\"col-md-4\">\n\t\t<div class=\"bt-field-text name\">\n\t\t\t<p><span class=\"bt-label\"><\/span><span class=\"wpcf7-form-control-wrap\" data-name=\"your-name\"><input size=\"40\" maxlength=\"400\" class=\"wpcf7-form-control wpcf7-text wpcf7-validates-as-required\" aria-required=\"true\" aria-invalid=\"false\" placeholder=\"NAME *\" value=\"\" type=\"text\" name=\"your-name\" \/><\/span>\n\t\t\t<\/p>\n\t\t<\/div>\n\t<\/div>\n\t<div class=\"col-md-4\">\n\t\t<div class=\"bt-field-text email\">\n\t\t\t<p><span class=\"bt-label\"><\/span><span class=\"wpcf7-form-control-wrap\" data-name=\"your-email\"><input size=\"40\" maxlength=\"400\" class=\"wpcf7-form-control wpcf7-email wpcf7-validates-as-required wpcf7-text wpcf7-validates-as-email\" aria-required=\"true\" aria-invalid=\"false\" placeholder=\"EMAIL *\" value=\"\" type=\"email\" name=\"your-email\" \/><\/span>\n\t\t\t<\/p>\n\t\t<\/div>\n\t<\/div>\n\t<div class=\"col-md-4\">\n\t\t<div class=\"bt-field-text email\">\n\t\t\t<p><span class=\"bt-label\"><\/span><span class=\"wpcf7-form-control-wrap\" data-name=\"your-company\"><input size=\"40\" maxlength=\"400\" class=\"wpcf7-form-control wpcf7-text wpcf7-validates-as-required\" aria-required=\"true\" aria-invalid=\"false\" placeholder=\"COMPANY *\" value=\"\" type=\"text\" name=\"your-company\" \/><\/span>\n\t\t\t<\/p>\n\t\t<\/div>\n\t<\/div>\n\t<div class=\"col-md-4\">\n\t\t<div class=\"bt-field-text email\">\n\t\t\t<p><span class=\"bt-label\"><\/span><span class=\"wpcf7-form-control-wrap\" data-name=\"your-phone\"><input class=\"wpcf7-form-control wpcf7-number wpcf7-validates-as-required wpcf7-validates-as-number\" aria-required=\"true\" aria-invalid=\"false\" placeholder=\"PHONE NUMBER *\" value=\"\" type=\"number\" name=\"your-phone\" \/><\/span>\n\t\t\t<\/p>\n\t\t<\/div>\n\t<\/div>\n\t<div class=\"col-md-4\">\n\t\t<div class=\"bt-field-text name\">\n\t\t\t<p><span class=\"bt-label\"><\/span><span class=\"wpcf7-form-control-wrap\" data-name=\"your-address1\"><input size=\"40\" maxlength=\"400\" class=\"wpcf7-form-control wpcf7-text wpcf7-validates-as-required\" aria-required=\"true\" aria-invalid=\"false\" placeholder=\"ADDRESS *\" value=\"\" type=\"text\" name=\"your-address1\" \/><\/span>\n\t\t\t<\/p>\n\t\t<\/div>\n\t<\/div>\n\t<div class=\"col-md-4\">\n\t\t<div class=\"bt-field-text email\">\n\t\t\t<p><span class=\"bt-label\"><\/span><span class=\"wpcf7-form-control-wrap\" data-name=\"your-address2\"><input size=\"40\" maxlength=\"400\" class=\"wpcf7-form-control wpcf7-text wpcf7-validates-as-required\" aria-required=\"true\" aria-invalid=\"false\" placeholder=\"LOCATION *\" value=\"\" type=\"text\" name=\"your-address2\" \/><\/span>\n\t\t\t<\/p>\n\t\t<\/div>\n\t<\/div>\n\t<div class=\"col-md-12\">\n\t\t<div class=\"bt-field-text subject\">\n\t\t\t<p><span class=\"bt-label\"><\/span><span class=\"wpcf7-form-control-wrap\" data-name=\"your-subject\"><input size=\"40\" maxlength=\"400\" class=\"wpcf7-form-control wpcf7-text wpcf7-validates-as-required\" aria-required=\"true\" aria-invalid=\"false\" placeholder=\"SUBJECT *\" value=\"\" type=\"text\" name=\"your-subject\" \/><\/span>\n\t\t\t<\/p>\n\t\t<\/div>\n\t<\/div>\n\t<div class=\"col-md-12\">\n\t\t<div class=\"bt-field-text content\">\n\t\t\t<p><span class=\"wpcf7-form-control-wrap\" data-name=\"your-message\"><textarea cols=\"40\" rows=\"10\" maxlength=\"2000\" class=\"wpcf7-form-control wpcf7-textarea wpcf7-validates-as-required\" aria-required=\"true\" aria-invalid=\"false\" placeholder=\"MESSAGE *\" name=\"your-message\"><\/textarea><\/span>\n\t\t\t<\/p>\n\t\t<\/div>\n\t<\/div>\n\t<div class=\"col-md-12\">\n\t\t<div class=\"bt-field-text content\" style=\"font-size:11px; margin-bottom: 9px;\">\n\t\t\t<p><span class=\"wpcf7-form-control-wrap\" data-name=\"acceptance-785\"><span class=\"wpcf7-form-control wpcf7-acceptance\"><span class=\"wpcf7-list-item\"><input type=\"checkbox\" name=\"acceptance-785\" value=\"1\" aria-invalid=\"false\" \/><\/span><\/span><\/span> I have read and accept <a href=\"http:\/\/jormax.com\/en\/privacy-policy\/\" target=\"_blank\">privacy and personal data protection policy<\/a><br \/>\n<span class=\"wpcf7-form-control-wrap\" data-name=\"acceptance-786\"><span class=\"wpcf7-form-control wpcf7-acceptance\"><span class=\"wpcf7-list-item\"><input type=\"checkbox\" name=\"acceptance-786\" value=\"1\" aria-invalid=\"false\" \/><\/span><\/span><\/span> I authorize the use of the collected data to be contacted under this matter. *\n\t\t\t<\/p>\n\t\t\t<p style=\"padding-left: 1px;\"><i class=\"fab fa-google\"><\/i> This site is protected by reCAPTCHA and the Google <a href=\"https:\/\/policies.google.com\/privacy\">Privacy Policy<\/a> and <a href=\"https:\/\/policies.google.com\/terms\">Terms of Service<\/a> apply.\n\t\t\t<\/p>\n\t\t<\/div>\n\t<\/div>\n\t<div class=\"col-md-12 text-left\">\n\t\t<p><input class=\"wpcf7-form-control wpcf7-submit has-spinner\" type=\"submit\" value=\"SEND MESSAGE\" \/>\n\t\t<\/p>\n\t<\/div>\n\t<div class=\"col-md-12 text-right\">\n\t\t<p style=\"font-size:11px;\">*Required Fields\n\t\t<\/p>\n\t<\/div>\n<\/div><div class=\"wpcf7-response-output\" aria-hidden=\"true\"><\/div>\n<\/form>\n<\/div>\n[vc_empty_space height=&#8221;70px&#8221;][\/vc_column][\/vc_row]<\/p>\n<\/div>","protected":false},"excerpt":{"rendered":"<p>[vc_row css=&#8221;.vc_custom_1463387345969{padding-bottom: 60px !important;}&#8221;][vc_column offset=&#8221;vc_col-lg-7 vc_col-md-7&#8243;][vc_custom_heading text=&#8221;WE HAVE THE SOLUTION YOU ARE LOOKING FOR!&#8221; font_container=&#8221;tag:h3|font_size:25px|text_align:left|color:%23242424|line_height:36px&#8221; use_theme_fonts=&#8221;yes&#8221; custom_css=&#8221;letter-spacing: 0.05em;&#8221; el_class=&#8221;bt-poppins-font&#8221; css=&#8221;.vc_custom_1555322658429{margin-bottom: 15px !important;}&#8221;][vc_empty_space height=&#8221;18px&#8221;][vc_column_text css=&#8221;.vc_custom_1551693051373{margin-bottom: 30px !important;}&#8221;] With over 40 years of history, Jormax is a reference company in the manufacture of height access equipment. All brand solutions adapt to any type of environment and context. [&hellip;]<\/p>\n","protected":false},"author":2,"featured_media":0,"parent":0,"menu_order":63,"comment_status":"closed","ping_status":"closed","template":"","meta":{"footnotes":""},"class_list":["post-8747","page","type-page","status-publish","hentry"],"yoast_head":"<!-- This site is optimized with the Yoast SEO plugin v24.5 - https:\/\/yoast.com\/wordpress\/plugins\/seo\/ -->\n<title>Contacts - Jormax - F\u00e1brica de Escadas e Escadotes<\/title>\n<meta name=\"robots\" content=\"index, follow, max-snippet:-1, max-image-preview:large, max-video-preview:-1\" \/>\n<link rel=\"canonical\" href=\"https:\/\/jormax.com\/en\/contacts\/\" \/>\n<meta property=\"og:locale\" content=\"en_US\" \/>\n<meta property=\"og:type\" content=\"article\" \/>\n<meta property=\"og:title\" content=\"Contacts - Jormax - F\u00e1brica de Escadas e Escadotes\" \/>\n<meta property=\"og:description\" content=\"[vc_row css=&#8221;.vc_custom_1463387345969{padding-bottom: 60px !important;}&#8221;][vc_column offset=&#8221;vc_col-lg-7 vc_col-md-7&#8243;][vc_custom_heading text=&#8221;WE HAVE THE SOLUTION YOU ARE LOOKING FOR!&#8221; font_container=&#8221;tag:h3|font_size:25px|text_align:left|color:%23242424|line_height:36px&#8221; use_theme_fonts=&#8221;yes&#8221; custom_css=&#8221;letter-spacing: 0.05em;&#8221; el_class=&#8221;bt-poppins-font&#8221; css=&#8221;.vc_custom_1555322658429{margin-bottom: 15px !important;}&#8221;][vc_empty_space height=&#8221;18px&#8221;][vc_column_text css=&#8221;.vc_custom_1551693051373{margin-bottom: 30px !important;}&#8221;] With over 40 years of history, Jormax is a reference company in the manufacture of height access equipment. All brand solutions adapt to any type of environment and context. [&hellip;]\" \/>\n<meta property=\"og:url\" content=\"https:\/\/jormax.com\/en\/contacts\/\" \/>\n<meta property=\"og:site_name\" content=\"Jormax - F\u00e1brica de Escadas e Escadotes\" \/>\n<meta property=\"article:publisher\" content=\"https:\/\/www.facebook.com\/jormaxportugal\/\" \/>\n<meta property=\"article:modified_time\" content=\"2022-05-20T12:49:55+00:00\" \/>\n<meta property=\"og:image\" content=\"https:\/\/jormax.com\/wp-content\/uploads\/2019\/12\/logotipo-jormax-cor-stickymenu.png\" \/>\n\t<meta property=\"og:image:width\" content=\"235\" \/>\n\t<meta property=\"og:image:height\" content=\"59\" \/>\n\t<meta property=\"og:image:type\" content=\"image\/png\" \/>\n<meta name=\"twitter:card\" content=\"summary_large_image\" \/>\n<meta name=\"twitter:label1\" content=\"Est. reading time\" \/>\n\t<meta name=\"twitter:data1\" content=\"3 minutes\" \/>\n<script type=\"application\/ld+json\" class=\"yoast-schema-graph\">{\"@context\":\"https:\/\/schema.org\",\"@graph\":[{\"@type\":\"WebPage\",\"@id\":\"https:\/\/jormax.com\/en\/contacts\/\",\"url\":\"https:\/\/jormax.com\/en\/contacts\/\",\"name\":\"Contacts - Jormax - F\u00e1brica de Escadas e Escadotes\",\"isPartOf\":{\"@id\":\"https:\/\/jormax.com\/en\/#website\"},\"datePublished\":\"2019-11-18T14:59:33+00:00\",\"dateModified\":\"2022-05-20T12:49:55+00:00\",\"breadcrumb\":{\"@id\":\"https:\/\/jormax.com\/en\/contacts\/#breadcrumb\"},\"inLanguage\":\"en-US\",\"potentialAction\":[{\"@type\":\"ReadAction\",\"target\":[\"https:\/\/jormax.com\/en\/contacts\/\"]}]},{\"@type\":\"BreadcrumbList\",\"@id\":\"https:\/\/jormax.com\/en\/contacts\/#breadcrumb\",\"itemListElement\":[{\"@type\":\"ListItem\",\"position\":1,\"name\":\"In\u00edcio\",\"item\":\"https:\/\/jormax.com\/en\/\"},{\"@type\":\"ListItem\",\"position\":2,\"name\":\"Contacts\"}]},{\"@type\":\"WebSite\",\"@id\":\"https:\/\/jormax.com\/en\/#website\",\"url\":\"https:\/\/jormax.com\/en\/\",\"name\":\"Jormax - F\u00e1brica de Escadas e Escadotes\",\"description\":\"Fabricante de escadas, escadotes, andaimes, plataformas e solu\u00e7\u00f5es \u00e0 medida em alum\u00ednio e fibra de vidro certificados. F\u00e1brica com sede em Portugal.\",\"publisher\":{\"@id\":\"https:\/\/jormax.com\/en\/#organization\"},\"potentialAction\":[{\"@type\":\"SearchAction\",\"target\":{\"@type\":\"EntryPoint\",\"urlTemplate\":\"https:\/\/jormax.com\/en\/?s={search_term_string}\"},\"query-input\":{\"@type\":\"PropertyValueSpecification\",\"valueRequired\":true,\"valueName\":\"search_term_string\"}}],\"inLanguage\":\"en-US\"},{\"@type\":\"Organization\",\"@id\":\"https:\/\/jormax.com\/en\/#organization\",\"name\":\"Jormax - Factory of Ladders, Step Ladders and Scaffolding\",\"url\":\"https:\/\/jormax.com\/en\/\",\"logo\":{\"@type\":\"ImageObject\",\"inLanguage\":\"en-US\",\"@id\":\"https:\/\/jormax.com\/en\/#\/schema\/logo\/image\/\",\"url\":\"http:\/\/jormax.com\/wp-content\/uploads\/2019\/12\/logotipo-jormax-cor-stickymenu.png\",\"contentUrl\":\"http:\/\/jormax.com\/wp-content\/uploads\/2019\/12\/logotipo-jormax-cor-stickymenu.png\",\"width\":235,\"height\":59,\"caption\":\"Jormax - Factory of Ladders, Step Ladders and Scaffolding\"},\"image\":{\"@id\":\"https:\/\/jormax.com\/en\/#\/schema\/logo\/image\/\"},\"sameAs\":[\"https:\/\/www.facebook.com\/jormaxportugal\/\"]}]}<\/script>\n<!-- \/ Yoast SEO plugin. -->","yoast_head_json":{"title":"Contacts - Jormax - F\u00e1brica de Escadas e Escadotes","robots":{"index":"index","follow":"follow","max-snippet":"max-snippet:-1","max-image-preview":"max-image-preview:large","max-video-preview":"max-video-preview:-1"},"canonical":"https:\/\/jormax.com\/en\/contacts\/","og_locale":"en_US","og_type":"article","og_title":"Contacts - Jormax - F\u00e1brica de Escadas e Escadotes","og_description":"[vc_row css=&#8221;.vc_custom_1463387345969{padding-bottom: 60px !important;}&#8221;][vc_column offset=&#8221;vc_col-lg-7 vc_col-md-7&#8243;][vc_custom_heading text=&#8221;WE HAVE THE SOLUTION YOU ARE LOOKING FOR!&#8221; font_container=&#8221;tag:h3|font_size:25px|text_align:left|color:%23242424|line_height:36px&#8221; use_theme_fonts=&#8221;yes&#8221; custom_css=&#8221;letter-spacing: 0.05em;&#8221; el_class=&#8221;bt-poppins-font&#8221; css=&#8221;.vc_custom_1555322658429{margin-bottom: 15px !important;}&#8221;][vc_empty_space height=&#8221;18px&#8221;][vc_column_text css=&#8221;.vc_custom_1551693051373{margin-bottom: 30px !important;}&#8221;] With over 40 years of history, Jormax is a reference company in the manufacture of height access equipment. All brand solutions adapt to any type of environment and context. [&hellip;]","og_url":"https:\/\/jormax.com\/en\/contacts\/","og_site_name":"Jormax - F\u00e1brica de Escadas e Escadotes","article_publisher":"https:\/\/www.facebook.com\/jormaxportugal\/","article_modified_time":"2022-05-20T12:49:55+00:00","og_image":[{"width":235,"height":59,"url":"https:\/\/jormax.com\/wp-content\/uploads\/2019\/12\/logotipo-jormax-cor-stickymenu.png","type":"image\/png"}],"twitter_card":"summary_large_image","twitter_misc":{"Est. reading time":"3 minutes"},"schema":{"@context":"https:\/\/schema.org","@graph":[{"@type":"WebPage","@id":"https:\/\/jormax.com\/en\/contacts\/","url":"https:\/\/jormax.com\/en\/contacts\/","name":"Contacts - Jormax - F\u00e1brica de Escadas e Escadotes","isPartOf":{"@id":"https:\/\/jormax.com\/en\/#website"},"datePublished":"2019-11-18T14:59:33+00:00","dateModified":"2022-05-20T12:49:55+00:00","breadcrumb":{"@id":"https:\/\/jormax.com\/en\/contacts\/#breadcrumb"},"inLanguage":"en-US","potentialAction":[{"@type":"ReadAction","target":["https:\/\/jormax.com\/en\/contacts\/"]}]},{"@type":"BreadcrumbList","@id":"https:\/\/jormax.com\/en\/contacts\/#breadcrumb","itemListElement":[{"@type":"ListItem","position":1,"name":"In\u00edcio","item":"https:\/\/jormax.com\/en\/"},{"@type":"ListItem","position":2,"name":"Contacts"}]},{"@type":"WebSite","@id":"https:\/\/jormax.com\/en\/#website","url":"https:\/\/jormax.com\/en\/","name":"Jormax - F\u00e1brica de Escadas e Escadotes","description":"Fabricante de escadas, escadotes, andaimes, plataformas e solu\u00e7\u00f5es \u00e0 medida em alum\u00ednio e fibra de vidro certificados. F\u00e1brica com sede em Portugal.","publisher":{"@id":"https:\/\/jormax.com\/en\/#organization"},"potentialAction":[{"@type":"SearchAction","target":{"@type":"EntryPoint","urlTemplate":"https:\/\/jormax.com\/en\/?s={search_term_string}"},"query-input":{"@type":"PropertyValueSpecification","valueRequired":true,"valueName":"search_term_string"}}],"inLanguage":"en-US"},{"@type":"Organization","@id":"https:\/\/jormax.com\/en\/#organization","name":"Jormax - Factory of Ladders, Step Ladders and Scaffolding","url":"https:\/\/jormax.com\/en\/","logo":{"@type":"ImageObject","inLanguage":"en-US","@id":"https:\/\/jormax.com\/en\/#\/schema\/logo\/image\/","url":"http:\/\/jormax.com\/wp-content\/uploads\/2019\/12\/logotipo-jormax-cor-stickymenu.png","contentUrl":"http:\/\/jormax.com\/wp-content\/uploads\/2019\/12\/logotipo-jormax-cor-stickymenu.png","width":235,"height":59,"caption":"Jormax - Factory of Ladders, Step Ladders and Scaffolding"},"image":{"@id":"https:\/\/jormax.com\/en\/#\/schema\/logo\/image\/"},"sameAs":["https:\/\/www.facebook.com\/jormaxportugal\/"]}]}},"_links":{"self":[{"href":"https:\/\/jormax.com\/en\/wp-json\/wp\/v2\/pages\/8747","targetHints":{"allow":["GET"]}}],"collection":[{"href":"https:\/\/jormax.com\/en\/wp-json\/wp\/v2\/pages"}],"about":[{"href":"https:\/\/jormax.com\/en\/wp-json\/wp\/v2\/types\/page"}],"author":[{"embeddable":true,"href":"https:\/\/jormax.com\/en\/wp-json\/wp\/v2\/users\/2"}],"replies":[{"embeddable":true,"href":"https:\/\/jormax.com\/en\/wp-json\/wp\/v2\/comments?post=8747"}],"version-history":[{"count":5,"href":"https:\/\/jormax.com\/en\/wp-json\/wp\/v2\/pages\/8747\/revisions"}],"predecessor-version":[{"id":16247,"href":"https:\/\/jormax.com\/en\/wp-json\/wp\/v2\/pages\/8747\/revisions\/16247"}],"wp:attachment":[{"href":"https:\/\/jormax.com\/en\/wp-json\/wp\/v2\/media?parent=8747"}],"curies":[{"name":"wp","href":"https:\/\/api.w.org\/{rel}","templated":true}]}}