{"id":8739,"date":"2019-11-18T14:07:08","date_gmt":"2019-11-18T14:07:08","guid":{"rendered":"https:\/\/www.jormax.com\/quality-and-security\/"},"modified":"2020-01-07T15:33:49","modified_gmt":"2020-01-07T15:33:49","slug":"quality-and-security","status":"publish","type":"page","link":"https:\/\/jormax.com\/en\/quality-and-security\/","title":{"rendered":"Quality and security"},"content":{"rendered":"<div class=\"wpb-content-wrapper\"><p>[vc_row][vc_column][vc_custom_heading text=&#8221;DEPARTMENT OPERATES IN 5 AREAS&#8221; font_container=&#8221;tag:h3|font_size:30px|text_align:left|color:%23272626|line_height:36px&#8221; use_theme_fonts=&#8221;yes&#8221; icon=&#8221;fa fa-gg&#8221; css=&#8221;.vc_custom_1555322499029{margin-bottom: 30px !important;}&#8221;][vc_empty_space height=&#8221;20px&#8221;][\/vc_column][\/vc_row][vc_row][vc_column offset=&#8221;vc_col-lg-6 vc_col-md-6&#8243;][vc_tta_accordion c_icon=&#8221;&#8221; active_section=&#8221;1&#8243; el_class=&#8221;bt-accordion-style1&#8243; css=&#8221;.vc_custom_1551694289189{margin-bottom: 30px !important;}&#8221;][vc_tta_section title=&#8221;1 | EXECUTION&#8221; tab_id=&#8221;1459392343405-90ffc804-f1bd&#8221;][vc_column_text]<\/p>\n<p class=\"bt-default-font-main\" style=\"font-size: 14px; line-height: 26px; letter-spacing: 0.04em; color: #929292;\">Testing to monitor product quality, compliance and certification.<\/p>\n<p>[\/vc_column_text][\/vc_tta_section][vc_tta_section title=&#8221;2 | METROLOGY&#8221; tab_id=&#8221;1459392343570-5b8dfb13-89b5&#8243;][vc_column_text]<\/p>\n<p class=\"bt-default-font-main\" style=\"font-size: 14px; line-height: 26px; letter-spacing: 0.04em; color: #929292;\">Measurement equipment calibration.<\/p>\n<p>[\/vc_column_text][\/vc_tta_section][vc_tta_section title=&#8221;3 | VERIFICATION&#8221; tab_id=&#8221;1459392473489-bac699b6-a820&#8243;][vc_column_text]<\/p>\n<p class=\"bt-default-font-main\" style=\"font-size: 14px; line-height: 26px; letter-spacing: 0.04em; color: #929292;\">Manufacturing monitoring and product control.<\/p>\n<p>[\/vc_column_text][\/vc_tta_section][vc_tta_section title=&#8221;4 | RECORDING&#8221; tab_id=&#8221;1551694217069-78bacadc-a7e6&#8243;][vc_column_text]<\/p>\n<p class=\"bt-default-font-main\" style=\"font-size: 14px; line-height: 26px; letter-spacing: 0.04em; color: #929292;\">Collection and analysis of test results.<\/p>\n<p>[\/vc_column_text][\/vc_tta_section][vc_tta_section title=&#8221;5 | CONTINUOUS IMPROVEMENT&#8221; tab_id=&#8221;1551694237192-8a0a42e8-6e83&#8243;][vc_column_text]<\/p>\n<p class=\"bt-default-font-main\" style=\"font-size: 14px; line-height: 26px; letter-spacing: 0.04em; color: #929292;\">Participate in the development and improvement of test protocols.<\/p>\n<p>[\/vc_column_text][\/vc_tta_section][\/vc_tta_accordion][\/vc_column][vc_column offset=&#8221;vc_col-lg-6 vc_col-md-6&#8243;][vc_single_image image=&#8221;11663&#8243; img_size=&#8221;full&#8221;][vc_column_text]<\/p>\n<p class=\"bt-default-font-main\" style=\"font-size: 15px; line-height: 28px; letter-spacing: 0.04em; color: #838383;\">To ensure the highest quality and safety standards, Jormax has set up an internal testing and control department integrated into its production. Our qualified technicians monitor in real time the quality of all production lines and stages, from raw material to finished product. This department works closely with certification bodies to ensure that all applicable standards are always met.<\/p>\n<p>[\/vc_column_text][\/vc_column][\/vc_row][vc_row css=&#8221;.vc_custom_1463709103810{padding-top: 60px !important;}&#8221;][vc_column][vc_custom_heading text=&#8221;EUROPEAN STANDARDS&#8221; font_container=&#8221;tag:h3|font_size:30px|text_align:left|color:%23272626|line_height:36px&#8221; use_theme_fonts=&#8221;yes&#8221; icon=&#8221;fa fa-gg&#8221; css=&#8221;.vc_custom_1555322508341{margin-bottom: 30px !important;}&#8221;][vc_column_text]Our products are certified and comply with all safety regulations in force in Portugal and the European Union (EU).[\/vc_column_text][vc_empty_space height=&#8221;20px&#8221;][\/vc_column][\/vc_row][vc_row][vc_column width=&#8221;1\/4&#8243; offset=&#8221;vc_col-lg-3 vc_col-md-3&#8243;]\t\t<div class=\"bt-service-wrap style1_1 \">\n\t\t\t<div class=\"bt-service\">\n\t\t\t\t<div class=\"bt-icon\"><i class=\"pe-7s-ticket\"><\/i><\/div><h5 class=\"bt-title\">EN131<\/h5><div class=\"bt-content\"><p><a style=\"font-family: exo; font-weight: bold;\" href=\"#\">Download<\/a><\/p>\n<\/div>\t\t\t<\/div>\n\t\t<\/div>\n\t\t\n    [\/vc_column][vc_column width=&#8221;1\/4&#8243; offset=&#8221;vc_col-lg-3 vc_col-md-3&#8243;]\t\t<div class=\"bt-service-wrap style1_1 \">\n\t\t\t<div class=\"bt-service\">\n\t\t\t\t<div class=\"bt-icon\"><i class=\"pe-7s-ticket\"><\/i><\/div><h5 class=\"bt-title\">EN1004<\/h5><div class=\"bt-content\"><p><a style=\"font-family: exo; font-weight: bold;\" href=\"#\">Download<\/a><\/p>\n<\/div>\t\t\t<\/div>\n\t\t<\/div>\n\t\t\n    [\/vc_column][vc_column width=&#8221;1\/4&#8243; offset=&#8221;vc_col-lg-3 vc_col-md-3&#8243;]\t\t<div class=\"bt-service-wrap style1_1 \">\n\t\t\t<div class=\"bt-service\">\n\t\t\t\t<div class=\"bt-icon\"><i class=\"pe-7s-ticket\"><\/i><\/div><h5 class=\"bt-title\">EN14183<\/h5><div class=\"bt-content\"><p><a style=\"font-family: exo; font-weight: bold;\" href=\"#\">Download<\/a><\/p>\n<\/div>\t\t\t<\/div>\n\t\t<\/div>\n\t\t\n    [\/vc_column][vc_column width=&#8221;1\/4&#8243; offset=&#8221;vc_col-lg-3 vc_col-md-3&#8243;]\t\t<div class=\"bt-service-wrap style1_1 \">\n\t\t\t<div class=\"bt-service\">\n\t\t\t\t<div class=\"bt-icon\"><i class=\"pe-7s-ticket\"><\/i><\/div><h5 class=\"bt-title\">EN14122<\/h5><div class=\"bt-content\"><p><a style=\"font-family: exo; font-weight: bold;\" href=\"#\">Download<\/a><\/p>\n<\/div>\t\t\t<\/div>\n\t\t<\/div>\n\t\t\n    [\/vc_column][\/vc_row][vc_row][vc_column width=&#8221;1\/2&#8243;][vc_empty_space height=&#8221;30px&#8221;][vc_column_text]European standards EN131, EN1004, EN14183, EN14122 impose strict design and production criteria. As a certified company we meet and apply all these standards as they are the guarantee of high-quality products.<\/p>\n<p>From thorough control of the raw material, to the use of a qualified team, modern assembly lines, to the retractable plastic packaging, the whole process is focused and optimized to ensure the highest quality in all the stools, to deliver you the You are an article you can trust.[\/vc_column_text][vc_empty_space height=&#8221;70px&#8221;][\/vc_column][vc_column width=&#8221;1\/2&#8243;][vc_empty_space height=&#8221;30px&#8221;][vc_column_text]European standards EN131, EN1004, EN14183, EN14122 impose strict design and production criteria. As a certified company we meet and apply all these standards as they are the guarantee of high-quality products.<\/p>\n<p>From thorough control of the raw material, to the use of a qualified team, modern assembly lines, to the retractable plastic packaging, the whole process is focused and optimized to ensure the highest quality in all the stools, to deliver you the You are an article you can trust.[\/vc_column_text][vc_empty_space height=&#8221;70px&#8221;][\/vc_column][\/vc_row]<\/p>\n<\/div>","protected":false},"excerpt":{"rendered":"<p>[vc_row][vc_column][vc_custom_heading text=&#8221;DEPARTMENT OPERATES IN 5 AREAS&#8221; font_container=&#8221;tag:h3|font_size:30px|text_align:left|color:%23272626|line_height:36px&#8221; use_theme_fonts=&#8221;yes&#8221; icon=&#8221;fa fa-gg&#8221; css=&#8221;.vc_custom_1555322499029{margin-bottom: 30px !important;}&#8221;][vc_empty_space height=&#8221;20px&#8221;][\/vc_column][\/vc_row][vc_row][vc_column offset=&#8221;vc_col-lg-6 vc_col-md-6&#8243;][vc_tta_accordion c_icon=&#8221;&#8221; active_section=&#8221;1&#8243; el_class=&#8221;bt-accordion-style1&#8243; css=&#8221;.vc_custom_1551694289189{margin-bottom: 30px !important;}&#8221;][vc_tta_section title=&#8221;1 | EXECUTION&#8221; tab_id=&#8221;1459392343405-90ffc804-f1bd&#8221;][vc_column_text] Testing to monitor product quality, compliance and certification. [\/vc_column_text][\/vc_tta_section][vc_tta_section title=&#8221;2 | METROLOGY&#8221; tab_id=&#8221;1459392343570-5b8dfb13-89b5&#8243;][vc_column_text] Measurement equipment calibration. [\/vc_column_text][\/vc_tta_section][vc_tta_section title=&#8221;3 | VERIFICATION&#8221; tab_id=&#8221;1459392473489-bac699b6-a820&#8243;][vc_column_text] Manufacturing monitoring and product control. [\/vc_column_text][\/vc_tta_section][vc_tta_section title=&#8221;4 | [&hellip;]<\/p>\n","protected":false},"author":2,"featured_media":0,"parent":0,"menu_order":60,"comment_status":"closed","ping_status":"closed","template":"","meta":{"footnotes":""},"class_list":["post-8739","page","type-page","status-publish","hentry"],"yoast_head":"<!-- This site is optimized with the Yoast SEO plugin v24.5 - https:\/\/yoast.com\/wordpress\/plugins\/seo\/ -->\n<title>Quality and security - Jormax - F\u00e1brica de Escadas e Escadotes<\/title>\n<meta name=\"robots\" content=\"index, follow, max-snippet:-1, max-image-preview:large, max-video-preview:-1\" \/>\n<link rel=\"canonical\" href=\"https:\/\/jormax.com\/en\/quality-and-security\/\" \/>\n<meta property=\"og:locale\" content=\"en_US\" \/>\n<meta property=\"og:type\" content=\"article\" \/>\n<meta property=\"og:title\" content=\"Quality and security - Jormax - F\u00e1brica de Escadas e Escadotes\" \/>\n<meta property=\"og:description\" content=\"[vc_row][vc_column][vc_custom_heading text=&#8221;DEPARTMENT OPERATES IN 5 AREAS&#8221; font_container=&#8221;tag:h3|font_size:30px|text_align:left|color:%23272626|line_height:36px&#8221; use_theme_fonts=&#8221;yes&#8221; icon=&#8221;fa fa-gg&#8221; css=&#8221;.vc_custom_1555322499029{margin-bottom: 30px !important;}&#8221;][vc_empty_space height=&#8221;20px&#8221;][\/vc_column][\/vc_row][vc_row][vc_column offset=&#8221;vc_col-lg-6 vc_col-md-6&#8243;][vc_tta_accordion c_icon=&#8221;&#8221; active_section=&#8221;1&#8243; el_class=&#8221;bt-accordion-style1&#8243; css=&#8221;.vc_custom_1551694289189{margin-bottom: 30px !important;}&#8221;][vc_tta_section title=&#8221;1 | EXECUTION&#8221; tab_id=&#8221;1459392343405-90ffc804-f1bd&#8221;][vc_column_text] Testing to monitor product quality, compliance and certification. [\/vc_column_text][\/vc_tta_section][vc_tta_section title=&#8221;2 | METROLOGY&#8221; tab_id=&#8221;1459392343570-5b8dfb13-89b5&#8243;][vc_column_text] Measurement equipment calibration. [\/vc_column_text][\/vc_tta_section][vc_tta_section title=&#8221;3 | VERIFICATION&#8221; tab_id=&#8221;1459392473489-bac699b6-a820&#8243;][vc_column_text] Manufacturing monitoring and product control. [\/vc_column_text][\/vc_tta_section][vc_tta_section title=&#8221;4 | [&hellip;]\" \/>\n<meta property=\"og:url\" content=\"https:\/\/jormax.com\/en\/quality-and-security\/\" \/>\n<meta property=\"og:site_name\" content=\"Jormax - F\u00e1brica de Escadas e Escadotes\" \/>\n<meta property=\"article:publisher\" content=\"https:\/\/www.facebook.com\/jormaxportugal\/\" \/>\n<meta property=\"article:modified_time\" content=\"2020-01-07T15:33:49+00:00\" \/>\n<meta property=\"og:image\" content=\"https:\/\/jormax.com\/wp-content\/uploads\/2019\/12\/logotipo-jormax-cor-stickymenu.png\" \/>\n\t<meta property=\"og:image:width\" content=\"235\" \/>\n\t<meta property=\"og:image:height\" content=\"59\" \/>\n\t<meta property=\"og:image:type\" content=\"image\/png\" \/>\n<meta name=\"twitter:card\" content=\"summary_large_image\" \/>\n<meta name=\"twitter:label1\" content=\"Est. reading time\" \/>\n\t<meta name=\"twitter:data1\" content=\"3 minutes\" \/>\n<script type=\"application\/ld+json\" class=\"yoast-schema-graph\">{\"@context\":\"https:\/\/schema.org\",\"@graph\":[{\"@type\":\"WebPage\",\"@id\":\"https:\/\/jormax.com\/en\/quality-and-security\/\",\"url\":\"https:\/\/jormax.com\/en\/quality-and-security\/\",\"name\":\"Quality and security - Jormax - F\u00e1brica de Escadas e Escadotes\",\"isPartOf\":{\"@id\":\"https:\/\/jormax.com\/en\/#website\"},\"datePublished\":\"2019-11-18T14:07:08+00:00\",\"dateModified\":\"2020-01-07T15:33:49+00:00\",\"breadcrumb\":{\"@id\":\"https:\/\/jormax.com\/en\/quality-and-security\/#breadcrumb\"},\"inLanguage\":\"en-US\",\"potentialAction\":[{\"@type\":\"ReadAction\",\"target\":[\"https:\/\/jormax.com\/en\/quality-and-security\/\"]}]},{\"@type\":\"BreadcrumbList\",\"@id\":\"https:\/\/jormax.com\/en\/quality-and-security\/#breadcrumb\",\"itemListElement\":[{\"@type\":\"ListItem\",\"position\":1,\"name\":\"In\u00edcio\",\"item\":\"https:\/\/jormax.com\/en\/\"},{\"@type\":\"ListItem\",\"position\":2,\"name\":\"Quality and security\"}]},{\"@type\":\"WebSite\",\"@id\":\"https:\/\/jormax.com\/en\/#website\",\"url\":\"https:\/\/jormax.com\/en\/\",\"name\":\"Jormax - F\u00e1brica de Escadas e Escadotes\",\"description\":\"Fabricante de escadas, escadotes, andaimes, plataformas e solu\u00e7\u00f5es \u00e0 medida em alum\u00ednio e fibra de vidro certificados. F\u00e1brica com sede em Portugal.\",\"publisher\":{\"@id\":\"https:\/\/jormax.com\/en\/#organization\"},\"potentialAction\":[{\"@type\":\"SearchAction\",\"target\":{\"@type\":\"EntryPoint\",\"urlTemplate\":\"https:\/\/jormax.com\/en\/?s={search_term_string}\"},\"query-input\":{\"@type\":\"PropertyValueSpecification\",\"valueRequired\":true,\"valueName\":\"search_term_string\"}}],\"inLanguage\":\"en-US\"},{\"@type\":\"Organization\",\"@id\":\"https:\/\/jormax.com\/en\/#organization\",\"name\":\"Jormax - Factory of Ladders, Step Ladders and Scaffolding\",\"url\":\"https:\/\/jormax.com\/en\/\",\"logo\":{\"@type\":\"ImageObject\",\"inLanguage\":\"en-US\",\"@id\":\"https:\/\/jormax.com\/en\/#\/schema\/logo\/image\/\",\"url\":\"http:\/\/jormax.com\/wp-content\/uploads\/2019\/12\/logotipo-jormax-cor-stickymenu.png\",\"contentUrl\":\"http:\/\/jormax.com\/wp-content\/uploads\/2019\/12\/logotipo-jormax-cor-stickymenu.png\",\"width\":235,\"height\":59,\"caption\":\"Jormax - Factory of Ladders, Step Ladders and Scaffolding\"},\"image\":{\"@id\":\"https:\/\/jormax.com\/en\/#\/schema\/logo\/image\/\"},\"sameAs\":[\"https:\/\/www.facebook.com\/jormaxportugal\/\"]}]}<\/script>\n<!-- \/ Yoast SEO plugin. -->","yoast_head_json":{"title":"Quality and security - Jormax - F\u00e1brica de Escadas e Escadotes","robots":{"index":"index","follow":"follow","max-snippet":"max-snippet:-1","max-image-preview":"max-image-preview:large","max-video-preview":"max-video-preview:-1"},"canonical":"https:\/\/jormax.com\/en\/quality-and-security\/","og_locale":"en_US","og_type":"article","og_title":"Quality and security - Jormax - F\u00e1brica de Escadas e Escadotes","og_description":"[vc_row][vc_column][vc_custom_heading text=&#8221;DEPARTMENT OPERATES IN 5 AREAS&#8221; font_container=&#8221;tag:h3|font_size:30px|text_align:left|color:%23272626|line_height:36px&#8221; use_theme_fonts=&#8221;yes&#8221; icon=&#8221;fa fa-gg&#8221; css=&#8221;.vc_custom_1555322499029{margin-bottom: 30px !important;}&#8221;][vc_empty_space height=&#8221;20px&#8221;][\/vc_column][\/vc_row][vc_row][vc_column offset=&#8221;vc_col-lg-6 vc_col-md-6&#8243;][vc_tta_accordion c_icon=&#8221;&#8221; active_section=&#8221;1&#8243; el_class=&#8221;bt-accordion-style1&#8243; css=&#8221;.vc_custom_1551694289189{margin-bottom: 30px !important;}&#8221;][vc_tta_section title=&#8221;1 | EXECUTION&#8221; tab_id=&#8221;1459392343405-90ffc804-f1bd&#8221;][vc_column_text] Testing to monitor product quality, compliance and certification. [\/vc_column_text][\/vc_tta_section][vc_tta_section title=&#8221;2 | METROLOGY&#8221; tab_id=&#8221;1459392343570-5b8dfb13-89b5&#8243;][vc_column_text] Measurement equipment calibration. [\/vc_column_text][\/vc_tta_section][vc_tta_section title=&#8221;3 | VERIFICATION&#8221; tab_id=&#8221;1459392473489-bac699b6-a820&#8243;][vc_column_text] Manufacturing monitoring and product control. [\/vc_column_text][\/vc_tta_section][vc_tta_section title=&#8221;4 | [&hellip;]","og_url":"https:\/\/jormax.com\/en\/quality-and-security\/","og_site_name":"Jormax - F\u00e1brica de Escadas e Escadotes","article_publisher":"https:\/\/www.facebook.com\/jormaxportugal\/","article_modified_time":"2020-01-07T15:33:49+00:00","og_image":[{"width":235,"height":59,"url":"https:\/\/jormax.com\/wp-content\/uploads\/2019\/12\/logotipo-jormax-cor-stickymenu.png","type":"image\/png"}],"twitter_card":"summary_large_image","twitter_misc":{"Est. reading time":"3 minutes"},"schema":{"@context":"https:\/\/schema.org","@graph":[{"@type":"WebPage","@id":"https:\/\/jormax.com\/en\/quality-and-security\/","url":"https:\/\/jormax.com\/en\/quality-and-security\/","name":"Quality and security - Jormax - F\u00e1brica de Escadas e Escadotes","isPartOf":{"@id":"https:\/\/jormax.com\/en\/#website"},"datePublished":"2019-11-18T14:07:08+00:00","dateModified":"2020-01-07T15:33:49+00:00","breadcrumb":{"@id":"https:\/\/jormax.com\/en\/quality-and-security\/#breadcrumb"},"inLanguage":"en-US","potentialAction":[{"@type":"ReadAction","target":["https:\/\/jormax.com\/en\/quality-and-security\/"]}]},{"@type":"BreadcrumbList","@id":"https:\/\/jormax.com\/en\/quality-and-security\/#breadcrumb","itemListElement":[{"@type":"ListItem","position":1,"name":"In\u00edcio","item":"https:\/\/jormax.com\/en\/"},{"@type":"ListItem","position":2,"name":"Quality and security"}]},{"@type":"WebSite","@id":"https:\/\/jormax.com\/en\/#website","url":"https:\/\/jormax.com\/en\/","name":"Jormax - F\u00e1brica de Escadas e Escadotes","description":"Fabricante de escadas, escadotes, andaimes, plataformas e solu\u00e7\u00f5es \u00e0 medida em alum\u00ednio e fibra de vidro certificados. F\u00e1brica com sede em Portugal.","publisher":{"@id":"https:\/\/jormax.com\/en\/#organization"},"potentialAction":[{"@type":"SearchAction","target":{"@type":"EntryPoint","urlTemplate":"https:\/\/jormax.com\/en\/?s={search_term_string}"},"query-input":{"@type":"PropertyValueSpecification","valueRequired":true,"valueName":"search_term_string"}}],"inLanguage":"en-US"},{"@type":"Organization","@id":"https:\/\/jormax.com\/en\/#organization","name":"Jormax - Factory of Ladders, Step Ladders and Scaffolding","url":"https:\/\/jormax.com\/en\/","logo":{"@type":"ImageObject","inLanguage":"en-US","@id":"https:\/\/jormax.com\/en\/#\/schema\/logo\/image\/","url":"http:\/\/jormax.com\/wp-content\/uploads\/2019\/12\/logotipo-jormax-cor-stickymenu.png","contentUrl":"http:\/\/jormax.com\/wp-content\/uploads\/2019\/12\/logotipo-jormax-cor-stickymenu.png","width":235,"height":59,"caption":"Jormax - Factory of Ladders, Step Ladders and Scaffolding"},"image":{"@id":"https:\/\/jormax.com\/en\/#\/schema\/logo\/image\/"},"sameAs":["https:\/\/www.facebook.com\/jormaxportugal\/"]}]}},"_links":{"self":[{"href":"https:\/\/jormax.com\/en\/wp-json\/wp\/v2\/pages\/8739","targetHints":{"allow":["GET"]}}],"collection":[{"href":"https:\/\/jormax.com\/en\/wp-json\/wp\/v2\/pages"}],"about":[{"href":"https:\/\/jormax.com\/en\/wp-json\/wp\/v2\/types\/page"}],"author":[{"embeddable":true,"href":"https:\/\/jormax.com\/en\/wp-json\/wp\/v2\/users\/2"}],"replies":[{"embeddable":true,"href":"https:\/\/jormax.com\/en\/wp-json\/wp\/v2\/comments?post=8739"}],"version-history":[{"count":0,"href":"https:\/\/jormax.com\/en\/wp-json\/wp\/v2\/pages\/8739\/revisions"}],"wp:attachment":[{"href":"https:\/\/jormax.com\/en\/wp-json\/wp\/v2\/media?parent=8739"}],"curies":[{"name":"wp","href":"https:\/\/api.w.org\/{rel}","templated":true}]}}