{"id":8708,"date":"2019-11-18T12:54:41","date_gmt":"2019-11-18T12:54:41","guid":{"rendered":"https:\/\/www.jormax.com\/about-us\/"},"modified":"2024-07-09T11:11:38","modified_gmt":"2024-07-09T10:11:38","slug":"about-us","status":"publish","type":"page","link":"https:\/\/jormax.com\/en\/about-us\/","title":{"rendered":"About Us"},"content":{"rendered":"<div class=\"wpb-content-wrapper\"><p>[vc_row css=&#8221;.vc_custom_1463544134166{padding-bottom: 60px !important;background-position: center !important;background-repeat: no-repeat !important;background-size: cover !important;}&#8221;][vc_column offset=&#8221;vc_col-lg-7 vc_col-md-7&#8243;][vc_empty_space height=&#8221;60px&#8221; el_class=&#8221;hidden-xs hidden-sm hidden-md&#8221;][vc_custom_heading text=&#8221;WE HAVE THE SOLUTION YOU ARE LOOKING FOR&#8221; font_container=&#8221;tag:h6|font_size:17px|text_align:left|line_height:24px&#8221; google_fonts=&#8221;font_family:Exo%3A100%2C100italic%2C200%2C200italic%2C300%2C300italic%2Cregular%2Citalic%2C500%2C500italic%2C600%2C600italic%2C700%2C700italic%2C800%2C800italic%2C900%2C900italic|font_style:400%20italic%3A400%3Aitalic&#8221; el_class=&#8221;tb-extratext-1 bt-color-main tb-icon&#8221; css=&#8221;.vc_custom_1708596542972{margin-bottom: 10px !important;}&#8221;][vc_custom_heading text=&#8221;JORMAX PERSONALITY&#8221; font_container=&#8221;tag:h3|font_size:26px|text_align:left|color:%23454545|line_height:36px&#8221; use_theme_fonts=&#8221;yes&#8221; el_class=&#8221;bt-poppins-font&#8221; css=&#8221;.vc_custom_1555321517776{margin-bottom: 15px !important;}&#8221;][vc_column_text css=&#8221;.vc_custom_1708596703648{margin-bottom: 60px !important;}&#8221;]<\/p>\n<p class=\"bt-default-font-main\" style=\"font-size: 15px; line-height: 30px; letter-spacing: 0.05em; color: #646464;\" data-mce-style=\"font-size: 15px; line-height: 30px; letter-spacing: 0.05em; color: #646464;\">We are an industry with 100% Portuguese capital and family structure. With over 40 years of history, we have already consolidated our leading position in the manufacture of height access equipment. Our products have been developed mainly for the European market.<\/p>\n<p><\/p>\n<p class=\"bt-default-font-main\" style=\"font-size: 15px; line-height: 30px; letter-spacing: 0.05em; color: #646464;\" data-mce-style=\"font-size: 15px; line-height: 30px; letter-spacing: 0.05em; color: #646464;\">Jormax height access equipment solutions adapt to all environments and contexts. We have assembly lines dedicated to the manufacture of stairs, ladders, scaffolding, towers, platforms and various aluminium accessories.<\/p>\n<p>[\/vc_column_text][vc_btn title=&#8221;KNOW OUR HISTORY&#8221; link=&#8221;url:https%3A%2F%2Fjormax.com%2Fen%2Fjormax-history%2F|title:Jormax%20History|&#8221; el_class=&#8221;bt-btn-readmore hvr-float-shadow&#8221;][\/vc_column][vc_column offset=&#8221;vc_col-lg-5 vc_col-md-5&#8243; css=&#8221;.vc_custom_1571755693122{padding-top: 65px !important;}&#8221;][vc_single_image image=&#8221;8719&#8243; img_size=&#8221;full&#8221; alignment=&#8221;center&#8221; css=&#8221;.vc_custom_1571755579815{margin-bottom: 0px !important;}&#8221;][\/vc_column][\/vc_row][vc_row full_width=&#8221;stretch_row&#8221; bt_bg_fixed=&#8221;true&#8221; css=&#8221;.vc_custom_1571754794342{padding-top: 90px !important;padding-bottom: 90px !important;background-image: url(http:\/\/jormax.com\/wp-content\/uploads\/2019\/10\/quem-somos-paralax-jormax.jpg?id=5635) !important;background-position: center !important;background-repeat: no-repeat !important;background-size: cover !important;}&#8221; el_class=&#8221;bt-user-oriented-section&#8221; el_id=&#8221;personalidade-jormax&#8221;][vc_column offset=&#8221;vc_col-lg-offset-6 vc_col-lg-6 vc_col-md-offset-4 vc_col-md-8&#8243; css=&#8221;.vc_custom_1571755038779{background-color: rgba(40,40,40,0.59) !important;background-position: center !important;background-repeat: no-repeat !important;background-size: cover !important;*background-color: rgb(40,40,40) !important;}&#8221;][vc_custom_heading text=&#8221;EXPERIENCE AND KNOW-HOW ACQUIRED OVER 4 DECADES&#8221; font_container=&#8221;tag:h6|font_size:17px|text_align:left|line_height:24px&#8221; google_fonts=&#8221;font_family:Exo%3A100%2C100italic%2C200%2C200italic%2C300%2C300italic%2Cregular%2Citalic%2C500%2C500italic%2C600%2C600italic%2C700%2C700italic%2C800%2C800italic%2C900%2C900italic|font_style:400%20italic%3A400%3Aitalic&#8221; el_class=&#8221;tb-extratext-1 bt-color-main tb-icon&#8221; css=&#8221;.vc_custom_1555326527847{margin-bottom: 10px !important;}&#8221;][vc_custom_heading text=&#8221;MANUFACTURERS OF STAIRS AND STAIRS, FOR OVER 40 YEARS!&#8221; font_container=&#8221;tag:h3|font_size:40px|text_align:left|color:%23ffffff|line_height:46px&#8221; use_theme_fonts=&#8221;yes&#8221; el_class=&#8221;bt-poppins-font&#8221; css=&#8221;.vc_custom_1555326040963{margin-bottom: 25px !important;}&#8221;][vc_column_text]<\/p>\n<p style=\"font-size: 15px; line-height: 28px; letter-spacing: 0.08em; color: #cccccc;\" data-mce-style=\"font-size: 15px; line-height: 28px; letter-spacing: 0.08em; color: #cccccc;\">The team brings together experience and know-how gained over more than four decades. Our people are part of our history. We leverage your human capital and strive to be motivated and feel part of our culture.<\/p>\n<p>[\/vc_column_text][vc_column_text]<\/p>\n<p style=\"font-size: 15px; line-height: 28px; letter-spacing: 0.08em; color: #cccccc;\" data-mce-style=\"font-size: 15px; line-height: 28px; letter-spacing: 0.08em; color: #cccccc;\">We work to meet the needs of our customers. We have created an independent department that works exclusively on the design, manufacture and launch of tailor-made industrial solutions.<\/p>\n<p>[\/vc_column_text][vc_column_text]<\/p>\n<p style=\"font-size: 15px; line-height: 28px; letter-spacing: 0.08em; color: #cccccc;\" data-mce-style=\"font-size: 15px; line-height: 28px; letter-spacing: 0.08em; color: #cccccc;\">We have been manufacturing staircases and ladders for home and professional use for over 40 years. In aluminium or fiberglass, we have the access solutions you need for your project.<\/p>\n<p>[\/vc_column_text][\/vc_column][\/vc_row][vc_row css=&#8221;.vc_custom_1551370061908{padding-top: 90px !important;}&#8221;][vc_column][vc_custom_heading text=&#8221;COMPANY PHILOSOPHY&#8221; font_container=&#8221;tag:h3|font_size:35px|text_align:center|color:%23393838|line_height:38px&#8221; use_theme_fonts=&#8221;yes&#8221; el_class=&#8221;bt-poppins-font&#8221; css=&#8221;.vc_custom_1555321540687{margin-bottom: 10px !important;}&#8221;][vc_custom_heading text=&#8221;Our management is based on rigor, discipline and transparency.&#8221; font_container=&#8221;tag:div|font_size:16px|text_align:center|color:%23929292|line_height:24px&#8221; use_theme_fonts=&#8221;yes&#8221; el_class=&#8221;bt-poppins-font bt-subtext&#8221; css=&#8221;.vc_custom_1551369565138{margin-bottom: 50px !important;}&#8221;][\/vc_column][\/vc_row][vc_row css=&#8221;.vc_custom_1551370071614{margin-top: -50px !important;}&#8221;][vc_column width=&#8221;2\/3&#8243;][vc_tta_accordion c_position=&#8221;right&#8221; active_section=&#8221;1&#8243; el_class=&#8221;bt-accordion-style3&#8243;][vc_tta_section title=&#8221;Our management is based on rigor, discipline and transparency.&#8221; tab_id=&#8221;1460948534638-028e4321-65a2&#8243;][vc_column_text]<\/p>\n<div class=\"bt-default-font-main\" style=\"font-size: 14px; line-height: 24px; letter-spacing: 0.05em;\" data-mce-style=\"font-size: 14px; line-height: 24px; letter-spacing: 0.05em;\">\n<p>Permanent investment in cutting-edge technology reflects our commitment to product quality and innovation. We are the leading manufacturer and supplier of access equipment in the Iberian market (Portugal and Spain).<\/p>\n<p>Everything we develop and build incorporates the most varied technologies and requires mastery in manufacturing and process control to ensure maximum efficiency.<\/p>\n<p>In a market with demanding requirements, the decision to work with a supplier is a matter of trust. Our history and strong and lasting customer relationships are social proofs of this recognition.<\/p>\n<p>Our focus is on quality, performance, flexibility and customer support. To ensure quality, in addition to internal processes, all our items are certified in accordance with European standards, namely and specifically EN131, EN1004, EN14183 and EN14122.<\/p>\n<p>Jormax currently owns a range of articles exceeding 200 models. The diversity of our products allows for the right answers for all uses, from access and lifting with industrial characteristics to professional and domestic solutions.<\/p>\n<\/div>\n<p>[\/vc_column_text][\/vc_tta_section][\/vc_tta_accordion][\/vc_column][vc_column width=&#8221;1\/3&#8243;][vc_tta_tabs active_section=&#8221;1&#8243; el_class=&#8221;bt-tabs-style3&#8243;][vc_tta_section i_icon_fontawesome=&#8221;fa fa-diamond&#8221; add_icon=&#8221;true&#8221; title=&#8221;Our history&#8221; tab_id=&#8221;1551369787615-95a5c397-ccbe&#8221;][vc_column_text]<\/p>\n<div class=\"bt-default-font-main\" style=\"font-size: 14px; line-height: 24px; letter-spacing: 0.05em;\" data-mce-style=\"font-size: 14px; line-height: 24px; letter-spacing: 0.05em;\">\u00bb Foundation: 1978, Rio Me\u00e3o &#8211; Portugal<br \/>\u00bb 1992 \u2013 Start of production of Aluminium Stairs<br \/>\u00bb 2003 \u2013 Expansion of Facilities and Acquisition of New Production Line<br \/>\u00bb 2014 \u2013 Jormax becomes a TUV certified company in compliance with European standards.<br \/>\u00bb 2018 \u2013 Market repositioning and brand reinforcement<\/div>\n<p>[\/vc_column_text][vc_btn title=&#8221;See more&#8221; align=&#8221;center&#8221; link=&#8221;url:https%3A%2F%2Fjormax.com%2Fen%2Fjormax-history%2F|title:Jormax%20History|&#8221; el_class=&#8221;bt-btn-readmore hvr-float-shadow&#8221;][\/vc_tta_section][vc_tta_section i_icon_fontawesome=&#8221;fa fa-modx&#8221; add_icon=&#8221;true&#8221; title=&#8221;Numbers and Facts&#8221; tab_id=&#8221;1551369787678-0034d0f3-b401&#8243;][vc_column_text]<\/p>\n<div class=\"bt-default-font-main\" style=\"font-size: 14px; line-height: 24px; letter-spacing: 0.05em;\" data-mce-style=\"font-size: 14px; line-height: 24px; letter-spacing: 0.05em;\">\u00bb Certified company<br \/>\u00bb 100% Portuguese<br \/>\u00bb + 40 Years Experience<br \/>\u00bb + 200 Models<br \/>\u00bb + 5000 Products in Stock<br \/>\u00bb + 10000 Customers<\/div>\n<p>[\/vc_column_text][vc_btn title=&#8221;See more&#8221; align=&#8221;center&#8221; link=&#8221;url:https%3A%2F%2Fjormax.com%2Fen%2Fjormax-history%2F|title:Jormax%20History|&#8221; el_class=&#8221;bt-btn-readmore hvr-float-shadow&#8221;][\/vc_tta_section][\/vc_tta_tabs][\/vc_column][\/vc_row][vc_row css=&#8221;.vc_custom_1551371427534{margin-top: 50px !important;padding-top: 40px !important;padding-bottom: 30px !important;background-color: #d60f17 !important;}&#8221;][vc_column width=&#8221;1\/6&#8243;][\/vc_column][vc_column width=&#8221;2\/3&#8243;][vc_custom_heading text=&#8221;We have the solution you are looking for!&#8221; font_container=&#8221;tag:h4|font_size:40px|text_align:center|color:%23ffffff|line_height:46px&#8221; use_theme_fonts=&#8221;yes&#8221; el_class=&#8221;bt-poppins-font&#8221; css=&#8221;.vc_custom_1708596856960{margin-bottom: 15px !important;}&#8221;][vc_empty_space height=&#8221;15px&#8221;][vc_row_inner][vc_column_inner width=&#8221;1\/3&#8243;][\/vc_column_inner][vc_column_inner width=&#8221;1\/3&#8243;][vc_btn title=&#8221;See Products&#8221; style=&#8221;classic&#8221; shape=&#8221;square&#8221; color=&#8221;black&#8221; align=&#8221;center&#8221; el_class=&#8221;bt-btn-buy-our-product hvr-float-shadow&#8221; link=&#8221;url:https%3A%2F%2Fjormax.com%2Fen%2Fproducts-jormax%2F|title:See%20all%20Products|&#8221;][\/vc_column_inner][vc_column_inner width=&#8221;1\/3&#8243;][\/vc_column_inner][\/vc_row_inner][\/vc_column][vc_column width=&#8221;1\/6&#8243;][\/vc_column][\/vc_row]<\/p>\n<\/div>","protected":false},"excerpt":{"rendered":"<p>[vc_row css=&#8221;.vc_custom_1463544134166{padding-bottom: 60px !important;background-position: center !important;background-repeat: no-repeat !important;background-size: cover !important;}&#8221;][vc_column offset=&#8221;vc_col-lg-7 vc_col-md-7&#8243;][vc_empty_space height=&#8221;60px&#8221; el_class=&#8221;hidden-xs hidden-sm hidden-md&#8221;][vc_custom_heading text=&#8221;WE HAVE THE SOLUTION YOU ARE LOOKING FOR&#8221; font_container=&#8221;tag:h6|font_size:17px|text_align:left|line_height:24px&#8221; google_fonts=&#8221;font_family:Exo%3A100%2C100italic%2C200%2C200italic%2C300%2C300italic%2Cregular%2Citalic%2C500%2C500italic%2C600%2C600italic%2C700%2C700italic%2C800%2C800italic%2C900%2C900italic|font_style:400%20italic%3A400%3Aitalic&#8221; el_class=&#8221;tb-extratext-1 bt-color-main tb-icon&#8221; css=&#8221;.vc_custom_1708596542972{margin-bottom: 10px !important;}&#8221;][vc_custom_heading text=&#8221;JORMAX PERSONALITY&#8221; font_container=&#8221;tag:h3|font_size:26px|text_align:left|color:%23454545|line_height:36px&#8221; use_theme_fonts=&#8221;yes&#8221; el_class=&#8221;bt-poppins-font&#8221; css=&#8221;.vc_custom_1555321517776{margin-bottom: 15px !important;}&#8221;][vc_column_text css=&#8221;.vc_custom_1708596703648{margin-bottom: 60px !important;}&#8221;] We are an industry with 100% Portuguese capital and family structure. With [&hellip;]<\/p>\n","protected":false},"author":2,"featured_media":0,"parent":0,"menu_order":72,"comment_status":"closed","ping_status":"closed","template":"","meta":{"footnotes":""},"class_list":["post-8708","page","type-page","status-publish","hentry"],"yoast_head":"<!-- This site is optimized with the Yoast SEO plugin v24.5 - https:\/\/yoast.com\/wordpress\/plugins\/seo\/ -->\n<title>About Us - Jormax - F\u00e1brica de Escadas e Escadotes<\/title>\n<meta name=\"robots\" content=\"index, follow, max-snippet:-1, max-image-preview:large, max-video-preview:-1\" \/>\n<link rel=\"canonical\" href=\"https:\/\/jormax.com\/en\/about-us\/\" \/>\n<meta property=\"og:locale\" content=\"en_US\" \/>\n<meta property=\"og:type\" content=\"article\" \/>\n<meta property=\"og:title\" content=\"About Us - Jormax - F\u00e1brica de Escadas e Escadotes\" \/>\n<meta property=\"og:description\" content=\"[vc_row css=&#8221;.vc_custom_1463544134166{padding-bottom: 60px !important;background-position: center !important;background-repeat: no-repeat !important;background-size: cover !important;}&#8221;][vc_column offset=&#8221;vc_col-lg-7 vc_col-md-7&#8243;][vc_empty_space height=&#8221;60px&#8221; el_class=&#8221;hidden-xs hidden-sm hidden-md&#8221;][vc_custom_heading text=&#8221;WE HAVE THE SOLUTION YOU ARE LOOKING FOR&#8221; font_container=&#8221;tag:h6|font_size:17px|text_align:left|line_height:24px&#8221; google_fonts=&#8221;font_family:Exo%3A100%2C100italic%2C200%2C200italic%2C300%2C300italic%2Cregular%2Citalic%2C500%2C500italic%2C600%2C600italic%2C700%2C700italic%2C800%2C800italic%2C900%2C900italic|font_style:400%20italic%3A400%3Aitalic&#8221; el_class=&#8221;tb-extratext-1 bt-color-main tb-icon&#8221; css=&#8221;.vc_custom_1708596542972{margin-bottom: 10px !important;}&#8221;][vc_custom_heading text=&#8221;JORMAX PERSONALITY&#8221; font_container=&#8221;tag:h3|font_size:26px|text_align:left|color:%23454545|line_height:36px&#8221; use_theme_fonts=&#8221;yes&#8221; el_class=&#8221;bt-poppins-font&#8221; css=&#8221;.vc_custom_1555321517776{margin-bottom: 15px !important;}&#8221;][vc_column_text css=&#8221;.vc_custom_1708596703648{margin-bottom: 60px !important;}&#8221;] We are an industry with 100% Portuguese capital and family structure. With [&hellip;]\" \/>\n<meta property=\"og:url\" content=\"https:\/\/jormax.com\/en\/about-us\/\" \/>\n<meta property=\"og:site_name\" content=\"Jormax - F\u00e1brica de Escadas e Escadotes\" \/>\n<meta property=\"article:publisher\" content=\"https:\/\/www.facebook.com\/jormaxportugal\/\" \/>\n<meta property=\"article:modified_time\" content=\"2024-07-09T10:11:38+00:00\" \/>\n<meta property=\"og:image\" content=\"https:\/\/jormax.com\/wp-content\/uploads\/2019\/12\/logotipo-jormax-cor-stickymenu.png\" \/>\n\t<meta property=\"og:image:width\" content=\"235\" \/>\n\t<meta property=\"og:image:height\" content=\"59\" \/>\n\t<meta property=\"og:image:type\" content=\"image\/png\" \/>\n<meta name=\"twitter:card\" content=\"summary_large_image\" \/>\n<meta name=\"twitter:label1\" content=\"Est. reading time\" \/>\n\t<meta name=\"twitter:data1\" content=\"6 minutes\" \/>\n<script type=\"application\/ld+json\" class=\"yoast-schema-graph\">{\"@context\":\"https:\/\/schema.org\",\"@graph\":[{\"@type\":\"WebPage\",\"@id\":\"https:\/\/jormax.com\/en\/about-us\/\",\"url\":\"https:\/\/jormax.com\/en\/about-us\/\",\"name\":\"About Us - Jormax - F\u00e1brica de Escadas e Escadotes\",\"isPartOf\":{\"@id\":\"https:\/\/jormax.com\/en\/#website\"},\"datePublished\":\"2019-11-18T12:54:41+00:00\",\"dateModified\":\"2024-07-09T10:11:38+00:00\",\"breadcrumb\":{\"@id\":\"https:\/\/jormax.com\/en\/about-us\/#breadcrumb\"},\"inLanguage\":\"en-US\",\"potentialAction\":[{\"@type\":\"ReadAction\",\"target\":[\"https:\/\/jormax.com\/en\/about-us\/\"]}]},{\"@type\":\"BreadcrumbList\",\"@id\":\"https:\/\/jormax.com\/en\/about-us\/#breadcrumb\",\"itemListElement\":[{\"@type\":\"ListItem\",\"position\":1,\"name\":\"In\u00edcio\",\"item\":\"https:\/\/jormax.com\/en\/\"},{\"@type\":\"ListItem\",\"position\":2,\"name\":\"About Us\"}]},{\"@type\":\"WebSite\",\"@id\":\"https:\/\/jormax.com\/en\/#website\",\"url\":\"https:\/\/jormax.com\/en\/\",\"name\":\"Jormax - F\u00e1brica de Escadas e Escadotes\",\"description\":\"Fabricante de escadas, escadotes, andaimes, plataformas e solu\u00e7\u00f5es \u00e0 medida em alum\u00ednio e fibra de vidro certificados. F\u00e1brica com sede em Portugal.\",\"publisher\":{\"@id\":\"https:\/\/jormax.com\/en\/#organization\"},\"potentialAction\":[{\"@type\":\"SearchAction\",\"target\":{\"@type\":\"EntryPoint\",\"urlTemplate\":\"https:\/\/jormax.com\/en\/?s={search_term_string}\"},\"query-input\":{\"@type\":\"PropertyValueSpecification\",\"valueRequired\":true,\"valueName\":\"search_term_string\"}}],\"inLanguage\":\"en-US\"},{\"@type\":\"Organization\",\"@id\":\"https:\/\/jormax.com\/en\/#organization\",\"name\":\"Jormax - Factory of Ladders, Step Ladders and Scaffolding\",\"url\":\"https:\/\/jormax.com\/en\/\",\"logo\":{\"@type\":\"ImageObject\",\"inLanguage\":\"en-US\",\"@id\":\"https:\/\/jormax.com\/en\/#\/schema\/logo\/image\/\",\"url\":\"http:\/\/jormax.com\/wp-content\/uploads\/2019\/12\/logotipo-jormax-cor-stickymenu.png\",\"contentUrl\":\"http:\/\/jormax.com\/wp-content\/uploads\/2019\/12\/logotipo-jormax-cor-stickymenu.png\",\"width\":235,\"height\":59,\"caption\":\"Jormax - Factory of Ladders, Step Ladders and Scaffolding\"},\"image\":{\"@id\":\"https:\/\/jormax.com\/en\/#\/schema\/logo\/image\/\"},\"sameAs\":[\"https:\/\/www.facebook.com\/jormaxportugal\/\"]}]}<\/script>\n<!-- \/ Yoast SEO plugin. -->","yoast_head_json":{"title":"About Us - Jormax - F\u00e1brica de Escadas e Escadotes","robots":{"index":"index","follow":"follow","max-snippet":"max-snippet:-1","max-image-preview":"max-image-preview:large","max-video-preview":"max-video-preview:-1"},"canonical":"https:\/\/jormax.com\/en\/about-us\/","og_locale":"en_US","og_type":"article","og_title":"About Us - Jormax - F\u00e1brica de Escadas e Escadotes","og_description":"[vc_row css=&#8221;.vc_custom_1463544134166{padding-bottom: 60px !important;background-position: center !important;background-repeat: no-repeat !important;background-size: cover !important;}&#8221;][vc_column offset=&#8221;vc_col-lg-7 vc_col-md-7&#8243;][vc_empty_space height=&#8221;60px&#8221; el_class=&#8221;hidden-xs hidden-sm hidden-md&#8221;][vc_custom_heading text=&#8221;WE HAVE THE SOLUTION YOU ARE LOOKING FOR&#8221; font_container=&#8221;tag:h6|font_size:17px|text_align:left|line_height:24px&#8221; google_fonts=&#8221;font_family:Exo%3A100%2C100italic%2C200%2C200italic%2C300%2C300italic%2Cregular%2Citalic%2C500%2C500italic%2C600%2C600italic%2C700%2C700italic%2C800%2C800italic%2C900%2C900italic|font_style:400%20italic%3A400%3Aitalic&#8221; el_class=&#8221;tb-extratext-1 bt-color-main tb-icon&#8221; css=&#8221;.vc_custom_1708596542972{margin-bottom: 10px !important;}&#8221;][vc_custom_heading text=&#8221;JORMAX PERSONALITY&#8221; font_container=&#8221;tag:h3|font_size:26px|text_align:left|color:%23454545|line_height:36px&#8221; use_theme_fonts=&#8221;yes&#8221; el_class=&#8221;bt-poppins-font&#8221; css=&#8221;.vc_custom_1555321517776{margin-bottom: 15px !important;}&#8221;][vc_column_text css=&#8221;.vc_custom_1708596703648{margin-bottom: 60px !important;}&#8221;] We are an industry with 100% Portuguese capital and family structure. With [&hellip;]","og_url":"https:\/\/jormax.com\/en\/about-us\/","og_site_name":"Jormax - F\u00e1brica de Escadas e Escadotes","article_publisher":"https:\/\/www.facebook.com\/jormaxportugal\/","article_modified_time":"2024-07-09T10:11:38+00:00","og_image":[{"width":235,"height":59,"url":"https:\/\/jormax.com\/wp-content\/uploads\/2019\/12\/logotipo-jormax-cor-stickymenu.png","type":"image\/png"}],"twitter_card":"summary_large_image","twitter_misc":{"Est. reading time":"6 minutes"},"schema":{"@context":"https:\/\/schema.org","@graph":[{"@type":"WebPage","@id":"https:\/\/jormax.com\/en\/about-us\/","url":"https:\/\/jormax.com\/en\/about-us\/","name":"About Us - Jormax - F\u00e1brica de Escadas e Escadotes","isPartOf":{"@id":"https:\/\/jormax.com\/en\/#website"},"datePublished":"2019-11-18T12:54:41+00:00","dateModified":"2024-07-09T10:11:38+00:00","breadcrumb":{"@id":"https:\/\/jormax.com\/en\/about-us\/#breadcrumb"},"inLanguage":"en-US","potentialAction":[{"@type":"ReadAction","target":["https:\/\/jormax.com\/en\/about-us\/"]}]},{"@type":"BreadcrumbList","@id":"https:\/\/jormax.com\/en\/about-us\/#breadcrumb","itemListElement":[{"@type":"ListItem","position":1,"name":"In\u00edcio","item":"https:\/\/jormax.com\/en\/"},{"@type":"ListItem","position":2,"name":"About Us"}]},{"@type":"WebSite","@id":"https:\/\/jormax.com\/en\/#website","url":"https:\/\/jormax.com\/en\/","name":"Jormax - F\u00e1brica de Escadas e Escadotes","description":"Fabricante de escadas, escadotes, andaimes, plataformas e solu\u00e7\u00f5es \u00e0 medida em alum\u00ednio e fibra de vidro certificados. F\u00e1brica com sede em Portugal.","publisher":{"@id":"https:\/\/jormax.com\/en\/#organization"},"potentialAction":[{"@type":"SearchAction","target":{"@type":"EntryPoint","urlTemplate":"https:\/\/jormax.com\/en\/?s={search_term_string}"},"query-input":{"@type":"PropertyValueSpecification","valueRequired":true,"valueName":"search_term_string"}}],"inLanguage":"en-US"},{"@type":"Organization","@id":"https:\/\/jormax.com\/en\/#organization","name":"Jormax - Factory of Ladders, Step Ladders and Scaffolding","url":"https:\/\/jormax.com\/en\/","logo":{"@type":"ImageObject","inLanguage":"en-US","@id":"https:\/\/jormax.com\/en\/#\/schema\/logo\/image\/","url":"http:\/\/jormax.com\/wp-content\/uploads\/2019\/12\/logotipo-jormax-cor-stickymenu.png","contentUrl":"http:\/\/jormax.com\/wp-content\/uploads\/2019\/12\/logotipo-jormax-cor-stickymenu.png","width":235,"height":59,"caption":"Jormax - Factory of Ladders, Step Ladders and Scaffolding"},"image":{"@id":"https:\/\/jormax.com\/en\/#\/schema\/logo\/image\/"},"sameAs":["https:\/\/www.facebook.com\/jormaxportugal\/"]}]}},"_links":{"self":[{"href":"https:\/\/jormax.com\/en\/wp-json\/wp\/v2\/pages\/8708","targetHints":{"allow":["GET"]}}],"collection":[{"href":"https:\/\/jormax.com\/en\/wp-json\/wp\/v2\/pages"}],"about":[{"href":"https:\/\/jormax.com\/en\/wp-json\/wp\/v2\/types\/page"}],"author":[{"embeddable":true,"href":"https:\/\/jormax.com\/en\/wp-json\/wp\/v2\/users\/2"}],"replies":[{"embeddable":true,"href":"https:\/\/jormax.com\/en\/wp-json\/wp\/v2\/comments?post=8708"}],"version-history":[{"count":11,"href":"https:\/\/jormax.com\/en\/wp-json\/wp\/v2\/pages\/8708\/revisions"}],"predecessor-version":[{"id":21065,"href":"https:\/\/jormax.com\/en\/wp-json\/wp\/v2\/pages\/8708\/revisions\/21065"}],"wp:attachment":[{"href":"https:\/\/jormax.com\/en\/wp-json\/wp\/v2\/media?parent=8708"}],"curies":[{"name":"wp","href":"https:\/\/api.w.org\/{rel}","templated":true}]}}