{"id":8690,"date":"2019-11-18T11:44:29","date_gmt":"2019-11-18T11:44:29","guid":{"rendered":"https:\/\/www.jormax.com\/training\/"},"modified":"2020-01-21T12:20:45","modified_gmt":"2020-01-21T12:20:45","slug":"training","status":"publish","type":"page","link":"https:\/\/jormax.com\/en\/training\/","title":{"rendered":"Training"},"content":{"rendered":"<div class=\"wpb-content-wrapper\"><p>[vc_row css=&#8221;.vc_custom_1460947094614{padding-bottom: 60px !important;background-position: center !important;background-repeat: no-repeat !important;background-size: cover !important;}&#8221;][vc_column][vc_custom_heading text=&#8221;Assembly, Safe Use, Disassembly and Maintenance&#8221; font_container=&#8221;tag:h6|font_size:15px|text_align:center|color:%23454545|line_height:24px&#8221; google_fonts=&#8221;font_family:Lato%3A100%2C100italic%2C300%2C300italic%2Cregular%2Citalic%2C700%2C700italic%2C900%2C900italic|font_style:400%20italic%3A400%3Aitalic&#8221; custom_css=&#8221;letter-spacing: 0.08em;&#8221; css=&#8221;.vc_custom_1551871954948{margin-bottom: 5px !important;}&#8221;][vc_custom_heading text=&#8221;USE JORMAX PRODUCTS TO THE MAX, ALWAYS SAFE!&#8221; font_container=&#8221;tag:h3|font_size:30px|text_align:center|color:%23454545|line_height:46px&#8221; use_theme_fonts=&#8221;yes&#8221; el_class=&#8221;bt-poppins-font&#8221; css=&#8221;.vc_custom_1555322109484{margin-bottom: 10px !important;}&#8221;][vc_column_text css=&#8221;.vc_custom_1579609134084{margin-bottom: 60px !important;}&#8221;]<\/p>\n<p class=\"bt-default-font-main\" style=\"font-size: 15px; line-height: 28px; letter-spacing: 0.05em; color: #646464; text-align: center;\">We provide training for all our employees as well as our customers so that they can enjoy and use our products to the full, always safe!<\/p>\n<p>[\/vc_column_text][vc_row_inner][vc_column_inner width=&#8221;1\/4&#8243;][vc_single_image image=&#8221;9017&#8243; img_size=&#8221;full&#8221;][vc_custom_heading text=&#8221;Assembly&#8221; font_container=&#8221;tag:h6|font_size:20px|text_align:center|color:%23454545|line_height:24px&#8221; google_fonts=&#8221;font_family:Lato%3A100%2C100italic%2C300%2C300italic%2Cregular%2Citalic%2C700%2C700italic%2C900%2C900italic|font_style:400%20regular%3A400%3Anormal&#8221; custom_css=&#8221;letter-spacing: 0.08em;&#8221; css=&#8221;.vc_custom_1551871992913{margin-bottom: 5px !important;}&#8221;][\/vc_column_inner][vc_column_inner width=&#8221;1\/4&#8243;][vc_single_image image=&#8221;9020&#8243; img_size=&#8221;full&#8221;][vc_custom_heading text=&#8221;Safe Use&#8221; font_container=&#8221;tag:h6|font_size:20px|text_align:center|color:%23454545|line_height:24px&#8221; google_fonts=&#8221;font_family:Lato%3A100%2C100italic%2C300%2C300italic%2Cregular%2Citalic%2C700%2C700italic%2C900%2C900italic|font_style:400%20regular%3A400%3Anormal&#8221; custom_css=&#8221;letter-spacing: 0.08em;&#8221; css=&#8221;.vc_custom_1551872001434{margin-bottom: 5px !important;}&#8221;][\/vc_column_inner][vc_column_inner width=&#8221;1\/4&#8243;][vc_single_image image=&#8221;9011&#8243; img_size=&#8221;full&#8221;][vc_custom_heading text=&#8221;Disassembly&#8221; font_container=&#8221;tag:h6|font_size:20px|text_align:center|color:%23454545|line_height:24px&#8221; google_fonts=&#8221;font_family:Lato%3A100%2C100italic%2C300%2C300italic%2Cregular%2Citalic%2C700%2C700italic%2C900%2C900italic|font_style:400%20regular%3A400%3Anormal&#8221; custom_css=&#8221;letter-spacing: 0.08em;&#8221; css=&#8221;.vc_custom_1551872007394{margin-bottom: 5px !important;}&#8221;][\/vc_column_inner][vc_column_inner width=&#8221;1\/4&#8243;][vc_single_image image=&#8221;9014&#8243; img_size=&#8221;full&#8221;][vc_custom_heading text=&#8221;Maintenance&#8221; font_container=&#8221;tag:h6|font_size:20px|text_align:center|color:%23454545|line_height:24px&#8221; google_fonts=&#8221;font_family:Lato%3A100%2C100italic%2C300%2C300italic%2Cregular%2Citalic%2C700%2C700italic%2C900%2C900italic|font_style:400%20regular%3A400%3Anormal&#8221; custom_css=&#8221;letter-spacing: 0.08em;&#8221; css=&#8221;.vc_custom_1551872018177{margin-bottom: 5px !important;}&#8221;][\/vc_column_inner][\/vc_row_inner][\/vc_column][\/vc_row][vc_row][vc_column][vc_separator][\/vc_column][\/vc_row][vc_row][vc_column][vc_custom_heading text=&#8221;In accordance with the rules in force&#8221; font_container=&#8221;tag:h6|font_size:15px|text_align:center|color:%23454545|line_height:24px&#8221; google_fonts=&#8221;font_family:Lato%3A100%2C100italic%2C300%2C300italic%2Cregular%2Citalic%2C700%2C700italic%2C900%2C900italic|font_style:400%20italic%3A400%3Aitalic&#8221; custom_css=&#8221;letter-spacing: 0.08em;&#8221; css=&#8221;.vc_custom_1551882500632{margin-bottom: 5px !important;}&#8221;][vc_custom_heading text=&#8221;LEGISLATIVE DECREE 50 OF 2005&#8243; font_container=&#8221;tag:h3|font_size:30px|text_align:center|color:%23454545|line_height:46px&#8221; use_theme_fonts=&#8221;yes&#8221; el_class=&#8221;bt-poppins-font&#8221;][vc_column_text css=&#8221;.vc_custom_1579609152333{margin-top: 30px !important;margin-bottom: 0px !important;}&#8221;]<\/p>\n<p class=\"bt-default-font-main\" style=\"font-size: 15px; line-height: 28px; letter-spacing: 0.05em; color: #646464; text-align: center;\">The Occupational Safety Act D. Legislative Decree 50 of 2005, in accordance with the rules in force, reaffirms and reiterates the employer&#8217;s obligation to ensure that, for each work equipment made available, workers in use must have all the information and necessary instructions and receive appropriate training and training regarding the safety and conditions of use of the equipment in normal and foreseeable abnormal situations.<\/p>\n<p>[\/vc_column_text][vc_empty_space][\/vc_column][\/vc_row][vc_row][vc_column][vc_separator][vc_empty_space][\/vc_column][\/vc_row][vc_row css=&#8221;.vc_custom_1551885321146{padding-bottom: 30px !important;}&#8221;][vc_column width=&#8221;1\/2&#8243;][vc_custom_heading text=&#8221;DURATION: 5\/6 HOURS&#8221; font_container=&#8221;tag:h3|font_size:30px|text_align:left|color:%23272626|line_height:36px&#8221; use_theme_fonts=&#8221;yes&#8221; icon=&#8221;fa fa-gg&#8221; css=&#8221;.vc_custom_1555322170428{margin-bottom: 30px !important;}&#8221;][vc_custom_heading text=&#8221;The employer also informs workers about the risks they are exposed to when using work equipment.&#8221; font_container=&#8221;tag:div|font_size:14px|text_align:left|color:%23929292|line_height:24px&#8221; use_theme_fonts=&#8221;yes&#8221; el_class=&#8221;bt-poppins-font bt-subtext&#8221; css=&#8221;.vc_custom_1551874200652{margin-bottom: 60px !important;}&#8221;][vc_empty_space height=&#8221;15px&#8221;][vc_row_inner][vc_column_inner width=&#8221;1\/2&#8243;]\t\t<div class=\"bt-service-wrap style1_1 \">\n\t\t\t<div class=\"bt-service\">\n\t\t\t\t<div class=\"bt-icon\"><i class=\"fa fa-minus\"><\/i><\/div><h5 class=\"bt-title\">Minimum Number<\/h5><div class=\"bt-content\"><p>8 trainees per course<\/p>\n<\/div>\t\t\t<\/div>\n\t\t<\/div>\n\t\t\n    [\/vc_column_inner][vc_column_inner width=&#8221;1\/2&#8243;]\t\t<div class=\"bt-service-wrap style1_1 \">\n\t\t\t<div class=\"bt-service\">\n\t\t\t\t<div class=\"bt-icon\"><i class=\"fa fa-plus\"><\/i><\/div><h5 class=\"bt-title\">Maximum Number<\/h5><div class=\"bt-content\"><p>20 trainees per course<\/p>\n<\/div>\t\t\t<\/div>\n\t\t<\/div>\n\t\t\n    [\/vc_column_inner][\/vc_row_inner][\/vc_column][vc_column width=&#8221;1\/2&#8243;][vc_custom_heading text=&#8221;\u00bb FOR LESS THAN 8 TRAINEES&#8221; font_container=&#8221;tag:h3|font_size:25px|text_align:left|color:%23393838|line_height:38px&#8221; use_theme_fonts=&#8221;yes&#8221; el_class=&#8221;bt-poppins-font&#8221; css=&#8221;.vc_custom_1555322182346{margin-bottom: 10px !important;}&#8221;][vc_custom_heading text=&#8221;For a number of participants with less than 8 trainees, we organize courses that combine operators from different companies.&#8221; font_container=&#8221;tag:div|font_size:14px|text_align:left|color:%23929292|line_height:24px&#8221; use_theme_fonts=&#8221;yes&#8221; el_class=&#8221;bt-poppins-font bt-subtext&#8221;][vc_empty_space][vc_column_text]\u00bb Frequency certificate<\/p>\n<p>&nbsp;<\/p>\n<p>\u00bb Course submission<\/p>\n<p>&nbsp;<\/p>\n<p>\u00bb Course Object Usage and Maintenance Manual[\/vc_column_text][\/vc_column][\/vc_row][vc_row css=&#8221;.vc_custom_1551371427534{margin-top: 50px !important;padding-top: 40px !important;padding-bottom: 30px !important;background-color: #d60f17 !important;}&#8221;][vc_column][vc_custom_heading text=&#8221;For booking, contact Jormax&#8221; font_container=&#8221;tag:h4|font_size:35px|text_align:center|color:%23ffffff|line_height:46px&#8221; use_theme_fonts=&#8221;yes&#8221; el_class=&#8221;bt-poppins-font&#8221; css=&#8221;.vc_custom_1551881781619{margin-bottom: 15px !important;}&#8221;][vc_custom_heading text=&#8221;Courses subject to availability&#8221; font_container=&#8221;tag:div|font_size:14px|text_align:center|color:%23ededed|line_height:24px&#8221; use_theme_fonts=&#8221;yes&#8221;][vc_empty_space height=&#8221;15px&#8221;][vc_row_inner][vc_column_inner width=&#8221;1\/5&#8243;][\/vc_column_inner][vc_column_inner width=&#8221;1\/5&#8243;][\/vc_column_inner][vc_column_inner width=&#8221;1\/5&#8243;][vc_btn title=&#8221;Contact Us&#8221; style=&#8221;classic&#8221; shape=&#8221;square&#8221; color=&#8221;black&#8221; align=&#8221;center&#8221; el_class=&#8221;bt-btn-buy-our-product hvr-float-shadow&#8221; link=&#8221;url:https%3A%2F%2Fjormax.com%2Fen%2Fcontacts%2F|title:Contacts||&#8221;][\/vc_column_inner][vc_column_inner width=&#8221;1\/5&#8243;][\/vc_column_inner][vc_column_inner width=&#8221;1\/5&#8243;][\/vc_column_inner][\/vc_row_inner][\/vc_column][\/vc_row]<\/p>\n<\/div>","protected":false},"excerpt":{"rendered":"<p>[vc_row css=&#8221;.vc_custom_1460947094614{padding-bottom: 60px !important;background-position: center !important;background-repeat: no-repeat !important;background-size: cover !important;}&#8221;][vc_column][vc_custom_heading text=&#8221;Assembly, Safe Use, Disassembly and Maintenance&#8221; font_container=&#8221;tag:h6|font_size:15px|text_align:center|color:%23454545|line_height:24px&#8221; google_fonts=&#8221;font_family:Lato%3A100%2C100italic%2C300%2C300italic%2Cregular%2Citalic%2C700%2C700italic%2C900%2C900italic|font_style:400%20italic%3A400%3Aitalic&#8221; custom_css=&#8221;letter-spacing: 0.08em;&#8221; css=&#8221;.vc_custom_1551871954948{margin-bottom: 5px !important;}&#8221;][vc_custom_heading text=&#8221;USE JORMAX PRODUCTS TO THE MAX, ALWAYS SAFE!&#8221; font_container=&#8221;tag:h3|font_size:30px|text_align:center|color:%23454545|line_height:46px&#8221; use_theme_fonts=&#8221;yes&#8221; el_class=&#8221;bt-poppins-font&#8221; css=&#8221;.vc_custom_1555322109484{margin-bottom: 10px !important;}&#8221;][vc_column_text css=&#8221;.vc_custom_1579609134084{margin-bottom: 60px !important;}&#8221;] We provide training for all our employees as well as our customers so that they [&hellip;]<\/p>\n","protected":false},"author":2,"featured_media":0,"parent":0,"menu_order":30,"comment_status":"closed","ping_status":"closed","template":"","meta":{"footnotes":""},"class_list":["post-8690","page","type-page","status-publish","hentry"],"yoast_head":"<!-- This site is optimized with the Yoast SEO plugin v24.5 - https:\/\/yoast.com\/wordpress\/plugins\/seo\/ -->\n<title>Training - Jormax - F\u00e1brica de Escadas e Escadotes<\/title>\n<meta name=\"robots\" content=\"index, follow, max-snippet:-1, max-image-preview:large, max-video-preview:-1\" \/>\n<link rel=\"canonical\" href=\"https:\/\/jormax.com\/en\/training\/\" \/>\n<meta property=\"og:locale\" content=\"en_US\" \/>\n<meta property=\"og:type\" content=\"article\" \/>\n<meta property=\"og:title\" content=\"Training - Jormax - F\u00e1brica de Escadas e Escadotes\" \/>\n<meta property=\"og:description\" content=\"[vc_row css=&#8221;.vc_custom_1460947094614{padding-bottom: 60px !important;background-position: center !important;background-repeat: no-repeat !important;background-size: cover !important;}&#8221;][vc_column][vc_custom_heading text=&#8221;Assembly, Safe Use, Disassembly and Maintenance&#8221; font_container=&#8221;tag:h6|font_size:15px|text_align:center|color:%23454545|line_height:24px&#8221; google_fonts=&#8221;font_family:Lato%3A100%2C100italic%2C300%2C300italic%2Cregular%2Citalic%2C700%2C700italic%2C900%2C900italic|font_style:400%20italic%3A400%3Aitalic&#8221; custom_css=&#8221;letter-spacing: 0.08em;&#8221; css=&#8221;.vc_custom_1551871954948{margin-bottom: 5px !important;}&#8221;][vc_custom_heading text=&#8221;USE JORMAX PRODUCTS TO THE MAX, ALWAYS SAFE!&#8221; font_container=&#8221;tag:h3|font_size:30px|text_align:center|color:%23454545|line_height:46px&#8221; use_theme_fonts=&#8221;yes&#8221; el_class=&#8221;bt-poppins-font&#8221; css=&#8221;.vc_custom_1555322109484{margin-bottom: 10px !important;}&#8221;][vc_column_text css=&#8221;.vc_custom_1579609134084{margin-bottom: 60px !important;}&#8221;] We provide training for all our employees as well as our customers so that they [&hellip;]\" \/>\n<meta property=\"og:url\" content=\"https:\/\/jormax.com\/en\/training\/\" \/>\n<meta property=\"og:site_name\" content=\"Jormax - F\u00e1brica de Escadas e Escadotes\" \/>\n<meta property=\"article:publisher\" content=\"https:\/\/www.facebook.com\/jormaxportugal\/\" \/>\n<meta property=\"article:modified_time\" content=\"2020-01-21T12:20:45+00:00\" \/>\n<meta property=\"og:image\" content=\"https:\/\/jormax.com\/wp-content\/uploads\/2019\/12\/logotipo-jormax-cor-stickymenu.png\" \/>\n\t<meta property=\"og:image:width\" content=\"235\" \/>\n\t<meta property=\"og:image:height\" content=\"59\" \/>\n\t<meta property=\"og:image:type\" content=\"image\/png\" \/>\n<meta name=\"twitter:card\" content=\"summary_large_image\" \/>\n<meta name=\"twitter:label1\" content=\"Est. reading time\" \/>\n\t<meta name=\"twitter:data1\" content=\"5 minutes\" \/>\n<script type=\"application\/ld+json\" class=\"yoast-schema-graph\">{\"@context\":\"https:\/\/schema.org\",\"@graph\":[{\"@type\":\"WebPage\",\"@id\":\"https:\/\/jormax.com\/en\/training\/\",\"url\":\"https:\/\/jormax.com\/en\/training\/\",\"name\":\"Training - Jormax - F\u00e1brica de Escadas e Escadotes\",\"isPartOf\":{\"@id\":\"https:\/\/jormax.com\/en\/#website\"},\"datePublished\":\"2019-11-18T11:44:29+00:00\",\"dateModified\":\"2020-01-21T12:20:45+00:00\",\"breadcrumb\":{\"@id\":\"https:\/\/jormax.com\/en\/training\/#breadcrumb\"},\"inLanguage\":\"en-US\",\"potentialAction\":[{\"@type\":\"ReadAction\",\"target\":[\"https:\/\/jormax.com\/en\/training\/\"]}]},{\"@type\":\"BreadcrumbList\",\"@id\":\"https:\/\/jormax.com\/en\/training\/#breadcrumb\",\"itemListElement\":[{\"@type\":\"ListItem\",\"position\":1,\"name\":\"In\u00edcio\",\"item\":\"https:\/\/jormax.com\/en\/\"},{\"@type\":\"ListItem\",\"position\":2,\"name\":\"Training\"}]},{\"@type\":\"WebSite\",\"@id\":\"https:\/\/jormax.com\/en\/#website\",\"url\":\"https:\/\/jormax.com\/en\/\",\"name\":\"Jormax - F\u00e1brica de Escadas e Escadotes\",\"description\":\"Fabricante de escadas, escadotes, andaimes, plataformas e solu\u00e7\u00f5es \u00e0 medida em alum\u00ednio e fibra de vidro certificados. F\u00e1brica com sede em Portugal.\",\"publisher\":{\"@id\":\"https:\/\/jormax.com\/en\/#organization\"},\"potentialAction\":[{\"@type\":\"SearchAction\",\"target\":{\"@type\":\"EntryPoint\",\"urlTemplate\":\"https:\/\/jormax.com\/en\/?s={search_term_string}\"},\"query-input\":{\"@type\":\"PropertyValueSpecification\",\"valueRequired\":true,\"valueName\":\"search_term_string\"}}],\"inLanguage\":\"en-US\"},{\"@type\":\"Organization\",\"@id\":\"https:\/\/jormax.com\/en\/#organization\",\"name\":\"Jormax - Factory of Ladders, Step Ladders and Scaffolding\",\"url\":\"https:\/\/jormax.com\/en\/\",\"logo\":{\"@type\":\"ImageObject\",\"inLanguage\":\"en-US\",\"@id\":\"https:\/\/jormax.com\/en\/#\/schema\/logo\/image\/\",\"url\":\"http:\/\/jormax.com\/wp-content\/uploads\/2019\/12\/logotipo-jormax-cor-stickymenu.png\",\"contentUrl\":\"http:\/\/jormax.com\/wp-content\/uploads\/2019\/12\/logotipo-jormax-cor-stickymenu.png\",\"width\":235,\"height\":59,\"caption\":\"Jormax - Factory of Ladders, Step Ladders and Scaffolding\"},\"image\":{\"@id\":\"https:\/\/jormax.com\/en\/#\/schema\/logo\/image\/\"},\"sameAs\":[\"https:\/\/www.facebook.com\/jormaxportugal\/\"]}]}<\/script>\n<!-- \/ Yoast SEO plugin. -->","yoast_head_json":{"title":"Training - Jormax - F\u00e1brica de Escadas e Escadotes","robots":{"index":"index","follow":"follow","max-snippet":"max-snippet:-1","max-image-preview":"max-image-preview:large","max-video-preview":"max-video-preview:-1"},"canonical":"https:\/\/jormax.com\/en\/training\/","og_locale":"en_US","og_type":"article","og_title":"Training - Jormax - F\u00e1brica de Escadas e Escadotes","og_description":"[vc_row css=&#8221;.vc_custom_1460947094614{padding-bottom: 60px !important;background-position: center !important;background-repeat: no-repeat !important;background-size: cover !important;}&#8221;][vc_column][vc_custom_heading text=&#8221;Assembly, Safe Use, Disassembly and Maintenance&#8221; font_container=&#8221;tag:h6|font_size:15px|text_align:center|color:%23454545|line_height:24px&#8221; google_fonts=&#8221;font_family:Lato%3A100%2C100italic%2C300%2C300italic%2Cregular%2Citalic%2C700%2C700italic%2C900%2C900italic|font_style:400%20italic%3A400%3Aitalic&#8221; custom_css=&#8221;letter-spacing: 0.08em;&#8221; css=&#8221;.vc_custom_1551871954948{margin-bottom: 5px !important;}&#8221;][vc_custom_heading text=&#8221;USE JORMAX PRODUCTS TO THE MAX, ALWAYS SAFE!&#8221; font_container=&#8221;tag:h3|font_size:30px|text_align:center|color:%23454545|line_height:46px&#8221; use_theme_fonts=&#8221;yes&#8221; el_class=&#8221;bt-poppins-font&#8221; css=&#8221;.vc_custom_1555322109484{margin-bottom: 10px !important;}&#8221;][vc_column_text css=&#8221;.vc_custom_1579609134084{margin-bottom: 60px !important;}&#8221;] We provide training for all our employees as well as our customers so that they [&hellip;]","og_url":"https:\/\/jormax.com\/en\/training\/","og_site_name":"Jormax - F\u00e1brica de Escadas e Escadotes","article_publisher":"https:\/\/www.facebook.com\/jormaxportugal\/","article_modified_time":"2020-01-21T12:20:45+00:00","og_image":[{"width":235,"height":59,"url":"https:\/\/jormax.com\/wp-content\/uploads\/2019\/12\/logotipo-jormax-cor-stickymenu.png","type":"image\/png"}],"twitter_card":"summary_large_image","twitter_misc":{"Est. reading time":"5 minutes"},"schema":{"@context":"https:\/\/schema.org","@graph":[{"@type":"WebPage","@id":"https:\/\/jormax.com\/en\/training\/","url":"https:\/\/jormax.com\/en\/training\/","name":"Training - Jormax - F\u00e1brica de Escadas e Escadotes","isPartOf":{"@id":"https:\/\/jormax.com\/en\/#website"},"datePublished":"2019-11-18T11:44:29+00:00","dateModified":"2020-01-21T12:20:45+00:00","breadcrumb":{"@id":"https:\/\/jormax.com\/en\/training\/#breadcrumb"},"inLanguage":"en-US","potentialAction":[{"@type":"ReadAction","target":["https:\/\/jormax.com\/en\/training\/"]}]},{"@type":"BreadcrumbList","@id":"https:\/\/jormax.com\/en\/training\/#breadcrumb","itemListElement":[{"@type":"ListItem","position":1,"name":"In\u00edcio","item":"https:\/\/jormax.com\/en\/"},{"@type":"ListItem","position":2,"name":"Training"}]},{"@type":"WebSite","@id":"https:\/\/jormax.com\/en\/#website","url":"https:\/\/jormax.com\/en\/","name":"Jormax - F\u00e1brica de Escadas e Escadotes","description":"Fabricante de escadas, escadotes, andaimes, plataformas e solu\u00e7\u00f5es \u00e0 medida em alum\u00ednio e fibra de vidro certificados. F\u00e1brica com sede em Portugal.","publisher":{"@id":"https:\/\/jormax.com\/en\/#organization"},"potentialAction":[{"@type":"SearchAction","target":{"@type":"EntryPoint","urlTemplate":"https:\/\/jormax.com\/en\/?s={search_term_string}"},"query-input":{"@type":"PropertyValueSpecification","valueRequired":true,"valueName":"search_term_string"}}],"inLanguage":"en-US"},{"@type":"Organization","@id":"https:\/\/jormax.com\/en\/#organization","name":"Jormax - Factory of Ladders, Step Ladders and Scaffolding","url":"https:\/\/jormax.com\/en\/","logo":{"@type":"ImageObject","inLanguage":"en-US","@id":"https:\/\/jormax.com\/en\/#\/schema\/logo\/image\/","url":"http:\/\/jormax.com\/wp-content\/uploads\/2019\/12\/logotipo-jormax-cor-stickymenu.png","contentUrl":"http:\/\/jormax.com\/wp-content\/uploads\/2019\/12\/logotipo-jormax-cor-stickymenu.png","width":235,"height":59,"caption":"Jormax - Factory of Ladders, Step Ladders and Scaffolding"},"image":{"@id":"https:\/\/jormax.com\/en\/#\/schema\/logo\/image\/"},"sameAs":["https:\/\/www.facebook.com\/jormaxportugal\/"]}]}},"_links":{"self":[{"href":"https:\/\/jormax.com\/en\/wp-json\/wp\/v2\/pages\/8690","targetHints":{"allow":["GET"]}}],"collection":[{"href":"https:\/\/jormax.com\/en\/wp-json\/wp\/v2\/pages"}],"about":[{"href":"https:\/\/jormax.com\/en\/wp-json\/wp\/v2\/types\/page"}],"author":[{"embeddable":true,"href":"https:\/\/jormax.com\/en\/wp-json\/wp\/v2\/users\/2"}],"replies":[{"embeddable":true,"href":"https:\/\/jormax.com\/en\/wp-json\/wp\/v2\/comments?post=8690"}],"version-history":[{"count":4,"href":"https:\/\/jormax.com\/en\/wp-json\/wp\/v2\/pages\/8690\/revisions"}],"predecessor-version":[{"id":12171,"href":"https:\/\/jormax.com\/en\/wp-json\/wp\/v2\/pages\/8690\/revisions\/12171"}],"wp:attachment":[{"href":"https:\/\/jormax.com\/en\/wp-json\/wp\/v2\/media?parent=8690"}],"curies":[{"name":"wp","href":"https:\/\/api.w.org\/{rel}","templated":true}]}}