{"id":8686,"date":"2019-11-18T11:33:12","date_gmt":"2019-11-18T11:33:12","guid":{"rendered":"https:\/\/www.jormax.com\/conditions-of-sale\/"},"modified":"2022-05-16T10:41:54","modified_gmt":"2022-05-16T09:41:54","slug":"conditions-of-sale","status":"publish","type":"page","link":"https:\/\/jormax.com\/en\/conditions-of-sale\/","title":{"rendered":"Conditions of Sale"},"content":{"rendered":"<div class=\"wpb-content-wrapper\"><p>[vc_row][vc_column][vc_tta_accordion c_icon=&#8221;&#8221; active_section=&#8221;1&#8243; el_class=&#8221;bt-accordion-style1&#8243; css=&#8221;.vc_custom_1551697798693{margin-bottom: 30px !important;}&#8221;][vc_tta_section title=&#8221;1 | PROPOSALS&#8221; tab_id=&#8221;1459392343405-90ffc804-f1bd&#8221;][vc_column_text]<\/p>\n<p class=\"bt-default-font-main\" style=\"font-size: 14px; line-height: 26px; letter-spacing: 0.04em; color: #929292;\">a) Proposals are valid for 30 days. After this period JORMAX does not guarantee the fulfilment of the conditions initially established.<br \/>\nb) The values presented in the bids are calculated for the set. In the case of partial award, JORMAX reserves the right to update the proposed values.<br \/>\nc) The values indicated in the proposals and billing documents are net per line and do not include postage and VAT.<br \/>\nd) Price lists may change without notice and this update shall be released as early as possible.<\/p>\n<p>[\/vc_column_text][\/vc_tta_section][vc_tta_section title=&#8221;2 | ORDERS&#8221; tab_id=&#8221;1459392343570-5b8dfb13-89b5&#8243;][vc_column_text]<\/p>\n<p class=\"bt-default-font-main\" style=\"font-size: 14px; line-height: 26px; letter-spacing: 0.04em; color: #929292;\">The user, natural person to whom the data relates and who has enjoyed Jormax services or products. The user will be the person who uses or operates Jormax products and services.<\/p>\n<p>[\/vc_column_text][\/vc_tta_section][vc_tta_section title=&#8221;3 | DELIVERY TIMES&#8221; tab_id=&#8221;1459392473489-bac699b6-a820&#8243;][vc_column_text]<\/p>\n<p class=\"bt-default-font-main\" style=\"font-size: 14px; line-height: 26px; letter-spacing: 0.04em; color: #929292;\">a) Delivery time is based on an estimate of approximate business days from the date of confirmation of the Customer Order and except sale.<br \/>\nb) JORMAX is not responsible for delays arising from situations beyond its control, such as machine or vehicle damage, delays from international and national carriers, adverse weather conditions, holidays, holidays, etc.<br \/>\nc) JORMAX does not accept penalties for non-compliance with delivery times, except as previously agreed in writing by the parties, in a private document.<br \/>\nd) For materials in stock, JORMAX will deliver the goods within 48 hours of receipt of the order and in accordance with the requested delivery date.<br \/>\ne) For materials not in stock, the delivery time desired by the customer may be conditioned by the period of our production. In such cases, the customer will be informed of a new order confirmation with the new delivery time.<br \/>\nf) Within the agreed delivery period, if JORMAX has partial quantities against the order placed, it will supply the available quantity, the remainder being for delivery at the later confirmed date.<br \/>\ng) If the Customer requests the anticipated delivery deadline, this will only be accepted if stock is available and after confirmation from JORMAX<\/p>\n<p>[\/vc_column_text][\/vc_tta_section][vc_tta_section title=&#8221;4 | SHIPPING AND PACKING CONDITIONS&#8221; tab_id=&#8221;1551696609799-4e750077-bf08&#8243;][vc_column_text]<\/p>\n<p class=\"bt-default-font-main\" style=\"font-size: 14px; line-height: 26px; letter-spacing: 0.04em; color: #929292;\">a) The packaging to be used is defined by JORMAX, unless a special packaging has been previously agreed.<br \/>\nb) The shipping costs are borne by the Customer, unless otherwise agreed.<br \/>\nc) Goods are always sent at the Customer&#8217;s risk and expense.<\/p>\n<p>[\/vc_column_text][\/vc_tta_section][vc_tta_section title=&#8221;5 | PAYMENT CONDITIONS&#8221; tab_id=&#8221;1551696631379-a573d6e0-3e51&#8243;][vc_column_text]<\/p>\n<p class=\"bt-default-font-main\" style=\"font-size: 14px; line-height: 26px; letter-spacing: 0.04em; color: #929292;\">a) All supplies of \u20ac 2 500.00 or less (VAT excluded) are payable in cash.<br \/>\nb) All supplies above \u20ac 2 500.00 (VAT excluded) are Cash Payments, except in situations where Customer Credit is granted.<br \/>\nc) The study for the eventual opening of Credit is requested by the client through its own form, and the process is treated as soon as possible.<br \/>\nd) The initiation of the process does not guarantee that the credit will be accepted, so the conditions of any ongoing order are not affected by an ongoing Credit opening study.<br \/>\ne) Credit payment terms cease in cases of late payment of overdue invoices, if there is no prior authorization for another payment term.<br \/>\nf) Credit payment terms automatically cease if there are no movements within a period of more than 3 months.<br \/>\n(g) A new credit extension shall be subject to the above procedures.<\/p>\n<p>[\/vc_column_text][\/vc_tta_section][vc_tta_section title=&#8221;6 | PAYMENTS&#8221; tab_id=&#8221;1551696722361-078fde5e-19eb&#8221;][vc_column_text]<\/p>\n<p class=\"bt-default-font-main\" style=\"font-size: 14px; line-height: 26px; letter-spacing: 0.04em; color: #929292;\">a) Payments must be made to JORMAX&#8217;s address at Customer&#8217;s risk, with the sum of the amount due being transmitted, regardless of the payment method chosen.<br \/>\n(b) Where payment by bank transfer is chosen, the following bank is used:<br \/>\nNOVO BANCO<br \/>\nIBAN: PT50 0007 0618 0008 5350 0028 9<br \/>\nSWIFT \/ BIC: BESCPTPL<br \/>\nc) In the event of non-payment within the agreed period, interest on late payment will be due, in accordance with Decree-Law 32\/2003 of 17 February, the rate of which is established by Ordinance 597\/2005, of 19\/07.<br \/>\nd) The delay or non-payment of documents already overdue causes the immediate suspension of deliveries of orders in progress.<br \/>\ne) Any payment is only considered after good collection.<\/p>\n<p>[\/vc_column_text][\/vc_tta_section][vc_tta_section title=&#8221;7 | RETURNS&#8221; tab_id=&#8221;1551696748669-73b39fb1-c506&#8243;][vc_column_text]<\/p>\n<p class=\"bt-default-font-main\" style=\"font-size: 14px; line-height: 26px; letter-spacing: 0.04em; color: #929292;\">a) Returns will only be accepted if previously agreed with JORMAX.<\/p>\n<p>[\/vc_column_text][\/vc_tta_section][vc_tta_section title=&#8221;8 | WARRANTY CONDITIONS&#8221; tab_id=&#8221;1551696803415-3c99be4d-9e6b&#8221;][vc_column_text]<\/p>\n<p class=\"bt-default-font-main\" style=\"font-size: 14px; line-height: 26px; letter-spacing: 0.04em; color: #929292;\">a) JORMAX only accepts duly proven material defect claims.<br \/>\nb) Due to the result of the analysis of the complaint, it will be agreed with the Customer the replacement of the material or the credit of its value.<br \/>\nc) The warranty does not cover any transportation costs to and from our facilities.<br \/>\nd) The general conditions of guarantee are those established by the legislation in force.<\/p>\n<p>[\/vc_column_text][\/vc_tta_section][vc_tta_section title=&#8221;9 | COMPETENT FORUM&#8221; tab_id=&#8221;1551696857145-1119f590-0864&#8243;][vc_column_text]<\/p>\n<p class=\"bt-default-font-main\" style=\"font-size: 14px; line-height: 26px; letter-spacing: 0.04em; color: #929292;\">a) In adjudicating all the disputed cases, the Santa Maria da Feira District Court is the only competent court.<br \/>\nb) JORMAX reserves the right, as the complainant of a legal action, to take this action at the place of the buyer or at home, in Portugal or abroad.<\/p>\n<p>[\/vc_column_text][\/vc_tta_section][\/vc_tta_accordion][vc_empty_space height=&#8221;70px&#8221;][\/vc_column][\/vc_row]<\/p>\n<\/div>","protected":false},"excerpt":{"rendered":"<p>[vc_row][vc_column][vc_tta_accordion c_icon=&#8221;&#8221; active_section=&#8221;1&#8243; el_class=&#8221;bt-accordion-style1&#8243; css=&#8221;.vc_custom_1551697798693{margin-bottom: 30px !important;}&#8221;][vc_tta_section title=&#8221;1 | PROPOSALS&#8221; tab_id=&#8221;1459392343405-90ffc804-f1bd&#8221;][vc_column_text] a) Proposals are valid for 30 days. After this period JORMAX does not guarantee the fulfilment of the conditions initially established. b) The values presented in the bids are calculated for the set. In the case of partial award, JORMAX reserves the right to [&hellip;]<\/p>\n","protected":false},"author":2,"featured_media":0,"parent":0,"menu_order":56,"comment_status":"closed","ping_status":"open","template":"","meta":{"footnotes":""},"class_list":["post-8686","page","type-page","status-publish","hentry"],"yoast_head":"<!-- This site is optimized with the Yoast SEO plugin v24.5 - https:\/\/yoast.com\/wordpress\/plugins\/seo\/ -->\n<title>Conditions of Sale - Jormax - F\u00e1brica de Escadas e Escadotes<\/title>\n<meta name=\"robots\" content=\"index, follow, max-snippet:-1, max-image-preview:large, max-video-preview:-1\" \/>\n<link rel=\"canonical\" href=\"https:\/\/jormax.com\/en\/conditions-of-sale\/\" \/>\n<meta property=\"og:locale\" content=\"en_US\" \/>\n<meta property=\"og:type\" content=\"article\" \/>\n<meta property=\"og:title\" content=\"Conditions of Sale - Jormax - F\u00e1brica de Escadas e Escadotes\" \/>\n<meta property=\"og:description\" content=\"[vc_row][vc_column][vc_tta_accordion c_icon=&#8221;&#8221; active_section=&#8221;1&#8243; el_class=&#8221;bt-accordion-style1&#8243; css=&#8221;.vc_custom_1551697798693{margin-bottom: 30px !important;}&#8221;][vc_tta_section title=&#8221;1 | PROPOSALS&#8221; tab_id=&#8221;1459392343405-90ffc804-f1bd&#8221;][vc_column_text] a) Proposals are valid for 30 days. After this period JORMAX does not guarantee the fulfilment of the conditions initially established. b) The values presented in the bids are calculated for the set. In the case of partial award, JORMAX reserves the right to [&hellip;]\" \/>\n<meta property=\"og:url\" content=\"https:\/\/jormax.com\/en\/conditions-of-sale\/\" \/>\n<meta property=\"og:site_name\" content=\"Jormax - F\u00e1brica de Escadas e Escadotes\" \/>\n<meta property=\"article:publisher\" content=\"https:\/\/www.facebook.com\/jormaxportugal\/\" \/>\n<meta property=\"article:modified_time\" content=\"2022-05-16T09:41:54+00:00\" \/>\n<meta property=\"og:image\" content=\"https:\/\/jormax.com\/wp-content\/uploads\/2019\/12\/logotipo-jormax-cor-stickymenu.png\" \/>\n\t<meta property=\"og:image:width\" content=\"235\" \/>\n\t<meta property=\"og:image:height\" content=\"59\" \/>\n\t<meta property=\"og:image:type\" content=\"image\/png\" \/>\n<meta name=\"twitter:card\" content=\"summary_large_image\" \/>\n<meta name=\"twitter:label1\" content=\"Est. reading time\" \/>\n\t<meta name=\"twitter:data1\" content=\"5 minutes\" \/>\n<script type=\"application\/ld+json\" class=\"yoast-schema-graph\">{\"@context\":\"https:\/\/schema.org\",\"@graph\":[{\"@type\":\"WebPage\",\"@id\":\"https:\/\/jormax.com\/en\/conditions-of-sale\/\",\"url\":\"https:\/\/jormax.com\/en\/conditions-of-sale\/\",\"name\":\"Conditions of Sale - Jormax - F\u00e1brica de Escadas e Escadotes\",\"isPartOf\":{\"@id\":\"https:\/\/jormax.com\/en\/#website\"},\"datePublished\":\"2019-11-18T11:33:12+00:00\",\"dateModified\":\"2022-05-16T09:41:54+00:00\",\"breadcrumb\":{\"@id\":\"https:\/\/jormax.com\/en\/conditions-of-sale\/#breadcrumb\"},\"inLanguage\":\"en-US\",\"potentialAction\":[{\"@type\":\"ReadAction\",\"target\":[\"https:\/\/jormax.com\/en\/conditions-of-sale\/\"]}]},{\"@type\":\"BreadcrumbList\",\"@id\":\"https:\/\/jormax.com\/en\/conditions-of-sale\/#breadcrumb\",\"itemListElement\":[{\"@type\":\"ListItem\",\"position\":1,\"name\":\"In\u00edcio\",\"item\":\"https:\/\/jormax.com\/en\/\"},{\"@type\":\"ListItem\",\"position\":2,\"name\":\"Conditions of Sale\"}]},{\"@type\":\"WebSite\",\"@id\":\"https:\/\/jormax.com\/en\/#website\",\"url\":\"https:\/\/jormax.com\/en\/\",\"name\":\"Jormax - F\u00e1brica de Escadas e Escadotes\",\"description\":\"Fabricante de escadas, escadotes, andaimes, plataformas e solu\u00e7\u00f5es \u00e0 medida em alum\u00ednio e fibra de vidro certificados. F\u00e1brica com sede em Portugal.\",\"publisher\":{\"@id\":\"https:\/\/jormax.com\/en\/#organization\"},\"potentialAction\":[{\"@type\":\"SearchAction\",\"target\":{\"@type\":\"EntryPoint\",\"urlTemplate\":\"https:\/\/jormax.com\/en\/?s={search_term_string}\"},\"query-input\":{\"@type\":\"PropertyValueSpecification\",\"valueRequired\":true,\"valueName\":\"search_term_string\"}}],\"inLanguage\":\"en-US\"},{\"@type\":\"Organization\",\"@id\":\"https:\/\/jormax.com\/en\/#organization\",\"name\":\"Jormax - Factory of Ladders, Step Ladders and Scaffolding\",\"url\":\"https:\/\/jormax.com\/en\/\",\"logo\":{\"@type\":\"ImageObject\",\"inLanguage\":\"en-US\",\"@id\":\"https:\/\/jormax.com\/en\/#\/schema\/logo\/image\/\",\"url\":\"http:\/\/jormax.com\/wp-content\/uploads\/2019\/12\/logotipo-jormax-cor-stickymenu.png\",\"contentUrl\":\"http:\/\/jormax.com\/wp-content\/uploads\/2019\/12\/logotipo-jormax-cor-stickymenu.png\",\"width\":235,\"height\":59,\"caption\":\"Jormax - Factory of Ladders, Step Ladders and Scaffolding\"},\"image\":{\"@id\":\"https:\/\/jormax.com\/en\/#\/schema\/logo\/image\/\"},\"sameAs\":[\"https:\/\/www.facebook.com\/jormaxportugal\/\"]}]}<\/script>\n<!-- \/ Yoast SEO plugin. -->","yoast_head_json":{"title":"Conditions of Sale - Jormax - F\u00e1brica de Escadas e Escadotes","robots":{"index":"index","follow":"follow","max-snippet":"max-snippet:-1","max-image-preview":"max-image-preview:large","max-video-preview":"max-video-preview:-1"},"canonical":"https:\/\/jormax.com\/en\/conditions-of-sale\/","og_locale":"en_US","og_type":"article","og_title":"Conditions of Sale - Jormax - F\u00e1brica de Escadas e Escadotes","og_description":"[vc_row][vc_column][vc_tta_accordion c_icon=&#8221;&#8221; active_section=&#8221;1&#8243; el_class=&#8221;bt-accordion-style1&#8243; css=&#8221;.vc_custom_1551697798693{margin-bottom: 30px !important;}&#8221;][vc_tta_section title=&#8221;1 | PROPOSALS&#8221; tab_id=&#8221;1459392343405-90ffc804-f1bd&#8221;][vc_column_text] a) Proposals are valid for 30 days. After this period JORMAX does not guarantee the fulfilment of the conditions initially established. b) The values presented in the bids are calculated for the set. In the case of partial award, JORMAX reserves the right to [&hellip;]","og_url":"https:\/\/jormax.com\/en\/conditions-of-sale\/","og_site_name":"Jormax - F\u00e1brica de Escadas e Escadotes","article_publisher":"https:\/\/www.facebook.com\/jormaxportugal\/","article_modified_time":"2022-05-16T09:41:54+00:00","og_image":[{"width":235,"height":59,"url":"https:\/\/jormax.com\/wp-content\/uploads\/2019\/12\/logotipo-jormax-cor-stickymenu.png","type":"image\/png"}],"twitter_card":"summary_large_image","twitter_misc":{"Est. reading time":"5 minutes"},"schema":{"@context":"https:\/\/schema.org","@graph":[{"@type":"WebPage","@id":"https:\/\/jormax.com\/en\/conditions-of-sale\/","url":"https:\/\/jormax.com\/en\/conditions-of-sale\/","name":"Conditions of Sale - Jormax - F\u00e1brica de Escadas e Escadotes","isPartOf":{"@id":"https:\/\/jormax.com\/en\/#website"},"datePublished":"2019-11-18T11:33:12+00:00","dateModified":"2022-05-16T09:41:54+00:00","breadcrumb":{"@id":"https:\/\/jormax.com\/en\/conditions-of-sale\/#breadcrumb"},"inLanguage":"en-US","potentialAction":[{"@type":"ReadAction","target":["https:\/\/jormax.com\/en\/conditions-of-sale\/"]}]},{"@type":"BreadcrumbList","@id":"https:\/\/jormax.com\/en\/conditions-of-sale\/#breadcrumb","itemListElement":[{"@type":"ListItem","position":1,"name":"In\u00edcio","item":"https:\/\/jormax.com\/en\/"},{"@type":"ListItem","position":2,"name":"Conditions of Sale"}]},{"@type":"WebSite","@id":"https:\/\/jormax.com\/en\/#website","url":"https:\/\/jormax.com\/en\/","name":"Jormax - F\u00e1brica de Escadas e Escadotes","description":"Fabricante de escadas, escadotes, andaimes, plataformas e solu\u00e7\u00f5es \u00e0 medida em alum\u00ednio e fibra de vidro certificados. F\u00e1brica com sede em Portugal.","publisher":{"@id":"https:\/\/jormax.com\/en\/#organization"},"potentialAction":[{"@type":"SearchAction","target":{"@type":"EntryPoint","urlTemplate":"https:\/\/jormax.com\/en\/?s={search_term_string}"},"query-input":{"@type":"PropertyValueSpecification","valueRequired":true,"valueName":"search_term_string"}}],"inLanguage":"en-US"},{"@type":"Organization","@id":"https:\/\/jormax.com\/en\/#organization","name":"Jormax - Factory of Ladders, Step Ladders and Scaffolding","url":"https:\/\/jormax.com\/en\/","logo":{"@type":"ImageObject","inLanguage":"en-US","@id":"https:\/\/jormax.com\/en\/#\/schema\/logo\/image\/","url":"http:\/\/jormax.com\/wp-content\/uploads\/2019\/12\/logotipo-jormax-cor-stickymenu.png","contentUrl":"http:\/\/jormax.com\/wp-content\/uploads\/2019\/12\/logotipo-jormax-cor-stickymenu.png","width":235,"height":59,"caption":"Jormax - Factory of Ladders, Step Ladders and Scaffolding"},"image":{"@id":"https:\/\/jormax.com\/en\/#\/schema\/logo\/image\/"},"sameAs":["https:\/\/www.facebook.com\/jormaxportugal\/"]}]}},"_links":{"self":[{"href":"https:\/\/jormax.com\/en\/wp-json\/wp\/v2\/pages\/8686","targetHints":{"allow":["GET"]}}],"collection":[{"href":"https:\/\/jormax.com\/en\/wp-json\/wp\/v2\/pages"}],"about":[{"href":"https:\/\/jormax.com\/en\/wp-json\/wp\/v2\/types\/page"}],"author":[{"embeddable":true,"href":"https:\/\/jormax.com\/en\/wp-json\/wp\/v2\/users\/2"}],"replies":[{"embeddable":true,"href":"https:\/\/jormax.com\/en\/wp-json\/wp\/v2\/comments?post=8686"}],"version-history":[{"count":3,"href":"https:\/\/jormax.com\/en\/wp-json\/wp\/v2\/pages\/8686\/revisions"}],"predecessor-version":[{"id":16239,"href":"https:\/\/jormax.com\/en\/wp-json\/wp\/v2\/pages\/8686\/revisions\/16239"}],"wp:attachment":[{"href":"https:\/\/jormax.com\/en\/wp-json\/wp\/v2\/media?parent=8686"}],"curies":[{"name":"wp","href":"https:\/\/api.w.org\/{rel}","templated":true}]}}