{"id":8635,"date":"2019-11-18T09:52:22","date_gmt":"2019-11-18T09:52:22","guid":{"rendered":"https:\/\/www.jormax.com\/technical-assistance\/"},"modified":"2019-12-06T18:23:32","modified_gmt":"2019-12-06T18:23:32","slug":"technical-assistance","status":"publish","type":"page","link":"https:\/\/jormax.com\/en\/technical-assistance\/","title":{"rendered":"Technical Assistance"},"content":{"rendered":"<div class=\"wpb-content-wrapper\"><p>[vc_row][vc_column width=&#8221;1\/2&#8243;][vc_custom_heading text=&#8221;WHATEVER THE PROBLEM WE ARE HERE TO SOLVE IT!&#8221; font_container=&#8221;tag:h6|font_size:15px|text_align:left|line_height:24px&#8221; google_fonts=&#8221;font_family:Exo%3A100%2C100italic%2C200%2C200italic%2C300%2C300italic%2Cregular%2Citalic%2C500%2C500italic%2C600%2C600italic%2C700%2C700italic%2C800%2C800italic%2C900%2C900italic|font_style:400%20italic%3A400%3Aitalic&#8221; custom_css=&#8221;letter-spacing: 0.08em;&#8221; css=&#8221;.vc_custom_1555326976953{margin-bottom: 5px !important;}&#8221; el_class=&#8221;tb-extratext-1 bt-color-main tb-icon&#8221;][vc_custom_heading text=&#8221;NEED HELP?&#8221; font_container=&#8221;tag:h3|font_size:26px|text_align:left|color:%23454545|line_height:36px&#8221; use_theme_fonts=&#8221;yes&#8221; el_class=&#8221;bt-poppins-font&#8221; css=&#8221;.vc_custom_1555322002129{margin-bottom: 15px !important;}&#8221;][vc_empty_space][vc_column_text]In the event that there is a problem or warranty claim with one of our items, we suggest that you first contact the entity from whom you purchased it. This way the whole process will be more efficient. If this is not possible, please contact our sales department directly. [\/vc_column_text][\/vc_column][vc_column width=&#8221;1\/2&#8243;][vc_custom_heading text=&#8221;TO MAKE THE APPLICATION FILL IN THE FORM BELOW.&#8221; font_container=&#8221;tag:h6|font_size:15px|text_align:left|line_height:24px&#8221; google_fonts=&#8221;font_family:Exo%3A100%2C100italic%2C200%2C200italic%2C300%2C300italic%2Cregular%2Citalic%2C500%2C500italic%2C600%2C600italic%2C700%2C700italic%2C800%2C800italic%2C900%2C900italic|font_style:400%20italic%3A400%3Aitalic&#8221; custom_css=&#8221;letter-spacing: 0.08em;&#8221; css=&#8221;.vc_custom_1555327002616{margin-bottom: 5px !important;}&#8221; el_class=&#8221;tb-extratext-1 bt-color-main tb-icon&#8221;][vc_custom_heading text=&#8221;JORMAX TECHNICAL ASSISTANCE&#8221; font_container=&#8221;tag:h3|font_size:26px|text_align:left|color:%23454545|line_height:36px&#8221; use_theme_fonts=&#8221;yes&#8221; el_class=&#8221;bt-poppins-font&#8221; css=&#8221;.vc_custom_1555322013954{margin-bottom: 15px !important;}&#8221;][vc_empty_space]\n<div class=\"wpcf7 no-js\" id=\"wpcf7-f8842-o1\" lang=\"en-US\" dir=\"ltr\" data-wpcf7-id=\"8842\">\n<div class=\"screen-reader-response\"><p role=\"status\" aria-live=\"polite\" aria-atomic=\"true\"><\/p> <ul><\/ul><\/div>\n<form action=\"\/en\/wp-json\/wp\/v2\/pages\/8635#wpcf7-f8842-o1\" method=\"post\" class=\"wpcf7-form init\" aria-label=\"Contact form\" novalidate=\"novalidate\" data-status=\"init\">\n<div style=\"display: none;\">\n<input type=\"hidden\" name=\"_wpcf7\" value=\"8842\" \/>\n<input type=\"hidden\" name=\"_wpcf7_version\" value=\"6.0.4\" \/>\n<input type=\"hidden\" name=\"_wpcf7_locale\" value=\"en_US\" \/>\n<input type=\"hidden\" name=\"_wpcf7_unit_tag\" value=\"wpcf7-f8842-o1\" \/>\n<input type=\"hidden\" name=\"_wpcf7_container_post\" value=\"0\" \/>\n<input type=\"hidden\" name=\"_wpcf7_posted_data_hash\" value=\"\" \/>\n<input type=\"hidden\" name=\"_wpcf7_recaptcha_response\" value=\"\" \/>\n<\/div>\n<div class=\"row bt-contact-form3\">\n\t<div class=\"col-md-4\">\n\t\t<div class=\"bt-field-text name\">\n\t\t\t<p><span class=\"bt-label\"><\/span><span class=\"wpcf7-form-control-wrap\" data-name=\"your-name\"><input size=\"40\" maxlength=\"400\" class=\"wpcf7-form-control wpcf7-text wpcf7-validates-as-required\" aria-required=\"true\" aria-invalid=\"false\" placeholder=\"NAME *\" value=\"\" type=\"text\" name=\"your-name\" \/><\/span>\n\t\t\t<\/p>\n\t\t<\/div>\n\t<\/div>\n\t<div class=\"col-md-4\">\n\t\t<div class=\"bt-field-text email\">\n\t\t\t<p><span class=\"bt-label\"><\/span><span class=\"wpcf7-form-control-wrap\" data-name=\"your-email\"><input size=\"40\" maxlength=\"400\" class=\"wpcf7-form-control wpcf7-email wpcf7-validates-as-required wpcf7-text wpcf7-validates-as-email\" aria-required=\"true\" aria-invalid=\"false\" placeholder=\"EMAIL *\" value=\"\" type=\"email\" name=\"your-email\" \/><\/span>\n\t\t\t<\/p>\n\t\t<\/div>\n\t<\/div>\n\t<div class=\"col-md-4\">\n\t\t<div class=\"bt-field-text email\">\n\t\t\t<p><span class=\"bt-label\"><\/span><span class=\"wpcf7-form-control-wrap\" data-name=\"your-company\"><input size=\"40\" maxlength=\"400\" class=\"wpcf7-form-control wpcf7-text wpcf7-validates-as-required\" aria-required=\"true\" aria-invalid=\"false\" placeholder=\"COMPANY *\" value=\"\" type=\"text\" name=\"your-company\" \/><\/span>\n\t\t\t<\/p>\n\t\t<\/div>\n\t<\/div>\n\t<div class=\"col-md-4\">\n\t\t<div class=\"bt-field-text email\">\n\t\t\t<p><span class=\"bt-label\"><\/span><span class=\"wpcf7-form-control-wrap\" data-name=\"your-phone\"><input class=\"wpcf7-form-control wpcf7-number wpcf7-validates-as-required wpcf7-validates-as-number\" aria-required=\"true\" aria-invalid=\"false\" placeholder=\"PHONE NUMBER *\" value=\"\" type=\"number\" name=\"your-phone\" \/><\/span>\n\t\t\t<\/p>\n\t\t<\/div>\n\t<\/div>\n\t<div class=\"col-md-4\">\n\t\t<div class=\"bt-field-text name\">\n\t\t\t<p><span class=\"bt-label\"><\/span><span class=\"wpcf7-form-control-wrap\" data-name=\"your-address1\"><input size=\"40\" maxlength=\"400\" class=\"wpcf7-form-control wpcf7-text wpcf7-validates-as-required\" aria-required=\"true\" aria-invalid=\"false\" placeholder=\"ADDRESS *\" value=\"\" type=\"text\" name=\"your-address1\" \/><\/span>\n\t\t\t<\/p>\n\t\t<\/div>\n\t<\/div>\n\t<div class=\"col-md-4\">\n\t\t<div class=\"bt-field-text email\">\n\t\t\t<p><span class=\"bt-label\"><\/span><span class=\"wpcf7-form-control-wrap\" data-name=\"your-address2\"><input size=\"40\" maxlength=\"400\" class=\"wpcf7-form-control wpcf7-text wpcf7-validates-as-required\" aria-required=\"true\" aria-invalid=\"false\" placeholder=\"LOCATION *\" value=\"\" type=\"text\" name=\"your-address2\" \/><\/span>\n\t\t\t<\/p>\n\t\t<\/div>\n\t<\/div>\n\t<div class=\"col-md-12\">\n\t\t<div class=\"bt-field-text subject\">\n\t\t\t<p><span class=\"bt-label\"><\/span><span class=\"wpcf7-form-control-wrap\" data-name=\"your-subject\"><input size=\"40\" maxlength=\"400\" class=\"wpcf7-form-control wpcf7-text wpcf7-validates-as-required\" aria-required=\"true\" aria-invalid=\"false\" placeholder=\"SUBJECT *\" value=\"\" type=\"text\" name=\"your-subject\" \/><\/span>\n\t\t\t<\/p>\n\t\t<\/div>\n\t<\/div>\n\t<div class=\"col-md-12\">\n\t\t<div class=\"bt-field-text content\">\n\t\t\t<p><span class=\"wpcf7-form-control-wrap\" data-name=\"your-message\"><textarea cols=\"40\" rows=\"10\" maxlength=\"2000\" class=\"wpcf7-form-control wpcf7-textarea wpcf7-validates-as-required\" aria-required=\"true\" aria-invalid=\"false\" placeholder=\"MESSAGE *\" name=\"your-message\"><\/textarea><\/span>\n\t\t\t<\/p>\n\t\t<\/div>\n\t<\/div>\n\t<div class=\"col-md-12\">\n\t\t<div class=\"bt-field-text content\" style=\"font-size:11px; margin-bottom: 9px;\">\n\t\t\t<p><span class=\"wpcf7-form-control-wrap\" data-name=\"acceptance-785\"><span class=\"wpcf7-form-control wpcf7-acceptance\"><span class=\"wpcf7-list-item\"><input type=\"checkbox\" name=\"acceptance-785\" value=\"1\" aria-invalid=\"false\" \/><\/span><\/span><\/span> I have read and accept <a href=\"http:\/\/jormax.com\/en\/privacy-policy\/\" target=\"_blank\">privacy and personal data protection policy<\/a><br \/>\n<span class=\"wpcf7-form-control-wrap\" data-name=\"acceptance-786\"><span class=\"wpcf7-form-control wpcf7-acceptance\"><span class=\"wpcf7-list-item\"><input type=\"checkbox\" name=\"acceptance-786\" value=\"1\" aria-invalid=\"false\" \/><\/span><\/span><\/span> I authorize the use of the collected data to be contacted under this matter. *\n\t\t\t<\/p>\n\t\t\t<p style=\"padding-left: 1px;\"><i class=\"fab fa-google\"><\/i> This site is protected by reCAPTCHA and the Google <a href=\"https:\/\/policies.google.com\/privacy\">Privacy Policy<\/a> and <a href=\"https:\/\/policies.google.com\/terms\">Terms of Service<\/a> apply.\n\t\t\t<\/p>\n\t\t<\/div>\n\t<\/div>\n\t<div class=\"col-md-12 text-left\">\n\t\t<p><input class=\"wpcf7-form-control wpcf7-submit has-spinner\" type=\"submit\" value=\"SEND MESSAGE\" \/>\n\t\t<\/p>\n\t<\/div>\n\t<div class=\"col-md-12 text-right\">\n\t\t<p style=\"font-size:11px;\">*Required Fields\n\t\t<\/p>\n\t<\/div>\n<\/div><div class=\"wpcf7-response-output\" aria-hidden=\"true\"><\/div>\n<\/form>\n<\/div>\n[\/vc_column][\/vc_row][vc_row][vc_column][vc_empty_space height=&#8221;75px&#8221;][\/vc_column][\/vc_row]<\/p>\n<\/div>","protected":false},"excerpt":{"rendered":"<p>[vc_row][vc_column width=&#8221;1\/2&#8243;][vc_custom_heading text=&#8221;WHATEVER THE PROBLEM WE ARE HERE TO SOLVE IT!&#8221; font_container=&#8221;tag:h6|font_size:15px|text_align:left|line_height:24px&#8221; google_fonts=&#8221;font_family:Exo%3A100%2C100italic%2C200%2C200italic%2C300%2C300italic%2Cregular%2Citalic%2C500%2C500italic%2C600%2C600italic%2C700%2C700italic%2C800%2C800italic%2C900%2C900italic|font_style:400%20italic%3A400%3Aitalic&#8221; custom_css=&#8221;letter-spacing: 0.08em;&#8221; css=&#8221;.vc_custom_1555326976953{margin-bottom: 5px !important;}&#8221; el_class=&#8221;tb-extratext-1 bt-color-main tb-icon&#8221;][vc_custom_heading text=&#8221;NEED HELP?&#8221; font_container=&#8221;tag:h3|font_size:26px|text_align:left|color:%23454545|line_height:36px&#8221; use_theme_fonts=&#8221;yes&#8221; el_class=&#8221;bt-poppins-font&#8221; css=&#8221;.vc_custom_1555322002129{margin-bottom: 15px !important;}&#8221;][vc_empty_space][vc_column_text]In the event that there is a problem or warranty claim with one of our items, we suggest that you first contact the entity from whom you [&hellip;]<\/p>\n","protected":false},"author":2,"featured_media":0,"parent":0,"menu_order":34,"comment_status":"closed","ping_status":"closed","template":"","meta":{"footnotes":""},"class_list":["post-8635","page","type-page","status-publish","hentry"],"yoast_head":"<!-- This site is optimized with the Yoast SEO plugin v24.5 - https:\/\/yoast.com\/wordpress\/plugins\/seo\/ -->\n<title>Technical Assistance - Jormax - F\u00e1brica de Escadas e Escadotes<\/title>\n<meta name=\"robots\" content=\"index, follow, max-snippet:-1, max-image-preview:large, max-video-preview:-1\" \/>\n<link rel=\"canonical\" href=\"https:\/\/jormax.com\/en\/technical-assistance\/\" \/>\n<meta property=\"og:locale\" content=\"en_US\" \/>\n<meta property=\"og:type\" content=\"article\" \/>\n<meta property=\"og:title\" content=\"Technical Assistance - Jormax - F\u00e1brica de Escadas e Escadotes\" \/>\n<meta property=\"og:description\" content=\"[vc_row][vc_column width=&#8221;1\/2&#8243;][vc_custom_heading text=&#8221;WHATEVER THE PROBLEM WE ARE HERE TO SOLVE IT!&#8221; font_container=&#8221;tag:h6|font_size:15px|text_align:left|line_height:24px&#8221; google_fonts=&#8221;font_family:Exo%3A100%2C100italic%2C200%2C200italic%2C300%2C300italic%2Cregular%2Citalic%2C500%2C500italic%2C600%2C600italic%2C700%2C700italic%2C800%2C800italic%2C900%2C900italic|font_style:400%20italic%3A400%3Aitalic&#8221; custom_css=&#8221;letter-spacing: 0.08em;&#8221; css=&#8221;.vc_custom_1555326976953{margin-bottom: 5px !important;}&#8221; el_class=&#8221;tb-extratext-1 bt-color-main tb-icon&#8221;][vc_custom_heading text=&#8221;NEED HELP?&#8221; font_container=&#8221;tag:h3|font_size:26px|text_align:left|color:%23454545|line_height:36px&#8221; use_theme_fonts=&#8221;yes&#8221; el_class=&#8221;bt-poppins-font&#8221; css=&#8221;.vc_custom_1555322002129{margin-bottom: 15px !important;}&#8221;][vc_empty_space][vc_column_text]In the event that there is a problem or warranty claim with one of our items, we suggest that you first contact the entity from whom you [&hellip;]\" \/>\n<meta property=\"og:url\" content=\"https:\/\/jormax.com\/en\/technical-assistance\/\" \/>\n<meta property=\"og:site_name\" content=\"Jormax - F\u00e1brica de Escadas e Escadotes\" \/>\n<meta property=\"article:publisher\" content=\"https:\/\/www.facebook.com\/jormaxportugal\/\" \/>\n<meta property=\"article:modified_time\" content=\"2019-12-06T18:23:32+00:00\" \/>\n<meta property=\"og:image\" content=\"https:\/\/jormax.com\/wp-content\/uploads\/2019\/12\/logotipo-jormax-cor-stickymenu.png\" \/>\n\t<meta property=\"og:image:width\" content=\"235\" \/>\n\t<meta property=\"og:image:height\" content=\"59\" \/>\n\t<meta property=\"og:image:type\" content=\"image\/png\" \/>\n<meta name=\"twitter:card\" content=\"summary_large_image\" \/>\n<meta name=\"twitter:label1\" content=\"Est. reading time\" \/>\n\t<meta name=\"twitter:data1\" content=\"2 minutes\" \/>\n<script type=\"application\/ld+json\" class=\"yoast-schema-graph\">{\"@context\":\"https:\/\/schema.org\",\"@graph\":[{\"@type\":\"WebPage\",\"@id\":\"https:\/\/jormax.com\/en\/technical-assistance\/\",\"url\":\"https:\/\/jormax.com\/en\/technical-assistance\/\",\"name\":\"Technical Assistance - Jormax - F\u00e1brica de Escadas e Escadotes\",\"isPartOf\":{\"@id\":\"https:\/\/jormax.com\/en\/#website\"},\"datePublished\":\"2019-11-18T09:52:22+00:00\",\"dateModified\":\"2019-12-06T18:23:32+00:00\",\"breadcrumb\":{\"@id\":\"https:\/\/jormax.com\/en\/technical-assistance\/#breadcrumb\"},\"inLanguage\":\"en-US\",\"potentialAction\":[{\"@type\":\"ReadAction\",\"target\":[\"https:\/\/jormax.com\/en\/technical-assistance\/\"]}]},{\"@type\":\"BreadcrumbList\",\"@id\":\"https:\/\/jormax.com\/en\/technical-assistance\/#breadcrumb\",\"itemListElement\":[{\"@type\":\"ListItem\",\"position\":1,\"name\":\"In\u00edcio\",\"item\":\"https:\/\/jormax.com\/en\/\"},{\"@type\":\"ListItem\",\"position\":2,\"name\":\"Technical Assistance\"}]},{\"@type\":\"WebSite\",\"@id\":\"https:\/\/jormax.com\/en\/#website\",\"url\":\"https:\/\/jormax.com\/en\/\",\"name\":\"Jormax - F\u00e1brica de Escadas e Escadotes\",\"description\":\"Fabricante de escadas, escadotes, andaimes, plataformas e solu\u00e7\u00f5es \u00e0 medida em alum\u00ednio e fibra de vidro certificados. F\u00e1brica com sede em Portugal.\",\"publisher\":{\"@id\":\"https:\/\/jormax.com\/en\/#organization\"},\"potentialAction\":[{\"@type\":\"SearchAction\",\"target\":{\"@type\":\"EntryPoint\",\"urlTemplate\":\"https:\/\/jormax.com\/en\/?s={search_term_string}\"},\"query-input\":{\"@type\":\"PropertyValueSpecification\",\"valueRequired\":true,\"valueName\":\"search_term_string\"}}],\"inLanguage\":\"en-US\"},{\"@type\":\"Organization\",\"@id\":\"https:\/\/jormax.com\/en\/#organization\",\"name\":\"Jormax - Factory of Ladders, Step Ladders and Scaffolding\",\"url\":\"https:\/\/jormax.com\/en\/\",\"logo\":{\"@type\":\"ImageObject\",\"inLanguage\":\"en-US\",\"@id\":\"https:\/\/jormax.com\/en\/#\/schema\/logo\/image\/\",\"url\":\"http:\/\/jormax.com\/wp-content\/uploads\/2019\/12\/logotipo-jormax-cor-stickymenu.png\",\"contentUrl\":\"http:\/\/jormax.com\/wp-content\/uploads\/2019\/12\/logotipo-jormax-cor-stickymenu.png\",\"width\":235,\"height\":59,\"caption\":\"Jormax - Factory of Ladders, Step Ladders and Scaffolding\"},\"image\":{\"@id\":\"https:\/\/jormax.com\/en\/#\/schema\/logo\/image\/\"},\"sameAs\":[\"https:\/\/www.facebook.com\/jormaxportugal\/\"]}]}<\/script>\n<!-- \/ Yoast SEO plugin. -->","yoast_head_json":{"title":"Technical Assistance - Jormax - F\u00e1brica de Escadas e Escadotes","robots":{"index":"index","follow":"follow","max-snippet":"max-snippet:-1","max-image-preview":"max-image-preview:large","max-video-preview":"max-video-preview:-1"},"canonical":"https:\/\/jormax.com\/en\/technical-assistance\/","og_locale":"en_US","og_type":"article","og_title":"Technical Assistance - Jormax - F\u00e1brica de Escadas e Escadotes","og_description":"[vc_row][vc_column width=&#8221;1\/2&#8243;][vc_custom_heading text=&#8221;WHATEVER THE PROBLEM WE ARE HERE TO SOLVE IT!&#8221; font_container=&#8221;tag:h6|font_size:15px|text_align:left|line_height:24px&#8221; google_fonts=&#8221;font_family:Exo%3A100%2C100italic%2C200%2C200italic%2C300%2C300italic%2Cregular%2Citalic%2C500%2C500italic%2C600%2C600italic%2C700%2C700italic%2C800%2C800italic%2C900%2C900italic|font_style:400%20italic%3A400%3Aitalic&#8221; custom_css=&#8221;letter-spacing: 0.08em;&#8221; css=&#8221;.vc_custom_1555326976953{margin-bottom: 5px !important;}&#8221; el_class=&#8221;tb-extratext-1 bt-color-main tb-icon&#8221;][vc_custom_heading text=&#8221;NEED HELP?&#8221; font_container=&#8221;tag:h3|font_size:26px|text_align:left|color:%23454545|line_height:36px&#8221; use_theme_fonts=&#8221;yes&#8221; el_class=&#8221;bt-poppins-font&#8221; css=&#8221;.vc_custom_1555322002129{margin-bottom: 15px !important;}&#8221;][vc_empty_space][vc_column_text]In the event that there is a problem or warranty claim with one of our items, we suggest that you first contact the entity from whom you [&hellip;]","og_url":"https:\/\/jormax.com\/en\/technical-assistance\/","og_site_name":"Jormax - F\u00e1brica de Escadas e Escadotes","article_publisher":"https:\/\/www.facebook.com\/jormaxportugal\/","article_modified_time":"2019-12-06T18:23:32+00:00","og_image":[{"width":235,"height":59,"url":"https:\/\/jormax.com\/wp-content\/uploads\/2019\/12\/logotipo-jormax-cor-stickymenu.png","type":"image\/png"}],"twitter_card":"summary_large_image","twitter_misc":{"Est. reading time":"2 minutes"},"schema":{"@context":"https:\/\/schema.org","@graph":[{"@type":"WebPage","@id":"https:\/\/jormax.com\/en\/technical-assistance\/","url":"https:\/\/jormax.com\/en\/technical-assistance\/","name":"Technical Assistance - Jormax - F\u00e1brica de Escadas e Escadotes","isPartOf":{"@id":"https:\/\/jormax.com\/en\/#website"},"datePublished":"2019-11-18T09:52:22+00:00","dateModified":"2019-12-06T18:23:32+00:00","breadcrumb":{"@id":"https:\/\/jormax.com\/en\/technical-assistance\/#breadcrumb"},"inLanguage":"en-US","potentialAction":[{"@type":"ReadAction","target":["https:\/\/jormax.com\/en\/technical-assistance\/"]}]},{"@type":"BreadcrumbList","@id":"https:\/\/jormax.com\/en\/technical-assistance\/#breadcrumb","itemListElement":[{"@type":"ListItem","position":1,"name":"In\u00edcio","item":"https:\/\/jormax.com\/en\/"},{"@type":"ListItem","position":2,"name":"Technical Assistance"}]},{"@type":"WebSite","@id":"https:\/\/jormax.com\/en\/#website","url":"https:\/\/jormax.com\/en\/","name":"Jormax - F\u00e1brica de Escadas e Escadotes","description":"Fabricante de escadas, escadotes, andaimes, plataformas e solu\u00e7\u00f5es \u00e0 medida em alum\u00ednio e fibra de vidro certificados. F\u00e1brica com sede em Portugal.","publisher":{"@id":"https:\/\/jormax.com\/en\/#organization"},"potentialAction":[{"@type":"SearchAction","target":{"@type":"EntryPoint","urlTemplate":"https:\/\/jormax.com\/en\/?s={search_term_string}"},"query-input":{"@type":"PropertyValueSpecification","valueRequired":true,"valueName":"search_term_string"}}],"inLanguage":"en-US"},{"@type":"Organization","@id":"https:\/\/jormax.com\/en\/#organization","name":"Jormax - Factory of Ladders, Step Ladders and Scaffolding","url":"https:\/\/jormax.com\/en\/","logo":{"@type":"ImageObject","inLanguage":"en-US","@id":"https:\/\/jormax.com\/en\/#\/schema\/logo\/image\/","url":"http:\/\/jormax.com\/wp-content\/uploads\/2019\/12\/logotipo-jormax-cor-stickymenu.png","contentUrl":"http:\/\/jormax.com\/wp-content\/uploads\/2019\/12\/logotipo-jormax-cor-stickymenu.png","width":235,"height":59,"caption":"Jormax - Factory of Ladders, Step Ladders and Scaffolding"},"image":{"@id":"https:\/\/jormax.com\/en\/#\/schema\/logo\/image\/"},"sameAs":["https:\/\/www.facebook.com\/jormaxportugal\/"]}]}},"_links":{"self":[{"href":"https:\/\/jormax.com\/en\/wp-json\/wp\/v2\/pages\/8635","targetHints":{"allow":["GET"]}}],"collection":[{"href":"https:\/\/jormax.com\/en\/wp-json\/wp\/v2\/pages"}],"about":[{"href":"https:\/\/jormax.com\/en\/wp-json\/wp\/v2\/types\/page"}],"author":[{"embeddable":true,"href":"https:\/\/jormax.com\/en\/wp-json\/wp\/v2\/users\/2"}],"replies":[{"embeddable":true,"href":"https:\/\/jormax.com\/en\/wp-json\/wp\/v2\/comments?post=8635"}],"version-history":[{"count":0,"href":"https:\/\/jormax.com\/en\/wp-json\/wp\/v2\/pages\/8635\/revisions"}],"wp:attachment":[{"href":"https:\/\/jormax.com\/en\/wp-json\/wp\/v2\/media?parent=8635"}],"curies":[{"name":"wp","href":"https:\/\/api.w.org\/{rel}","templated":true}]}}