{"id":16199,"date":"2021-09-15T15:05:57","date_gmt":"2021-09-15T14:05:57","guid":{"rendered":"http:\/\/jormax.com\/solucoes-aeronauticas\/"},"modified":"2022-04-20T16:19:18","modified_gmt":"2022-04-20T15:19:18","slug":"aeronautical-solutions","status":"publish","type":"page","link":"https:\/\/jormax.com\/en\/aeronautical-solutions\/","title":{"rendered":"Aeronautical Solutions"},"content":{"rendered":"<div class=\"wpb-content-wrapper\"><p>[vc_row][vc_column][vc_custom_heading text=&#8221;Tailor Made Solutions&#8221; font_container=&#8221;tag:h3|text_align:center&#8221; use_theme_fonts=&#8221;yes&#8221;][vc_column_text]<\/p>\n<p style=\"text-align: center;\">At JORMAX we are specialists in the development and production of access products according to your requirements and space. JORMAX carries out its main activity in the manufacture and supply of superior quality equipment in the most diverse sectors. We have professional, safe and quality solutions. All our products are certified and comply with European Safety Standards.<\/p>\n<p>[\/vc_column_text][vc_separator][\/vc_column][\/vc_row][vc_row equal_height=&#8221;yes&#8221; content_placement=&#8221;middle&#8221;][vc_column width=&#8221;1\/2&#8243;][vc_single_image image=&#8221;15272&#8243; img_size=&#8221;540&#215;300&#8243; alignment=&#8221;center&#8221; onclick=&#8221;zoom&#8221;][\/vc_column][vc_column width=&#8221;1\/2&#8243;][vc_custom_heading text=&#8221;Aeronautical&#8221; font_container=&#8221;tag:h6|font_size:15px|text_align:left|line_height:24px&#8221; google_fonts=&#8221;font_family:Exo%3A100%2C100italic%2C200%2C200italic%2C300%2C300italic%2Cregular%2Citalic%2C500%2C500italic%2C600%2C600italic%2C700%2C700italic%2C800%2C800italic%2C900%2C900italic|font_style:400%20italic%3A400%3Aitalic&#8221; custom_css=&#8221;letter-spacing: 0.08em;&#8221; css=&#8221;.vc_custom_1650463776909{margin-bottom: 5px !important;}&#8221; el_class=&#8221;tb-extratext-1 bt-color-main tb-icon&#8221;][vc_custom_heading text=&#8221;AERONAUTICAL SOLUTIONS&#8221; font_container=&#8221;tag:h3|font_size:26px|text_align:left|color:%23454545|line_height:36px&#8221; use_theme_fonts=&#8221;yes&#8221; el_class=&#8221;bt-poppins-font&#8221; css=&#8221;.vc_custom_1650463808432{margin-bottom: 15px !important;}&#8221;][vc_column_text]Our solutions are intended for access at height and for the safety of people in interventions \/ maintenance on aircraft, helicopters, satellite manufacturing.<\/p>\n<p>Jormax offers solutions adapted to the specifics of access and work in an aeronautical or airport environment for any type of aircraft.<\/p>\n<p>All our products are certified and comply with European Safety\u00a0<strong>EN 1915-1\/2 EN12312-8 Standards.<\/strong>[\/vc_column_text][\/vc_column][\/vc_row][vc_row][vc_column][vc_separator][\/vc_column][\/vc_row][vc_row equal_height=&#8221;yes&#8221; content_placement=&#8221;middle&#8221;][vc_column width=&#8221;1\/2&#8243;][vc_custom_heading text=&#8221;Aeronautical&#8221; font_container=&#8221;tag:h6|font_size:15px|text_align:left|line_height:24px&#8221; google_fonts=&#8221;font_family:Exo%3A100%2C100italic%2C200%2C200italic%2C300%2C300italic%2Cregular%2Citalic%2C500%2C500italic%2C600%2C600italic%2C700%2C700italic%2C800%2C800italic%2C900%2C900italic|font_style:400%20italic%3A400%3Aitalic&#8221; custom_css=&#8221;letter-spacing: 0.08em;&#8221; css=&#8221;.vc_custom_1650463784474{margin-bottom: 5px !important;}&#8221; el_class=&#8221;tb-extratext-1 bt-color-main tb-icon&#8221;][vc_custom_heading text=&#8221;PROJECT MADE FOR PORTUGUESE AIR FORCE&#8221; font_container=&#8221;tag:h3|font_size:26px|text_align:left|color:%23454545|line_height:36px&#8221; use_theme_fonts=&#8221;yes&#8221; el_class=&#8221;bt-poppins-font&#8221; css=&#8221;.vc_custom_1650463833838{margin-bottom: 15px !important;}&#8221;][vc_column_text]The Project made for the Portuguese Air Force, thought and designed for entry into the F16.<\/p>\n<p>With 1 meter wide and an inclination of 45\u00ba, it makes the ascent and descent comfortable and safe.<\/p>\n<p>Access platform built according to the <strong>EN 12312-14 standard.<\/strong>[\/vc_column_text][\/vc_column][vc_column width=&#8221;1\/2&#8243;][vc_single_image image=&#8221;15262&#8243; img_size=&#8221;540&#215;340&#8243; alignment=&#8221;center&#8221; onclick=&#8221;zoom&#8221;][\/vc_column][\/vc_row][vc_row][vc_column][vc_separator][\/vc_column][\/vc_row][vc_row equal_height=&#8221;yes&#8221; content_placement=&#8221;middle&#8221;][vc_column width=&#8221;1\/2&#8243;][vc_single_image image=&#8221;15448&#8243; img_size=&#8221;540&#215;300&#8243; alignment=&#8221;center&#8221; onclick=&#8221;zoom&#8221;][\/vc_column][vc_column width=&#8221;1\/2&#8243;][vc_custom_heading text=&#8221;Aeronautical&#8221; font_container=&#8221;tag:h6|font_size:15px|text_align:left|line_height:24px&#8221; google_fonts=&#8221;font_family:Exo%3A100%2C100italic%2C200%2C200italic%2C300%2C300italic%2Cregular%2Citalic%2C500%2C500italic%2C600%2C600italic%2C700%2C700italic%2C800%2C800italic%2C900%2C900italic|font_style:400%20italic%3A400%3Aitalic&#8221; custom_css=&#8221;letter-spacing: 0.08em;&#8221; css=&#8221;.vc_custom_1650463789483{margin-bottom: 5px !important;}&#8221; el_class=&#8221;tb-extratext-1 bt-color-main tb-icon&#8221;][vc_custom_heading text=&#8221;ACCESS PLATFORMS FOR AIRPLANE MAINTENANCE&#8221; font_container=&#8221;tag:h3|font_size:26px|text_align:left|color:%23454545|line_height:36px&#8221; use_theme_fonts=&#8221;yes&#8221; el_class=&#8221;bt-poppins-font&#8221; css=&#8221;.vc_custom_1650463882519{margin-bottom: 15px !important;}&#8221;][vc_column_text]Platforms designed and manufactured for aircraft nose maintenance.<\/p>\n<p>With a wide platform, it helps workers have safety and space to move around.<\/p>\n<p>Access platform built according to the <strong>EN 14122 Standard.<\/strong>[\/vc_column_text][\/vc_column][\/vc_row][vc_row][vc_column][vc_separator][\/vc_column][\/vc_row][vc_row equal_height=&#8221;yes&#8221; content_placement=&#8221;middle&#8221;][vc_column width=&#8221;1\/2&#8243;][vc_custom_heading text=&#8221;Aeronautical&#8221; font_container=&#8221;tag:h6|font_size:15px|text_align:left|line_height:24px&#8221; google_fonts=&#8221;font_family:Exo%3A100%2C100italic%2C200%2C200italic%2C300%2C300italic%2Cregular%2Citalic%2C500%2C500italic%2C600%2C600italic%2C700%2C700italic%2C800%2C800italic%2C900%2C900italic|font_style:400%20italic%3A400%3Aitalic&#8221; custom_css=&#8221;letter-spacing: 0.08em;&#8221; css=&#8221;.vc_custom_1650463793758{margin-bottom: 5px !important;}&#8221; el_class=&#8221;tb-extratext-1 bt-color-main tb-icon&#8221;][vc_custom_heading text=&#8221;ACCESS PLATFORMS TO THE AIRPLANE WING&#8221; font_container=&#8221;tag:h3|font_size:26px|text_align:left|color:%23454545|line_height:36px&#8221; use_theme_fonts=&#8221;yes&#8221; el_class=&#8221;bt-poppins-font&#8221; css=&#8221;.vc_custom_1650463909934{margin-bottom: 15px !important;}&#8221;][vc_column_text]Access platforms designed and manufactured for aircraft wing maintenance.<\/p>\n<p>We were challenged to manufacture access platforms in aluminum, with the aim of achieving different heights and areas on the wings of the planes. Platforms designed for the user to have a comfortable ascent and descent.<\/p>\n<p>Access platforms built in accordance with <strong>EN 14122, EN 12312-14 standards.<\/strong>[\/vc_column_text][\/vc_column][vc_column width=&#8221;1\/2&#8243;][vc_single_image image=&#8221;15445&#8243; img_size=&#8221;560X320&#8243; alignment=&#8221;center&#8221; onclick=&#8221;zoom&#8221;][\/vc_column][\/vc_row][vc_row][vc_column][vc_empty_space][\/vc_column][\/vc_row]<\/p>\n<\/div>","protected":false},"excerpt":{"rendered":"<p>[vc_row][vc_column][vc_custom_heading text=&#8221;Tailor Made Solutions&#8221; font_container=&#8221;tag:h3|text_align:center&#8221; use_theme_fonts=&#8221;yes&#8221;][vc_column_text] At JORMAX we are specialists in the development and production of access products according to your requirements and space. JORMAX carries out its main activity in the manufacture and supply of superior quality equipment in the most diverse sectors. We have professional, safe and quality solutions. All our products [&hellip;]<\/p>\n","protected":false},"author":12,"featured_media":0,"parent":0,"menu_order":5,"comment_status":"closed","ping_status":"closed","template":"","meta":{"footnotes":""},"class_list":["post-16199","page","type-page","status-publish","hentry"],"yoast_head":"<!-- This site is optimized with the Yoast SEO plugin v24.5 - https:\/\/yoast.com\/wordpress\/plugins\/seo\/ -->\n<title>Aeronautical Solutions - Jormax - F\u00e1brica de Escadas e Escadotes<\/title>\n<meta name=\"description\" content=\"Na JORMAX somos especialista no desenvolvimento e produ\u00e7\u00e3o de produtos de acesso \u00e0 sua necessidade. Sectores Aeron\u00e1utico, Ferrovi\u00e1rio, Rodovi\u00e1rio Industrial\" \/>\n<meta name=\"robots\" content=\"index, follow, max-snippet:-1, max-image-preview:large, max-video-preview:-1\" \/>\n<link rel=\"canonical\" href=\"https:\/\/jormax.com\/en\/aeronautical-solutions\/\" \/>\n<meta property=\"og:locale\" content=\"en_US\" \/>\n<meta property=\"og:type\" content=\"article\" \/>\n<meta property=\"og:title\" content=\"Aeronautical Solutions - Jormax - F\u00e1brica de Escadas e Escadotes\" \/>\n<meta property=\"og:description\" content=\"Na JORMAX somos especialista no desenvolvimento e produ\u00e7\u00e3o de produtos de acesso \u00e0 sua necessidade. Sectores Aeron\u00e1utico, Ferrovi\u00e1rio, Rodovi\u00e1rio Industrial\" \/>\n<meta property=\"og:url\" content=\"https:\/\/jormax.com\/en\/aeronautical-solutions\/\" \/>\n<meta property=\"og:site_name\" content=\"Jormax - F\u00e1brica de Escadas e Escadotes\" \/>\n<meta property=\"article:publisher\" content=\"https:\/\/www.facebook.com\/jormaxportugal\/\" \/>\n<meta property=\"article:modified_time\" content=\"2022-04-20T15:19:18+00:00\" \/>\n<meta property=\"og:image\" content=\"https:\/\/jormax.com\/wp-content\/uploads\/2019\/12\/logotipo-jormax-cor-stickymenu.png\" \/>\n\t<meta property=\"og:image:width\" content=\"235\" \/>\n\t<meta property=\"og:image:height\" content=\"59\" \/>\n\t<meta property=\"og:image:type\" content=\"image\/png\" \/>\n<meta name=\"twitter:card\" content=\"summary_large_image\" \/>\n<meta name=\"twitter:label1\" content=\"Est. reading time\" \/>\n\t<meta name=\"twitter:data1\" content=\"4 minutes\" \/>\n<script type=\"application\/ld+json\" class=\"yoast-schema-graph\">{\"@context\":\"https:\/\/schema.org\",\"@graph\":[{\"@type\":\"WebPage\",\"@id\":\"https:\/\/jormax.com\/en\/aeronautical-solutions\/\",\"url\":\"https:\/\/jormax.com\/en\/aeronautical-solutions\/\",\"name\":\"Aeronautical Solutions - Jormax - F\u00e1brica de Escadas e Escadotes\",\"isPartOf\":{\"@id\":\"https:\/\/jormax.com\/en\/#website\"},\"datePublished\":\"2021-09-15T14:05:57+00:00\",\"dateModified\":\"2022-04-20T15:19:18+00:00\",\"description\":\"Na JORMAX somos especialista no desenvolvimento e produ\u00e7\u00e3o de produtos de acesso \u00e0 sua necessidade. Sectores Aeron\u00e1utico, Ferrovi\u00e1rio, Rodovi\u00e1rio Industrial\",\"breadcrumb\":{\"@id\":\"https:\/\/jormax.com\/en\/aeronautical-solutions\/#breadcrumb\"},\"inLanguage\":\"en-US\",\"potentialAction\":[{\"@type\":\"ReadAction\",\"target\":[\"https:\/\/jormax.com\/en\/aeronautical-solutions\/\"]}]},{\"@type\":\"BreadcrumbList\",\"@id\":\"https:\/\/jormax.com\/en\/aeronautical-solutions\/#breadcrumb\",\"itemListElement\":[{\"@type\":\"ListItem\",\"position\":1,\"name\":\"In\u00edcio\",\"item\":\"https:\/\/jormax.com\/en\/\"},{\"@type\":\"ListItem\",\"position\":2,\"name\":\"Aeronautical Solutions\"}]},{\"@type\":\"WebSite\",\"@id\":\"https:\/\/jormax.com\/en\/#website\",\"url\":\"https:\/\/jormax.com\/en\/\",\"name\":\"Jormax - F\u00e1brica de Escadas e Escadotes\",\"description\":\"Fabricante de escadas, escadotes, andaimes, plataformas e solu\u00e7\u00f5es \u00e0 medida em alum\u00ednio e fibra de vidro certificados. F\u00e1brica com sede em Portugal.\",\"publisher\":{\"@id\":\"https:\/\/jormax.com\/en\/#organization\"},\"potentialAction\":[{\"@type\":\"SearchAction\",\"target\":{\"@type\":\"EntryPoint\",\"urlTemplate\":\"https:\/\/jormax.com\/en\/?s={search_term_string}\"},\"query-input\":{\"@type\":\"PropertyValueSpecification\",\"valueRequired\":true,\"valueName\":\"search_term_string\"}}],\"inLanguage\":\"en-US\"},{\"@type\":\"Organization\",\"@id\":\"https:\/\/jormax.com\/en\/#organization\",\"name\":\"Jormax - Factory of Ladders, Step Ladders and Scaffolding\",\"url\":\"https:\/\/jormax.com\/en\/\",\"logo\":{\"@type\":\"ImageObject\",\"inLanguage\":\"en-US\",\"@id\":\"https:\/\/jormax.com\/en\/#\/schema\/logo\/image\/\",\"url\":\"http:\/\/jormax.com\/wp-content\/uploads\/2019\/12\/logotipo-jormax-cor-stickymenu.png\",\"contentUrl\":\"http:\/\/jormax.com\/wp-content\/uploads\/2019\/12\/logotipo-jormax-cor-stickymenu.png\",\"width\":235,\"height\":59,\"caption\":\"Jormax - Factory of Ladders, Step Ladders and Scaffolding\"},\"image\":{\"@id\":\"https:\/\/jormax.com\/en\/#\/schema\/logo\/image\/\"},\"sameAs\":[\"https:\/\/www.facebook.com\/jormaxportugal\/\"]}]}<\/script>\n<!-- \/ Yoast SEO plugin. -->","yoast_head_json":{"title":"Aeronautical Solutions - Jormax - F\u00e1brica de Escadas e Escadotes","description":"Na JORMAX somos especialista no desenvolvimento e produ\u00e7\u00e3o de produtos de acesso \u00e0 sua necessidade. Sectores Aeron\u00e1utico, Ferrovi\u00e1rio, Rodovi\u00e1rio Industrial","robots":{"index":"index","follow":"follow","max-snippet":"max-snippet:-1","max-image-preview":"max-image-preview:large","max-video-preview":"max-video-preview:-1"},"canonical":"https:\/\/jormax.com\/en\/aeronautical-solutions\/","og_locale":"en_US","og_type":"article","og_title":"Aeronautical Solutions - Jormax - F\u00e1brica de Escadas e Escadotes","og_description":"Na JORMAX somos especialista no desenvolvimento e produ\u00e7\u00e3o de produtos de acesso \u00e0 sua necessidade. Sectores Aeron\u00e1utico, Ferrovi\u00e1rio, Rodovi\u00e1rio Industrial","og_url":"https:\/\/jormax.com\/en\/aeronautical-solutions\/","og_site_name":"Jormax - F\u00e1brica de Escadas e Escadotes","article_publisher":"https:\/\/www.facebook.com\/jormaxportugal\/","article_modified_time":"2022-04-20T15:19:18+00:00","og_image":[{"width":235,"height":59,"url":"https:\/\/jormax.com\/wp-content\/uploads\/2019\/12\/logotipo-jormax-cor-stickymenu.png","type":"image\/png"}],"twitter_card":"summary_large_image","twitter_misc":{"Est. reading time":"4 minutes"},"schema":{"@context":"https:\/\/schema.org","@graph":[{"@type":"WebPage","@id":"https:\/\/jormax.com\/en\/aeronautical-solutions\/","url":"https:\/\/jormax.com\/en\/aeronautical-solutions\/","name":"Aeronautical Solutions - Jormax - F\u00e1brica de Escadas e Escadotes","isPartOf":{"@id":"https:\/\/jormax.com\/en\/#website"},"datePublished":"2021-09-15T14:05:57+00:00","dateModified":"2022-04-20T15:19:18+00:00","description":"Na JORMAX somos especialista no desenvolvimento e produ\u00e7\u00e3o de produtos de acesso \u00e0 sua necessidade. Sectores Aeron\u00e1utico, Ferrovi\u00e1rio, Rodovi\u00e1rio Industrial","breadcrumb":{"@id":"https:\/\/jormax.com\/en\/aeronautical-solutions\/#breadcrumb"},"inLanguage":"en-US","potentialAction":[{"@type":"ReadAction","target":["https:\/\/jormax.com\/en\/aeronautical-solutions\/"]}]},{"@type":"BreadcrumbList","@id":"https:\/\/jormax.com\/en\/aeronautical-solutions\/#breadcrumb","itemListElement":[{"@type":"ListItem","position":1,"name":"In\u00edcio","item":"https:\/\/jormax.com\/en\/"},{"@type":"ListItem","position":2,"name":"Aeronautical Solutions"}]},{"@type":"WebSite","@id":"https:\/\/jormax.com\/en\/#website","url":"https:\/\/jormax.com\/en\/","name":"Jormax - F\u00e1brica de Escadas e Escadotes","description":"Fabricante de escadas, escadotes, andaimes, plataformas e solu\u00e7\u00f5es \u00e0 medida em alum\u00ednio e fibra de vidro certificados. F\u00e1brica com sede em Portugal.","publisher":{"@id":"https:\/\/jormax.com\/en\/#organization"},"potentialAction":[{"@type":"SearchAction","target":{"@type":"EntryPoint","urlTemplate":"https:\/\/jormax.com\/en\/?s={search_term_string}"},"query-input":{"@type":"PropertyValueSpecification","valueRequired":true,"valueName":"search_term_string"}}],"inLanguage":"en-US"},{"@type":"Organization","@id":"https:\/\/jormax.com\/en\/#organization","name":"Jormax - Factory of Ladders, Step Ladders and Scaffolding","url":"https:\/\/jormax.com\/en\/","logo":{"@type":"ImageObject","inLanguage":"en-US","@id":"https:\/\/jormax.com\/en\/#\/schema\/logo\/image\/","url":"http:\/\/jormax.com\/wp-content\/uploads\/2019\/12\/logotipo-jormax-cor-stickymenu.png","contentUrl":"http:\/\/jormax.com\/wp-content\/uploads\/2019\/12\/logotipo-jormax-cor-stickymenu.png","width":235,"height":59,"caption":"Jormax - Factory of Ladders, Step Ladders and Scaffolding"},"image":{"@id":"https:\/\/jormax.com\/en\/#\/schema\/logo\/image\/"},"sameAs":["https:\/\/www.facebook.com\/jormaxportugal\/"]}]}},"_links":{"self":[{"href":"https:\/\/jormax.com\/en\/wp-json\/wp\/v2\/pages\/16199","targetHints":{"allow":["GET"]}}],"collection":[{"href":"https:\/\/jormax.com\/en\/wp-json\/wp\/v2\/pages"}],"about":[{"href":"https:\/\/jormax.com\/en\/wp-json\/wp\/v2\/types\/page"}],"author":[{"embeddable":true,"href":"https:\/\/jormax.com\/en\/wp-json\/wp\/v2\/users\/12"}],"replies":[{"embeddable":true,"href":"https:\/\/jormax.com\/en\/wp-json\/wp\/v2\/comments?post=16199"}],"version-history":[{"count":5,"href":"https:\/\/jormax.com\/en\/wp-json\/wp\/v2\/pages\/16199\/revisions"}],"predecessor-version":[{"id":16227,"href":"https:\/\/jormax.com\/en\/wp-json\/wp\/v2\/pages\/16199\/revisions\/16227"}],"wp:attachment":[{"href":"https:\/\/jormax.com\/en\/wp-json\/wp\/v2\/media?parent=16199"}],"curies":[{"name":"wp","href":"https:\/\/api.w.org\/{rel}","templated":true}]}}